{"id":155137,"date":"2026-01-28T10:58:24","date_gmt":"2026-01-28T09:58:24","guid":{"rendered":"https:\/\/comprardevoluciones.com\/?post_type=product&#038;p=155137"},"modified":"2026-01-28T10:35:56","modified_gmt":"2026-01-28T09:35:56","slug":"spw83p8887b","status":"publish","type":"product","link":"https:\/\/comprardevoluciones.com\/it\/producto\/spw83p8887b\/","title":{"rendered":"Caja de Jard\u00edn [27 productos] (spW83P8887b)"},"content":{"rendered":"<p>Descripci\u00f3n y valor aproximados<\/p>\n<table>\n<tbody>\n<tr>\n<td><strong>FUENTE<\/strong><\/td>\n<td><strong>PRODUCTO<\/strong><\/td>\n<td><strong>VALOR (\u20ac)<\/strong><\/td>\n<td><strong>PAGAS (\u20ac)<\/strong><\/td>\n<\/tr>\n<tr>\n<td>MARKETPLACES<\/td>\n<td><a class=\"ljoptimizer\" href=\"https:\/\/www.amazon.es\/dp\/B07J1VZBD8?tag=amazon087683-21&amp;th=1\" target=\"_blank\" rel=\"nofollow noopener\">Team Obsidian Funda para Bicicleta Exterior Impermeable &#8211; 210D Oxford &#8211; Protecci\u00f3n UV Anti Polvo y Lluvia con Orificios para Candado &#8211; Guarda Bicicletas Exterior &#8211; Cubre de 1 a 3 Bicis<\/a><\/td>\n<td>42 \u20ac<\/td>\n<td>8 \u20ac<\/td>\n<\/tr>\n<tr>\n<td>MARKETPLACES<\/td>\n<td><a class=\"ljoptimizer\" href=\"https:\/\/www.amazon.es\/dp\/B01HM44L6A?tag=amazon087683-21&amp;th=1\" target=\"_blank\" rel=\"nofollow noopener\">Imex El Zorro \u2013 Juego 4 Patas Canguro | 36,5x4x2 cm | Metal Resistente con Acabado Neutro | Rosca Est\u00e1ndar para Somieres | Ideal para Elevar Camas y Facilitar la Limpieza<\/a><\/td>\n<td>35 \u20ac<\/td>\n<td>6 \u20ac<\/td>\n<\/tr>\n<tr>\n<td>MARKETPLACES<\/td>\n<td><a class=\"ljoptimizer\" href=\"https:\/\/www.amazon.es\/dp\/B094NQLXN5?tag=amazon087683-21&amp;th=1\" target=\"_blank\" rel=\"nofollow noopener\">Placa met\u00e1lica para mecanismo de ajuste de altura de silla de oficina, funci\u00f3n basculante, palanca de repuesto con mecanismo de bloqueo para silla de oficina, A1<\/a><\/td>\n<td>35 \u20ac<\/td>\n<td>6 \u20ac<\/td>\n<\/tr>\n<tr>\n<td>MARKETPLACES<\/td>\n<td><a class=\"ljoptimizer\" href=\"https:\/\/www.amazon.es\/dp\/B0CBS2TM61?tag=amazon087683-21&amp;th=1\" target=\"_blank\" rel=\"nofollow noopener\">VOTUKU Trampa para Ratones Vivos, Capturador Humanitario para Ratas XXL, Plataforma de Cebo Altamente Sensible, Reutilizable y Segura, Eficaz en Cocina, Jard\u00edn y Almac\u00e9n (Paquete de 2)<\/a><\/td>\n<td>34 \u20ac<\/td>\n<td>6 \u20ac<\/td>\n<\/tr>\n<tr>\n<td>MARKETPLACES<\/td>\n<td><a class=\"ljoptimizer\" href=\"https:\/\/www.amazon.es\/dp\/B0FM3MXWD5?tag=amazon087683-21&amp;th=1\" target=\"_blank\" rel=\"nofollow noopener\">Gemsaya Cubierta redonda para ba\u00f1era de hidromasaje de 185 x 72 cm, protector de cubierta de ba\u00f1era de hidromasaje para 2 personas, 420D Oxford, cobertura completa, protector t\u00e9rmico de spa<\/a><\/td>\n<td>34 \u20ac<\/td>\n<td>6 \u20ac<\/td>\n<\/tr>\n<tr>\n<td>MARKETPLACES<\/td>\n<td><a class=\"ljoptimizer\" href=\"https:\/\/www.amazon.es\/dp\/B07Z926PSR?tag=amazon087683-21&amp;th=1\" target=\"_blank\" rel=\"nofollow noopener\">SUNNY GUARD Toldo Vela de Sombra Impermeable 3x4m Rectangular a Prueba de Viento protecci\u00f3n UV para Patio,Jard\u00edn, Exteriores, Terraza, Color Arena<\/a><\/td>\n<td>30 \u20ac<\/td>\n<td>5 \u20ac<\/td>\n<\/tr>\n<tr>\n<td>MARKETPLACES<\/td>\n<td><a class=\"ljoptimizer\" href=\"https:\/\/www.amazon.es\/dp\/B0DPSNHPWW?tag=amazon087683-21&amp;th=1\" target=\"_blank\" rel=\"nofollow noopener\">HVLP Pistola Pintura Compresor,Pulverizador de Pintura,Pistola para Pintar,Pistola para Pintar Paredes y Techos,Pistola Pintura Pared con 3 Boquillas 1,4\/1,7\/2,0mm y Taza de 600cc para Autom\u00f3viles<\/a><\/td>\n<td>26 \u20ac<\/td>\n<td>5 \u20ac<\/td>\n<\/tr>\n<tr>\n<td>MARKETPLACES<\/td>\n<td><a class=\"ljoptimizer\" href=\"https:\/\/www.amazon.es\/dp\/B0CYSQJDQJ?tag=amazon087683-21&amp;th=1\" target=\"_blank\" rel=\"nofollow noopener\">Mointal Soporte Ajustable para Microondas, Estante Expandible para Microondas de Cocina 2 Niveles, Soporte Acero al Carbono para Microondas, Organizador para Mostrador de Cocina con 8 Ganchos, Negro<\/a><\/td>\n<td>25 \u20ac<\/td>\n<td>5 \u20ac<\/td>\n<\/tr>\n<tr>\n<td>MARKETPLACES<\/td>\n<td><a class=\"ljoptimizer\" href=\"https:\/\/www.amazon.es\/dp\/B0D25JHJWL?tag=amazon087683-21&amp;th=1\" target=\"_blank\" rel=\"nofollow noopener\">SUPAWAY 4 Patas de mesa plegadizas Patas de mesa plegables de hierro de 90 \u00b0 Patas de mesa baja abatibles Piernas de mesa stealth plegable para cama, TV armario, mesa de ordenador port\u00e1til, sof\u00e1, 30cm<\/a><\/td>\n<td>24 \u20ac<\/td>\n<td>4 \u20ac<\/td>\n<\/tr>\n<tr>\n<td>MARKETPLACES<\/td>\n<td><a class=\"ljoptimizer\" href=\"https:\/\/www.amazon.es\/dp\/B06XXL7YBF?tag=amazon087683-21&amp;th=1\" target=\"_blank\" rel=\"nofollow noopener\">Saveur et D\u00e9gustation KV7177 Glaskrug zum Einschenken, transparent, 18 x 18 x 31 cm<\/a><\/td>\n<td>24 \u20ac<\/td>\n<td>4 \u20ac<\/td>\n<\/tr>\n<tr>\n<td>MARKETPLACES<\/td>\n<td><a class=\"ljoptimizer\" href=\"https:\/\/www.amazon.es\/dp\/B01HM44BR4?tag=amazon087683-21&amp;th=1\" target=\"_blank\" rel=\"nofollow noopener\">Imex El Zorro &#8211; Juego 4 Patas para Somier Sin Ruedas | 370x30x30 mm | Resistente y Estable para Somieres<\/a><\/td>\n<td>21 \u20ac<\/td>\n<td>4 \u20ac<\/td>\n<\/tr>\n<tr>\n<td>MARKETPLACES<\/td>\n<td><a class=\"ljoptimizer\" href=\"https:\/\/www.amazon.es\/dp\/B0DV5QJ7HS?tag=amazon087683-21&amp;th=1\" target=\"_blank\" rel=\"nofollow noopener\">The Good Idea Soporte de exhibici\u00f3n para 4 veh\u00edculos Lego Speed Champions &#8211; Organizador elegante &#8211; Sin configuraci\u00f3n de herramientas &#8211; Para coches de ladrillo<\/a><\/td>\n<td>21 \u20ac<\/td>\n<td>4 \u20ac<\/td>\n<\/tr>\n<tr>\n<td>MARKETPLACES<\/td>\n<td><a class=\"ljoptimizer\" href=\"https:\/\/www.amazon.es\/dp\/B01M9ALRTY?tag=amazon087683-21&amp;th=1\" target=\"_blank\" rel=\"nofollow noopener\">HOME DECO FACTORY &#8211; KV7169 Fontaine en Verre avec Robinet &#8211; Contece 4 L &#8211; Couvercle Inclus &#8211; pour Maison et \u00c9v\u00e9nements &#8211; Id\u00e9ale D\u00e9jeuners sur l&#8217;herbe<\/a><\/td>\n<td>20 \u20ac<\/td>\n<td>4 \u20ac<\/td>\n<\/tr>\n<tr>\n<td>MARKETPLACES<\/td>\n<td><a class=\"ljoptimizer\" href=\"https:\/\/www.amazon.es\/dp\/B0C6DLJWPL?tag=amazon087683-21&amp;th=1\" target=\"_blank\" rel=\"nofollow noopener\">Astigarraga Kit Line Juego de 2 Patas Dinamic, Madera Maciza Pino &#8211; 13cm Altura<\/a><\/td>\n<td>20 \u20ac<\/td>\n<td>4 \u20ac<\/td>\n<\/tr>\n<tr>\n<td>MARKETPLACES<\/td>\n<td><a class=\"ljoptimizer\" href=\"https:\/\/www.amazon.es\/dp\/B0DNYJW7RV?tag=amazon087683-21&amp;th=1\" target=\"_blank\" rel=\"nofollow noopener\">Romon Diffuseur d&#8217;Huile Essentielle, 150ML Diffuseur Ar\u00f4mes, Ultrasonique Diffuseur Huiles Essentielles Electrique avec 7 Couleurs LED Humidificateur d&#8217;air pour Appartement Bureau Maison Yoga<\/a><\/td>\n<td>19 \u20ac<\/td>\n<td>3 \u20ac<\/td>\n<\/tr>\n<tr>\n<td>MARKETPLACES<\/td>\n<td><a class=\"ljoptimizer\" href=\"https:\/\/www.amazon.es\/dp\/B084GRF3W2?tag=amazon087683-21&amp;th=1\" target=\"_blank\" rel=\"nofollow noopener\">TEMPO DI SALDI Alimentatore 20 Ampere 12 Volt Per Striscia Led Stabilizzato 220V 120W<\/a><\/td>\n<td>18 \u20ac<\/td>\n<td>3 \u20ac<\/td>\n<\/tr>\n<tr>\n<td>MARKETPLACES<\/td>\n<td><a class=\"ljoptimizer\" href=\"https:\/\/www.amazon.es\/dp\/B07Z5CCHZ9?tag=amazon087683-21&amp;th=1\" target=\"_blank\" rel=\"nofollow noopener\">BOSTIK PASTA LAVA MANOS Beige Amarillento, Jab\u00f3n Mec\u00e1nico, Uso Profesional, con Microgr\u00e1nulos, Alto Poder de Limpieza, no Da\u00f1a la Piel, no Atasca, Elimina la Suciedad, Agradable Olor Lim\u00f3n, Bote 4 l<\/a><\/td>\n<td>18 \u20ac<\/td>\n<td>3 \u20ac<\/td>\n<\/tr>\n<tr>\n<td>MARKETPLACES<\/td>\n<td><a class=\"ljoptimizer\" href=\"https:\/\/www.amazon.es\/dp\/B00UCLUL60?tag=amazon087683-21&amp;th=1\" target=\"_blank\" rel=\"nofollow noopener\">Imex El Zorro &#8211; Juego 4 Patas para Somier Sin Ruedas | 275x30x30 mm | Soporte Estable y Resistente para Somieres<\/a><\/td>\n<td>17 \u20ac<\/td>\n<td>3 \u20ac<\/td>\n<\/tr>\n<tr>\n<td>MARKETPLACES<\/td>\n<td><a class=\"ljoptimizer\" href=\"https:\/\/www.amazon.es\/dp\/B0D73CS4ND?tag=amazon087683-21&amp;th=1\" target=\"_blank\" rel=\"nofollow noopener\">edihome, Schuhregal, 8 Ebenen, (46 x 27 x 141 cm), Schuhschrank Schmal, Schmale und hohe Schuhregale aus Kunststoff, Vertikal, Regal, Show Rack (8 Ebenen)<\/a><\/td>\n<td>16 \u20ac<\/td>\n<td>3 \u20ac<\/td>\n<\/tr>\n<tr>\n<td>MARKETPLACES<\/td>\n<td><a class=\"ljoptimizer\" href=\"https:\/\/www.amazon.es\/dp\/B0C6Y3KZY5?tag=amazon087683-21&amp;th=1\" target=\"_blank\" rel=\"nofollow noopener\">Navaris Gancho de Pastor &#8211; Colgador de pie con 2X Varillas para comedero de p\u00e1jaros Plantas &#8211; Altura Ajustable con Soporte de Interior y Exterior &#8211; Base Medio c\u00edrculo y estacas<\/a><\/td>\n<td>14 \u20ac<\/td>\n<td>2 \u20ac<\/td>\n<\/tr>\n<tr>\n<td>MARKETPLACES<\/td>\n<td><a class=\"ljoptimizer\" href=\"https:\/\/www.amazon.es\/dp\/B0874KSX4S?tag=amazon087683-21&amp;th=1\" target=\"_blank\" rel=\"nofollow noopener\">CELLFAST Reinigungsspritze Reinigungslanze Set Gartensprinkler Rasensprenger F\u00fcr Rasen Blumen Pflanzen Schnellanschluss Verbindung Quattro<\/a><\/td>\n<td>14 \u20ac<\/td>\n<td>2 \u20ac<\/td>\n<\/tr>\n<tr>\n<td>MARKETPLACES<\/td>\n<td><a class=\"ljoptimizer\" href=\"https:\/\/www.amazon.es\/dp\/B07W8GFTFQ?tag=amazon087683-21&amp;th=1\" target=\"_blank\" rel=\"nofollow noopener\">SONGMICS Carro de Almacenamiento de 4 Niveles, Carrito con Ruedas, Carro de Cocina, Ahorro de Espacio, para Ba\u00f1o, Oficina, 14,4 x 42 x 86 cm, Blanco Nube KSC08WT<\/a><\/td>\n<td>13 \u20ac<\/td>\n<td>2 \u20ac<\/td>\n<\/tr>\n<tr>\n<td>MARKETPLACES<\/td>\n<td><a class=\"ljoptimizer\" href=\"https:\/\/www.amazon.es\/dp\/B09VYZCP77?tag=amazon087683-21&amp;th=1\" target=\"_blank\" rel=\"nofollow noopener\">BELLE VOUS Espumillon Navidad Dorado &#8211; 45 m de Largo y 15 mm de Grosor &#8211; Guirnaldas Decorativas de Pl\u00e1stico &#8211; Adornos Navide\u00f1os para Casa, \u00c1rbol, Decorar Fiestas de A\u00f1o Nuevo<\/a><\/td>\n<td>12 \u20ac<\/td>\n<td>2 \u20ac<\/td>\n<\/tr>\n<tr>\n<td>MARKETPLACES<\/td>\n<td><a class=\"ljoptimizer\" href=\"https:\/\/www.amazon.es\/dp\/B09H2QYF9L?tag=amazon087683-21&amp;th=1\" target=\"_blank\" rel=\"nofollow noopener\">Bellota Pulverizador de presi\u00f3n previa de 1 litro de Capacidad de jard\u00edn 3700-010<\/a><\/td>\n<td>11 \u20ac<\/td>\n<td>2 \u20ac<\/td>\n<\/tr>\n<tr>\n<td>MARKETPLACES<\/td>\n<td><a class=\"ljoptimizer\" href=\"https:\/\/www.amazon.es\/dp\/B0842PQRVK?tag=amazon087683-21&amp;th=1\" target=\"_blank\" rel=\"nofollow noopener\">Protect Home &#8211; Portacebos para veneno de ratas y topillos con llave de seguridad, f\u00e1cil e higi\u00e9nico. Control de roedores.<\/a><\/td>\n<td>11 \u20ac<\/td>\n<td>2 \u20ac<\/td>\n<\/tr>\n<tr>\n<td>MARKETPLACES<\/td>\n<td><a class=\"ljoptimizer\" href=\"https:\/\/www.amazon.es\/dp\/B07PSK8FRB?tag=amazon087683-21&amp;th=1\" target=\"_blank\" rel=\"nofollow noopener\">HAKACC 500 unidades de diamantes decorativos de cristal, 10 mm, piedras de cristal transparente para boda, tabla central<\/a><\/td>\n<td>5 \u20ac<\/td>\n<td>1 \u20ac<\/td>\n<\/tr>\n<tr>\n<td>MARKETPLACES<\/td>\n<td><a class=\"ljoptimizer\" href=\"https:\/\/www.amazon.es\/dp\/B0C4PSXQJ8?tag=amazon087683-21&amp;th=1\" target=\"_blank\" rel=\"nofollow noopener\">AhfuLife Bandera de Espa\u00f1a 90cm x 150cm, 1 Pieza Bandera Espa\u00f1ola con Agujeros de Lat\u00f3n en Ambos Lados, Decoraci\u00f3n de 2025 D\u00eda Nacional Euro Jardin Escuela Barra Fiesta<\/a><\/td>\n<td>4 \u20ac<\/td>\n<td>1 \u20ac<\/td>\n<\/tr>\n<\/tbody>\n<\/table>\n","protected":false},"excerpt":{"rendered":"<p>Caja de Jard\u00edn sin revisar procedente de devoluciones de marketplaces<\/p>\n<ul>\n<li>N\u00famero de productos: 27<\/li>\n<li>Valor aproximado: 563.00<\/li>\n<li>Porcentaje que se paga: 15% + IVA<\/li>\n<li>Tiempo de entrega estimado: 3 a 7 d\u00edas<\/li>\n<\/ul>\n<p>*Los precios incluyen IVA<\/p>\n","protected":false},"featured_media":155379,"template":"","meta":{"site-sidebar-layout":"default","site-content-layout":"","ast-site-content-layout":"default","site-content-style":"default","site-sidebar-style":"default","ast-global-header-display":"","ast-banner-title-visibility":"","ast-main-header-display":"","ast-hfb-above-header-display":"","ast-hfb-below-header-display":"","ast-hfb-mobile-header-display":"","site-post-title":"","ast-breadcrumbs-content":"","ast-featured-img":"","footer-sml-layout":"","ast-disable-related-posts":"","theme-transparent-header-meta":"default","adv-header-id-meta":"","stick-header-meta":"","header-above-stick-meta":"","header-main-stick-meta":"","header-below-stick-meta":"","astra-migrate-meta-layouts":"set","ast-page-background-enabled":"default","ast-page-background-meta":{"desktop":{"background-color":"var(--ast-global-color-4)","background-image":"","background-repeat":"repeat","background-position":"center center","background-size":"auto","background-attachment":"scroll","background-type":"","background-media":"","overlay-type":"","overlay-color":"","overlay-opacity":"","overlay-gradient":""},"tablet":{"background-color":"","background-image":"","background-repeat":"repeat","background-position":"center center","background-size":"auto","background-attachment":"scroll","background-type":"","background-media":"","overlay-type":"","overlay-color":"","overlay-opacity":"","overlay-gradient":""},"mobile":{"background-color":"","background-image":"","background-repeat":"repeat","background-position":"center center","background-size":"auto","background-attachment":"scroll","background-type":"","background-media":"","overlay-type":"","overlay-color":"","overlay-opacity":"","overlay-gradient":""}},"ast-content-background-meta":{"desktop":{"background-color":"var(--ast-global-color-5)","background-image":"","background-repeat":"repeat","background-position":"center center","background-size":"auto","background-attachment":"scroll","background-type":"","background-media":"","overlay-type":"","overlay-color":"","overlay-opacity":"","overlay-gradient":""},"tablet":{"background-color":"var(--ast-global-color-5)","background-image":"","background-repeat":"repeat","background-position":"center center","background-size":"auto","background-attachment":"scroll","background-type":"","background-media":"","overlay-type":"","overlay-color":"","overlay-opacity":"","overlay-gradient":""},"mobile":{"background-color":"var(--ast-global-color-5)","background-image":"","background-repeat":"repeat","background-position":"center center","background-size":"auto","background-attachment":"scroll","background-type":"","background-media":"","overlay-type":"","overlay-color":"","overlay-opacity":"","overlay-gradient":""}}},"product_brand":[],"product_cat":[49,47],"product_tag":[],"class_list":{"0":"post-155137","1":"product","2":"type-product","3":"status-publish","4":"has-post-thumbnail","6":"product_cat-cajas","7":"product_cat-piscina","8":"desktop-align-left","9":"tablet-align-left","10":"mobile-align-left","12":"first","13":"instock","14":"sale","15":"downloadable","16":"taxable","17":"shipping-taxable","18":"purchasable","19":"product-type-simple"},"yoast_head":"<!-- This site is optimized with the Yoast SEO plugin v27.2 - https:\/\/yoast.com\/product\/yoast-seo-wordpress\/ -->\n<title>Caja de Jard\u00edn [27 productos] (spW83P8887b) - Comprardevoluciones - Tu tienda de Devoluciones de Amazon<\/title>\n<meta name=\"robots\" content=\"noindex, follow\" \/>\n<meta property=\"og:locale\" content=\"it_IT\" \/>\n<meta property=\"og:type\" content=\"article\" \/>\n<meta property=\"og:title\" content=\"Caja de Jard\u00edn [27 productos] (spW83P8887b) - Comprardevoluciones - Tu tienda de Devoluciones de Amazon\" \/>\n<meta property=\"og:description\" content=\"Caja de Jard\u00edn sin revisar procedente de devoluciones de marketplaces   N\u00famero de productos: 27  Valor aproximado: 563.00  Porcentaje que se paga: 15% + IVA  Tiempo de entrega estimado: 3 a 7 d\u00edas  *Los precios incluyen IVA\" \/>\n<meta property=\"og:url\" content=\"https:\/\/comprardevoluciones.com\/producto\/spw83p8887b\/\" \/>\n<meta property=\"og:site_name\" content=\"Comprardevoluciones - Tu tienda de Devoluciones de Amazon\" \/>\n<meta property=\"og:image\" content=\"https:\/\/comprardevoluciones.com\/wp-content\/uploads\/2026\/01\/spW83P8887b.jpg\" \/>\n\t<meta property=\"og:image:width\" content=\"700\" \/>\n\t<meta property=\"og:image:height\" content=\"700\" \/>\n\t<meta property=\"og:image:type\" content=\"image\/jpeg\" \/>\n<meta name=\"twitter:card\" content=\"summary_large_image\" \/>\n<meta name=\"twitter:label1\" content=\"Tempo di lettura stimato\" \/>\n\t<meta name=\"twitter:data1\" content=\"4 minuti\" \/>\n<script type=\"application\/ld+json\" class=\"yoast-schema-graph\">{\"@context\":\"https:\/\/schema.org\",\"@graph\":[{\"@type\":\"WebPage\",\"@id\":\"https:\/\/comprardevoluciones.com\/producto\/spw83p8887b\/\",\"url\":\"https:\/\/comprardevoluciones.com\/producto\/spw83p8887b\/\",\"name\":\"Caja de Jard\u00edn [27 productos] (spW83P8887b) - Comprardevoluciones - Tu tienda de Devoluciones de Amazon\",\"isPartOf\":{\"@id\":\"https:\/\/comprardevoluciones.com\/#website\"},\"primaryImageOfPage\":{\"@id\":\"https:\/\/comprardevoluciones.com\/producto\/spw83p8887b\/#primaryimage\"},\"image\":{\"@id\":\"https:\/\/comprardevoluciones.com\/producto\/spw83p8887b\/#primaryimage\"},\"thumbnailUrl\":\"https:\/\/comprardevoluciones.com\/wp-content\/uploads\/2026\/01\/spW83P8887b.jpg\",\"datePublished\":\"2026-01-28T09:58:24+00:00\",\"breadcrumb\":{\"@id\":\"https:\/\/comprardevoluciones.com\/producto\/spw83p8887b\/#breadcrumb\"},\"inLanguage\":\"it-IT\",\"potentialAction\":[{\"@type\":\"ReadAction\",\"target\":[\"https:\/\/comprardevoluciones.com\/producto\/spw83p8887b\/\"]}]},{\"@type\":\"ImageObject\",\"inLanguage\":\"it-IT\",\"@id\":\"https:\/\/comprardevoluciones.com\/producto\/spw83p8887b\/#primaryimage\",\"url\":\"https:\/\/comprardevoluciones.com\/wp-content\/uploads\/2026\/01\/spW83P8887b.jpg\",\"contentUrl\":\"https:\/\/comprardevoluciones.com\/wp-content\/uploads\/2026\/01\/spW83P8887b.jpg\",\"width\":700,\"height\":700},{\"@type\":\"BreadcrumbList\",\"@id\":\"https:\/\/comprardevoluciones.com\/producto\/spw83p8887b\/#breadcrumb\",\"itemListElement\":[{\"@type\":\"ListItem\",\"position\":1,\"name\":\"Portada\",\"item\":\"https:\/\/comprardevoluciones.com\/it\/\"},{\"@type\":\"ListItem\",\"position\":2,\"name\":\"Negozio\",\"item\":\"https:\/\/comprardevoluciones.com\/it\/negozio\/\"},{\"@type\":\"ListItem\",\"position\":3,\"name\":\"Caja de Jard\u00edn [27 productos] (spW83P8887b)\"}]},{\"@type\":\"WebSite\",\"@id\":\"https:\/\/comprardevoluciones.com\/#website\",\"url\":\"https:\/\/comprardevoluciones.com\/\",\"name\":\"Comprardevoluciones - Tu tienda de Devoluciones de Amazon\",\"description\":\"Consigue Stock en buen estado a un precio imbatible\",\"potentialAction\":[{\"@type\":\"SearchAction\",\"target\":{\"@type\":\"EntryPoint\",\"urlTemplate\":\"https:\/\/comprardevoluciones.com\/?s={search_term_string}\"},\"query-input\":{\"@type\":\"PropertyValueSpecification\",\"valueRequired\":true,\"valueName\":\"search_term_string\"}}],\"inLanguage\":\"it-IT\"}]}<\/script>\n<!-- \/ Yoast SEO plugin. -->","yoast_head_json":{"title":"Caja de Jard\u00edn [27 productos] (spW83P8887b) - Comprardevoluciones - Tu tienda de Devoluciones de Amazon","robots":{"index":"noindex","follow":"follow"},"og_locale":"it_IT","og_type":"article","og_title":"Caja de Jard\u00edn [27 productos] (spW83P8887b) - Comprardevoluciones - Tu tienda de Devoluciones de Amazon","og_description":"Caja de Jard\u00edn sin revisar procedente de devoluciones de marketplaces   N\u00famero de productos: 27  Valor aproximado: 563.00  Porcentaje que se paga: 15% + IVA  Tiempo de entrega estimado: 3 a 7 d\u00edas  *Los precios incluyen IVA","og_url":"https:\/\/comprardevoluciones.com\/producto\/spw83p8887b\/","og_site_name":"Comprardevoluciones - Tu tienda de Devoluciones de Amazon","og_image":[{"width":700,"height":700,"url":"https:\/\/comprardevoluciones.com\/wp-content\/uploads\/2026\/01\/spW83P8887b.jpg","type":"image\/jpeg"}],"twitter_card":"summary_large_image","twitter_misc":{"Tempo di lettura stimato":"4 minuti"},"schema":{"@context":"https:\/\/schema.org","@graph":[{"@type":"WebPage","@id":"https:\/\/comprardevoluciones.com\/producto\/spw83p8887b\/","url":"https:\/\/comprardevoluciones.com\/producto\/spw83p8887b\/","name":"Caja de Jard\u00edn [27 productos] (spW83P8887b) - Comprardevoluciones - Tu tienda de Devoluciones de Amazon","isPartOf":{"@id":"https:\/\/comprardevoluciones.com\/#website"},"primaryImageOfPage":{"@id":"https:\/\/comprardevoluciones.com\/producto\/spw83p8887b\/#primaryimage"},"image":{"@id":"https:\/\/comprardevoluciones.com\/producto\/spw83p8887b\/#primaryimage"},"thumbnailUrl":"https:\/\/comprardevoluciones.com\/wp-content\/uploads\/2026\/01\/spW83P8887b.jpg","datePublished":"2026-01-28T09:58:24+00:00","breadcrumb":{"@id":"https:\/\/comprardevoluciones.com\/producto\/spw83p8887b\/#breadcrumb"},"inLanguage":"it-IT","potentialAction":[{"@type":"ReadAction","target":["https:\/\/comprardevoluciones.com\/producto\/spw83p8887b\/"]}]},{"@type":"ImageObject","inLanguage":"it-IT","@id":"https:\/\/comprardevoluciones.com\/producto\/spw83p8887b\/#primaryimage","url":"https:\/\/comprardevoluciones.com\/wp-content\/uploads\/2026\/01\/spW83P8887b.jpg","contentUrl":"https:\/\/comprardevoluciones.com\/wp-content\/uploads\/2026\/01\/spW83P8887b.jpg","width":700,"height":700},{"@type":"BreadcrumbList","@id":"https:\/\/comprardevoluciones.com\/producto\/spw83p8887b\/#breadcrumb","itemListElement":[{"@type":"ListItem","position":1,"name":"Portada","item":"https:\/\/comprardevoluciones.com\/it\/"},{"@type":"ListItem","position":2,"name":"Negozio","item":"https:\/\/comprardevoluciones.com\/it\/negozio\/"},{"@type":"ListItem","position":3,"name":"Caja de Jard\u00edn [27 productos] (spW83P8887b)"}]},{"@type":"WebSite","@id":"https:\/\/comprardevoluciones.com\/#website","url":"https:\/\/comprardevoluciones.com\/","name":"Comprardevoluciones - Tu tienda de Devoluciones de Amazon","description":"Consigue Stock en buen estado a un precio imbatible","potentialAction":[{"@type":"SearchAction","target":{"@type":"EntryPoint","urlTemplate":"https:\/\/comprardevoluciones.com\/?s={search_term_string}"},"query-input":{"@type":"PropertyValueSpecification","valueRequired":true,"valueName":"search_term_string"}}],"inLanguage":"it-IT"}]}},"_links":{"self":[{"href":"https:\/\/comprardevoluciones.com\/it\/wp-json\/wp\/v2\/product\/155137","targetHints":{"allow":["GET"]}}],"collection":[{"href":"https:\/\/comprardevoluciones.com\/it\/wp-json\/wp\/v2\/product"}],"about":[{"href":"https:\/\/comprardevoluciones.com\/it\/wp-json\/wp\/v2\/types\/product"}],"wp:featuredmedia":[{"embeddable":true,"href":"https:\/\/comprardevoluciones.com\/it\/wp-json\/wp\/v2\/media\/155379"}],"wp:attachment":[{"href":"https:\/\/comprardevoluciones.com\/it\/wp-json\/wp\/v2\/media?parent=155137"}],"wp:term":[{"taxonomy":"product_brand","embeddable":true,"href":"https:\/\/comprardevoluciones.com\/it\/wp-json\/wp\/v2\/product_brand?post=155137"},{"taxonomy":"product_cat","embeddable":true,"href":"https:\/\/comprardevoluciones.com\/it\/wp-json\/wp\/v2\/product_cat?post=155137"},{"taxonomy":"product_tag","embeddable":true,"href":"https:\/\/comprardevoluciones.com\/it\/wp-json\/wp\/v2\/product_tag?post=155137"}],"curies":[{"name":"wp","href":"https:\/\/api.w.org\/{rel}","templated":true}]}}