{"id":165839,"date":"2026-04-01T09:30:39","date_gmt":"2026-04-01T08:30:39","guid":{"rendered":"https:\/\/comprardevoluciones.com\/?post_type=product&#038;p=165839"},"modified":"2026-04-01T10:14:03","modified_gmt":"2026-04-01T09:14:03","slug":"spn00i7ikil","status":"publish","type":"product","link":"https:\/\/comprardevoluciones.com\/it\/producto\/spn00i7ikil\/","title":{"rendered":"Caja de Herramientas [33 productos] (spN00I7ikil)"},"content":{"rendered":"<p>Descripci\u00f3n y valor aproximados<\/p>\n<table>\n<tbody>\n<tr>\n<td><strong>FUENTE<\/strong><\/td>\n<td><strong>PRODUCTO<\/strong><\/td>\n<td><strong>VALOR (\u20ac)<\/strong><\/td>\n<td><strong>PAGAS (\u20ac)<\/strong><\/td>\n<\/tr>\n<tr>\n<td>MARKETPLACES<\/td>\n<td><a class=\"ljoptimizer\" href=\"https:\/\/www.amazon.es\/dp\/B0C5CYZZL6?tag=amazon087683-21&amp;th=1\" target=\"_blank\" rel=\"nofollow noopener\">HOMEPILOT &#8211; Set inicio 2 persianas Smart | F\u00e1cil instalaci\u00f3n, eficiencia energ\u00e9tica y comodidad | Incluye: 1 Gateway Premium, 2 enrolladores RolloTron Classic Smart.<\/a><\/td>\n<td>382 \u20ac<\/td>\n<td>88 \u20ac<\/td>\n<\/tr>\n<tr>\n<td>MARKETPLACES<\/td>\n<td><a class=\"ljoptimizer\" href=\"https:\/\/www.amazon.es\/dp\/B0CC99QMJ9?tag=amazon087683-21&amp;th=1\" target=\"_blank\" rel=\"nofollow noopener\">Netatmo Starter Pack V\u00e1lvulas WiFi Inteligentes para Radiador, Control Remoto|Ahorro de energ\u00eda, Paquete para calefacci\u00f3n colectiva, Compatible con Amazon Alexa, Apple y Google NVP-AMZ<\/a><\/td>\n<td>225 \u20ac<\/td>\n<td>52 \u20ac<\/td>\n<\/tr>\n<tr>\n<td>MARKETPLACES<\/td>\n<td><a class=\"ljoptimizer\" href=\"https:\/\/www.amazon.es\/dp\/B0CC67PYHY?tag=amazon087683-21&amp;th=1\" target=\"_blank\" rel=\"nofollow noopener\">Netatmo Termostato Inteligente y Conectado de Ahorro de energ\u00eda, WiFi, controla la calefacci\u00f3n de Forma remota Mediante la aplicaci\u00f3n|Compatible con Calderas Individuales, NTH01-AMZ<\/a><\/td>\n<td>202 \u20ac<\/td>\n<td>47 \u20ac<\/td>\n<\/tr>\n<tr>\n<td>MARKETPLACES<\/td>\n<td><a class=\"ljoptimizer\" href=\"https:\/\/www.amazon.es\/dp\/B0F3CR6MSF?tag=amazon087683-21&amp;th=1\" target=\"_blank\" rel=\"nofollow noopener\">Meross Matter Enrollador Cinta Persiana El\u00e9ctrico, Motor Para Cinta de Recogedor Persiana WiFi, Carga M\u00e1xima: 45 Kg, Compatible con Apple HomeKit Siri, Alexa y Google Assistant<\/a><\/td>\n<td>149 \u20ac<\/td>\n<td>34 \u20ac<\/td>\n<\/tr>\n<tr>\n<td>MARKETPLACES<\/td>\n<td><a class=\"ljoptimizer\" href=\"https:\/\/www.amazon.es\/dp\/B0DFLG7V7J?tag=amazon087683-21&amp;th=1\" target=\"_blank\" rel=\"nofollow noopener\">DREO Espumador de Leche Todo en Uno, Creador de Espuma Autom\u00e1tico para Microespuma de Nivel de Arte en Latte y Caf\u00e9 Caliente\/Fr\u00edo, Calentador de Leche El\u00e9ctrico de 27oz\/800ml con m\u00e1s de 30 Bebidas<\/a><\/td>\n<td>138 \u20ac<\/td>\n<td>32 \u20ac<\/td>\n<\/tr>\n<tr>\n<td>MARKETPLACES<\/td>\n<td><a class=\"ljoptimizer\" href=\"https:\/\/www.amazon.es\/dp\/B06XPS3MLL?tag=amazon087683-21&amp;th=1\" target=\"_blank\" rel=\"nofollow noopener\">Atornillador dinamom\u00e9trico PGNP FS 1\/4&#8243; 0,5-4,5 Nm<\/a><\/td>\n<td>112 \u20ac<\/td>\n<td>26 \u20ac<\/td>\n<\/tr>\n<tr>\n<td>MARKETPLACES<\/td>\n<td><a class=\"ljoptimizer\" href=\"https:\/\/www.amazon.es\/dp\/B07Y9TJ3TD?tag=amazon087683-21&amp;th=1\" target=\"_blank\" rel=\"nofollow noopener\">Desvio de llamadas WIFI vds WI-BOX Fermax 3266<\/a><\/td>\n<td>95 \u20ac<\/td>\n<td>22 \u20ac<\/td>\n<\/tr>\n<tr>\n<td>MARKETPLACES<\/td>\n<td><a class=\"ljoptimizer\" href=\"https:\/\/www.amazon.es\/dp\/B07GBVFVL4?tag=amazon087683-21&amp;th=1\" target=\"_blank\" rel=\"nofollow noopener\">RADIKAL RK910S Candado Moto Disco Alarma X2-ON, Homologado Sra, Cerradura Alta Seguridad Antitaladro y Antiganz\u00faa, Doble Cierre 10mm, Pila Larga Duraci\u00f3n, Acero Inoxidable, Pinza Antirrobo Scooter<\/a><\/td>\n<td>80 \u20ac<\/td>\n<td>18 \u20ac<\/td>\n<\/tr>\n<tr>\n<td>MARKETPLACES<\/td>\n<td><a class=\"ljoptimizer\" href=\"https:\/\/www.amazon.es\/dp\/B0CC9WG42V?tag=amazon087683-21&amp;th=1\" target=\"_blank\" rel=\"nofollow noopener\">Netatmo Valvulas Termostaticas WiFi Inteligente, Control Remoto, Ahorro de Energ\u00eda, M\u00f3dulo Adicional para el Termostato Intelligente y para el Paquete para Calefacci\u00f3n Colectiva, Nav -AMZ<\/a><\/td>\n<td>72 \u20ac<\/td>\n<td>17 \u20ac<\/td>\n<\/tr>\n<tr>\n<td>MARKETPLACES<\/td>\n<td><a class=\"ljoptimizer\" href=\"https:\/\/www.amazon.es\/dp\/B0D9N69VNK?tag=amazon087683-21&amp;th=1\" target=\"_blank\" rel=\"nofollow noopener\">CHENGPI Caja de Conexiones Externa de Acero Inoxidable,Caja Electrica Exterior,Caja estanca,Caja de Proyecto de Pared Electr\u00f3nica con Placa de Montaje Aislada| 40x30x16CM<\/a><\/td>\n<td>55 \u20ac<\/td>\n<td>13 \u20ac<\/td>\n<\/tr>\n<tr>\n<td>MARKETPLACES<\/td>\n<td><a class=\"ljoptimizer\" href=\"https:\/\/www.amazon.es\/dp\/B06XW6FMWQ?tag=amazon087683-21&amp;th=1\" target=\"_blank\" rel=\"nofollow noopener\">UNI-T UT210E Mini Digital Clamp Meter &#8211; DC Clamp Mult\u00edmetro digital con Pinza para Volt\u00edmetro, Amper\u00edmetro y Ohm\u00edmetro con LCD y Retroiluminaci\u00f3n<\/a><\/td>\n<td>48 \u20ac<\/td>\n<td>11 \u20ac<\/td>\n<\/tr>\n<tr>\n<td>MARKETPLACES<\/td>\n<td><a class=\"ljoptimizer\" href=\"https:\/\/www.amazon.es\/dp\/B00FEPLSGG?tag=amazon087683-21&amp;th=1\" target=\"_blank\" rel=\"nofollow noopener\">CISA &#8211; Cerradero El Sobreponer Llave Cisa<\/a><\/td>\n<td>42 \u20ac<\/td>\n<td>10 \u20ac<\/td>\n<\/tr>\n<tr>\n<td>MARKETPLACES<\/td>\n<td><a class=\"ljoptimizer\" href=\"https:\/\/www.amazon.es\/dp\/B08HHKLMFV?tag=amazon087683-21&amp;th=1\" target=\"_blank\" rel=\"nofollow noopener\">Wintact Pistola Term\u00f3metro Infrarrojo -58\u2109 a 1202\u2109 Pistola T\u00e9rmica L\u00e1ser IR para Ambiente, Temperatura de Superficie, Humedad, con Alarma Autom\u00e1tica de Temperatura de Punto de Roc\u00edo, Sonda Termopar<\/a><\/td>\n<td>41 \u20ac<\/td>\n<td>9 \u20ac<\/td>\n<\/tr>\n<tr>\n<td>MARKETPLACES<\/td>\n<td><a class=\"ljoptimizer\" href=\"https:\/\/www.amazon.es\/dp\/B0D6NF6KVV?tag=amazon087683-21&amp;th=1\" target=\"_blank\" rel=\"nofollow noopener\">KMC eGlide EPT 9, 10 et 11 vitesses, argent fonc\u00e9, 118 maillons<\/a><\/td>\n<td>40 \u20ac<\/td>\n<td>9 \u20ac<\/td>\n<\/tr>\n<tr>\n<td>MARKETPLACES<\/td>\n<td><a class=\"ljoptimizer\" href=\"https:\/\/www.amazon.es\/dp\/B0CQTG8F4H?tag=amazon087683-21&amp;th=1\" target=\"_blank\" rel=\"nofollow noopener\">K\u00e4rcher Nettoyeur de Vitres WV 1 Plus, Autonomie de Batterie : 25 min, Affichage LED, R\u00e9servoir d&#8217;Eau Sale : 100 ml, Poids : 0,5 kg, Pulv\u00e9risateur avec Microfibres, 20 ml Nettoyant Vitres Concentr\u00e9<\/a><\/td>\n<td>38 \u20ac<\/td>\n<td>9 \u20ac<\/td>\n<\/tr>\n<tr>\n<td>MARKETPLACES<\/td>\n<td><a class=\"ljoptimizer\" href=\"https:\/\/www.amazon.es\/dp\/B00FAMEG4E?tag=amazon087683-21&amp;th=1\" target=\"_blank\" rel=\"nofollow noopener\">G\u00fcde 94630 &#8211; GS4002P &#8211; Bomba sumergible para aguas residuales &#8211; Con interruptor de flotador &#8211; 400 W &#8211; 7500 l\/h Altura m\u00e1xima de suministro 5 m [Clase energ\u00e9tica A], azul\/negro<\/a><\/td>\n<td>38 \u20ac<\/td>\n<td>9 \u20ac<\/td>\n<\/tr>\n<tr>\n<td>MARKETPLACES<\/td>\n<td><a class=\"ljoptimizer\" href=\"https:\/\/www.amazon.es\/dp\/B07V5VCTJL?tag=amazon087683-21&amp;th=1\" target=\"_blank\" rel=\"nofollow noopener\">Dep\u00f3sito de expansi\u00f3n de refrigerante con tapa de sensor frontal para serie 3 E46 3116318320330 X5 E53 1998-2007 17137787040<\/a><\/td>\n<td>37 \u20ac<\/td>\n<td>9 \u20ac<\/td>\n<\/tr>\n<tr>\n<td>MARKETPLACES<\/td>\n<td><a class=\"ljoptimizer\" href=\"https:\/\/www.amazon.es\/dp\/B0CYGZ71W3?tag=amazon087683-21&amp;th=1\" target=\"_blank\" rel=\"nofollow noopener\">G\u00f6rbach Columna Ducha 70 cm de Acero INOX con Estante Ducha, Barra Ducha con Deslizador y Soporte de Pared Ajustable, Barra Ducha Sin Grifo con Ducha Mano con 3 funci\u00f3ns Cromado<\/a><\/td>\n<td>37 \u20ac<\/td>\n<td>8 \u20ac<\/td>\n<\/tr>\n<tr>\n<td>MARKETPLACES<\/td>\n<td><a class=\"ljoptimizer\" href=\"https:\/\/www.amazon.es\/dp\/B0DNJTWSPK?tag=amazon087683-21&amp;th=1\" target=\"_blank\" rel=\"nofollow noopener\">SURFOU Timbre Inal\u00e1mbrico Exterior Impermeable, Kit Doorbell Puerta para Casa 400M de Alcance Doorbell con 55 Melod\u00edas, 5 Niveles de Volumen, Indicador LED, 3 Enchufable Receptor Negro<\/a><\/td>\n<td>35 \u20ac<\/td>\n<td>8 \u20ac<\/td>\n<\/tr>\n<tr>\n<td>MARKETPLACES<\/td>\n<td><a class=\"ljoptimizer\" href=\"https:\/\/www.amazon.es\/dp\/B07J4YZ5DZ?tag=amazon087683-21&amp;th=1\" target=\"_blank\" rel=\"nofollow noopener\">RD9 &#8211; Cadenas de nieve met\u00e1licas RD9 mm, talla N\u00ba 130, set 2 uds, guantes incluidos<\/a><\/td>\n<td>30 \u20ac<\/td>\n<td>7 \u20ac<\/td>\n<\/tr>\n<tr>\n<td>MARKETPLACES<\/td>\n<td><a class=\"ljoptimizer\" href=\"https:\/\/www.amazon.es\/dp\/B0CQCDPLCF?tag=amazon087683-21&amp;th=1\" target=\"_blank\" rel=\"nofollow noopener\">Shelly 1 Mini Gen3 \u2013 Rel\u00e9 Interruptor Wi-Fi, 1 Canal 8A con Contactos Secos, Controlador de puerta de garaje, Control Remoto por voz y App, Compatible con Alexa, Google Home y SmartThings &#8211; 2 Piezas<\/a><\/td>\n<td>28 \u20ac<\/td>\n<td>7 \u20ac<\/td>\n<\/tr>\n<tr>\n<td>MARKETPLACES<\/td>\n<td><a class=\"ljoptimizer\" href=\"https:\/\/www.amazon.es\/dp\/B07RGK11RY?tag=amazon087683-21&amp;th=1\" target=\"_blank\" rel=\"nofollow noopener\">HYCHIKA Atornillador El\u00e9ctrico 6Nm, Destornillador El\u00e9ctrico (M\u00e1ximo Par 6 N.m, 3.6V, 2.0Ah) LED Luz como Linterna, Cable USB, 35 Accesorios, Estuche port\u00e1til, Para Reparaciones en El Hogar<\/a><\/td>\n<td>27 \u20ac<\/td>\n<td>6 \u20ac<\/td>\n<\/tr>\n<tr>\n<td>MARKETPLACES<\/td>\n<td><a class=\"ljoptimizer\" href=\"https:\/\/www.amazon.es\/dp\/B07RGK11RY?tag=amazon087683-21&amp;th=1\" target=\"_blank\" rel=\"nofollow noopener\">HYCHIKA Atornillador El\u00e9ctrico 6Nm, Destornillador El\u00e9ctrico (M\u00e1ximo Par 6 N.m, 3.6V, 2.0Ah) LED Luz como Linterna, Cable USB, 35 Accesorios, Estuche port\u00e1til, Para Reparaciones en El Hogar<\/a><\/td>\n<td>27 \u20ac<\/td>\n<td>6 \u20ac<\/td>\n<\/tr>\n<tr>\n<td>MARKETPLACES<\/td>\n<td><a class=\"ljoptimizer\" href=\"https:\/\/www.amazon.es\/dp\/B0BNN7KYLL?tag=amazon087683-21&amp;th=1\" target=\"_blank\" rel=\"nofollow noopener\">Bosch bater\u00eda de sustituci\u00f3n de 12V (1 bater\u00eda de 2,0 Ah, sistema de 12 voltios, embalaje de cart\u00f3n)<\/a><\/td>\n<td>25 \u20ac<\/td>\n<td>6 \u20ac<\/td>\n<\/tr>\n<tr>\n<td>MARKETPLACES<\/td>\n<td><a class=\"ljoptimizer\" href=\"https:\/\/www.amazon.es\/dp\/B07J5FWVD5?tag=amazon087683-21&amp;th=1\" target=\"_blank\" rel=\"nofollow noopener\">RD9 &#8211; Grip &#8211; Cadenas de nieve textiles Talla N\u00ba 540<\/a><\/td>\n<td>25 \u20ac<\/td>\n<td>6 \u20ac<\/td>\n<\/tr>\n<tr>\n<td>MARKETPLACES<\/td>\n<td><a class=\"ljoptimizer\" href=\"https:\/\/www.amazon.es\/dp\/B07DWFP1FW?tag=amazon087683-21&amp;th=1\" target=\"_blank\" rel=\"nofollow noopener\">RD9 &#8211; Cadenas de nieve met\u00e1licas RD9 mm talla N\u00ba 100<\/a><\/td>\n<td>24 \u20ac<\/td>\n<td>6 \u20ac<\/td>\n<\/tr>\n<tr>\n<td>MARKETPLACES<\/td>\n<td><a class=\"ljoptimizer\" href=\"https:\/\/www.amazon.es\/dp\/B07SR35YW5?tag=amazon087683-21&amp;th=1\" target=\"_blank\" rel=\"nofollow noopener\">Turtle Wax 53168 Limpiador de faros restaurador, l\u00edquido, 300 ml (el envase puede variar)<\/a><\/td>\n<td>16 \u20ac<\/td>\n<td>4 \u20ac<\/td>\n<\/tr>\n<tr>\n<td>MARKETPLACES<\/td>\n<td><a class=\"ljoptimizer\" href=\"https:\/\/www.amazon.es\/dp\/B01NCUMF25?tag=amazon087683-21&amp;th=1\" target=\"_blank\" rel=\"nofollow noopener\">IDROSPANIA &#8211; MOD. LOJA. DESCARGADOR INTERRUMPIBLE CON BASE Y GOMA ASIENTO. RECAMBIO ROCA. BOLSA<\/a><\/td>\n<td>13 \u20ac<\/td>\n<td>3 \u20ac<\/td>\n<\/tr>\n<tr>\n<td>MARKETPLACES<\/td>\n<td><a class=\"ljoptimizer\" href=\"https:\/\/www.amazon.es\/dp\/B0DJPM11X5?tag=amazon087683-21&amp;th=1\" target=\"_blank\" rel=\"nofollow noopener\">FilterBase\u00ae 2 filtros de carb\u00f3n activo para campana extractora Respekta MIZ1000N, Bomann KF 574, 10032843, TMFILT4<\/a><\/td>\n<td>13 \u20ac<\/td>\n<td>3 \u20ac<\/td>\n<\/tr>\n<tr>\n<td>MARKETPLACES<\/td>\n<td><a class=\"ljoptimizer\" href=\"https:\/\/www.amazon.es\/dp\/B09PGB323G?tag=amazon087683-21&amp;th=1\" target=\"_blank\" rel=\"nofollow noopener\">Ducha para Lavabo Ducha de Mano para Lavabo y Ba\u00f1o con Manguera Juego de Ducha para Lavabo para Lavarse el Cabello o Limpiar el Lavabo Limpiar el Inodoro(Manual de Instrucciones Incluido)<\/a><\/td>\n<td>12 \u20ac<\/td>\n<td>3 \u20ac<\/td>\n<\/tr>\n<tr>\n<td>MARKETPLACES<\/td>\n<td><a class=\"ljoptimizer\" href=\"https:\/\/www.amazon.es\/dp\/B09WKBBCFL?tag=amazon087683-21&amp;th=1\" target=\"_blank\" rel=\"nofollow noopener\">SURFOU Enchufe Inteligente Wifi con Consumo Electrico, Programador Enchufe Alexa, Tomada Inteligente con Temporizador, Control Remoto por APP &amp; Voz, Compatible con Alexa, Google Home y SmartThings<\/a><\/td>\n<td>9 \u20ac<\/td>\n<td>2 \u20ac<\/td>\n<\/tr>\n<tr>\n<td>MARKETPLACES<\/td>\n<td><a class=\"ljoptimizer\" href=\"https:\/\/www.amazon.es\/dp\/B0D1RKHBBK?tag=amazon087683-21&amp;th=1\" target=\"_blank\" rel=\"nofollow noopener\">Espuma Tubo de Aislamiento de Tuber\u00edas 32mm Tubo de Aislamiento T\u00e9rmico Negro 1.8m Tubo Espuma Pipe Insulation Suave y Respetuoso con El Medio Ambiente para Conductos de Aire Acondicionado(\u00d832mm)<\/a><\/td>\n<td>8 \u20ac<\/td>\n<td>2 \u20ac<\/td>\n<\/tr>\n<tr>\n<td>MARKETPLACES<\/td>\n<td><a class=\"ljoptimizer\" href=\"https:\/\/www.amazon.es\/dp\/B07WJXKQYN?tag=amazon087683-21&amp;th=1\" target=\"_blank\" rel=\"nofollow noopener\">Tubo De Extensi\u00f3n De Ducha De 8 Pulgadas, Barra Recta De Acero Inoxidable 201 Cromado Redondo, Accesorio De Ba\u00f1o, Tubo De Extensi\u00f3n De Ducha Para Cabeza Fija<\/a><\/td>\n<td>7 \u20ac<\/td>\n<td>2 \u20ac<\/td>\n<\/tr>\n<\/tbody>\n<\/table>\n","protected":false},"excerpt":{"rendered":"<p>Caja de Herramientas sin revisar procedente de devoluciones de marketplaces<\/p>\n<ul>\n<li>N\u00famero de productos: 33<\/li>\n<li>Valor aproximado: 2130.00<\/li>\n<li>Porcentaje que se paga: 19% + IVA<\/li>\n<li>Tiempo de entrega estimado: 3 a 7 d\u00edas<\/li>\n<\/ul>\n<p>*Los precios incluyen IVA<\/p>\n","protected":false},"featured_media":166492,"template":"","meta":{"site-sidebar-layout":"default","site-content-layout":"","ast-site-content-layout":"default","site-content-style":"default","site-sidebar-style":"default","ast-global-header-display":"","ast-banner-title-visibility":"","ast-main-header-display":"","ast-hfb-above-header-display":"","ast-hfb-below-header-display":"","ast-hfb-mobile-header-display":"","site-post-title":"","ast-breadcrumbs-content":"","ast-featured-img":"","footer-sml-layout":"","ast-disable-related-posts":"","theme-transparent-header-meta":"default","adv-header-id-meta":"","stick-header-meta":"","header-above-stick-meta":"","header-main-stick-meta":"","header-below-stick-meta":"","astra-migrate-meta-layouts":"set","ast-page-background-enabled":"default","ast-page-background-meta":{"desktop":{"background-color":"var(--ast-global-color-4)","background-image":"","background-repeat":"repeat","background-position":"center center","background-size":"auto","background-attachment":"scroll","background-type":"","background-media":"","overlay-type":"","overlay-color":"","overlay-opacity":"","overlay-gradient":""},"tablet":{"background-color":"","background-image":"","background-repeat":"repeat","background-position":"center center","background-size":"auto","background-attachment":"scroll","background-type":"","background-media":"","overlay-type":"","overlay-color":"","overlay-opacity":"","overlay-gradient":""},"mobile":{"background-color":"","background-image":"","background-repeat":"repeat","background-position":"center center","background-size":"auto","background-attachment":"scroll","background-type":"","background-media":"","overlay-type":"","overlay-color":"","overlay-opacity":"","overlay-gradient":""}},"ast-content-background-meta":{"desktop":{"background-color":"var(--ast-global-color-5)","background-image":"","background-repeat":"repeat","background-position":"center center","background-size":"auto","background-attachment":"scroll","background-type":"","background-media":"","overlay-type":"","overlay-color":"","overlay-opacity":"","overlay-gradient":""},"tablet":{"background-color":"var(--ast-global-color-5)","background-image":"","background-repeat":"repeat","background-position":"center center","background-size":"auto","background-attachment":"scroll","background-type":"","background-media":"","overlay-type":"","overlay-color":"","overlay-opacity":"","overlay-gradient":""},"mobile":{"background-color":"var(--ast-global-color-5)","background-image":"","background-repeat":"repeat","background-position":"center center","background-size":"auto","background-attachment":"scroll","background-type":"","background-media":"","overlay-type":"","overlay-color":"","overlay-opacity":"","overlay-gradient":""}}},"product_brand":[],"product_cat":[49,42],"product_tag":[],"class_list":{"0":"post-165839","1":"product","2":"type-product","3":"status-publish","4":"has-post-thumbnail","6":"product_cat-cajas","7":"product_cat-herramientas","8":"product_shipping_class-caja","9":"desktop-align-left","10":"tablet-align-left","11":"mobile-align-left","13":"first","14":"instock","15":"sale","16":"downloadable","17":"taxable","18":"shipping-taxable","19":"purchasable","20":"product-type-simple"},"yoast_head":"<!-- This site is optimized with the Yoast SEO plugin v27.2 - https:\/\/yoast.com\/product\/yoast-seo-wordpress\/ -->\n<title>Caja de Herramientas [33 productos] (spN00I7ikil) - Comprardevoluciones - Tu tienda de Devoluciones de Amazon<\/title>\n<meta name=\"robots\" content=\"noindex, follow\" \/>\n<meta property=\"og:locale\" content=\"it_IT\" \/>\n<meta property=\"og:type\" content=\"article\" \/>\n<meta property=\"og:title\" content=\"Caja de Herramientas [33 productos] (spN00I7ikil) - Comprardevoluciones - Tu tienda de Devoluciones de Amazon\" \/>\n<meta property=\"og:description\" content=\"Caja de Herramientas sin revisar procedente de devoluciones de marketplaces   N\u00famero de productos: 33  Valor aproximado: 2130.00  Porcentaje que se paga: 19% + IVA  Tiempo de entrega estimado: 3 a 7 d\u00edas  *Los precios incluyen IVA\" \/>\n<meta property=\"og:url\" content=\"https:\/\/comprardevoluciones.com\/producto\/spn00i7ikil\/\" \/>\n<meta property=\"og:site_name\" content=\"Comprardevoluciones - Tu tienda de Devoluciones de Amazon\" \/>\n<meta property=\"article:modified_time\" content=\"2026-04-01T09:14:03+00:00\" \/>\n<meta property=\"og:image\" content=\"https:\/\/comprardevoluciones.com\/wp-content\/uploads\/2026\/03\/spN00I7ikil.jpg\" \/>\n\t<meta property=\"og:image:width\" content=\"700\" \/>\n\t<meta property=\"og:image:height\" content=\"700\" \/>\n\t<meta property=\"og:image:type\" content=\"image\/jpeg\" \/>\n<meta name=\"twitter:card\" content=\"summary_large_image\" \/>\n<meta name=\"twitter:label1\" content=\"Tempo di lettura stimato\" \/>\n\t<meta name=\"twitter:data1\" content=\"5 minuti\" \/>\n<script type=\"application\/ld+json\" class=\"yoast-schema-graph\">{\"@context\":\"https:\/\/schema.org\",\"@graph\":[{\"@type\":\"WebPage\",\"@id\":\"https:\/\/comprardevoluciones.com\/producto\/spn00i7ikil\/\",\"url\":\"https:\/\/comprardevoluciones.com\/producto\/spn00i7ikil\/\",\"name\":\"Caja de Herramientas [33 productos] (spN00I7ikil) - Comprardevoluciones - Tu tienda de Devoluciones de Amazon\",\"isPartOf\":{\"@id\":\"https:\/\/comprardevoluciones.com\/#website\"},\"primaryImageOfPage\":{\"@id\":\"https:\/\/comprardevoluciones.com\/producto\/spn00i7ikil\/#primaryimage\"},\"image\":{\"@id\":\"https:\/\/comprardevoluciones.com\/producto\/spn00i7ikil\/#primaryimage\"},\"thumbnailUrl\":\"https:\/\/comprardevoluciones.com\/wp-content\/uploads\/2026\/03\/spN00I7ikil.jpg\",\"datePublished\":\"2026-04-01T08:30:39+00:00\",\"dateModified\":\"2026-04-01T09:14:03+00:00\",\"breadcrumb\":{\"@id\":\"https:\/\/comprardevoluciones.com\/producto\/spn00i7ikil\/#breadcrumb\"},\"inLanguage\":\"it-IT\",\"potentialAction\":[{\"@type\":\"ReadAction\",\"target\":[\"https:\/\/comprardevoluciones.com\/producto\/spn00i7ikil\/\"]}]},{\"@type\":\"ImageObject\",\"inLanguage\":\"it-IT\",\"@id\":\"https:\/\/comprardevoluciones.com\/producto\/spn00i7ikil\/#primaryimage\",\"url\":\"https:\/\/comprardevoluciones.com\/wp-content\/uploads\/2026\/03\/spN00I7ikil.jpg\",\"contentUrl\":\"https:\/\/comprardevoluciones.com\/wp-content\/uploads\/2026\/03\/spN00I7ikil.jpg\",\"width\":700,\"height\":700},{\"@type\":\"BreadcrumbList\",\"@id\":\"https:\/\/comprardevoluciones.com\/producto\/spn00i7ikil\/#breadcrumb\",\"itemListElement\":[{\"@type\":\"ListItem\",\"position\":1,\"name\":\"Portada\",\"item\":\"https:\/\/comprardevoluciones.com\/it\/\"},{\"@type\":\"ListItem\",\"position\":2,\"name\":\"Negozio\",\"item\":\"https:\/\/comprardevoluciones.com\/it\/negozio\/\"},{\"@type\":\"ListItem\",\"position\":3,\"name\":\"Caja de Herramientas [33 productos] (spN00I7ikil)\"}]},{\"@type\":\"WebSite\",\"@id\":\"https:\/\/comprardevoluciones.com\/#website\",\"url\":\"https:\/\/comprardevoluciones.com\/\",\"name\":\"Comprardevoluciones - Tu tienda de Devoluciones de Amazon\",\"description\":\"Consigue Stock en buen estado a un precio imbatible\",\"potentialAction\":[{\"@type\":\"SearchAction\",\"target\":{\"@type\":\"EntryPoint\",\"urlTemplate\":\"https:\/\/comprardevoluciones.com\/?s={search_term_string}\"},\"query-input\":{\"@type\":\"PropertyValueSpecification\",\"valueRequired\":true,\"valueName\":\"search_term_string\"}}],\"inLanguage\":\"it-IT\"}]}<\/script>\n<!-- \/ Yoast SEO plugin. -->","yoast_head_json":{"title":"Caja de Herramientas [33 productos] (spN00I7ikil) - Comprardevoluciones - Tu tienda de Devoluciones de Amazon","robots":{"index":"noindex","follow":"follow"},"og_locale":"it_IT","og_type":"article","og_title":"Caja de Herramientas [33 productos] (spN00I7ikil) - Comprardevoluciones - Tu tienda de Devoluciones de Amazon","og_description":"Caja de Herramientas sin revisar procedente de devoluciones de marketplaces   N\u00famero de productos: 33  Valor aproximado: 2130.00  Porcentaje que se paga: 19% + IVA  Tiempo de entrega estimado: 3 a 7 d\u00edas  *Los precios incluyen IVA","og_url":"https:\/\/comprardevoluciones.com\/producto\/spn00i7ikil\/","og_site_name":"Comprardevoluciones - Tu tienda de Devoluciones de Amazon","article_modified_time":"2026-04-01T09:14:03+00:00","og_image":[{"width":700,"height":700,"url":"https:\/\/comprardevoluciones.com\/wp-content\/uploads\/2026\/03\/spN00I7ikil.jpg","type":"image\/jpeg"}],"twitter_card":"summary_large_image","twitter_misc":{"Tempo di lettura stimato":"5 minuti"},"schema":{"@context":"https:\/\/schema.org","@graph":[{"@type":"WebPage","@id":"https:\/\/comprardevoluciones.com\/producto\/spn00i7ikil\/","url":"https:\/\/comprardevoluciones.com\/producto\/spn00i7ikil\/","name":"Caja de Herramientas [33 productos] (spN00I7ikil) - Comprardevoluciones - Tu tienda de Devoluciones de Amazon","isPartOf":{"@id":"https:\/\/comprardevoluciones.com\/#website"},"primaryImageOfPage":{"@id":"https:\/\/comprardevoluciones.com\/producto\/spn00i7ikil\/#primaryimage"},"image":{"@id":"https:\/\/comprardevoluciones.com\/producto\/spn00i7ikil\/#primaryimage"},"thumbnailUrl":"https:\/\/comprardevoluciones.com\/wp-content\/uploads\/2026\/03\/spN00I7ikil.jpg","datePublished":"2026-04-01T08:30:39+00:00","dateModified":"2026-04-01T09:14:03+00:00","breadcrumb":{"@id":"https:\/\/comprardevoluciones.com\/producto\/spn00i7ikil\/#breadcrumb"},"inLanguage":"it-IT","potentialAction":[{"@type":"ReadAction","target":["https:\/\/comprardevoluciones.com\/producto\/spn00i7ikil\/"]}]},{"@type":"ImageObject","inLanguage":"it-IT","@id":"https:\/\/comprardevoluciones.com\/producto\/spn00i7ikil\/#primaryimage","url":"https:\/\/comprardevoluciones.com\/wp-content\/uploads\/2026\/03\/spN00I7ikil.jpg","contentUrl":"https:\/\/comprardevoluciones.com\/wp-content\/uploads\/2026\/03\/spN00I7ikil.jpg","width":700,"height":700},{"@type":"BreadcrumbList","@id":"https:\/\/comprardevoluciones.com\/producto\/spn00i7ikil\/#breadcrumb","itemListElement":[{"@type":"ListItem","position":1,"name":"Portada","item":"https:\/\/comprardevoluciones.com\/it\/"},{"@type":"ListItem","position":2,"name":"Negozio","item":"https:\/\/comprardevoluciones.com\/it\/negozio\/"},{"@type":"ListItem","position":3,"name":"Caja de Herramientas [33 productos] (spN00I7ikil)"}]},{"@type":"WebSite","@id":"https:\/\/comprardevoluciones.com\/#website","url":"https:\/\/comprardevoluciones.com\/","name":"Comprardevoluciones - Tu tienda de Devoluciones de Amazon","description":"Consigue Stock en buen estado a un precio imbatible","potentialAction":[{"@type":"SearchAction","target":{"@type":"EntryPoint","urlTemplate":"https:\/\/comprardevoluciones.com\/?s={search_term_string}"},"query-input":{"@type":"PropertyValueSpecification","valueRequired":true,"valueName":"search_term_string"}}],"inLanguage":"it-IT"}]}},"_links":{"self":[{"href":"https:\/\/comprardevoluciones.com\/it\/wp-json\/wp\/v2\/product\/165839","targetHints":{"allow":["GET"]}}],"collection":[{"href":"https:\/\/comprardevoluciones.com\/it\/wp-json\/wp\/v2\/product"}],"about":[{"href":"https:\/\/comprardevoluciones.com\/it\/wp-json\/wp\/v2\/types\/product"}],"wp:featuredmedia":[{"embeddable":true,"href":"https:\/\/comprardevoluciones.com\/it\/wp-json\/wp\/v2\/media\/166492"}],"wp:attachment":[{"href":"https:\/\/comprardevoluciones.com\/it\/wp-json\/wp\/v2\/media?parent=165839"}],"wp:term":[{"taxonomy":"product_brand","embeddable":true,"href":"https:\/\/comprardevoluciones.com\/it\/wp-json\/wp\/v2\/product_brand?post=165839"},{"taxonomy":"product_cat","embeddable":true,"href":"https:\/\/comprardevoluciones.com\/it\/wp-json\/wp\/v2\/product_cat?post=165839"},{"taxonomy":"product_tag","embeddable":true,"href":"https:\/\/comprardevoluciones.com\/it\/wp-json\/wp\/v2\/product_tag?post=165839"}],"curies":[{"name":"wp","href":"https:\/\/api.w.org\/{rel}","templated":true}]}}