{"id":166446,"date":"2026-04-01T09:30:25","date_gmt":"2026-04-01T08:30:25","guid":{"rendered":"https:\/\/comprardevoluciones.com\/?post_type=product&#038;p=166446"},"modified":"2026-04-01T10:10:08","modified_gmt":"2026-04-01T09:10:08","slug":"spnm9kw4m7w","status":"publish","type":"product","link":"https:\/\/comprardevoluciones.com\/it\/producto\/spnm9kw4m7w\/","title":{"rendered":"Caja de Herramientas [32 productos] (spNM9KW4M7W)"},"content":{"rendered":"<p>Descripci\u00f3n y valor aproximados<\/p>\n<table>\n<tbody>\n<tr>\n<td><strong>FUENTE<\/strong><\/td>\n<td><strong>PRODUCTO<\/strong><\/td>\n<td><strong>VALOR (\u20ac)<\/strong><\/td>\n<td><strong>PAGAS (\u20ac)<\/strong><\/td>\n<\/tr>\n<tr>\n<td>MARKETPLACES<\/td>\n<td><a class=\"ljoptimizer\" href=\"https:\/\/www.amazon.es\/dp\/B0CC67PYHY?tag=amazon087683-21&amp;th=1\" target=\"_blank\" rel=\"nofollow noopener\">Netatmo Termostato Inteligente y Conectado de Ahorro de energ\u00eda, WiFi, controla la calefacci\u00f3n de Forma remota Mediante la aplicaci\u00f3n|Compatible con Calderas Individuales, NTH01-AMZ<\/a><\/td>\n<td>202 \u20ac<\/td>\n<td>47 \u20ac<\/td>\n<\/tr>\n<tr>\n<td>MARKETPLACES<\/td>\n<td><a class=\"ljoptimizer\" href=\"https:\/\/www.amazon.es\/dp\/B0CRHS6W72?tag=amazon087683-21&amp;th=1\" target=\"_blank\" rel=\"nofollow noopener\">Yale Linus Smart Lock L2 &#8211; Plata &#8211; 05\/103210\/SI &#8211; Acceso sin llave &#8211; Instalaci\u00f3n DIY &#8211; Bloqueo\/Desbloqueo remoto &#8211; Teclas virtuales &#8211; Alertas en tiempo real<\/a><\/td>\n<td>190 \u20ac<\/td>\n<td>44 \u20ac<\/td>\n<\/tr>\n<tr>\n<td>MARKETPLACES<\/td>\n<td><a class=\"ljoptimizer\" href=\"https:\/\/www.amazon.es\/dp\/B07YKPDFF3?tag=amazon087683-21&amp;th=1\" target=\"_blank\" rel=\"nofollow noopener\">Fermax Monitor Veo 4,3&#8243; DUOX Plus<\/a><\/td>\n<td>134 \u20ac<\/td>\n<td>31 \u20ac<\/td>\n<\/tr>\n<tr>\n<td>MARKETPLACES<\/td>\n<td><a class=\"ljoptimizer\" href=\"https:\/\/www.amazon.es\/dp\/B07TRLTVWY?tag=amazon087683-21&amp;th=1\" target=\"_blank\" rel=\"nofollow noopener\">Green Cell\u00ae 1000W\/2000W 24V a 220V\/230V Onda sinusoidal Pura Inversor de Corriente DC AC Power Inverter Transformador de Voltaje para Camion con Puerto USB y Pinzas de conexi\u00f3n a bater\u00eda<\/a><\/td>\n<td>129 \u20ac<\/td>\n<td>30 \u20ac<\/td>\n<\/tr>\n<tr>\n<td>MARKETPLACES<\/td>\n<td><a class=\"ljoptimizer\" href=\"https:\/\/www.amazon.es\/dp\/B07MXXC1F9?tag=amazon087683-21&amp;th=1\" target=\"_blank\" rel=\"nofollow noopener\">Roca Carmen Grifer\u00eda para lavabo retro de f\u00e1cil instalaci\u00f3n, grifo bimando vintage con enlaces de alimentaci\u00f3n flexibles, mezclador para cuarto de ba\u00f1o con desag\u00fce click-clack, cromado, A5A3A4BC00<\/a><\/td>\n<td>125 \u20ac<\/td>\n<td>29 \u20ac<\/td>\n<\/tr>\n<tr>\n<td>MARKETPLACES<\/td>\n<td><a class=\"ljoptimizer\" href=\"https:\/\/www.amazon.es\/dp\/B07YDYNSB3?tag=amazon087683-21&amp;th=1\" target=\"_blank\" rel=\"nofollow noopener\">Garza Smart &#8211; Termostato Inal\u00e1mbrico Wifi Inteligente para caldera y calefacci\u00f3n, programable, pantalla t\u00e1ctil, Wifi 2.4GHz, control remoto por app y por voz Alexa\/Google, Color Negro<\/a><\/td>\n<td>107 \u20ac<\/td>\n<td>25 \u20ac<\/td>\n<\/tr>\n<tr>\n<td>MARKETPLACES<\/td>\n<td><a class=\"ljoptimizer\" href=\"https:\/\/www.amazon.es\/dp\/B07YDYNSB3?tag=amazon087683-21&amp;th=1\" target=\"_blank\" rel=\"nofollow noopener\">Garza Smart &#8211; Termostato Inal\u00e1mbrico Wifi Inteligente para caldera y calefacci\u00f3n, programable, pantalla t\u00e1ctil, Wifi 2.4GHz, control remoto por app y por voz Alexa\/Google, Color Negro<\/a><\/td>\n<td>107 \u20ac<\/td>\n<td>25 \u20ac<\/td>\n<\/tr>\n<tr>\n<td>MARKETPLACES<\/td>\n<td><a class=\"ljoptimizer\" href=\"https:\/\/www.amazon.es\/dp\/B09TL2MV5V?tag=amazon087683-21&amp;th=1\" target=\"_blank\" rel=\"nofollow noopener\">Wera 05023453001 454\/7 HF Set 2 Juego de destornilladores con mango en T Hex-Plus con funci\u00f3n de retenci\u00f3n, 7 piezas, Negro<\/a><\/td>\n<td>105 \u20ac<\/td>\n<td>24 \u20ac<\/td>\n<\/tr>\n<tr>\n<td>MARKETPLACES<\/td>\n<td><a class=\"ljoptimizer\" href=\"https:\/\/www.amazon.es\/dp\/B0F8B2STD1?tag=amazon087683-21&amp;th=1\" target=\"_blank\" rel=\"nofollow noopener\">Gato hidr\u00e1ulico para Coche 5T, 4 en 1 Gato El\u00e9ctrico de 12 V, con Bomba Inflable y luz LED, 15-45 cm de Alcance de Elevaci\u00f3n, para Auto SUV, Reparaciones de Emergencia y Cambio de Neum\u00e1ticos<\/a><\/td>\n<td>100 \u20ac<\/td>\n<td>23 \u20ac<\/td>\n<\/tr>\n<tr>\n<td>MARKETPLACES<\/td>\n<td><a class=\"ljoptimizer\" href=\"https:\/\/www.amazon.es\/dp\/B0CDXH73T4?tag=amazon087683-21&amp;th=1\" target=\"_blank\" rel=\"nofollow noopener\">Cofre de Techo para veh\u00edculo, Bolsa para Coche, Resistente a la Intemperie, 580 L, Nailon 1000D, 8 Correas reforzadas, 6 Ganchos para Puerta, para Viajes y Equipaje<\/a><\/td>\n<td>75 \u20ac<\/td>\n<td>17 \u20ac<\/td>\n<\/tr>\n<tr>\n<td>MARKETPLACES<\/td>\n<td><a class=\"ljoptimizer\" href=\"https:\/\/www.amazon.es\/dp\/B08QJF93YN?tag=amazon087683-21&amp;th=1\" target=\"_blank\" rel=\"nofollow noopener\">B\u00e1scula Grasa Corporal B\u00e1scula de Ba\u00f1o B\u00e1scula Inteligente Monitor de Composici\u00f3n Corporal, 18 Mediciones Esenciales, Pantalla LED, Dise\u00f1o de Esquina Redonda, para Andriod y iOS, 180kg\u2026<\/a><\/td>\n<td>50 \u20ac<\/td>\n<td>12 \u20ac<\/td>\n<\/tr>\n<tr>\n<td>MARKETPLACES<\/td>\n<td><a class=\"ljoptimizer\" href=\"https:\/\/www.amazon.es\/dp\/B0CLPFQFX7?tag=amazon087683-21&amp;th=1\" target=\"_blank\" rel=\"nofollow noopener\">Airoh Pinlock Original Commander 2<\/a><\/td>\n<td>42 \u20ac<\/td>\n<td>10 \u20ac<\/td>\n<\/tr>\n<tr>\n<td>MARKETPLACES<\/td>\n<td><a class=\"ljoptimizer\" href=\"https:\/\/www.amazon.es\/dp\/B01MTFR6Y1?tag=amazon087683-21&amp;th=1\" target=\"_blank\" rel=\"nofollow noopener\">Tesa Assa Abloy Cerradura de seguridad monopunto R200B de 4 bulones de cierre y picaporte, sin cilindro, entrada de 50mm, escudo E700L, acabado hierro latonado<\/a><\/td>\n<td>39 \u20ac<\/td>\n<td>9 \u20ac<\/td>\n<\/tr>\n<tr>\n<td>MARKETPLACES<\/td>\n<td><a class=\"ljoptimizer\" href=\"https:\/\/www.amazon.es\/dp\/B0CB4GNGNV?tag=amazon087683-21&amp;th=1\" target=\"_blank\" rel=\"nofollow noopener\">Rapid XP30 Herramienta de Colocaci\u00f3n para Tacos de Expansi\u00f3n Met\u00e1licos M4, M5 y M6, Fijaci\u00f3n de Tacos de Expansi\u00f3n Met\u00e1licos en Paredes de Pladur (5001539)<\/a><\/td>\n<td>30 \u20ac<\/td>\n<td>7 \u20ac<\/td>\n<\/tr>\n<tr>\n<td>MARKETPLACES<\/td>\n<td><a class=\"ljoptimizer\" href=\"https:\/\/www.amazon.es\/dp\/B01MTZQFKZ?tag=amazon087683-21&amp;th=1\" target=\"_blank\" rel=\"nofollow noopener\">BGS 9063 | Llaves para tanque de combustible, 3 garras, universal | 89 &#8211; 170 mm<\/a><\/td>\n<td>29 \u20ac<\/td>\n<td>7 \u20ac<\/td>\n<\/tr>\n<tr>\n<td>MARKETPLACES<\/td>\n<td><a class=\"ljoptimizer\" href=\"https:\/\/www.amazon.es\/dp\/B0BGBM2B1P?tag=amazon087683-21&amp;th=1\" target=\"_blank\" rel=\"nofollow noopener\">MOES Zigbee Interruptor Inal\u00e1mbrico Inteligente, 4 V\u00eda 12 Scene Smart Button Switch para Tuya Smart Device, Requiere Tuya\/MOES\/Smart Life APP(bater\u00eda incluida,blanco)<\/a><\/td>\n<td>27 \u20ac<\/td>\n<td>6 \u20ac<\/td>\n<\/tr>\n<tr>\n<td>MARKETPLACES<\/td>\n<td><a class=\"ljoptimizer\" href=\"https:\/\/www.amazon.es\/dp\/B000K2NQ9U?tag=amazon087683-21&amp;th=1\" target=\"_blank\" rel=\"nofollow noopener\">Br\u00fcder Mannesmann Mannesmann M10997 Zangensatz 4-teilig<\/a><\/td>\n<td>24 \u20ac<\/td>\n<td>5 \u20ac<\/td>\n<\/tr>\n<tr>\n<td>MARKETPLACES<\/td>\n<td><a class=\"ljoptimizer\" href=\"https:\/\/www.amazon.es\/dp\/B09BR1RLWK?tag=amazon087683-21&amp;th=1\" target=\"_blank\" rel=\"nofollow noopener\">VIGRUE 840 St\u00fcck Sechskantmutter DIN 934, Edelstahl Muttern Sortiment Schraubenmutter mit Flache Unterlegscheiben M2 M2.5 M3 M4 M5 M6 M8 M10 M12 im Sortimentskasten<\/a><\/td>\n<td>23 \u20ac<\/td>\n<td>5 \u20ac<\/td>\n<\/tr>\n<tr>\n<td>MARKETPLACES<\/td>\n<td><a class=\"ljoptimizer\" href=\"https:\/\/www.amazon.es\/dp\/B09XJZBSXL?tag=amazon087683-21&amp;th=1\" target=\"_blank\" rel=\"nofollow noopener\">Manguera de repuesto para hidrolimpiadora 10 m * 180 bar, compatible con limpiadoras de alta presi\u00f3n Lavor Super Wash 160\u2026<\/a><\/td>\n<td>22 \u20ac<\/td>\n<td>5 \u20ac<\/td>\n<\/tr>\n<tr>\n<td>MARKETPLACES<\/td>\n<td><a class=\"ljoptimizer\" href=\"https:\/\/www.amazon.es\/dp\/B0G23VKS79?tag=amazon087683-21&amp;th=1\" target=\"_blank\" rel=\"nofollow noopener\">Mesa de Coche para Asiento Trasero de copiloto, Escritorio con Soporte para Bebidas y Soporte para tel\u00e9fono m\u00f3vil, Mesa de Comedor Multifuncional para Viajes en Coche, para Trabajar, Escribir<\/a><\/td>\n<td>22 \u20ac<\/td>\n<td>5 \u20ac<\/td>\n<\/tr>\n<tr>\n<td>MARKETPLACES<\/td>\n<td><a class=\"ljoptimizer\" href=\"https:\/\/www.amazon.es\/dp\/B09VL36ZYN?tag=amazon087683-21&amp;th=1\" target=\"_blank\" rel=\"nofollow noopener\">Frankberg Kit de Cadena distribuci\u00f3n Compatible con X-Trail T30 2.2 dCi X-Trail T30 2.2 dCi 4&#215;4 Primera Hatchback P12 2.2 dCi Primera Touring WP12 2.2 dCi X-Trail T30 2.2 Di 4&#215;4 TC0290FK,13028-AD20A<\/a><\/td>\n<td>22 \u20ac<\/td>\n<td>5 \u20ac<\/td>\n<\/tr>\n<tr>\n<td>MARKETPLACES<\/td>\n<td><a class=\"ljoptimizer\" href=\"https:\/\/www.amazon.es\/dp\/B07D739PBG?tag=amazon087683-21&amp;th=1\" target=\"_blank\" rel=\"nofollow noopener\">Favoto Funda para Moto Cubierta de la Motocicleta 210T Protectora Poli\u00e9ster con Banda Reflectante a Prueba de Sol Agua Lluvia Polvo Viento Nieve Excremento de P\u00e1jaro al Aire Libre XXL 245cm<\/a><\/td>\n<td>21 \u20ac<\/td>\n<td>5 \u20ac<\/td>\n<\/tr>\n<tr>\n<td>MARKETPLACES<\/td>\n<td><a class=\"ljoptimizer\" href=\"https:\/\/www.amazon.es\/dp\/B0BWY434K9?tag=amazon087683-21&amp;th=1\" target=\"_blank\" rel=\"nofollow noopener\">YUMILI Timbre Escolar de Acero Inoxidable, Timbre Escolar El\u00e9ctrico, Timbres Potentes, Antichispas Campana Con Anillo de Tiempo Chispas Tipo Timbrede Externo Para F\u00e1bricas Escolares, 150 mm CA 220V<\/a><\/td>\n<td>19 \u20ac<\/td>\n<td>4 \u20ac<\/td>\n<\/tr>\n<tr>\n<td>MARKETPLACES<\/td>\n<td><a class=\"ljoptimizer\" href=\"https:\/\/www.amazon.es\/dp\/B07MZYDCXY?tag=amazon087683-21&amp;th=1\" target=\"_blank\" rel=\"nofollow noopener\">Dunlop Funda Coche XL &#8211; Funda Protectora para Coche Universal &#8211; Cubierta para Coche 534 x 178 x 120 cm &#8211; con Cord\u00f3n El\u00e1stico y Anillos &#8211; Impermeable para Interior y Exterior &#8211; Gris<\/a><\/td>\n<td>18 \u20ac<\/td>\n<td>4 \u20ac<\/td>\n<\/tr>\n<tr>\n<td>MARKETPLACES<\/td>\n<td><a class=\"ljoptimizer\" href=\"https:\/\/www.amazon.es\/dp\/B07DWTT4RN?tag=amazon087683-21&amp;th=1\" target=\"_blank\" rel=\"nofollow noopener\">RD9 &#8211; JUEGO CABALLETES\/BORRIQUETAS PLEGABLES 2Tn &#8211; 2 und.<\/a><\/td>\n<td>18 \u20ac<\/td>\n<td>4 \u20ac<\/td>\n<\/tr>\n<tr>\n<td>MARKETPLACES<\/td>\n<td><a class=\"ljoptimizer\" href=\"https:\/\/www.amazon.es\/dp\/B0DGXMZ9GD?tag=amazon087683-21&amp;th=1\" target=\"_blank\" rel=\"nofollow noopener\">SONOFF MINI-D Matter Interruptor Inteligente para Puerta de Garaje, Conmutador con Contacto Seco, Soporte para Entrada CC (12-48V) Carga M\u00e1xima 8W, Compatible con Alexa y Google Home<\/a><\/td>\n<td>15 \u20ac<\/td>\n<td>3 \u20ac<\/td>\n<\/tr>\n<tr>\n<td>MARKETPLACES<\/td>\n<td><a class=\"ljoptimizer\" href=\"https:\/\/www.amazon.es\/dp\/B07TZQC9NY?tag=amazon087683-21&amp;th=1\" target=\"_blank\" rel=\"nofollow noopener\">Tres Espadas &#8211; Tijeras manicura u\u00f1as curva, acero inoxidable &#8211; Made in Germany<\/a><\/td>\n<td>15 \u20ac<\/td>\n<td>3 \u20ac<\/td>\n<\/tr>\n<tr>\n<td>MARKETPLACES<\/td>\n<td><a class=\"ljoptimizer\" href=\"https:\/\/www.amazon.es\/dp\/B017IPI8YY?tag=amazon087683-21&amp;th=1\" target=\"_blank\" rel=\"nofollow noopener\">Rayt 1760-85 Benkola papel vinilo: Cola para empapelar. Lista al uso. Papel pintado o vinilo con dorso de papel o tejido. 2,5 kg<\/a><\/td>\n<td>14 \u20ac<\/td>\n<td>3 \u20ac<\/td>\n<\/tr>\n<tr>\n<td>MARKETPLACES<\/td>\n<td><a class=\"ljoptimizer\" href=\"https:\/\/www.amazon.es\/dp\/B008HRFFJE?tag=amazon087683-21&amp;th=1\" target=\"_blank\" rel=\"nofollow noopener\">Bosch Professional 2 607 017 082 &#8211; Juego de 7 brocas para hormig\u00f3n, Gris, \u00d8 4\/5\/6\/6\/7\/8\/10 mm<\/a><\/td>\n<td>12 \u20ac<\/td>\n<td>3 \u20ac<\/td>\n<\/tr>\n<tr>\n<td>MARKETPLACES<\/td>\n<td><a class=\"ljoptimizer\" href=\"https:\/\/www.amazon.es\/dp\/B0C58PNZBK?tag=amazon087683-21&amp;th=1\" target=\"_blank\" rel=\"nofollow noopener\">Ibergrif Duschkopf mit Filter \u2013 Wassersparende Hochdruck-Handbrause mit 3 Strahlarten, 3-Schichten-Filtration gegen Chlor, Bakterien &amp; Kalk, Antikalk-Funktion, Chrom \u2013 F\u00fcr Hartes Wasser, M22025<\/a><\/td>\n<td>11 \u20ac<\/td>\n<td>3 \u20ac<\/td>\n<\/tr>\n<tr>\n<td>MARKETPLACES<\/td>\n<td><a class=\"ljoptimizer\" href=\"https:\/\/www.amazon.es\/dp\/B00S12CC6Y?tag=amazon087683-21&amp;th=1\" target=\"_blank\" rel=\"nofollow noopener\">Fermax TELEFONO CITYMAX BASIC BLANCO<\/a><\/td>\n<td>11 \u20ac<\/td>\n<td>2 \u20ac<\/td>\n<\/tr>\n<tr>\n<td>MARKETPLACES<\/td>\n<td><a class=\"ljoptimizer\" href=\"https:\/\/www.amazon.es\/dp\/B0DSHYLHM9?tag=amazon087683-21&amp;th=1\" target=\"_blank\" rel=\"nofollow noopener\">2 Piezas Excentricas Grifo Ajustable Exc\u00e9ntricas Grifo Ducha Exc\u00e9ntricas Regulables Adaptador Grifo Ducha 360\u00b0 Ajustable Pie Curvado Angular Longitud Ajustable para Cocina Ba\u00f1o<\/a><\/td>\n<td>10 \u20ac<\/td>\n<td>2 \u20ac<\/td>\n<\/tr>\n<\/tbody>\n<\/table>\n","protected":false},"excerpt":{"rendered":"<p>Caja de Herramientas sin revisar procedente de devoluciones de marketplaces<\/p>\n<ul>\n<li>N\u00famero de productos: 32<\/li>\n<li>Valor aproximado: 1768.00<\/li>\n<li>Porcentaje que se paga: 19% + IVA<\/li>\n<li>Tiempo de entrega estimado: 3 a 7 d\u00edas<\/li>\n<\/ul>\n<p>*Los precios incluyen IVA<\/p>\n","protected":false},"featured_media":166890,"template":"","meta":{"site-sidebar-layout":"default","site-content-layout":"","ast-site-content-layout":"default","site-content-style":"default","site-sidebar-style":"default","ast-global-header-display":"","ast-banner-title-visibility":"","ast-main-header-display":"","ast-hfb-above-header-display":"","ast-hfb-below-header-display":"","ast-hfb-mobile-header-display":"","site-post-title":"","ast-breadcrumbs-content":"","ast-featured-img":"","footer-sml-layout":"","ast-disable-related-posts":"","theme-transparent-header-meta":"default","adv-header-id-meta":"","stick-header-meta":"","header-above-stick-meta":"","header-main-stick-meta":"","header-below-stick-meta":"","astra-migrate-meta-layouts":"set","ast-page-background-enabled":"default","ast-page-background-meta":{"desktop":{"background-color":"var(--ast-global-color-4)","background-image":"","background-repeat":"repeat","background-position":"center center","background-size":"auto","background-attachment":"scroll","background-type":"","background-media":"","overlay-type":"","overlay-color":"","overlay-opacity":"","overlay-gradient":""},"tablet":{"background-color":"","background-image":"","background-repeat":"repeat","background-position":"center center","background-size":"auto","background-attachment":"scroll","background-type":"","background-media":"","overlay-type":"","overlay-color":"","overlay-opacity":"","overlay-gradient":""},"mobile":{"background-color":"","background-image":"","background-repeat":"repeat","background-position":"center center","background-size":"auto","background-attachment":"scroll","background-type":"","background-media":"","overlay-type":"","overlay-color":"","overlay-opacity":"","overlay-gradient":""}},"ast-content-background-meta":{"desktop":{"background-color":"var(--ast-global-color-5)","background-image":"","background-repeat":"repeat","background-position":"center center","background-size":"auto","background-attachment":"scroll","background-type":"","background-media":"","overlay-type":"","overlay-color":"","overlay-opacity":"","overlay-gradient":""},"tablet":{"background-color":"var(--ast-global-color-5)","background-image":"","background-repeat":"repeat","background-position":"center center","background-size":"auto","background-attachment":"scroll","background-type":"","background-media":"","overlay-type":"","overlay-color":"","overlay-opacity":"","overlay-gradient":""},"mobile":{"background-color":"var(--ast-global-color-5)","background-image":"","background-repeat":"repeat","background-position":"center center","background-size":"auto","background-attachment":"scroll","background-type":"","background-media":"","overlay-type":"","overlay-color":"","overlay-opacity":"","overlay-gradient":""}}},"product_brand":[],"product_cat":[49,42],"product_tag":[],"class_list":{"0":"post-166446","1":"product","2":"type-product","3":"status-publish","4":"has-post-thumbnail","6":"product_cat-cajas","7":"product_cat-herramientas","8":"product_shipping_class-caja","9":"desktop-align-left","10":"tablet-align-left","11":"mobile-align-left","13":"first","14":"instock","15":"sale","16":"downloadable","17":"taxable","18":"shipping-taxable","19":"purchasable","20":"product-type-simple"},"yoast_head":"<!-- This site is optimized with the Yoast SEO plugin v27.2 - https:\/\/yoast.com\/product\/yoast-seo-wordpress\/ -->\n<title>Caja de Herramientas [32 productos] (spNM9KW4M7W) - Comprardevoluciones - Tu tienda de Devoluciones de Amazon<\/title>\n<meta name=\"robots\" content=\"noindex, follow\" \/>\n<meta property=\"og:locale\" content=\"it_IT\" \/>\n<meta property=\"og:type\" content=\"article\" \/>\n<meta property=\"og:title\" content=\"Caja de Herramientas [32 productos] (spNM9KW4M7W) - Comprardevoluciones - Tu tienda de Devoluciones de Amazon\" \/>\n<meta property=\"og:description\" content=\"Caja de Herramientas sin revisar procedente de devoluciones de marketplaces   N\u00famero de productos: 32  Valor aproximado: 1768.00  Porcentaje que se paga: 19% + IVA  Tiempo de entrega estimado: 3 a 7 d\u00edas  *Los precios incluyen IVA\" \/>\n<meta property=\"og:url\" content=\"https:\/\/comprardevoluciones.com\/producto\/spnm9kw4m7w\/\" \/>\n<meta property=\"og:site_name\" content=\"Comprardevoluciones - Tu tienda de Devoluciones de Amazon\" \/>\n<meta property=\"article:modified_time\" content=\"2026-04-01T09:10:08+00:00\" \/>\n<meta property=\"og:image\" content=\"https:\/\/comprardevoluciones.com\/wp-content\/uploads\/2026\/03\/spNM9KW4M7W.jpg\" \/>\n\t<meta property=\"og:image:width\" content=\"700\" \/>\n\t<meta property=\"og:image:height\" content=\"700\" \/>\n\t<meta property=\"og:image:type\" content=\"image\/jpeg\" \/>\n<meta name=\"twitter:card\" content=\"summary_large_image\" \/>\n<meta name=\"twitter:label1\" content=\"Tempo di lettura stimato\" \/>\n\t<meta name=\"twitter:data1\" content=\"5 minuti\" \/>\n<script type=\"application\/ld+json\" class=\"yoast-schema-graph\">{\"@context\":\"https:\/\/schema.org\",\"@graph\":[{\"@type\":\"WebPage\",\"@id\":\"https:\/\/comprardevoluciones.com\/producto\/spnm9kw4m7w\/\",\"url\":\"https:\/\/comprardevoluciones.com\/producto\/spnm9kw4m7w\/\",\"name\":\"Caja de Herramientas [32 productos] (spNM9KW4M7W) - Comprardevoluciones - Tu tienda de Devoluciones de Amazon\",\"isPartOf\":{\"@id\":\"https:\/\/comprardevoluciones.com\/#website\"},\"primaryImageOfPage\":{\"@id\":\"https:\/\/comprardevoluciones.com\/producto\/spnm9kw4m7w\/#primaryimage\"},\"image\":{\"@id\":\"https:\/\/comprardevoluciones.com\/producto\/spnm9kw4m7w\/#primaryimage\"},\"thumbnailUrl\":\"https:\/\/comprardevoluciones.com\/wp-content\/uploads\/2026\/03\/spNM9KW4M7W.jpg\",\"datePublished\":\"2026-04-01T08:30:25+00:00\",\"dateModified\":\"2026-04-01T09:10:08+00:00\",\"breadcrumb\":{\"@id\":\"https:\/\/comprardevoluciones.com\/producto\/spnm9kw4m7w\/#breadcrumb\"},\"inLanguage\":\"it-IT\",\"potentialAction\":[{\"@type\":\"ReadAction\",\"target\":[\"https:\/\/comprardevoluciones.com\/producto\/spnm9kw4m7w\/\"]}]},{\"@type\":\"ImageObject\",\"inLanguage\":\"it-IT\",\"@id\":\"https:\/\/comprardevoluciones.com\/producto\/spnm9kw4m7w\/#primaryimage\",\"url\":\"https:\/\/comprardevoluciones.com\/wp-content\/uploads\/2026\/03\/spNM9KW4M7W.jpg\",\"contentUrl\":\"https:\/\/comprardevoluciones.com\/wp-content\/uploads\/2026\/03\/spNM9KW4M7W.jpg\",\"width\":700,\"height\":700},{\"@type\":\"BreadcrumbList\",\"@id\":\"https:\/\/comprardevoluciones.com\/producto\/spnm9kw4m7w\/#breadcrumb\",\"itemListElement\":[{\"@type\":\"ListItem\",\"position\":1,\"name\":\"Portada\",\"item\":\"https:\/\/comprardevoluciones.com\/it\/\"},{\"@type\":\"ListItem\",\"position\":2,\"name\":\"Negozio\",\"item\":\"https:\/\/comprardevoluciones.com\/it\/negozio\/\"},{\"@type\":\"ListItem\",\"position\":3,\"name\":\"Caja de Herramientas [32 productos] (spNM9KW4M7W)\"}]},{\"@type\":\"WebSite\",\"@id\":\"https:\/\/comprardevoluciones.com\/#website\",\"url\":\"https:\/\/comprardevoluciones.com\/\",\"name\":\"Comprardevoluciones - Tu tienda de Devoluciones de Amazon\",\"description\":\"Consigue Stock en buen estado a un precio imbatible\",\"potentialAction\":[{\"@type\":\"SearchAction\",\"target\":{\"@type\":\"EntryPoint\",\"urlTemplate\":\"https:\/\/comprardevoluciones.com\/?s={search_term_string}\"},\"query-input\":{\"@type\":\"PropertyValueSpecification\",\"valueRequired\":true,\"valueName\":\"search_term_string\"}}],\"inLanguage\":\"it-IT\"}]}<\/script>\n<!-- \/ Yoast SEO plugin. -->","yoast_head_json":{"title":"Caja de Herramientas [32 productos] (spNM9KW4M7W) - Comprardevoluciones - Tu tienda de Devoluciones de Amazon","robots":{"index":"noindex","follow":"follow"},"og_locale":"it_IT","og_type":"article","og_title":"Caja de Herramientas [32 productos] (spNM9KW4M7W) - Comprardevoluciones - Tu tienda de Devoluciones de Amazon","og_description":"Caja de Herramientas sin revisar procedente de devoluciones de marketplaces   N\u00famero de productos: 32  Valor aproximado: 1768.00  Porcentaje que se paga: 19% + IVA  Tiempo de entrega estimado: 3 a 7 d\u00edas  *Los precios incluyen IVA","og_url":"https:\/\/comprardevoluciones.com\/producto\/spnm9kw4m7w\/","og_site_name":"Comprardevoluciones - Tu tienda de Devoluciones de Amazon","article_modified_time":"2026-04-01T09:10:08+00:00","og_image":[{"width":700,"height":700,"url":"https:\/\/comprardevoluciones.com\/wp-content\/uploads\/2026\/03\/spNM9KW4M7W.jpg","type":"image\/jpeg"}],"twitter_card":"summary_large_image","twitter_misc":{"Tempo di lettura stimato":"5 minuti"},"schema":{"@context":"https:\/\/schema.org","@graph":[{"@type":"WebPage","@id":"https:\/\/comprardevoluciones.com\/producto\/spnm9kw4m7w\/","url":"https:\/\/comprardevoluciones.com\/producto\/spnm9kw4m7w\/","name":"Caja de Herramientas [32 productos] (spNM9KW4M7W) - Comprardevoluciones - Tu tienda de Devoluciones de Amazon","isPartOf":{"@id":"https:\/\/comprardevoluciones.com\/#website"},"primaryImageOfPage":{"@id":"https:\/\/comprardevoluciones.com\/producto\/spnm9kw4m7w\/#primaryimage"},"image":{"@id":"https:\/\/comprardevoluciones.com\/producto\/spnm9kw4m7w\/#primaryimage"},"thumbnailUrl":"https:\/\/comprardevoluciones.com\/wp-content\/uploads\/2026\/03\/spNM9KW4M7W.jpg","datePublished":"2026-04-01T08:30:25+00:00","dateModified":"2026-04-01T09:10:08+00:00","breadcrumb":{"@id":"https:\/\/comprardevoluciones.com\/producto\/spnm9kw4m7w\/#breadcrumb"},"inLanguage":"it-IT","potentialAction":[{"@type":"ReadAction","target":["https:\/\/comprardevoluciones.com\/producto\/spnm9kw4m7w\/"]}]},{"@type":"ImageObject","inLanguage":"it-IT","@id":"https:\/\/comprardevoluciones.com\/producto\/spnm9kw4m7w\/#primaryimage","url":"https:\/\/comprardevoluciones.com\/wp-content\/uploads\/2026\/03\/spNM9KW4M7W.jpg","contentUrl":"https:\/\/comprardevoluciones.com\/wp-content\/uploads\/2026\/03\/spNM9KW4M7W.jpg","width":700,"height":700},{"@type":"BreadcrumbList","@id":"https:\/\/comprardevoluciones.com\/producto\/spnm9kw4m7w\/#breadcrumb","itemListElement":[{"@type":"ListItem","position":1,"name":"Portada","item":"https:\/\/comprardevoluciones.com\/it\/"},{"@type":"ListItem","position":2,"name":"Negozio","item":"https:\/\/comprardevoluciones.com\/it\/negozio\/"},{"@type":"ListItem","position":3,"name":"Caja de Herramientas [32 productos] (spNM9KW4M7W)"}]},{"@type":"WebSite","@id":"https:\/\/comprardevoluciones.com\/#website","url":"https:\/\/comprardevoluciones.com\/","name":"Comprardevoluciones - Tu tienda de Devoluciones de Amazon","description":"Consigue Stock en buen estado a un precio imbatible","potentialAction":[{"@type":"SearchAction","target":{"@type":"EntryPoint","urlTemplate":"https:\/\/comprardevoluciones.com\/?s={search_term_string}"},"query-input":{"@type":"PropertyValueSpecification","valueRequired":true,"valueName":"search_term_string"}}],"inLanguage":"it-IT"}]}},"_links":{"self":[{"href":"https:\/\/comprardevoluciones.com\/it\/wp-json\/wp\/v2\/product\/166446","targetHints":{"allow":["GET"]}}],"collection":[{"href":"https:\/\/comprardevoluciones.com\/it\/wp-json\/wp\/v2\/product"}],"about":[{"href":"https:\/\/comprardevoluciones.com\/it\/wp-json\/wp\/v2\/types\/product"}],"wp:featuredmedia":[{"embeddable":true,"href":"https:\/\/comprardevoluciones.com\/it\/wp-json\/wp\/v2\/media\/166890"}],"wp:attachment":[{"href":"https:\/\/comprardevoluciones.com\/it\/wp-json\/wp\/v2\/media?parent=166446"}],"wp:term":[{"taxonomy":"product_brand","embeddable":true,"href":"https:\/\/comprardevoluciones.com\/it\/wp-json\/wp\/v2\/product_brand?post=166446"},{"taxonomy":"product_cat","embeddable":true,"href":"https:\/\/comprardevoluciones.com\/it\/wp-json\/wp\/v2\/product_cat?post=166446"},{"taxonomy":"product_tag","embeddable":true,"href":"https:\/\/comprardevoluciones.com\/it\/wp-json\/wp\/v2\/product_tag?post=166446"}],"curies":[{"name":"wp","href":"https:\/\/api.w.org\/{rel}","templated":true}]}}