{"id":168829,"date":"2026-04-10T09:59:16","date_gmt":"2026-04-10T08:59:16","guid":{"rendered":"https:\/\/comprardevoluciones.com\/?post_type=product&#038;p=168829"},"modified":"2026-04-09T23:19:40","modified_gmt":"2026-04-09T22:19:40","slug":"10226539","status":"publish","type":"product","link":"https:\/\/comprardevoluciones.com\/it\/producto\/10226539\/","title":{"rendered":"Pal\u00e9 de Electrodom\u00e9sticos [27 productos] (10226539)"},"content":{"rendered":"<p>Descripci\u00f3n y valor aproximados<\/p>\n<table>\n<tbody>\n<tr>\n<td><strong>FUENTE<\/strong><\/td>\n<td><strong>PRODUCTO<\/strong><\/td>\n<td><strong>VALOR (\u20ac)<\/strong><\/td>\n<td><strong>PAGAS (\u20ac)<\/strong><\/td>\n<\/tr>\n<tr>\n<td>MARKETPLACES<\/td>\n<td><a class=\"ljoptimizer\" href=\"https:\/\/www.amazon.es\/dp\/B0CH3NN92D?tag=amazon087683-21&amp;th=1\" target=\"_blank\" rel=\"nofollow noopener\">Sage The Barista Touch Impress &#8211; Cafetera Profesional con Espumador de Leche Autom\u00e1tico y Molinillo Incorporado &#8211; Capuccino, Latte, Espresso &#8211; F\u00e1cil de Usar, 8 Preajustes, Acero Inoxidable Negro<\/a><\/td>\n<td>1524<\/td>\n<td>351<\/td>\n<\/tr>\n<tr>\n<td>MARKETPLACES<\/td>\n<td><a class=\"ljoptimizer\" href=\"https:\/\/www.amazon.es\/dp\/B07MMSHC4R?tag=amazon087683-21&amp;th=1\" target=\"_blank\" rel=\"nofollow noopener\">Philips Serie 2200 Cafetera Espresso Autom\u00e1tica &#8211; 2 Caf\u00e9s, Pantalla T\u00e1ctil, Espumador de Leche Cl\u00e1sico, Molinillo Cer\u00e1mico, Negro Mate (EP2220\/10)<\/a><\/td>\n<td>269<\/td>\n<td>62<\/td>\n<\/tr>\n<tr>\n<td>MARKETPLACES<\/td>\n<td><a class=\"ljoptimizer\" href=\"https:\/\/www.amazon.es\/dp\/B0DZH6KQDJ?tag=amazon087683-21&amp;th=1\" target=\"_blank\" rel=\"nofollow noopener\">LEFANT M2Pro Robot Aspirador y Fregasuelos con Mapeo, Robot Aspirador de Vaciado Autom\u00e1tico del Polvo, Aspirador Robot de 6000Pa, Navegaci\u00f3n L\u00e1ser dTOF, Tecnolog\u00eda de Evitaci\u00f3n de Obst\u00e1culos PSD, Gris<\/a><\/td>\n<td>236<\/td>\n<td>54<\/td>\n<\/tr>\n<tr>\n<td>MARKETPLACES<\/td>\n<td><a class=\"ljoptimizer\" href=\"https:\/\/www.amazon.es\/dp\/B01MXKH2FM?tag=amazon087683-21&amp;th=1\" target=\"_blank\" rel=\"nofollow noopener\">XIAOMI Robot Vacuum S12 &#8211; Robot Aspirador y fregasuelos con Sistema Inteligente de navegaci\u00f3n l\u00e1ser (LDS), succi\u00f3n de 4000 Pa, rutas de Limpieza en Zigzag, Blanco<\/a><\/td>\n<td>234<\/td>\n<td>54<\/td>\n<\/tr>\n<tr>\n<td>MARKETPLACES<\/td>\n<td><a class=\"ljoptimizer\" href=\"https:\/\/www.amazon.es\/dp\/B01MXKH2FM?tag=amazon087683-21&amp;th=1\" target=\"_blank\" rel=\"nofollow noopener\">XIAOMI Robot Vacuum S12 &#8211; Robot Aspirador y fregasuelos con Sistema Inteligente de navegaci\u00f3n l\u00e1ser (LDS), succi\u00f3n de 4000 Pa, rutas de Limpieza en Zigzag, Blanco<\/a><\/td>\n<td>234<\/td>\n<td>54<\/td>\n<\/tr>\n<tr>\n<td>MARKETPLACES<\/td>\n<td><a class=\"ljoptimizer\" href=\"https:\/\/www.amazon.es\/dp\/B0DHL76BQ3?tag=amazon087683-21&amp;th=1\" target=\"_blank\" rel=\"nofollow noopener\">Cecotec Robot Aspirador Conga 9590 Spin Revolution Ultra Power Navegaci\u00f3n l\u00e1ser Inteligente, 10.000 Pa, M\u00e1x 240 min autonom\u00eda, Mopas giratorias. Cepillo de Silicona, \u00f3ptimo para Pelo de Mascotas<\/a><\/td>\n<td>229<\/td>\n<td>53<\/td>\n<\/tr>\n<tr>\n<td>MARKETPLACES<\/td>\n<td><a class=\"ljoptimizer\" href=\"https:\/\/www.amazon.es\/dp\/B0DW4M17LC?tag=amazon087683-21&amp;th=1\" target=\"_blank\" rel=\"nofollow noopener\">Cecotec Robot Aspirador y Friegasuelos Conga 7690 Immortal MAX M. 5000Pa, Tecnolog\u00eda de Navegaci\u00f3n L\u00e1ser, Autonom\u00eda 220mins, Cepillo Central Silicona, Mopa de Fregado, 1 Cepillo Lateral, Control App<\/a><\/td>\n<td>199<\/td>\n<td>46<\/td>\n<\/tr>\n<tr>\n<td>MARKETPLACES<\/td>\n<td><a class=\"ljoptimizer\" href=\"https:\/\/www.amazon.es\/dp\/B0DK5VX3R4?tag=amazon087683-21&amp;th=1\" target=\"_blank\" rel=\"nofollow noopener\">Cecotec Cafetera Superautom\u00e1tica Compacta Cremmaet Compact, 19 Bares, Sistema Thermoblock, Grano reci\u00e9n molido con Plug&amp;Play, Dep\u00f3sito 150gr caf\u00e9 con molinillo, 1,1 L agua<\/a><\/td>\n<td>189<\/td>\n<td>43<\/td>\n<\/tr>\n<tr>\n<td>MARKETPLACES<\/td>\n<td><a class=\"ljoptimizer\" href=\"https:\/\/www.amazon.es\/dp\/B0BQ22SDF3?tag=amazon087683-21&amp;th=1\" target=\"_blank\" rel=\"nofollow noopener\">Cecotec Robot Aspirador y Friegasuelos Conga 7490 Immortal Genesis. Navegaci\u00f3n L\u00e1ser, 3000 Pa, Autonom\u00eda 120 Mins, Cepillo Central Multifunci\u00f3n, Mopa de fregado y Cepillo Lateral, App<\/a><\/td>\n<td>186<\/td>\n<td>43<\/td>\n<\/tr>\n<tr>\n<td>MARKETPLACES<\/td>\n<td><a class=\"ljoptimizer\" href=\"https:\/\/www.amazon.es\/dp\/B0DJD9587T?tag=amazon087683-21&amp;th=1\" target=\"_blank\" rel=\"nofollow noopener\">Cecotec Cafetera C\u00e1psulas Express con Tanque de Leche FreeStyle Latte T. 1350W, 20 Bares, Compatible con Caf\u00e9 Molido, Dolce Gusto, Nespresso y K-Fee, Dep\u00f3sito 1,6L de Agua y 400ml de Leche<\/a><\/td>\n<td>169<\/td>\n<td>39<\/td>\n<\/tr>\n<tr>\n<td>MARKETPLACES<\/td>\n<td><a class=\"ljoptimizer\" href=\"https:\/\/www.amazon.es\/dp\/B0BHJF4MHY?tag=amazon087683-21&amp;th=1\" target=\"_blank\" rel=\"nofollow noopener\">Cecotec Olla Programable con cabezal Freidora de Aire y B\u00e1scula GM H Deluxe Fry. Robot de cocina Multifunci\u00f3n, 6 Litros, Tapa Advance, Programable 24h, Temperatura Ajustable, Recetario<\/a><\/td>\n<td>169<\/td>\n<td>39<\/td>\n<\/tr>\n<tr>\n<td>MARKETPLACES<\/td>\n<td><a class=\"ljoptimizer\" href=\"https:\/\/www.amazon.es\/dp\/B06X3Z9MF3?tag=amazon087683-21&amp;th=1\" target=\"_blank\" rel=\"nofollow noopener\">De&#8217;Longhi Dedica &#8211; Cafetera de Bomba de Acero Inoxidable para Caf\u00e9 Molido o Monodosis, Cafetera para Espresso y Cappuccino, Dep\u00f3sito de 1.3 Litros, Sistema Anti-goteo, EC685.BK, Negro<\/a><\/td>\n<td>144<\/td>\n<td>33<\/td>\n<\/tr>\n<tr>\n<td>MARKETPLACES<\/td>\n<td><a class=\"ljoptimizer\" href=\"https:\/\/www.amazon.es\/dp\/B06WD7Z8GD?tag=amazon087683-21&amp;th=1\" target=\"_blank\" rel=\"nofollow noopener\">De&#8217;Longhi Dedica &#8211; Cafetera de Bomba de Acero Inoxidable para Caf\u00e9 Molido o Monodosis, Cafetera para Espresso y Cappuccino, Dep\u00f3sito de 1.3 Litros, Sistema Anti-goteo, EC685.R, Rojo<\/a><\/td>\n<td>144<\/td>\n<td>33<\/td>\n<\/tr>\n<tr>\n<td>MARKETPLACES<\/td>\n<td><a class=\"ljoptimizer\" href=\"https:\/\/www.amazon.es\/dp\/B06WD7Z8GD?tag=amazon087683-21&amp;th=1\" target=\"_blank\" rel=\"nofollow noopener\">De&#8217;Longhi Dedica &#8211; Cafetera de Bomba de Acero Inoxidable para Caf\u00e9 Molido o Monodosis, Cafetera para Espresso y Cappuccino, Dep\u00f3sito de 1.3 Litros, Sistema Anti-goteo, EC685.R, Rojo<\/a><\/td>\n<td>144<\/td>\n<td>33<\/td>\n<\/tr>\n<tr>\n<td>MARKETPLACES<\/td>\n<td><a class=\"ljoptimizer\" href=\"https:\/\/www.amazon.es\/dp\/B0D92CZC7Z?tag=amazon087683-21&amp;th=1\" target=\"_blank\" rel=\"nofollow noopener\">Krups Authentic, Cafetera Espresso Manual, 15 bares de presi\u00f3n, Espumador de leche, Ajuste Manual, Cuchara Medidora y Compactadora, dep\u00f3sito de 2 L de capacidad, Inox, XP381B<\/a><\/td>\n<td>120<\/td>\n<td>28<\/td>\n<\/tr>\n<tr>\n<td>MARKETPLACES<\/td>\n<td><a class=\"ljoptimizer\" href=\"https:\/\/www.amazon.es\/dp\/B0BPYWV8RP?tag=amazon087683-21&amp;th=1\" target=\"_blank\" rel=\"nofollow noopener\">Cecotec Cafetera express para espresso y cappuccino Cafelizzia ColdBrew. 20 Bares, Sistema ColdBrew para caf\u00e9 frio, Pantalla t\u00e1ctil, Vaporizador, Calientatazas, Dep\u00f3sito agua 1,2L extraible<\/a><\/td>\n<td>116<\/td>\n<td>27<\/td>\n<\/tr>\n<tr>\n<td>MARKETPLACES<\/td>\n<td><a class=\"ljoptimizer\" href=\"https:\/\/www.amazon.es\/dp\/B095HJY2JJ?tag=amazon087683-21&amp;th=1\" target=\"_blank\" rel=\"nofollow noopener\">Cecotec Deshumidificador Big Dry 4000 Expert Connected. Control Wifi, 10L\/d\u00eda, Dep\u00f3sito extra\u00edble 2,5L, Cobertura 105m3\/h, Gas R290, Silencioso, Humedad 40% a 80%, Pantalla LED, Apagado Autom\u00e1tico<\/a><\/td>\n<td>103<\/td>\n<td>24<\/td>\n<\/tr>\n<tr>\n<td>MARKETPLACES<\/td>\n<td><a class=\"ljoptimizer\" href=\"https:\/\/www.amazon.es\/dp\/B0BPZN92YD?tag=amazon087683-21&amp;th=1\" target=\"_blank\" rel=\"nofollow noopener\">Cecotec Procesador de alimentos Paprika 1300 Full, 2000W de Potencia, Acero Inoxidable, 2 Velocidades, 3 Discos de corte, Incluye Bowl 3,5 L, Jarra 1,8 y Exprimidor<\/a><\/td>\n<td>100<\/td>\n<td>23<\/td>\n<\/tr>\n<tr>\n<td>MARKETPLACES<\/td>\n<td><a class=\"ljoptimizer\" href=\"https:\/\/www.amazon.es\/dp\/B0BPYQ1HVP?tag=amazon087683-21&amp;th=1\" target=\"_blank\" rel=\"nofollow noopener\">Cecotec Aspirador Vertical sin Cable Ultraligero Scoba 2100 Twice MAX. 210 W y 20 kPa, Motor Digital Brusless, Autonom\u00eda 45 mins, Cabezal Motorizado Omnidireccional con Doble Cepillo, 3 Accesorios<\/a><\/td>\n<td>90<\/td>\n<td>21<\/td>\n<\/tr>\n<tr>\n<td>MARKETPLACES<\/td>\n<td><a class=\"ljoptimizer\" href=\"https:\/\/www.amazon.es\/dp\/B08B62Q9ZG?tag=amazon087683-21&amp;th=1\" target=\"_blank\" rel=\"nofollow noopener\">Relaxdays Cubo de Basura 2 Compartimentos, Papelera Cocina Extra\u00edble Bajo Fregadero, 2 x 20L, 41,3 x 34 x 51,8 cm, Gris<\/a><\/td>\n<td>88<\/td>\n<td>20<\/td>\n<\/tr>\n<tr>\n<td>MARKETPLACES<\/td>\n<td><a class=\"ljoptimizer\" href=\"https:\/\/www.amazon.es\/dp\/B0CG6FZZGX?tag=amazon087683-21&amp;th=1\" target=\"_blank\" rel=\"nofollow noopener\">Krups Nescaf\u00e9 Dolce Gusto Piccolo XS, Cafetera de c\u00e1psulas de 15 bares, 0,8L capacidad, Espuma Cremosa y Calentamiento R\u00e1pido en 40s, Modo eco, Color negro, Incluye 3 packs de caf\u00e9, KP1A3BCAS<\/a><\/td>\n<td>85<\/td>\n<td>20<\/td>\n<\/tr>\n<tr>\n<td>MARKETPLACES<\/td>\n<td><a class=\"ljoptimizer\" href=\"https:\/\/www.amazon.es\/dp\/B0BQ1GTF3L?tag=amazon087683-21&amp;th=1\" target=\"_blank\" rel=\"nofollow noopener\">Cecotec Cafetera Express Power Espresso 20 Pecan Pro. 1100 W, Tecnolog\u00eda ForceAroma de 20bars, Vaporizador Orientable, Brazo Doble, Bandeja Calienta Tazas, Cucharilla Dosificadora Prensador Negro<\/a><\/td>\n<td>70<\/td>\n<td>16<\/td>\n<\/tr>\n<tr>\n<td>MARKETPLACES<\/td>\n<td><a class=\"ljoptimizer\" href=\"https:\/\/www.amazon.es\/dp\/B0D849GV2K?tag=amazon087683-21&amp;th=1\" target=\"_blank\" rel=\"nofollow noopener\">Jocca \u2013 Cafetera Espresso 20 Bares con Vaporizador | 1100W | Dep\u00f3sito 1,25L Desmontable | Metal | Color Negro | Preparaci\u00f3n de 1 o 2 Tazas<\/a><\/td>\n<td>64<\/td>\n<td>15<\/td>\n<\/tr>\n<tr>\n<td>MARKETPLACES<\/td>\n<td><a class=\"ljoptimizer\" href=\"https:\/\/www.amazon.es\/dp\/B0DGLTKS18?tag=amazon087683-21&amp;th=1\" target=\"_blank\" rel=\"nofollow noopener\">Di4 SteamClean Multi 12 ProMax Limpiador Vapor Multifunci\u00f3n 12 en 1, 1500W, Elimina 99,9% de Virus y Bacterias, Vaporeta Limpieza Hogar ECO sin Detergentes, Limpiador Tapiceria, Limpia Sofas<\/a><\/td>\n<td>63<\/td>\n<td>14<\/td>\n<\/tr>\n<tr>\n<td>MARKETPLACES<\/td>\n<td><a class=\"ljoptimizer\" href=\"https:\/\/www.amazon.es\/dp\/B07JX66TM2?tag=amazon087683-21&amp;th=1\" target=\"_blank\" rel=\"nofollow noopener\">Cecotec Radiador El\u00e9ctrico Bajo Consumo Ready Warm 6550 Turbo Design. 2000 W, Termostato regulable, 4 Modos, Soporte de pie, Protecci\u00f3n sobrecalentamiento, 20m2<\/a><\/td>\n<td>44<\/td>\n<td>10<\/td>\n<\/tr>\n<tr>\n<td>MARKETPLACES<\/td>\n<td><a class=\"ljoptimizer\" href=\"https:\/\/www.amazon.es\/dp\/B085DMQ7VZ?tag=amazon087683-21&amp;th=1\" target=\"_blank\" rel=\"nofollow noopener\">Cecotec Aspirador Vertical Conga Thunderbrush 560. 2 en 1, 600 W, Tecnolog\u00eda cicl\u00f3nica, Filtro de Alta eficiencia, Radio de acci\u00f3n 6 Metros, Incluye 2 Accesorios<\/a><\/td>\n<td>36<\/td>\n<td>8<\/td>\n<\/tr>\n<tr>\n<td>MARKETPLACES<\/td>\n<td><a class=\"ljoptimizer\" href=\"https:\/\/www.amazon.es\/dp\/B0BPZ3KG1C?tag=amazon087683-21&amp;th=1\" target=\"_blank\" rel=\"nofollow noopener\">Cecotec Robot Aspirador con Navegaci\u00f3n Girosc\u00f3pica Conga 999 Map X-Treme. Motor de Succi\u00f3n 2000Pa, 2 Cepillos Laterales, 2 Mopas de Fregado, Autonom\u00eda 120 mins, Control con App y Mando<\/a><\/td>\n<td>14<\/td>\n<td>3<\/td>\n<\/tr>\n<\/tbody>\n<\/table>\n","protected":false},"excerpt":{"rendered":"<p>Pal\u00e9 de Electrodom\u00e9sticos sin revisar procedente de devoluciones de marketplaces<\/p>\n<ul>\n<li>N\u00famero de productos: 27<\/li>\n<li>Valor aproximado: 5.063 \u20ac<\/li>\n<li>Porcentaje que se paga: 19% + IVA<\/li>\n<li>Tiempo de entrega estimado: 3 a 7 d\u00edas<\/li>\n<\/ul>\n<p>*Los precios incluyen IVA<\/p>\n","protected":false},"featured_media":168987,"template":"","meta":{"site-sidebar-layout":"default","site-content-layout":"","ast-site-content-layout":"default","site-content-style":"default","site-sidebar-style":"default","ast-global-header-display":"","ast-banner-title-visibility":"","ast-main-header-display":"","ast-hfb-above-header-display":"","ast-hfb-below-header-display":"","ast-hfb-mobile-header-display":"","site-post-title":"","ast-breadcrumbs-content":"","ast-featured-img":"","footer-sml-layout":"","ast-disable-related-posts":"","theme-transparent-header-meta":"default","adv-header-id-meta":"","stick-header-meta":"","header-above-stick-meta":"","header-main-stick-meta":"","header-below-stick-meta":"","astra-migrate-meta-layouts":"set","ast-page-background-enabled":"default","ast-page-background-meta":{"desktop":{"background-color":"var(--ast-global-color-4)","background-image":"","background-repeat":"repeat","background-position":"center center","background-size":"auto","background-attachment":"scroll","background-type":"","background-media":"","overlay-type":"","overlay-color":"","overlay-opacity":"","overlay-gradient":""},"tablet":{"background-color":"","background-image":"","background-repeat":"repeat","background-position":"center center","background-size":"auto","background-attachment":"scroll","background-type":"","background-media":"","overlay-type":"","overlay-color":"","overlay-opacity":"","overlay-gradient":""},"mobile":{"background-color":"","background-image":"","background-repeat":"repeat","background-position":"center center","background-size":"auto","background-attachment":"scroll","background-type":"","background-media":"","overlay-type":"","overlay-color":"","overlay-opacity":"","overlay-gradient":""}},"ast-content-background-meta":{"desktop":{"background-color":"var(--ast-global-color-5)","background-image":"","background-repeat":"repeat","background-position":"center center","background-size":"auto","background-attachment":"scroll","background-type":"","background-media":"","overlay-type":"","overlay-color":"","overlay-opacity":"","overlay-gradient":""},"tablet":{"background-color":"var(--ast-global-color-5)","background-image":"","background-repeat":"repeat","background-position":"center center","background-size":"auto","background-attachment":"scroll","background-type":"","background-media":"","overlay-type":"","overlay-color":"","overlay-opacity":"","overlay-gradient":""},"mobile":{"background-color":"var(--ast-global-color-5)","background-image":"","background-repeat":"repeat","background-position":"center center","background-size":"auto","background-attachment":"scroll","background-type":"","background-media":"","overlay-type":"","overlay-color":"","overlay-opacity":"","overlay-gradient":""}}},"product_brand":[],"product_cat":[51,65],"product_tag":[],"class_list":{"0":"post-168829","1":"product","2":"type-product","3":"status-publish","4":"has-post-thumbnail","6":"product_cat-electrodomesticos","7":"product_cat-pales","8":"product_shipping_class-pale","9":"desktop-align-left","10":"tablet-align-left","11":"mobile-align-left","13":"first","14":"instock","15":"sale","16":"downloadable","17":"taxable","18":"shipping-taxable","19":"purchasable","20":"product-type-simple"},"yoast_head":"<!-- This site is optimized with the Yoast SEO plugin v27.2 - https:\/\/yoast.com\/product\/yoast-seo-wordpress\/ -->\n<title>Pal\u00e9 de Electrodom\u00e9sticos [27 productos] (10226539) - Comprardevoluciones - Tu tienda de Devoluciones de Amazon<\/title>\n<meta name=\"robots\" content=\"noindex, follow\" \/>\n<meta property=\"og:locale\" content=\"it_IT\" \/>\n<meta property=\"og:type\" content=\"article\" \/>\n<meta property=\"og:title\" content=\"Pal\u00e9 de Electrodom\u00e9sticos [27 productos] (10226539) - Comprardevoluciones - Tu tienda de Devoluciones de Amazon\" \/>\n<meta property=\"og:description\" content=\"Pal\u00e9 de Electrodom\u00e9sticos sin revisar procedente de devoluciones de marketplaces   N\u00famero de productos: 27  Valor aproximado: 5.063 \u20ac  Porcentaje que se paga: 19% + IVA  Tiempo de entrega estimado: 3 a 7 d\u00edas  *Los precios incluyen IVA\" \/>\n<meta property=\"og:url\" content=\"https:\/\/comprardevoluciones.com\/producto\/10226539\/\" \/>\n<meta property=\"og:site_name\" content=\"Comprardevoluciones - Tu tienda de Devoluciones de Amazon\" \/>\n<meta property=\"og:image\" content=\"https:\/\/comprardevoluciones.com\/wp-content\/uploads\/2026\/03\/10226539.jpg\" \/>\n\t<meta property=\"og:image:width\" content=\"700\" \/>\n\t<meta property=\"og:image:height\" content=\"700\" \/>\n\t<meta property=\"og:image:type\" content=\"image\/jpeg\" \/>\n<meta name=\"twitter:card\" content=\"summary_large_image\" \/>\n<meta name=\"twitter:label1\" content=\"Tempo di lettura stimato\" \/>\n\t<meta name=\"twitter:data1\" content=\"4 minuti\" \/>\n<script type=\"application\/ld+json\" class=\"yoast-schema-graph\">{\"@context\":\"https:\/\/schema.org\",\"@graph\":[{\"@type\":\"WebPage\",\"@id\":\"https:\/\/comprardevoluciones.com\/producto\/10226539\/\",\"url\":\"https:\/\/comprardevoluciones.com\/producto\/10226539\/\",\"name\":\"Pal\u00e9 de Electrodom\u00e9sticos [27 productos] (10226539) - Comprardevoluciones - Tu tienda de Devoluciones de Amazon\",\"isPartOf\":{\"@id\":\"https:\/\/comprardevoluciones.com\/#website\"},\"primaryImageOfPage\":{\"@id\":\"https:\/\/comprardevoluciones.com\/producto\/10226539\/#primaryimage\"},\"image\":{\"@id\":\"https:\/\/comprardevoluciones.com\/producto\/10226539\/#primaryimage\"},\"thumbnailUrl\":\"https:\/\/comprardevoluciones.com\/wp-content\/uploads\/2026\/03\/10226539.jpg\",\"datePublished\":\"2026-04-10T08:59:16+00:00\",\"breadcrumb\":{\"@id\":\"https:\/\/comprardevoluciones.com\/producto\/10226539\/#breadcrumb\"},\"inLanguage\":\"it-IT\",\"potentialAction\":[{\"@type\":\"ReadAction\",\"target\":[\"https:\/\/comprardevoluciones.com\/producto\/10226539\/\"]}]},{\"@type\":\"ImageObject\",\"inLanguage\":\"it-IT\",\"@id\":\"https:\/\/comprardevoluciones.com\/producto\/10226539\/#primaryimage\",\"url\":\"https:\/\/comprardevoluciones.com\/wp-content\/uploads\/2026\/03\/10226539.jpg\",\"contentUrl\":\"https:\/\/comprardevoluciones.com\/wp-content\/uploads\/2026\/03\/10226539.jpg\",\"width\":700,\"height\":700},{\"@type\":\"BreadcrumbList\",\"@id\":\"https:\/\/comprardevoluciones.com\/producto\/10226539\/#breadcrumb\",\"itemListElement\":[{\"@type\":\"ListItem\",\"position\":1,\"name\":\"Portada\",\"item\":\"https:\/\/comprardevoluciones.com\/it\/\"},{\"@type\":\"ListItem\",\"position\":2,\"name\":\"Negozio\",\"item\":\"https:\/\/comprardevoluciones.com\/it\/negozio\/\"},{\"@type\":\"ListItem\",\"position\":3,\"name\":\"Pal\u00e9 de Electrodom\u00e9sticos [27 productos] (10226539)\"}]},{\"@type\":\"WebSite\",\"@id\":\"https:\/\/comprardevoluciones.com\/#website\",\"url\":\"https:\/\/comprardevoluciones.com\/\",\"name\":\"Comprardevoluciones - Tu tienda de Devoluciones de Amazon\",\"description\":\"Consigue Stock en buen estado a un precio imbatible\",\"potentialAction\":[{\"@type\":\"SearchAction\",\"target\":{\"@type\":\"EntryPoint\",\"urlTemplate\":\"https:\/\/comprardevoluciones.com\/?s={search_term_string}\"},\"query-input\":{\"@type\":\"PropertyValueSpecification\",\"valueRequired\":true,\"valueName\":\"search_term_string\"}}],\"inLanguage\":\"it-IT\"}]}<\/script>\n<!-- \/ Yoast SEO plugin. -->","yoast_head_json":{"title":"Pal\u00e9 de Electrodom\u00e9sticos [27 productos] (10226539) - Comprardevoluciones - Tu tienda de Devoluciones de Amazon","robots":{"index":"noindex","follow":"follow"},"og_locale":"it_IT","og_type":"article","og_title":"Pal\u00e9 de Electrodom\u00e9sticos [27 productos] (10226539) - Comprardevoluciones - Tu tienda de Devoluciones de Amazon","og_description":"Pal\u00e9 de Electrodom\u00e9sticos sin revisar procedente de devoluciones de marketplaces   N\u00famero de productos: 27  Valor aproximado: 5.063 \u20ac  Porcentaje que se paga: 19% + IVA  Tiempo de entrega estimado: 3 a 7 d\u00edas  *Los precios incluyen IVA","og_url":"https:\/\/comprardevoluciones.com\/producto\/10226539\/","og_site_name":"Comprardevoluciones - Tu tienda de Devoluciones de Amazon","og_image":[{"width":700,"height":700,"url":"https:\/\/comprardevoluciones.com\/wp-content\/uploads\/2026\/03\/10226539.jpg","type":"image\/jpeg"}],"twitter_card":"summary_large_image","twitter_misc":{"Tempo di lettura stimato":"4 minuti"},"schema":{"@context":"https:\/\/schema.org","@graph":[{"@type":"WebPage","@id":"https:\/\/comprardevoluciones.com\/producto\/10226539\/","url":"https:\/\/comprardevoluciones.com\/producto\/10226539\/","name":"Pal\u00e9 de Electrodom\u00e9sticos [27 productos] (10226539) - Comprardevoluciones - Tu tienda de Devoluciones de Amazon","isPartOf":{"@id":"https:\/\/comprardevoluciones.com\/#website"},"primaryImageOfPage":{"@id":"https:\/\/comprardevoluciones.com\/producto\/10226539\/#primaryimage"},"image":{"@id":"https:\/\/comprardevoluciones.com\/producto\/10226539\/#primaryimage"},"thumbnailUrl":"https:\/\/comprardevoluciones.com\/wp-content\/uploads\/2026\/03\/10226539.jpg","datePublished":"2026-04-10T08:59:16+00:00","breadcrumb":{"@id":"https:\/\/comprardevoluciones.com\/producto\/10226539\/#breadcrumb"},"inLanguage":"it-IT","potentialAction":[{"@type":"ReadAction","target":["https:\/\/comprardevoluciones.com\/producto\/10226539\/"]}]},{"@type":"ImageObject","inLanguage":"it-IT","@id":"https:\/\/comprardevoluciones.com\/producto\/10226539\/#primaryimage","url":"https:\/\/comprardevoluciones.com\/wp-content\/uploads\/2026\/03\/10226539.jpg","contentUrl":"https:\/\/comprardevoluciones.com\/wp-content\/uploads\/2026\/03\/10226539.jpg","width":700,"height":700},{"@type":"BreadcrumbList","@id":"https:\/\/comprardevoluciones.com\/producto\/10226539\/#breadcrumb","itemListElement":[{"@type":"ListItem","position":1,"name":"Portada","item":"https:\/\/comprardevoluciones.com\/it\/"},{"@type":"ListItem","position":2,"name":"Negozio","item":"https:\/\/comprardevoluciones.com\/it\/negozio\/"},{"@type":"ListItem","position":3,"name":"Pal\u00e9 de Electrodom\u00e9sticos [27 productos] (10226539)"}]},{"@type":"WebSite","@id":"https:\/\/comprardevoluciones.com\/#website","url":"https:\/\/comprardevoluciones.com\/","name":"Comprardevoluciones - Tu tienda de Devoluciones de Amazon","description":"Consigue Stock en buen estado a un precio imbatible","potentialAction":[{"@type":"SearchAction","target":{"@type":"EntryPoint","urlTemplate":"https:\/\/comprardevoluciones.com\/?s={search_term_string}"},"query-input":{"@type":"PropertyValueSpecification","valueRequired":true,"valueName":"search_term_string"}}],"inLanguage":"it-IT"}]}},"_links":{"self":[{"href":"https:\/\/comprardevoluciones.com\/it\/wp-json\/wp\/v2\/product\/168829","targetHints":{"allow":["GET"]}}],"collection":[{"href":"https:\/\/comprardevoluciones.com\/it\/wp-json\/wp\/v2\/product"}],"about":[{"href":"https:\/\/comprardevoluciones.com\/it\/wp-json\/wp\/v2\/types\/product"}],"wp:featuredmedia":[{"embeddable":true,"href":"https:\/\/comprardevoluciones.com\/it\/wp-json\/wp\/v2\/media\/168987"}],"wp:attachment":[{"href":"https:\/\/comprardevoluciones.com\/it\/wp-json\/wp\/v2\/media?parent=168829"}],"wp:term":[{"taxonomy":"product_brand","embeddable":true,"href":"https:\/\/comprardevoluciones.com\/it\/wp-json\/wp\/v2\/product_brand?post=168829"},{"taxonomy":"product_cat","embeddable":true,"href":"https:\/\/comprardevoluciones.com\/it\/wp-json\/wp\/v2\/product_cat?post=168829"},{"taxonomy":"product_tag","embeddable":true,"href":"https:\/\/comprardevoluciones.com\/it\/wp-json\/wp\/v2\/product_tag?post=168829"}],"curies":[{"name":"wp","href":"https:\/\/api.w.org\/{rel}","templated":true}]}}