{"id":169308,"date":"2026-04-01T09:30:02","date_gmt":"2026-04-01T08:30:02","guid":{"rendered":"https:\/\/comprardevoluciones.com\/?post_type=product&#038;p=169308"},"modified":"2026-04-01T10:01:36","modified_gmt":"2026-04-01T09:01:36","slug":"10226376","status":"publish","type":"product","link":"https:\/\/comprardevoluciones.com\/it\/producto\/10226376\/","title":{"rendered":"Pal\u00e9 de Herramientas [39 productos] (10226376)"},"content":{"rendered":"<p>Descripci\u00f3n y valor aproximados<\/p>\n<table>\n<tbody>\n<tr>\n<td><strong>FUENTE<\/strong><\/td>\n<td><strong>PRODUCTO<\/strong><\/td>\n<td><strong>VALOR (\u20ac)<\/strong><\/td>\n<td><strong>PAGAS (\u20ac)<\/strong><\/td>\n<\/tr>\n<tr>\n<td>MARKETPLACES<\/td>\n<td><a class=\"ljoptimizer\" href=\"https:\/\/www.amazon.es\/dp\/B0FJ2MKFFK?tag=amazon087683-21&amp;th=1\" target=\"_blank\" rel=\"nofollow noopener\">Daewoo Pack Alarme Connect\u00e9e WiFi\/GSM Touch 7 Pouces AM503L &#8211; Syst\u00e8me sans Fil et sans Abonnement, Compatible Animaux, D\u00e9tecteurs Inclus + Cam\u00e9ra de Surveillance Full HD, Application Mobile Incluse<\/a><\/td>\n<td>593 \u20ac<\/td>\n<td>136 \u20ac<\/td>\n<\/tr>\n<tr>\n<td>MARKETPLACES<\/td>\n<td><a class=\"ljoptimizer\" href=\"https:\/\/www.amazon.es\/dp\/B006CUXI4W?tag=amazon087683-21&amp;th=1\" target=\"_blank\" rel=\"nofollow noopener\">LEMF\u00d6RDER 27421 01 Lenkersatz Radaufh\u00e4ngung f\u00fcr Volkswagen Passat B5.5 Variant (3B6) 2000-2005 Links, Oben, Rechts, Unten, Vorderachse und Andere Fahrzeuge<\/a><\/td>\n<td>475 \u20ac<\/td>\n<td>109 \u20ac<\/td>\n<\/tr>\n<tr>\n<td>MARKETPLACES<\/td>\n<td><a class=\"ljoptimizer\" href=\"https:\/\/www.amazon.es\/dp\/B0BRQ8774H?tag=amazon087683-21&amp;th=1\" target=\"_blank\" rel=\"nofollow noopener\">LS2, Casco de moto modular ADVANT X CARBON Gloss Carbon, XL<\/a><\/td>\n<td>378 \u20ac<\/td>\n<td>87 \u20ac<\/td>\n<\/tr>\n<tr>\n<td>MARKETPLACES<\/td>\n<td><a class=\"ljoptimizer\" href=\"https:\/\/www.amazon.es\/dp\/B06W5PY474?tag=amazon087683-21&amp;th=1\" target=\"_blank\" rel=\"nofollow noopener\">MAGNETI MARELLI PROIETTORE SX TIPO 2015 DRL LED S\/F 712105801110<\/a><\/td>\n<td>323 \u20ac<\/td>\n<td>74 \u20ac<\/td>\n<\/tr>\n<tr>\n<td>MARKETPLACES<\/td>\n<td><a class=\"ljoptimizer\" href=\"https:\/\/www.amazon.es\/dp\/B00BJQ50HC?tag=amazon087683-21&amp;th=1\" target=\"_blank\" rel=\"nofollow noopener\">Fluval Filtro Externo FX6 3500 LPH, 1 Unidad (Paquete de 1)<\/a><\/td>\n<td>300 \u20ac<\/td>\n<td>69 \u20ac<\/td>\n<\/tr>\n<tr>\n<td>MARKETPLACES<\/td>\n<td><a class=\"ljoptimizer\" href=\"https:\/\/www.amazon.es\/dp\/B08D3TKRS9?tag=amazon087683-21&amp;th=1\" target=\"_blank\" rel=\"nofollow noopener\">WORX Hidrolimpiadora a bater\u00eda Hydroshot 20V WORX, PowerShare, WG620E.2, 1 bater\u00eda 2Ah, port\u00e1til, Accesorios, Color Negro y Naranja<\/a><\/td>\n<td>215 \u20ac<\/td>\n<td>49 \u20ac<\/td>\n<\/tr>\n<tr>\n<td>MARKETPLACES<\/td>\n<td><a class=\"ljoptimizer\" href=\"https:\/\/www.amazon.es\/dp\/B08J3KLJ3W?tag=amazon087683-21&amp;th=1\" target=\"_blank\" rel=\"nofollow noopener\">Einhell Desbrozadora con bater\u00eda, Li Ion, 18 V, Hilo con Unidad autom\u00e1tica de Contacto\/Cuchilla de 3 Dientes, Manillar de Bicicleta, sin bater\u00eda ni Cargador, Color Aluminio<\/a><\/td>\n<td>165 \u20ac<\/td>\n<td>38 \u20ac<\/td>\n<\/tr>\n<tr>\n<td>MARKETPLACES<\/td>\n<td><a class=\"ljoptimizer\" href=\"https:\/\/www.amazon.es\/dp\/B06XRFXDZ4?tag=amazon087683-21&amp;th=1\" target=\"_blank\" rel=\"nofollow noopener\">Bosch Home and Garden Limpiadora de Alta Presi\u00f3n, 1700 W, Limpiador de Alta Presi\u00f3n, 130 Bares<\/a><\/td>\n<td>147 \u20ac<\/td>\n<td>34 \u20ac<\/td>\n<\/tr>\n<tr>\n<td>MARKETPLACES<\/td>\n<td><a class=\"ljoptimizer\" href=\"https:\/\/www.amazon.es\/dp\/B0114YJ4FW?tag=amazon087683-21&amp;th=1\" target=\"_blank\" rel=\"nofollow noopener\">TRAVORA &#8211; Funda Caravana &#8211; Lona para Remolque &#8211; Cubierta Transpirable y Resistente a la Intemperie Durante Todas Las estacione (S &#8211; 460 x 250 x 220 cm)<\/a><\/td>\n<td>140 \u20ac<\/td>\n<td>32 \u20ac<\/td>\n<\/tr>\n<tr>\n<td>MARKETPLACES<\/td>\n<td><a class=\"ljoptimizer\" href=\"https:\/\/www.amazon.es\/dp\/B00IPL6EV0?tag=amazon087683-21&amp;th=1\" target=\"_blank\" rel=\"nofollow noopener\">Bosch Professional 12V System taladro angular a bater\u00eda GWB 12V-10 (incl. bandeja de 1\/2 L-BOXX para accesorios, bandeja para L-BOXX, L-BOXX, sin bater\u00eda\/cargador)<\/a><\/td>\n<td>137 \u20ac<\/td>\n<td>32 \u20ac<\/td>\n<\/tr>\n<tr>\n<td>MARKETPLACES<\/td>\n<td><a class=\"ljoptimizer\" href=\"https:\/\/www.amazon.es\/dp\/B0CFY3H9DG?tag=amazon087683-21&amp;th=1\" target=\"_blank\" rel=\"nofollow noopener\">LS2, Casque Moto Modulable STROBE II MONZA Matt Black H-V Yellow, XXL<\/a><\/td>\n<td>130 \u20ac<\/td>\n<td>30 \u20ac<\/td>\n<\/tr>\n<tr>\n<td>MARKETPLACES<\/td>\n<td><a class=\"ljoptimizer\" href=\"https:\/\/www.amazon.es\/dp\/B09SD6H5ST?tag=amazon087683-21&amp;th=1\" target=\"_blank\" rel=\"nofollow noopener\">Frankberg Rueda de repuesto Delantero Compatible con Grand Cherokee III WH WK 3.7 V6 4&#215;4 3.0 CRD 4&#215;4 3.7 V6 3.0 CRD 4.7 V8 4&#215;4 4.7 V8 4.7 V8 Flex 5.7 V8 4&#215;4 2004-2011 52089369AF<\/a><\/td>\n<td>102 \u20ac<\/td>\n<td>24 \u20ac<\/td>\n<\/tr>\n<tr>\n<td>MARKETPLACES<\/td>\n<td><a class=\"ljoptimizer\" href=\"https:\/\/www.amazon.es\/dp\/B08X13T51L?tag=amazon087683-21&amp;th=1\" target=\"_blank\" rel=\"nofollow noopener\">Summit SUM-004 Barras de Techo con Bloqueo de Aluminio (par) para Coches con rieles al RAS- 1,2 m<\/a><\/td>\n<td>93 \u20ac<\/td>\n<td>21 \u20ac<\/td>\n<\/tr>\n<tr>\n<td>MARKETPLACES<\/td>\n<td><a class=\"ljoptimizer\" href=\"https:\/\/www.amazon.es\/dp\/B01HMZLR1G?tag=amazon087683-21&amp;th=1\" target=\"_blank\" rel=\"nofollow noopener\">Einhell Motosierra con bater\u00eda GE-LC 18\/25 Li-Solo Power X-Change (18 V, 23 cm de longitud de corte, 4,5 m\/s, lubricaci\u00f3n de cadena autom\u00e1tica, tensado de cadena sin herramientas, sin bater\u00eda)<\/a><\/td>\n<td>90 \u20ac<\/td>\n<td>21 \u20ac<\/td>\n<\/tr>\n<tr>\n<td>MARKETPLACES<\/td>\n<td><a class=\"ljoptimizer\" href=\"https:\/\/www.amazon.es\/dp\/B0BQ7GXTDC?tag=amazon087683-21&amp;th=1\" target=\"_blank\" rel=\"nofollow noopener\">Bridgestone TURANZA 6 ENLITEN &#8211; 225\/45 R17 91Y &#8211; A\/B\/69 &#8211; Neum\u00e1tico Verano (Turismo y SUV)<\/a><\/td>\n<td>87 \u20ac<\/td>\n<td>20 \u20ac<\/td>\n<\/tr>\n<tr>\n<td>MARKETPLACES<\/td>\n<td><a class=\"ljoptimizer\" href=\"https:\/\/www.amazon.es\/dp\/B084SC3HH6?tag=amazon087683-21&amp;th=1\" target=\"_blank\" rel=\"nofollow noopener\">WORX WA0307 &#8211; Cabezal motosierra WG252E \/ WG349E<\/a><\/td>\n<td>80 \u20ac<\/td>\n<td>18 \u20ac<\/td>\n<\/tr>\n<tr>\n<td>MARKETPLACES<\/td>\n<td><a class=\"ljoptimizer\" href=\"https:\/\/www.amazon.es\/dp\/B0842LMRNK?tag=amazon087683-21&amp;th=1\" target=\"_blank\" rel=\"nofollow noopener\">MICHELIN 150\/70 B14 66S Neum\u00e1ticos de Verano Moto<\/a><\/td>\n<td>74 \u20ac<\/td>\n<td>17 \u20ac<\/td>\n<\/tr>\n<tr>\n<td>MARKETPLACES<\/td>\n<td><a class=\"ljoptimizer\" href=\"https:\/\/www.amazon.es\/dp\/B0DS222HD3?tag=amazon087683-21&amp;th=1\" target=\"_blank\" rel=\"nofollow noopener\">COMFEE&#8217; D10-15VD1OW Termo El\u00e9ctrico 10L Calentador de Agua El\u00e9ctrico Sobre el Fregadero con Dep\u00f3sito de Agua &#8211; Ligero, Compacto, F\u00e1cil de Instalar &#8211; Ideal para una Familia Peque\u00f1a<\/a><\/td>\n<td>73 \u20ac<\/td>\n<td>17 \u20ac<\/td>\n<\/tr>\n<tr>\n<td>MARKETPLACES<\/td>\n<td><a class=\"ljoptimizer\" href=\"https:\/\/www.amazon.es\/dp\/B00564OXBC?tag=amazon087683-21&amp;th=1\" target=\"_blank\" rel=\"nofollow noopener\">TEKA Fregadero Bajo Encimera 1 Seno 45 cm, Acero Inoxidable SilentSmart Profundidad 20cm V\u00e1lvula Canasta, Modelo BE 45.40.20<\/a><\/td>\n<td>65 \u20ac<\/td>\n<td>15 \u20ac<\/td>\n<\/tr>\n<tr>\n<td>MARKETPLACES<\/td>\n<td><a class=\"ljoptimizer\" href=\"https:\/\/www.amazon.es\/dp\/B01MRR7Q0H?tag=amazon087683-21&amp;th=1\" target=\"_blank\" rel=\"nofollow noopener\">ARKITMOBEL &#8211; Lavabo polimetilmetraquilato (PMMA) &#8211; Color Blanco, 81,5 An x 13 Al x 46 Fondo, en cm &#8211; Pila Lavamanos Rectangular para Ba\u00f1o<\/a><\/td>\n<td>63 \u20ac<\/td>\n<td>15 \u20ac<\/td>\n<\/tr>\n<tr>\n<td>MARKETPLACES<\/td>\n<td><a class=\"ljoptimizer\" href=\"https:\/\/www.amazon.es\/dp\/B082J2YP2X?tag=amazon087683-21&amp;th=1\" target=\"_blank\" rel=\"nofollow noopener\">AC WOW 4 deflectores de viento compatibles con Vauxhall Insignia A Mk1 4\/5 puertas 2008 2009 2010 2011 2012 2013 2014 2015 2016 2017<\/a><\/td>\n<td>57 \u20ac<\/td>\n<td>13 \u20ac<\/td>\n<\/tr>\n<tr>\n<td>MARKETPLACES<\/td>\n<td><a class=\"ljoptimizer\" href=\"https:\/\/www.amazon.es\/dp\/B08QJF93YN?tag=amazon087683-21&amp;th=1\" target=\"_blank\" rel=\"nofollow noopener\">B\u00e1scula Grasa Corporal B\u00e1scula de Ba\u00f1o B\u00e1scula Inteligente Monitor de Composici\u00f3n Corporal, 18 Mediciones Esenciales, Pantalla LED, Dise\u00f1o de Esquina Redonda, para Andriod y iOS, 180kg\u2026<\/a><\/td>\n<td>50 \u20ac<\/td>\n<td>11 \u20ac<\/td>\n<\/tr>\n<tr>\n<td>MARKETPLACES<\/td>\n<td><a class=\"ljoptimizer\" href=\"https:\/\/www.amazon.es\/dp\/B00NVGQHEI?tag=amazon087683-21&amp;th=1\" target=\"_blank\" rel=\"nofollow noopener\">Rejilla de ventilaci\u00f3n KRATKI Rejilla de Chimenea 17cm x 49cm Negra con persianas<\/a><\/td>\n<td>49 \u20ac<\/td>\n<td>11 \u20ac<\/td>\n<\/tr>\n<tr>\n<td>MARKETPLACES<\/td>\n<td><a class=\"ljoptimizer\" href=\"https:\/\/www.amazon.es\/dp\/B09SQ2FXVF?tag=amazon087683-21&amp;th=1\" target=\"_blank\" rel=\"nofollow noopener\">MICHELIN CTYEX 90\/80-16 51S TL<\/a><\/td>\n<td>40 \u20ac<\/td>\n<td>9 \u20ac<\/td>\n<\/tr>\n<tr>\n<td>MARKETPLACES<\/td>\n<td><a class=\"ljoptimizer\" href=\"https:\/\/www.amazon.es\/dp\/B09SQ2FXVF?tag=amazon087683-21&amp;th=1\" target=\"_blank\" rel=\"nofollow noopener\">MICHELIN CTYEX 90\/80-16 51S TL<\/a><\/td>\n<td>40 \u20ac<\/td>\n<td>9 \u20ac<\/td>\n<\/tr>\n<tr>\n<td>MARKETPLACES<\/td>\n<td><a class=\"ljoptimizer\" href=\"https:\/\/www.amazon.es\/dp\/B0F3HN7FY8?tag=amazon087683-21&amp;th=1\" target=\"_blank\" rel=\"nofollow noopener\">GRIFEMA Tapa WC Universal Premium &#8211; UF Resin, Efecto Cer\u00e1mico, Antibacteriana, No Amarillea &#8211; Cierre Suave Silencioso &#8211; Liberaci\u00f3n R\u00e1pida &#8211; F\u00e1cil Montaje &#8211; Tapa Inodoro Forma D [Exclusivo en Amazon]<\/a><\/td>\n<td>37 \u20ac<\/td>\n<td>9 \u20ac<\/td>\n<\/tr>\n<tr>\n<td>MARKETPLACES<\/td>\n<td><a class=\"ljoptimizer\" href=\"https:\/\/www.amazon.es\/dp\/B00I39X5C0?tag=amazon087683-21&amp;th=1\" target=\"_blank\" rel=\"nofollow noopener\">Farad 12.612 3676<\/a><\/td>\n<td>33 \u20ac<\/td>\n<td>8 \u20ac<\/td>\n<\/tr>\n<tr>\n<td>MARKETPLACES<\/td>\n<td><a class=\"ljoptimizer\" href=\"https:\/\/www.amazon.es\/dp\/B0DYF7PRWZ?tag=amazon087683-21&amp;th=1\" target=\"_blank\" rel=\"nofollow noopener\">Amig \u2013 Mosquitera Extensible para Ventanas &#8211; Instalaci\u00f3n sin Tornillos &#8211; Encajable en el carril de la persiana &#8211; 100 x 70 cm &#8211; Ajustable hasta 190 cm &#8211; Aluminio Blanco y Malla de Fibra de Vidrio gris<\/a><\/td>\n<td>32 \u20ac<\/td>\n<td>7 \u20ac<\/td>\n<\/tr>\n<tr>\n<td>MARKETPLACES<\/td>\n<td><a class=\"ljoptimizer\" href=\"https:\/\/www.amazon.es\/dp\/B00CVZSVVW?tag=amazon087683-21&amp;th=1\" target=\"_blank\" rel=\"nofollow noopener\">Valeo 574395 Escobillas de Limpiaparabrisas<\/a><\/td>\n<td>32 \u20ac<\/td>\n<td>7 \u20ac<\/td>\n<\/tr>\n<tr>\n<td>MARKETPLACES<\/td>\n<td><a class=\"ljoptimizer\" href=\"https:\/\/www.amazon.es\/dp\/B0DK713TP6?tag=amazon087683-21&amp;th=1\" target=\"_blank\" rel=\"nofollow noopener\">Tatay Cubo de Basura Cocina con Pedal Smart Deco 25L | Dise\u00f1o Compacto y Funcional | Uso Interior y Exterior | Apto para Bolsas de 30L | Pl\u00e1stico Resistente Libre de BPA | 26x36x47cm, Piedra<\/a><\/td>\n<td>30 \u20ac<\/td>\n<td>7 \u20ac<\/td>\n<\/tr>\n<tr>\n<td>MARKETPLACES<\/td>\n<td><a class=\"ljoptimizer\" href=\"https:\/\/www.amazon.es\/dp\/B0F7XZPWT9?tag=amazon087683-21&amp;th=1\" target=\"_blank\" rel=\"nofollow noopener\">SURFOU Tavoletta WC Universale, Copriwater a Chiusura Rallentata Sedile Portata Fino a 150 Kg, Forma a O Bianco Asse Del Water Ammortizzata, Facile da Montare e Smontare, Senza Rumore, per Bagno<\/a><\/td>\n<td>30 \u20ac<\/td>\n<td>7 \u20ac<\/td>\n<\/tr>\n<tr>\n<td>MARKETPLACES<\/td>\n<td><a class=\"ljoptimizer\" href=\"https:\/\/www.amazon.es\/dp\/B075XPMMNG?tag=amazon087683-21&amp;th=1\" target=\"_blank\" rel=\"nofollow noopener\">Papel Pintado Efecto Piedra Elements A.S. Cr\u00e9ation Papel pintado tejido no tejido 10.05 m x 0.53 m Beige Crema Fabricado en Alemania 355802 35580-2<\/a><\/td>\n<td>24 \u20ac<\/td>\n<td>6 \u20ac<\/td>\n<\/tr>\n<tr>\n<td>MARKETPLACES<\/td>\n<td><a class=\"ljoptimizer\" href=\"https:\/\/www.amazon.es\/dp\/B075XPMMNG?tag=amazon087683-21&amp;th=1\" target=\"_blank\" rel=\"nofollow noopener\">Papel Pintado Efecto Piedra Elements A.S. Cr\u00e9ation Papel pintado tejido no tejido 10.05 m x 0.53 m Beige Crema Fabricado en Alemania 355802 35580-2<\/a><\/td>\n<td>24 \u20ac<\/td>\n<td>6 \u20ac<\/td>\n<\/tr>\n<tr>\n<td>MARKETPLACES<\/td>\n<td><a class=\"ljoptimizer\" href=\"https:\/\/www.amazon.es\/dp\/B0B3RBJRC6?tag=amazon087683-21&amp;th=1\" target=\"_blank\" rel=\"nofollow noopener\">Ibergrif M41002 Tapa wc, Asiento de Inodoro de Cierre Suave en Forma de O con Liberaci\u00f3n R\u00e1pida para una F\u00e1cil Limpieza, Blanco<\/a><\/td>\n<td>24 \u20ac<\/td>\n<td>6 \u20ac<\/td>\n<\/tr>\n<tr>\n<td>MARKETPLACES<\/td>\n<td><a class=\"ljoptimizer\" href=\"https:\/\/www.amazon.es\/dp\/B00AGB6264?tag=amazon087683-21&amp;th=1\" target=\"_blank\" rel=\"nofollow noopener\">Cornat WC-Sitz &#8220;Orleans&#8221; &#8211; Klassisch wei\u00dfer Look &#8211; Hochwertiger Holzkern &#8211; Schlichtes Design passt in jedes Badezimmer \/ Toilettensitz \/ Klodeckel \/ SHA00<\/a><\/td>\n<td>17 \u20ac<\/td>\n<td>4 \u20ac<\/td>\n<\/tr>\n<tr>\n<td>MARKETPLACES<\/td>\n<td><a class=\"ljoptimizer\" href=\"https:\/\/www.amazon.es\/dp\/B08635Y4T7?tag=amazon087683-21&amp;th=1\" target=\"_blank\" rel=\"nofollow noopener\">d-c-fix vinilo adhesivo muebles Roble Ribbeck Oak efecto madera autoadhesivo impermeable decorativo para cocina, armario, puerta, mesa papel pintado forrar rollo l\u00e1minas 90 cm x 2,1 m<\/a><\/td>\n<td>14 \u20ac<\/td>\n<td>3 \u20ac<\/td>\n<\/tr>\n<tr>\n<td>MARKETPLACES<\/td>\n<td><a class=\"ljoptimizer\" href=\"https:\/\/www.amazon.es\/dp\/B00F739RXG?tag=amazon087683-21&amp;th=1\" target=\"_blank\" rel=\"nofollow noopener\">Escobilla limpiaparabrisas Bosch Twin 700U, Longitud: 700mm \u2013 1 escobilla limpiaparabrisas para el parabrisas frontal<\/a><\/td>\n<td>14 \u20ac<\/td>\n<td>3 \u20ac<\/td>\n<\/tr>\n<tr>\n<td>MARKETPLACES<\/td>\n<td><a class=\"ljoptimizer\" href=\"https:\/\/www.amazon.es\/dp\/B002ZRQ4AG?tag=amazon087683-21&amp;th=1\" target=\"_blank\" rel=\"nofollow noopener\">Escobilla limpiaparabrisas Bosch Twin 650U, Longitud: 650mm \u2013 1 escobilla limpiaparabrisas para el parabrisas frontal<\/a><\/td>\n<td>13 \u20ac<\/td>\n<td>3 \u20ac<\/td>\n<\/tr>\n<tr>\n<td>MARKETPLACES<\/td>\n<td><a class=\"ljoptimizer\" href=\"https:\/\/www.amazon.es\/dp\/B0DH8K9C9B?tag=amazon087683-21&amp;th=1\" target=\"_blank\" rel=\"nofollow noopener\">cyclingcolors 4x Riel 1m para Puerta de Armario para Ruedas Puertas Correderas Gu\u00eda de Carro Corredizas Pl\u00e1stico, Blanco<\/a><\/td>\n<td>13 \u20ac<\/td>\n<td>3 \u20ac<\/td>\n<\/tr>\n<\/tbody>\n<\/table>\n","protected":false},"excerpt":{"rendered":"<p>Pal\u00e9 de Herramientas sin revisar procedente de devoluciones de marketplaces<\/p>\n<ul>\n<li>N\u00famero de productos: 39<\/li>\n<li>Valor aproximado: 4303.00<\/li>\n<li>Porcentaje que se paga: 19% + IVA<\/li>\n<li>Tiempo de entrega estimado: 3 a 7 d\u00edas<\/li>\n<\/ul>\n<p>*Los precios incluyen IVA<\/p>\n","protected":false},"featured_media":169403,"template":"","meta":{"site-sidebar-layout":"default","site-content-layout":"","ast-site-content-layout":"default","site-content-style":"default","site-sidebar-style":"default","ast-global-header-display":"","ast-banner-title-visibility":"","ast-main-header-display":"","ast-hfb-above-header-display":"","ast-hfb-below-header-display":"","ast-hfb-mobile-header-display":"","site-post-title":"","ast-breadcrumbs-content":"","ast-featured-img":"","footer-sml-layout":"","ast-disable-related-posts":"","theme-transparent-header-meta":"default","adv-header-id-meta":"","stick-header-meta":"","header-above-stick-meta":"","header-main-stick-meta":"","header-below-stick-meta":"","astra-migrate-meta-layouts":"set","ast-page-background-enabled":"default","ast-page-background-meta":{"desktop":{"background-color":"var(--ast-global-color-4)","background-image":"","background-repeat":"repeat","background-position":"center center","background-size":"auto","background-attachment":"scroll","background-type":"","background-media":"","overlay-type":"","overlay-color":"","overlay-opacity":"","overlay-gradient":""},"tablet":{"background-color":"","background-image":"","background-repeat":"repeat","background-position":"center center","background-size":"auto","background-attachment":"scroll","background-type":"","background-media":"","overlay-type":"","overlay-color":"","overlay-opacity":"","overlay-gradient":""},"mobile":{"background-color":"","background-image":"","background-repeat":"repeat","background-position":"center center","background-size":"auto","background-attachment":"scroll","background-type":"","background-media":"","overlay-type":"","overlay-color":"","overlay-opacity":"","overlay-gradient":""}},"ast-content-background-meta":{"desktop":{"background-color":"var(--ast-global-color-5)","background-image":"","background-repeat":"repeat","background-position":"center center","background-size":"auto","background-attachment":"scroll","background-type":"","background-media":"","overlay-type":"","overlay-color":"","overlay-opacity":"","overlay-gradient":""},"tablet":{"background-color":"var(--ast-global-color-5)","background-image":"","background-repeat":"repeat","background-position":"center center","background-size":"auto","background-attachment":"scroll","background-type":"","background-media":"","overlay-type":"","overlay-color":"","overlay-opacity":"","overlay-gradient":""},"mobile":{"background-color":"var(--ast-global-color-5)","background-image":"","background-repeat":"repeat","background-position":"center center","background-size":"auto","background-attachment":"scroll","background-type":"","background-media":"","overlay-type":"","overlay-color":"","overlay-opacity":"","overlay-gradient":""}}},"product_brand":[],"product_cat":[42,65],"product_tag":[],"class_list":{"0":"post-169308","1":"product","2":"type-product","3":"status-publish","4":"has-post-thumbnail","6":"product_cat-herramientas","7":"product_cat-pales","8":"product_shipping_class-pale","9":"desktop-align-left","10":"tablet-align-left","11":"mobile-align-left","13":"first","14":"instock","15":"sale","16":"downloadable","17":"taxable","18":"shipping-taxable","19":"purchasable","20":"product-type-simple"},"yoast_head":"<!-- This site is optimized with the Yoast SEO plugin v27.2 - https:\/\/yoast.com\/product\/yoast-seo-wordpress\/ -->\n<title>Pal\u00e9 de Herramientas [39 productos] (10226376) - Comprardevoluciones - Tu tienda de Devoluciones de Amazon<\/title>\n<meta name=\"robots\" content=\"noindex, follow\" \/>\n<meta property=\"og:locale\" content=\"it_IT\" \/>\n<meta property=\"og:type\" content=\"article\" \/>\n<meta property=\"og:title\" content=\"Pal\u00e9 de Herramientas [39 productos] (10226376) - Comprardevoluciones - Tu tienda de Devoluciones de Amazon\" \/>\n<meta property=\"og:description\" content=\"Pal\u00e9 de Herramientas sin revisar procedente de devoluciones de marketplaces   N\u00famero de productos: 39  Valor aproximado: 4303.00  Porcentaje que se paga: 19% + IVA  Tiempo de entrega estimado: 3 a 7 d\u00edas  *Los precios incluyen IVA\" \/>\n<meta property=\"og:url\" content=\"https:\/\/comprardevoluciones.com\/producto\/10226376\/\" \/>\n<meta property=\"og:site_name\" content=\"Comprardevoluciones - Tu tienda de Devoluciones de Amazon\" \/>\n<meta property=\"article:modified_time\" content=\"2026-04-01T09:01:36+00:00\" \/>\n<meta property=\"og:image\" content=\"https:\/\/comprardevoluciones.com\/wp-content\/uploads\/2026\/03\/10226376.jpg\" \/>\n\t<meta property=\"og:image:width\" content=\"700\" \/>\n\t<meta property=\"og:image:height\" content=\"700\" \/>\n\t<meta property=\"og:image:type\" content=\"image\/jpeg\" \/>\n<meta name=\"twitter:card\" content=\"summary_large_image\" \/>\n<meta name=\"twitter:label1\" content=\"Tempo di lettura stimato\" \/>\n\t<meta name=\"twitter:data1\" content=\"5 minuti\" \/>\n<script type=\"application\/ld+json\" class=\"yoast-schema-graph\">{\"@context\":\"https:\/\/schema.org\",\"@graph\":[{\"@type\":\"WebPage\",\"@id\":\"https:\/\/comprardevoluciones.com\/producto\/10226376\/\",\"url\":\"https:\/\/comprardevoluciones.com\/producto\/10226376\/\",\"name\":\"Pal\u00e9 de Herramientas [39 productos] (10226376) - Comprardevoluciones - Tu tienda de Devoluciones de Amazon\",\"isPartOf\":{\"@id\":\"https:\/\/comprardevoluciones.com\/#website\"},\"primaryImageOfPage\":{\"@id\":\"https:\/\/comprardevoluciones.com\/producto\/10226376\/#primaryimage\"},\"image\":{\"@id\":\"https:\/\/comprardevoluciones.com\/producto\/10226376\/#primaryimage\"},\"thumbnailUrl\":\"https:\/\/comprardevoluciones.com\/wp-content\/uploads\/2026\/03\/10226376.jpg\",\"datePublished\":\"2026-04-01T08:30:02+00:00\",\"dateModified\":\"2026-04-01T09:01:36+00:00\",\"breadcrumb\":{\"@id\":\"https:\/\/comprardevoluciones.com\/producto\/10226376\/#breadcrumb\"},\"inLanguage\":\"it-IT\",\"potentialAction\":[{\"@type\":\"ReadAction\",\"target\":[\"https:\/\/comprardevoluciones.com\/producto\/10226376\/\"]}]},{\"@type\":\"ImageObject\",\"inLanguage\":\"it-IT\",\"@id\":\"https:\/\/comprardevoluciones.com\/producto\/10226376\/#primaryimage\",\"url\":\"https:\/\/comprardevoluciones.com\/wp-content\/uploads\/2026\/03\/10226376.jpg\",\"contentUrl\":\"https:\/\/comprardevoluciones.com\/wp-content\/uploads\/2026\/03\/10226376.jpg\",\"width\":700,\"height\":700},{\"@type\":\"BreadcrumbList\",\"@id\":\"https:\/\/comprardevoluciones.com\/producto\/10226376\/#breadcrumb\",\"itemListElement\":[{\"@type\":\"ListItem\",\"position\":1,\"name\":\"Portada\",\"item\":\"https:\/\/comprardevoluciones.com\/it\/\"},{\"@type\":\"ListItem\",\"position\":2,\"name\":\"Negozio\",\"item\":\"https:\/\/comprardevoluciones.com\/it\/negozio\/\"},{\"@type\":\"ListItem\",\"position\":3,\"name\":\"Pal\u00e9 de Herramientas [39 productos] (10226376)\"}]},{\"@type\":\"WebSite\",\"@id\":\"https:\/\/comprardevoluciones.com\/#website\",\"url\":\"https:\/\/comprardevoluciones.com\/\",\"name\":\"Comprardevoluciones - Tu tienda de Devoluciones de Amazon\",\"description\":\"Consigue Stock en buen estado a un precio imbatible\",\"potentialAction\":[{\"@type\":\"SearchAction\",\"target\":{\"@type\":\"EntryPoint\",\"urlTemplate\":\"https:\/\/comprardevoluciones.com\/?s={search_term_string}\"},\"query-input\":{\"@type\":\"PropertyValueSpecification\",\"valueRequired\":true,\"valueName\":\"search_term_string\"}}],\"inLanguage\":\"it-IT\"}]}<\/script>\n<!-- \/ Yoast SEO plugin. -->","yoast_head_json":{"title":"Pal\u00e9 de Herramientas [39 productos] (10226376) - Comprardevoluciones - Tu tienda de Devoluciones de Amazon","robots":{"index":"noindex","follow":"follow"},"og_locale":"it_IT","og_type":"article","og_title":"Pal\u00e9 de Herramientas [39 productos] (10226376) - Comprardevoluciones - Tu tienda de Devoluciones de Amazon","og_description":"Pal\u00e9 de Herramientas sin revisar procedente de devoluciones de marketplaces   N\u00famero de productos: 39  Valor aproximado: 4303.00  Porcentaje que se paga: 19% + IVA  Tiempo de entrega estimado: 3 a 7 d\u00edas  *Los precios incluyen IVA","og_url":"https:\/\/comprardevoluciones.com\/producto\/10226376\/","og_site_name":"Comprardevoluciones - Tu tienda de Devoluciones de Amazon","article_modified_time":"2026-04-01T09:01:36+00:00","og_image":[{"width":700,"height":700,"url":"https:\/\/comprardevoluciones.com\/wp-content\/uploads\/2026\/03\/10226376.jpg","type":"image\/jpeg"}],"twitter_card":"summary_large_image","twitter_misc":{"Tempo di lettura stimato":"5 minuti"},"schema":{"@context":"https:\/\/schema.org","@graph":[{"@type":"WebPage","@id":"https:\/\/comprardevoluciones.com\/producto\/10226376\/","url":"https:\/\/comprardevoluciones.com\/producto\/10226376\/","name":"Pal\u00e9 de Herramientas [39 productos] (10226376) - Comprardevoluciones - Tu tienda de Devoluciones de Amazon","isPartOf":{"@id":"https:\/\/comprardevoluciones.com\/#website"},"primaryImageOfPage":{"@id":"https:\/\/comprardevoluciones.com\/producto\/10226376\/#primaryimage"},"image":{"@id":"https:\/\/comprardevoluciones.com\/producto\/10226376\/#primaryimage"},"thumbnailUrl":"https:\/\/comprardevoluciones.com\/wp-content\/uploads\/2026\/03\/10226376.jpg","datePublished":"2026-04-01T08:30:02+00:00","dateModified":"2026-04-01T09:01:36+00:00","breadcrumb":{"@id":"https:\/\/comprardevoluciones.com\/producto\/10226376\/#breadcrumb"},"inLanguage":"it-IT","potentialAction":[{"@type":"ReadAction","target":["https:\/\/comprardevoluciones.com\/producto\/10226376\/"]}]},{"@type":"ImageObject","inLanguage":"it-IT","@id":"https:\/\/comprardevoluciones.com\/producto\/10226376\/#primaryimage","url":"https:\/\/comprardevoluciones.com\/wp-content\/uploads\/2026\/03\/10226376.jpg","contentUrl":"https:\/\/comprardevoluciones.com\/wp-content\/uploads\/2026\/03\/10226376.jpg","width":700,"height":700},{"@type":"BreadcrumbList","@id":"https:\/\/comprardevoluciones.com\/producto\/10226376\/#breadcrumb","itemListElement":[{"@type":"ListItem","position":1,"name":"Portada","item":"https:\/\/comprardevoluciones.com\/it\/"},{"@type":"ListItem","position":2,"name":"Negozio","item":"https:\/\/comprardevoluciones.com\/it\/negozio\/"},{"@type":"ListItem","position":3,"name":"Pal\u00e9 de Herramientas [39 productos] (10226376)"}]},{"@type":"WebSite","@id":"https:\/\/comprardevoluciones.com\/#website","url":"https:\/\/comprardevoluciones.com\/","name":"Comprardevoluciones - Tu tienda de Devoluciones de Amazon","description":"Consigue Stock en buen estado a un precio imbatible","potentialAction":[{"@type":"SearchAction","target":{"@type":"EntryPoint","urlTemplate":"https:\/\/comprardevoluciones.com\/?s={search_term_string}"},"query-input":{"@type":"PropertyValueSpecification","valueRequired":true,"valueName":"search_term_string"}}],"inLanguage":"it-IT"}]}},"_links":{"self":[{"href":"https:\/\/comprardevoluciones.com\/it\/wp-json\/wp\/v2\/product\/169308","targetHints":{"allow":["GET"]}}],"collection":[{"href":"https:\/\/comprardevoluciones.com\/it\/wp-json\/wp\/v2\/product"}],"about":[{"href":"https:\/\/comprardevoluciones.com\/it\/wp-json\/wp\/v2\/types\/product"}],"wp:featuredmedia":[{"embeddable":true,"href":"https:\/\/comprardevoluciones.com\/it\/wp-json\/wp\/v2\/media\/169403"}],"wp:attachment":[{"href":"https:\/\/comprardevoluciones.com\/it\/wp-json\/wp\/v2\/media?parent=169308"}],"wp:term":[{"taxonomy":"product_brand","embeddable":true,"href":"https:\/\/comprardevoluciones.com\/it\/wp-json\/wp\/v2\/product_brand?post=169308"},{"taxonomy":"product_cat","embeddable":true,"href":"https:\/\/comprardevoluciones.com\/it\/wp-json\/wp\/v2\/product_cat?post=169308"},{"taxonomy":"product_tag","embeddable":true,"href":"https:\/\/comprardevoluciones.com\/it\/wp-json\/wp\/v2\/product_tag?post=169308"}],"curies":[{"name":"wp","href":"https:\/\/api.w.org\/{rel}","templated":true}]}}