{"id":169309,"date":"2026-04-01T09:30:05","date_gmt":"2026-04-01T08:30:05","guid":{"rendered":"https:\/\/comprardevoluciones.com\/?post_type=product&#038;p=169309"},"modified":"2026-04-01T10:00:55","modified_gmt":"2026-04-01T09:00:55","slug":"10226404","status":"publish","type":"product","link":"https:\/\/comprardevoluciones.com\/it\/producto\/10226404\/","title":{"rendered":"Pal\u00e9 de Herramientas [20 productos] (10226404)"},"content":{"rendered":"<p>Descripci\u00f3n y valor aproximados<\/p>\n<table>\n<tbody>\n<tr>\n<td><strong>FUENTE<\/strong><\/td>\n<td><strong>PRODUCTO<\/strong><\/td>\n<td><strong>VALOR (\u20ac)<\/strong><\/td>\n<td><strong>PAGAS (\u20ac)<\/strong><\/td>\n<\/tr>\n<tr>\n<td>MARKETPLACES<\/td>\n<td><a class=\"ljoptimizer\" href=\"https:\/\/www.amazon.es\/dp\/B0CQC447VC?tag=amazon087683-21&amp;th=1\" target=\"_blank\" rel=\"nofollow noopener\">COMFEE\u2019 Deshumidificador de humedad 50L grandes espacios hasta 116 m2 \/ 250 m3 &#8211; Deshumificador Industrial Gran Capacidad &#8211; Silencioso Compacto y Bajo Consumo &#8211; Deshumificadores de Humedad interior<\/a><\/td>\n<td>310 \u20ac<\/td>\n<td>71 \u20ac<\/td>\n<\/tr>\n<tr>\n<td>MARKETPLACES<\/td>\n<td><a class=\"ljoptimizer\" href=\"https:\/\/www.amazon.es\/dp\/B0CQC447VC?tag=amazon087683-21&amp;th=1\" target=\"_blank\" rel=\"nofollow noopener\">COMFEE\u2019 Deshumidificador de humedad 50L grandes espacios hasta 116 m2 \/ 250 m3 &#8211; Deshumificador Industrial Gran Capacidad &#8211; Silencioso Compacto y Bajo Consumo &#8211; Deshumificadores de Humedad interior<\/a><\/td>\n<td>310 \u20ac<\/td>\n<td>71 \u20ac<\/td>\n<\/tr>\n<tr>\n<td>MARKETPLACES<\/td>\n<td><a class=\"ljoptimizer\" href=\"https:\/\/www.amazon.es\/dp\/B0D3T53DXS?tag=amazon087683-21&amp;th=1\" target=\"_blank\" rel=\"nofollow noopener\">VEVOR M\u00e1quina Roscadora de Tubos 2300 W 220 V Kit de Roscadora de Tubos con Trinquete 22 RPM Roscadora de Tubos El\u00e9ctrica Port\u00e1til con 6 Troqueles Duraderos para Roscar Tuber\u00eda Galvanizada<\/a><\/td>\n<td>263 \u20ac<\/td>\n<td>60 \u20ac<\/td>\n<\/tr>\n<tr>\n<td>MARKETPLACES<\/td>\n<td><a class=\"ljoptimizer\" href=\"https:\/\/www.amazon.es\/dp\/B0DPGLZBR6?tag=amazon087683-21&amp;th=1\" target=\"_blank\" rel=\"nofollow noopener\">MESA DM NATURAL TAPA BLANCA<\/a><\/td>\n<td>253 \u20ac<\/td>\n<td>58 \u20ac<\/td>\n<\/tr>\n<tr>\n<td>MARKETPLACES<\/td>\n<td><a class=\"ljoptimizer\" href=\"https:\/\/www.amazon.es\/dp\/B0CKR5V212?tag=amazon087683-21&amp;th=1\" target=\"_blank\" rel=\"nofollow noopener\">VEVOR Aspirador de Vapor de Soldadura Ventilador de Trabajo de 150 W Filtro de 3 Capas 332 m\u00b3\/h Absorbente de Humo para Soldadura Compacto para Reparaci\u00f3n de Tel\u00e9fonos de Soldadura DIY Impresi\u00f3n 3D<\/a><\/td>\n<td>251 \u20ac<\/td>\n<td>58 \u20ac<\/td>\n<\/tr>\n<tr>\n<td>MARKETPLACES<\/td>\n<td><a class=\"ljoptimizer\" href=\"https:\/\/www.amazon.es\/dp\/B016DOHKWC?tag=amazon087683-21&amp;th=1\" target=\"_blank\" rel=\"nofollow noopener\">PowerPlus POWX0477 &#8211; Amoladora Para Paredes Y Techos 710W Combi<\/a><\/td>\n<td>155 \u20ac<\/td>\n<td>36 \u20ac<\/td>\n<\/tr>\n<tr>\n<td>MARKETPLACES<\/td>\n<td><a class=\"ljoptimizer\" href=\"https:\/\/www.amazon.es\/dp\/B0BNPQHJZK?tag=amazon087683-21&amp;th=1\" target=\"_blank\" rel=\"nofollow noopener\">Lijadora Jirafa MAXXT 820W: plegable con tubo de extensi\u00f3n (110 cm\/165 cm), velocidad ajustable (600-1900 rpm), LED, borde lateral desmontable, 6 tipos de papel de lija para paredes y techos<\/a><\/td>\n<td>140 \u20ac<\/td>\n<td>32 \u20ac<\/td>\n<\/tr>\n<tr>\n<td>MARKETPLACES<\/td>\n<td><a class=\"ljoptimizer\" href=\"https:\/\/www.amazon.es\/dp\/B074HBMKFL?tag=amazon087683-21&amp;th=1\" target=\"_blank\" rel=\"nofollow noopener\">Fartools PMF1300 Surfaceuse multi-mat\u00e9riaux 1400 W 5en1 : pon\u00e7age (bois\/pl\u00e2tre), d\u00e9capage, lustrage, meulage et surfa\u00e7age b\u00e9ton &#8211; vitesse variable<\/a><\/td>\n<td>140 \u20ac<\/td>\n<td>32 \u20ac<\/td>\n<\/tr>\n<tr>\n<td>MARKETPLACES<\/td>\n<td><a class=\"ljoptimizer\" href=\"https:\/\/www.amazon.es\/dp\/B0FN7L821G?tag=amazon087683-21&amp;th=1\" target=\"_blank\" rel=\"nofollow noopener\">MAXXT lijadora de paredes y techos, Cabezal giratorio 180\u00b0 y brazo telesc\u00f3pico (1,2 m\/1,7 m), borde lateral desmontable, potencia constante, 5 velocidades con memoria, 6 discos abrasivos<\/a><\/td>\n<td>125 \u20ac<\/td>\n<td>29 \u20ac<\/td>\n<\/tr>\n<tr>\n<td>MARKETPLACES<\/td>\n<td><a class=\"ljoptimizer\" href=\"https:\/\/www.amazon.es\/dp\/B07Q2KSLGN?tag=amazon087683-21&amp;th=1\" target=\"_blank\" rel=\"nofollow noopener\">Mophorn M\u00e1quina de Cer\u00e1mica 25 cm, Rueda de Cer\u00e1mica El\u00e9ctrica de 280 W con Pedal y Herramienta de Lavabo Desmontable, M\u00e1quina de Dibujo de Cer\u00e1mica para Bricolaje Ense\u00f1anza Escolar<\/a><\/td>\n<td>124 \u20ac<\/td>\n<td>28 \u20ac<\/td>\n<\/tr>\n<tr>\n<td>MARKETPLACES<\/td>\n<td><a class=\"ljoptimizer\" href=\"https:\/\/www.amazon.es\/dp\/B09MD8DBY6?tag=amazon087683-21&amp;th=1\" target=\"_blank\" rel=\"nofollow noopener\">K\u00e4rcher, Aspirador en Seco y H\u00famedo WD 3 S V-17\/4\/20, Enchufe, Filtro cartucho, 1000 W, Dep\u00f3sito acero inoxidable 17 l, Manguera aspiraci\u00f3n 2 m, cable 4m, Funci\u00f3n de soplado<\/a><\/td>\n<td>116 \u20ac<\/td>\n<td>27 \u20ac<\/td>\n<\/tr>\n<tr>\n<td>MARKETPLACES<\/td>\n<td><a class=\"ljoptimizer\" href=\"https:\/\/www.amazon.es\/dp\/B0DF2QC9J3?tag=amazon087683-21&amp;th=1\" target=\"_blank\" rel=\"nofollow noopener\">wolfcraft Kit de proyecto &#8220;Colocaci\u00f3n de vinilo y laminado&#8221; \u2013 8638000 \u2013 Cortador profesional para vinilo y laminado VLC 800 y 30 cu\u00f1as universales de alta calidad<\/a><\/td>\n<td>102 \u20ac<\/td>\n<td>23 \u20ac<\/td>\n<\/tr>\n<tr>\n<td>MARKETPLACES<\/td>\n<td><a class=\"ljoptimizer\" href=\"https:\/\/www.amazon.es\/dp\/B0DY1L6JXT?tag=amazon087683-21&amp;th=1\" target=\"_blank\" rel=\"nofollow noopener\">Espejo De Madera Acabado Artesanal Gris<\/a><\/td>\n<td>102 \u20ac<\/td>\n<td>23 \u20ac<\/td>\n<\/tr>\n<tr>\n<td>MARKETPLACES<\/td>\n<td><a class=\"ljoptimizer\" href=\"https:\/\/www.amazon.es\/dp\/B09MD6NFGL?tag=amazon087683-21&amp;th=1\" target=\"_blank\" rel=\"nofollow noopener\">Karcher, Aspirador en seco y h\u00famedo WD 2 Plus V-12\/4\/18\/C, Potencia 1000 W, Incluye Filtros y Boquilla para Suelo y Ranuras, Yellow\/Black, Dep\u00f3sito de pl\u00e1stico 12 l, Manguera aspiraci\u00f3n 1,8 m<\/a><\/td>\n<td>70 \u20ac<\/td>\n<td>16 \u20ac<\/td>\n<\/tr>\n<tr>\n<td>MARKETPLACES<\/td>\n<td><a class=\"ljoptimizer\" href=\"https:\/\/www.amazon.es\/dp\/B008Q6SMPK?tag=amazon087683-21&amp;th=1\" target=\"_blank\" rel=\"nofollow noopener\">Bottari 68004 &#8220;Master&#8221; Cadenas de nieve 16 mm, Talla 230, Adecuado para 4&#215;4, Jeep, SUVs, microb\u00fas, furgonetas, F\u00e1ciles y r\u00e1pidos de instalar, T\u00dcV S\u00fcd y GS \u00d6NORM V5117<\/a><\/td>\n<td>58 \u20ac<\/td>\n<td>13 \u20ac<\/td>\n<\/tr>\n<tr>\n<td>MARKETPLACES<\/td>\n<td><a class=\"ljoptimizer\" href=\"https:\/\/www.amazon.es\/dp\/B01MTFLLIX?tag=amazon087683-21&amp;th=1\" target=\"_blank\" rel=\"nofollow noopener\">Contenedor residuos eco 120l con pedal negro<\/a><\/td>\n<td>46 \u20ac<\/td>\n<td>11 \u20ac<\/td>\n<\/tr>\n<tr>\n<td>MARKETPLACES<\/td>\n<td><a class=\"ljoptimizer\" href=\"https:\/\/www.amazon.es\/dp\/B0CD2N95L5?tag=amazon087683-21&amp;th=1\" target=\"_blank\" rel=\"nofollow noopener\">keeeper 2x Cajas plegables resistentes con asas suaves al tacto, 45 l, Ben, Azul n\u00f3rdico<\/a><\/td>\n<td>42 \u20ac<\/td>\n<td>10 \u20ac<\/td>\n<\/tr>\n<tr>\n<td>MARKETPLACES<\/td>\n<td><a class=\"ljoptimizer\" href=\"https:\/\/www.amazon.es\/dp\/B0DBQJTBSK?tag=amazon087683-21&amp;th=1\" target=\"_blank\" rel=\"nofollow noopener\">AiQInu2 Piezas Cajas Almacenaje Ropa, 24L Bolsa para Guardar Ropa con Cremallera, Material de Tela Oxford, Marco de Metal, Para Edredones, Frazadas, Ropa de Cama y M\u00e1s &#8211; 40 x 30 x 20 cm<\/a><\/td>\n<td>27 \u20ac<\/td>\n<td>6 \u20ac<\/td>\n<\/tr>\n<tr>\n<td>MARKETPLACES<\/td>\n<td><a class=\"ljoptimizer\" href=\"https:\/\/www.amazon.es\/dp\/B0DPGHSV8D?tag=amazon087683-21&amp;th=1\" target=\"_blank\" rel=\"nofollow noopener\">FAROL MADERA TURQUESA<\/a><\/td>\n<td>23 \u20ac<\/td>\n<td>5 \u20ac<\/td>\n<\/tr>\n<tr>\n<td>MARKETPLACES<\/td>\n<td><a class=\"ljoptimizer\" href=\"https:\/\/www.amazon.es\/dp\/B08SNNXX56?tag=amazon087683-21&amp;th=1\" target=\"_blank\" rel=\"nofollow noopener\">ERKO Bridas para Cables Negro 540 x 7,6 mm UV Resistencia 100 piezas Ultra fuertes 54 kg de resistencia a la tracci\u00f3n, Largo, Resistente a temperatura, Para Oficina, Hogar, Exteriores<\/a><\/td>\n<td>21 \u20ac<\/td>\n<td>5 \u20ac<\/td>\n<\/tr>\n<\/tbody>\n<\/table>\n","protected":false},"excerpt":{"rendered":"<p>Pal\u00e9 de Herramientas sin revisar procedente de devoluciones de marketplaces<\/p>\n<ul>\n<li>N\u00famero de productos: 20<\/li>\n<li>Valor aproximado: 2678.00<\/li>\n<li>Porcentaje que se paga: 19% + IVA<\/li>\n<li>Tiempo de entrega estimado: 3 a 7 d\u00edas<\/li>\n<\/ul>\n<p>*Los precios incluyen IVA<\/p>\n","protected":false},"featured_media":169416,"template":"","meta":{"site-sidebar-layout":"default","site-content-layout":"","ast-site-content-layout":"default","site-content-style":"default","site-sidebar-style":"default","ast-global-header-display":"","ast-banner-title-visibility":"","ast-main-header-display":"","ast-hfb-above-header-display":"","ast-hfb-below-header-display":"","ast-hfb-mobile-header-display":"","site-post-title":"","ast-breadcrumbs-content":"","ast-featured-img":"","footer-sml-layout":"","ast-disable-related-posts":"","theme-transparent-header-meta":"default","adv-header-id-meta":"","stick-header-meta":"","header-above-stick-meta":"","header-main-stick-meta":"","header-below-stick-meta":"","astra-migrate-meta-layouts":"set","ast-page-background-enabled":"default","ast-page-background-meta":{"desktop":{"background-color":"var(--ast-global-color-4)","background-image":"","background-repeat":"repeat","background-position":"center center","background-size":"auto","background-attachment":"scroll","background-type":"","background-media":"","overlay-type":"","overlay-color":"","overlay-opacity":"","overlay-gradient":""},"tablet":{"background-color":"","background-image":"","background-repeat":"repeat","background-position":"center center","background-size":"auto","background-attachment":"scroll","background-type":"","background-media":"","overlay-type":"","overlay-color":"","overlay-opacity":"","overlay-gradient":""},"mobile":{"background-color":"","background-image":"","background-repeat":"repeat","background-position":"center center","background-size":"auto","background-attachment":"scroll","background-type":"","background-media":"","overlay-type":"","overlay-color":"","overlay-opacity":"","overlay-gradient":""}},"ast-content-background-meta":{"desktop":{"background-color":"var(--ast-global-color-5)","background-image":"","background-repeat":"repeat","background-position":"center center","background-size":"auto","background-attachment":"scroll","background-type":"","background-media":"","overlay-type":"","overlay-color":"","overlay-opacity":"","overlay-gradient":""},"tablet":{"background-color":"var(--ast-global-color-5)","background-image":"","background-repeat":"repeat","background-position":"center center","background-size":"auto","background-attachment":"scroll","background-type":"","background-media":"","overlay-type":"","overlay-color":"","overlay-opacity":"","overlay-gradient":""},"mobile":{"background-color":"var(--ast-global-color-5)","background-image":"","background-repeat":"repeat","background-position":"center center","background-size":"auto","background-attachment":"scroll","background-type":"","background-media":"","overlay-type":"","overlay-color":"","overlay-opacity":"","overlay-gradient":""}}},"product_brand":[],"product_cat":[42,65],"product_tag":[],"class_list":{"0":"post-169309","1":"product","2":"type-product","3":"status-publish","4":"has-post-thumbnail","6":"product_cat-herramientas","7":"product_cat-pales","8":"product_shipping_class-pale","9":"desktop-align-left","10":"tablet-align-left","11":"mobile-align-left","13":"first","14":"instock","15":"sale","16":"downloadable","17":"taxable","18":"shipping-taxable","19":"purchasable","20":"product-type-simple"},"yoast_head":"<!-- This site is optimized with the Yoast SEO plugin v27.2 - https:\/\/yoast.com\/product\/yoast-seo-wordpress\/ -->\n<title>Pal\u00e9 de Herramientas [20 productos] (10226404) - Comprardevoluciones - Tu tienda de Devoluciones de Amazon<\/title>\n<meta name=\"robots\" content=\"noindex, follow\" \/>\n<meta property=\"og:locale\" content=\"it_IT\" \/>\n<meta property=\"og:type\" content=\"article\" \/>\n<meta property=\"og:title\" content=\"Pal\u00e9 de Herramientas [20 productos] (10226404) - Comprardevoluciones - Tu tienda de Devoluciones de Amazon\" \/>\n<meta property=\"og:description\" content=\"Pal\u00e9 de Herramientas sin revisar procedente de devoluciones de marketplaces   N\u00famero de productos: 20  Valor aproximado: 2678.00  Porcentaje que se paga: 19% + IVA  Tiempo de entrega estimado: 3 a 7 d\u00edas  *Los precios incluyen IVA\" \/>\n<meta property=\"og:url\" content=\"https:\/\/comprardevoluciones.com\/producto\/10226404\/\" \/>\n<meta property=\"og:site_name\" content=\"Comprardevoluciones - Tu tienda de Devoluciones de Amazon\" \/>\n<meta property=\"article:modified_time\" content=\"2026-04-01T09:00:55+00:00\" \/>\n<meta property=\"og:image\" content=\"https:\/\/comprardevoluciones.com\/wp-content\/uploads\/2026\/03\/10226404.jpg\" \/>\n\t<meta property=\"og:image:width\" content=\"700\" \/>\n\t<meta property=\"og:image:height\" content=\"700\" \/>\n\t<meta property=\"og:image:type\" content=\"image\/jpeg\" \/>\n<meta name=\"twitter:card\" content=\"summary_large_image\" \/>\n<meta name=\"twitter:label1\" content=\"Tempo di lettura stimato\" \/>\n\t<meta name=\"twitter:data1\" content=\"3 minuti\" \/>\n<script type=\"application\/ld+json\" class=\"yoast-schema-graph\">{\"@context\":\"https:\/\/schema.org\",\"@graph\":[{\"@type\":\"WebPage\",\"@id\":\"https:\/\/comprardevoluciones.com\/producto\/10226404\/\",\"url\":\"https:\/\/comprardevoluciones.com\/producto\/10226404\/\",\"name\":\"Pal\u00e9 de Herramientas [20 productos] (10226404) - Comprardevoluciones - Tu tienda de Devoluciones de Amazon\",\"isPartOf\":{\"@id\":\"https:\/\/comprardevoluciones.com\/#website\"},\"primaryImageOfPage\":{\"@id\":\"https:\/\/comprardevoluciones.com\/producto\/10226404\/#primaryimage\"},\"image\":{\"@id\":\"https:\/\/comprardevoluciones.com\/producto\/10226404\/#primaryimage\"},\"thumbnailUrl\":\"https:\/\/comprardevoluciones.com\/wp-content\/uploads\/2026\/03\/10226404.jpg\",\"datePublished\":\"2026-04-01T08:30:05+00:00\",\"dateModified\":\"2026-04-01T09:00:55+00:00\",\"breadcrumb\":{\"@id\":\"https:\/\/comprardevoluciones.com\/producto\/10226404\/#breadcrumb\"},\"inLanguage\":\"it-IT\",\"potentialAction\":[{\"@type\":\"ReadAction\",\"target\":[\"https:\/\/comprardevoluciones.com\/producto\/10226404\/\"]}]},{\"@type\":\"ImageObject\",\"inLanguage\":\"it-IT\",\"@id\":\"https:\/\/comprardevoluciones.com\/producto\/10226404\/#primaryimage\",\"url\":\"https:\/\/comprardevoluciones.com\/wp-content\/uploads\/2026\/03\/10226404.jpg\",\"contentUrl\":\"https:\/\/comprardevoluciones.com\/wp-content\/uploads\/2026\/03\/10226404.jpg\",\"width\":700,\"height\":700},{\"@type\":\"BreadcrumbList\",\"@id\":\"https:\/\/comprardevoluciones.com\/producto\/10226404\/#breadcrumb\",\"itemListElement\":[{\"@type\":\"ListItem\",\"position\":1,\"name\":\"Portada\",\"item\":\"https:\/\/comprardevoluciones.com\/it\/\"},{\"@type\":\"ListItem\",\"position\":2,\"name\":\"Negozio\",\"item\":\"https:\/\/comprardevoluciones.com\/it\/negozio\/\"},{\"@type\":\"ListItem\",\"position\":3,\"name\":\"Pal\u00e9 de Herramientas [20 productos] (10226404)\"}]},{\"@type\":\"WebSite\",\"@id\":\"https:\/\/comprardevoluciones.com\/#website\",\"url\":\"https:\/\/comprardevoluciones.com\/\",\"name\":\"Comprardevoluciones - Tu tienda de Devoluciones de Amazon\",\"description\":\"Consigue Stock en buen estado a un precio imbatible\",\"potentialAction\":[{\"@type\":\"SearchAction\",\"target\":{\"@type\":\"EntryPoint\",\"urlTemplate\":\"https:\/\/comprardevoluciones.com\/?s={search_term_string}\"},\"query-input\":{\"@type\":\"PropertyValueSpecification\",\"valueRequired\":true,\"valueName\":\"search_term_string\"}}],\"inLanguage\":\"it-IT\"}]}<\/script>\n<!-- \/ Yoast SEO plugin. -->","yoast_head_json":{"title":"Pal\u00e9 de Herramientas [20 productos] (10226404) - Comprardevoluciones - Tu tienda de Devoluciones de Amazon","robots":{"index":"noindex","follow":"follow"},"og_locale":"it_IT","og_type":"article","og_title":"Pal\u00e9 de Herramientas [20 productos] (10226404) - Comprardevoluciones - Tu tienda de Devoluciones de Amazon","og_description":"Pal\u00e9 de Herramientas sin revisar procedente de devoluciones de marketplaces   N\u00famero de productos: 20  Valor aproximado: 2678.00  Porcentaje que se paga: 19% + IVA  Tiempo de entrega estimado: 3 a 7 d\u00edas  *Los precios incluyen IVA","og_url":"https:\/\/comprardevoluciones.com\/producto\/10226404\/","og_site_name":"Comprardevoluciones - Tu tienda de Devoluciones de Amazon","article_modified_time":"2026-04-01T09:00:55+00:00","og_image":[{"width":700,"height":700,"url":"https:\/\/comprardevoluciones.com\/wp-content\/uploads\/2026\/03\/10226404.jpg","type":"image\/jpeg"}],"twitter_card":"summary_large_image","twitter_misc":{"Tempo di lettura stimato":"3 minuti"},"schema":{"@context":"https:\/\/schema.org","@graph":[{"@type":"WebPage","@id":"https:\/\/comprardevoluciones.com\/producto\/10226404\/","url":"https:\/\/comprardevoluciones.com\/producto\/10226404\/","name":"Pal\u00e9 de Herramientas [20 productos] (10226404) - Comprardevoluciones - Tu tienda de Devoluciones de Amazon","isPartOf":{"@id":"https:\/\/comprardevoluciones.com\/#website"},"primaryImageOfPage":{"@id":"https:\/\/comprardevoluciones.com\/producto\/10226404\/#primaryimage"},"image":{"@id":"https:\/\/comprardevoluciones.com\/producto\/10226404\/#primaryimage"},"thumbnailUrl":"https:\/\/comprardevoluciones.com\/wp-content\/uploads\/2026\/03\/10226404.jpg","datePublished":"2026-04-01T08:30:05+00:00","dateModified":"2026-04-01T09:00:55+00:00","breadcrumb":{"@id":"https:\/\/comprardevoluciones.com\/producto\/10226404\/#breadcrumb"},"inLanguage":"it-IT","potentialAction":[{"@type":"ReadAction","target":["https:\/\/comprardevoluciones.com\/producto\/10226404\/"]}]},{"@type":"ImageObject","inLanguage":"it-IT","@id":"https:\/\/comprardevoluciones.com\/producto\/10226404\/#primaryimage","url":"https:\/\/comprardevoluciones.com\/wp-content\/uploads\/2026\/03\/10226404.jpg","contentUrl":"https:\/\/comprardevoluciones.com\/wp-content\/uploads\/2026\/03\/10226404.jpg","width":700,"height":700},{"@type":"BreadcrumbList","@id":"https:\/\/comprardevoluciones.com\/producto\/10226404\/#breadcrumb","itemListElement":[{"@type":"ListItem","position":1,"name":"Portada","item":"https:\/\/comprardevoluciones.com\/it\/"},{"@type":"ListItem","position":2,"name":"Negozio","item":"https:\/\/comprardevoluciones.com\/it\/negozio\/"},{"@type":"ListItem","position":3,"name":"Pal\u00e9 de Herramientas [20 productos] (10226404)"}]},{"@type":"WebSite","@id":"https:\/\/comprardevoluciones.com\/#website","url":"https:\/\/comprardevoluciones.com\/","name":"Comprardevoluciones - Tu tienda de Devoluciones de Amazon","description":"Consigue Stock en buen estado a un precio imbatible","potentialAction":[{"@type":"SearchAction","target":{"@type":"EntryPoint","urlTemplate":"https:\/\/comprardevoluciones.com\/?s={search_term_string}"},"query-input":{"@type":"PropertyValueSpecification","valueRequired":true,"valueName":"search_term_string"}}],"inLanguage":"it-IT"}]}},"_links":{"self":[{"href":"https:\/\/comprardevoluciones.com\/it\/wp-json\/wp\/v2\/product\/169309","targetHints":{"allow":["GET"]}}],"collection":[{"href":"https:\/\/comprardevoluciones.com\/it\/wp-json\/wp\/v2\/product"}],"about":[{"href":"https:\/\/comprardevoluciones.com\/it\/wp-json\/wp\/v2\/types\/product"}],"wp:featuredmedia":[{"embeddable":true,"href":"https:\/\/comprardevoluciones.com\/it\/wp-json\/wp\/v2\/media\/169416"}],"wp:attachment":[{"href":"https:\/\/comprardevoluciones.com\/it\/wp-json\/wp\/v2\/media?parent=169309"}],"wp:term":[{"taxonomy":"product_brand","embeddable":true,"href":"https:\/\/comprardevoluciones.com\/it\/wp-json\/wp\/v2\/product_brand?post=169309"},{"taxonomy":"product_cat","embeddable":true,"href":"https:\/\/comprardevoluciones.com\/it\/wp-json\/wp\/v2\/product_cat?post=169309"},{"taxonomy":"product_tag","embeddable":true,"href":"https:\/\/comprardevoluciones.com\/it\/wp-json\/wp\/v2\/product_tag?post=169309"}],"curies":[{"name":"wp","href":"https:\/\/api.w.org\/{rel}","templated":true}]}}