{"id":173164,"date":"2026-04-10T09:59:50","date_gmt":"2026-04-10T08:59:50","guid":{"rendered":"https:\/\/comprardevoluciones.com\/?post_type=product&#038;p=173164"},"modified":"2026-04-09T23:19:25","modified_gmt":"2026-04-09T22:19:25","slug":"10224383","status":"publish","type":"product","link":"https:\/\/comprardevoluciones.com\/it\/producto\/10224383\/","title":{"rendered":"Pal\u00e9 de Electrodom\u00e9sticos [29 productos] (10224383)"},"content":{"rendered":"<p>Descripci\u00f3n y valor aproximados<\/p>\n<table>\n<tbody>\n<tr>\n<td><strong>FUENTE<\/strong><\/td>\n<td><strong>PRODUCTO<\/strong><\/td>\n<td><strong>VALOR (\u20ac)<\/strong><\/td>\n<td><strong>PAGAS (\u20ac)<\/strong><\/td>\n<\/tr>\n<tr>\n<td>MARKETPLACES<\/td>\n<td><a class=\"ljoptimizer\" href=\"https:\/\/www.amazon.es\/dp\/B0CHYKNH5G?tag=amazon087683-21&amp;th=1\" target=\"_blank\" rel=\"nofollow noopener\">De&#8217;Longhi Dinamica Plus ECAM382.70.B, M\u00e1quina Autom\u00e1tica de Caf\u00e9 en Grano, M\u00e1quina Cappuccino con LatteCrema Hot, Cafetera Espresso, Taza con 18 Recetas, Pantalla TFT 3,5&#8221;, 1450W, Negro<\/a><\/td>\n<td>660 \u20ac<\/td>\n<td>165 \u20ac<\/td>\n<\/tr>\n<tr>\n<td>MARKETPLACES<\/td>\n<td><a class=\"ljoptimizer\" href=\"https:\/\/www.amazon.es\/dp\/B0BHTPVXWM?tag=amazon087683-21&amp;th=1\" target=\"_blank\" rel=\"nofollow noopener\">Cecotec Cafetera Superautom\u00e1tica Power Matic-ccino Cremma. 1470 W, 19 Bares, Molinillo Integrado, Thermoblock, Vaporizador, Capacidad de 150 gr de Caf\u00e9 y 1,2 Litros de agua, Tanque de Leche<\/a><\/td>\n<td>328 \u20ac<\/td>\n<td>82 \u20ac<\/td>\n<\/tr>\n<tr>\n<td>MARKETPLACES<\/td>\n<td><a class=\"ljoptimizer\" href=\"https:\/\/www.amazon.es\/dp\/B0CDCCZ9K8?tag=amazon087683-21&amp;th=1\" target=\"_blank\" rel=\"nofollow noopener\">PHILIPS 2300-Serie Volautomatische Espressomachine &#8211; 4 Dranken, Modern kleurentouchscreen, LatteGo-melksysteem, SilentBrew, 100% Keramische Molen, AquaClean Filter. Matzwart (EP2330\/10)<\/a><\/td>\n<td>493 \u20ac<\/td>\n<td>123 \u20ac<\/td>\n<\/tr>\n<tr>\n<td>MARKETPLACES<\/td>\n<td><a class=\"ljoptimizer\" href=\"https:\/\/www.amazon.es\/dp\/B00INSX904?tag=amazon087683-21&amp;th=1\" target=\"_blank\" rel=\"nofollow noopener\">Krups Roma, Cafetera superautom\u00e1tica, Dep\u00f3sito de agua 1,7 L, 3 niveles de temperatura, 3 niveles de intensidad, 15 bares, Molinillo c\u00f3nico de metal, Panel de control f\u00e1cil, Negra, EA810870<\/a><\/td>\n<td>290 \u20ac<\/td>\n<td>72 \u20ac<\/td>\n<\/tr>\n<tr>\n<td>MARKETPLACES<\/td>\n<td><a class=\"ljoptimizer\" href=\"https:\/\/www.amazon.es\/dp\/B09CPZ13YT?tag=amazon087683-21&amp;th=1\" target=\"_blank\" rel=\"nofollow noopener\">Cecotec Cafetera Express con Brazo con Doble Salida Power Espresso 20 Bares Barista Cream, 1550 W, Dep\u00f3sito de Caf\u00e9 en Grano 250g, Molinillo 30 Niveles, Thermoblock, Dep\u00f3sito Agua 2.5 L, Acero Negro<\/a><\/td>\n<td>287 \u20ac<\/td>\n<td>72 \u20ac<\/td>\n<\/tr>\n<tr>\n<td>MARKETPLACES<\/td>\n<td><a class=\"ljoptimizer\" href=\"https:\/\/www.amazon.es\/dp\/B0DK5VX3R4?tag=amazon087683-21&amp;th=1\" target=\"_blank\" rel=\"nofollow noopener\">Cecotec Cafetera Superautom\u00e1tica Compacta Cremmaet Compact, 19 Bares, Sistema Thermoblock, Grano reci\u00e9n molido con Plug&amp;Play, Dep\u00f3sito 150gr caf\u00e9 con molinillo, 1,1 L agua<\/a><\/td>\n<td>268 \u20ac<\/td>\n<td>67 \u20ac<\/td>\n<\/tr>\n<tr>\n<td>MARKETPLACES<\/td>\n<td><a class=\"ljoptimizer\" href=\"https:\/\/www.amazon.es\/dp\/B07MMSHC4R?tag=amazon087683-21&amp;th=1\" target=\"_blank\" rel=\"nofollow noopener\">Philips Serie 2200 Cafetera Espresso Autom\u00e1tica &#8211; 2 Caf\u00e9s, Pantalla T\u00e1ctil, Espumador de Leche Cl\u00e1sico, Molinillo Cer\u00e1mico, Negro Mate (EP2220\/10)<\/a><\/td>\n<td>267 \u20ac<\/td>\n<td>67 \u20ac<\/td>\n<\/tr>\n<tr>\n<td>MARKETPLACES<\/td>\n<td><a class=\"ljoptimizer\" href=\"https:\/\/www.amazon.es\/dp\/B0CGDWWQF1?tag=amazon087683-21&amp;th=1\" target=\"_blank\" rel=\"nofollow noopener\">Shark Detect Pro Snoerloze Stofzuiger met 2L Automatisch Leegsysteem, Lichtgewicht, Flexibel, Anti Hair Wrap Stofzuiger met Borstel-Kierenhulpstuk, Tot 60 Minuten Gebruikstijd, Wit\/Messing, IW3611EU<\/a><\/td>\n<td>258 \u20ac<\/td>\n<td>64 \u20ac<\/td>\n<\/tr>\n<tr>\n<td>MARKETPLACES<\/td>\n<td><a class=\"ljoptimizer\" href=\"https:\/\/www.amazon.es\/dp\/B07GXS35PG?tag=amazon087683-21&amp;th=1\" target=\"_blank\" rel=\"nofollow noopener\">BISSELL SpotClean ProHeat, Aspiradora de Agua Tapiceria, Lava Aspiradora con Tecnolog\u00eda HeatWave, Limpiador de Liquidos para Alfombras, Tapiceria, Sofa, Autos y M\u00e1s, Motor Potente de 330W, 36988<\/a><\/td>\n<td>204 \u20ac<\/td>\n<td>51 \u20ac<\/td>\n<\/tr>\n<tr>\n<td>MARKETPLACES<\/td>\n<td><a class=\"ljoptimizer\" href=\"https:\/\/www.amazon.es\/dp\/B0DSLC3MVB?tag=amazon087683-21&amp;th=1\" target=\"_blank\" rel=\"nofollow noopener\">Ultenic U20 Aspiradora sin Cable 55Kpa\/55Min, Cepillo Anti-Enredo Mejorado, Aspirador Escoba con Brazo Flexible, Limpieza Ultraprofunda Bajo Muebles sin Agacharse, para Alfombra\/Pelo de Mascotas<\/a><\/td>\n<td>182 \u20ac<\/td>\n<td>45 \u20ac<\/td>\n<\/tr>\n<tr>\n<td>MARKETPLACES<\/td>\n<td><a class=\"ljoptimizer\" href=\"https:\/\/www.amazon.es\/dp\/B0CV19HBC8?tag=amazon087683-21&amp;th=1\" target=\"_blank\" rel=\"nofollow noopener\">STARLYF Double Door Oven Horno de Aire Freidora 28L XXL | Doble Puerta Francesa, 18 Programas, 1700W, Grill, Asador Giratorio, Deshidratador Pantalla LCD | Horno El\u00e9ctrico de encimera Multifunci\u00f3n<\/a><\/td>\n<td>168 \u20ac<\/td>\n<td>42 \u20ac<\/td>\n<\/tr>\n<tr>\n<td>MARKETPLACES<\/td>\n<td><a class=\"ljoptimizer\" href=\"https:\/\/www.amazon.es\/dp\/B0BPYXV2SY?tag=amazon087683-21&amp;th=1\" target=\"_blank\" rel=\"nofollow noopener\">Cecotec Limpiador Aspirador de Tapicer\u00edas y Alfombras, Aspiradora de Trineo Conga CarpetClean 10000 EasyHome. 800W, Dep\u00f3sito de Agua Limpia 3L y Agua Sucia 1,5L, Multisuperficie, Kit Accesorios<\/a><\/td>\n<td>167 \u20ac<\/td>\n<td>42 \u20ac<\/td>\n<\/tr>\n<tr>\n<td>MARKETPLACES<\/td>\n<td><a class=\"ljoptimizer\" href=\"https:\/\/www.amazon.es\/dp\/B0CX5BSW4W?tag=amazon087683-21&amp;th=1\" target=\"_blank\" rel=\"nofollow noopener\">Girmi IM50 Amasadora planetaria, 2200 W Max, 8 litros, 6 velocidades, Pulse, recipiente inoxidable con asa, dispositivo de seguridad, accesorios incluidos, crema<\/a><\/td>\n<td>159 \u20ac<\/td>\n<td>40 \u20ac<\/td>\n<\/tr>\n<tr>\n<td>MARKETPLACES<\/td>\n<td><a class=\"ljoptimizer\" href=\"https:\/\/www.amazon.es\/dp\/B06X3ZWVZ7?tag=amazon087683-21&amp;th=1\" target=\"_blank\" rel=\"nofollow noopener\">De&#8217;Longhi Dedica &#8211; Cafetera de Bomba de Acero Inoxidable para Caf\u00e9 Molido o Monodosis, Cafetera para Espresso y Cappuccino, Dep\u00f3sito de 1.3 Litros, Sistema Anti-goteo, EC685.W, Blanco<\/a><\/td>\n<td>159 \u20ac<\/td>\n<td>40 \u20ac<\/td>\n<\/tr>\n<tr>\n<td>MARKETPLACES<\/td>\n<td><a class=\"ljoptimizer\" href=\"https:\/\/www.amazon.es\/dp\/B06WD7Z8GD?tag=amazon087683-21&amp;th=1\" target=\"_blank\" rel=\"nofollow noopener\">De&#8217;Longhi Dedica Style &#8211; Perfetto Kompakte Siebtr\u00e4germaschine Espressomaschine mit Tasten, manuellem Milchaufsch\u00e4umer f\u00fcr Espresso und Cappuccino, ESE Pad geeignet, 15cm breit, Rot (EC685.R)<\/a><\/td>\n<td>127 \u20ac<\/td>\n<td>32 \u20ac<\/td>\n<\/tr>\n<tr>\n<td>MARKETPLACES<\/td>\n<td><a class=\"ljoptimizer\" href=\"https:\/\/www.amazon.es\/dp\/B0DGLBKDDG?tag=amazon087683-21&amp;th=1\" target=\"_blank\" rel=\"nofollow noopener\">Cecotec Freidora de Aire sin Aceite 9L Divisible en 2 Air Fryer Cecofry Dual 9000. 2850W, Diet\u00e9tica y Digital, Panel T\u00e1ctil, Temperatura Dual y Regulable, 6 Modos, Tecnolog\u00eda PerfectCook<\/a><\/td>\n<td>122 \u20ac<\/td>\n<td>31 \u20ac<\/td>\n<\/tr>\n<tr>\n<td>MARKETPLACES<\/td>\n<td><a class=\"ljoptimizer\" href=\"https:\/\/www.amazon.es\/dp\/B093BYXT8M?tag=amazon087683-21&amp;th=1\" target=\"_blank\" rel=\"nofollow noopener\">De&#8217;Longhi Mini Me M\u00e1quina de Caf\u00e9 de C\u00e1psulas Dolce Gusto para Caf\u00e9 Espresso con 3 packs de caf\u00e9, EDG155.BG, 0,8 L, Color Negro, Gris<\/a><\/td>\n<td>114 \u20ac<\/td>\n<td>29 \u20ac<\/td>\n<\/tr>\n<tr>\n<td>MARKETPLACES<\/td>\n<td><a class=\"ljoptimizer\" href=\"https:\/\/www.amazon.es\/dp\/B0CWP7M17B?tag=amazon087683-21&amp;th=1\" target=\"_blank\" rel=\"nofollow noopener\">Philips Airfryer 2000 Series \u2013 Freidora Cl\u00e1sica 6,2L con Ventana, Tecnolog\u00eda RapidAir, 13 Modos de Cocinado, 90% Menos Grasa, F\u00e1cil Limpieza, Pantalla T\u00e1ctil, Ahorro Energ\u00e9tico (NA230\/00)<\/a><\/td>\n<td>89 \u20ac<\/td>\n<td>22 \u20ac<\/td>\n<\/tr>\n<tr>\n<td>MARKETPLACES<\/td>\n<td><a class=\"ljoptimizer\" href=\"https:\/\/www.amazon.es\/dp\/B07JK4JT7X?tag=amazon087683-21&amp;th=1\" target=\"_blank\" rel=\"nofollow noopener\">Cecotec Radiador El\u00e9ctrico Bajo Consumo Ready Warm 800 Thermal. 4 Elementos, 600 W, De pared o pie, 3 Modos, Temporizador, Mando a Distancia, Pantalla LED, Blanco<\/a><\/td>\n<td>86 \u20ac<\/td>\n<td>21 \u20ac<\/td>\n<\/tr>\n<tr>\n<td>MARKETPLACES<\/td>\n<td><a class=\"ljoptimizer\" href=\"https:\/\/www.amazon.es\/dp\/B0FNWRWSLS?tag=amazon087683-21&amp;th=1\" target=\"_blank\" rel=\"nofollow noopener\">KRUPS Piccolo XS Taupe, Cafetera de c\u00e1psulas multibebida, ultracompacta, espresso de alta presi\u00f3n, compatible con c\u00e1psulas NESCAF\u00c9\u00ae Dolce Gusto\u00ae, Incluye 3 packs de caf\u00e9, KP1A3ACAS<\/a><\/td>\n<td>85 \u20ac<\/td>\n<td>21 \u20ac<\/td>\n<\/tr>\n<tr>\n<td>MARKETPLACES<\/td>\n<td><a class=\"ljoptimizer\" href=\"https:\/\/www.amazon.es\/dp\/B0CG6FZZGX?tag=amazon087683-21&amp;th=1\" target=\"_blank\" rel=\"nofollow noopener\">Krups Nescaf\u00e9 Dolce Gusto Piccolo XS, Cafetera de c\u00e1psulas de 15 bares, 0,8L capacidad, Espuma Cremosa y Calentamiento R\u00e1pido en 40s, Modo eco, Color negro, Incluye 3 packs de caf\u00e9, KP1A3BCAS<\/a><\/td>\n<td>85 \u20ac<\/td>\n<td>21 \u20ac<\/td>\n<\/tr>\n<tr>\n<td>MARKETPLACES<\/td>\n<td><a class=\"ljoptimizer\" href=\"https:\/\/www.amazon.es\/dp\/B0CL6KFMR5?tag=amazon087683-21&amp;th=1\" target=\"_blank\" rel=\"nofollow noopener\">De&#8217;Longhi Nescaf\u00e9 Dolce Gusto Piccolo XS EDG110.WB, Cafetera C\u00e1psulas, Incluye 3 Paquetes de C\u00e1psulas, Dise\u00f1o Super-Compacto, Cafetera Manual para Caf\u00e9 y Otras Bebidas, 1500W, Blanco<\/a><\/td>\n<td>70 \u20ac<\/td>\n<td>17 \u20ac<\/td>\n<\/tr>\n<tr>\n<td>MARKETPLACES<\/td>\n<td><a class=\"ljoptimizer\" href=\"https:\/\/www.amazon.es\/dp\/B0BQ1KNVB7?tag=amazon087683-21&amp;th=1\" target=\"_blank\" rel=\"nofollow noopener\">Cecotec Aspirador Vertical sin Cable Ultraligero Scoba 2100 Jalisco. 210 W y 20 kPa de Poder de Succi\u00f3n, Motor Digital Brusless, Autonom\u00eda 40 mins, Tubo y Cepillo Jalisco motorizado, 2 Accesorios<\/a><\/td>\n<td>70 \u20ac<\/td>\n<td>17 \u20ac<\/td>\n<\/tr>\n<tr>\n<td>MARKETPLACES<\/td>\n<td><a class=\"ljoptimizer\" href=\"https:\/\/www.amazon.es\/dp\/B0BQ1G2BT4?tag=amazon087683-21&amp;th=1\" target=\"_blank\" rel=\"nofollow noopener\">Cecotec Cafetera express Power Espresso 20 ColdBrew. Cafetera express para espresso y cappuccino, caf\u00e9 en fr\u00edo, 20 Bares de presi\u00f3n, Vaporizador orientable. Disfruta de Calidad profesional en casa.<\/a><\/td>\n<td>70 \u20ac<\/td>\n<td>17 \u20ac<\/td>\n<\/tr>\n<tr>\n<td>MARKETPLACES<\/td>\n<td><a class=\"ljoptimizer\" href=\"https:\/\/www.amazon.es\/dp\/B0FKT5TSCR?tag=amazon087683-21&amp;th=1\" target=\"_blank\" rel=\"nofollow noopener\">Cecotec Centro de Planchado Horizontal IronHero H-2800 Station. 2800W, Vapor 135g\/m, Golpe 360g\/m, Suela Cer\u00e1mica, Antical, Auto Off, Precisi\u00f3n, Ajuste Temperatura, Sin Interrupciones, Eficiencia<\/a><\/td>\n<td>56 \u20ac<\/td>\n<td>14 \u20ac<\/td>\n<\/tr>\n<tr>\n<td>MARKETPLACES<\/td>\n<td><a class=\"ljoptimizer\" href=\"https:\/\/www.amazon.es\/dp\/B06XCJ9TPC?tag=amazon087683-21&amp;th=1\" target=\"_blank\" rel=\"nofollow noopener\">Bolsemack &#8211; Bolsas gofradas para envasado al vac\u00edo 15&#215;40 cm, 100 unidades, Alta resistencia, Compatibles con envasadoras dom\u00e9sticas, Sin BPA, Certificaci\u00f3n Europea.<\/a><\/td>\n<td>16 \u20ac<\/td>\n<td>4 \u20ac<\/td>\n<\/tr>\n<tr>\n<td>MARKETPLACES<\/td>\n<td><a class=\"ljoptimizer\" href=\"https:\/\/www.amazon.es\/dp\/B0B9WSFHF6?tag=amazon087683-21&amp;th=1\" target=\"_blank\" rel=\"nofollow noopener\">TOPICK Alfombra para sal\u00f3n, lavable, superfina, vintage, flores, pelo corto, para cocina, dormitorio, sal\u00f3n, ni\u00f1a, floral, azul, 60 x 210 cm, base antideslizante, plegable<\/a><\/td>\n<td>14 \u20ac<\/td>\n<td>4 \u20ac<\/td>\n<\/tr>\n<tr>\n<td>MARKETPLACES<\/td>\n<td><a class=\"ljoptimizer\" href=\"https:\/\/www.amazon.es\/dp\/B0DRW3357P?tag=amazon087683-21&amp;th=1\" target=\"_blank\" rel=\"nofollow noopener\">Juego de 4 piezas Matcha ceremonia japonesa, batidor matcha natural, cuchara de bamb\u00fa, pala de bamb\u00fa, portabatidor, caja matcha para la ceremonia del t\u00e9, bebida &#8211; Azul celad\u00f3n<\/a><\/td>\n<td>6 \u20ac<\/td>\n<td>2 \u20ac<\/td>\n<\/tr>\n<tr>\n<td>MARKETPLACES<\/td>\n<td><a class=\"ljoptimizer\" href=\"https:\/\/www.amazon.es\/dp\/B09ZF1SSVD?tag=amazon087683-21&amp;th=1\" target=\"_blank\" rel=\"nofollow noopener\">Piatto in Vetro Liscio per Forno a Microonde con Diametro 24,5 cm Compatibile con LG e Varie Marche<\/a><\/td>\n<td>6 \u20ac<\/td>\n<td>1 \u20ac<\/td>\n<\/tr>\n<\/tbody>\n<\/table>\n","protected":false},"excerpt":{"rendered":"<p>Pal\u00e9 de Electrodom\u00e9sticos sin revisar procedente de devoluciones de marketplaces<\/p>\n<ul>\n<li>N\u00famero de productos: 29<\/li>\n<li>Valor aproximado: 4906.00<\/li>\n<li>Porcentaje que se paga: 21% + IVA<\/li>\n<li>Tiempo de entrega estimado: 3 a 7 d\u00edas<\/li>\n<\/ul>\n<p>*Los precios incluyen IVA<\/p>\n","protected":false},"featured_media":173023,"template":"","meta":{"site-sidebar-layout":"default","site-content-layout":"","ast-site-content-layout":"default","site-content-style":"default","site-sidebar-style":"default","ast-global-header-display":"","ast-banner-title-visibility":"","ast-main-header-display":"","ast-hfb-above-header-display":"","ast-hfb-below-header-display":"","ast-hfb-mobile-header-display":"","site-post-title":"","ast-breadcrumbs-content":"","ast-featured-img":"","footer-sml-layout":"","ast-disable-related-posts":"","theme-transparent-header-meta":"default","adv-header-id-meta":"","stick-header-meta":"","header-above-stick-meta":"","header-main-stick-meta":"","header-below-stick-meta":"","astra-migrate-meta-layouts":"set","ast-page-background-enabled":"default","ast-page-background-meta":{"desktop":{"background-color":"var(--ast-global-color-4)","background-image":"","background-repeat":"repeat","background-position":"center center","background-size":"auto","background-attachment":"scroll","background-type":"","background-media":"","overlay-type":"","overlay-color":"","overlay-opacity":"","overlay-gradient":""},"tablet":{"background-color":"","background-image":"","background-repeat":"repeat","background-position":"center center","background-size":"auto","background-attachment":"scroll","background-type":"","background-media":"","overlay-type":"","overlay-color":"","overlay-opacity":"","overlay-gradient":""},"mobile":{"background-color":"","background-image":"","background-repeat":"repeat","background-position":"center center","background-size":"auto","background-attachment":"scroll","background-type":"","background-media":"","overlay-type":"","overlay-color":"","overlay-opacity":"","overlay-gradient":""}},"ast-content-background-meta":{"desktop":{"background-color":"var(--ast-global-color-5)","background-image":"","background-repeat":"repeat","background-position":"center center","background-size":"auto","background-attachment":"scroll","background-type":"","background-media":"","overlay-type":"","overlay-color":"","overlay-opacity":"","overlay-gradient":""},"tablet":{"background-color":"var(--ast-global-color-5)","background-image":"","background-repeat":"repeat","background-position":"center center","background-size":"auto","background-attachment":"scroll","background-type":"","background-media":"","overlay-type":"","overlay-color":"","overlay-opacity":"","overlay-gradient":""},"mobile":{"background-color":"var(--ast-global-color-5)","background-image":"","background-repeat":"repeat","background-position":"center center","background-size":"auto","background-attachment":"scroll","background-type":"","background-media":"","overlay-type":"","overlay-color":"","overlay-opacity":"","overlay-gradient":""}}},"product_brand":[],"product_cat":[51,65],"product_tag":[],"class_list":{"0":"post-173164","1":"product","2":"type-product","3":"status-publish","4":"has-post-thumbnail","6":"product_cat-electrodomesticos","7":"product_cat-pales","8":"product_shipping_class-pale","9":"desktop-align-left","10":"tablet-align-left","11":"mobile-align-left","13":"first","14":"instock","15":"sale","16":"downloadable","17":"taxable","18":"shipping-taxable","19":"purchasable","20":"product-type-simple"},"yoast_head":"<!-- This site is optimized with the Yoast SEO plugin v27.2 - https:\/\/yoast.com\/product\/yoast-seo-wordpress\/ -->\n<title>Pal\u00e9 de Electrodom\u00e9sticos [29 productos] (10224383) - Comprardevoluciones - Tu tienda de Devoluciones de Amazon<\/title>\n<meta name=\"robots\" content=\"noindex, follow\" \/>\n<meta property=\"og:locale\" content=\"it_IT\" \/>\n<meta property=\"og:type\" content=\"article\" \/>\n<meta property=\"og:title\" content=\"Pal\u00e9 de Electrodom\u00e9sticos [29 productos] (10224383) - Comprardevoluciones - Tu tienda de Devoluciones de Amazon\" \/>\n<meta property=\"og:description\" content=\"Pal\u00e9 de Electrodom\u00e9sticos sin revisar procedente de devoluciones de marketplaces   N\u00famero de productos: 29  Valor aproximado: 4906.00  Porcentaje que se paga: 21% + IVA  Tiempo de entrega estimado: 3 a 7 d\u00edas  *Los precios incluyen IVA\" \/>\n<meta property=\"og:url\" content=\"https:\/\/comprardevoluciones.com\/producto\/10224383\/\" \/>\n<meta property=\"og:site_name\" content=\"Comprardevoluciones - Tu tienda de Devoluciones de Amazon\" \/>\n<meta property=\"og:image\" content=\"https:\/\/comprardevoluciones.com\/wp-content\/uploads\/2026\/03\/10224383.jpg\" \/>\n\t<meta property=\"og:image:width\" content=\"700\" \/>\n\t<meta property=\"og:image:height\" content=\"700\" \/>\n\t<meta property=\"og:image:type\" content=\"image\/jpeg\" \/>\n<meta name=\"twitter:card\" content=\"summary_large_image\" \/>\n<meta name=\"twitter:label1\" content=\"Tempo di lettura stimato\" \/>\n\t<meta name=\"twitter:data1\" content=\"5 minuti\" \/>\n<script type=\"application\/ld+json\" class=\"yoast-schema-graph\">{\"@context\":\"https:\/\/schema.org\",\"@graph\":[{\"@type\":\"WebPage\",\"@id\":\"https:\/\/comprardevoluciones.com\/producto\/10224383\/\",\"url\":\"https:\/\/comprardevoluciones.com\/producto\/10224383\/\",\"name\":\"Pal\u00e9 de Electrodom\u00e9sticos [29 productos] (10224383) - Comprardevoluciones - Tu tienda de Devoluciones de Amazon\",\"isPartOf\":{\"@id\":\"https:\/\/comprardevoluciones.com\/#website\"},\"primaryImageOfPage\":{\"@id\":\"https:\/\/comprardevoluciones.com\/producto\/10224383\/#primaryimage\"},\"image\":{\"@id\":\"https:\/\/comprardevoluciones.com\/producto\/10224383\/#primaryimage\"},\"thumbnailUrl\":\"https:\/\/comprardevoluciones.com\/wp-content\/uploads\/2026\/03\/10224383.jpg\",\"datePublished\":\"2026-04-10T08:59:50+00:00\",\"breadcrumb\":{\"@id\":\"https:\/\/comprardevoluciones.com\/producto\/10224383\/#breadcrumb\"},\"inLanguage\":\"it-IT\",\"potentialAction\":[{\"@type\":\"ReadAction\",\"target\":[\"https:\/\/comprardevoluciones.com\/producto\/10224383\/\"]}]},{\"@type\":\"ImageObject\",\"inLanguage\":\"it-IT\",\"@id\":\"https:\/\/comprardevoluciones.com\/producto\/10224383\/#primaryimage\",\"url\":\"https:\/\/comprardevoluciones.com\/wp-content\/uploads\/2026\/03\/10224383.jpg\",\"contentUrl\":\"https:\/\/comprardevoluciones.com\/wp-content\/uploads\/2026\/03\/10224383.jpg\",\"width\":700,\"height\":700},{\"@type\":\"BreadcrumbList\",\"@id\":\"https:\/\/comprardevoluciones.com\/producto\/10224383\/#breadcrumb\",\"itemListElement\":[{\"@type\":\"ListItem\",\"position\":1,\"name\":\"Portada\",\"item\":\"https:\/\/comprardevoluciones.com\/it\/\"},{\"@type\":\"ListItem\",\"position\":2,\"name\":\"Negozio\",\"item\":\"https:\/\/comprardevoluciones.com\/it\/negozio\/\"},{\"@type\":\"ListItem\",\"position\":3,\"name\":\"Pal\u00e9 de Electrodom\u00e9sticos [29 productos] (10224383)\"}]},{\"@type\":\"WebSite\",\"@id\":\"https:\/\/comprardevoluciones.com\/#website\",\"url\":\"https:\/\/comprardevoluciones.com\/\",\"name\":\"Comprardevoluciones - Tu tienda de Devoluciones de Amazon\",\"description\":\"Consigue Stock en buen estado a un precio imbatible\",\"potentialAction\":[{\"@type\":\"SearchAction\",\"target\":{\"@type\":\"EntryPoint\",\"urlTemplate\":\"https:\/\/comprardevoluciones.com\/?s={search_term_string}\"},\"query-input\":{\"@type\":\"PropertyValueSpecification\",\"valueRequired\":true,\"valueName\":\"search_term_string\"}}],\"inLanguage\":\"it-IT\"}]}<\/script>\n<!-- \/ Yoast SEO plugin. -->","yoast_head_json":{"title":"Pal\u00e9 de Electrodom\u00e9sticos [29 productos] (10224383) - Comprardevoluciones - Tu tienda de Devoluciones de Amazon","robots":{"index":"noindex","follow":"follow"},"og_locale":"it_IT","og_type":"article","og_title":"Pal\u00e9 de Electrodom\u00e9sticos [29 productos] (10224383) - Comprardevoluciones - Tu tienda de Devoluciones de Amazon","og_description":"Pal\u00e9 de Electrodom\u00e9sticos sin revisar procedente de devoluciones de marketplaces   N\u00famero de productos: 29  Valor aproximado: 4906.00  Porcentaje que se paga: 21% + IVA  Tiempo de entrega estimado: 3 a 7 d\u00edas  *Los precios incluyen IVA","og_url":"https:\/\/comprardevoluciones.com\/producto\/10224383\/","og_site_name":"Comprardevoluciones - Tu tienda de Devoluciones de Amazon","og_image":[{"width":700,"height":700,"url":"https:\/\/comprardevoluciones.com\/wp-content\/uploads\/2026\/03\/10224383.jpg","type":"image\/jpeg"}],"twitter_card":"summary_large_image","twitter_misc":{"Tempo di lettura stimato":"5 minuti"},"schema":{"@context":"https:\/\/schema.org","@graph":[{"@type":"WebPage","@id":"https:\/\/comprardevoluciones.com\/producto\/10224383\/","url":"https:\/\/comprardevoluciones.com\/producto\/10224383\/","name":"Pal\u00e9 de Electrodom\u00e9sticos [29 productos] (10224383) - Comprardevoluciones - Tu tienda de Devoluciones de Amazon","isPartOf":{"@id":"https:\/\/comprardevoluciones.com\/#website"},"primaryImageOfPage":{"@id":"https:\/\/comprardevoluciones.com\/producto\/10224383\/#primaryimage"},"image":{"@id":"https:\/\/comprardevoluciones.com\/producto\/10224383\/#primaryimage"},"thumbnailUrl":"https:\/\/comprardevoluciones.com\/wp-content\/uploads\/2026\/03\/10224383.jpg","datePublished":"2026-04-10T08:59:50+00:00","breadcrumb":{"@id":"https:\/\/comprardevoluciones.com\/producto\/10224383\/#breadcrumb"},"inLanguage":"it-IT","potentialAction":[{"@type":"ReadAction","target":["https:\/\/comprardevoluciones.com\/producto\/10224383\/"]}]},{"@type":"ImageObject","inLanguage":"it-IT","@id":"https:\/\/comprardevoluciones.com\/producto\/10224383\/#primaryimage","url":"https:\/\/comprardevoluciones.com\/wp-content\/uploads\/2026\/03\/10224383.jpg","contentUrl":"https:\/\/comprardevoluciones.com\/wp-content\/uploads\/2026\/03\/10224383.jpg","width":700,"height":700},{"@type":"BreadcrumbList","@id":"https:\/\/comprardevoluciones.com\/producto\/10224383\/#breadcrumb","itemListElement":[{"@type":"ListItem","position":1,"name":"Portada","item":"https:\/\/comprardevoluciones.com\/it\/"},{"@type":"ListItem","position":2,"name":"Negozio","item":"https:\/\/comprardevoluciones.com\/it\/negozio\/"},{"@type":"ListItem","position":3,"name":"Pal\u00e9 de Electrodom\u00e9sticos [29 productos] (10224383)"}]},{"@type":"WebSite","@id":"https:\/\/comprardevoluciones.com\/#website","url":"https:\/\/comprardevoluciones.com\/","name":"Comprardevoluciones - Tu tienda de Devoluciones de Amazon","description":"Consigue Stock en buen estado a un precio imbatible","potentialAction":[{"@type":"SearchAction","target":{"@type":"EntryPoint","urlTemplate":"https:\/\/comprardevoluciones.com\/?s={search_term_string}"},"query-input":{"@type":"PropertyValueSpecification","valueRequired":true,"valueName":"search_term_string"}}],"inLanguage":"it-IT"}]}},"_links":{"self":[{"href":"https:\/\/comprardevoluciones.com\/it\/wp-json\/wp\/v2\/product\/173164","targetHints":{"allow":["GET"]}}],"collection":[{"href":"https:\/\/comprardevoluciones.com\/it\/wp-json\/wp\/v2\/product"}],"about":[{"href":"https:\/\/comprardevoluciones.com\/it\/wp-json\/wp\/v2\/types\/product"}],"wp:featuredmedia":[{"embeddable":true,"href":"https:\/\/comprardevoluciones.com\/it\/wp-json\/wp\/v2\/media\/173023"}],"wp:attachment":[{"href":"https:\/\/comprardevoluciones.com\/it\/wp-json\/wp\/v2\/media?parent=173164"}],"wp:term":[{"taxonomy":"product_brand","embeddable":true,"href":"https:\/\/comprardevoluciones.com\/it\/wp-json\/wp\/v2\/product_brand?post=173164"},{"taxonomy":"product_cat","embeddable":true,"href":"https:\/\/comprardevoluciones.com\/it\/wp-json\/wp\/v2\/product_cat?post=173164"},{"taxonomy":"product_tag","embeddable":true,"href":"https:\/\/comprardevoluciones.com\/it\/wp-json\/wp\/v2\/product_tag?post=173164"}],"curies":[{"name":"wp","href":"https:\/\/api.w.org\/{rel}","templated":true}]}}