{"id":175899,"date":"2026-04-10T10:00:10","date_gmt":"2026-04-10T09:00:10","guid":{"rendered":"https:\/\/comprardevoluciones.com\/?post_type=product&#038;p=175899"},"modified":"2026-04-09T17:12:55","modified_gmt":"2026-04-09T16:12:55","slug":"10225639","status":"publish","type":"product","link":"https:\/\/comprardevoluciones.com\/it\/producto\/10225639\/","title":{"rendered":"Pal\u00e9 de Electrodom\u00e9sticos [27 productos] (10225639)"},"content":{"rendered":"\n<p>Descripci\u00f3n y valor aproximados<\/p>\n<table>\n<tbody>\n<tr>\n<td><strong>FUENTE<\/strong><\/td>\n<td><strong>PRODUCTO<\/strong><\/td>\n<td><strong>VALOR (\u20ac)<\/strong><\/td>\n<td><strong>PAGAS (\u20ac)<\/strong><\/td>\n<\/tr>\n<tr>\n<td>MARKETPLACES<\/td>\n<td><a class=\"ljoptimizer\" href=\"https:\/\/www.amazon.es\/dp\/B0CDCMYLD8?tag=amazon087683-21&amp;th=1\" target=\"_blank\" rel=\"nofollow noopener\">De\u2019Longhi Rivelia \u2013 Perfetto Cafetera Superautom\u00e1tica, Espumador de Leche manual, 8 Bebidas One-Touch, Pantalla T\u00e1ctil a Color, Dep\u00f3sitos de Granos de Caf\u00e9 Intercambiables, Beige (EXAM440.35.BG)<\/a><\/td>\n<td>550 \u20ac<\/td>\n<td>127 \u20ac<\/td>\n<\/tr>\n<tr>\n<td>MARKETPLACES<\/td>\n<td><a class=\"ljoptimizer\" href=\"https:\/\/www.amazon.es\/dp\/B09RR1C9FB?tag=amazon087683-21&amp;th=1\" target=\"_blank\" rel=\"nofollow noopener\">De&#8217;Longhi Perfetto La Specialista Arte, M\u00e1quina de Caf\u00e9 Espresso y Cappuccino con Bomba, M\u00e1quina de Caf\u00e9 en Grano, 3 Recetas Predefinidas, 8 Ajustes de Molienda, EC9155.MB, Metal\/Negro<\/a><\/td>\n<td>359 \u20ac<\/td>\n<td>83 \u20ac<\/td>\n<\/tr>\n<tr>\n<td>MARKETPLACES<\/td>\n<td><a class=\"ljoptimizer\" href=\"https:\/\/www.amazon.es\/dp\/B0FL7MFNDM?tag=amazon087683-21&amp;th=1\" target=\"_blank\" rel=\"nofollow noopener\">Cecotec Aspiradora Escoba sin Cable con Inteligencia Artificial Conga Rockstar RX90 AI AquaPet Flex X-Treme. 350AW, 850W, Autonom\u00eda 100mins, Cepillo Hairless Antienredos, Tubo Flexible y Accesorios<\/a><\/td>\n<td>343 \u20ac<\/td>\n<td>79 \u20ac<\/td>\n<\/tr>\n<tr>\n<td>MARKETPLACES<\/td>\n<td><a class=\"ljoptimizer\" href=\"https:\/\/www.amazon.es\/dp\/B0BFBQ18K1?tag=amazon087683-21&amp;th=1\" target=\"_blank\" rel=\"nofollow noopener\">Rowenta Xforce Flex 9.60 Allergy \u2013 Aspirador escoba sin cable, 200 W, tubo Flex, pantalla Smart Control, todo tipo de suelos, sistema visi\u00f3n Power Led, gatillo boost, filtra hasta el 99,9%<\/a><\/td>\n<td>278 \u20ac<\/td>\n<td>64 \u20ac<\/td>\n<\/tr>\n<tr>\n<td>MARKETPLACES<\/td>\n<td><a class=\"ljoptimizer\" href=\"https:\/\/www.amazon.es\/dp\/B0CXJLJQD1?tag=amazon087683-21&amp;th=1\" target=\"_blank\" rel=\"nofollow noopener\">BISSELL SpotClean ProHeat Advanced, Aspiradora de agua tapiceria, limpia tapicerias multisuperficie compacta, Potente 1125W, Sistema triple limpieza profunda para manchas dif\u00edciles, Con cable, 3924N<\/a><\/td>\n<td>180 \u20ac<\/td>\n<td>41 \u20ac<\/td>\n<\/tr>\n<tr>\n<td>MARKETPLACES<\/td>\n<td><a class=\"ljoptimizer\" href=\"https:\/\/www.amazon.es\/dp\/B08ZN61149?tag=amazon087683-21&amp;th=1\" target=\"_blank\" rel=\"nofollow noopener\">Cecotec Ventilador de Torre con Mando a Distancia y Temporizador EnergySilence 9190 SkyLine Ionic Connected. 60W, Altura 40&#8243;, 3 Velocidades, Oscilaci\u00f3n autom\u00e1tica, Control Wifi e Ionizador<\/a><\/td>\n<td>153 \u20ac<\/td>\n<td>35 \u20ac<\/td>\n<\/tr>\n<tr>\n<td>MARKETPLACES<\/td>\n<td><a class=\"ljoptimizer\" href=\"https:\/\/www.amazon.es\/dp\/B0DMWC7QHW?tag=amazon087683-21&amp;th=1\" target=\"_blank\" rel=\"nofollow noopener\">Cosori Grande Freidora de Aire-True Metal-8,5 Litro Doble Cesta Air Fryer-Alta Potencia y 55\u202f% Eficiencia Energ\u00e9tica-Temperadura Dual\uff0835-230\u2103\uff09-10 Modos-Panel T\u00e1ctil Multifunci\u00f3n-M\u00e1x 10 Personas<\/a><\/td>\n<td>150 \u20ac<\/td>\n<td>34 \u20ac<\/td>\n<\/tr>\n<tr>\n<td>MARKETPLACES<\/td>\n<td><a class=\"ljoptimizer\" href=\"https:\/\/www.amazon.es\/dp\/B08P1W45JX?tag=amazon087683-21&amp;th=1\" target=\"_blank\" rel=\"nofollow noopener\">Cecotec Centro de Planchado Fast&amp;Furious 8040 Absolute. 2400 W, Golpe de Vapor 480 g\/min, Presi\u00f3n 6 Bares, Suela Turbo Slide, Filtro Antical, Seguridad contra sobrecalentamientos<\/a><\/td>\n<td>133 \u20ac<\/td>\n<td>31 \u20ac<\/td>\n<\/tr>\n<tr>\n<td>MARKETPLACES<\/td>\n<td><a class=\"ljoptimizer\" href=\"https:\/\/www.amazon.es\/dp\/B0DGLBKDDG?tag=amazon087683-21&amp;th=1\" target=\"_blank\" rel=\"nofollow noopener\">Cecotec Freidora de Aire sin Aceite 9L Divisible en 2 Air Fryer Cecofry Dual 9000. 2850W, Diet\u00e9tica y Digital, Panel T\u00e1ctil, Temperatura Dual y Regulable, 6 Modos, Tecnolog\u00eda PerfectCook<\/a><\/td>\n<td>122 \u20ac<\/td>\n<td>28 \u20ac<\/td>\n<\/tr>\n<tr>\n<td>MARKETPLACES<\/td>\n<td><a class=\"ljoptimizer\" href=\"https:\/\/www.amazon.es\/dp\/B0B7NZY4KF?tag=amazon087683-21&amp;th=1\" target=\"_blank\" rel=\"nofollow noopener\">Princess 249415 M\u00e1quina de caf\u00e9 Espresso, Compatible con c\u00e1psulas Nespresso, monodosis ESE y caf\u00e9 molido, 1 o 2 tazas, 20 bares de presi\u00f3n, Dep\u00f3sito extra\u00edble de 1.5L, con espumador de leche, 1100 W<\/a><\/td>\n<td>120 \u20ac<\/td>\n<td>28 \u20ac<\/td>\n<\/tr>\n<tr>\n<td>MARKETPLACES<\/td>\n<td><a class=\"ljoptimizer\" href=\"https:\/\/www.amazon.es\/dp\/B0D9PQD5V4?tag=amazon087683-21&amp;th=1\" target=\"_blank\" rel=\"nofollow noopener\">Rowenta XPert 6.60 &#8211; Aspiradora escoba vers\u00e1til sin cable, con 3 funciones en 1 multiespacios, bater\u00eda de litio, 2 velocidades, gatillo Boost, ligero y portatil, Gris oscuro, RH6836<\/a><\/td>\n<td>120 \u20ac<\/td>\n<td>28 \u20ac<\/td>\n<\/tr>\n<tr>\n<td>MARKETPLACES<\/td>\n<td><a class=\"ljoptimizer\" href=\"https:\/\/www.amazon.es\/dp\/B0BHTP4NW2?tag=amazon087683-21&amp;th=1\" target=\"_blank\" rel=\"nofollow noopener\">Cecotec Cafetera Express Power Espresso 20 Tradizionale Light Beige. 1350 W, Espresso y Cappucicno, 20 Bares y Thermoblock, Vaporizador, Man\u00f3metro, Dise\u00f1o Vintage, Capacidad 1,5 Litros<\/a><\/td>\n<td>96 \u20ac<\/td>\n<td>22 \u20ac<\/td>\n<\/tr>\n<tr>\n<td>MARKETPLACES<\/td>\n<td><a class=\"ljoptimizer\" href=\"https:\/\/www.amazon.es\/dp\/B0CZCVCM65?tag=amazon087683-21&amp;th=1\" target=\"_blank\" rel=\"nofollow noopener\">Eureka Aspirador de alfombras | Limpiador de Manchas Multisuperficie para Alfombras, Moquetas, Tapicer\u00eda, Escaleras y Coche | Dep\u00f3sito de Agua Grande de 1,5L, NEY100 con F\u00f3rmula Limpiadora, Azul<\/a><\/td>\n<td>95 \u20ac<\/td>\n<td>22 \u20ac<\/td>\n<\/tr>\n<tr>\n<td>MARKETPLACES<\/td>\n<td><a class=\"ljoptimizer\" href=\"https:\/\/www.amazon.es\/dp\/B0BJ6VVK4M?tag=amazon087683-21&amp;th=1\" target=\"_blank\" rel=\"nofollow noopener\">Cecotec Cafetera Express Cafelizzia 890 Gray. Espressos y Cappuccino, 1350 W, Sistema Thermoblock, 20 Bares, Modo Auto para 1-2 Caf\u00e9s, Vaporizador Orientable, Capacidad 1,2 L<\/a><\/td>\n<td>90 \u20ac<\/td>\n<td>21 \u20ac<\/td>\n<\/tr>\n<tr>\n<td>MARKETPLACES<\/td>\n<td><a class=\"ljoptimizer\" href=\"https:\/\/www.amazon.es\/dp\/B0CG6FZZGX?tag=amazon087683-21&amp;th=1\" target=\"_blank\" rel=\"nofollow noopener\">Krups Nescaf\u00e9 Dolce Gusto Piccolo XS, Cafetera de c\u00e1psulas de 15 bares, 0,8L capacidad, Espuma Cremosa y Calentamiento R\u00e1pido en 40s, Modo eco, Color negro, Incluye 3 packs de caf\u00e9, KP1A3BCAS<\/a><\/td>\n<td>85 \u20ac<\/td>\n<td>20 \u20ac<\/td>\n<\/tr>\n<tr>\n<td>MARKETPLACES<\/td>\n<td><a class=\"ljoptimizer\" href=\"https:\/\/www.amazon.es\/dp\/B0CG6FZZGX?tag=amazon087683-21&amp;th=1\" target=\"_blank\" rel=\"nofollow noopener\">Krups Nescaf\u00e9 Dolce Gusto Piccolo XS, Cafetera de c\u00e1psulas de 15 bares, 0,8L capacidad, Espuma Cremosa y Calentamiento R\u00e1pido en 40s, Modo eco, Color negro, Incluye 3 packs de caf\u00e9, KP1A3BCAS<\/a><\/td>\n<td>85 \u20ac<\/td>\n<td>20 \u20ac<\/td>\n<\/tr>\n<tr>\n<td>MARKETPLACES<\/td>\n<td><a class=\"ljoptimizer\" href=\"https:\/\/www.amazon.es\/dp\/B0CG6FZZGX?tag=amazon087683-21&amp;th=1\" target=\"_blank\" rel=\"nofollow noopener\">Krups Nescaf\u00e9 Dolce Gusto Piccolo XS, Cafetera de c\u00e1psulas de 15 bares, 0,8L capacidad, Espuma Cremosa y Calentamiento R\u00e1pido en 40s, Modo eco, Color negro, Incluye 3 packs de caf\u00e9, KP1A3BCAS<\/a><\/td>\n<td>85 \u20ac<\/td>\n<td>20 \u20ac<\/td>\n<\/tr>\n<tr>\n<td>MARKETPLACES<\/td>\n<td><a class=\"ljoptimizer\" href=\"https:\/\/www.amazon.es\/dp\/B0D1VQK4HH?tag=amazon087683-21&amp;th=1\" target=\"_blank\" rel=\"nofollow noopener\">SEVERIN &#8211; Grill de contacto SEVINI Light, con placas de parrilla de cer\u00e1mica extra\u00edbles. Parilla de mesa con regularizaci\u00f3n de temperatura hasta 220, 30 x 22 cm, KG 2398<\/a><\/td>\n<td>84 \u20ac<\/td>\n<td>19 \u20ac<\/td>\n<\/tr>\n<tr>\n<td>MARKETPLACES<\/td>\n<td><a class=\"ljoptimizer\" href=\"https:\/\/www.amazon.es\/dp\/B0BPZJSXCQ?tag=amazon087683-21&amp;th=1\" target=\"_blank\" rel=\"nofollow noopener\">Cecotec Aspirador de Tapicer\u00edas Conga Popstar 3000 CarpetClean. 400 W, 2 Dep\u00f3sitos -1 de Agua Limpia y 1 de Sucia-, Pulverizador de Agua, Radio de acci\u00f3n 6 m, Longitud de la Manguera 1,2 m<\/a><\/td>\n<td>79 \u20ac<\/td>\n<td>18 \u20ac<\/td>\n<\/tr>\n<tr>\n<td>MARKETPLACES<\/td>\n<td><a class=\"ljoptimizer\" href=\"https:\/\/www.amazon.es\/dp\/B0G49H564C?tag=amazon087683-21&amp;th=1\" target=\"_blank\" rel=\"nofollow noopener\">Cecotec Freidora de Aire 8,5L Doble Grill y Ahumador Cecofry&amp;Grill Smokin&#8217; 8500 Plus. 2200W, Dorado Perfecto y Sabor de Parrilla, Temperatura Regulable, 10 Men\u00fas, Pizza Maker, Ventana Visualizaci\u00f3n<\/a><\/td>\n<td>68 \u20ac<\/td>\n<td>16 \u20ac<\/td>\n<\/tr>\n<tr>\n<td>MARKETPLACES<\/td>\n<td><a class=\"ljoptimizer\" href=\"https:\/\/www.amazon.es\/dp\/B0763N7WMP?tag=amazon087683-21&amp;th=1\" target=\"_blank\" rel=\"nofollow noopener\">Cecotec Cafetera Express Manual Power Espresso 20. 850 W, Presi\u00f3n 20 Bares, Dep\u00f3sito de 1,6L, Brazo Doble Salida, Vaporizador, Superficie Calientatazas, Acabados en Acero Inoxidable<\/a><\/td>\n<td>59 \u20ac<\/td>\n<td>14 \u20ac<\/td>\n<\/tr>\n<tr>\n<td>MARKETPLACES<\/td>\n<td><a class=\"ljoptimizer\" href=\"https:\/\/www.amazon.es\/dp\/B0BPZSVH6S?tag=amazon087683-21&amp;th=1\" target=\"_blank\" rel=\"nofollow noopener\">Cecotec Freidora de Aire sin Aceite de 5&#8217;5L Cecofry Fantastik 5500. 1500W, Tecnolog\u00eda PerfectCook, 9 Modos, T\u00e1ctil, Regulable 80-200\u00baC, Temporizador hasta 60 min, Protecci\u00f3n Sobrecalentamiento<\/a><\/td>\n<td>50 \u20ac<\/td>\n<td>11 \u20ac<\/td>\n<\/tr>\n<tr>\n<td>MARKETPLACES<\/td>\n<td><a class=\"ljoptimizer\" href=\"https:\/\/www.amazon.es\/dp\/B0FKNKH8YS?tag=amazon087683-21&amp;th=1\" target=\"_blank\" rel=\"nofollow noopener\">Cecotec Olla de Cocci\u00f3n Lenta 5,5L Chupchup Matic Spatula. 240W, Programable 24h, 2 Temperaturas, Temporizador, Pantalla LCD, Funci\u00f3n Mantener Caliente, Apta para Horno, Cer\u00e1mica Ovalada, Tapa Cristal<\/a><\/td>\n<td>45 \u20ac<\/td>\n<td>10 \u20ac<\/td>\n<\/tr>\n<tr>\n<td>MARKETPLACES<\/td>\n<td><a class=\"ljoptimizer\" href=\"https:\/\/www.amazon.es\/dp\/B07L148NL7?tag=amazon087683-21&amp;th=1\" target=\"_blank\" rel=\"nofollow noopener\">Cecotec Barbacoa El\u00e9ctrica de Sobremesa de Jard\u00edn PerfectSteak 4200 Way. 2400W, Parrilla Inoxidable, Temperatura y Altura Ajustable a 3 Niveles, 18\/10 Steel, Color Negro Acero<\/a><\/td>\n<td>34 \u20ac<\/td>\n<td>8 \u20ac<\/td>\n<\/tr>\n<tr>\n<td>MARKETPLACES<\/td>\n<td><a class=\"ljoptimizer\" href=\"https:\/\/www.amazon.es\/dp\/B07XMDTGHW?tag=amazon087683-21&amp;th=1\" target=\"_blank\" rel=\"nofollow noopener\">Amazon Basics Molinillo de caf\u00e9 el\u00e9ctrico, acero inoxidable<\/a><\/td>\n<td>20 \u20ac<\/td>\n<td>4 \u20ac<\/td>\n<\/tr>\n<tr>\n<td>MARKETPLACES<\/td>\n<td><a class=\"ljoptimizer\" href=\"https:\/\/www.amazon.es\/dp\/B00I7K2J7W?tag=amazon087683-21&amp;th=1\" target=\"_blank\" rel=\"nofollow noopener\">Pentole Agnelli Linea Pasticceria e Pizza Tortiera Conica in Alluminio con Orlo (H 6 cm), Argento, 32 cm<\/a><\/td>\n<td>19 \u20ac<\/td>\n<td>4 \u20ac<\/td>\n<\/tr>\n<tr>\n<td>MARKETPLACES<\/td>\n<td><a class=\"ljoptimizer\" href=\"https:\/\/www.amazon.es\/dp\/B0BTT2N3R6?tag=amazon087683-21&amp;th=1\" target=\"_blank\" rel=\"nofollow noopener\">Panorama Alfombrilla Protectora para Suelos de Vinilo 90&#215;90 cm &#8211; Varios Tama\u00f1os &#8211; Resistente, Antideslizante, Protector Silla de Oficina<\/a><\/td>\n<td>16 \u20ac<\/td>\n<td>4 \u20ac<\/td>\n<\/tr>\n<\/tbody>\n<\/table>\n","protected":false},"excerpt":{"rendered":"<p>Pal\u00e9 de Electrodom\u00e9sticos sin revisar procedente de devoluciones de marketplaces<\/p>\n<ul>\n<li>N\u00famero de productos: 27<\/li>\n<li>Valor aproximado: 3518.00<\/li>\n<li>Porcentaje que se paga: 19% + IVA<\/li>\n<li>Tiempo de entrega estimado: 3 a 7 d\u00edas<\/li>\n<\/ul>\n<p>  *Los precios incluyen IVA<\/p>\n","protected":false},"featured_media":175553,"template":"","meta":{"site-sidebar-layout":"default","site-content-layout":"","ast-site-content-layout":"default","site-content-style":"default","site-sidebar-style":"default","ast-global-header-display":"","ast-banner-title-visibility":"","ast-main-header-display":"","ast-hfb-above-header-display":"","ast-hfb-below-header-display":"","ast-hfb-mobile-header-display":"","site-post-title":"","ast-breadcrumbs-content":"","ast-featured-img":"","footer-sml-layout":"","ast-disable-related-posts":"","theme-transparent-header-meta":"default","adv-header-id-meta":"","stick-header-meta":"","header-above-stick-meta":"","header-main-stick-meta":"","header-below-stick-meta":"","astra-migrate-meta-layouts":"set","ast-page-background-enabled":"default","ast-page-background-meta":{"desktop":{"background-color":"var(--ast-global-color-4)","background-image":"","background-repeat":"repeat","background-position":"center center","background-size":"auto","background-attachment":"scroll","background-type":"","background-media":"","overlay-type":"","overlay-color":"","overlay-opacity":"","overlay-gradient":""},"tablet":{"background-color":"","background-image":"","background-repeat":"repeat","background-position":"center center","background-size":"auto","background-attachment":"scroll","background-type":"","background-media":"","overlay-type":"","overlay-color":"","overlay-opacity":"","overlay-gradient":""},"mobile":{"background-color":"","background-image":"","background-repeat":"repeat","background-position":"center center","background-size":"auto","background-attachment":"scroll","background-type":"","background-media":"","overlay-type":"","overlay-color":"","overlay-opacity":"","overlay-gradient":""}},"ast-content-background-meta":{"desktop":{"background-color":"var(--ast-global-color-5)","background-image":"","background-repeat":"repeat","background-position":"center center","background-size":"auto","background-attachment":"scroll","background-type":"","background-media":"","overlay-type":"","overlay-color":"","overlay-opacity":"","overlay-gradient":""},"tablet":{"background-color":"var(--ast-global-color-5)","background-image":"","background-repeat":"repeat","background-position":"center center","background-size":"auto","background-attachment":"scroll","background-type":"","background-media":"","overlay-type":"","overlay-color":"","overlay-opacity":"","overlay-gradient":""},"mobile":{"background-color":"var(--ast-global-color-5)","background-image":"","background-repeat":"repeat","background-position":"center center","background-size":"auto","background-attachment":"scroll","background-type":"","background-media":"","overlay-type":"","overlay-color":"","overlay-opacity":"","overlay-gradient":""}}},"product_brand":[],"product_cat":[51,65],"product_tag":[],"class_list":{"0":"post-175899","1":"product","2":"type-product","3":"status-publish","4":"has-post-thumbnail","6":"product_cat-electrodomesticos","7":"product_cat-pales","8":"product_shipping_class-pale","9":"desktop-align-left","10":"tablet-align-left","11":"mobile-align-left","13":"first","14":"instock","15":"sale","16":"downloadable","17":"taxable","18":"shipping-taxable","19":"purchasable","20":"product-type-simple"},"yoast_head":"<!-- This site is optimized with the Yoast SEO plugin v27.2 - https:\/\/yoast.com\/product\/yoast-seo-wordpress\/ -->\n<title>Pal\u00e9 de Electrodom\u00e9sticos [27 productos] (10225639) - Comprardevoluciones - Tu tienda de Devoluciones de Amazon<\/title>\n<meta name=\"robots\" content=\"noindex, follow\" \/>\n<meta property=\"og:locale\" content=\"it_IT\" \/>\n<meta property=\"og:type\" content=\"article\" \/>\n<meta property=\"og:title\" content=\"Pal\u00e9 de Electrodom\u00e9sticos [27 productos] (10225639) - Comprardevoluciones - Tu tienda de Devoluciones de Amazon\" \/>\n<meta property=\"og:description\" content=\"Pal\u00e9 de Electrodom\u00e9sticos sin revisar procedente de devoluciones de marketplaces   N\u00famero de productos: 27   Valor aproximado: 3518.00   Porcentaje que se paga: 19% + IVA   Tiempo de entrega estimado: 3 a 7 d\u00edas    *Los precios incluyen IVA\" \/>\n<meta property=\"og:url\" content=\"https:\/\/comprardevoluciones.com\/producto\/10225639\/\" \/>\n<meta property=\"og:site_name\" content=\"Comprardevoluciones - Tu tienda de Devoluciones de Amazon\" \/>\n<meta property=\"og:image\" content=\"https:\/\/comprardevoluciones.com\/wp-content\/uploads\/2026\/03\/10225639.jpg\" \/>\n\t<meta property=\"og:image:width\" content=\"700\" \/>\n\t<meta property=\"og:image:height\" content=\"700\" \/>\n\t<meta property=\"og:image:type\" content=\"image\/jpeg\" \/>\n<meta name=\"twitter:card\" content=\"summary_large_image\" \/>\n<meta name=\"twitter:label1\" content=\"Tempo di lettura stimato\" \/>\n\t<meta name=\"twitter:data1\" content=\"5 minuti\" \/>\n<script type=\"application\/ld+json\" class=\"yoast-schema-graph\">{\"@context\":\"https:\/\/schema.org\",\"@graph\":[{\"@type\":\"WebPage\",\"@id\":\"https:\/\/comprardevoluciones.com\/producto\/10225639\/\",\"url\":\"https:\/\/comprardevoluciones.com\/producto\/10225639\/\",\"name\":\"Pal\u00e9 de Electrodom\u00e9sticos [27 productos] (10225639) - Comprardevoluciones - Tu tienda de Devoluciones de Amazon\",\"isPartOf\":{\"@id\":\"https:\/\/comprardevoluciones.com\/#website\"},\"primaryImageOfPage\":{\"@id\":\"https:\/\/comprardevoluciones.com\/producto\/10225639\/#primaryimage\"},\"image\":{\"@id\":\"https:\/\/comprardevoluciones.com\/producto\/10225639\/#primaryimage\"},\"thumbnailUrl\":\"https:\/\/comprardevoluciones.com\/wp-content\/uploads\/2026\/03\/10225639.jpg\",\"datePublished\":\"2026-04-10T09:00:10+00:00\",\"breadcrumb\":{\"@id\":\"https:\/\/comprardevoluciones.com\/producto\/10225639\/#breadcrumb\"},\"inLanguage\":\"it-IT\",\"potentialAction\":[{\"@type\":\"ReadAction\",\"target\":[\"https:\/\/comprardevoluciones.com\/producto\/10225639\/\"]}]},{\"@type\":\"ImageObject\",\"inLanguage\":\"it-IT\",\"@id\":\"https:\/\/comprardevoluciones.com\/producto\/10225639\/#primaryimage\",\"url\":\"https:\/\/comprardevoluciones.com\/wp-content\/uploads\/2026\/03\/10225639.jpg\",\"contentUrl\":\"https:\/\/comprardevoluciones.com\/wp-content\/uploads\/2026\/03\/10225639.jpg\",\"width\":700,\"height\":700},{\"@type\":\"BreadcrumbList\",\"@id\":\"https:\/\/comprardevoluciones.com\/producto\/10225639\/#breadcrumb\",\"itemListElement\":[{\"@type\":\"ListItem\",\"position\":1,\"name\":\"Portada\",\"item\":\"https:\/\/comprardevoluciones.com\/it\/\"},{\"@type\":\"ListItem\",\"position\":2,\"name\":\"Negozio\",\"item\":\"https:\/\/comprardevoluciones.com\/it\/negozio\/\"},{\"@type\":\"ListItem\",\"position\":3,\"name\":\"Pal\u00e9 de Electrodom\u00e9sticos [27 productos] (10225639)\"}]},{\"@type\":\"WebSite\",\"@id\":\"https:\/\/comprardevoluciones.com\/#website\",\"url\":\"https:\/\/comprardevoluciones.com\/\",\"name\":\"Comprardevoluciones - Tu tienda de Devoluciones de Amazon\",\"description\":\"Consigue Stock en buen estado a un precio imbatible\",\"potentialAction\":[{\"@type\":\"SearchAction\",\"target\":{\"@type\":\"EntryPoint\",\"urlTemplate\":\"https:\/\/comprardevoluciones.com\/?s={search_term_string}\"},\"query-input\":{\"@type\":\"PropertyValueSpecification\",\"valueRequired\":true,\"valueName\":\"search_term_string\"}}],\"inLanguage\":\"it-IT\"}]}<\/script>\n<!-- \/ Yoast SEO plugin. -->","yoast_head_json":{"title":"Pal\u00e9 de Electrodom\u00e9sticos [27 productos] (10225639) - Comprardevoluciones - Tu tienda de Devoluciones de Amazon","robots":{"index":"noindex","follow":"follow"},"og_locale":"it_IT","og_type":"article","og_title":"Pal\u00e9 de Electrodom\u00e9sticos [27 productos] (10225639) - Comprardevoluciones - Tu tienda de Devoluciones de Amazon","og_description":"Pal\u00e9 de Electrodom\u00e9sticos sin revisar procedente de devoluciones de marketplaces   N\u00famero de productos: 27   Valor aproximado: 3518.00   Porcentaje que se paga: 19% + IVA   Tiempo de entrega estimado: 3 a 7 d\u00edas    *Los precios incluyen IVA","og_url":"https:\/\/comprardevoluciones.com\/producto\/10225639\/","og_site_name":"Comprardevoluciones - Tu tienda de Devoluciones de Amazon","og_image":[{"width":700,"height":700,"url":"https:\/\/comprardevoluciones.com\/wp-content\/uploads\/2026\/03\/10225639.jpg","type":"image\/jpeg"}],"twitter_card":"summary_large_image","twitter_misc":{"Tempo di lettura stimato":"5 minuti"},"schema":{"@context":"https:\/\/schema.org","@graph":[{"@type":"WebPage","@id":"https:\/\/comprardevoluciones.com\/producto\/10225639\/","url":"https:\/\/comprardevoluciones.com\/producto\/10225639\/","name":"Pal\u00e9 de Electrodom\u00e9sticos [27 productos] (10225639) - Comprardevoluciones - Tu tienda de Devoluciones de Amazon","isPartOf":{"@id":"https:\/\/comprardevoluciones.com\/#website"},"primaryImageOfPage":{"@id":"https:\/\/comprardevoluciones.com\/producto\/10225639\/#primaryimage"},"image":{"@id":"https:\/\/comprardevoluciones.com\/producto\/10225639\/#primaryimage"},"thumbnailUrl":"https:\/\/comprardevoluciones.com\/wp-content\/uploads\/2026\/03\/10225639.jpg","datePublished":"2026-04-10T09:00:10+00:00","breadcrumb":{"@id":"https:\/\/comprardevoluciones.com\/producto\/10225639\/#breadcrumb"},"inLanguage":"it-IT","potentialAction":[{"@type":"ReadAction","target":["https:\/\/comprardevoluciones.com\/producto\/10225639\/"]}]},{"@type":"ImageObject","inLanguage":"it-IT","@id":"https:\/\/comprardevoluciones.com\/producto\/10225639\/#primaryimage","url":"https:\/\/comprardevoluciones.com\/wp-content\/uploads\/2026\/03\/10225639.jpg","contentUrl":"https:\/\/comprardevoluciones.com\/wp-content\/uploads\/2026\/03\/10225639.jpg","width":700,"height":700},{"@type":"BreadcrumbList","@id":"https:\/\/comprardevoluciones.com\/producto\/10225639\/#breadcrumb","itemListElement":[{"@type":"ListItem","position":1,"name":"Portada","item":"https:\/\/comprardevoluciones.com\/it\/"},{"@type":"ListItem","position":2,"name":"Negozio","item":"https:\/\/comprardevoluciones.com\/it\/negozio\/"},{"@type":"ListItem","position":3,"name":"Pal\u00e9 de Electrodom\u00e9sticos [27 productos] (10225639)"}]},{"@type":"WebSite","@id":"https:\/\/comprardevoluciones.com\/#website","url":"https:\/\/comprardevoluciones.com\/","name":"Comprardevoluciones - Tu tienda de Devoluciones de Amazon","description":"Consigue Stock en buen estado a un precio imbatible","potentialAction":[{"@type":"SearchAction","target":{"@type":"EntryPoint","urlTemplate":"https:\/\/comprardevoluciones.com\/?s={search_term_string}"},"query-input":{"@type":"PropertyValueSpecification","valueRequired":true,"valueName":"search_term_string"}}],"inLanguage":"it-IT"}]}},"_links":{"self":[{"href":"https:\/\/comprardevoluciones.com\/it\/wp-json\/wp\/v2\/product\/175899","targetHints":{"allow":["GET"]}}],"collection":[{"href":"https:\/\/comprardevoluciones.com\/it\/wp-json\/wp\/v2\/product"}],"about":[{"href":"https:\/\/comprardevoluciones.com\/it\/wp-json\/wp\/v2\/types\/product"}],"wp:featuredmedia":[{"embeddable":true,"href":"https:\/\/comprardevoluciones.com\/it\/wp-json\/wp\/v2\/media\/175553"}],"wp:attachment":[{"href":"https:\/\/comprardevoluciones.com\/it\/wp-json\/wp\/v2\/media?parent=175899"}],"wp:term":[{"taxonomy":"product_brand","embeddable":true,"href":"https:\/\/comprardevoluciones.com\/it\/wp-json\/wp\/v2\/product_brand?post=175899"},{"taxonomy":"product_cat","embeddable":true,"href":"https:\/\/comprardevoluciones.com\/it\/wp-json\/wp\/v2\/product_cat?post=175899"},{"taxonomy":"product_tag","embeddable":true,"href":"https:\/\/comprardevoluciones.com\/it\/wp-json\/wp\/v2\/product_tag?post=175899"}],"curies":[{"name":"wp","href":"https:\/\/api.w.org\/{rel}","templated":true}]}}