{"id":175922,"date":"2026-04-10T10:00:18","date_gmt":"2026-04-10T09:00:18","guid":{"rendered":"https:\/\/comprardevoluciones.com\/?post_type=product&#038;p=175922"},"modified":"2026-04-10T14:49:12","modified_gmt":"2026-04-10T13:49:12","slug":"spw84m7348z","status":"publish","type":"product","link":"https:\/\/comprardevoluciones.com\/it\/producto\/spw84m7348z\/","title":{"rendered":"Caja de Electrodom\u00e9sticos [10 productos] (spW84m7348Z)"},"content":{"rendered":"<p>Descripci\u00f3n y valor aproximados<\/p>\n<table>\n<tbody>\n<tr>\n<td><strong>FUENTE<\/strong><\/td>\n<td><strong>PRODUCTO<\/strong><\/td>\n<td><strong>VALOR (\u20ac)<\/strong><\/td>\n<td><strong>PAGAS (\u20ac)<\/strong><\/td>\n<\/tr>\n<tr>\n<td>MARKETPLACES<\/td>\n<td><a class=\"ljoptimizer\" href=\"https:\/\/www.amazon.es\/dp\/B0CPJ76KXR?tag=amazon087683-21&amp;th=1\" target=\"_blank\" rel=\"nofollow noopener\">Hoover Aspirador de Mano HMC5 para Colchones: limpieza eficaz, 4 funciones autom\u00e1ticas: Beat&amp;Roll, aspirado, luzUV y secado. Modelo ligero y manejable. Elimina el polvo en colchones, sof\u00e1s, tapicer\u00edas<\/a><\/td>\n<td>89 \u20ac<\/td>\n<td>22 \u20ac<\/td>\n<\/tr>\n<tr>\n<td>MARKETPLACES<\/td>\n<td><a class=\"ljoptimizer\" href=\"https:\/\/www.amazon.es\/dp\/B0BCVPD4LQ?tag=amazon087683-21&amp;th=1\" target=\"_blank\" rel=\"nofollow noopener\">Swan Retro Hervidor de Agua 1,8L, Tetera El\u00e9ctrica, Resistencia Oculta Acero Inoxidable, Inal\u00e1mbrico, sin Cable, Dise\u00f1o Vintage, Apagado Autom\u00e1tico, Verde, 2200W, SK14630GNEU<\/a><\/td>\n<td>57 \u20ac<\/td>\n<td>14 \u20ac<\/td>\n<\/tr>\n<tr>\n<td>MARKETPLACES<\/td>\n<td><a class=\"ljoptimizer\" href=\"https:\/\/www.amazon.es\/dp\/B0C3GGDSG3?tag=amazon087683-21&amp;th=1\" target=\"_blank\" rel=\"nofollow noopener\">Bear Arrocera de 3,5 Tazas (sin cocer) con Vaporera, Mini Rice Cooker Multifuncional de 350W, 6 Funciones de Cocci\u00f3n de arroz para 2-4 Personas<\/a><\/td>\n<td>50 \u20ac<\/td>\n<td>12 \u20ac<\/td>\n<\/tr>\n<tr>\n<td>MARKETPLACES<\/td>\n<td><a class=\"ljoptimizer\" href=\"https:\/\/www.amazon.es\/dp\/B00MFEHQMO?tag=amazon087683-21&amp;th=1\" target=\"_blank\" rel=\"nofollow noopener\">Rowenta Comfort Compact &#8211; Calefactor bajo consumo 2000 W, 2 velocidades, termostato mec\u00e1nico funci\u00f3n anti-heladas, Silence 44 dBA, modo Eco, ventilador aire fr\u00edo, f\u00e1cil transporte, SO2320<\/a><\/td>\n<td>50 \u20ac<\/td>\n<td>12 \u20ac<\/td>\n<\/tr>\n<tr>\n<td>MARKETPLACES<\/td>\n<td><a class=\"ljoptimizer\" href=\"https:\/\/www.amazon.es\/dp\/B08QZDCDBP?tag=amazon087683-21&amp;th=1\" target=\"_blank\" rel=\"nofollow noopener\">Cecotec Licuadora Orbital Juice&amp;Fresh 400 Titan Black. 400 W, 20000 RPM de Velocidad, Tama\u00f1o Compacto, 2 Velocidades, Disco con Recubrimiento de Titanio Negro, Sistema antigoteo, Jarra 350 ml<\/a><\/td>\n<td>45 \u20ac<\/td>\n<td>11 \u20ac<\/td>\n<\/tr>\n<tr>\n<td>MARKETPLACES<\/td>\n<td><a class=\"ljoptimizer\" href=\"https:\/\/www.amazon.es\/dp\/B073RKLFBH?tag=amazon087683-21&amp;th=1\" target=\"_blank\" rel=\"nofollow noopener\">Cecotec, Cubeta de cer\u00e1mica para cocciones lentas y a baja temperatura con tu Olla GM programable, Con tapa de vidrio, Negro, Apta para todas las ollas programables de 6 litros<\/a><\/td>\n<td>31 \u20ac<\/td>\n<td>8 \u20ac<\/td>\n<\/tr>\n<tr>\n<td>MARKETPLACES<\/td>\n<td><a class=\"ljoptimizer\" href=\"https:\/\/www.amazon.es\/dp\/B097Q26RFS?tag=amazon087683-21&amp;th=1\" target=\"_blank\" rel=\"nofollow noopener\">Cecotec Plancha Ropa de Vapor Fast&amp;Furious 5055 Pro. 3100 W, Suela de Cer\u00e1mica, Deslizamiento TurboSlide, 5 Niveles de Temperatura, Golpe de Vapor 255g\/min<\/a><\/td>\n<td>30 \u20ac<\/td>\n<td>7 \u20ac<\/td>\n<\/tr>\n<tr>\n<td>MARKETPLACES<\/td>\n<td><a class=\"ljoptimizer\" href=\"https:\/\/www.amazon.es\/dp\/B073Q27L9D?tag=amazon087683-21&amp;th=1\" target=\"_blank\" rel=\"nofollow noopener\">Cecotec Parrilla El\u00e9ctrica Rock?nGrill. 700 W, Revestimiento de Piedra RockStone, M\u00e1xima Antiadherencia y una Mejor Limpieza, Asa de Tacto Fr\u00edo, Superficie 23 x 14.5 cm, Acero y Negro<\/a><\/td>\n<td>26 \u20ac<\/td>\n<td>6 \u20ac<\/td>\n<\/tr>\n<tr>\n<td>MARKETPLACES<\/td>\n<td><a class=\"ljoptimizer\" href=\"https:\/\/www.amazon.es\/dp\/B0D79TFMN9?tag=amazon087683-21&amp;th=1\" target=\"_blank\" rel=\"nofollow noopener\">KYMKO Fiambrera El\u00e9ctrica Coche y Cami\u00f3n 12V\/24V\/220V, 1.5L, Acero Inoxidable, Tartera T\u00e9rmica para Calentar Comida Trabajo, Viajes y Oficina, Incluye Cubiertos, Bolsa de Transporte, Esponja y Toalla<\/a><\/td>\n<td>19 \u20ac<\/td>\n<td>5 \u20ac<\/td>\n<\/tr>\n<tr>\n<td>MARKETPLACES<\/td>\n<td><a class=\"ljoptimizer\" href=\"https:\/\/www.amazon.es\/dp\/B0DHYRPS9L?tag=amazon087683-21&amp;th=1\" target=\"_blank\" rel=\"nofollow noopener\">Brabantia TASTY+ Stapelbarer Beh\u00e4lter | XL Vorratsdose mit Silikondichtung f\u00fcr die K\u00fcche | Gef\u00e4\u00df f\u00fcr trockene und feuchte Lebensmittel, Zucker, Mehl | 3.5 l Fassungsverm\u00f6gen | Light Grey<\/a><\/td>\n<td>18 \u20ac<\/td>\n<td>4 \u20ac<\/td>\n<\/tr>\n<\/tbody>\n<\/table>\n","protected":false},"excerpt":{"rendered":"<p>Caja de Electrodom\u00e9sticos sin revisar procedente de devoluciones de marketplaces<\/p>\n<ul>\n<li>N\u00famero de productos: 10<\/li>\n<li>Valor aproximado: 415.00<\/li>\n<li>Porcentaje que se paga: 21% + IVA<\/li>\n<li>Tiempo de entrega estimado: 3 a 7 d\u00edas<\/li>\n<\/ul>\n<p>*Los precios incluyen IVA<\/p>\n","protected":false},"featured_media":175769,"template":"","meta":{"site-sidebar-layout":"default","site-content-layout":"","ast-site-content-layout":"default","site-content-style":"default","site-sidebar-style":"default","ast-global-header-display":"","ast-banner-title-visibility":"","ast-main-header-display":"","ast-hfb-above-header-display":"","ast-hfb-below-header-display":"","ast-hfb-mobile-header-display":"","site-post-title":"","ast-breadcrumbs-content":"","ast-featured-img":"","footer-sml-layout":"","ast-disable-related-posts":"","theme-transparent-header-meta":"default","adv-header-id-meta":"","stick-header-meta":"","header-above-stick-meta":"","header-main-stick-meta":"","header-below-stick-meta":"","astra-migrate-meta-layouts":"set","ast-page-background-enabled":"default","ast-page-background-meta":{"desktop":{"background-color":"var(--ast-global-color-4)","background-image":"","background-repeat":"repeat","background-position":"center center","background-size":"auto","background-attachment":"scroll","background-type":"","background-media":"","overlay-type":"","overlay-color":"","overlay-opacity":"","overlay-gradient":""},"tablet":{"background-color":"","background-image":"","background-repeat":"repeat","background-position":"center center","background-size":"auto","background-attachment":"scroll","background-type":"","background-media":"","overlay-type":"","overlay-color":"","overlay-opacity":"","overlay-gradient":""},"mobile":{"background-color":"","background-image":"","background-repeat":"repeat","background-position":"center center","background-size":"auto","background-attachment":"scroll","background-type":"","background-media":"","overlay-type":"","overlay-color":"","overlay-opacity":"","overlay-gradient":""}},"ast-content-background-meta":{"desktop":{"background-color":"var(--ast-global-color-5)","background-image":"","background-repeat":"repeat","background-position":"center center","background-size":"auto","background-attachment":"scroll","background-type":"","background-media":"","overlay-type":"","overlay-color":"","overlay-opacity":"","overlay-gradient":""},"tablet":{"background-color":"var(--ast-global-color-5)","background-image":"","background-repeat":"repeat","background-position":"center center","background-size":"auto","background-attachment":"scroll","background-type":"","background-media":"","overlay-type":"","overlay-color":"","overlay-opacity":"","overlay-gradient":""},"mobile":{"background-color":"var(--ast-global-color-5)","background-image":"","background-repeat":"repeat","background-position":"center center","background-size":"auto","background-attachment":"scroll","background-type":"","background-media":"","overlay-type":"","overlay-color":"","overlay-opacity":"","overlay-gradient":""}}},"product_brand":[],"product_cat":[49,51],"product_tag":[],"class_list":{"0":"post-175922","1":"product","2":"type-product","3":"status-publish","4":"has-post-thumbnail","6":"product_cat-cajas","7":"product_cat-electrodomesticos","8":"product_shipping_class-caja","9":"desktop-align-left","10":"tablet-align-left","11":"mobile-align-left","13":"first","14":"outofstock","15":"sale","16":"downloadable","17":"taxable","18":"shipping-taxable","19":"purchasable","20":"product-type-simple"},"yoast_head":"<!-- This site is optimized with the Yoast SEO plugin v27.2 - https:\/\/yoast.com\/product\/yoast-seo-wordpress\/ -->\n<title>Caja de Electrodom\u00e9sticos [10 productos] (spW84m7348Z) - Comprardevoluciones - Tu tienda de Devoluciones de Amazon<\/title>\n<meta name=\"robots\" content=\"noindex, follow\" \/>\n<meta property=\"og:locale\" content=\"it_IT\" \/>\n<meta property=\"og:type\" content=\"article\" \/>\n<meta property=\"og:title\" content=\"Caja de Electrodom\u00e9sticos [10 productos] (spW84m7348Z) - Comprardevoluciones - Tu tienda de Devoluciones de Amazon\" \/>\n<meta property=\"og:description\" content=\"Caja de Electrodom\u00e9sticos sin revisar procedente de devoluciones de marketplaces   N\u00famero de productos: 10  Valor aproximado: 415.00  Porcentaje que se paga: 21% + IVA  Tiempo de entrega estimado: 3 a 7 d\u00edas  *Los precios incluyen IVA\" \/>\n<meta property=\"og:url\" content=\"https:\/\/comprardevoluciones.com\/producto\/spw84m7348z\/\" \/>\n<meta property=\"og:site_name\" content=\"Comprardevoluciones - Tu tienda de Devoluciones de Amazon\" \/>\n<meta property=\"article:modified_time\" content=\"2026-04-10T13:49:12+00:00\" \/>\n<meta property=\"og:image\" content=\"https:\/\/comprardevoluciones.com\/wp-content\/uploads\/2026\/03\/spW84m7348Z.jpg\" \/>\n\t<meta property=\"og:image:width\" content=\"700\" \/>\n\t<meta property=\"og:image:height\" content=\"700\" \/>\n\t<meta property=\"og:image:type\" content=\"image\/jpeg\" \/>\n<meta name=\"twitter:card\" content=\"summary_large_image\" \/>\n<meta name=\"twitter:label1\" content=\"Tempo di lettura stimato\" \/>\n\t<meta name=\"twitter:data1\" content=\"2 minuti\" \/>\n<script type=\"application\/ld+json\" class=\"yoast-schema-graph\">{\"@context\":\"https:\/\/schema.org\",\"@graph\":[{\"@type\":\"WebPage\",\"@id\":\"https:\/\/comprardevoluciones.com\/producto\/spw84m7348z\/\",\"url\":\"https:\/\/comprardevoluciones.com\/producto\/spw84m7348z\/\",\"name\":\"Caja de Electrodom\u00e9sticos [10 productos] (spW84m7348Z) - Comprardevoluciones - Tu tienda de Devoluciones de Amazon\",\"isPartOf\":{\"@id\":\"https:\/\/comprardevoluciones.com\/#website\"},\"primaryImageOfPage\":{\"@id\":\"https:\/\/comprardevoluciones.com\/producto\/spw84m7348z\/#primaryimage\"},\"image\":{\"@id\":\"https:\/\/comprardevoluciones.com\/producto\/spw84m7348z\/#primaryimage\"},\"thumbnailUrl\":\"https:\/\/comprardevoluciones.com\/wp-content\/uploads\/2026\/03\/spW84m7348Z.jpg\",\"datePublished\":\"2026-04-10T09:00:18+00:00\",\"dateModified\":\"2026-04-10T13:49:12+00:00\",\"breadcrumb\":{\"@id\":\"https:\/\/comprardevoluciones.com\/producto\/spw84m7348z\/#breadcrumb\"},\"inLanguage\":\"it-IT\",\"potentialAction\":[{\"@type\":\"ReadAction\",\"target\":[\"https:\/\/comprardevoluciones.com\/producto\/spw84m7348z\/\"]}]},{\"@type\":\"ImageObject\",\"inLanguage\":\"it-IT\",\"@id\":\"https:\/\/comprardevoluciones.com\/producto\/spw84m7348z\/#primaryimage\",\"url\":\"https:\/\/comprardevoluciones.com\/wp-content\/uploads\/2026\/03\/spW84m7348Z.jpg\",\"contentUrl\":\"https:\/\/comprardevoluciones.com\/wp-content\/uploads\/2026\/03\/spW84m7348Z.jpg\",\"width\":700,\"height\":700},{\"@type\":\"BreadcrumbList\",\"@id\":\"https:\/\/comprardevoluciones.com\/producto\/spw84m7348z\/#breadcrumb\",\"itemListElement\":[{\"@type\":\"ListItem\",\"position\":1,\"name\":\"Portada\",\"item\":\"https:\/\/comprardevoluciones.com\/it\/\"},{\"@type\":\"ListItem\",\"position\":2,\"name\":\"Negozio\",\"item\":\"https:\/\/comprardevoluciones.com\/it\/negozio\/\"},{\"@type\":\"ListItem\",\"position\":3,\"name\":\"Caja de Electrodom\u00e9sticos [10 productos] (spW84m7348Z)\"}]},{\"@type\":\"WebSite\",\"@id\":\"https:\/\/comprardevoluciones.com\/#website\",\"url\":\"https:\/\/comprardevoluciones.com\/\",\"name\":\"Comprardevoluciones - Tu tienda de Devoluciones de Amazon\",\"description\":\"Consigue Stock en buen estado a un precio imbatible\",\"potentialAction\":[{\"@type\":\"SearchAction\",\"target\":{\"@type\":\"EntryPoint\",\"urlTemplate\":\"https:\/\/comprardevoluciones.com\/?s={search_term_string}\"},\"query-input\":{\"@type\":\"PropertyValueSpecification\",\"valueRequired\":true,\"valueName\":\"search_term_string\"}}],\"inLanguage\":\"it-IT\"}]}<\/script>\n<!-- \/ Yoast SEO plugin. -->","yoast_head_json":{"title":"Caja de Electrodom\u00e9sticos [10 productos] (spW84m7348Z) - Comprardevoluciones - Tu tienda de Devoluciones de Amazon","robots":{"index":"noindex","follow":"follow"},"og_locale":"it_IT","og_type":"article","og_title":"Caja de Electrodom\u00e9sticos [10 productos] (spW84m7348Z) - Comprardevoluciones - Tu tienda de Devoluciones de Amazon","og_description":"Caja de Electrodom\u00e9sticos sin revisar procedente de devoluciones de marketplaces   N\u00famero de productos: 10  Valor aproximado: 415.00  Porcentaje que se paga: 21% + IVA  Tiempo de entrega estimado: 3 a 7 d\u00edas  *Los precios incluyen IVA","og_url":"https:\/\/comprardevoluciones.com\/producto\/spw84m7348z\/","og_site_name":"Comprardevoluciones - Tu tienda de Devoluciones de Amazon","article_modified_time":"2026-04-10T13:49:12+00:00","og_image":[{"width":700,"height":700,"url":"https:\/\/comprardevoluciones.com\/wp-content\/uploads\/2026\/03\/spW84m7348Z.jpg","type":"image\/jpeg"}],"twitter_card":"summary_large_image","twitter_misc":{"Tempo di lettura stimato":"2 minuti"},"schema":{"@context":"https:\/\/schema.org","@graph":[{"@type":"WebPage","@id":"https:\/\/comprardevoluciones.com\/producto\/spw84m7348z\/","url":"https:\/\/comprardevoluciones.com\/producto\/spw84m7348z\/","name":"Caja de Electrodom\u00e9sticos [10 productos] (spW84m7348Z) - Comprardevoluciones - Tu tienda de Devoluciones de Amazon","isPartOf":{"@id":"https:\/\/comprardevoluciones.com\/#website"},"primaryImageOfPage":{"@id":"https:\/\/comprardevoluciones.com\/producto\/spw84m7348z\/#primaryimage"},"image":{"@id":"https:\/\/comprardevoluciones.com\/producto\/spw84m7348z\/#primaryimage"},"thumbnailUrl":"https:\/\/comprardevoluciones.com\/wp-content\/uploads\/2026\/03\/spW84m7348Z.jpg","datePublished":"2026-04-10T09:00:18+00:00","dateModified":"2026-04-10T13:49:12+00:00","breadcrumb":{"@id":"https:\/\/comprardevoluciones.com\/producto\/spw84m7348z\/#breadcrumb"},"inLanguage":"it-IT","potentialAction":[{"@type":"ReadAction","target":["https:\/\/comprardevoluciones.com\/producto\/spw84m7348z\/"]}]},{"@type":"ImageObject","inLanguage":"it-IT","@id":"https:\/\/comprardevoluciones.com\/producto\/spw84m7348z\/#primaryimage","url":"https:\/\/comprardevoluciones.com\/wp-content\/uploads\/2026\/03\/spW84m7348Z.jpg","contentUrl":"https:\/\/comprardevoluciones.com\/wp-content\/uploads\/2026\/03\/spW84m7348Z.jpg","width":700,"height":700},{"@type":"BreadcrumbList","@id":"https:\/\/comprardevoluciones.com\/producto\/spw84m7348z\/#breadcrumb","itemListElement":[{"@type":"ListItem","position":1,"name":"Portada","item":"https:\/\/comprardevoluciones.com\/it\/"},{"@type":"ListItem","position":2,"name":"Negozio","item":"https:\/\/comprardevoluciones.com\/it\/negozio\/"},{"@type":"ListItem","position":3,"name":"Caja de Electrodom\u00e9sticos [10 productos] (spW84m7348Z)"}]},{"@type":"WebSite","@id":"https:\/\/comprardevoluciones.com\/#website","url":"https:\/\/comprardevoluciones.com\/","name":"Comprardevoluciones - Tu tienda de Devoluciones de Amazon","description":"Consigue Stock en buen estado a un precio imbatible","potentialAction":[{"@type":"SearchAction","target":{"@type":"EntryPoint","urlTemplate":"https:\/\/comprardevoluciones.com\/?s={search_term_string}"},"query-input":{"@type":"PropertyValueSpecification","valueRequired":true,"valueName":"search_term_string"}}],"inLanguage":"it-IT"}]}},"_links":{"self":[{"href":"https:\/\/comprardevoluciones.com\/it\/wp-json\/wp\/v2\/product\/175922","targetHints":{"allow":["GET"]}}],"collection":[{"href":"https:\/\/comprardevoluciones.com\/it\/wp-json\/wp\/v2\/product"}],"about":[{"href":"https:\/\/comprardevoluciones.com\/it\/wp-json\/wp\/v2\/types\/product"}],"wp:featuredmedia":[{"embeddable":true,"href":"https:\/\/comprardevoluciones.com\/it\/wp-json\/wp\/v2\/media\/175769"}],"wp:attachment":[{"href":"https:\/\/comprardevoluciones.com\/it\/wp-json\/wp\/v2\/media?parent=175922"}],"wp:term":[{"taxonomy":"product_brand","embeddable":true,"href":"https:\/\/comprardevoluciones.com\/it\/wp-json\/wp\/v2\/product_brand?post=175922"},{"taxonomy":"product_cat","embeddable":true,"href":"https:\/\/comprardevoluciones.com\/it\/wp-json\/wp\/v2\/product_cat?post=175922"},{"taxonomy":"product_tag","embeddable":true,"href":"https:\/\/comprardevoluciones.com\/it\/wp-json\/wp\/v2\/product_tag?post=175922"}],"curies":[{"name":"wp","href":"https:\/\/api.w.org\/{rel}","templated":true}]}}