{"id":176075,"date":"2026-04-03T10:00:47","date_gmt":"2026-04-03T09:00:47","guid":{"rendered":"https:\/\/comprardevoluciones.com\/?post_type=product&#038;p=176075"},"modified":"2026-04-03T19:08:25","modified_gmt":"2026-04-03T18:08:25","slug":"10216050","status":"publish","type":"product","link":"https:\/\/comprardevoluciones.com\/it\/producto\/10216050\/","title":{"rendered":"Pal\u00e9 de Oficina [18 productos] (10216050)"},"content":{"rendered":"<p>Descripci\u00f3n y valor aproximados<\/p>\n<table>\n<tbody>\n<tr>\n<td><strong>FUENTE<\/strong><\/td>\n<td><strong>PRODUCTO<\/strong><\/td>\n<td><strong>VALOR (\u20ac)<\/strong><\/td>\n<td><strong>PAGAS (\u20ac)<\/strong><\/td>\n<\/tr>\n<tr>\n<td>MARKETPLACES<\/td>\n<td><a class=\"ljoptimizer\" href=\"https:\/\/www.amazon.es\/dp\/B0978YRV97?tag=amazon087683-21&amp;th=1\" target=\"_blank\" rel=\"nofollow noopener\">Brother MFC-J4540DWXL. Impresora multifunci\u00f3n de tinta Lan, WiFi, WiFi Direct y NFC con altas prestaciones, d\u00faplex y gran capacidad de papel (Pack impresora + consumibles XL)<\/a><\/td>\n<td>308\u20ac<\/td>\n<td>68\u20ac<\/td>\n<\/tr>\n<tr>\n<td>MARKETPLACES<\/td>\n<td><a class=\"ljoptimizer\" href=\"https:\/\/www.amazon.es\/dp\/B0CPPLD6B2?tag=amazon087683-21&amp;th=1\" target=\"_blank\" rel=\"nofollow noopener\">Epson Impresora multifunci\u00f3n EcoTank ET-2862 A4 con dep\u00f3sito de Tinta, conexi\u00f3n Wi-Fi y hasta 3 a\u00f1os de Tinta incluida<\/a><\/td>\n<td>170\u20ac<\/td>\n<td>37\u20ac<\/td>\n<\/tr>\n<tr>\n<td>MARKETPLACES<\/td>\n<td><a class=\"ljoptimizer\" href=\"https:\/\/www.amazon.es\/dp\/B0C2CGLGFG?tag=amazon087683-21&amp;th=1\" target=\"_blank\" rel=\"nofollow noopener\">Pizarra Blanca Magn\u00e9tica 100 x 200 con Marco de Aluminio | Pizarra de Pared F\u00e1cil de Borrar | Lacada con Marco de Aluminio Anodizado | Para Escritura con Rotuladores. FABRICADA EN ESPA\u00d1A.<\/a><\/td>\n<td>149\u20ac<\/td>\n<td>33\u20ac<\/td>\n<\/tr>\n<tr>\n<td>MARKETPLACES<\/td>\n<td><a class=\"ljoptimizer\" href=\"https:\/\/www.amazon.es\/dp\/B0B8X3XJ9L?tag=amazon087683-21&amp;th=1\" target=\"_blank\" rel=\"nofollow noopener\">Impresora de inyecci\u00f3n de tinta multifunci\u00f3n WorkForce WF-2950DWF A4 con conectividad inal\u00e1mbrica<\/a><\/td>\n<td>100\u20ac<\/td>\n<td>22\u20ac<\/td>\n<\/tr>\n<tr>\n<td>MARKETPLACES<\/td>\n<td><a class=\"ljoptimizer\" href=\"https:\/\/www.amazon.es\/dp\/B07Q3S8553?tag=amazon087683-21&amp;th=1\" target=\"_blank\" rel=\"nofollow noopener\">Ofituria Magnetic Board, White Board for the Wall, Whiteboard with Aluminium Frame, Magnetic for School, Work or Home Use, Smooth and Glossy, Family Planner &#8211; Ofituria (120 x 90 cm)<\/a><\/td>\n<td>90\u20ac<\/td>\n<td>20\u20ac<\/td>\n<\/tr>\n<tr>\n<td>MARKETPLACES<\/td>\n<td><a class=\"ljoptimizer\" href=\"https:\/\/www.amazon.es\/dp\/B0DHW558TP?tag=amazon087683-21&amp;th=1\" target=\"_blank\" rel=\"nofollow noopener\">HP Envy 6520e 714N9B, Impresora multifunci\u00f3n de inyecci\u00f3n de Tinta A4 a Color, impresi\u00f3n a Doble Cara autom\u00e1tica, hasta 10 ppm, Conexi\u00f3n Wi-Fi, USB 2.0, ADF, fax, 6 Meses Instant Ink<\/a><\/td>\n<td>82\u20ac<\/td>\n<td>18\u20ac<\/td>\n<\/tr>\n<tr>\n<td>MARKETPLACES<\/td>\n<td><a class=\"ljoptimizer\" href=\"https:\/\/www.amazon.es\/dp\/B0DGLXK3B9?tag=amazon087683-21&amp;th=1\" target=\"_blank\" rel=\"nofollow noopener\">HP Envy 6120e 714L8B, Impresora multifunci\u00f3n de inyecci\u00f3n de Tinta A4 a Color, Conexi\u00f3n Wi-Fi, Impresi\u00f3n a Doble Cara autom\u00e1tica, hasta 10 ppm, 6 Meses de impresi\u00f3n Instant Ink, Blanca<\/a><\/td>\n<td>71\u20ac<\/td>\n<td>16\u20ac<\/td>\n<\/tr>\n<tr>\n<td>MARKETPLACES<\/td>\n<td><a class=\"ljoptimizer\" href=\"https:\/\/www.amazon.es\/dp\/B0DGLXK3B9?tag=amazon087683-21&amp;th=1\" target=\"_blank\" rel=\"nofollow noopener\">HP Envy 6120e 714L8B, Impresora multifunci\u00f3n de inyecci\u00f3n de Tinta A4 a Color, Conexi\u00f3n Wi-Fi, Impresi\u00f3n a Doble Cara autom\u00e1tica, hasta 10 ppm, 6 Meses de impresi\u00f3n Instant Ink, Blanca<\/a><\/td>\n<td>71\u20ac<\/td>\n<td>16\u20ac<\/td>\n<\/tr>\n<tr>\n<td>MARKETPLACES<\/td>\n<td><a class=\"ljoptimizer\" href=\"https:\/\/www.amazon.es\/dp\/B0DJBV2671?tag=amazon087683-21&amp;th=1\" target=\"_blank\" rel=\"nofollow noopener\">Canon Pixma TR4756i Impresora Multifunci\u00f3n 4 en 1, Compatible con Pixma Print Plan, Impresi\u00f3n, Escaneo y Copia, WiFi, Cartuchos XL, ADF de 20 Hojas, Impresi\u00f3n a Doble Cara Autom\u00e1tica, Blanco<\/a><\/td>\n<td>66\u20ac<\/td>\n<td>15\u20ac<\/td>\n<\/tr>\n<tr>\n<td>MARKETPLACES<\/td>\n<td><a class=\"ljoptimizer\" href=\"https:\/\/www.amazon.es\/dp\/B0B8X457PN?tag=amazon087683-21&amp;th=1\" target=\"_blank\" rel=\"nofollow noopener\">Impresora de inyecci\u00f3n de tinta multifunci\u00f3n Expression XP-2200 A4 con conectividad inal\u00e1mbrica y 3 meses gratis de suscripci\u00f3n ReadyPrint Flex*<\/a><\/td>\n<td>63\u20ac<\/td>\n<td>14\u20ac<\/td>\n<\/tr>\n<tr>\n<td>MARKETPLACES<\/td>\n<td><a class=\"ljoptimizer\" href=\"https:\/\/www.pccomponentes.com\/multifuncion-canon-inkjet-color-pixma-ts3751i-wifi-blanca-pantalla-lcd?s_kwcid=AL!14405!3!!!!x!!&amp;gad_source=1&amp;gad_campaignid=22732311568&amp;gclid=Cj0KCQjw1ZjOBhCmARIsADDuFTB8AITL69ABgXQDoVOY8HcUeu8TOOZ0_84w6oHJMjdpeNp4u3b5dO0aAjJ6EALw_wcB\" target=\"_blank\" rel=\"nofollow noopener\">Multifunci\u00f3n Canon Inkjet Color PIXMA TS3751i WiFi Blanca Pantalla LCD<\/a><\/td>\n<td>50\u20ac<\/td>\n<td>11\u20ac<\/td>\n<\/tr>\n<tr>\n<td>MARKETPLACES<\/td>\n<td><a class=\"ljoptimizer\" href=\"https:\/\/www.amazon.es\/dp\/B0DFZR8R74?tag=amazon087683-21&amp;th=1\" target=\"_blank\" rel=\"nofollow noopener\">Canon PIXMA TS3751i \u2013 Impresora Multifunci\u00f3n, Copiadora y Esc\u00e1ner para Uso Dom\u00e9stico | Conexi\u00f3n Inal\u00e1mbrica Desde tu Smartphone | con PIXMA Print Plan<\/a><\/td>\n<td>50\u20ac<\/td>\n<td>11\u20ac<\/td>\n<\/tr>\n<tr>\n<td>MARKETPLACES<\/td>\n<td><a class=\"ljoptimizer\" href=\"https:\/\/www.amazon.es\/dp\/B0CFFWJHMF?tag=amazon087683-21&amp;th=1\" target=\"_blank\" rel=\"nofollow noopener\">HP DeskJet 2820e 588K9B, Impresora Multifunci\u00f3n de Inyecci\u00f3n de Tinta A4 a Color, Impresi\u00f3n a Doble Cara Manual, 7,5 ppm, Wi-Fi, Smart, 6 Meses de Instant Ink Incluidos, Blanca<\/a><\/td>\n<td>48\u20ac<\/td>\n<td>11\u20ac<\/td>\n<\/tr>\n<tr>\n<td>MARKETPLACES<\/td>\n<td><a class=\"ljoptimizer\" href=\"https:\/\/www.amazon.es\/dp\/B0CFFWJHMF?tag=amazon087683-21&amp;th=1\" target=\"_blank\" rel=\"nofollow noopener\">HP DeskJet 2820e 588K9B, Impresora Multifunci\u00f3n de Inyecci\u00f3n de Tinta A4 a Color, Impresi\u00f3n a Doble Cara Manual, 7,5 ppm, Wi-Fi, Smart, 6 Meses de Instant Ink Incluidos, Blanca<\/a><\/td>\n<td>48\u20ac<\/td>\n<td>11\u20ac<\/td>\n<\/tr>\n<tr>\n<td>MARKETPLACES<\/td>\n<td><a class=\"ljoptimizer\" href=\"https:\/\/www.amazon.es\/dp\/B00U3F18X0?tag=amazon087683-21&amp;th=1\" target=\"_blank\" rel=\"nofollow noopener\">VIZ-PRO Tablero de corcho con marco de aluminio, 120 x 90 cm<\/a><\/td>\n<td>47\u20ac<\/td>\n<td>10\u20ac<\/td>\n<\/tr>\n<tr>\n<td>MARKETPLACES<\/td>\n<td><a class=\"ljoptimizer\" href=\"https:\/\/www.amazon.es\/dp\/B07RYKZ6NK?tag=amazon087683-21&amp;th=1\" target=\"_blank\" rel=\"nofollow noopener\">Kensington Soporte de Escritorio para Monitor Extraancho &#8211; Soporte de Ordenador Grande Soporte de Monitor Ajustable Elevador de Escritorio para Pantallas Grandes (K55726EU), Negro<\/a><\/td>\n<td>34\u20ac<\/td>\n<td>7\u20ac<\/td>\n<\/tr>\n<tr>\n<td>MARKETPLACES<\/td>\n<td><a class=\"ljoptimizer\" href=\"https:\/\/www.amazon.es\/dp\/B0D9BS121T?tag=amazon087683-21&amp;th=1\" target=\"_blank\" rel=\"nofollow noopener\">NK Soporte de Fondo para Fotograf\u00eda Profesional 2 x 3 Metros Ajustable y Retr\u00e1ctil, 2X Tr\u00edpode, 1x Barra Transversal entrelazada, 6X Pinzas, 4X Abrazaderas Laterales de Velcro, 1x Bolsa de Transporte<\/a><\/td>\n<td>24\u20ac<\/td>\n<td>5\u20ac<\/td>\n<\/tr>\n<tr>\n<td>MARKETPLACES<\/td>\n<td><a class=\"ljoptimizer\" href=\"https:\/\/www.amazon.es\/dp\/B005KP473Q?tag=amazon087683-21&amp;th=1\" target=\"_blank\" rel=\"nofollow noopener\">Amazon Basics Tr\u00edpode para C\u00e1mara de 152cm\/60in, Ligero, con Bolsa, Altura Ajustable, para C\u00e1maras R\u00e9flex Digitales, Negro<\/a><\/td>\n<td>24\u20ac<\/td>\n<td>5\u20ac<\/td>\n<\/tr>\n<\/tbody>\n<\/table>\n","protected":false},"excerpt":{"rendered":"<p>Pal\u00e9 de Oficina sin revisar procedente de devoluciones de marketplaces<\/p>\n<ul>\n<li>N\u00famero de productos: 18<\/li>\n<li>Valor aproximado: 1495.00<\/li>\n<li>Porcentaje que se paga: 18% + IVA<\/li>\n<li>Tiempo de entrega estimado: 3 a 7 d\u00edas<\/li>\n<\/ul>\n<p>*Los precios incluyen IVA<\/p>\n","protected":false},"featured_media":176180,"template":"","meta":{"site-sidebar-layout":"default","site-content-layout":"","ast-site-content-layout":"default","site-content-style":"default","site-sidebar-style":"default","ast-global-header-display":"","ast-banner-title-visibility":"","ast-main-header-display":"","ast-hfb-above-header-display":"","ast-hfb-below-header-display":"","ast-hfb-mobile-header-display":"","site-post-title":"","ast-breadcrumbs-content":"","ast-featured-img":"","footer-sml-layout":"","ast-disable-related-posts":"","theme-transparent-header-meta":"default","adv-header-id-meta":"","stick-header-meta":"","header-above-stick-meta":"","header-main-stick-meta":"","header-below-stick-meta":"","astra-migrate-meta-layouts":"set","ast-page-background-enabled":"default","ast-page-background-meta":{"desktop":{"background-color":"var(--ast-global-color-4)","background-image":"","background-repeat":"repeat","background-position":"center center","background-size":"auto","background-attachment":"scroll","background-type":"","background-media":"","overlay-type":"","overlay-color":"","overlay-opacity":"","overlay-gradient":""},"tablet":{"background-color":"","background-image":"","background-repeat":"repeat","background-position":"center center","background-size":"auto","background-attachment":"scroll","background-type":"","background-media":"","overlay-type":"","overlay-color":"","overlay-opacity":"","overlay-gradient":""},"mobile":{"background-color":"","background-image":"","background-repeat":"repeat","background-position":"center center","background-size":"auto","background-attachment":"scroll","background-type":"","background-media":"","overlay-type":"","overlay-color":"","overlay-opacity":"","overlay-gradient":""}},"ast-content-background-meta":{"desktop":{"background-color":"var(--ast-global-color-5)","background-image":"","background-repeat":"repeat","background-position":"center center","background-size":"auto","background-attachment":"scroll","background-type":"","background-media":"","overlay-type":"","overlay-color":"","overlay-opacity":"","overlay-gradient":""},"tablet":{"background-color":"var(--ast-global-color-5)","background-image":"","background-repeat":"repeat","background-position":"center center","background-size":"auto","background-attachment":"scroll","background-type":"","background-media":"","overlay-type":"","overlay-color":"","overlay-opacity":"","overlay-gradient":""},"mobile":{"background-color":"var(--ast-global-color-5)","background-image":"","background-repeat":"repeat","background-position":"center center","background-size":"auto","background-attachment":"scroll","background-type":"","background-media":"","overlay-type":"","overlay-color":"","overlay-opacity":"","overlay-gradient":""}}},"product_brand":[],"product_cat":[46,65],"product_tag":[],"class_list":{"0":"post-176075","1":"product","2":"type-product","3":"status-publish","4":"has-post-thumbnail","6":"product_cat-oficina","7":"product_cat-pales","8":"product_shipping_class-pale","9":"desktop-align-left","10":"tablet-align-left","11":"mobile-align-left","13":"first","14":"outofstock","15":"sale","16":"downloadable","17":"taxable","18":"shipping-taxable","19":"purchasable","20":"product-type-simple"},"yoast_head":"<!-- This site is optimized with the Yoast SEO plugin v27.2 - https:\/\/yoast.com\/product\/yoast-seo-wordpress\/ -->\n<title>Pal\u00e9 de Oficina [18 productos] (10216050) - Comprardevoluciones - Tu tienda de Devoluciones de Amazon<\/title>\n<meta name=\"robots\" content=\"noindex, follow\" \/>\n<meta property=\"og:locale\" content=\"it_IT\" \/>\n<meta property=\"og:type\" content=\"article\" \/>\n<meta property=\"og:title\" content=\"Pal\u00e9 de Oficina [18 productos] (10216050) - Comprardevoluciones - Tu tienda de Devoluciones de Amazon\" \/>\n<meta property=\"og:description\" content=\"Pal\u00e9 de Oficina sin revisar procedente de devoluciones de marketplaces   N\u00famero de productos: 18  Valor aproximado: 1495.00  Porcentaje que se paga: 18% + IVA  Tiempo de entrega estimado: 3 a 7 d\u00edas  *Los precios incluyen IVA\" \/>\n<meta property=\"og:url\" content=\"https:\/\/comprardevoluciones.com\/producto\/10216050\/\" \/>\n<meta property=\"og:site_name\" content=\"Comprardevoluciones - Tu tienda de Devoluciones de Amazon\" \/>\n<meta property=\"article:modified_time\" content=\"2026-04-03T18:08:25+00:00\" \/>\n<meta property=\"og:image\" content=\"https:\/\/comprardevoluciones.com\/wp-content\/uploads\/2026\/03\/10216050.jpg\" \/>\n\t<meta property=\"og:image:width\" content=\"700\" \/>\n\t<meta property=\"og:image:height\" content=\"700\" \/>\n\t<meta property=\"og:image:type\" content=\"image\/jpeg\" \/>\n<meta name=\"twitter:card\" content=\"summary_large_image\" \/>\n<meta name=\"twitter:label1\" content=\"Tempo di lettura stimato\" \/>\n\t<meta name=\"twitter:data1\" content=\"3 minuti\" \/>\n<script type=\"application\/ld+json\" class=\"yoast-schema-graph\">{\"@context\":\"https:\/\/schema.org\",\"@graph\":[{\"@type\":\"WebPage\",\"@id\":\"https:\/\/comprardevoluciones.com\/producto\/10216050\/\",\"url\":\"https:\/\/comprardevoluciones.com\/producto\/10216050\/\",\"name\":\"Pal\u00e9 de Oficina [18 productos] (10216050) - Comprardevoluciones - Tu tienda de Devoluciones de Amazon\",\"isPartOf\":{\"@id\":\"https:\/\/comprardevoluciones.com\/#website\"},\"primaryImageOfPage\":{\"@id\":\"https:\/\/comprardevoluciones.com\/producto\/10216050\/#primaryimage\"},\"image\":{\"@id\":\"https:\/\/comprardevoluciones.com\/producto\/10216050\/#primaryimage\"},\"thumbnailUrl\":\"https:\/\/comprardevoluciones.com\/wp-content\/uploads\/2026\/03\/10216050.jpg\",\"datePublished\":\"2026-04-03T09:00:47+00:00\",\"dateModified\":\"2026-04-03T18:08:25+00:00\",\"breadcrumb\":{\"@id\":\"https:\/\/comprardevoluciones.com\/producto\/10216050\/#breadcrumb\"},\"inLanguage\":\"it-IT\",\"potentialAction\":[{\"@type\":\"ReadAction\",\"target\":[\"https:\/\/comprardevoluciones.com\/producto\/10216050\/\"]}]},{\"@type\":\"ImageObject\",\"inLanguage\":\"it-IT\",\"@id\":\"https:\/\/comprardevoluciones.com\/producto\/10216050\/#primaryimage\",\"url\":\"https:\/\/comprardevoluciones.com\/wp-content\/uploads\/2026\/03\/10216050.jpg\",\"contentUrl\":\"https:\/\/comprardevoluciones.com\/wp-content\/uploads\/2026\/03\/10216050.jpg\",\"width\":700,\"height\":700},{\"@type\":\"BreadcrumbList\",\"@id\":\"https:\/\/comprardevoluciones.com\/producto\/10216050\/#breadcrumb\",\"itemListElement\":[{\"@type\":\"ListItem\",\"position\":1,\"name\":\"Portada\",\"item\":\"https:\/\/comprardevoluciones.com\/it\/\"},{\"@type\":\"ListItem\",\"position\":2,\"name\":\"Negozio\",\"item\":\"https:\/\/comprardevoluciones.com\/it\/negozio\/\"},{\"@type\":\"ListItem\",\"position\":3,\"name\":\"Pal\u00e9 de Oficina [18 productos] (10216050)\"}]},{\"@type\":\"WebSite\",\"@id\":\"https:\/\/comprardevoluciones.com\/#website\",\"url\":\"https:\/\/comprardevoluciones.com\/\",\"name\":\"Comprardevoluciones - Tu tienda de Devoluciones de Amazon\",\"description\":\"Consigue Stock en buen estado a un precio imbatible\",\"potentialAction\":[{\"@type\":\"SearchAction\",\"target\":{\"@type\":\"EntryPoint\",\"urlTemplate\":\"https:\/\/comprardevoluciones.com\/?s={search_term_string}\"},\"query-input\":{\"@type\":\"PropertyValueSpecification\",\"valueRequired\":true,\"valueName\":\"search_term_string\"}}],\"inLanguage\":\"it-IT\"}]}<\/script>\n<!-- \/ Yoast SEO plugin. -->","yoast_head_json":{"title":"Pal\u00e9 de Oficina [18 productos] (10216050) - Comprardevoluciones - Tu tienda de Devoluciones de Amazon","robots":{"index":"noindex","follow":"follow"},"og_locale":"it_IT","og_type":"article","og_title":"Pal\u00e9 de Oficina [18 productos] (10216050) - Comprardevoluciones - Tu tienda de Devoluciones de Amazon","og_description":"Pal\u00e9 de Oficina sin revisar procedente de devoluciones de marketplaces   N\u00famero de productos: 18  Valor aproximado: 1495.00  Porcentaje que se paga: 18% + IVA  Tiempo de entrega estimado: 3 a 7 d\u00edas  *Los precios incluyen IVA","og_url":"https:\/\/comprardevoluciones.com\/producto\/10216050\/","og_site_name":"Comprardevoluciones - Tu tienda de Devoluciones de Amazon","article_modified_time":"2026-04-03T18:08:25+00:00","og_image":[{"width":700,"height":700,"url":"https:\/\/comprardevoluciones.com\/wp-content\/uploads\/2026\/03\/10216050.jpg","type":"image\/jpeg"}],"twitter_card":"summary_large_image","twitter_misc":{"Tempo di lettura stimato":"3 minuti"},"schema":{"@context":"https:\/\/schema.org","@graph":[{"@type":"WebPage","@id":"https:\/\/comprardevoluciones.com\/producto\/10216050\/","url":"https:\/\/comprardevoluciones.com\/producto\/10216050\/","name":"Pal\u00e9 de Oficina [18 productos] (10216050) - Comprardevoluciones - Tu tienda de Devoluciones de Amazon","isPartOf":{"@id":"https:\/\/comprardevoluciones.com\/#website"},"primaryImageOfPage":{"@id":"https:\/\/comprardevoluciones.com\/producto\/10216050\/#primaryimage"},"image":{"@id":"https:\/\/comprardevoluciones.com\/producto\/10216050\/#primaryimage"},"thumbnailUrl":"https:\/\/comprardevoluciones.com\/wp-content\/uploads\/2026\/03\/10216050.jpg","datePublished":"2026-04-03T09:00:47+00:00","dateModified":"2026-04-03T18:08:25+00:00","breadcrumb":{"@id":"https:\/\/comprardevoluciones.com\/producto\/10216050\/#breadcrumb"},"inLanguage":"it-IT","potentialAction":[{"@type":"ReadAction","target":["https:\/\/comprardevoluciones.com\/producto\/10216050\/"]}]},{"@type":"ImageObject","inLanguage":"it-IT","@id":"https:\/\/comprardevoluciones.com\/producto\/10216050\/#primaryimage","url":"https:\/\/comprardevoluciones.com\/wp-content\/uploads\/2026\/03\/10216050.jpg","contentUrl":"https:\/\/comprardevoluciones.com\/wp-content\/uploads\/2026\/03\/10216050.jpg","width":700,"height":700},{"@type":"BreadcrumbList","@id":"https:\/\/comprardevoluciones.com\/producto\/10216050\/#breadcrumb","itemListElement":[{"@type":"ListItem","position":1,"name":"Portada","item":"https:\/\/comprardevoluciones.com\/it\/"},{"@type":"ListItem","position":2,"name":"Negozio","item":"https:\/\/comprardevoluciones.com\/it\/negozio\/"},{"@type":"ListItem","position":3,"name":"Pal\u00e9 de Oficina [18 productos] (10216050)"}]},{"@type":"WebSite","@id":"https:\/\/comprardevoluciones.com\/#website","url":"https:\/\/comprardevoluciones.com\/","name":"Comprardevoluciones - Tu tienda de Devoluciones de Amazon","description":"Consigue Stock en buen estado a un precio imbatible","potentialAction":[{"@type":"SearchAction","target":{"@type":"EntryPoint","urlTemplate":"https:\/\/comprardevoluciones.com\/?s={search_term_string}"},"query-input":{"@type":"PropertyValueSpecification","valueRequired":true,"valueName":"search_term_string"}}],"inLanguage":"it-IT"}]}},"_links":{"self":[{"href":"https:\/\/comprardevoluciones.com\/it\/wp-json\/wp\/v2\/product\/176075","targetHints":{"allow":["GET"]}}],"collection":[{"href":"https:\/\/comprardevoluciones.com\/it\/wp-json\/wp\/v2\/product"}],"about":[{"href":"https:\/\/comprardevoluciones.com\/it\/wp-json\/wp\/v2\/types\/product"}],"wp:featuredmedia":[{"embeddable":true,"href":"https:\/\/comprardevoluciones.com\/it\/wp-json\/wp\/v2\/media\/176180"}],"wp:attachment":[{"href":"https:\/\/comprardevoluciones.com\/it\/wp-json\/wp\/v2\/media?parent=176075"}],"wp:term":[{"taxonomy":"product_brand","embeddable":true,"href":"https:\/\/comprardevoluciones.com\/it\/wp-json\/wp\/v2\/product_brand?post=176075"},{"taxonomy":"product_cat","embeddable":true,"href":"https:\/\/comprardevoluciones.com\/it\/wp-json\/wp\/v2\/product_cat?post=176075"},{"taxonomy":"product_tag","embeddable":true,"href":"https:\/\/comprardevoluciones.com\/it\/wp-json\/wp\/v2\/product_tag?post=176075"}],"curies":[{"name":"wp","href":"https:\/\/api.w.org\/{rel}","templated":true}]}}