{"id":176099,"date":"2026-04-03T10:00:17","date_gmt":"2026-04-03T09:00:17","guid":{"rendered":"https:\/\/comprardevoluciones.com\/?post_type=product&#038;p=176099"},"modified":"2026-04-03T09:42:22","modified_gmt":"2026-04-03T08:42:22","slug":"10226796","status":"publish","type":"product","link":"https:\/\/comprardevoluciones.com\/it\/producto\/10226796\/","title":{"rendered":"Pal\u00e9 de Jard\u00edn [33 productos] (10226796)"},"content":{"rendered":"<p>Descripci\u00f3n y valor aproximados<\/p>\n<table>\n<tbody>\n<tr>\n<td><strong>FUENTE<\/strong><\/td>\n<td><strong>PRODUCTO<\/strong><\/td>\n<td><strong>VALOR (\u20ac)<\/strong><\/td>\n<td><strong>PAGAS (\u20ac)<\/strong><\/td>\n<\/tr>\n<tr>\n<td>MARKETPLACES<\/td>\n<td><a class=\"ljoptimizer\" href=\"https:\/\/www.amazon.es\/dp\/B0D7PM47B9?tag=amazon087683-21&amp;th=1\" target=\"_blank\" rel=\"nofollow noopener\">Keepo Bandeja de TV de metal con ruedas\/ruedas, mesa auxiliar, bandeja de comida ajustable, mesa plegable para laptop con 3 alturas, \u00e1ngulos de inclinaci\u00f3n de 0 a 90 grados, escritorio port\u00e1til sobre<\/a><\/td>\n<td>88\u20ac<\/td>\n<td>20\u20ac<\/td>\n<\/tr>\n<tr>\n<td>MARKETPLACES<\/td>\n<td><a class=\"ljoptimizer\" href=\"https:\/\/www.amazon.es\/dp\/B07D8BJJHG?tag=amazon087683-21&amp;th=1\" target=\"_blank\" rel=\"nofollow noopener\">Armario KIS 9728000<\/a><\/td>\n<td>85\u20ac<\/td>\n<td>20\u20ac<\/td>\n<\/tr>\n<tr>\n<td>MARKETPLACES<\/td>\n<td><a class=\"ljoptimizer\" href=\"https:\/\/www.amazon.es\/dp\/B00V4PASCK?tag=amazon087683-21&amp;th=1\" target=\"_blank\" rel=\"nofollow noopener\">Curver \u2013 Caseta de Perro Exterior de Resina, para Perros Grandes y medianos, Suelo Elevado, Sistema de ventilaci\u00f3n, 95 x 99 x 99 cm, Color Gris<\/a><\/td>\n<td>76\u20ac<\/td>\n<td>17\u20ac<\/td>\n<\/tr>\n<tr>\n<td>MARKETPLACES<\/td>\n<td><a class=\"ljoptimizer\" href=\"https:\/\/www.amazon.es\/dp\/B0BPY8D9F8?tag=amazon087683-21&amp;th=1\" target=\"_blank\" rel=\"nofollow noopener\">Intex Robot limpiafondos autom\u00e1tico ZX100 para Piscinas Desmontables, limpiafondo a presi\u00f3n, Manguera Anti-enredos, Recipiente de desechos de 1,5L y Conexiones de 38mm o de 32mm (55255)<\/a><\/td>\n<td>75\u20ac<\/td>\n<td>17\u20ac<\/td>\n<\/tr>\n<tr>\n<td>MARKETPLACES<\/td>\n<td><a class=\"ljoptimizer\" href=\"https:\/\/www.amazon.es\/dp\/B01MR850FW?tag=amazon087683-21&amp;th=1\" target=\"_blank\" rel=\"nofollow noopener\">LIFETIME &#8211; Mesa Plegable port\u00e1til Cuadrada Catering Ultrarresistente, Medidas 122x61cm, Altura Ajustable, Peso 11 kg, Duradera y Resistente, Capacidad 4 Personas (92121)<\/a><\/td>\n<td>65\u20ac<\/td>\n<td>15\u20ac<\/td>\n<\/tr>\n<tr>\n<td>MARKETPLACES<\/td>\n<td><a class=\"ljoptimizer\" href=\"https:\/\/www.amazon.es\/dp\/B00B4SVITY?tag=amazon087683-21&amp;th=1\" target=\"_blank\" rel=\"nofollow noopener\">CASARIA\u00ae Tumbona Silla de Madera de Acacia Plegable 3 Posiciones Carga 160KG 94x94x60cm Sillas Jard\u00edn Playa Transpirable Mueble Camping Exterior Beige<\/a><\/td>\n<td>53\u20ac<\/td>\n<td>12\u20ac<\/td>\n<\/tr>\n<tr>\n<td>MARKETPLACES<\/td>\n<td><a class=\"ljoptimizer\" href=\"https:\/\/www.amazon.es\/dp\/B073ZDBT3Q?tag=amazon087683-21&amp;th=1\" target=\"_blank\" rel=\"nofollow noopener\">Oedim Cabecero Cama PVC Textura Madera Arcoiris 200x60cm | Disponible en Varias Medidas | Cabecero Ligero, Elegante, Resistente y Econ\u00f3mico<\/a><\/td>\n<td>50\u20ac<\/td>\n<td>12\u20ac<\/td>\n<\/tr>\n<tr>\n<td>MARKETPLACES<\/td>\n<td><a class=\"ljoptimizer\" href=\"https:\/\/www.amazon.es\/dp\/B0CX9CBVVL?tag=amazon087683-21&amp;th=1\" target=\"_blank\" rel=\"nofollow noopener\">Tumbona Plegable Reclinable Estilo Gravedad Cero (1, Gris Claro)<\/a><\/td>\n<td>49\u20ac<\/td>\n<td>11\u20ac<\/td>\n<\/tr>\n<tr>\n<td>MARKETPLACES<\/td>\n<td><a class=\"ljoptimizer\" href=\"https:\/\/www.amazon.es\/dp\/B0CX8R4QQC?tag=amazon087683-21&amp;th=1\" target=\"_blank\" rel=\"nofollow noopener\">VOUNOT\u00ae Malla Sombreo y Ocultaci\u00f3n 1.5\u00d720m, Valla Privacidad HDPE Protecci\u00f3n UV, Red de Sombra con Clips y Bridas, para Jard\u00edn, Huerto, Balc\u00f3n, Verde<\/a><\/td>\n<td>43\u20ac<\/td>\n<td>10\u20ac<\/td>\n<\/tr>\n<tr>\n<td>MARKETPLACES<\/td>\n<td><a class=\"ljoptimizer\" href=\"https:\/\/www.amazon.es\/dp\/B0CX8R4QQC?tag=amazon087683-21&amp;th=1\" target=\"_blank\" rel=\"nofollow noopener\">VOUNOT\u00ae Malla Sombreo y Ocultaci\u00f3n 1.5\u00d720m, Valla Privacidad HDPE Protecci\u00f3n UV, Red de Sombra con Clips y Bridas, para Jard\u00edn, Huerto, Balc\u00f3n, Verde<\/a><\/td>\n<td>43\u20ac<\/td>\n<td>10\u20ac<\/td>\n<\/tr>\n<tr>\n<td>MARKETPLACES<\/td>\n<td><a class=\"ljoptimizer\" href=\"https:\/\/www.amazon.es\/dp\/B0CX8R4QQC?tag=amazon087683-21&amp;th=1\" target=\"_blank\" rel=\"nofollow noopener\">VOUNOT\u00ae Malla Sombreo y Ocultaci\u00f3n 1.5\u00d720m, Valla Privacidad HDPE Protecci\u00f3n UV, Red de Sombra con Clips y Bridas, para Jard\u00edn, Huerto, Balc\u00f3n, Verde<\/a><\/td>\n<td>43\u20ac<\/td>\n<td>10\u20ac<\/td>\n<\/tr>\n<tr>\n<td>MARKETPLACES<\/td>\n<td><a class=\"ljoptimizer\" href=\"https:\/\/www.amazon.es\/dp\/B0CX8R4QQC?tag=amazon087683-21&amp;th=1\" target=\"_blank\" rel=\"nofollow noopener\">VOUNOT\u00ae Malla Sombreo y Ocultaci\u00f3n 1.5\u00d720m, Valla Privacidad HDPE Protecci\u00f3n UV, Red de Sombra con Clips y Bridas, para Jard\u00edn, Huerto, Balc\u00f3n, Verde<\/a><\/td>\n<td>43\u20ac<\/td>\n<td>10\u20ac<\/td>\n<\/tr>\n<tr>\n<td>MARKETPLACES<\/td>\n<td><a class=\"ljoptimizer\" href=\"https:\/\/www.amazon.es\/dp\/B0CX8R4QQC?tag=amazon087683-21&amp;th=1\" target=\"_blank\" rel=\"nofollow noopener\">VOUNOT\u00ae Malla Sombreo y Ocultaci\u00f3n 1.5\u00d720m, Valla Privacidad HDPE Protecci\u00f3n UV, Red de Sombra con Clips y Bridas, para Jard\u00edn, Huerto, Balc\u00f3n, Verde<\/a><\/td>\n<td>43\u20ac<\/td>\n<td>10\u20ac<\/td>\n<\/tr>\n<tr>\n<td>MARKETPLACES<\/td>\n<td><a class=\"ljoptimizer\" href=\"https:\/\/www.amazon.es\/dp\/B0CX8R4QQC?tag=amazon087683-21&amp;th=1\" target=\"_blank\" rel=\"nofollow noopener\">VOUNOT\u00ae Malla Sombreo y Ocultaci\u00f3n 1.5\u00d720m, Valla Privacidad HDPE Protecci\u00f3n UV, Red de Sombra con Clips y Bridas, para Jard\u00edn, Huerto, Balc\u00f3n, Verde<\/a><\/td>\n<td>43\u20ac<\/td>\n<td>10\u20ac<\/td>\n<\/tr>\n<tr>\n<td>MARKETPLACES<\/td>\n<td><a class=\"ljoptimizer\" href=\"https:\/\/www.amazon.es\/dp\/B0CX8R4QQC?tag=amazon087683-21&amp;th=1\" target=\"_blank\" rel=\"nofollow noopener\">VOUNOT\u00ae Malla Sombreo y Ocultaci\u00f3n 1.5\u00d720m, Valla Privacidad HDPE Protecci\u00f3n UV, Red de Sombra con Clips y Bridas, para Jard\u00edn, Huerto, Balc\u00f3n, Verde<\/a><\/td>\n<td>43\u20ac<\/td>\n<td>10\u20ac<\/td>\n<\/tr>\n<tr>\n<td>MARKETPLACES<\/td>\n<td><a class=\"ljoptimizer\" href=\"https:\/\/www.amazon.es\/dp\/B0CX8R4QQC?tag=amazon087683-21&amp;th=1\" target=\"_blank\" rel=\"nofollow noopener\">VOUNOT\u00ae Malla Sombreo y Ocultaci\u00f3n 1.5\u00d720m, Valla Privacidad HDPE Protecci\u00f3n UV, Red de Sombra con Clips y Bridas, para Jard\u00edn, Huerto, Balc\u00f3n, Verde<\/a><\/td>\n<td>43\u20ac<\/td>\n<td>10\u20ac<\/td>\n<\/tr>\n<tr>\n<td>MARKETPLACES<\/td>\n<td><a class=\"ljoptimizer\" href=\"https:\/\/www.amazon.es\/dp\/B0CX8R4QQC?tag=amazon087683-21&amp;th=1\" target=\"_blank\" rel=\"nofollow noopener\">VOUNOT\u00ae Malla Sombreo y Ocultaci\u00f3n 1.5\u00d720m, Valla Privacidad HDPE Protecci\u00f3n UV, Red de Sombra con Clips y Bridas, para Jard\u00edn, Huerto, Balc\u00f3n, Verde<\/a><\/td>\n<td>43\u20ac<\/td>\n<td>10\u20ac<\/td>\n<\/tr>\n<tr>\n<td>MARKETPLACES<\/td>\n<td><a class=\"ljoptimizer\" href=\"https:\/\/www.amazon.es\/dp\/B0CX8R4QQC?tag=amazon087683-21&amp;th=1\" target=\"_blank\" rel=\"nofollow noopener\">VOUNOT\u00ae Malla Sombreo y Ocultaci\u00f3n 1.5\u00d720m, Valla Privacidad HDPE Protecci\u00f3n UV, Red de Sombra con Clips y Bridas, para Jard\u00edn, Huerto, Balc\u00f3n, Verde<\/a><\/td>\n<td>43\u20ac<\/td>\n<td>10\u20ac<\/td>\n<\/tr>\n<tr>\n<td>MARKETPLACES<\/td>\n<td><a class=\"ljoptimizer\" href=\"https:\/\/www.amazon.es\/dp\/B0CX8R4QQC?tag=amazon087683-21&amp;th=1\" target=\"_blank\" rel=\"nofollow noopener\">VOUNOT\u00ae Malla Sombreo y Ocultaci\u00f3n 1.5\u00d720m, Valla Privacidad HDPE Protecci\u00f3n UV, Red de Sombra con Clips y Bridas, para Jard\u00edn, Huerto, Balc\u00f3n, Verde<\/a><\/td>\n<td>43\u20ac<\/td>\n<td>10\u20ac<\/td>\n<\/tr>\n<tr>\n<td>MARKETPLACES<\/td>\n<td><a class=\"ljoptimizer\" href=\"https:\/\/www.amazon.es\/dp\/B0CX8R4QQC?tag=amazon087683-21&amp;th=1\" target=\"_blank\" rel=\"nofollow noopener\">VOUNOT\u00ae Malla Sombreo y Ocultaci\u00f3n 1.5\u00d720m, Valla Privacidad HDPE Protecci\u00f3n UV, Red de Sombra con Clips y Bridas, para Jard\u00edn, Huerto, Balc\u00f3n, Verde<\/a><\/td>\n<td>43\u20ac<\/td>\n<td>10\u20ac<\/td>\n<\/tr>\n<tr>\n<td>MARKETPLACES<\/td>\n<td><a class=\"ljoptimizer\" href=\"https:\/\/www.amazon.es\/dp\/B0CX8R4QQC?tag=amazon087683-21&amp;th=1\" target=\"_blank\" rel=\"nofollow noopener\">VOUNOT\u00ae Malla Sombreo y Ocultaci\u00f3n 1.5\u00d720m, Valla Privacidad HDPE Protecci\u00f3n UV, Red de Sombra con Clips y Bridas, para Jard\u00edn, Huerto, Balc\u00f3n, Verde<\/a><\/td>\n<td>43\u20ac<\/td>\n<td>10\u20ac<\/td>\n<\/tr>\n<tr>\n<td>MARKETPLACES<\/td>\n<td><a class=\"ljoptimizer\" href=\"https:\/\/www.amazon.es\/dp\/B000VWCA3M?tag=amazon087683-21&amp;th=1\" target=\"_blank\" rel=\"nofollow noopener\">Lemax Christmas Village 34920 &#8211; Tapete Grande para exhibici\u00f3n de guijarros<\/a><\/td>\n<td>38\u20ac<\/td>\n<td>9\u20ac<\/td>\n<\/tr>\n<tr>\n<td>MARKETPLACES<\/td>\n<td><a class=\"ljoptimizer\" href=\"https:\/\/www.amazon.es\/dp\/B09DXB4WR9?tag=amazon087683-21&amp;th=1\" target=\"_blank\" rel=\"nofollow noopener\">Yaheetech Armario Ba\u00f1o Pared de Tres Niveles Armario Cocina Colgar Mueble Suspendido Ba\u00f1o Auxiliar Blanco 35x21x55cm<\/a><\/td>\n<td>38\u20ac<\/td>\n<td>9\u20ac<\/td>\n<\/tr>\n<tr>\n<td>MARKETPLACES<\/td>\n<td><a class=\"ljoptimizer\" href=\"https:\/\/www.amazon.es\/dp\/B08WHN36V3?tag=amazon087683-21&amp;th=1\" target=\"_blank\" rel=\"nofollow noopener\">Item Juego x3 Espejos Pared Decorativos Modernos plastico 25&#215;25 cm (Etnico)<\/a><\/td>\n<td>37\u20ac<\/td>\n<td>9\u20ac<\/td>\n<\/tr>\n<tr>\n<td>MARKETPLACES<\/td>\n<td><a class=\"ljoptimizer\" href=\"https:\/\/www.amazon.es\/dp\/B0CLDVGD7R?tag=amazon087683-21&amp;th=1\" target=\"_blank\" rel=\"nofollow noopener\">THINIA HOME Mesa Catering Plegable Rectangular Port\u00e1til Blanca 150 cm: Mesa Multiusos para Camping y Eventos en Espacios Exteriores o Interiores | Resina y Patas de Acero para 2-4 Personas<\/a><\/td>\n<td>36\u20ac<\/td>\n<td>8\u20ac<\/td>\n<\/tr>\n<tr>\n<td>MARKETPLACES<\/td>\n<td><a class=\"ljoptimizer\" href=\"https:\/\/www.amazon.es\/dp\/B08VLK6QKL?tag=amazon087683-21&amp;th=1\" target=\"_blank\" rel=\"nofollow noopener\">Felpudo de Coco por Metros a Medida Ancho de 1m &#8211; para Entradas de Casa Antideslizante Ultraabsorbente Exterior Resistente Intemperie Alfombra Atrapapolvo Moqueta para el Suelo F\u00e1cil Limpieza<\/a><\/td>\n<td>36\u20ac<\/td>\n<td>8\u20ac<\/td>\n<\/tr>\n<tr>\n<td>MARKETPLACES<\/td>\n<td><a class=\"ljoptimizer\" href=\"https:\/\/www.amazon.es\/dp\/B0DJSYJDSP?tag=amazon087683-21&amp;th=1\" target=\"_blank\" rel=\"nofollow noopener\">Exo Terra Tubo Fluorecente T5 VHO UVB 100 24W\/55 cm<\/a><\/td>\n<td>34\u20ac<\/td>\n<td>8\u20ac<\/td>\n<\/tr>\n<tr>\n<td>MARKETPLACES<\/td>\n<td><a class=\"ljoptimizer\" href=\"https:\/\/www.amazon.es\/dp\/B097F7MSPM?tag=amazon087683-21&amp;th=1\" target=\"_blank\" rel=\"nofollow noopener\">Aktive 52982 &#8211; Kit camping, Accesorios Camping | Barre\u00f1o plegable Camping 5 litros | Cubo plegable 10 litros | Cubeta plegable 8,5 litros | Resistentes y Duraderos | Utensilios Camping Plegables<\/a><\/td>\n<td>28\u20ac<\/td>\n<td>6\u20ac<\/td>\n<\/tr>\n<tr>\n<td>MARKETPLACES<\/td>\n<td><a class=\"ljoptimizer\" href=\"https:\/\/www.amazon.es\/dp\/B0BGTFSV9H?tag=amazon087683-21&amp;th=1\" target=\"_blank\" rel=\"nofollow noopener\">C&amp;P Rollo de papel PREMIUM para plotter, 80 g, 610 mm x 50 m, 1 UNIDAD<\/a><\/td>\n<td>20\u20ac<\/td>\n<td>5\u20ac<\/td>\n<\/tr>\n<tr>\n<td>MARKETPLACES<\/td>\n<td><a class=\"ljoptimizer\" href=\"https:\/\/www.amazon.es\/dp\/B07JLZFKCY?tag=amazon087683-21&amp;th=1\" target=\"_blank\" rel=\"nofollow noopener\">VASAGLE Estante de Pared, Estante Flotante, 20 x 60 x 3,8 cm, Balda de Pared para Marcos de Fotos, Decoraci\u00f3n, para Sal\u00f3n, Estudio, Cocina, Marr\u00f3n R\u00fastico LWS26BX<\/a><\/td>\n<td>19\u20ac<\/td>\n<td>4\u20ac<\/td>\n<\/tr>\n<tr>\n<td>MARKETPLACES<\/td>\n<td><a class=\"ljoptimizer\" href=\"https:\/\/www.amazon.es\/dp\/B0D7D1CHMJ?tag=amazon087683-21&amp;th=1\" target=\"_blank\" rel=\"nofollow noopener\">Acomoda Textil \u2013 Alfombra Infantil Ciudad Carretera para Jugar con Coches. Alfombra Antideslizante, Plegable y Acolchada. (Modelo B, 90&#215;133 cm)<\/a><\/td>\n<td>17\u20ac<\/td>\n<td>4\u20ac<\/td>\n<\/tr>\n<tr>\n<td>MARKETPLACES<\/td>\n<td><a class=\"ljoptimizer\" href=\"https:\/\/www.amazon.es\/dp\/B086X14KGT?tag=amazon087683-21&amp;th=1\" target=\"_blank\" rel=\"nofollow noopener\">Coj\u00edn para reposacabezas, Almohada para Espalda, Cuello, Pierna, Rodilla, Soporte para sillas Plegables de Playa\/sillas de sal\u00f3n para Patio Trasero, picnics, Playa &#8211; Gris<\/a><\/td>\n<td>17\u20ac<\/td>\n<td>4\u20ac<\/td>\n<\/tr>\n<tr>\n<td>MARKETPLACES<\/td>\n<td><a class=\"ljoptimizer\" href=\"https:\/\/www.amazon.es\/dp\/B0CPST5Y2Z?tag=amazon087683-21&amp;th=1\" target=\"_blank\" rel=\"nofollow noopener\">PATIKIL Manguera de Desag\u00fce para Aire Acondicionado de 65 Pies, Boca Universal de 16-25 mm, con Abrazadera para Reemplazo Blanco<\/a><\/td>\n<td>16\u20ac<\/td>\n<td>4\u20ac<\/td>\n<\/tr>\n<\/tbody>\n<\/table>\n","protected":false},"excerpt":{"rendered":"<p>Pal\u00e9 de Jard\u00edn sin revisar procedente de devoluciones de marketplaces<\/p>\n<ul>\n<li>N\u00famero de productos: 33<\/li>\n<li>Valor aproximado: 1436.00<\/li>\n<li>Porcentaje que se paga: 19% + IVA<\/li>\n<li>Tiempo de entrega estimado: 3 a 7 d\u00edas<\/li>\n<\/ul>\n<p>*Los precios incluyen IVA<\/p>\n","protected":false},"featured_media":176228,"template":"","meta":{"site-sidebar-layout":"default","site-content-layout":"","ast-site-content-layout":"default","site-content-style":"default","site-sidebar-style":"default","ast-global-header-display":"","ast-banner-title-visibility":"","ast-main-header-display":"","ast-hfb-above-header-display":"","ast-hfb-below-header-display":"","ast-hfb-mobile-header-display":"","site-post-title":"","ast-breadcrumbs-content":"","ast-featured-img":"","footer-sml-layout":"","ast-disable-related-posts":"","theme-transparent-header-meta":"default","adv-header-id-meta":"","stick-header-meta":"","header-above-stick-meta":"","header-main-stick-meta":"","header-below-stick-meta":"","astra-migrate-meta-layouts":"set","ast-page-background-enabled":"default","ast-page-background-meta":{"desktop":{"background-color":"var(--ast-global-color-4)","background-image":"","background-repeat":"repeat","background-position":"center center","background-size":"auto","background-attachment":"scroll","background-type":"","background-media":"","overlay-type":"","overlay-color":"","overlay-opacity":"","overlay-gradient":""},"tablet":{"background-color":"","background-image":"","background-repeat":"repeat","background-position":"center center","background-size":"auto","background-attachment":"scroll","background-type":"","background-media":"","overlay-type":"","overlay-color":"","overlay-opacity":"","overlay-gradient":""},"mobile":{"background-color":"","background-image":"","background-repeat":"repeat","background-position":"center center","background-size":"auto","background-attachment":"scroll","background-type":"","background-media":"","overlay-type":"","overlay-color":"","overlay-opacity":"","overlay-gradient":""}},"ast-content-background-meta":{"desktop":{"background-color":"var(--ast-global-color-5)","background-image":"","background-repeat":"repeat","background-position":"center center","background-size":"auto","background-attachment":"scroll","background-type":"","background-media":"","overlay-type":"","overlay-color":"","overlay-opacity":"","overlay-gradient":""},"tablet":{"background-color":"var(--ast-global-color-5)","background-image":"","background-repeat":"repeat","background-position":"center center","background-size":"auto","background-attachment":"scroll","background-type":"","background-media":"","overlay-type":"","overlay-color":"","overlay-opacity":"","overlay-gradient":""},"mobile":{"background-color":"var(--ast-global-color-5)","background-image":"","background-repeat":"repeat","background-position":"center center","background-size":"auto","background-attachment":"scroll","background-type":"","background-media":"","overlay-type":"","overlay-color":"","overlay-opacity":"","overlay-gradient":""}}},"product_brand":[],"product_cat":[65,47],"product_tag":[],"class_list":{"0":"post-176099","1":"product","2":"type-product","3":"status-publish","4":"has-post-thumbnail","6":"product_cat-pales","7":"product_cat-piscina","8":"product_shipping_class-pale","9":"desktop-align-left","10":"tablet-align-left","11":"mobile-align-left","13":"first","14":"instock","15":"sale","16":"downloadable","17":"taxable","18":"shipping-taxable","19":"purchasable","20":"product-type-simple"},"yoast_head":"<!-- This site is optimized with the Yoast SEO plugin v27.2 - https:\/\/yoast.com\/product\/yoast-seo-wordpress\/ -->\n<title>Pal\u00e9 de Jard\u00edn [33 productos] (10226796) - Comprardevoluciones - Tu tienda de Devoluciones de Amazon<\/title>\n<meta name=\"robots\" content=\"noindex, follow\" \/>\n<meta property=\"og:locale\" content=\"it_IT\" \/>\n<meta property=\"og:type\" content=\"article\" \/>\n<meta property=\"og:title\" content=\"Pal\u00e9 de Jard\u00edn [33 productos] (10226796) - Comprardevoluciones - Tu tienda de Devoluciones de Amazon\" \/>\n<meta property=\"og:description\" content=\"Pal\u00e9 de Jard\u00edn sin revisar procedente de devoluciones de marketplaces   N\u00famero de productos: 33  Valor aproximado: 1436.00  Porcentaje que se paga: 19% + IVA  Tiempo de entrega estimado: 3 a 7 d\u00edas  *Los precios incluyen IVA\" \/>\n<meta property=\"og:url\" content=\"https:\/\/comprardevoluciones.com\/producto\/10226796\/\" \/>\n<meta property=\"og:site_name\" content=\"Comprardevoluciones - Tu tienda de Devoluciones de Amazon\" \/>\n<meta property=\"og:image\" content=\"https:\/\/comprardevoluciones.com\/wp-content\/uploads\/2026\/03\/10226796.jpg\" \/>\n\t<meta property=\"og:image:width\" content=\"700\" \/>\n\t<meta property=\"og:image:height\" content=\"700\" \/>\n\t<meta property=\"og:image:type\" content=\"image\/jpeg\" \/>\n<meta name=\"twitter:card\" content=\"summary_large_image\" \/>\n<meta name=\"twitter:label1\" content=\"Tempo di lettura stimato\" \/>\n\t<meta name=\"twitter:data1\" content=\"4 minuti\" \/>\n<script type=\"application\/ld+json\" class=\"yoast-schema-graph\">{\"@context\":\"https:\/\/schema.org\",\"@graph\":[{\"@type\":\"WebPage\",\"@id\":\"https:\/\/comprardevoluciones.com\/producto\/10226796\/\",\"url\":\"https:\/\/comprardevoluciones.com\/producto\/10226796\/\",\"name\":\"Pal\u00e9 de Jard\u00edn [33 productos] (10226796) - Comprardevoluciones - Tu tienda de Devoluciones de Amazon\",\"isPartOf\":{\"@id\":\"https:\/\/comprardevoluciones.com\/#website\"},\"primaryImageOfPage\":{\"@id\":\"https:\/\/comprardevoluciones.com\/producto\/10226796\/#primaryimage\"},\"image\":{\"@id\":\"https:\/\/comprardevoluciones.com\/producto\/10226796\/#primaryimage\"},\"thumbnailUrl\":\"https:\/\/comprardevoluciones.com\/wp-content\/uploads\/2026\/03\/10226796.jpg\",\"datePublished\":\"2026-04-03T09:00:17+00:00\",\"breadcrumb\":{\"@id\":\"https:\/\/comprardevoluciones.com\/producto\/10226796\/#breadcrumb\"},\"inLanguage\":\"it-IT\",\"potentialAction\":[{\"@type\":\"ReadAction\",\"target\":[\"https:\/\/comprardevoluciones.com\/producto\/10226796\/\"]}]},{\"@type\":\"ImageObject\",\"inLanguage\":\"it-IT\",\"@id\":\"https:\/\/comprardevoluciones.com\/producto\/10226796\/#primaryimage\",\"url\":\"https:\/\/comprardevoluciones.com\/wp-content\/uploads\/2026\/03\/10226796.jpg\",\"contentUrl\":\"https:\/\/comprardevoluciones.com\/wp-content\/uploads\/2026\/03\/10226796.jpg\",\"width\":700,\"height\":700},{\"@type\":\"BreadcrumbList\",\"@id\":\"https:\/\/comprardevoluciones.com\/producto\/10226796\/#breadcrumb\",\"itemListElement\":[{\"@type\":\"ListItem\",\"position\":1,\"name\":\"Portada\",\"item\":\"https:\/\/comprardevoluciones.com\/it\/\"},{\"@type\":\"ListItem\",\"position\":2,\"name\":\"Negozio\",\"item\":\"https:\/\/comprardevoluciones.com\/it\/negozio\/\"},{\"@type\":\"ListItem\",\"position\":3,\"name\":\"Pal\u00e9 de Jard\u00edn [33 productos] (10226796)\"}]},{\"@type\":\"WebSite\",\"@id\":\"https:\/\/comprardevoluciones.com\/#website\",\"url\":\"https:\/\/comprardevoluciones.com\/\",\"name\":\"Comprardevoluciones - Tu tienda de Devoluciones de Amazon\",\"description\":\"Consigue Stock en buen estado a un precio imbatible\",\"potentialAction\":[{\"@type\":\"SearchAction\",\"target\":{\"@type\":\"EntryPoint\",\"urlTemplate\":\"https:\/\/comprardevoluciones.com\/?s={search_term_string}\"},\"query-input\":{\"@type\":\"PropertyValueSpecification\",\"valueRequired\":true,\"valueName\":\"search_term_string\"}}],\"inLanguage\":\"it-IT\"}]}<\/script>\n<!-- \/ Yoast SEO plugin. -->","yoast_head_json":{"title":"Pal\u00e9 de Jard\u00edn [33 productos] (10226796) - Comprardevoluciones - Tu tienda de Devoluciones de Amazon","robots":{"index":"noindex","follow":"follow"},"og_locale":"it_IT","og_type":"article","og_title":"Pal\u00e9 de Jard\u00edn [33 productos] (10226796) - Comprardevoluciones - Tu tienda de Devoluciones de Amazon","og_description":"Pal\u00e9 de Jard\u00edn sin revisar procedente de devoluciones de marketplaces   N\u00famero de productos: 33  Valor aproximado: 1436.00  Porcentaje que se paga: 19% + IVA  Tiempo de entrega estimado: 3 a 7 d\u00edas  *Los precios incluyen IVA","og_url":"https:\/\/comprardevoluciones.com\/producto\/10226796\/","og_site_name":"Comprardevoluciones - Tu tienda de Devoluciones de Amazon","og_image":[{"width":700,"height":700,"url":"https:\/\/comprardevoluciones.com\/wp-content\/uploads\/2026\/03\/10226796.jpg","type":"image\/jpeg"}],"twitter_card":"summary_large_image","twitter_misc":{"Tempo di lettura stimato":"4 minuti"},"schema":{"@context":"https:\/\/schema.org","@graph":[{"@type":"WebPage","@id":"https:\/\/comprardevoluciones.com\/producto\/10226796\/","url":"https:\/\/comprardevoluciones.com\/producto\/10226796\/","name":"Pal\u00e9 de Jard\u00edn [33 productos] (10226796) - Comprardevoluciones - Tu tienda de Devoluciones de Amazon","isPartOf":{"@id":"https:\/\/comprardevoluciones.com\/#website"},"primaryImageOfPage":{"@id":"https:\/\/comprardevoluciones.com\/producto\/10226796\/#primaryimage"},"image":{"@id":"https:\/\/comprardevoluciones.com\/producto\/10226796\/#primaryimage"},"thumbnailUrl":"https:\/\/comprardevoluciones.com\/wp-content\/uploads\/2026\/03\/10226796.jpg","datePublished":"2026-04-03T09:00:17+00:00","breadcrumb":{"@id":"https:\/\/comprardevoluciones.com\/producto\/10226796\/#breadcrumb"},"inLanguage":"it-IT","potentialAction":[{"@type":"ReadAction","target":["https:\/\/comprardevoluciones.com\/producto\/10226796\/"]}]},{"@type":"ImageObject","inLanguage":"it-IT","@id":"https:\/\/comprardevoluciones.com\/producto\/10226796\/#primaryimage","url":"https:\/\/comprardevoluciones.com\/wp-content\/uploads\/2026\/03\/10226796.jpg","contentUrl":"https:\/\/comprardevoluciones.com\/wp-content\/uploads\/2026\/03\/10226796.jpg","width":700,"height":700},{"@type":"BreadcrumbList","@id":"https:\/\/comprardevoluciones.com\/producto\/10226796\/#breadcrumb","itemListElement":[{"@type":"ListItem","position":1,"name":"Portada","item":"https:\/\/comprardevoluciones.com\/it\/"},{"@type":"ListItem","position":2,"name":"Negozio","item":"https:\/\/comprardevoluciones.com\/it\/negozio\/"},{"@type":"ListItem","position":3,"name":"Pal\u00e9 de Jard\u00edn [33 productos] (10226796)"}]},{"@type":"WebSite","@id":"https:\/\/comprardevoluciones.com\/#website","url":"https:\/\/comprardevoluciones.com\/","name":"Comprardevoluciones - Tu tienda de Devoluciones de Amazon","description":"Consigue Stock en buen estado a un precio imbatible","potentialAction":[{"@type":"SearchAction","target":{"@type":"EntryPoint","urlTemplate":"https:\/\/comprardevoluciones.com\/?s={search_term_string}"},"query-input":{"@type":"PropertyValueSpecification","valueRequired":true,"valueName":"search_term_string"}}],"inLanguage":"it-IT"}]}},"_links":{"self":[{"href":"https:\/\/comprardevoluciones.com\/it\/wp-json\/wp\/v2\/product\/176099","targetHints":{"allow":["GET"]}}],"collection":[{"href":"https:\/\/comprardevoluciones.com\/it\/wp-json\/wp\/v2\/product"}],"about":[{"href":"https:\/\/comprardevoluciones.com\/it\/wp-json\/wp\/v2\/types\/product"}],"wp:featuredmedia":[{"embeddable":true,"href":"https:\/\/comprardevoluciones.com\/it\/wp-json\/wp\/v2\/media\/176228"}],"wp:attachment":[{"href":"https:\/\/comprardevoluciones.com\/it\/wp-json\/wp\/v2\/media?parent=176099"}],"wp:term":[{"taxonomy":"product_brand","embeddable":true,"href":"https:\/\/comprardevoluciones.com\/it\/wp-json\/wp\/v2\/product_brand?post=176099"},{"taxonomy":"product_cat","embeddable":true,"href":"https:\/\/comprardevoluciones.com\/it\/wp-json\/wp\/v2\/product_cat?post=176099"},{"taxonomy":"product_tag","embeddable":true,"href":"https:\/\/comprardevoluciones.com\/it\/wp-json\/wp\/v2\/product_tag?post=176099"}],"curies":[{"name":"wp","href":"https:\/\/api.w.org\/{rel}","templated":true}]}}