{"id":180237,"date":"2026-04-27T10:00:55","date_gmt":"2026-04-27T09:00:55","guid":{"rendered":"https:\/\/comprardevoluciones.com\/?post_type=product&#038;p=180237"},"modified":"2026-04-27T09:25:29","modified_gmt":"2026-04-27T08:25:29","slug":"spw83p8813u-1","status":"publish","type":"product","link":"https:\/\/comprardevoluciones.com\/it\/producto\/spw83p8813u-1\/","title":{"rendered":"Caja de Juguetes [27 productos] (spW83P8813U-1)"},"content":{"rendered":"<p>Descripci\u00f3n y valor aproximados<\/p>\n<table>\n<tbody>\n<tr>\n<td><strong>FUENTE<\/strong><\/td>\n<td><strong>PRODUCTO<\/strong><\/td>\n<td><strong>VALOR (\u20ac)<\/strong><\/td>\n<td><strong>PAGAS (\u20ac)<\/strong><\/td>\n<\/tr>\n<tr>\n<td>MARKETPLACES<\/td>\n<td><a class=\"ljoptimizer\" href=\"https:\/\/www.amazon.es\/dp\/B0CCDPPNY2?tag=amazon087683-21&amp;th=1\" target=\"_blank\" rel=\"nofollow noopener\">EASTROCK Flauta Travesera Plateada 16 Agujeros Cerrados con Estuche, Pa\u00f1o de Limpieza y Guantes para Principiantes y Profesionales<\/a><\/td>\n<td>120 \u20ac<\/td>\n<td>28 \u20ac<\/td>\n<\/tr>\n<tr>\n<td>MARKETPLACES<\/td>\n<td><a class=\"ljoptimizer\" href=\"https:\/\/www.amazon.es\/dp\/B0D5D22QDB?tag=amazon087683-21&amp;th=1\" target=\"_blank\" rel=\"nofollow noopener\">Scalextric &#8211; Coche de Carreras Advance &#8211; Coche Slot Escala 1:32 (Cupra Le\u00f3n Competici\u00f3n &#8211; J. Filippi)<\/a><\/td>\n<td>72 \u20ac<\/td>\n<td>16 \u20ac<\/td>\n<\/tr>\n<tr>\n<td>MARKETPLACES<\/td>\n<td><a class=\"ljoptimizer\" href=\"https:\/\/www.amazon.es\/dp\/B0DLB93VKM?tag=amazon087683-21&amp;th=1\" target=\"_blank\" rel=\"nofollow noopener\">SCALEXTRIC &#8211; Coche de Carreras Advance &#8211; Coche Slot Escala 1:32 (Toyota Yaris WRC &#8211; Montecarlo &#8217;23)<\/a><\/td>\n<td>68 \u20ac<\/td>\n<td>16 \u20ac<\/td>\n<\/tr>\n<tr>\n<td>MARKETPLACES<\/td>\n<td><a class=\"ljoptimizer\" href=\"https:\/\/www.amazon.es\/dp\/B0DGV2WGJV?tag=amazon087683-21&amp;th=1\" target=\"_blank\" rel=\"nofollow noopener\">SCALEXTRIC &#8211; Coche de Carreras Advance &#8211; Coche Slot Escala 1:32 (Mercedes AMG GT3 &#8211; Tarmac)<\/a><\/td>\n<td>67 \u20ac<\/td>\n<td>15 \u20ac<\/td>\n<\/tr>\n<tr>\n<td>MARKETPLACES<\/td>\n<td><a class=\"ljoptimizer\" href=\"https:\/\/www.amazon.es\/dp\/B0FGK1W6H2?tag=amazon087683-21&amp;th=1\" target=\"_blank\" rel=\"nofollow noopener\">PIRATIX Gorilla Temple \u2013Templo gorila de Piratix con m\u00faltiples escondites, secretos y pruebas a superar. Contiene 1 templo, 4 monedas (1 exclusiva), 1 t\u00f3tem dorado, 2 Piratix exclusivos y 3 accesorios<\/a><\/td>\n<td>55 \u20ac<\/td>\n<td>13 \u20ac<\/td>\n<\/tr>\n<tr>\n<td>MARKETPLACES<\/td>\n<td><a class=\"ljoptimizer\" href=\"https:\/\/www.amazon.es\/dp\/B0B6JHKZ25?tag=amazon087683-21&amp;th=1\" target=\"_blank\" rel=\"nofollow noopener\">SCX &#8211; Veh\u00edculo de Carreras Advance &#8211; Coche Slot Escala 1:32 (Cupra E- Racer Gen\u00e9)<\/a><\/td>\n<td>54 \u20ac<\/td>\n<td>12 \u20ac<\/td>\n<\/tr>\n<tr>\n<td>MARKETPLACES<\/td>\n<td><a class=\"ljoptimizer\" href=\"https:\/\/www.amazon.es\/dp\/B0DJ8CJ41L?tag=amazon087683-21&amp;th=1\" target=\"_blank\" rel=\"nofollow noopener\">Lexibook, Juego de ajedrez electr\u00f3nico de Viaje, 32 Piezas, 64 Niveles de dificultad, 1 a 2 Jugadores, Juego de Estrategia, Juego de Mesa Familiar, LCG500<\/a><\/td>\n<td>50 \u20ac<\/td>\n<td>11 \u20ac<\/td>\n<\/tr>\n<tr>\n<td>MARKETPLACES<\/td>\n<td><a class=\"ljoptimizer\" href=\"https:\/\/www.amazon.es\/dp\/B0CPYF6R3W?tag=amazon087683-21&amp;th=1\" target=\"_blank\" rel=\"nofollow noopener\">ColorBaby Rastar &#8211; Coche teledirigido, Porsche 911 GT2 RS Clubsport 25, Licencia Oficial, Escala 1:14, con luz, Coches teledirigidos, Veh\u00edculo radiocontrol, Control Remoto (41275)<\/a><\/td>\n<td>46 \u20ac<\/td>\n<td>11 \u20ac<\/td>\n<\/tr>\n<tr>\n<td>MARKETPLACES<\/td>\n<td><a class=\"ljoptimizer\" href=\"https:\/\/www.amazon.es\/dp\/B0CJ56TXY3?tag=amazon087683-21&amp;th=1\" target=\"_blank\" rel=\"nofollow noopener\">Lexibook, Barbie, Ordenador Educativo y biling\u00fce en ingl\u00e9s\/espa\u00f1ol, Juguete para ni\u00f1os con 124 Actividades para Aprender, Jugar y Escuchar m\u00fasica, Rosa, JC598BBi2<\/a><\/td>\n<td>45 \u20ac<\/td>\n<td>10 \u20ac<\/td>\n<\/tr>\n<tr>\n<td>MARKETPLACES<\/td>\n<td><a class=\"ljoptimizer\" href=\"https:\/\/www.amazon.es\/dp\/B0B34KXBC5?tag=amazon087683-21&amp;th=1\" target=\"_blank\" rel=\"nofollow noopener\">BORRAS &#8211; Pok\u00e9mon Mission Juego de Mesa Interactivo, Conviertete en Entrenador Pok\u00e9mon y Atr\u00e1palos a Todos. Juego de Entrenador, Aprende Datos Divertidos de t\u00fas Pok\u00e9mones Favoritos (19442)<\/a><\/td>\n<td>34 \u20ac<\/td>\n<td>8 \u20ac<\/td>\n<\/tr>\n<tr>\n<td>MARKETPLACES<\/td>\n<td><a class=\"ljoptimizer\" href=\"https:\/\/www.amazon.es\/dp\/B09QD3PX92?tag=amazon087683-21&amp;th=1\" target=\"_blank\" rel=\"nofollow noopener\">Revell &#8211; Rompecabezas Time Machine Back to The Future<\/a><\/td>\n<td>30 \u20ac<\/td>\n<td>7 \u20ac<\/td>\n<\/tr>\n<tr>\n<td>MARKETPLACES<\/td>\n<td><a class=\"ljoptimizer\" href=\"https:\/\/www.amazon.es\/dp\/B01C2Y86RU?tag=amazon087683-21&amp;th=1\" target=\"_blank\" rel=\"nofollow noopener\">amscan 845922-55 &#8211; Disfraz de pirata bucanero para beb\u00e9, edad 6-12 meses<\/a><\/td>\n<td>30 \u20ac<\/td>\n<td>7 \u20ac<\/td>\n<\/tr>\n<tr>\n<td>MARKETPLACES<\/td>\n<td><a class=\"ljoptimizer\" href=\"https:\/\/www.amazon.es\/dp\/B0FDGZQK45?tag=amazon087683-21&amp;th=1\" target=\"_blank\" rel=\"nofollow noopener\">Asmodee Team KM Be in The Game &#8211; Juego de cartas de f\u00fatbol &#8211; Juego de mesa Kylian Mbapp\u00e9 &#8211; Familia y ni\u00f1os a partir de 7 a\u00f1os &#8211; 2 a 6 jugadores &#8211; 30 a 45 min &#8211; Versi\u00f3n francesa<\/a><\/td>\n<td>27 \u20ac<\/td>\n<td>6 \u20ac<\/td>\n<\/tr>\n<tr>\n<td>MARKETPLACES<\/td>\n<td><a class=\"ljoptimizer\" href=\"https:\/\/www.amazon.es\/dp\/B06Y3V1WXG?tag=amazon087683-21&amp;th=1\" target=\"_blank\" rel=\"nofollow noopener\">Smartmax &#8211; My First Safari Animals | Juegos Infantiles Educativos | Regalo para Bebes y Ni\u00f1os de 1 a 5 A\u00f1os<\/a><\/td>\n<td>26 \u20ac<\/td>\n<td>6 \u20ac<\/td>\n<\/tr>\n<tr>\n<td>MARKETPLACES<\/td>\n<td><a class=\"ljoptimizer\" href=\"https:\/\/www.amazon.es\/dp\/B07HH5KMS7?tag=amazon087683-21&amp;th=1\" target=\"_blank\" rel=\"nofollow noopener\">Bandai &#8211; La Granja De Zen\u00f3n: Peluche Interactivo Lorito Pepe<\/a><\/td>\n<td>25 \u20ac<\/td>\n<td>6 \u20ac<\/td>\n<\/tr>\n<tr>\n<td>MARKETPLACES<\/td>\n<td><a class=\"ljoptimizer\" href=\"https:\/\/www.amazon.es\/dp\/B0D2MF53TH?tag=amazon087683-21&amp;th=1\" target=\"_blank\" rel=\"nofollow noopener\">Vanplay Juguetes Ni\u00f1os 3 A\u00f1os Tambor Infantil 9 IN 1 Juguetes de Madera Instrumentos Musicales Infantiles Regalo Ni\u00f1o 3 4 5 A\u00f1os<\/a><\/td>\n<td>25 \u20ac<\/td>\n<td>6 \u20ac<\/td>\n<\/tr>\n<tr>\n<td>MARKETPLACES<\/td>\n<td><a class=\"ljoptimizer\" href=\"https:\/\/www.amazon.es\/dp\/B07935XHL1?tag=amazon087683-21&amp;th=1\" target=\"_blank\" rel=\"nofollow noopener\">Educa &#8211; Puzzle 2000 Teile f\u00fcr Erwachsene | Wahrzeichen Europa, 2000 Teile Puzzle F\u00fcr Erwachsene Und Kinder Ab 14 Jahren, Sehensw\u00fcrdigkeiten (17697)<\/a><\/td>\n<td>24 \u20ac<\/td>\n<td>6 \u20ac<\/td>\n<\/tr>\n<tr>\n<td>MARKETPLACES<\/td>\n<td><a class=\"ljoptimizer\" href=\"https:\/\/www.amazon.es\/dp\/B0F9X18MXM?tag=amazon087683-21&amp;th=1\" target=\"_blank\" rel=\"nofollow noopener\">Asmodee Time&#8217;s Up Family, Juego de Mesa versi\u00f3n Soft Box, 4-12 Jugadores, 8+ a\u00f1os, edici\u00f3n en Italiano<\/a><\/td>\n<td>23 \u20ac<\/td>\n<td>5 \u20ac<\/td>\n<\/tr>\n<tr>\n<td>MARKETPLACES<\/td>\n<td><a class=\"ljoptimizer\" href=\"https:\/\/www.amazon.es\/dp\/B0D234WM5R?tag=amazon087683-21&amp;th=1\" target=\"_blank\" rel=\"nofollow noopener\">MixMashers Marvel, Veneno, Figura Deluxe Personalizable Spider-Man Mix-and-Match y Accesorios<\/a><\/td>\n<td>21 \u20ac<\/td>\n<td>5 \u20ac<\/td>\n<\/tr>\n<tr>\n<td>MARKETPLACES<\/td>\n<td><a class=\"ljoptimizer\" href=\"https:\/\/www.amazon.es\/dp\/B0DFQPCR9D?tag=amazon087683-21&amp;th=1\" target=\"_blank\" rel=\"nofollow noopener\">El Reto al rev\u00e9s &#8211; Upside Down Challenge &#8211; Juego de Ambiente Familiar &#8211; Juego de acci\u00f3n y Habilidad para 2 a 6 Jugadores a Partir de 7 a\u00f1os<\/a><\/td>\n<td>19 \u20ac<\/td>\n<td>4 \u20ac<\/td>\n<\/tr>\n<tr>\n<td>MARKETPLACES<\/td>\n<td><a class=\"ljoptimizer\" href=\"https:\/\/www.amazon.es\/dp\/B08C35S5C1?tag=amazon087683-21&amp;th=1\" target=\"_blank\" rel=\"nofollow noopener\">Science4you &#8211; F\u00e1brica de Perfumes y Jabones &#8211; 12 Experimentos Cientificos, Laboratorio, Juguete Educativo para Ni\u00f1os 8-12 A\u00f1os<\/a><\/td>\n<td>19 \u20ac<\/td>\n<td>4 \u20ac<\/td>\n<\/tr>\n<tr>\n<td>MARKETPLACES<\/td>\n<td><a class=\"ljoptimizer\" href=\"https:\/\/www.amazon.es\/dp\/B0FPM97P13?tag=amazon087683-21&amp;th=1\" target=\"_blank\" rel=\"nofollow noopener\">OMWay Robot Solar, Kit Robotica Juguetes Ni\u00f1os 7 8 9 10 A\u00f1os, 12 en 1 Juegos Educativos Ciencia Experimentos Construcciones para Ni\u00f1os 11 12 A\u00f1os, Navide\u00f1os Cumplea\u00f1os Regalos para Ni\u00f1o, 190 Piezas<\/a><\/td>\n<td>18 \u20ac<\/td>\n<td>4 \u20ac<\/td>\n<\/tr>\n<tr>\n<td>MARKETPLACES<\/td>\n<td><a class=\"ljoptimizer\" href=\"https:\/\/www.amazon.es\/dp\/B0FHKJVBW6?tag=amazon087683-21&amp;th=1\" target=\"_blank\" rel=\"nofollow noopener\">Barbie Fashionistas Mu\u00f1eca n.\u00ba 245, Mu\u00f1eca Autista con Vestido a Rayas moradas y Accesorios como un Juguete Giratorio, una Tablet y Auriculares, JJN58<\/a><\/td>\n<td>15 \u20ac<\/td>\n<td>3 \u20ac<\/td>\n<\/tr>\n<tr>\n<td>MARKETPLACES<\/td>\n<td><a class=\"ljoptimizer\" href=\"https:\/\/www.amazon.es\/dp\/B0DZXQ9X15?tag=amazon087683-21&amp;th=1\" target=\"_blank\" rel=\"nofollow noopener\">Blackrock Games PR\u00c9SAGES &#8211; Jeu de soci\u00e9t\u00e9 &#8211; Jeu de Cartes Rapide et Malin &#8211; Jouer en \u00e9quipe &#8211; d\u00e8s 8 Ans &#8211; 4 \u00e0 6 Joueurs &#8211; Ambiance et r\u00e9flexion &#8211; en Famille ou Entre Amis &#8211; Spiral Editions<\/a><\/td>\n<td>14 \u20ac<\/td>\n<td>3 \u20ac<\/td>\n<\/tr>\n<tr>\n<td>MARKETPLACES<\/td>\n<td><a class=\"ljoptimizer\" href=\"https:\/\/www.amazon.es\/dp\/B017SXG9NS?tag=amazon087683-21&amp;th=1\" target=\"_blank\" rel=\"nofollow noopener\">EuroGraphics 1000 Teile &#8211; Hundewelt 6000-0581 mehrfarbig<\/a><\/td>\n<td>14 \u20ac<\/td>\n<td>3 \u20ac<\/td>\n<\/tr>\n<tr>\n<td>MARKETPLACES<\/td>\n<td><a class=\"ljoptimizer\" href=\"https:\/\/www.amazon.es\/dp\/B003UGXP80?tag=amazon087683-21&amp;th=1\" target=\"_blank\" rel=\"nofollow noopener\">Tiger GGB7-FCL Bolsa de guitarra, Negro, 4\/4<\/a><\/td>\n<td>12 \u20ac<\/td>\n<td>3 \u20ac<\/td>\n<\/tr>\n<tr>\n<td>MARKETPLACES<\/td>\n<td><a class=\"ljoptimizer\" href=\"https:\/\/www.amazon.es\/dp\/B0CZLFLJS4?tag=amazon087683-21&amp;th=1\" target=\"_blank\" rel=\"nofollow noopener\">Juegos Infantiles Educativos Montessori Ni\u00f1os 3 4 5 6 A\u00f1os. Juguetes Ni\u00f1os 3 A\u00f1os Regalo Juego Educativo 4 A\u00f1os Para Aprender A Leer Y Escribir, Alfabeto Montessori Tarjetas Y Letras De Madera.<\/a><\/td>\n<td>10 \u20ac<\/td>\n<td>2 \u20ac<\/td>\n<\/tr>\n<\/tbody>\n<\/table>\n","protected":false},"excerpt":{"rendered":"<p>Caja de Juguetes sin revisar procedente de devoluciones de marketplaces<\/p>\n<ul>\n<li>N\u00famero de productos: 27<\/li>\n<li>Valor aproximado: 963.00<\/li>\n<li>Porcentaje que se paga: 19% + IVA<\/li>\n<li>Tiempo de entrega estimado: 3 a 7 d\u00edas<\/li>\n<\/ul>\n<p>*Los precios incluyen IVA<\/p>\n","protected":false},"featured_media":180101,"template":"","meta":{"site-sidebar-layout":"default","site-content-layout":"","ast-site-content-layout":"default","site-content-style":"default","site-sidebar-style":"default","ast-global-header-display":"","ast-banner-title-visibility":"","ast-main-header-display":"","ast-hfb-above-header-display":"","ast-hfb-below-header-display":"","ast-hfb-mobile-header-display":"","site-post-title":"","ast-breadcrumbs-content":"","ast-featured-img":"","footer-sml-layout":"","ast-disable-related-posts":"","theme-transparent-header-meta":"default","adv-header-id-meta":"","stick-header-meta":"","header-above-stick-meta":"","header-main-stick-meta":"","header-below-stick-meta":"","astra-migrate-meta-layouts":"set","ast-page-background-enabled":"default","ast-page-background-meta":{"desktop":{"background-color":"var(--ast-global-color-4)","background-image":"","background-repeat":"repeat","background-position":"center center","background-size":"auto","background-attachment":"scroll","background-type":"","background-media":"","overlay-type":"","overlay-color":"","overlay-opacity":"","overlay-gradient":""},"tablet":{"background-color":"","background-image":"","background-repeat":"repeat","background-position":"center center","background-size":"auto","background-attachment":"scroll","background-type":"","background-media":"","overlay-type":"","overlay-color":"","overlay-opacity":"","overlay-gradient":""},"mobile":{"background-color":"","background-image":"","background-repeat":"repeat","background-position":"center center","background-size":"auto","background-attachment":"scroll","background-type":"","background-media":"","overlay-type":"","overlay-color":"","overlay-opacity":"","overlay-gradient":""}},"ast-content-background-meta":{"desktop":{"background-color":"var(--ast-global-color-5)","background-image":"","background-repeat":"repeat","background-position":"center center","background-size":"auto","background-attachment":"scroll","background-type":"","background-media":"","overlay-type":"","overlay-color":"","overlay-opacity":"","overlay-gradient":""},"tablet":{"background-color":"var(--ast-global-color-5)","background-image":"","background-repeat":"repeat","background-position":"center center","background-size":"auto","background-attachment":"scroll","background-type":"","background-media":"","overlay-type":"","overlay-color":"","overlay-opacity":"","overlay-gradient":""},"mobile":{"background-color":"var(--ast-global-color-5)","background-image":"","background-repeat":"repeat","background-position":"center center","background-size":"auto","background-attachment":"scroll","background-type":"","background-media":"","overlay-type":"","overlay-color":"","overlay-opacity":"","overlay-gradient":""}}},"product_brand":[],"product_cat":[49,45],"product_tag":[],"class_list":{"0":"post-180237","1":"product","2":"type-product","3":"status-publish","4":"has-post-thumbnail","6":"product_cat-cajas","7":"product_cat-juguetes","8":"product_shipping_class-caja","9":"desktop-align-left","10":"tablet-align-left","11":"mobile-align-left","13":"first","14":"instock","15":"sale","16":"downloadable","17":"taxable","18":"shipping-taxable","19":"purchasable","20":"product-type-simple"},"yoast_head":"<!-- This site is optimized with the Yoast SEO plugin v27.5 - https:\/\/yoast.com\/product\/yoast-seo-wordpress\/ -->\n<title>Caja de Juguetes [27 productos] (spW83P8813U-1) - Comprardevoluciones - Tu tienda de Devoluciones de Amazon<\/title>\n<meta name=\"robots\" content=\"noindex, follow\" \/>\n<meta property=\"og:locale\" content=\"it_IT\" \/>\n<meta property=\"og:type\" content=\"article\" \/>\n<meta property=\"og:title\" content=\"Caja de Juguetes [27 productos] (spW83P8813U-1) - Comprardevoluciones - Tu tienda de Devoluciones de Amazon\" \/>\n<meta property=\"og:description\" content=\"Caja de Juguetes sin revisar procedente de devoluciones de marketplaces   N\u00famero de productos: 27  Valor aproximado: 963.00  Porcentaje que se paga: 19% + IVA  Tiempo de entrega estimado: 3 a 7 d\u00edas  *Los precios incluyen IVA\" \/>\n<meta property=\"og:url\" content=\"https:\/\/comprardevoluciones.com\/producto\/spw83p8813u-1\/\" \/>\n<meta property=\"og:site_name\" content=\"Comprardevoluciones - Tu tienda de Devoluciones de Amazon\" \/>\n<meta property=\"og:image\" content=\"https:\/\/comprardevoluciones.com\/wp-content\/uploads\/2026\/04\/spW83P8813U.jpg\" \/>\n\t<meta property=\"og:image:width\" content=\"700\" \/>\n\t<meta property=\"og:image:height\" content=\"700\" \/>\n\t<meta property=\"og:image:type\" content=\"image\/jpeg\" \/>\n<meta name=\"twitter:card\" content=\"summary_large_image\" \/>\n<meta name=\"twitter:label1\" content=\"Tempo di lettura stimato\" \/>\n\t<meta name=\"twitter:data1\" content=\"4 minuti\" \/>\n<script type=\"application\/ld+json\" class=\"yoast-schema-graph\">{\"@context\":\"https:\\\/\\\/schema.org\",\"@graph\":[{\"@type\":\"WebPage\",\"@id\":\"https:\\\/\\\/comprardevoluciones.com\\\/producto\\\/spw83p8813u-1\\\/\",\"url\":\"https:\\\/\\\/comprardevoluciones.com\\\/producto\\\/spw83p8813u-1\\\/\",\"name\":\"Caja de Juguetes [27 productos] (spW83P8813U-1) - Comprardevoluciones - Tu tienda de Devoluciones de Amazon\",\"isPartOf\":{\"@id\":\"https:\\\/\\\/comprardevoluciones.com\\\/#website\"},\"primaryImageOfPage\":{\"@id\":\"https:\\\/\\\/comprardevoluciones.com\\\/producto\\\/spw83p8813u-1\\\/#primaryimage\"},\"image\":{\"@id\":\"https:\\\/\\\/comprardevoluciones.com\\\/producto\\\/spw83p8813u-1\\\/#primaryimage\"},\"thumbnailUrl\":\"https:\\\/\\\/comprardevoluciones.com\\\/wp-content\\\/uploads\\\/2026\\\/04\\\/spW83P8813U.jpg\",\"datePublished\":\"2026-04-27T09:00:55+00:00\",\"breadcrumb\":{\"@id\":\"https:\\\/\\\/comprardevoluciones.com\\\/producto\\\/spw83p8813u-1\\\/#breadcrumb\"},\"inLanguage\":\"it-IT\",\"potentialAction\":[{\"@type\":\"ReadAction\",\"target\":[\"https:\\\/\\\/comprardevoluciones.com\\\/producto\\\/spw83p8813u-1\\\/\"]}]},{\"@type\":\"ImageObject\",\"inLanguage\":\"it-IT\",\"@id\":\"https:\\\/\\\/comprardevoluciones.com\\\/producto\\\/spw83p8813u-1\\\/#primaryimage\",\"url\":\"https:\\\/\\\/comprardevoluciones.com\\\/wp-content\\\/uploads\\\/2026\\\/04\\\/spW83P8813U.jpg\",\"contentUrl\":\"https:\\\/\\\/comprardevoluciones.com\\\/wp-content\\\/uploads\\\/2026\\\/04\\\/spW83P8813U.jpg\",\"width\":700,\"height\":700},{\"@type\":\"BreadcrumbList\",\"@id\":\"https:\\\/\\\/comprardevoluciones.com\\\/producto\\\/spw83p8813u-1\\\/#breadcrumb\",\"itemListElement\":[{\"@type\":\"ListItem\",\"position\":1,\"name\":\"Portada\",\"item\":\"https:\\\/\\\/comprardevoluciones.com\\\/it\\\/\"},{\"@type\":\"ListItem\",\"position\":2,\"name\":\"Negozio\",\"item\":\"https:\\\/\\\/comprardevoluciones.com\\\/it\\\/negozio\\\/\"},{\"@type\":\"ListItem\",\"position\":3,\"name\":\"Caja de Juguetes [27 productos] (spW83P8813U-1)\"}]},{\"@type\":\"WebSite\",\"@id\":\"https:\\\/\\\/comprardevoluciones.com\\\/#website\",\"url\":\"https:\\\/\\\/comprardevoluciones.com\\\/\",\"name\":\"Comprardevoluciones - Tu tienda de Devoluciones de Amazon\",\"description\":\"Consigue Stock en buen estado a un precio imbatible\",\"potentialAction\":[{\"@type\":\"SearchAction\",\"target\":{\"@type\":\"EntryPoint\",\"urlTemplate\":\"https:\\\/\\\/comprardevoluciones.com\\\/?s={search_term_string}\"},\"query-input\":{\"@type\":\"PropertyValueSpecification\",\"valueRequired\":true,\"valueName\":\"search_term_string\"}}],\"inLanguage\":\"it-IT\"}]}<\/script>\n<!-- \/ Yoast SEO plugin. -->","yoast_head_json":{"title":"Caja de Juguetes [27 productos] (spW83P8813U-1) - Comprardevoluciones - Tu tienda de Devoluciones de Amazon","robots":{"index":"noindex","follow":"follow"},"og_locale":"it_IT","og_type":"article","og_title":"Caja de Juguetes [27 productos] (spW83P8813U-1) - Comprardevoluciones - Tu tienda de Devoluciones de Amazon","og_description":"Caja de Juguetes sin revisar procedente de devoluciones de marketplaces   N\u00famero de productos: 27  Valor aproximado: 963.00  Porcentaje que se paga: 19% + IVA  Tiempo de entrega estimado: 3 a 7 d\u00edas  *Los precios incluyen IVA","og_url":"https:\/\/comprardevoluciones.com\/producto\/spw83p8813u-1\/","og_site_name":"Comprardevoluciones - Tu tienda de Devoluciones de Amazon","og_image":[{"width":700,"height":700,"url":"https:\/\/comprardevoluciones.com\/wp-content\/uploads\/2026\/04\/spW83P8813U.jpg","type":"image\/jpeg"}],"twitter_card":"summary_large_image","twitter_misc":{"Tempo di lettura stimato":"4 minuti"},"schema":{"@context":"https:\/\/schema.org","@graph":[{"@type":"WebPage","@id":"https:\/\/comprardevoluciones.com\/producto\/spw83p8813u-1\/","url":"https:\/\/comprardevoluciones.com\/producto\/spw83p8813u-1\/","name":"Caja de Juguetes [27 productos] (spW83P8813U-1) - Comprardevoluciones - Tu tienda de Devoluciones de Amazon","isPartOf":{"@id":"https:\/\/comprardevoluciones.com\/#website"},"primaryImageOfPage":{"@id":"https:\/\/comprardevoluciones.com\/producto\/spw83p8813u-1\/#primaryimage"},"image":{"@id":"https:\/\/comprardevoluciones.com\/producto\/spw83p8813u-1\/#primaryimage"},"thumbnailUrl":"https:\/\/comprardevoluciones.com\/wp-content\/uploads\/2026\/04\/spW83P8813U.jpg","datePublished":"2026-04-27T09:00:55+00:00","breadcrumb":{"@id":"https:\/\/comprardevoluciones.com\/producto\/spw83p8813u-1\/#breadcrumb"},"inLanguage":"it-IT","potentialAction":[{"@type":"ReadAction","target":["https:\/\/comprardevoluciones.com\/producto\/spw83p8813u-1\/"]}]},{"@type":"ImageObject","inLanguage":"it-IT","@id":"https:\/\/comprardevoluciones.com\/producto\/spw83p8813u-1\/#primaryimage","url":"https:\/\/comprardevoluciones.com\/wp-content\/uploads\/2026\/04\/spW83P8813U.jpg","contentUrl":"https:\/\/comprardevoluciones.com\/wp-content\/uploads\/2026\/04\/spW83P8813U.jpg","width":700,"height":700},{"@type":"BreadcrumbList","@id":"https:\/\/comprardevoluciones.com\/producto\/spw83p8813u-1\/#breadcrumb","itemListElement":[{"@type":"ListItem","position":1,"name":"Portada","item":"https:\/\/comprardevoluciones.com\/it\/"},{"@type":"ListItem","position":2,"name":"Negozio","item":"https:\/\/comprardevoluciones.com\/it\/negozio\/"},{"@type":"ListItem","position":3,"name":"Caja de Juguetes [27 productos] (spW83P8813U-1)"}]},{"@type":"WebSite","@id":"https:\/\/comprardevoluciones.com\/#website","url":"https:\/\/comprardevoluciones.com\/","name":"Comprardevoluciones - Tu tienda de Devoluciones de Amazon","description":"Consigue Stock en buen estado a un precio imbatible","potentialAction":[{"@type":"SearchAction","target":{"@type":"EntryPoint","urlTemplate":"https:\/\/comprardevoluciones.com\/?s={search_term_string}"},"query-input":{"@type":"PropertyValueSpecification","valueRequired":true,"valueName":"search_term_string"}}],"inLanguage":"it-IT"}]}},"_links":{"self":[{"href":"https:\/\/comprardevoluciones.com\/it\/wp-json\/wp\/v2\/product\/180237","targetHints":{"allow":["GET"]}}],"collection":[{"href":"https:\/\/comprardevoluciones.com\/it\/wp-json\/wp\/v2\/product"}],"about":[{"href":"https:\/\/comprardevoluciones.com\/it\/wp-json\/wp\/v2\/types\/product"}],"wp:featuredmedia":[{"embeddable":true,"href":"https:\/\/comprardevoluciones.com\/it\/wp-json\/wp\/v2\/media\/180101"}],"wp:attachment":[{"href":"https:\/\/comprardevoluciones.com\/it\/wp-json\/wp\/v2\/media?parent=180237"}],"wp:term":[{"taxonomy":"product_brand","embeddable":true,"href":"https:\/\/comprardevoluciones.com\/it\/wp-json\/wp\/v2\/product_brand?post=180237"},{"taxonomy":"product_cat","embeddable":true,"href":"https:\/\/comprardevoluciones.com\/it\/wp-json\/wp\/v2\/product_cat?post=180237"},{"taxonomy":"product_tag","embeddable":true,"href":"https:\/\/comprardevoluciones.com\/it\/wp-json\/wp\/v2\/product_tag?post=180237"}],"curies":[{"name":"wp","href":"https:\/\/api.w.org\/{rel}","templated":true}]}}