{"id":181980,"date":"2026-04-30T10:39:33","date_gmt":"2026-04-30T09:39:33","guid":{"rendered":"https:\/\/comprardevoluciones.com\/?post_type=product&#038;p=181980"},"modified":"2026-04-30T11:08:47","modified_gmt":"2026-04-30T10:08:47","slug":"sp500434285","status":"publish","type":"product","link":"https:\/\/comprardevoluciones.com\/it\/producto\/sp500434285\/","title":{"rendered":"Caja de Cuidado Personal [36 productos] (sp500434285)"},"content":{"rendered":"<p>Descripci\u00f3n y valor aproximados<\/p>\n<table>\n<tbody>\n<tr>\n<td><strong>FUENTE<\/strong><\/td>\n<td><strong>PRODUCTO<\/strong><\/td>\n<td><strong>VALOR (\u20ac)<\/strong><\/td>\n<td><strong>PAGAS (\u20ac)<\/strong><\/td>\n<\/tr>\n<tr>\n<td>MARKETPLACES<\/td>\n<td><a class=\"ljoptimizer\" href=\"https:\/\/www.amazon.es\/dp\/B073WGYSF9?tag=amazon087683-21&amp;th=1\" target=\"_blank\" rel=\"nofollow noopener\">Waterpik Ultra Irrigador Dental Sobremesa Profesional con Agua a Presi\u00f3n y Sistema Avanzado de Control de Presi\u00f3n Mediante 10 Posiciones con 7 Boquillas, Eliminaci\u00f3n de Placa Dental, Blanco (WP-660EU)<\/a><\/td>\n<td>100\u20ac<\/td>\n<td>25\u20ac<\/td>\n<\/tr>\n<tr>\n<td>MARKETPLACES<\/td>\n<td><a class=\"ljoptimizer\" href=\"https:\/\/www.amazon.es\/dp\/B0B3JBYXG8?tag=amazon087683-21&amp;th=1\" target=\"_blank\" rel=\"nofollow noopener\">Braun Series 5 Regolabarba Uomo, Rasoio Elettrico Barba, EasyClean, Wet&amp;Dry, Ricaricabile, Rasoio A Lamina Senza Fili, Idea Regalo, 51-B1000s Blu<\/a><\/td>\n<td>97\u20ac<\/td>\n<td>24\u20ac<\/td>\n<\/tr>\n<tr>\n<td>MARKETPLACES<\/td>\n<td><a class=\"ljoptimizer\" href=\"https:\/\/www.amazon.es\/dp\/B07CLRK7Y8?tag=amazon087683-21&amp;th=1\" target=\"_blank\" rel=\"nofollow noopener\">OMRON VIVA Bilancia smart e misuratore della composizione corporea Bluetooth con calcolo di grasso corporeo, peso, grasso viscerale, muscolatura scheletrica, metabolismo basale e BMI<\/a><\/td>\n<td>80\u20ac<\/td>\n<td>20\u20ac<\/td>\n<\/tr>\n<tr>\n<td>MARKETPLACES<\/td>\n<td><a class=\"ljoptimizer\" href=\"https:\/\/www.amazon.es\/dp\/B000C1UFPM?tag=amazon087683-21&amp;th=1\" target=\"_blank\" rel=\"nofollow noopener\">Guy Laroche Fidji Eau de Toilette, Parfum pour Femme, Rafra\u00c3\u00aechissant, Vif et Floral, Notes d&#8217;Ylang-Ylang, Jasmin et Bois de Santal, 100 ml<\/a><\/td>\n<td>63\u20ac<\/td>\n<td>16\u20ac<\/td>\n<\/tr>\n<tr>\n<td>MARKETPLACES<\/td>\n<td><a class=\"ljoptimizer\" href=\"https:\/\/www.amazon.es\/dp\/B0DXLBZF4Q?tag=amazon087683-21&amp;th=1\" target=\"_blank\" rel=\"nofollow noopener\">Philips OneBlade 360 Aut\u00e9ntico Barbero, afeitadora y recortadora el\u00e9ctrica facial y corporal, 3x 360 cuchillas, 3x peine para barba incipiente (1,3,5mm), 1x kit corporal, QP2824\/31<\/a><\/td>\n<td>59\u20ac<\/td>\n<td>15\u20ac<\/td>\n<\/tr>\n<tr>\n<td>MARKETPLACES<\/td>\n<td><a class=\"ljoptimizer\" href=\"https:\/\/www.amazon.es\/dp\/B0C815WY3Z?tag=amazon087683-21&amp;th=1\" target=\"_blank\" rel=\"nofollow noopener\">Philips OneBlade 360 Face, Autentico Regolabarba e Rasoio Elettrico, con l&#8217;Innovativa Lama 360, 2 Lame 360 per il Viso, Pettine Regolabile 5 in 1 (Modello QP2734\/30)<\/a><\/td>\n<td>46\u20ac<\/td>\n<td>12\u20ac<\/td>\n<\/tr>\n<tr>\n<td>MARKETPLACES<\/td>\n<td><a class=\"ljoptimizer\" href=\"https:\/\/www.amazon.es\/dp\/B09RPH1148?tag=amazon087683-21&amp;th=1\" target=\"_blank\" rel=\"nofollow noopener\">Remington Spazzola rotante per capelli, Asciugacapelli, 1000 W, Setole Morbide (40\/50 mm), 2 Velocit\u00c3 e Temp, Rivestimento in Ceramica con Cheratina e Olio di Mandorle, Keratin Protect AS8811<\/a><\/td>\n<td>46\u20ac<\/td>\n<td>12\u20ac<\/td>\n<\/tr>\n<tr>\n<td>MARKETPLACES<\/td>\n<td><a class=\"ljoptimizer\" href=\"https:\/\/www.amazon.es\/dp\/B001BSIZS4?tag=amazon087683-21&amp;th=1\" target=\"_blank\" rel=\"nofollow noopener\">Tous Touch &#8211; Eau de Toilette vaporizador para mujer, 100 ml<\/a><\/td>\n<td>44\u20ac<\/td>\n<td>11\u20ac<\/td>\n<\/tr>\n<tr>\n<td>MARKETPLACES<\/td>\n<td><a class=\"ljoptimizer\" href=\"https:\/\/www.amazon.es\/dp\/B09RN9SZ71?tag=amazon087683-21&amp;th=1\" target=\"_blank\" rel=\"nofollow noopener\">Remington Piastra Per Capelli, Professionale, Rivestimento In Ceramica Doppio infusa di perla, Piastre strette e lunghe 110 mm, 150-235\u00c2\u00b0, Riscaldamento rapido, Pearl, S9501<\/a><\/td>\n<td>40\u20ac<\/td>\n<td>10\u20ac<\/td>\n<\/tr>\n<tr>\n<td>MARKETPLACES<\/td>\n<td><a class=\"ljoptimizer\" href=\"https:\/\/www.amazon.es\/dp\/B07DGJ6NZB?tag=amazon087683-21&amp;th=1\" target=\"_blank\" rel=\"nofollow noopener\">Oral-B Vitality 100 Cepillo de Dientes El\u00e9ctrico con Mango Recargable &#8211; Versi\u00f3n Anterior<\/a><\/td>\n<td>37\u20ac<\/td>\n<td>9\u20ac<\/td>\n<\/tr>\n<tr>\n<td>MARKETPLACES<\/td>\n<td><a class=\"ljoptimizer\" href=\"https:\/\/www.amazon.es\/dp\/B077BT7LY2?tag=amazon087683-21&amp;th=1\" target=\"_blank\" rel=\"nofollow noopener\">OMRON C803 aerosol bambini e adulti a compressore, Nebulizzatore compatto, leggero e facile da usare, per il trattamento di tosse e raffreddore, bronchite, asma e altro<\/a><\/td>\n<td>35\u20ac<\/td>\n<td>9\u20ac<\/td>\n<\/tr>\n<tr>\n<td>MARKETPLACES<\/td>\n<td><a class=\"ljoptimizer\" href=\"https:\/\/www.amazon.es\/dp\/B0009GX192?tag=amazon087683-21&amp;th=1\" target=\"_blank\" rel=\"nofollow noopener\">Moser 1400 tagliacapelli professionale con cavo, lame completamente in metallo per un taglio preciso, regolazione della lunghezza di taglio variabile con 5 posizioni bloccabili da 0.7 &#8211; 3 mm<\/a><\/td>\n<td>34\u20ac<\/td>\n<td>8\u20ac<\/td>\n<\/tr>\n<tr>\n<td>MARKETPLACES<\/td>\n<td><a class=\"ljoptimizer\" href=\"https:\/\/www.amazon.es\/dp\/B07PY5WBWX?tag=amazon087683-21&amp;th=1\" target=\"_blank\" rel=\"nofollow noopener\">Vapor Storm Genuino Puma Baby 80w Box Mod,no E Liquido No Nicotina (), Nero<\/a><\/td>\n<td>31\u20ac<\/td>\n<td>8\u20ac<\/td>\n<\/tr>\n<tr>\n<td>MARKETPLACES<\/td>\n<td><a class=\"ljoptimizer\" href=\"https:\/\/www.amazon.es\/dp\/B082DDM32Y?tag=amazon087683-21&amp;th=1\" target=\"_blank\" rel=\"nofollow noopener\">Cecotec Cortapelos Bamba PrecisionCare Wet&amp;Dry. Cuchillas Acero Inoxidable con Revestimiento de Titanio, Bater\u00eda de litio, Autonom\u00eda hasta 120 min, Longitudes 0,5-30 mm, 8 Peines<\/a><\/td>\n<td>30\u20ac<\/td>\n<td>8\u20ac<\/td>\n<\/tr>\n<tr>\n<td>MARKETPLACES<\/td>\n<td><a class=\"ljoptimizer\" href=\"https:\/\/www.amazon.es\/dp\/B00BFCPAVQ?tag=amazon087683-21&amp;th=1\" target=\"_blank\" rel=\"nofollow noopener\">Air Liquide Healthcare, RINOWASH, Doccia Nasale Micronizzata per la Terapia Aerosolica delle Vie Aeree Superiori, Adatto per Adulti e Bambini, Trattamento Rapido, Sicuro ed Efficace<\/a><\/td>\n<td>28\u20ac<\/td>\n<td>7\u20ac<\/td>\n<\/tr>\n<tr>\n<td>MARKETPLACES<\/td>\n<td><a class=\"ljoptimizer\" href=\"https:\/\/www.amazon.es\/dp\/B0CSF9GPM7?tag=amazon087683-21&amp;th=1\" target=\"_blank\" rel=\"nofollow noopener\">Cepillo Electrico para Adultos y Ni\u00f1os, Cepillo de Dientes El\u00e9ctrico Giratorio con 8 Cabezales, 60 D\u00edas de Duraci\u00f3n de la Bater\u00eda, 5 Modos, Rosa<\/a><\/td>\n<td>27\u20ac<\/td>\n<td>7\u20ac<\/td>\n<\/tr>\n<tr>\n<td>MARKETPLACES<\/td>\n<td><a class=\"ljoptimizer\" href=\"https:\/\/www.amazon.es\/dp\/B08B959QTP?tag=amazon087683-21&amp;th=1\" target=\"_blank\" rel=\"nofollow noopener\">King C. Gillette Kit REGOLABARBA UOMO, 1 Testina, 3 Pettini Regolatori, 1 Spazzolina, 1 Caricatore, RASOIO BARBA ELETTRICO, Idea Regalo Uomo Kit professionale<\/a><\/td>\n<td>26\u20ac<\/td>\n<td>6\u20ac<\/td>\n<\/tr>\n<tr>\n<td>MARKETPLACES<\/td>\n<td><a class=\"ljoptimizer\" href=\"https:\/\/www.amazon.es\/dp\/B0168IACBE?tag=amazon087683-21&amp;th=1\" target=\"_blank\" rel=\"nofollow noopener\">Beurer HA 20 H\u00c3\u00b6rger\u00c3\u00a4uschverst\u00c3\u00a4rker mit ergonomischer Passform hinter dem Ohr, individuelle Anpassung an den Geh\u00c3\u00b6rgang, Lautst\u00c3\u00a4rke stufenlos regelbar<\/a><\/td>\n<td>25\u20ac<\/td>\n<td>6\u20ac<\/td>\n<\/tr>\n<tr>\n<td>MARKETPLACES<\/td>\n<td><a class=\"ljoptimizer\" href=\"https:\/\/www.amazon.es\/dp\/B01IBL6MPQ?tag=amazon087683-21&amp;th=1\" target=\"_blank\" rel=\"nofollow noopener\">Braun ThermoScan 3 Termometro auricolare, Misurazione rapida di 1 secondo, Indicatore di febbre audio, Display digitale, Adatto a neonati e bambini, Marchio #1 tra i dottori 1, IRT3030<\/a><\/td>\n<td>24\u20ac<\/td>\n<td>6\u20ac<\/td>\n<\/tr>\n<tr>\n<td>MARKETPLACES<\/td>\n<td><a class=\"ljoptimizer\" href=\"https:\/\/www.amazon.es\/dp\/B08K48ZKSL?tag=amazon087683-21&amp;th=1\" target=\"_blank\" rel=\"nofollow noopener\">7.0 Zoll Haarschere Set Haarschneideschere &amp; Ausd\u00c3\u00bcnnungsschere mit Rasiermesserk?mmen in 1 Satz (schwarz)<\/a><\/td>\n<td>23\u20ac<\/td>\n<td>6\u20ac<\/td>\n<\/tr>\n<tr>\n<td>MARKETPLACES<\/td>\n<td><a class=\"ljoptimizer\" href=\"https:\/\/www.amazon.es\/dp\/B0DDXMX7YN?tag=amazon087683-21&amp;th=1\" target=\"_blank\" rel=\"nofollow noopener\">glo Hyper l&#8217;Alternativa alla Sigaretta, Intensit\u00c3 Superiore in un Design Essenziale, 2024, Colore Nero Grafite<\/a><\/td>\n<td>23\u20ac<\/td>\n<td>6\u20ac<\/td>\n<\/tr>\n<tr>\n<td>MARKETPLACES<\/td>\n<td><a class=\"ljoptimizer\" href=\"https:\/\/www.amazon.es\/dp\/B0D3QGW484?tag=amazon087683-21&amp;th=1\" target=\"_blank\" rel=\"nofollow noopener\">Rizador profesional con cono rizador, plancha de pelo ondulada de cer\u00c3\u00a1mica de 25 mm para rizos perfectos y cabello ondulado, estilo vers\u00c3\u00a1til y duradero, rosa<\/a><\/td>\n<td>22\u20ac<\/td>\n<td>6\u20ac<\/td>\n<\/tr>\n<tr>\n<td>MARKETPLACES<\/td>\n<td><a class=\"ljoptimizer\" href=\"https:\/\/www.amazon.es\/dp\/B079RRVLGQ?tag=amazon087683-21&amp;th=1\" target=\"_blank\" rel=\"nofollow noopener\">Philips Beardtrimmer Serie 3000, Barbero Recortadora de Barba con Tecnolog\u00c3<\/a><\/td>\n<td>21\u20ac<\/td>\n<td>5\u20ac<\/td>\n<\/tr>\n<tr>\n<td>MARKETPLACES<\/td>\n<td><a class=\"ljoptimizer\" href=\"https:\/\/www.amazon.es\/dp\/B079M62HYB?tag=amazon087683-21&amp;th=1\" target=\"_blank\" rel=\"nofollow noopener\">TEMPO DI SALDI Piastra Arriccia Capelli A 3 Rami Effetto Ricci Ondulatore Professionale 200\u00c2\u00b0C<\/a><\/td>\n<td>21\u20ac<\/td>\n<td>5\u20ac<\/td>\n<\/tr>\n<tr>\n<td>MARKETPLACES<\/td>\n<td><a class=\"ljoptimizer\" href=\"https:\/\/www.amazon.es\/dp\/B00OZKQY7E?tag=amazon087683-21&amp;th=1\" target=\"_blank\" rel=\"nofollow noopener\">Air Liquide Healthcare, PERFECTA, Ampolla con Maschera per Bambini (fino a 5 anni), Terapia delle Basse Vie Respiratorie, Compatibilit\u00c3 Universale con tutti gli Aerosol di tipo pneumatico<\/a><\/td>\n<td>20\u20ac<\/td>\n<td>5\u20ac<\/td>\n<\/tr>\n<tr>\n<td>MARKETPLACES<\/td>\n<td><a class=\"ljoptimizer\" href=\"https:\/\/www.amazon.es\/dp\/B00NWN3TH8?tag=amazon087683-21&amp;th=1\" target=\"_blank\" rel=\"nofollow noopener\">Rowenta TN2300F1 Nomad Rasoio Regolabarba, Ricaricabile, 60 minuti di autonomia, Uso a Filo e Cordless, Bianco, batteria<\/a><\/td>\n<td>20\u20ac<\/td>\n<td>5\u20ac<\/td>\n<\/tr>\n<tr>\n<td>MARKETPLACES<\/td>\n<td><a class=\"ljoptimizer\" href=\"https:\/\/www.amazon.es\/dp\/B07FC4B643?tag=amazon087683-21&amp;th=1\" target=\"_blank\" rel=\"nofollow noopener\">Scudotex Collant Extra, 70 Denari, Clearesse, Misura 4<\/a><\/td>\n<td>18\u20ac<\/td>\n<td>4\u20ac<\/td>\n<\/tr>\n<tr>\n<td>MARKETPLACES<\/td>\n<td><a class=\"ljoptimizer\" href=\"https:\/\/www.amazon.es\/dp\/B0D5BMR12M?tag=amazon087683-21&amp;th=1\" target=\"_blank\" rel=\"nofollow noopener\">Costumino Contenitivo &#8211; Parker il Pinguino &#8211; Pacco da 2-6-12 M<\/a><\/td>\n<td>17\u20ac<\/td>\n<td>4\u20ac<\/td>\n<\/tr>\n<tr>\n<td>MARKETPLACES<\/td>\n<td><a class=\"ljoptimizer\" href=\"https:\/\/www.amazon.es\/dp\/B079TPB218?tag=amazon087683-21&amp;th=1\" target=\"_blank\" rel=\"nofollow noopener\">\u00e2\u20ac\ufffdCAMP Muffa Control Fissativo, isolante e consolidante 100% acrilico, resistente a muffa e altri microrganismi, Per muri interni ed esterni, A base acqua, 1 L<\/a><\/td>\n<td>17\u20ac<\/td>\n<td>4\u20ac<\/td>\n<\/tr>\n<tr>\n<td>MARKETPLACES<\/td>\n<td><a class=\"ljoptimizer\" href=\"https:\/\/www.amazon.es\/dp\/B0BH95WFPW?tag=amazon087683-21&amp;th=1\" target=\"_blank\" rel=\"nofollow noopener\">Max Factor Miracle Pure Illuminating Serum, Pflegeboost f\u00c3\u00bcr die Haut mit Vitamin C, Niacinamide und Klinisch getestet, goldene Pigmente f\u00c3\u00bcr ein gesundes Strahlen, 30 ml<\/a><\/td>\n<td>17\u20ac<\/td>\n<td>4\u20ac<\/td>\n<\/tr>\n<tr>\n<td>MARKETPLACES<\/td>\n<td><a class=\"ljoptimizer\" href=\"https:\/\/www.amazon.es\/dp\/B0CDFYG5KB?tag=amazon087683-21&amp;th=1\" target=\"_blank\" rel=\"nofollow noopener\">Cepillos de Dientes Electricos S\u00f3nico Adultos con 8 Cabezal &#8211; Cepillo Electrico con Estuche de Viaje, 5 Modos y IPX7, Cepillos de Dientes El\u00e9ctricos Ultras\u00f3nicos para Mujer Hombres, Negro Oscuro<\/a><\/td>\n<td>17\u20ac<\/td>\n<td>4\u20ac<\/td>\n<\/tr>\n<tr>\n<td>MARKETPLACES<\/td>\n<td><a class=\"ljoptimizer\" href=\"https:\/\/www.amazon.es\/dp\/B07Y2BTGTR?tag=amazon087683-21&amp;th=1\" target=\"_blank\" rel=\"nofollow noopener\">Lines Specialist Pants Unisex Plus, talla M, 7 compresas para incontinencia, para hombre y mujer<\/a><\/td>\n<td>16\u20ac<\/td>\n<td>4\u20ac<\/td>\n<\/tr>\n<tr>\n<td>MARKETPLACES<\/td>\n<td><a class=\"ljoptimizer\" href=\"https:\/\/www.amazon.es\/dp\/B09KV18GL1?tag=amazon087683-21&amp;th=1\" target=\"_blank\" rel=\"nofollow noopener\">TEPE Scovolino, Originale, Blu, 0.6mm\/ISO 3, 20pz, rimozione placca, pulizia interdentale efficace, filo dentale, per spazi piccoli<\/a><\/td>\n<td>14\u20ac<\/td>\n<td>4\u20ac<\/td>\n<\/tr>\n<tr>\n<td>MARKETPLACES<\/td>\n<td><a class=\"ljoptimizer\" href=\"https:\/\/www.amazon.es\/dp\/B08N7HTDGP?tag=amazon087683-21&amp;th=1\" target=\"_blank\" rel=\"nofollow noopener\">LPDO Superbe Caf\u00c3\u00a8 30Ml Edpi<\/a><\/td>\n<td>13\u20ac<\/td>\n<td>3\u20ac<\/td>\n<\/tr>\n<tr>\n<td>MARKETPLACES<\/td>\n<td><a class=\"ljoptimizer\" href=\"https:\/\/www.amazon.es\/dp\/B0D1VG14JN?tag=amazon087683-21&amp;th=1\" target=\"_blank\" rel=\"nofollow noopener\">Airwick Armonia Istantanea Profumatore per Ambienti, Confezione con 1 Diffusore di Oli Essenziali e 1 Ricarica alla Fragranza Brezza Oceanica per Diffusore di Oli Essenziali<\/a><\/td>\n<td>10\u20ac<\/td>\n<td>2\u20ac<\/td>\n<\/tr>\n<tr>\n<td>MARKETPLACES<\/td>\n<td><a class=\"ljoptimizer\" href=\"https:\/\/www.amazon.es\/dp\/B0DP4WWY21?tag=amazon087683-21&amp;th=1\" target=\"_blank\" rel=\"nofollow noopener\">LUIRSAY Lightnning USB Adapter, [MFi-Zertifiziert] Adapter Lightnning auf USB Unterst\u00fctzt USB Adapter, Hubs, Maus, Tastatur, Kamera, Kartenleser, USB OTG Adapter<\/a><\/td>\n<td>7\u20ac<\/td>\n<td>2\u20ac<\/td>\n<\/tr>\n<\/tbody>\n<\/table>\n","protected":false},"excerpt":{"rendered":"<p>Caja de Cuidado Personal sin revisar procedente de devoluciones de marketplaces<\/p>\n<ul>\n<li>N\u00famero de productos: 36<\/li>\n<li>Valor aproximado: 1168.00<\/li>\n<li>Porcentaje que se paga: 21% + IVA<\/li>\n<li>Tiempo de entrega estimado: 3 a 7 d\u00edas<\/li>\n<\/ul>\n<p>*Los precios incluyen IVA<\/p>\n","protected":false},"featured_media":181995,"template":"","meta":{"site-sidebar-layout":"default","site-content-layout":"","ast-site-content-layout":"default","site-content-style":"default","site-sidebar-style":"default","ast-global-header-display":"","ast-banner-title-visibility":"","ast-main-header-display":"","ast-hfb-above-header-display":"","ast-hfb-below-header-display":"","ast-hfb-mobile-header-display":"","site-post-title":"","ast-breadcrumbs-content":"","ast-featured-img":"","footer-sml-layout":"","ast-disable-related-posts":"","theme-transparent-header-meta":"default","adv-header-id-meta":"","stick-header-meta":"","header-above-stick-meta":"","header-main-stick-meta":"","header-below-stick-meta":"","astra-migrate-meta-layouts":"set","ast-page-background-enabled":"default","ast-page-background-meta":{"desktop":{"background-color":"var(--ast-global-color-4)","background-image":"","background-repeat":"repeat","background-position":"center center","background-size":"auto","background-attachment":"scroll","background-type":"","background-media":"","overlay-type":"","overlay-color":"","overlay-opacity":"","overlay-gradient":""},"tablet":{"background-color":"","background-image":"","background-repeat":"repeat","background-position":"center center","background-size":"auto","background-attachment":"scroll","background-type":"","background-media":"","overlay-type":"","overlay-color":"","overlay-opacity":"","overlay-gradient":""},"mobile":{"background-color":"","background-image":"","background-repeat":"repeat","background-position":"center center","background-size":"auto","background-attachment":"scroll","background-type":"","background-media":"","overlay-type":"","overlay-color":"","overlay-opacity":"","overlay-gradient":""}},"ast-content-background-meta":{"desktop":{"background-color":"var(--ast-global-color-5)","background-image":"","background-repeat":"repeat","background-position":"center center","background-size":"auto","background-attachment":"scroll","background-type":"","background-media":"","overlay-type":"","overlay-color":"","overlay-opacity":"","overlay-gradient":""},"tablet":{"background-color":"var(--ast-global-color-5)","background-image":"","background-repeat":"repeat","background-position":"center center","background-size":"auto","background-attachment":"scroll","background-type":"","background-media":"","overlay-type":"","overlay-color":"","overlay-opacity":"","overlay-gradient":""},"mobile":{"background-color":"var(--ast-global-color-5)","background-image":"","background-repeat":"repeat","background-position":"center center","background-size":"auto","background-attachment":"scroll","background-type":"","background-media":"","overlay-type":"","overlay-color":"","overlay-opacity":"","overlay-gradient":""}}},"product_brand":[],"product_cat":[49,50],"product_tag":[],"class_list":{"0":"post-181980","1":"product","2":"type-product","3":"status-publish","4":"has-post-thumbnail","6":"product_cat-cajas","7":"product_cat-cuidado-personal","8":"product_shipping_class-caja","9":"desktop-align-left","10":"tablet-align-left","11":"mobile-align-left","13":"first","14":"instock","15":"sale","16":"downloadable","17":"taxable","18":"shipping-taxable","19":"purchasable","20":"product-type-simple"},"yoast_head":"<!-- This site is optimized with the Yoast SEO plugin v27.5 - https:\/\/yoast.com\/product\/yoast-seo-wordpress\/ -->\n<title>Caja de Cuidado Personal [36 productos] (sp500434285) - Comprardevoluciones - Tu tienda de Devoluciones de Amazon<\/title>\n<meta name=\"robots\" content=\"noindex, follow\" \/>\n<meta property=\"og:locale\" content=\"it_IT\" \/>\n<meta property=\"og:type\" content=\"article\" \/>\n<meta property=\"og:title\" content=\"Caja de Cuidado Personal [36 productos] (sp500434285) - Comprardevoluciones - Tu tienda de Devoluciones de Amazon\" \/>\n<meta property=\"og:description\" content=\"Caja de Cuidado Personal sin revisar procedente de devoluciones de marketplaces   N\u00famero de productos: 36  Valor aproximado: 1168.00  Porcentaje que se paga: 21% + IVA  Tiempo de entrega estimado: 3 a 7 d\u00edas  *Los precios incluyen IVA\" \/>\n<meta property=\"og:url\" content=\"https:\/\/comprardevoluciones.com\/producto\/sp500434285\/\" \/>\n<meta property=\"og:site_name\" content=\"Comprardevoluciones - Tu tienda de Devoluciones de Amazon\" \/>\n<meta property=\"article:modified_time\" content=\"2026-04-30T10:08:47+00:00\" \/>\n<meta property=\"og:image\" content=\"https:\/\/comprardevoluciones.com\/wp-content\/uploads\/2026\/04\/sp500434285.jpg\" \/>\n\t<meta property=\"og:image:width\" content=\"700\" \/>\n\t<meta property=\"og:image:height\" content=\"700\" \/>\n\t<meta property=\"og:image:type\" content=\"image\/jpeg\" \/>\n<meta name=\"twitter:card\" content=\"summary_large_image\" \/>\n<meta name=\"twitter:label1\" content=\"Tempo di lettura stimato\" \/>\n\t<meta name=\"twitter:data1\" content=\"5 minuti\" \/>\n<script type=\"application\/ld+json\" class=\"yoast-schema-graph\">{\"@context\":\"https:\\\/\\\/schema.org\",\"@graph\":[{\"@type\":\"WebPage\",\"@id\":\"https:\\\/\\\/comprardevoluciones.com\\\/producto\\\/sp500434285\\\/\",\"url\":\"https:\\\/\\\/comprardevoluciones.com\\\/producto\\\/sp500434285\\\/\",\"name\":\"Caja de Cuidado Personal [36 productos] (sp500434285) - Comprardevoluciones - Tu tienda de Devoluciones de Amazon\",\"isPartOf\":{\"@id\":\"https:\\\/\\\/comprardevoluciones.com\\\/#website\"},\"primaryImageOfPage\":{\"@id\":\"https:\\\/\\\/comprardevoluciones.com\\\/producto\\\/sp500434285\\\/#primaryimage\"},\"image\":{\"@id\":\"https:\\\/\\\/comprardevoluciones.com\\\/producto\\\/sp500434285\\\/#primaryimage\"},\"thumbnailUrl\":\"https:\\\/\\\/comprardevoluciones.com\\\/wp-content\\\/uploads\\\/2026\\\/04\\\/sp500434285.jpg\",\"datePublished\":\"2026-04-30T09:39:33+00:00\",\"dateModified\":\"2026-04-30T10:08:47+00:00\",\"breadcrumb\":{\"@id\":\"https:\\\/\\\/comprardevoluciones.com\\\/producto\\\/sp500434285\\\/#breadcrumb\"},\"inLanguage\":\"it-IT\",\"potentialAction\":[{\"@type\":\"ReadAction\",\"target\":[\"https:\\\/\\\/comprardevoluciones.com\\\/producto\\\/sp500434285\\\/\"]}]},{\"@type\":\"ImageObject\",\"inLanguage\":\"it-IT\",\"@id\":\"https:\\\/\\\/comprardevoluciones.com\\\/producto\\\/sp500434285\\\/#primaryimage\",\"url\":\"https:\\\/\\\/comprardevoluciones.com\\\/wp-content\\\/uploads\\\/2026\\\/04\\\/sp500434285.jpg\",\"contentUrl\":\"https:\\\/\\\/comprardevoluciones.com\\\/wp-content\\\/uploads\\\/2026\\\/04\\\/sp500434285.jpg\",\"width\":700,\"height\":700},{\"@type\":\"BreadcrumbList\",\"@id\":\"https:\\\/\\\/comprardevoluciones.com\\\/producto\\\/sp500434285\\\/#breadcrumb\",\"itemListElement\":[{\"@type\":\"ListItem\",\"position\":1,\"name\":\"Portada\",\"item\":\"https:\\\/\\\/comprardevoluciones.com\\\/it\\\/\"},{\"@type\":\"ListItem\",\"position\":2,\"name\":\"Negozio\",\"item\":\"https:\\\/\\\/comprardevoluciones.com\\\/it\\\/negozio\\\/\"},{\"@type\":\"ListItem\",\"position\":3,\"name\":\"Caja de Cuidado Personal [36 productos] (sp500434285)\"}]},{\"@type\":\"WebSite\",\"@id\":\"https:\\\/\\\/comprardevoluciones.com\\\/#website\",\"url\":\"https:\\\/\\\/comprardevoluciones.com\\\/\",\"name\":\"Comprardevoluciones - Tu tienda de Devoluciones de Amazon\",\"description\":\"Consigue Stock en buen estado a un precio imbatible\",\"potentialAction\":[{\"@type\":\"SearchAction\",\"target\":{\"@type\":\"EntryPoint\",\"urlTemplate\":\"https:\\\/\\\/comprardevoluciones.com\\\/?s={search_term_string}\"},\"query-input\":{\"@type\":\"PropertyValueSpecification\",\"valueRequired\":true,\"valueName\":\"search_term_string\"}}],\"inLanguage\":\"it-IT\"}]}<\/script>\n<!-- \/ Yoast SEO plugin. -->","yoast_head_json":{"title":"Caja de Cuidado Personal [36 productos] (sp500434285) - Comprardevoluciones - Tu tienda de Devoluciones de Amazon","robots":{"index":"noindex","follow":"follow"},"og_locale":"it_IT","og_type":"article","og_title":"Caja de Cuidado Personal [36 productos] (sp500434285) - Comprardevoluciones - Tu tienda de Devoluciones de Amazon","og_description":"Caja de Cuidado Personal sin revisar procedente de devoluciones de marketplaces   N\u00famero de productos: 36  Valor aproximado: 1168.00  Porcentaje que se paga: 21% + IVA  Tiempo de entrega estimado: 3 a 7 d\u00edas  *Los precios incluyen IVA","og_url":"https:\/\/comprardevoluciones.com\/producto\/sp500434285\/","og_site_name":"Comprardevoluciones - Tu tienda de Devoluciones de Amazon","article_modified_time":"2026-04-30T10:08:47+00:00","og_image":[{"width":700,"height":700,"url":"https:\/\/comprardevoluciones.com\/wp-content\/uploads\/2026\/04\/sp500434285.jpg","type":"image\/jpeg"}],"twitter_card":"summary_large_image","twitter_misc":{"Tempo di lettura stimato":"5 minuti"},"schema":{"@context":"https:\/\/schema.org","@graph":[{"@type":"WebPage","@id":"https:\/\/comprardevoluciones.com\/producto\/sp500434285\/","url":"https:\/\/comprardevoluciones.com\/producto\/sp500434285\/","name":"Caja de Cuidado Personal [36 productos] (sp500434285) - Comprardevoluciones - Tu tienda de Devoluciones de Amazon","isPartOf":{"@id":"https:\/\/comprardevoluciones.com\/#website"},"primaryImageOfPage":{"@id":"https:\/\/comprardevoluciones.com\/producto\/sp500434285\/#primaryimage"},"image":{"@id":"https:\/\/comprardevoluciones.com\/producto\/sp500434285\/#primaryimage"},"thumbnailUrl":"https:\/\/comprardevoluciones.com\/wp-content\/uploads\/2026\/04\/sp500434285.jpg","datePublished":"2026-04-30T09:39:33+00:00","dateModified":"2026-04-30T10:08:47+00:00","breadcrumb":{"@id":"https:\/\/comprardevoluciones.com\/producto\/sp500434285\/#breadcrumb"},"inLanguage":"it-IT","potentialAction":[{"@type":"ReadAction","target":["https:\/\/comprardevoluciones.com\/producto\/sp500434285\/"]}]},{"@type":"ImageObject","inLanguage":"it-IT","@id":"https:\/\/comprardevoluciones.com\/producto\/sp500434285\/#primaryimage","url":"https:\/\/comprardevoluciones.com\/wp-content\/uploads\/2026\/04\/sp500434285.jpg","contentUrl":"https:\/\/comprardevoluciones.com\/wp-content\/uploads\/2026\/04\/sp500434285.jpg","width":700,"height":700},{"@type":"BreadcrumbList","@id":"https:\/\/comprardevoluciones.com\/producto\/sp500434285\/#breadcrumb","itemListElement":[{"@type":"ListItem","position":1,"name":"Portada","item":"https:\/\/comprardevoluciones.com\/it\/"},{"@type":"ListItem","position":2,"name":"Negozio","item":"https:\/\/comprardevoluciones.com\/it\/negozio\/"},{"@type":"ListItem","position":3,"name":"Caja de Cuidado Personal [36 productos] (sp500434285)"}]},{"@type":"WebSite","@id":"https:\/\/comprardevoluciones.com\/#website","url":"https:\/\/comprardevoluciones.com\/","name":"Comprardevoluciones - Tu tienda de Devoluciones de Amazon","description":"Consigue Stock en buen estado a un precio imbatible","potentialAction":[{"@type":"SearchAction","target":{"@type":"EntryPoint","urlTemplate":"https:\/\/comprardevoluciones.com\/?s={search_term_string}"},"query-input":{"@type":"PropertyValueSpecification","valueRequired":true,"valueName":"search_term_string"}}],"inLanguage":"it-IT"}]}},"_links":{"self":[{"href":"https:\/\/comprardevoluciones.com\/it\/wp-json\/wp\/v2\/product\/181980","targetHints":{"allow":["GET"]}}],"collection":[{"href":"https:\/\/comprardevoluciones.com\/it\/wp-json\/wp\/v2\/product"}],"about":[{"href":"https:\/\/comprardevoluciones.com\/it\/wp-json\/wp\/v2\/types\/product"}],"wp:featuredmedia":[{"embeddable":true,"href":"https:\/\/comprardevoluciones.com\/it\/wp-json\/wp\/v2\/media\/181995"}],"wp:attachment":[{"href":"https:\/\/comprardevoluciones.com\/it\/wp-json\/wp\/v2\/media?parent=181980"}],"wp:term":[{"taxonomy":"product_brand","embeddable":true,"href":"https:\/\/comprardevoluciones.com\/it\/wp-json\/wp\/v2\/product_brand?post=181980"},{"taxonomy":"product_cat","embeddable":true,"href":"https:\/\/comprardevoluciones.com\/it\/wp-json\/wp\/v2\/product_cat?post=181980"},{"taxonomy":"product_tag","embeddable":true,"href":"https:\/\/comprardevoluciones.com\/it\/wp-json\/wp\/v2\/product_tag?post=181980"}],"curies":[{"name":"wp","href":"https:\/\/api.w.org\/{rel}","templated":true}]}}