{"id":183381,"date":"2026-05-07T08:00:12","date_gmt":"2026-05-07T07:00:12","guid":{"rendered":"https:\/\/comprardevoluciones.com\/?post_type=product&#038;p=183381"},"modified":"2026-05-07T08:20:02","modified_gmt":"2026-05-07T07:20:02","slug":"sp451800320","status":"publish","type":"product","link":"https:\/\/comprardevoluciones.com\/it\/producto\/sp451800320\/","title":{"rendered":"Caja de Electr\u00f3nica [19 productos] (sp451800320)"},"content":{"rendered":"<p>Descripci\u00f3n y valor aproximados<\/p>\n<table>\n<tbody>\n<tr>\n<td><strong>FUENTE<\/strong><\/td>\n<td><strong>PRODUCTO<\/strong><\/td>\n<td><strong>VALOR (\u20ac)<\/strong><\/td>\n<td><strong>PAGAS (\u20ac)<\/strong><\/td>\n<\/tr>\n<tr>\n<td>MARKETPLACES<\/td>\n<td><a class=\"ljoptimizer\" href=\"https:\/\/www.amazon.es\/dp\/B08XNH3BR6?tag=amazon087683-21&amp;th=1\" target=\"_blank\" rel=\"nofollow noopener\">Dell Dock WD19S 130W, USB C<\/a><\/td>\n<td>189\u20ac<\/td>\n<td>47\u20ac<\/td>\n<\/tr>\n<tr>\n<td>MARKETPLACES<\/td>\n<td><a class=\"ljoptimizer\" href=\"https:\/\/www.amazon.es\/dp\/B099S68RWN?tag=amazon087683-21&amp;th=1\" target=\"_blank\" rel=\"nofollow noopener\">FeinTech VAX04101 HDMI eARC Pass Switch 4&#215;1 para Barra de Sonido y videoproyector o televiso 4K Dolby Atmos<\/a><\/td>\n<td>141\u20ac<\/td>\n<td>35\u20ac<\/td>\n<\/tr>\n<tr>\n<td>MARKETPLACES<\/td>\n<td><a class=\"ljoptimizer\" href=\"https:\/\/www.amazon.es\/dp\/B09MJK74SQ?tag=amazon087683-21&amp;th=1\" target=\"_blank\" rel=\"nofollow noopener\">HP LaserJet M140w 7MD72F, Impresora L\u00e1ser A4 Multifunci\u00f3n Monocromo a Doble Cara Manual, Escaner, Copiadora (20ppm, Wi-Fi, Wi-Fi Direct, USB 2.0, Procesador 500MHz, Memoria 64MB, Smart App) Blanca<\/a><\/td>\n<td>119\u20ac<\/td>\n<td>30\u20ac<\/td>\n<\/tr>\n<tr>\n<td>MARKETPLACES<\/td>\n<td><a class=\"ljoptimizer\" href=\"https:\/\/www.amazon.es\/dp\/B0D1KYJZTX?tag=amazon087683-21&amp;th=1\" target=\"_blank\" rel=\"nofollow noopener\">KALEA-INFORMATIQUE Caja USB 3.2 Gen 2&#215;2 20G para SSD NVMe Mac Fabricada despu\u00e9s de 2013 en 12+16 Puntos. Aluminio Cepillado, con Herramientas y Accesorios.<\/a><\/td>\n<td>83\u20ac<\/td>\n<td>21\u20ac<\/td>\n<\/tr>\n<tr>\n<td>MARKETPLACES<\/td>\n<td><a class=\"ljoptimizer\" href=\"https:\/\/www.amazon.es\/dp\/B003IJ65PY?tag=amazon087683-21&amp;th=1\" target=\"_blank\" rel=\"nofollow noopener\">DSB TB200e &#8211; M\u00e1quina de encuadernaci\u00f3n t\u00e9rmica<\/a><\/td>\n<td>77\u20ac<\/td>\n<td>19\u20ac<\/td>\n<\/tr>\n<tr>\n<td>MARKETPLACES<\/td>\n<td><a class=\"ljoptimizer\" href=\"https:\/\/www.amazon.es\/dp\/B0FHSQCS8F?tag=amazon087683-21&amp;th=1\" target=\"_blank\" rel=\"nofollow noopener\">Legami Calendario de Adviento 2025, 24 sorpresas incluyendo 1 l\u00e1piz borrador de edici\u00f3n limitada, reutilizable, resistente, detalles de papel de aluminio y purpurina, 33 x 39 x 6.7 cm<\/a><\/td>\n<td>45\u20ac<\/td>\n<td>11\u20ac<\/td>\n<\/tr>\n<tr>\n<td>MARKETPLACES<\/td>\n<td><a class=\"ljoptimizer\" href=\"https:\/\/www.amazon.es\/dp\/B0C7W4FQ3B?tag=amazon087683-21&amp;th=1\" target=\"_blank\" rel=\"nofollow noopener\">Durable set dispensador de folletos Flexiplus Duo (formato A4 vertical) transparente, 6 compartimentos con 2 juegos de fijaci\u00f3n, divisi\u00f3n individual<\/a><\/td>\n<td>38\u20ac<\/td>\n<td>10\u20ac<\/td>\n<\/tr>\n<tr>\n<td>MARKETPLACES<\/td>\n<td><a class=\"ljoptimizer\" href=\"https:\/\/www.amazon.es\/dp\/B008CZW0G2?tag=amazon087683-21&amp;th=1\" target=\"_blank\" rel=\"nofollow noopener\">Meliconi &#8211; Soporte para TV<\/a><\/td>\n<td>37\u20ac<\/td>\n<td>9\u20ac<\/td>\n<\/tr>\n<tr>\n<td>MARKETPLACES<\/td>\n<td><a class=\"ljoptimizer\" href=\"https:\/\/www.amazon.es\/dp\/B0BRZ9RTMX?tag=amazon087683-21&amp;th=1\" target=\"_blank\" rel=\"nofollow noopener\">DYMO LetraTag LT-100H etiquetadora | Impresora de etiquetas port\u00e1til | Teclado ABC \/ Pantalla LCD de 13 caracteres | Perfecta para la oficina o para el hogar<\/a><\/td>\n<td>35\u20ac<\/td>\n<td>9\u20ac<\/td>\n<\/tr>\n<tr>\n<td>MARKETPLACES<\/td>\n<td><a class=\"ljoptimizer\" href=\"https:\/\/www.amazon.es\/dp\/B09M2LNDC1?tag=amazon087683-21&amp;th=1\" target=\"_blank\" rel=\"nofollow noopener\">Tenda 4G03 Pro \u2013 4G SIM Router, LTE Router CAT4, WiFi Speed up to 300Mbps, FDD and TDD, Plug&amp;Play, LAN\/WAN Ethernet Port, Charging with Power Bank, Compatible with Multiple Carriers<\/a><\/td>\n<td>33\u20ac<\/td>\n<td>8\u20ac<\/td>\n<\/tr>\n<tr>\n<td>MARKETPLACES<\/td>\n<td><a class=\"ljoptimizer\" href=\"https:\/\/www.amazon.es\/dp\/B0743HZZKL?tag=amazon087683-21&amp;th=1\" target=\"_blank\" rel=\"nofollow noopener\">La Fabrique de Pies AM20170093 &#8211; Juego de 4 Patas de Cama, cil\u00edndricas, Madera, Barniz, 10 x 7 x 7 cm<\/a><\/td>\n<td>31\u20ac<\/td>\n<td>8\u20ac<\/td>\n<\/tr>\n<tr>\n<td>MARKETPLACES<\/td>\n<td><a class=\"ljoptimizer\" href=\"https:\/\/www.amazon.es\/dp\/B0CQRTMBL5?tag=amazon087683-21&amp;th=1\" target=\"_blank\" rel=\"nofollow noopener\">Fanton FME PROLEARE Clock Linear 16A 3X1 ML.3 92016<\/a><\/td>\n<td>31\u20ac<\/td>\n<td>8\u20ac<\/td>\n<\/tr>\n<tr>\n<td>MARKETPLACES<\/td>\n<td><a class=\"ljoptimizer\" href=\"https:\/\/www.amazon.es\/dp\/B0CPYR8Z1N?tag=amazon087683-21&amp;th=1\" target=\"_blank\" rel=\"nofollow noopener\">NK Palomitero Retro, M\u00e1quina de Palomitas de Ma\u00edz El\u00e9ctrica 1200W, Bot\u00f3n f\u00e1cil de utilizar, Preparaci\u00f3n listas en 2 minutos, Aire Caliente, Tama\u00f1o 0,3L, Portable, Ideal para Casa<\/a><\/td>\n<td>29\u20ac<\/td>\n<td>7\u20ac<\/td>\n<\/tr>\n<tr>\n<td>MARKETPLACES<\/td>\n<td><a class=\"ljoptimizer\" href=\"https:\/\/www.amazon.es\/dp\/B09NXFCTWJ?tag=amazon087683-21&amp;th=1\" target=\"_blank\" rel=\"nofollow noopener\">STABILO &#8211; Marcador &#8211; BOSS ORIGINAL &#8211; ARTY &#8211; Set de mesa de 23 &#8211; 9 colores fluorescentes y 14 colores pastel<\/a><\/td>\n<td>25\u20ac<\/td>\n<td>6\u20ac<\/td>\n<\/tr>\n<tr>\n<td>MARKETPLACES<\/td>\n<td><a class=\"ljoptimizer\" href=\"https:\/\/www.amazon.es\/dp\/B0DPQVCXZX?tag=amazon087683-21&amp;th=1\" target=\"_blank\" rel=\"nofollow noopener\">NOVOO Air Tag Card Wallet Tracker Thin 1,6 mm, Smart Card Slim, bater\u00eda 6 a\u00f1os, IP68 Impermeable, Compatible con Apple Dove \u00e8 (iOS), Bluetooth GPS, localizador para Billetera, Maletas, pasaportes<\/a><\/td>\n<td>18\u20ac<\/td>\n<td>4\u20ac<\/td>\n<\/tr>\n<tr>\n<td>MARKETPLACES<\/td>\n<td><a class=\"ljoptimizer\" href=\"https:\/\/www.amazon.es\/dp\/B0DKF3RVGW?tag=amazon087683-21&amp;th=1\" target=\"_blank\" rel=\"nofollow noopener\">Colorfly DR1050 Tambor Compatible para Brother TN1050 Toner &#8211; Compatible con DCP-1612W, 1610W, 1510, 1512, HL-1210W, HL-1212W, HL-1110, HL-1112<\/a><\/td>\n<td>16\u20ac<\/td>\n<td>4\u20ac<\/td>\n<\/tr>\n<tr>\n<td>MARKETPLACES<\/td>\n<td><a class=\"ljoptimizer\" href=\"https:\/\/www.amazon.es\/dp\/B0BWSCLJMV?tag=amazon087683-21&amp;th=1\" target=\"_blank\" rel=\"nofollow noopener\">FANTON 48122-B &#8211; Regleta el\u00e9ctrica de 9 plazas con 3 Tomas universales y 6 Tomas bivalentes Italianas Laterales con Enchufe Grande 16 A, Color Blanco<\/a><\/td>\n<td>13\u20ac<\/td>\n<td>3\u20ac<\/td>\n<\/tr>\n<tr>\n<td>MARKETPLACES<\/td>\n<td><a class=\"ljoptimizer\" href=\"https:\/\/www.amazon.es\/dp\/B0DXVBLXHY?tag=amazon087683-21&amp;th=1\" target=\"_blank\" rel=\"nofollow noopener\">kwmobile Funda para Samsung Galaxy A56 5G Carcasa &#8211; Ultrafina de TPU y Silicona con Bordes elevados antica\u00eddas &#8211; Rojo cl\u00e1sico<\/a><\/td>\n<td>8\u20ac<\/td>\n<td>2\u20ac<\/td>\n<\/tr>\n<tr>\n<td>MARKETPLACES<\/td>\n<td><a class=\"ljoptimizer\" href=\"https:\/\/www.amazon.es\/dp\/B0FWJRHFCB?tag=amazon087683-21&amp;th=1\" target=\"_blank\" rel=\"nofollow noopener\">Mando a distancia universal DVB T2 Top Box inal\u00e1mbrico STB de repuesto para HDTV Smart TV con rendimiento estable m\u00e1s distancia de transmisi\u00f3n, no requiere programaci\u00f3n<\/a><\/td>\n<td>5\u20ac<\/td>\n<td>1\u20ac<\/td>\n<\/tr>\n<\/tbody>\n<\/table>\n","protected":false},"excerpt":{"rendered":"<p>Caja de Electr\u00f3nica sin revisar procedente de devoluciones de marketplaces<\/p>\n<ul>\n<li>N\u00famero de productos: 19<\/li>\n<li>Valor aproximado: 973.00<\/li>\n<li>Porcentaje que se paga: 21% + IVA<\/li>\n<li>Tiempo de entrega estimado: 3 a 7 d\u00edas<\/li>\n<\/ul>\n<p>*Los precios incluyen IVA<\/p>\n","protected":false},"featured_media":183420,"template":"","meta":{"site-sidebar-layout":"default","site-content-layout":"","ast-site-content-layout":"default","site-content-style":"default","site-sidebar-style":"default","ast-global-header-display":"","ast-banner-title-visibility":"","ast-main-header-display":"","ast-hfb-above-header-display":"","ast-hfb-below-header-display":"","ast-hfb-mobile-header-display":"","site-post-title":"","ast-breadcrumbs-content":"","ast-featured-img":"","footer-sml-layout":"","ast-disable-related-posts":"","theme-transparent-header-meta":"default","adv-header-id-meta":"","stick-header-meta":"","header-above-stick-meta":"","header-main-stick-meta":"","header-below-stick-meta":"","astra-migrate-meta-layouts":"set","ast-page-background-enabled":"default","ast-page-background-meta":{"desktop":{"background-color":"var(--ast-global-color-4)","background-image":"","background-repeat":"repeat","background-position":"center center","background-size":"auto","background-attachment":"scroll","background-type":"","background-media":"","overlay-type":"","overlay-color":"","overlay-opacity":"","overlay-gradient":""},"tablet":{"background-color":"","background-image":"","background-repeat":"repeat","background-position":"center center","background-size":"auto","background-attachment":"scroll","background-type":"","background-media":"","overlay-type":"","overlay-color":"","overlay-opacity":"","overlay-gradient":""},"mobile":{"background-color":"","background-image":"","background-repeat":"repeat","background-position":"center center","background-size":"auto","background-attachment":"scroll","background-type":"","background-media":"","overlay-type":"","overlay-color":"","overlay-opacity":"","overlay-gradient":""}},"ast-content-background-meta":{"desktop":{"background-color":"var(--ast-global-color-5)","background-image":"","background-repeat":"repeat","background-position":"center center","background-size":"auto","background-attachment":"scroll","background-type":"","background-media":"","overlay-type":"","overlay-color":"","overlay-opacity":"","overlay-gradient":""},"tablet":{"background-color":"var(--ast-global-color-5)","background-image":"","background-repeat":"repeat","background-position":"center center","background-size":"auto","background-attachment":"scroll","background-type":"","background-media":"","overlay-type":"","overlay-color":"","overlay-opacity":"","overlay-gradient":""},"mobile":{"background-color":"var(--ast-global-color-5)","background-image":"","background-repeat":"repeat","background-position":"center center","background-size":"auto","background-attachment":"scroll","background-type":"","background-media":"","overlay-type":"","overlay-color":"","overlay-opacity":"","overlay-gradient":""}}},"product_brand":[],"product_cat":[49,44],"product_tag":[],"class_list":{"0":"post-183381","1":"product","2":"type-product","3":"status-publish","4":"has-post-thumbnail","6":"product_cat-cajas","7":"product_cat-electronica","8":"product_shipping_class-caja","9":"desktop-align-left","10":"tablet-align-left","11":"mobile-align-left","13":"first","14":"instock","15":"sale","16":"downloadable","17":"taxable","18":"shipping-taxable","19":"purchasable","20":"product-type-simple"},"yoast_head":"<!-- This site is optimized with the Yoast SEO plugin v27.5 - https:\/\/yoast.com\/product\/yoast-seo-wordpress\/ -->\n<title>Caja de Electr\u00f3nica [19 productos] (sp451800320) - Comprardevoluciones - Tu tienda de Devoluciones de Amazon<\/title>\n<meta name=\"robots\" content=\"noindex, follow\" \/>\n<meta property=\"og:locale\" content=\"it_IT\" \/>\n<meta property=\"og:type\" content=\"article\" \/>\n<meta property=\"og:title\" content=\"Caja de Electr\u00f3nica [19 productos] (sp451800320) - Comprardevoluciones - Tu tienda de Devoluciones de Amazon\" \/>\n<meta property=\"og:description\" content=\"Caja de Electr\u00f3nica sin revisar procedente de devoluciones de marketplaces   N\u00famero de productos: 19  Valor aproximado: 973.00  Porcentaje que se paga: 21% + IVA  Tiempo de entrega estimado: 3 a 7 d\u00edas  *Los precios incluyen IVA\" \/>\n<meta property=\"og:url\" content=\"https:\/\/comprardevoluciones.com\/producto\/sp451800320\/\" \/>\n<meta property=\"og:site_name\" content=\"Comprardevoluciones - Tu tienda de Devoluciones de Amazon\" \/>\n<meta property=\"article:modified_time\" content=\"2026-05-07T07:20:02+00:00\" \/>\n<meta property=\"og:image\" content=\"https:\/\/comprardevoluciones.com\/wp-content\/uploads\/2026\/05\/sp451800320.jpg\" \/>\n\t<meta property=\"og:image:width\" content=\"700\" \/>\n\t<meta property=\"og:image:height\" content=\"700\" \/>\n\t<meta property=\"og:image:type\" content=\"image\/jpeg\" \/>\n<meta name=\"twitter:card\" content=\"summary_large_image\" \/>\n<meta name=\"twitter:label1\" content=\"Tempo di lettura stimato\" \/>\n\t<meta name=\"twitter:data1\" content=\"3 minuti\" \/>\n<script type=\"application\/ld+json\" class=\"yoast-schema-graph\">{\"@context\":\"https:\\\/\\\/schema.org\",\"@graph\":[{\"@type\":\"WebPage\",\"@id\":\"https:\\\/\\\/comprardevoluciones.com\\\/producto\\\/sp451800320\\\/\",\"url\":\"https:\\\/\\\/comprardevoluciones.com\\\/producto\\\/sp451800320\\\/\",\"name\":\"Caja de Electr\u00f3nica [19 productos] (sp451800320) - Comprardevoluciones - Tu tienda de Devoluciones de Amazon\",\"isPartOf\":{\"@id\":\"https:\\\/\\\/comprardevoluciones.com\\\/#website\"},\"primaryImageOfPage\":{\"@id\":\"https:\\\/\\\/comprardevoluciones.com\\\/producto\\\/sp451800320\\\/#primaryimage\"},\"image\":{\"@id\":\"https:\\\/\\\/comprardevoluciones.com\\\/producto\\\/sp451800320\\\/#primaryimage\"},\"thumbnailUrl\":\"https:\\\/\\\/comprardevoluciones.com\\\/wp-content\\\/uploads\\\/2026\\\/05\\\/sp451800320.jpg\",\"datePublished\":\"2026-05-07T07:00:12+00:00\",\"dateModified\":\"2026-05-07T07:20:02+00:00\",\"breadcrumb\":{\"@id\":\"https:\\\/\\\/comprardevoluciones.com\\\/producto\\\/sp451800320\\\/#breadcrumb\"},\"inLanguage\":\"it-IT\",\"potentialAction\":[{\"@type\":\"ReadAction\",\"target\":[\"https:\\\/\\\/comprardevoluciones.com\\\/producto\\\/sp451800320\\\/\"]}]},{\"@type\":\"ImageObject\",\"inLanguage\":\"it-IT\",\"@id\":\"https:\\\/\\\/comprardevoluciones.com\\\/producto\\\/sp451800320\\\/#primaryimage\",\"url\":\"https:\\\/\\\/comprardevoluciones.com\\\/wp-content\\\/uploads\\\/2026\\\/05\\\/sp451800320.jpg\",\"contentUrl\":\"https:\\\/\\\/comprardevoluciones.com\\\/wp-content\\\/uploads\\\/2026\\\/05\\\/sp451800320.jpg\",\"width\":700,\"height\":700},{\"@type\":\"BreadcrumbList\",\"@id\":\"https:\\\/\\\/comprardevoluciones.com\\\/producto\\\/sp451800320\\\/#breadcrumb\",\"itemListElement\":[{\"@type\":\"ListItem\",\"position\":1,\"name\":\"Portada\",\"item\":\"https:\\\/\\\/comprardevoluciones.com\\\/it\\\/\"},{\"@type\":\"ListItem\",\"position\":2,\"name\":\"Negozio\",\"item\":\"https:\\\/\\\/comprardevoluciones.com\\\/it\\\/negozio\\\/\"},{\"@type\":\"ListItem\",\"position\":3,\"name\":\"Caja de Electr\u00f3nica [19 productos] (sp451800320)\"}]},{\"@type\":\"WebSite\",\"@id\":\"https:\\\/\\\/comprardevoluciones.com\\\/#website\",\"url\":\"https:\\\/\\\/comprardevoluciones.com\\\/\",\"name\":\"Comprardevoluciones - Tu tienda de Devoluciones de Amazon\",\"description\":\"Consigue Stock en buen estado a un precio imbatible\",\"potentialAction\":[{\"@type\":\"SearchAction\",\"target\":{\"@type\":\"EntryPoint\",\"urlTemplate\":\"https:\\\/\\\/comprardevoluciones.com\\\/?s={search_term_string}\"},\"query-input\":{\"@type\":\"PropertyValueSpecification\",\"valueRequired\":true,\"valueName\":\"search_term_string\"}}],\"inLanguage\":\"it-IT\"}]}<\/script>\n<!-- \/ Yoast SEO plugin. -->","yoast_head_json":{"title":"Caja de Electr\u00f3nica [19 productos] (sp451800320) - Comprardevoluciones - Tu tienda de Devoluciones de Amazon","robots":{"index":"noindex","follow":"follow"},"og_locale":"it_IT","og_type":"article","og_title":"Caja de Electr\u00f3nica [19 productos] (sp451800320) - Comprardevoluciones - Tu tienda de Devoluciones de Amazon","og_description":"Caja de Electr\u00f3nica sin revisar procedente de devoluciones de marketplaces   N\u00famero de productos: 19  Valor aproximado: 973.00  Porcentaje que se paga: 21% + IVA  Tiempo de entrega estimado: 3 a 7 d\u00edas  *Los precios incluyen IVA","og_url":"https:\/\/comprardevoluciones.com\/producto\/sp451800320\/","og_site_name":"Comprardevoluciones - Tu tienda de Devoluciones de Amazon","article_modified_time":"2026-05-07T07:20:02+00:00","og_image":[{"width":700,"height":700,"url":"https:\/\/comprardevoluciones.com\/wp-content\/uploads\/2026\/05\/sp451800320.jpg","type":"image\/jpeg"}],"twitter_card":"summary_large_image","twitter_misc":{"Tempo di lettura stimato":"3 minuti"},"schema":{"@context":"https:\/\/schema.org","@graph":[{"@type":"WebPage","@id":"https:\/\/comprardevoluciones.com\/producto\/sp451800320\/","url":"https:\/\/comprardevoluciones.com\/producto\/sp451800320\/","name":"Caja de Electr\u00f3nica [19 productos] (sp451800320) - Comprardevoluciones - Tu tienda de Devoluciones de Amazon","isPartOf":{"@id":"https:\/\/comprardevoluciones.com\/#website"},"primaryImageOfPage":{"@id":"https:\/\/comprardevoluciones.com\/producto\/sp451800320\/#primaryimage"},"image":{"@id":"https:\/\/comprardevoluciones.com\/producto\/sp451800320\/#primaryimage"},"thumbnailUrl":"https:\/\/comprardevoluciones.com\/wp-content\/uploads\/2026\/05\/sp451800320.jpg","datePublished":"2026-05-07T07:00:12+00:00","dateModified":"2026-05-07T07:20:02+00:00","breadcrumb":{"@id":"https:\/\/comprardevoluciones.com\/producto\/sp451800320\/#breadcrumb"},"inLanguage":"it-IT","potentialAction":[{"@type":"ReadAction","target":["https:\/\/comprardevoluciones.com\/producto\/sp451800320\/"]}]},{"@type":"ImageObject","inLanguage":"it-IT","@id":"https:\/\/comprardevoluciones.com\/producto\/sp451800320\/#primaryimage","url":"https:\/\/comprardevoluciones.com\/wp-content\/uploads\/2026\/05\/sp451800320.jpg","contentUrl":"https:\/\/comprardevoluciones.com\/wp-content\/uploads\/2026\/05\/sp451800320.jpg","width":700,"height":700},{"@type":"BreadcrumbList","@id":"https:\/\/comprardevoluciones.com\/producto\/sp451800320\/#breadcrumb","itemListElement":[{"@type":"ListItem","position":1,"name":"Portada","item":"https:\/\/comprardevoluciones.com\/it\/"},{"@type":"ListItem","position":2,"name":"Negozio","item":"https:\/\/comprardevoluciones.com\/it\/negozio\/"},{"@type":"ListItem","position":3,"name":"Caja de Electr\u00f3nica [19 productos] (sp451800320)"}]},{"@type":"WebSite","@id":"https:\/\/comprardevoluciones.com\/#website","url":"https:\/\/comprardevoluciones.com\/","name":"Comprardevoluciones - Tu tienda de Devoluciones de Amazon","description":"Consigue Stock en buen estado a un precio imbatible","potentialAction":[{"@type":"SearchAction","target":{"@type":"EntryPoint","urlTemplate":"https:\/\/comprardevoluciones.com\/?s={search_term_string}"},"query-input":{"@type":"PropertyValueSpecification","valueRequired":true,"valueName":"search_term_string"}}],"inLanguage":"it-IT"}]}},"_links":{"self":[{"href":"https:\/\/comprardevoluciones.com\/it\/wp-json\/wp\/v2\/product\/183381","targetHints":{"allow":["GET"]}}],"collection":[{"href":"https:\/\/comprardevoluciones.com\/it\/wp-json\/wp\/v2\/product"}],"about":[{"href":"https:\/\/comprardevoluciones.com\/it\/wp-json\/wp\/v2\/types\/product"}],"wp:featuredmedia":[{"embeddable":true,"href":"https:\/\/comprardevoluciones.com\/it\/wp-json\/wp\/v2\/media\/183420"}],"wp:attachment":[{"href":"https:\/\/comprardevoluciones.com\/it\/wp-json\/wp\/v2\/media?parent=183381"}],"wp:term":[{"taxonomy":"product_brand","embeddable":true,"href":"https:\/\/comprardevoluciones.com\/it\/wp-json\/wp\/v2\/product_brand?post=183381"},{"taxonomy":"product_cat","embeddable":true,"href":"https:\/\/comprardevoluciones.com\/it\/wp-json\/wp\/v2\/product_cat?post=183381"},{"taxonomy":"product_tag","embeddable":true,"href":"https:\/\/comprardevoluciones.com\/it\/wp-json\/wp\/v2\/product_tag?post=183381"}],"curies":[{"name":"wp","href":"https:\/\/api.w.org\/{rel}","templated":true}]}}