{"id":87549,"date":"2026-04-15T09:59:46","date_gmt":"2026-04-15T08:59:46","guid":{"rendered":"https:\/\/comprardevoluciones.com\/?post_type=product&#038;p=87549"},"modified":"2026-04-17T10:03:32","modified_gmt":"2026-04-17T09:03:32","slug":"spind11qhat","status":"publish","type":"product","link":"https:\/\/comprardevoluciones.com\/it\/producto\/spind11qhat\/","title":{"rendered":"Caja de Hogar [25 productos] (spInD11QHAT)"},"content":{"rendered":"<p>Descripci\u00f3n y valor aproximados<\/p>\n<table>\n<tbody>\n<tr>\n<td><strong>FUENTE<\/strong><\/td>\n<td><strong>PRODUCTO<\/strong><\/td>\n<td><strong>VALOR (\u20ac)<\/strong><\/td>\n<td><strong>PAGAS (\u20ac)<\/strong><\/td>\n<\/tr>\n<tr>\n<td>AMAZON<\/td>\n<td><a class=\"ljoptimizer\" href=\"https:\/\/www.amazon.es\/dp\/B085732P96?tag=amazon087683-21&amp;th=1\" target=\"_blank\" rel=\"nofollow noopener\">subrtex 3 Plazas Funda de Sof\u00e1 de con 3 Cojines de Asiento Separados de Alta Elasticidad para Sill\u00f3n Protector de Muebles Lavables (3 Plazas, Gris)<\/a><\/td>\n<td>68 \u20ac<\/td>\n<td>14 \u20ac<\/td>\n<\/tr>\n<tr>\n<td>AMAZON<\/td>\n<td><a class=\"ljoptimizer\" href=\"https:\/\/www.amazon.es\/dp\/B0B9G42L58?tag=amazon087683-21&amp;th=1\" target=\"_blank\" rel=\"nofollow noopener\">6L Comederos Autom\u00e1ticos para Gatos y Perros, 2.4G Wi-Fi Smart Alimentador con Control de App, Temporizador, Bolsa Desecante, Cuenco de Acero Inoxidable, Grabadora de Voz, hasta 6 Comidas al d\u00ed\u00ada<\/a><\/td>\n<td>58 \u20ac<\/td>\n<td>12 \u20ac<\/td>\n<\/tr>\n<tr>\n<td>AMAZON<\/td>\n<td><a class=\"ljoptimizer\" href=\"https:\/\/www.amazon.es\/dp\/B076GX99F7?tag=amazon087683-21&amp;th=1\" target=\"_blank\" rel=\"nofollow noopener\">Martina Home Emilia, Funda El\u00e1stica para Sof\u00e1 de 4 Plazas, Marfil, de 220 a 260 cm de ancho<\/a><\/td>\n<td>40 \u20ac<\/td>\n<td>8 \u20ac<\/td>\n<\/tr>\n<tr>\n<td>AMAZON<\/td>\n<td><a class=\"ljoptimizer\" href=\"https:\/\/www.amazon.es\/dp\/B08NDRVHW8?tag=amazon087683-21&amp;th=1\" target=\"_blank\" rel=\"nofollow noopener\">MasterChef Batidora de Mano, Brazo de Pl\u00e1stico, 2 Velocidades, Antisalpicaduras, Licuadora Profesional, Ideal para Sopa y como una Picadora de Hielo, 200W, Electrodomesticos Cocina Ultimos<\/a><\/td>\n<td>36 \u20ac<\/td>\n<td>7 \u20ac<\/td>\n<\/tr>\n<tr>\n<td>AMAZON<\/td>\n<td><a class=\"ljoptimizer\" href=\"https:\/\/www.amazon.es\/dp\/B0BHHCNZ8H?tag=amazon087683-21&amp;th=1\" target=\"_blank\" rel=\"nofollow noopener\">Philips Water Wasserfilter-Kartusche SOFTENING+, 6er-Pack, Brita-kompatibel, BIS ZU 50% WASSERH\u00ed\u201eRTE REDUZIERUNG<\/a><\/td>\n<td>34 \u20ac<\/td>\n<td>7 \u20ac<\/td>\n<\/tr>\n<tr>\n<td>AMAZON<\/td>\n<td><a class=\"ljoptimizer\" href=\"https:\/\/www.amazon.es\/dp\/B0851G5ZD6?tag=amazon087683-21&amp;th=1\" target=\"_blank\" rel=\"nofollow noopener\">Le Creuset Bol mascotas de cer\u00e1mica de gres, 0, 45 L, Volcanico, 61401020900099<\/a><\/td>\n<td>32 \u20ac<\/td>\n<td>6 \u20ac<\/td>\n<\/tr>\n<tr>\n<td>AMAZON<\/td>\n<td><a class=\"ljoptimizer\" href=\"https:\/\/www.amazon.es\/dp\/B0BMG8T8JZ?tag=amazon087683-21&amp;th=1\" target=\"_blank\" rel=\"nofollow noopener\">Todocama \u00e2\u20ac\u201c Funda n\u00f3rdica de Microfibra para edred\u00f3n de Tacto Extra Suave. (Beig &#8211; Cama 160\/180-240x220cm).<\/a><\/td>\n<td>29 \u20ac<\/td>\n<td>6 \u20ac<\/td>\n<\/tr>\n<tr>\n<td>AMAZON<\/td>\n<td><a class=\"ljoptimizer\" href=\"https:\/\/www.amazon.es\/dp\/B00P0UWA4Y?tag=amazon087683-21&amp;th=1\" target=\"_blank\" rel=\"nofollow noopener\">Ibili Churrera-M\u00e1quina de pastas-Acero Inoxidable-Incluye 13 Discos y 8 boquillas-Churros Rellenos, Aluminio, Plata, 22 cm, 21<\/a><\/td>\n<td>27 \u20ac<\/td>\n<td>6 \u20ac<\/td>\n<\/tr>\n<tr>\n<td>AMAZON<\/td>\n<td><a class=\"ljoptimizer\" href=\"https:\/\/www.amazon.es\/dp\/B0BX3QZCWC?tag=amazon087683-21&amp;th=1\" target=\"_blank\" rel=\"nofollow noopener\">COMSLE Pa\u00f1ales Perro Hembra Reutilizables 3 Packs, Pa\u00f1ales para Perros Altamente Absorbentes, Bragas Perras Menstruales Ajustables y Lavables, Braga Sanitarios para celo Perras<\/a><\/td>\n<td>20 \u20ac<\/td>\n<td>4 \u20ac<\/td>\n<\/tr>\n<tr>\n<td>AMAZON<\/td>\n<td><a class=\"ljoptimizer\" href=\"https:\/\/www.amazon.es\/dp\/B0D5J6NKXL?tag=amazon087683-21&amp;th=1\" target=\"_blank\" rel=\"nofollow noopener\">Todocama &#8211; Colcha Multiusos Sofa, Manta Foulard, Plaid para Cama, Cubresofa Cubrecama, Jarapas, Fabricado en Espa\u00f1a, Espiga. (230x260cm, Gris Claro).<\/a><\/td>\n<td>20 \u20ac<\/td>\n<td>4 \u20ac<\/td>\n<\/tr>\n<tr>\n<td>AMAZON<\/td>\n<td><a class=\"ljoptimizer\" href=\"https:\/\/www.amazon.es\/dp\/B07VNR94MR?tag=amazon087683-21&amp;th=1\" target=\"_blank\" rel=\"nofollow noopener\">rabbitgoo Arnes Gato Antiescape, Arn\u00e9s para Gato con Correa 150cm, Arnes Gato Ajustable con Reflectantes de Tela de Malla Suave y Transpirable para Caminar, Entrenar, Gato Peque\u00f1o y Mediano Negro XS<\/a><\/td>\n<td>20 \u20ac<\/td>\n<td>4 \u20ac<\/td>\n<\/tr>\n<tr>\n<td>AMAZON<\/td>\n<td><a class=\"ljoptimizer\" href=\"https:\/\/www.amazon.es\/dp\/B08XVR5FCF?tag=amazon087683-21&amp;th=1\" target=\"_blank\" rel=\"nofollow noopener\">InnovaGoods &#8211; Hebe- und Transportwerkzeug HeavEasy, 5 St\u00ed\u00bccke, Vielseitig und Ergonomisch, Bis zu 200 kg, Leicht und Robust, Gelb, Schwarz, Eisen<\/a><\/td>\n<td>19 \u20ac<\/td>\n<td>4 \u20ac<\/td>\n<\/tr>\n<tr>\n<td>AMAZON<\/td>\n<td><a class=\"ljoptimizer\" href=\"https:\/\/www.amazon.es\/dp\/B09QGHL6HH?tag=amazon087683-21&amp;th=1\" target=\"_blank\" rel=\"nofollow noopener\">Todocama \u00e2\u20ac\u201c Protector de colch\u00f3n Acolchado anti\u00e1caros con Membrana Transpirable e Impermeable y Tratamiento Sanitario. (Cama 135 x 190\/200 cm) Blanco<\/a><\/td>\n<td>19 \u20ac<\/td>\n<td>4 \u20ac<\/td>\n<\/tr>\n<tr>\n<td>AMAZON<\/td>\n<td><a class=\"ljoptimizer\" href=\"https:\/\/www.amazon.es\/dp\/B0D5J57JLF?tag=amazon087683-21&amp;th=1\" target=\"_blank\" rel=\"nofollow noopener\">Todocama &#8211; Colcha Multiusos Sofa, Manta Foulard, Plaid para Cama, Cubresofa Cubrecama, Jarapas, Fabricado en Espa\u00f1a, Lisa. (125x180cm, Beige Arena)<\/a><\/td>\n<td>17 \u20ac<\/td>\n<td>3 \u20ac<\/td>\n<\/tr>\n<tr>\n<td>AMAZON<\/td>\n<td><a class=\"ljoptimizer\" href=\"https:\/\/www.amazon.es\/dp\/B0BWHYJ4L4?tag=amazon087683-21&amp;th=1\" target=\"_blank\" rel=\"nofollow noopener\">Good Nite Funda N\u00f3rdica 2 Piezas Microfibra Juego de Funda Edredon 135 x 200 cm con 1 Funda de Almohada 80 x 80 cm Blanco Suave Transpirable<\/a><\/td>\n<td>16 \u20ac<\/td>\n<td>3 \u20ac<\/td>\n<\/tr>\n<tr>\n<td>AMAZON<\/td>\n<td><a class=\"ljoptimizer\" href=\"https:\/\/www.amazon.es\/dp\/B0BMGP9SQP?tag=amazon087683-21&amp;th=1\" target=\"_blank\" rel=\"nofollow noopener\">FactorLED Downlight LED 30W Slim, \u00ed\u02dc295x25mm, Placa Circular Empotrable, NO FLICK, Panel Redondo Extraplano 3300 l\u00famenes, Corte techo \u00ed\u02dc280mm (Luz C\u00e1lida 3000K)<\/a><\/td>\n<td>14 \u20ac<\/td>\n<td>3 \u20ac<\/td>\n<\/tr>\n<tr>\n<td>AMAZON<\/td>\n<td><a class=\"ljoptimizer\" href=\"https:\/\/www.amazon.es\/dp\/B0BMGP9SQP?tag=amazon087683-21&amp;th=1\" target=\"_blank\" rel=\"nofollow noopener\">FactorLED Downlight LED 30W Slim, \u00ed\u02dc295x25mm, Placa Circular Empotrable, NO FLICK, Panel Redondo Extraplano 3300 l\u00famenes, Corte techo \u00ed\u02dc280mm (Luz C\u00e1lida 3000K)<\/a><\/td>\n<td>14 \u20ac<\/td>\n<td>3 \u20ac<\/td>\n<\/tr>\n<tr>\n<td>AMAZON<\/td>\n<td><a class=\"ljoptimizer\" href=\"https:\/\/www.amazon.es\/dp\/B0BMGP9SQP?tag=amazon087683-21&amp;th=1\" target=\"_blank\" rel=\"nofollow noopener\">FactorLED Downlight LED 30W Slim, \u00ed\u02dc295x25mm, Placa Circular Empotrable, NO FLICK, Panel Redondo Extraplano 3300 l\u00famenes, Corte techo \u00ed\u02dc280mm (Luz C\u00e1lida 3000K)<\/a><\/td>\n<td>14 \u20ac<\/td>\n<td>3 \u20ac<\/td>\n<\/tr>\n<tr>\n<td>AMAZON<\/td>\n<td><a class=\"ljoptimizer\" href=\"https:\/\/www.amazon.es\/dp\/B073S65NM6?tag=amazon087683-21&amp;th=1\" target=\"_blank\" rel=\"nofollow noopener\">Martina Home Funda Sof\u00e1 El\u00e1stico T\u00fanez 3 Plazas Marfil 170 a 220 cm<\/a><\/td>\n<td>14 \u20ac<\/td>\n<td>3 \u20ac<\/td>\n<\/tr>\n<tr>\n<td>AMAZON<\/td>\n<td><a class=\"ljoptimizer\" href=\"https:\/\/www.amazon.es\/dp\/B075DLWL5W?tag=amazon087683-21&amp;th=1\" target=\"_blank\" rel=\"nofollow noopener\">Deconovo Cortinas Salon Dormitorio Visillos Ventana Voile Decorativo Dise\u00f1o Bonito Infantil Transl\u00facida para Sala de Estar Cocina 2 Piezas 140 x 138 cm Blanco-Estrella<\/a><\/td>\n<td>13 \u20ac<\/td>\n<td>3 \u20ac<\/td>\n<\/tr>\n<tr>\n<td>AMAZON<\/td>\n<td><a class=\"ljoptimizer\" href=\"https:\/\/www.amazon.es\/dp\/B075JHQX38?tag=amazon087683-21&amp;th=1\" target=\"_blank\" rel=\"nofollow noopener\">Utopia Bedding Juego de Sabanas 4 Piezas 150&#215;200 &#8211; Poli\u00e9ster Microfibra Cepillada &#8211; S\u00e1bana Bajera, S\u00e1bana Plana y 2 Fundas de Almohada 50&#215;75 (Cama 150, Blanco)<\/a><\/td>\n<td>13 \u20ac<\/td>\n<td>3 \u20ac<\/td>\n<\/tr>\n<tr>\n<td>AMAZON<\/td>\n<td><a class=\"ljoptimizer\" href=\"https:\/\/www.amazon.es\/dp\/B0BWHYJ4L4?tag=amazon087683-21&amp;th=1\" target=\"_blank\" rel=\"nofollow noopener\">Good Nite Bettw\u00ed\u00a4sche 135&#215;200 2 teilig Wei\u00ed\u0178 Bettw\u00ed\u00a4sche-Sets Mikrofaser Bettbezug 135&#215;200 cm + 1 Kissenbezug 80x80cm Atmungsaktiv Weich<\/a><\/td>\n<td>11 \u20ac<\/td>\n<td>2 \u20ac<\/td>\n<\/tr>\n<tr>\n<td>AMAZON<\/td>\n<td><a class=\"ljoptimizer\" href=\"https:\/\/www.amazon.es\/dp\/B0971FMWJR?tag=amazon087683-21&amp;th=1\" target=\"_blank\" rel=\"nofollow noopener\">iDesign The Home Edit Series, Organizador profundo de pl\u00e1stico reciclado con caj\u00f3n etra\u00ed\u00adble<\/a><\/td>\n<td>10 \u20ac<\/td>\n<td>2 \u20ac<\/td>\n<\/tr>\n<tr>\n<td>AMAZON<\/td>\n<td><a class=\"ljoptimizer\" href=\"https:\/\/www.amazon.es\/dp\/B07S476HYP?tag=amazon087683-21&amp;th=1\" target=\"_blank\" rel=\"nofollow noopener\">Topfinel visillos de Salon 245 Largo Blancas 2 Piezas Cortinas 140x245cm translucidadas dormitorios de riel Cortina para la habitacion pasillos Comedor y la Sala de Estar<\/a><\/td>\n<td>7 \u20ac<\/td>\n<td>1 \u20ac<\/td>\n<\/tr>\n<tr>\n<td>AMAZON<\/td>\n<td><a class=\"ljoptimizer\" href=\"https:\/\/www.amazon.es\/dp\/B08JGWTT4S?tag=amazon087683-21&amp;th=1\" target=\"_blank\" rel=\"nofollow noopener\">Utopia Bedding Funda De Almohada De Suave Microfibra Cepillada 100% Poli\u00e9ster 50 x 75 cm, Juego De 4, Fundas De Almohada Resistentes Al Encogimiento y a La Decoloraci\u00f3n Marr\u00f3n<\/a><\/td>\n<td>3 \u20ac<\/td>\n<td>1 \u20ac<\/td>\n<\/tr>\n<\/tbody>\n<\/table>\n","protected":false},"excerpt":{"rendered":"<p>Caja de Hogar sin revisar procedente de Amazon Devoluciones<\/p>\n<ul>\n<li>N\u00famero de productos: 25<\/li>\n<li>Valor aproximado: 568.00<\/li>\n<li>Porcentaje que se paga: 16% + IVA<\/li>\n<li>Tiempo de entrega estimado: 3 a 7 d\u00edas<\/li>\n<\/ul>\n<p>*Los precios incluyen IVA<\/p>\n","protected":false},"featured_media":87989,"template":"","meta":{"site-sidebar-layout":"default","site-content-layout":"","ast-site-content-layout":"default","site-content-style":"default","site-sidebar-style":"default","ast-global-header-display":"","ast-banner-title-visibility":"","ast-main-header-display":"","ast-hfb-above-header-display":"","ast-hfb-below-header-display":"","ast-hfb-mobile-header-display":"","site-post-title":"","ast-breadcrumbs-content":"","ast-featured-img":"","footer-sml-layout":"","ast-disable-related-posts":"","theme-transparent-header-meta":"default","adv-header-id-meta":"","stick-header-meta":"","header-above-stick-meta":"","header-main-stick-meta":"","header-below-stick-meta":"","astra-migrate-meta-layouts":"set","ast-page-background-enabled":"default","ast-page-background-meta":{"desktop":{"background-color":"var(--ast-global-color-4)","background-image":"","background-repeat":"repeat","background-position":"center center","background-size":"auto","background-attachment":"scroll","background-type":"","background-media":"","overlay-type":"","overlay-color":"","overlay-opacity":"","overlay-gradient":""},"tablet":{"background-color":"","background-image":"","background-repeat":"repeat","background-position":"center center","background-size":"auto","background-attachment":"scroll","background-type":"","background-media":"","overlay-type":"","overlay-color":"","overlay-opacity":"","overlay-gradient":""},"mobile":{"background-color":"","background-image":"","background-repeat":"repeat","background-position":"center center","background-size":"auto","background-attachment":"scroll","background-type":"","background-media":"","overlay-type":"","overlay-color":"","overlay-opacity":"","overlay-gradient":""}},"ast-content-background-meta":{"desktop":{"background-color":"var(--ast-global-color-5)","background-image":"","background-repeat":"repeat","background-position":"center center","background-size":"auto","background-attachment":"scroll","background-type":"","background-media":"","overlay-type":"","overlay-color":"","overlay-opacity":"","overlay-gradient":""},"tablet":{"background-color":"var(--ast-global-color-5)","background-image":"","background-repeat":"repeat","background-position":"center center","background-size":"auto","background-attachment":"scroll","background-type":"","background-media":"","overlay-type":"","overlay-color":"","overlay-opacity":"","overlay-gradient":""},"mobile":{"background-color":"var(--ast-global-color-5)","background-image":"","background-repeat":"repeat","background-position":"center center","background-size":"auto","background-attachment":"scroll","background-type":"","background-media":"","overlay-type":"","overlay-color":"","overlay-opacity":"","overlay-gradient":""}}},"product_brand":[],"product_cat":[49,43],"product_tag":[],"class_list":{"0":"post-87549","1":"product","2":"type-product","3":"status-publish","4":"has-post-thumbnail","6":"product_cat-cajas","7":"product_cat-hogar","8":"desktop-align-left","9":"tablet-align-left","10":"mobile-align-left","12":"first","13":"outofstock","14":"sale","15":"downloadable","16":"taxable","17":"shipping-taxable","18":"purchasable","19":"product-type-simple"},"yoast_head":"<!-- This site is optimized with the Yoast SEO plugin v27.2 - https:\/\/yoast.com\/product\/yoast-seo-wordpress\/ -->\n<title>Caja de Hogar [25 productos] (spInD11QHAT) - Comprardevoluciones - Tu tienda de Devoluciones de Amazon<\/title>\n<meta name=\"robots\" content=\"noindex, follow\" \/>\n<meta property=\"og:locale\" content=\"it_IT\" \/>\n<meta property=\"og:type\" content=\"article\" \/>\n<meta property=\"og:title\" content=\"Caja de Hogar [25 productos] (spInD11QHAT) - Comprardevoluciones - Tu tienda de Devoluciones de Amazon\" \/>\n<meta property=\"og:description\" content=\"Caja de Hogar sin revisar procedente de Amazon Devoluciones   N\u00famero de productos: 25  Valor aproximado: 568.00  Porcentaje que se paga: 16% + IVA  Tiempo de entrega estimado: 3 a 7 d\u00edas  *Los precios incluyen IVA\" \/>\n<meta property=\"og:url\" content=\"https:\/\/comprardevoluciones.com\/producto\/spind11qhat\/\" \/>\n<meta property=\"og:site_name\" content=\"Comprardevoluciones - Tu tienda de Devoluciones de Amazon\" \/>\n<meta property=\"article:modified_time\" content=\"2026-04-17T09:03:32+00:00\" \/>\n<meta property=\"og:image\" content=\"https:\/\/comprardevoluciones.com\/wp-content\/uploads\/2024\/12\/spInD11QHAT.jpg\" \/>\n\t<meta property=\"og:image:width\" content=\"700\" \/>\n\t<meta property=\"og:image:height\" content=\"700\" \/>\n\t<meta property=\"og:image:type\" content=\"image\/jpeg\" \/>\n<meta name=\"twitter:card\" content=\"summary_large_image\" \/>\n<meta name=\"twitter:label1\" content=\"Tempo di lettura stimato\" \/>\n\t<meta name=\"twitter:data1\" content=\"4 minuti\" \/>\n<script type=\"application\/ld+json\" class=\"yoast-schema-graph\">{\"@context\":\"https:\/\/schema.org\",\"@graph\":[{\"@type\":\"WebPage\",\"@id\":\"https:\/\/comprardevoluciones.com\/producto\/spind11qhat\/\",\"url\":\"https:\/\/comprardevoluciones.com\/producto\/spind11qhat\/\",\"name\":\"Caja de Hogar [25 productos] (spInD11QHAT) - Comprardevoluciones - Tu tienda de Devoluciones de Amazon\",\"isPartOf\":{\"@id\":\"https:\/\/comprardevoluciones.com\/#website\"},\"primaryImageOfPage\":{\"@id\":\"https:\/\/comprardevoluciones.com\/producto\/spind11qhat\/#primaryimage\"},\"image\":{\"@id\":\"https:\/\/comprardevoluciones.com\/producto\/spind11qhat\/#primaryimage\"},\"thumbnailUrl\":\"https:\/\/comprardevoluciones.com\/wp-content\/uploads\/2024\/12\/spInD11QHAT.jpg\",\"datePublished\":\"2026-04-15T08:59:46+00:00\",\"dateModified\":\"2026-04-17T09:03:32+00:00\",\"breadcrumb\":{\"@id\":\"https:\/\/comprardevoluciones.com\/producto\/spind11qhat\/#breadcrumb\"},\"inLanguage\":\"it-IT\",\"potentialAction\":[{\"@type\":\"ReadAction\",\"target\":[\"https:\/\/comprardevoluciones.com\/producto\/spind11qhat\/\"]}]},{\"@type\":\"ImageObject\",\"inLanguage\":\"it-IT\",\"@id\":\"https:\/\/comprardevoluciones.com\/producto\/spind11qhat\/#primaryimage\",\"url\":\"https:\/\/comprardevoluciones.com\/wp-content\/uploads\/2024\/12\/spInD11QHAT.jpg\",\"contentUrl\":\"https:\/\/comprardevoluciones.com\/wp-content\/uploads\/2024\/12\/spInD11QHAT.jpg\",\"width\":700,\"height\":700},{\"@type\":\"BreadcrumbList\",\"@id\":\"https:\/\/comprardevoluciones.com\/producto\/spind11qhat\/#breadcrumb\",\"itemListElement\":[{\"@type\":\"ListItem\",\"position\":1,\"name\":\"Portada\",\"item\":\"https:\/\/comprardevoluciones.com\/it\/\"},{\"@type\":\"ListItem\",\"position\":2,\"name\":\"Negozio\",\"item\":\"https:\/\/comprardevoluciones.com\/it\/negozio\/\"},{\"@type\":\"ListItem\",\"position\":3,\"name\":\"Caja de Hogar [25 productos] (spInD11QHAT)\"}]},{\"@type\":\"WebSite\",\"@id\":\"https:\/\/comprardevoluciones.com\/#website\",\"url\":\"https:\/\/comprardevoluciones.com\/\",\"name\":\"Comprardevoluciones - Tu tienda de Devoluciones de Amazon\",\"description\":\"Consigue Stock en buen estado a un precio imbatible\",\"potentialAction\":[{\"@type\":\"SearchAction\",\"target\":{\"@type\":\"EntryPoint\",\"urlTemplate\":\"https:\/\/comprardevoluciones.com\/?s={search_term_string}\"},\"query-input\":{\"@type\":\"PropertyValueSpecification\",\"valueRequired\":true,\"valueName\":\"search_term_string\"}}],\"inLanguage\":\"it-IT\"}]}<\/script>\n<!-- \/ Yoast SEO plugin. -->","yoast_head_json":{"title":"Caja de Hogar [25 productos] (spInD11QHAT) - Comprardevoluciones - Tu tienda de Devoluciones de Amazon","robots":{"index":"noindex","follow":"follow"},"og_locale":"it_IT","og_type":"article","og_title":"Caja de Hogar [25 productos] (spInD11QHAT) - Comprardevoluciones - Tu tienda de Devoluciones de Amazon","og_description":"Caja de Hogar sin revisar procedente de Amazon Devoluciones   N\u00famero de productos: 25  Valor aproximado: 568.00  Porcentaje que se paga: 16% + IVA  Tiempo de entrega estimado: 3 a 7 d\u00edas  *Los precios incluyen IVA","og_url":"https:\/\/comprardevoluciones.com\/producto\/spind11qhat\/","og_site_name":"Comprardevoluciones - Tu tienda de Devoluciones de Amazon","article_modified_time":"2026-04-17T09:03:32+00:00","og_image":[{"width":700,"height":700,"url":"https:\/\/comprardevoluciones.com\/wp-content\/uploads\/2024\/12\/spInD11QHAT.jpg","type":"image\/jpeg"}],"twitter_card":"summary_large_image","twitter_misc":{"Tempo di lettura stimato":"4 minuti"},"schema":{"@context":"https:\/\/schema.org","@graph":[{"@type":"WebPage","@id":"https:\/\/comprardevoluciones.com\/producto\/spind11qhat\/","url":"https:\/\/comprardevoluciones.com\/producto\/spind11qhat\/","name":"Caja de Hogar [25 productos] (spInD11QHAT) - Comprardevoluciones - Tu tienda de Devoluciones de Amazon","isPartOf":{"@id":"https:\/\/comprardevoluciones.com\/#website"},"primaryImageOfPage":{"@id":"https:\/\/comprardevoluciones.com\/producto\/spind11qhat\/#primaryimage"},"image":{"@id":"https:\/\/comprardevoluciones.com\/producto\/spind11qhat\/#primaryimage"},"thumbnailUrl":"https:\/\/comprardevoluciones.com\/wp-content\/uploads\/2024\/12\/spInD11QHAT.jpg","datePublished":"2026-04-15T08:59:46+00:00","dateModified":"2026-04-17T09:03:32+00:00","breadcrumb":{"@id":"https:\/\/comprardevoluciones.com\/producto\/spind11qhat\/#breadcrumb"},"inLanguage":"it-IT","potentialAction":[{"@type":"ReadAction","target":["https:\/\/comprardevoluciones.com\/producto\/spind11qhat\/"]}]},{"@type":"ImageObject","inLanguage":"it-IT","@id":"https:\/\/comprardevoluciones.com\/producto\/spind11qhat\/#primaryimage","url":"https:\/\/comprardevoluciones.com\/wp-content\/uploads\/2024\/12\/spInD11QHAT.jpg","contentUrl":"https:\/\/comprardevoluciones.com\/wp-content\/uploads\/2024\/12\/spInD11QHAT.jpg","width":700,"height":700},{"@type":"BreadcrumbList","@id":"https:\/\/comprardevoluciones.com\/producto\/spind11qhat\/#breadcrumb","itemListElement":[{"@type":"ListItem","position":1,"name":"Portada","item":"https:\/\/comprardevoluciones.com\/it\/"},{"@type":"ListItem","position":2,"name":"Negozio","item":"https:\/\/comprardevoluciones.com\/it\/negozio\/"},{"@type":"ListItem","position":3,"name":"Caja de Hogar [25 productos] (spInD11QHAT)"}]},{"@type":"WebSite","@id":"https:\/\/comprardevoluciones.com\/#website","url":"https:\/\/comprardevoluciones.com\/","name":"Comprardevoluciones - Tu tienda de Devoluciones de Amazon","description":"Consigue Stock en buen estado a un precio imbatible","potentialAction":[{"@type":"SearchAction","target":{"@type":"EntryPoint","urlTemplate":"https:\/\/comprardevoluciones.com\/?s={search_term_string}"},"query-input":{"@type":"PropertyValueSpecification","valueRequired":true,"valueName":"search_term_string"}}],"inLanguage":"it-IT"}]}},"_links":{"self":[{"href":"https:\/\/comprardevoluciones.com\/it\/wp-json\/wp\/v2\/product\/87549","targetHints":{"allow":["GET"]}}],"collection":[{"href":"https:\/\/comprardevoluciones.com\/it\/wp-json\/wp\/v2\/product"}],"about":[{"href":"https:\/\/comprardevoluciones.com\/it\/wp-json\/wp\/v2\/types\/product"}],"wp:featuredmedia":[{"embeddable":true,"href":"https:\/\/comprardevoluciones.com\/it\/wp-json\/wp\/v2\/media\/87989"}],"wp:attachment":[{"href":"https:\/\/comprardevoluciones.com\/it\/wp-json\/wp\/v2\/media?parent=87549"}],"wp:term":[{"taxonomy":"product_brand","embeddable":true,"href":"https:\/\/comprardevoluciones.com\/it\/wp-json\/wp\/v2\/product_brand?post=87549"},{"taxonomy":"product_cat","embeddable":true,"href":"https:\/\/comprardevoluciones.com\/it\/wp-json\/wp\/v2\/product_cat?post=87549"},{"taxonomy":"product_tag","embeddable":true,"href":"https:\/\/comprardevoluciones.com\/it\/wp-json\/wp\/v2\/product_tag?post=87549"}],"curies":[{"name":"wp","href":"https:\/\/api.w.org\/{rel}","templated":true}]}}