{"id":101117,"date":"2026-02-25T10:59:32","date_gmt":"2026-02-25T09:59:32","guid":{"rendered":"https:\/\/comprardevoluciones.com\/?post_type=product&#038;p=101117"},"modified":"2026-02-25T10:27:13","modified_gmt":"2026-02-25T09:27:13","slug":"dsv25000855","status":"publish","type":"product","link":"https:\/\/comprardevoluciones.com\/pt-pt\/producto\/dsv25000855\/","title":{"rendered":"Pal\u00e9 de Cuidado Personal [34 productos] (DSV25000855)"},"content":{"rendered":"<p>Descripci\u00f3n y valor aproximados<\/p>\n<table>\n<tbody>\n<tr>\n<td><strong>FUENTE<\/strong><\/td>\n<td><strong>PRODUCTO<\/strong><\/td>\n<td><strong>VALOR (\u20ac)<\/strong><\/td>\n<td><strong>PAGAS (\u20ac)<\/strong><\/td>\n<\/tr>\n<tr>\n<td>AMAZON<\/td>\n<td><a class=\"ljoptimizer\" href=\"https:\/\/www.amazon.es\/dp\/B08J8XMFQN?tag=amazon087683-21&amp;th=1\" target=\"_blank\" rel=\"nofollow noopener\">Imetec Scaldasonno Adapto maxi coprimaterasso matrimoniale 195 x 165 cm, Basso consumo, Riscaldamento rapido, Temperatura personalizzata, 100% lana e merino, Doppio comando, 6 temperature<\/a><\/td>\n<td>203 \u20ac<\/td>\n<td>47 \u20ac<\/td>\n<\/tr>\n<tr>\n<td>AMAZON<\/td>\n<td><a class=\"ljoptimizer\" href=\"https:\/\/www.amazon.es\/dp\/B07Y8GCMLG?tag=amazon087683-21&amp;th=1\" target=\"_blank\" rel=\"nofollow noopener\">Imetec Adapto Scaldasonno Matrimoniale 150&#215;160 &#8211; Scaldaletto Elettrico 100% Lana Merino, Basso Consumo, 2 zone di riscaldamento separate, Timer Autospegnimento, Massima Sicurezza, Made in Italy<\/a><\/td>\n<td>167 \u20ac<\/td>\n<td>38 \u20ac<\/td>\n<\/tr>\n<tr>\n<td>AMAZON<\/td>\n<td><a class=\"ljoptimizer\" href=\"https:\/\/www.amazon.es\/dp\/B0CHSFW66S?tag=amazon087683-21&amp;th=1\" target=\"_blank\" rel=\"nofollow noopener\">Imetec Scaldasonno Adapto Recreo, Matrimoniale 150 x 160 cm, Riscaldamento Rapido, Temperatura Costante e Personalizzata, Tessuto Anallergico Riciclato Lavabile, 2 comandi 6 Temperature, Made in Italy<\/a><\/td>\n<td>165 \u20ac<\/td>\n<td>38 \u20ac<\/td>\n<\/tr>\n<tr>\n<td>AMAZON<\/td>\n<td><a class=\"ljoptimizer\" href=\"https:\/\/www.amazon.es\/dp\/B07FPCV87K?tag=amazon087683-21&amp;th=1\" target=\"_blank\" rel=\"nofollow noopener\">Mobiclinic\u00c2\u00ae, Deambulatore per anziani, Pieghevole, Leggero, Augusto, Alluminio, Con cestino, Regolabile, Gambe e maniglie regolabili, Marchio europeo, Seduta 4 ruote, Adulti o disabili<\/a><\/td>\n<td>110 \u20ac<\/td>\n<td>25 \u20ac<\/td>\n<\/tr>\n<tr>\n<td>AMAZON<\/td>\n<td><a class=\"ljoptimizer\" href=\"https:\/\/www.amazon.es\/dp\/B07F9PRTYR?tag=amazon087683-21&amp;th=1\" target=\"_blank\" rel=\"nofollow noopener\">Snailax Sedile Massaggiante Shiatsu Massaggiatore Schiena con Calore Seduta Massaggiante a Vibrazione Massaggiatore Elettrico a Casa o in Ufficio<\/a><\/td>\n<td>102 \u20ac<\/td>\n<td>23 \u20ac<\/td>\n<\/tr>\n<tr>\n<td>AMAZON<\/td>\n<td><a class=\"ljoptimizer\" href=\"https:\/\/www.amazon.es\/dp\/B07YSD6R6C?tag=amazon087683-21&amp;th=1\" target=\"_blank\" rel=\"nofollow noopener\">Snailax Tappetino Massaggiante con Calore &#8211; Letto Massaggiante con 10 Motori Massaggio Vibrante e 2 Cuscinetti Riscaldanti per Schiena, Materasso Massaggiante per Tutto il Corpo<\/a><\/td>\n<td>99 \u20ac<\/td>\n<td>23 \u20ac<\/td>\n<\/tr>\n<tr>\n<td>AMAZON<\/td>\n<td><a class=\"ljoptimizer\" href=\"https:\/\/www.amazon.es\/dp\/B00K6MR6JK?tag=amazon087683-21&amp;th=1\" target=\"_blank\" rel=\"nofollow noopener\">Imetec Scaldasonno Matrimoniale alla francese, 150 x 137 cm, 2 Comandi con 2 Temperature, Tessuto Trapuntato, Lavabile a Mano e in Lavatrice a 30\u00c2\u00b0C, Made in Italy<\/a><\/td>\n<td>90 \u20ac<\/td>\n<td>21 \u20ac<\/td>\n<\/tr>\n<tr>\n<td>AMAZON<\/td>\n<td><a class=\"ljoptimizer\" href=\"https:\/\/www.amazon.es\/dp\/B07Y8GQMP5?tag=amazon087683-21&amp;th=1\" target=\"_blank\" rel=\"nofollow noopener\">Imetec Scaldasonno Adapto singolo 150 x 80 cm, basso consumo, riscaldamento rapido, temperatura personalizzata, 100% lana e merino, made in italy, tessuto antiscivolo, comando con 6 temperature<\/a><\/td>\n<td>85 \u20ac<\/td>\n<td>20 \u20ac<\/td>\n<\/tr>\n<tr>\n<td>AMAZON<\/td>\n<td><a class=\"ljoptimizer\" href=\"https:\/\/www.amazon.es\/dp\/B07Y8FZ6GJ?tag=amazon087683-21&amp;th=1\" target=\"_blank\" rel=\"nofollow noopener\">Imetec Scaldasonno Adapto singolo 150 x 80 cm, Riscaldamento rapido, Temperatura costante e personalizzata, Tessuto trapuntato anallergico, Made in Italy, Comando con 6 temperature<\/a><\/td>\n<td>85 \u20ac<\/td>\n<td>20 \u20ac<\/td>\n<\/tr>\n<tr>\n<td>AMAZON<\/td>\n<td><a class=\"ljoptimizer\" href=\"https:\/\/www.amazon.es\/dp\/B07Y8FZ6GJ?tag=amazon087683-21&amp;th=1\" target=\"_blank\" rel=\"nofollow noopener\">Imetec Scaldasonno Adapto singolo 150 x 80 cm, Riscaldamento rapido, Temperatura costante e personalizzata, Tessuto trapuntato anallergico, Made in Italy, Comando con 6 temperature<\/a><\/td>\n<td>85 \u20ac<\/td>\n<td>20 \u20ac<\/td>\n<\/tr>\n<tr>\n<td>AMAZON<\/td>\n<td><a class=\"ljoptimizer\" href=\"https:\/\/www.amazon.es\/dp\/B0DHR5ZTDJ?tag=amazon087683-21&amp;th=1\" target=\"_blank\" rel=\"nofollow noopener\">Reverso de Rowenta, Secador de Pelo y Cepillo de Aire Caliente 2 en 1, Peinado y Secado, Cambio con un Click, Funci\u00c3\u00b3n Care, CF9820F0<\/a><\/td>\n<td>80 \u20ac<\/td>\n<td>18 \u20ac<\/td>\n<\/tr>\n<tr>\n<td>AMAZON<\/td>\n<td><a class=\"ljoptimizer\" href=\"https:\/\/www.amazon.es\/dp\/B07Y8GR1WS?tag=amazon087683-21&amp;th=1\" target=\"_blank\" rel=\"nofollow noopener\">Imetec Scaldasonno Adapto singolo 150 x 80 cm, Basso consumo, Tecnologia brevettata, Riscaldamento rapido, Temperatura personalizzata, 100% cotone, Made in italy, Comando con 6 temperature<\/a><\/td>\n<td>80 \u20ac<\/td>\n<td>18 \u20ac<\/td>\n<\/tr>\n<tr>\n<td>AMAZON<\/td>\n<td><a class=\"ljoptimizer\" href=\"https:\/\/www.amazon.es\/dp\/B07Y8GR1WS?tag=amazon087683-21&amp;th=1\" target=\"_blank\" rel=\"nofollow noopener\">Imetec Scaldasonno Adapto singolo 150 x 80 cm, Basso consumo, Tecnologia brevettata, Riscaldamento rapido, Temperatura personalizzata, 100% cotone, Made in italy, Comando con 6 temperature<\/a><\/td>\n<td>80 \u20ac<\/td>\n<td>18 \u20ac<\/td>\n<\/tr>\n<tr>\n<td>AMAZON<\/td>\n<td><a class=\"ljoptimizer\" href=\"https:\/\/www.amazon.es\/dp\/B07Y8GR1WS?tag=amazon087683-21&amp;th=1\" target=\"_blank\" rel=\"nofollow noopener\">Imetec Scaldasonno Adapto singolo 150 x 80 cm, Basso consumo, Tecnologia brevettata, Riscaldamento rapido, Temperatura personalizzata, 100% cotone, Made in italy, Comando con 6 temperature<\/a><\/td>\n<td>80 \u20ac<\/td>\n<td>18 \u20ac<\/td>\n<\/tr>\n<tr>\n<td>AMAZON<\/td>\n<td><a class=\"ljoptimizer\" href=\"https:\/\/www.amazon.es\/dp\/B0BLCXY3J8?tag=amazon087683-21&amp;th=1\" target=\"_blank\" rel=\"nofollow noopener\">Imetec CaldoPlaid Elegance, Plaid Riscaldabile, Morbida Coperta Elettrica, 180&#215;140 cm, Tessuto Double Face, Risparmio Energetico, Tecnologia Adapto, Rapido Riscaldamento, 6 Temperature, Lavabile<\/a><\/td>\n<td>79 \u20ac<\/td>\n<td>18 \u20ac<\/td>\n<\/tr>\n<tr>\n<td>AMAZON<\/td>\n<td><a class=\"ljoptimizer\" href=\"https:\/\/www.amazon.es\/dp\/B0BLCXY3J8?tag=amazon087683-21&amp;th=1\" target=\"_blank\" rel=\"nofollow noopener\">Imetec CaldoPlaid Elegance, Plaid Riscaldabile, Morbida Coperta Elettrica, 180&#215;140 cm, Tessuto Double Face, Risparmio Energetico, Tecnologia Adapto, Rapido Riscaldamento, 6 Temperature, Lavabile<\/a><\/td>\n<td>79 \u20ac<\/td>\n<td>18 \u20ac<\/td>\n<\/tr>\n<tr>\n<td>AMAZON<\/td>\n<td><a class=\"ljoptimizer\" href=\"https:\/\/www.amazon.es\/dp\/B00GO4MGJE?tag=amazon087683-21&amp;th=1\" target=\"_blank\" rel=\"nofollow noopener\">AUTONOMIE ET BIEN ETRE Coussin Releveur Hydraulique Confortable Coussin Id\u00c3\u00a9al Chaise\/Si\u00c3\u00a8ge\/Canap\u00c3\u00a9 pour Personnes Ag\u00c3\u00a9es\/Handicap\u00c3\u00a9es, Noir, 1 Unit\u00c3\u00a9 (Lot de 1)<\/a><\/td>\n<td>78 \u20ac<\/td>\n<td>18 \u20ac<\/td>\n<\/tr>\n<tr>\n<td>AMAZON<\/td>\n<td><a class=\"ljoptimizer\" href=\"https:\/\/www.amazon.es\/dp\/B0BTQ4G4W2?tag=amazon087683-21&amp;th=1\" target=\"_blank\" rel=\"nofollow noopener\">Pampers Baby Dry Fit Prime Maxi, 200 Pannolini, Taglia 4 (7-18 kg)<\/a><\/td>\n<td>77 \u20ac<\/td>\n<td>18 \u20ac<\/td>\n<\/tr>\n<tr>\n<td>AMAZON<\/td>\n<td><a class=\"ljoptimizer\" href=\"https:\/\/www.amazon.es\/dp\/B0056BZZDA?tag=amazon087683-21&amp;th=1\" target=\"_blank\" rel=\"nofollow noopener\">Imetec Scaldasonno Singolo 150&#215;80 cm, Basso Consumo, 50% Lana e Merino, 2 Temperature, Dispositivo Sicurezza Electro Block, Made in Italy<\/a><\/td>\n<td>75 \u20ac<\/td>\n<td>17 \u20ac<\/td>\n<\/tr>\n<tr>\n<td>AMAZON<\/td>\n<td><a class=\"ljoptimizer\" href=\"https:\/\/www.amazon.es\/dp\/B0056BZZDA?tag=amazon087683-21&amp;th=1\" target=\"_blank\" rel=\"nofollow noopener\">Imetec Scaldasonno Singolo 150&#215;80 cm, Basso Consumo, 50% Lana e Merino, 2 Temperature, Dispositivo Sicurezza Electro Block, Made in Italy<\/a><\/td>\n<td>75 \u20ac<\/td>\n<td>17 \u20ac<\/td>\n<\/tr>\n<tr>\n<td>AMAZON<\/td>\n<td><a class=\"ljoptimizer\" href=\"https:\/\/www.amazon.es\/dp\/B071XWK1HX?tag=amazon087683-21&amp;th=1\" target=\"_blank\" rel=\"nofollow noopener\">Mobiclinic, Tavolino ausiliario, Con ruote, Meseta, Regolabile in altezza, Per letto e divano, Ausilio anziani, Antigraffio, Bordo di contenimento, Elevabile, Accaio legno<\/a><\/td>\n<td>74 \u20ac<\/td>\n<td>17 \u20ac<\/td>\n<\/tr>\n<tr>\n<td>AMAZON<\/td>\n<td><a class=\"ljoptimizer\" href=\"https:\/\/www.amazon.es\/dp\/B0BP62FP33?tag=amazon087683-21&amp;th=1\" target=\"_blank\" rel=\"nofollow noopener\">COMFIER Materassino Massaggiante con Calore &#8211; Tappetino Massaggiante Elettrico con 10 Motori a Vibrazione e 2 Cuscinetti Riscaldanti, Seduta Massaggiante per Alleviare il Mal di Schiena<\/a><\/td>\n<td>68 \u20ac<\/td>\n<td>16 \u20ac<\/td>\n<\/tr>\n<tr>\n<td>AMAZON<\/td>\n<td><a class=\"ljoptimizer\" href=\"https:\/\/www.amazon.es\/dp\/B00A9269R2?tag=amazon087683-21&amp;th=1\" target=\"_blank\" rel=\"nofollow noopener\">Imetec Scaldasonno Singolo, 150 x 80 cm, Comando 2 Temperature, Tessuto Trapuntato, Lavabile a Mano e in Lavatrice a 30\u00c2\u00b0C, Made in Italy<\/a><\/td>\n<td>68 \u20ac<\/td>\n<td>16 \u20ac<\/td>\n<\/tr>\n<tr>\n<td>AMAZON<\/td>\n<td><a class=\"ljoptimizer\" href=\"https:\/\/www.amazon.es\/dp\/B00NSW4AXA?tag=amazon087683-21&amp;th=1\" target=\"_blank\" rel=\"nofollow noopener\">Beurer BY 80 Bilancia Pesaneonati, Funzione Fermo-Pesata Automatica o Manuale per Maggiore Precisione, Display grande, Superficie di Appoggio Curva, Piedini antiscivolo, colore Bianco<\/a><\/td>\n<td>60 \u20ac<\/td>\n<td>14 \u20ac<\/td>\n<\/tr>\n<tr>\n<td>AMAZON<\/td>\n<td><a class=\"ljoptimizer\" href=\"https:\/\/www.amazon.es\/dp\/B07VQWLP9H?tag=amazon087683-21&amp;th=1\" target=\"_blank\" rel=\"nofollow noopener\">AIESI\u00c2\u00ae Asta per flebo in ACCIAIO INOX con 4 ganci in plastica e ruote piroettanti con freno, omaggio 2 supporti reggiflacone da 100 ml, Garanzia Italia 24 mesi<\/a><\/td>\n<td>49 \u20ac<\/td>\n<td>11 \u20ac<\/td>\n<\/tr>\n<tr>\n<td>AMAZON<\/td>\n<td><a class=\"ljoptimizer\" href=\"https:\/\/www.amazon.es\/dp\/B0DM56WD6K?tag=amazon087683-21&amp;th=1\" target=\"_blank\" rel=\"nofollow noopener\">VEVOR Stampelle Ascellari, Stampelle da Passeggio in Altezza Regolabile 13 Livelli, con Cuscinetto Ascellare Morbido per Disabili Adulti e Adolescenti, Stampelle in Alluminio Leggere, 1 Paio 136 kg<\/a><\/td>\n<td>46 \u20ac<\/td>\n<td>11 \u20ac<\/td>\n<\/tr>\n<tr>\n<td>AMAZON<\/td>\n<td><a class=\"ljoptimizer\" href=\"https:\/\/www.amazon.es\/dp\/B07FPHCSL4?tag=amazon087683-21&amp;th=1\" target=\"_blank\" rel=\"nofollow noopener\">Mobiclinic, Rialzo wc per anziani, 14 cm, Tit\u00c3\u00a1n, Marchio europeo, Alza water, Con coperchio, Mobilit\u00c3\u00a0 ridotta, Disabili, Sistema di fissaggio laterale, Ausili, Bianco<\/a><\/td>\n<td>43 \u20ac<\/td>\n<td>10 \u20ac<\/td>\n<\/tr>\n<tr>\n<td>AMAZON<\/td>\n<td><a class=\"ljoptimizer\" href=\"https:\/\/www.amazon.es\/dp\/B07FPHCSL4?tag=amazon087683-21&amp;th=1\" target=\"_blank\" rel=\"nofollow noopener\">Mobiclinic, Rialzo wc per anziani, 14 cm, Tit\u00c3\u00a1n, Marchio europeo, Alza water, Con coperchio, Mobilit\u00c3\u00a0 ridotta, Disabili, Sistema di fissaggio laterale, Ausili, Bianco<\/a><\/td>\n<td>43 \u20ac<\/td>\n<td>10 \u20ac<\/td>\n<\/tr>\n<tr>\n<td>AMAZON<\/td>\n<td><a class=\"ljoptimizer\" href=\"https:\/\/www.amazon.es\/dp\/B0B69798PQ?tag=amazon087683-21&amp;th=1\" target=\"_blank\" rel=\"nofollow noopener\">Lines Specialist Pannolone a Mutandina Maxi Plus per Incontinenza Donna e Uomo, Alta Protezione fino a 12 ore, Zero Odore, Taglia L, Scorta Mensile, Confezione da 48 Unit\u00c3\u00a0<\/a><\/td>\n<td>41 \u20ac<\/td>\n<td>9 \u20ac<\/td>\n<\/tr>\n<tr>\n<td>AMAZON<\/td>\n<td><a class=\"ljoptimizer\" href=\"https:\/\/www.amazon.es\/dp\/B0BMY18ZT3?tag=amazon087683-21&amp;th=1\" target=\"_blank\" rel=\"nofollow noopener\">IASI traverse letto 60&#215;90 Fresh, Assorbenza Maxi Plus, tecnologia &#8216;odour control&#8217; con delicata profumazione, 90 Unit\u00c3\u00a0<\/a><\/td>\n<td>40 \u20ac<\/td>\n<td>9 \u20ac<\/td>\n<\/tr>\n<tr>\n<td>AMAZON<\/td>\n<td><a class=\"ljoptimizer\" href=\"https:\/\/www.amazon.es\/dp\/B071Z3VSGR?tag=amazon087683-21&amp;th=1\" target=\"_blank\" rel=\"nofollow noopener\">B\u00c3\u00a9quille auxiliaire, R\u00c3\u00a9glable en Hauteur, Aluminium, pour Jeune Entre 93 et 113 cm, 1 unit\u00c3\u00a9<\/a><\/td>\n<td>37 \u20ac<\/td>\n<td>9 \u20ac<\/td>\n<\/tr>\n<tr>\n<td>AMAZON<\/td>\n<td><a class=\"ljoptimizer\" href=\"https:\/\/www.amazon.es\/dp\/B01LSR8OWO?tag=amazon087683-21&amp;th=1\" target=\"_blank\" rel=\"nofollow noopener\">Salter 195 WHKR Bilancia pesapersone meccanica con ago, Doctor&#8217;s Style, design retr\u00c3\u00b2, con quadrante analogico di facile lettura, senza batteria, capacit\u00c3\u00a0 150 kg, pesa solo in kg, nero\/bianco<\/a><\/td>\n<td>33 \u20ac<\/td>\n<td>8 \u20ac<\/td>\n<\/tr>\n<tr>\n<td>AMAZON<\/td>\n<td><a class=\"ljoptimizer\" href=\"https:\/\/www.amazon.es\/dp\/B088G4HYSN?tag=amazon087683-21&amp;th=1\" target=\"_blank\" rel=\"nofollow noopener\">Swiffer WetJet Complet Balai Kit, 5 Lingettes + 1 Nettoyant Liquide + 2 Piles, Lingette Retient la Poussi\u00c3\u00a8re et la Salet\u00c3\u00a9<\/a><\/td>\n<td>30 \u20ac<\/td>\n<td>7 \u20ac<\/td>\n<\/tr>\n<tr>\n<td>AMAZON<\/td>\n<td><a class=\"ljoptimizer\" href=\"https:\/\/www.amazon.es\/dp\/B09JGMD4RD?tag=amazon087683-21&amp;th=1\" target=\"_blank\" rel=\"nofollow noopener\">e-wiwa Rialzo WC, H10 cm, con sistema di fissaggio laterale, leggero, sanificabile, portata 200 Kg<\/a><\/td>\n<td>23 \u20ac<\/td>\n<td>5 \u20ac<\/td>\n<\/tr>\n<\/tbody>\n<\/table>\n","protected":false},"excerpt":{"rendered":"<p>Pal\u00e9 de Cuidado Personal sin revisar procedente de Amazon Devoluciones<\/p>\n<ul>\n<li>N\u00famero de productos: 34<\/li>\n<li>Valor aproximado: 2629.00<\/li>\n<li>Porcentaje que se paga: 19% + IVA<\/li>\n<li>Tiempo de entrega estimado: 3 a 7 d\u00edas<\/li>\n<\/ul>\n<p>*Los precios incluyen IVA<\/p>\n","protected":false},"featured_media":101136,"template":"","meta":{"site-sidebar-layout":"default","site-content-layout":"","ast-site-content-layout":"default","site-content-style":"default","site-sidebar-style":"default","ast-global-header-display":"","ast-banner-title-visibility":"","ast-main-header-display":"","ast-hfb-above-header-display":"","ast-hfb-below-header-display":"","ast-hfb-mobile-header-display":"","site-post-title":"","ast-breadcrumbs-content":"","ast-featured-img":"","footer-sml-layout":"","ast-disable-related-posts":"","theme-transparent-header-meta":"default","adv-header-id-meta":"","stick-header-meta":"","header-above-stick-meta":"","header-main-stick-meta":"","header-below-stick-meta":"","astra-migrate-meta-layouts":"set","ast-page-background-enabled":"default","ast-page-background-meta":{"desktop":{"background-color":"var(--ast-global-color-4)","background-image":"","background-repeat":"repeat","background-position":"center center","background-size":"auto","background-attachment":"scroll","background-type":"","background-media":"","overlay-type":"","overlay-color":"","overlay-opacity":"","overlay-gradient":""},"tablet":{"background-color":"","background-image":"","background-repeat":"repeat","background-position":"center center","background-size":"auto","background-attachment":"scroll","background-type":"","background-media":"","overlay-type":"","overlay-color":"","overlay-opacity":"","overlay-gradient":""},"mobile":{"background-color":"","background-image":"","background-repeat":"repeat","background-position":"center center","background-size":"auto","background-attachment":"scroll","background-type":"","background-media":"","overlay-type":"","overlay-color":"","overlay-opacity":"","overlay-gradient":""}},"ast-content-background-meta":{"desktop":{"background-color":"var(--ast-global-color-5)","background-image":"","background-repeat":"repeat","background-position":"center center","background-size":"auto","background-attachment":"scroll","background-type":"","background-media":"","overlay-type":"","overlay-color":"","overlay-opacity":"","overlay-gradient":""},"tablet":{"background-color":"var(--ast-global-color-5)","background-image":"","background-repeat":"repeat","background-position":"center center","background-size":"auto","background-attachment":"scroll","background-type":"","background-media":"","overlay-type":"","overlay-color":"","overlay-opacity":"","overlay-gradient":""},"mobile":{"background-color":"var(--ast-global-color-5)","background-image":"","background-repeat":"repeat","background-position":"center center","background-size":"auto","background-attachment":"scroll","background-type":"","background-media":"","overlay-type":"","overlay-color":"","overlay-opacity":"","overlay-gradient":""}}},"product_brand":[],"product_cat":[50,65],"product_tag":[],"class_list":{"0":"post-101117","1":"product","2":"type-product","3":"status-publish","4":"has-post-thumbnail","6":"product_cat-cuidado-personal","7":"product_cat-pales","8":"product_shipping_class-pale","9":"desktop-align-left","10":"tablet-align-left","11":"mobile-align-left","13":"first","14":"instock","15":"sale","16":"downloadable","17":"taxable","18":"shipping-taxable","19":"purchasable","20":"product-type-simple"},"yoast_head":"<!-- This site is optimized with the Yoast SEO plugin v27.2 - https:\/\/yoast.com\/product\/yoast-seo-wordpress\/ -->\n<title>Pal\u00e9 de Cuidado Personal [34 productos] (DSV25000855) - Comprardevoluciones - Tu tienda de Devoluciones de Amazon<\/title>\n<meta name=\"robots\" content=\"noindex, follow\" \/>\n<meta property=\"og:locale\" content=\"pt_PT\" \/>\n<meta property=\"og:type\" content=\"article\" \/>\n<meta property=\"og:title\" content=\"Pal\u00e9 de Cuidado Personal [34 productos] (DSV25000855) - Comprardevoluciones - Tu tienda de Devoluciones de Amazon\" \/>\n<meta property=\"og:description\" content=\"Pal\u00e9 de Cuidado Personal sin revisar procedente de Amazon Devoluciones   N\u00famero de productos: 34  Valor aproximado: 2629.00  Porcentaje que se paga: 19% + IVA  Tiempo de entrega estimado: 3 a 7 d\u00edas  *Los precios incluyen IVA\" \/>\n<meta property=\"og:url\" content=\"https:\/\/comprardevoluciones.com\/producto\/dsv25000855\/\" \/>\n<meta property=\"og:site_name\" content=\"Comprardevoluciones - Tu tienda de Devoluciones de Amazon\" \/>\n<meta property=\"og:image\" content=\"https:\/\/comprardevoluciones.com\/wp-content\/uploads\/2025\/02\/DSV25000855.jpg\" \/>\n\t<meta property=\"og:image:width\" content=\"700\" \/>\n\t<meta property=\"og:image:height\" content=\"700\" \/>\n\t<meta property=\"og:image:type\" content=\"image\/jpeg\" \/>\n<meta name=\"twitter:card\" content=\"summary_large_image\" \/>\n<meta name=\"twitter:label1\" content=\"Tempo estimado de leitura\" \/>\n\t<meta name=\"twitter:data1\" content=\"5 minutos\" \/>\n<script type=\"application\/ld+json\" class=\"yoast-schema-graph\">{\"@context\":\"https:\/\/schema.org\",\"@graph\":[{\"@type\":\"WebPage\",\"@id\":\"https:\/\/comprardevoluciones.com\/producto\/dsv25000855\/\",\"url\":\"https:\/\/comprardevoluciones.com\/producto\/dsv25000855\/\",\"name\":\"Pal\u00e9 de Cuidado Personal [34 productos] (DSV25000855) - Comprardevoluciones - Tu tienda de Devoluciones de Amazon\",\"isPartOf\":{\"@id\":\"https:\/\/comprardevoluciones.com\/#website\"},\"primaryImageOfPage\":{\"@id\":\"https:\/\/comprardevoluciones.com\/producto\/dsv25000855\/#primaryimage\"},\"image\":{\"@id\":\"https:\/\/comprardevoluciones.com\/producto\/dsv25000855\/#primaryimage\"},\"thumbnailUrl\":\"https:\/\/comprardevoluciones.com\/wp-content\/uploads\/2025\/02\/DSV25000855.jpg\",\"datePublished\":\"2026-02-25T09:59:32+00:00\",\"breadcrumb\":{\"@id\":\"https:\/\/comprardevoluciones.com\/producto\/dsv25000855\/#breadcrumb\"},\"inLanguage\":\"pt-PT\",\"potentialAction\":[{\"@type\":\"ReadAction\",\"target\":[\"https:\/\/comprardevoluciones.com\/producto\/dsv25000855\/\"]}]},{\"@type\":\"ImageObject\",\"inLanguage\":\"pt-PT\",\"@id\":\"https:\/\/comprardevoluciones.com\/producto\/dsv25000855\/#primaryimage\",\"url\":\"https:\/\/comprardevoluciones.com\/wp-content\/uploads\/2025\/02\/DSV25000855.jpg\",\"contentUrl\":\"https:\/\/comprardevoluciones.com\/wp-content\/uploads\/2025\/02\/DSV25000855.jpg\",\"width\":700,\"height\":700},{\"@type\":\"BreadcrumbList\",\"@id\":\"https:\/\/comprardevoluciones.com\/producto\/dsv25000855\/#breadcrumb\",\"itemListElement\":[{\"@type\":\"ListItem\",\"position\":1,\"name\":\"Portada\",\"item\":\"https:\/\/comprardevoluciones.com\/\"},{\"@type\":\"ListItem\",\"position\":2,\"name\":\"Loja\",\"item\":\"https:\/\/comprardevoluciones.com\/tienda\/\"},{\"@type\":\"ListItem\",\"position\":3,\"name\":\"Pal\u00e9 de Cuidado Personal [34 productos] (DSV25000855)\"}]},{\"@type\":\"WebSite\",\"@id\":\"https:\/\/comprardevoluciones.com\/#website\",\"url\":\"https:\/\/comprardevoluciones.com\/\",\"name\":\"Comprardevoluciones - Tu tienda de Devoluciones de Amazon\",\"description\":\"Consigue Stock en buen estado a un precio imbatible\",\"potentialAction\":[{\"@type\":\"SearchAction\",\"target\":{\"@type\":\"EntryPoint\",\"urlTemplate\":\"https:\/\/comprardevoluciones.com\/?s={search_term_string}\"},\"query-input\":{\"@type\":\"PropertyValueSpecification\",\"valueRequired\":true,\"valueName\":\"search_term_string\"}}],\"inLanguage\":\"pt-PT\"}]}<\/script>\n<!-- \/ Yoast SEO plugin. -->","yoast_head_json":{"title":"Pal\u00e9 de Cuidado Personal [34 productos] (DSV25000855) - Comprardevoluciones - Tu tienda de Devoluciones de Amazon","robots":{"index":"noindex","follow":"follow"},"og_locale":"pt_PT","og_type":"article","og_title":"Pal\u00e9 de Cuidado Personal [34 productos] (DSV25000855) - Comprardevoluciones - Tu tienda de Devoluciones de Amazon","og_description":"Pal\u00e9 de Cuidado Personal sin revisar procedente de Amazon Devoluciones   N\u00famero de productos: 34  Valor aproximado: 2629.00  Porcentaje que se paga: 19% + IVA  Tiempo de entrega estimado: 3 a 7 d\u00edas  *Los precios incluyen IVA","og_url":"https:\/\/comprardevoluciones.com\/producto\/dsv25000855\/","og_site_name":"Comprardevoluciones - Tu tienda de Devoluciones de Amazon","og_image":[{"width":700,"height":700,"url":"https:\/\/comprardevoluciones.com\/wp-content\/uploads\/2025\/02\/DSV25000855.jpg","type":"image\/jpeg"}],"twitter_card":"summary_large_image","twitter_misc":{"Tempo estimado de leitura":"5 minutos"},"schema":{"@context":"https:\/\/schema.org","@graph":[{"@type":"WebPage","@id":"https:\/\/comprardevoluciones.com\/producto\/dsv25000855\/","url":"https:\/\/comprardevoluciones.com\/producto\/dsv25000855\/","name":"Pal\u00e9 de Cuidado Personal [34 productos] (DSV25000855) - Comprardevoluciones - Tu tienda de Devoluciones de Amazon","isPartOf":{"@id":"https:\/\/comprardevoluciones.com\/#website"},"primaryImageOfPage":{"@id":"https:\/\/comprardevoluciones.com\/producto\/dsv25000855\/#primaryimage"},"image":{"@id":"https:\/\/comprardevoluciones.com\/producto\/dsv25000855\/#primaryimage"},"thumbnailUrl":"https:\/\/comprardevoluciones.com\/wp-content\/uploads\/2025\/02\/DSV25000855.jpg","datePublished":"2026-02-25T09:59:32+00:00","breadcrumb":{"@id":"https:\/\/comprardevoluciones.com\/producto\/dsv25000855\/#breadcrumb"},"inLanguage":"pt-PT","potentialAction":[{"@type":"ReadAction","target":["https:\/\/comprardevoluciones.com\/producto\/dsv25000855\/"]}]},{"@type":"ImageObject","inLanguage":"pt-PT","@id":"https:\/\/comprardevoluciones.com\/producto\/dsv25000855\/#primaryimage","url":"https:\/\/comprardevoluciones.com\/wp-content\/uploads\/2025\/02\/DSV25000855.jpg","contentUrl":"https:\/\/comprardevoluciones.com\/wp-content\/uploads\/2025\/02\/DSV25000855.jpg","width":700,"height":700},{"@type":"BreadcrumbList","@id":"https:\/\/comprardevoluciones.com\/producto\/dsv25000855\/#breadcrumb","itemListElement":[{"@type":"ListItem","position":1,"name":"Portada","item":"https:\/\/comprardevoluciones.com\/"},{"@type":"ListItem","position":2,"name":"Loja","item":"https:\/\/comprardevoluciones.com\/tienda\/"},{"@type":"ListItem","position":3,"name":"Pal\u00e9 de Cuidado Personal [34 productos] (DSV25000855)"}]},{"@type":"WebSite","@id":"https:\/\/comprardevoluciones.com\/#website","url":"https:\/\/comprardevoluciones.com\/","name":"Comprardevoluciones - Tu tienda de Devoluciones de Amazon","description":"Consigue Stock en buen estado a un precio imbatible","potentialAction":[{"@type":"SearchAction","target":{"@type":"EntryPoint","urlTemplate":"https:\/\/comprardevoluciones.com\/?s={search_term_string}"},"query-input":{"@type":"PropertyValueSpecification","valueRequired":true,"valueName":"search_term_string"}}],"inLanguage":"pt-PT"}]}},"_links":{"self":[{"href":"https:\/\/comprardevoluciones.com\/pt-pt\/wp-json\/wp\/v2\/product\/101117","targetHints":{"allow":["GET"]}}],"collection":[{"href":"https:\/\/comprardevoluciones.com\/pt-pt\/wp-json\/wp\/v2\/product"}],"about":[{"href":"https:\/\/comprardevoluciones.com\/pt-pt\/wp-json\/wp\/v2\/types\/product"}],"wp:featuredmedia":[{"embeddable":true,"href":"https:\/\/comprardevoluciones.com\/pt-pt\/wp-json\/wp\/v2\/media\/101136"}],"wp:attachment":[{"href":"https:\/\/comprardevoluciones.com\/pt-pt\/wp-json\/wp\/v2\/media?parent=101117"}],"wp:term":[{"taxonomy":"product_brand","embeddable":true,"href":"https:\/\/comprardevoluciones.com\/pt-pt\/wp-json\/wp\/v2\/product_brand?post=101117"},{"taxonomy":"product_cat","embeddable":true,"href":"https:\/\/comprardevoluciones.com\/pt-pt\/wp-json\/wp\/v2\/product_cat?post=101117"},{"taxonomy":"product_tag","embeddable":true,"href":"https:\/\/comprardevoluciones.com\/pt-pt\/wp-json\/wp\/v2\/product_tag?post=101117"}],"curies":[{"name":"wp","href":"https:\/\/api.w.org\/{rel}","templated":true}]}}