{"id":121771,"date":"2025-09-15T10:02:49","date_gmt":"2025-09-15T09:02:49","guid":{"rendered":"https:\/\/comprardevoluciones.com\/?post_type=product&#038;p=121771"},"modified":"2025-09-15T10:03:16","modified_gmt":"2025-09-15T09:03:16","slug":"sp280490381","status":"publish","type":"product","link":"https:\/\/comprardevoluciones.com\/pt-pt\/producto\/sp280490381\/","title":{"rendered":"Caja de Deporte [42 productos] (sp280490381)"},"content":{"rendered":"<p>Descripci\u00f3n y valor aproximados<\/p>\n<table>\n<tbody>\n<tr>\n<td><strong>FUENTE<\/strong><\/td>\n<td><strong>PRODUCTO<\/strong><\/td>\n<td><strong>VALOR (\u20ac)<\/strong><\/td>\n<td><strong>PAGAS (\u20ac)<\/strong><\/td>\n<\/tr>\n<tr>\n<td>MARKETPLACES<\/td>\n<td><a class=\"ljoptimizer\" href=\"https:\/\/www.amazon.es\/dp\/B08YNKGM9N?tag=amazon087683-21&amp;th=1\" target=\"_blank\" rel=\"nofollow noopener\">Rag&amp;Bone Rnb1046\/g\/s Sunglasses, 807\/IR Black, 54 Unisex<\/a><\/td>\n<td>215\u20ac<\/td>\n<td>54\u20ac<\/td>\n<\/tr>\n<tr>\n<td>MARKETPLACES<\/td>\n<td><a class=\"ljoptimizer\" href=\"https:\/\/www.amazon.es\/dp\/B08DRJ2K64?tag=amazon087683-21&amp;th=1\" target=\"_blank\" rel=\"nofollow noopener\">Camper Ground K300330, Botines Hombre<\/a><\/td>\n<td>142\u20ac<\/td>\n<td>36\u20ac<\/td>\n<\/tr>\n<tr>\n<td>MARKETPLACES<\/td>\n<td><a class=\"ljoptimizer\" href=\"https:\/\/www.amazon.es\/dp\/B0B1936797?tag=amazon087683-21&amp;th=1\" target=\"_blank\" rel=\"nofollow noopener\">WileyX CCOZN09F Occhiali, Nero, Unica Unisex<\/a><\/td>\n<td>129\u20ac<\/td>\n<td>32\u20ac<\/td>\n<\/tr>\n<tr>\n<td>MARKETPLACES<\/td>\n<td><a class=\"ljoptimizer\" href=\"https:\/\/www.amazon.es\/dp\/B07MJ8FS16?tag=amazon087683-21&amp;th=1\" target=\"_blank\" rel=\"nofollow noopener\">Geox U Nebula Y A, Sneakers Hombre<\/a><\/td>\n<td>85\u20ac<\/td>\n<td>21\u20ac<\/td>\n<\/tr>\n<tr>\n<td>MARKETPLACES<\/td>\n<td><a class=\"ljoptimizer\" href=\"https:\/\/www.amazon.es\/dp\/B09LTB3GZX?tag=amazon087683-21&amp;th=1\" target=\"_blank\" rel=\"nofollow noopener\">Etnies Jameson Vulc, Scarpe da Skateboard Uomo, Gomma Nera Argento, 44 EU<\/a><\/td>\n<td>55\u20ac<\/td>\n<td>14\u20ac<\/td>\n<\/tr>\n<tr>\n<td>MARKETPLACES<\/td>\n<td><a class=\"ljoptimizer\" href=\"https:\/\/www.amazon.es\/dp\/B002ZGTD1E?tag=amazon087683-21&amp;th=1\" target=\"_blank\" rel=\"nofollow noopener\">Triumph Doreen X, Sujetador Sin Aros Mujer, Beige (Skin), 110C<\/a><\/td>\n<td>54\u20ac<\/td>\n<td>14\u20ac<\/td>\n<\/tr>\n<tr>\n<td>MARKETPLACES<\/td>\n<td><a class=\"ljoptimizer\" href=\"https:\/\/www.amazon.es\/dp\/B0D67BDQBZ?tag=amazon087683-21&amp;th=1\" target=\"_blank\" rel=\"nofollow noopener\">Champion Legacy Boy-Outdoor Light Hooded Jacket Chaqueta para Ni\u00f1os<\/a><\/td>\n<td>53\u20ac<\/td>\n<td>13\u20ac<\/td>\n<\/tr>\n<tr>\n<td>MARKETPLACES<\/td>\n<td><a class=\"ljoptimizer\" href=\"https:\/\/www.amazon.es\/dp\/B077MLKR62?tag=amazon087683-21&amp;th=1\" target=\"_blank\" rel=\"nofollow noopener\">PUMA Unisex Adults&#8217; Fashion Shoes SMASH V2 L Trainers &amp; Sneakers, PUMA WHITE-PUMA WHITE, 47<\/a><\/td>\n<td>43\u20ac<\/td>\n<td>11\u20ac<\/td>\n<\/tr>\n<tr>\n<td>MARKETPLACES<\/td>\n<td><a class=\"ljoptimizer\" href=\"https:\/\/www.amazon.es\/dp\/B07PY4WQ6S?tag=amazon087683-21&amp;th=1\" target=\"_blank\" rel=\"nofollow noopener\">Amazon Essentials Herren Mittelschwere Pufferweste, Schwarz, M<\/a><\/td>\n<td>42\u20ac<\/td>\n<td>10\u20ac<\/td>\n<\/tr>\n<tr>\n<td>MARKETPLACES<\/td>\n<td><a class=\"ljoptimizer\" href=\"https:\/\/www.amazon.es\/dp\/B017ZRU2U8?tag=amazon087683-21&amp;th=1\" target=\"_blank\" rel=\"nofollow noopener\">Vans Asher V, Sneaker, Unisex &#8211; Bambini e ragazzi, (Checkers) Black\/Natural, 22 EU<\/a><\/td>\n<td>40\u20ac<\/td>\n<td>10\u20ac<\/td>\n<\/tr>\n<tr>\n<td>MARKETPLACES<\/td>\n<td><a class=\"ljoptimizer\" href=\"https:\/\/www.amazon.es\/dp\/B008CBPD60?tag=amazon087683-21&amp;th=1\" target=\"_blank\" rel=\"nofollow noopener\">sloggi Damen Chic Maxi 4P Slip, Black, 50<\/a><\/td>\n<td>39\u20ac<\/td>\n<td>10\u20ac<\/td>\n<\/tr>\n<tr>\n<td>MARKETPLACES<\/td>\n<td><a class=\"ljoptimizer\" href=\"https:\/\/www.amazon.es\/dp\/B076G4TY1Q?tag=amazon087683-21&amp;th=1\" target=\"_blank\" rel=\"nofollow noopener\">Puma St Runner &#8211; Zapatillas unisex<\/a><\/td>\n<td>39\u20ac<\/td>\n<td>10\u20ac<\/td>\n<\/tr>\n<tr>\n<td>MARKETPLACES<\/td>\n<td><a class=\"ljoptimizer\" href=\"https:\/\/www.amazon.es\/dp\/B01HZ5K8UE?tag=amazon087683-21&amp;th=1\" target=\"_blank\" rel=\"nofollow noopener\">REVLON Salon One-Step &#8211; Secador y volumizador (3 posiciones de calor y 2 velocidades, revesimiento ceramico, mango ergonomico), negro y rosa, Original<\/a><\/td>\n<td>38\u20ac<\/td>\n<td>10\u20ac<\/td>\n<\/tr>\n<tr>\n<td>MARKETPLACES<\/td>\n<td><a class=\"ljoptimizer\" href=\"https:\/\/www.amazon.es\/dp\/B09QJKKSPR?tag=amazon087683-21&amp;th=1\" target=\"_blank\" rel=\"nofollow noopener\">Amazon Essentials Herren Fleecejacke mit durchgehendem Rei\u00dfverschluss (in Big und Tall erh\u00e4ltlich), Schwarz, 4XL Gro\u00dfe Gr\u00f6\u00dfen Tall<\/a><\/td>\n<td>36\u20ac<\/td>\n<td>9\u20ac<\/td>\n<\/tr>\n<tr>\n<td>MARKETPLACES<\/td>\n<td><a class=\"ljoptimizer\" href=\"https:\/\/www.amazon.es\/dp\/B08HR8T5CT?tag=amazon087683-21&amp;th=1\" target=\"_blank\" rel=\"nofollow noopener\">ONLY ONLLABELLE Life L\/S Dress KNT Noos Robe, Noir, XS Femme<\/a><\/td>\n<td>35\u20ac<\/td>\n<td>9\u20ac<\/td>\n<\/tr>\n<tr>\n<td>MARKETPLACES<\/td>\n<td><a class=\"ljoptimizer\" href=\"https:\/\/www.amazon.es\/dp\/B0BMGWMH6D?tag=amazon087683-21&amp;th=1\" target=\"_blank\" rel=\"nofollow noopener\">arena One Big Logo Ba\u00f1ador de Una Pieza para Mujer, Ba\u00f1ador Deportivo de Secado R\u00e1pido y Tejido arena MaxLife Eco, Resistente al Cloro y Protecci\u00f3n UPF 50+ UV<\/a><\/td>\n<td>35\u20ac<\/td>\n<td>9\u20ac<\/td>\n<\/tr>\n<tr>\n<td>MARKETPLACES<\/td>\n<td><a class=\"ljoptimizer\" href=\"https:\/\/www.amazon.es\/dp\/B094DQHWBL?tag=amazon087683-21&amp;th=1\" target=\"_blank\" rel=\"nofollow noopener\">Speedo Damen Endurance+ Medalist Badeanzug, Schwarz, 34<\/a><\/td>\n<td>35\u20ac<\/td>\n<td>9\u20ac<\/td>\n<\/tr>\n<tr>\n<td>MARKETPLACES<\/td>\n<td><a class=\"ljoptimizer\" href=\"https:\/\/www.amazon.es\/dp\/B07Q2RG462?tag=amazon087683-21&amp;th=1\" target=\"_blank\" rel=\"nofollow noopener\">Amazon Essentials Chaqueta Gruesa y Acolchada con Capucha Beb\u00e9 y Ni\u00f1o<\/a><\/td>\n<td>35\u20ac<\/td>\n<td>9\u20ac<\/td>\n<\/tr>\n<tr>\n<td>MARKETPLACES<\/td>\n<td><a class=\"ljoptimizer\" href=\"https:\/\/www.amazon.es\/dp\/B07SCB259M?tag=amazon087683-21&amp;th=1\" target=\"_blank\" rel=\"nofollow noopener\">Levi&#8217;s Tijuana, Sneakers Mujer<\/a><\/td>\n<td>35\u20ac<\/td>\n<td>9\u20ac<\/td>\n<\/tr>\n<tr>\n<td>MARKETPLACES<\/td>\n<td><a class=\"ljoptimizer\" href=\"https:\/\/www.amazon.es\/dp\/B09Q8PYZRP?tag=amazon087683-21&amp;th=1\" target=\"_blank\" rel=\"nofollow noopener\">superfit Bambini e ragazzi Bill Scarpe da Ginnastica Caseras, Green 7030, 30 EU<\/a><\/td>\n<td>31\u20ac<\/td>\n<td>8\u20ac<\/td>\n<\/tr>\n<tr>\n<td>MARKETPLACES<\/td>\n<td><a class=\"ljoptimizer\" href=\"https:\/\/www.amazon.es\/dp\/B08WK5ZMVN?tag=amazon087683-21&amp;th=1\" target=\"_blank\" rel=\"nofollow noopener\">Amazon Essentials Chaqueta Efecto Pelo Ni\u00f1a<\/a><\/td>\n<td>31\u20ac<\/td>\n<td>8\u20ac<\/td>\n<\/tr>\n<tr>\n<td>MARKETPLACES<\/td>\n<td><a class=\"ljoptimizer\" href=\"https:\/\/www.amazon.es\/dp\/B0BG7LCW7C?tag=amazon087683-21&amp;th=1\" target=\"_blank\" rel=\"nofollow noopener\">Amazon Essentials Disney Eng anliegender Baumwoll-Schlafanzug, 2er-Pack, Nightmare Valentine-Mens Snug Fit, M<\/a><\/td>\n<td>31\u20ac<\/td>\n<td>8\u20ac<\/td>\n<\/tr>\n<tr>\n<td>MARKETPLACES<\/td>\n<td><a class=\"ljoptimizer\" href=\"https:\/\/www.amazon.es\/dp\/B0BMGJTSP5?tag=amazon087683-21&amp;th=1\" target=\"_blank\" rel=\"nofollow noopener\">Bestseller A\/S Vmmaya Mr Loose Solid Pant Noos Pantaloni, Grey Pinstripe, (L) W x 30L Donna<\/a><\/td>\n<td>31\u20ac<\/td>\n<td>8\u20ac<\/td>\n<\/tr>\n<tr>\n<td>MARKETPLACES<\/td>\n<td><a class=\"ljoptimizer\" href=\"https:\/\/www.amazon.es\/dp\/B01B7QQF18?tag=amazon087683-21&amp;th=1\" target=\"_blank\" rel=\"nofollow noopener\">Urban Classics Cargo, Pantaloni Jogging Uomo, XL, darkgrey<\/a><\/td>\n<td>30\u20ac<\/td>\n<td>8\u20ac<\/td>\n<\/tr>\n<tr>\n<td>MARKETPLACES<\/td>\n<td><a class=\"ljoptimizer\" href=\"https:\/\/www.amazon.es\/dp\/B08KXWSXBG?tag=amazon087683-21&amp;th=1\" target=\"_blank\" rel=\"nofollow noopener\">Jack &amp; Jones Jjebasic Sweat Zip Hood Noos Felpa Sportiva con Cappuccio, Grigio (Light Grey Melange), L Uomo<\/a><\/td>\n<td>28\u20ac<\/td>\n<td>7\u20ac<\/td>\n<\/tr>\n<tr>\n<td>MARKETPLACES<\/td>\n<td><a class=\"ljoptimizer\" href=\"https:\/\/www.amazon.es\/dp\/B0B3JQ6RS6?tag=amazon087683-21&amp;th=1\" target=\"_blank\" rel=\"nofollow noopener\">Vans Classic LS Camiseta para Hombre<\/a><\/td>\n<td>27\u20ac<\/td>\n<td>7\u20ac<\/td>\n<\/tr>\n<tr>\n<td>MARKETPLACES<\/td>\n<td><a class=\"ljoptimizer\" href=\"https:\/\/www.amazon.es\/dp\/B079RDSVKC?tag=amazon087683-21&amp;th=1\" target=\"_blank\" rel=\"nofollow noopener\">Amazon Essentials Herren Pullover mit Rundhalsausschnitt (in \u00dcbergr\u00f6\u00dfen erh\u00e4ltlich), Burgunderrot, L<\/a><\/td>\n<td>27\u20ac<\/td>\n<td>7\u20ac<\/td>\n<\/tr>\n<tr>\n<td>MARKETPLACES<\/td>\n<td><a class=\"ljoptimizer\" href=\"https:\/\/www.amazon.es\/dp\/B08617BXR4?tag=amazon087683-21&amp;th=1\" target=\"_blank\" rel=\"nofollow noopener\">Amazon Essentials Jersey de Manga Larga 100% de Algod\u00f3n con Trenzado Aran y Cuello Redondo Hombre<\/a><\/td>\n<td>26\u20ac<\/td>\n<td>6\u20ac<\/td>\n<\/tr>\n<tr>\n<td>MARKETPLACES<\/td>\n<td><a class=\"ljoptimizer\" href=\"https:\/\/www.amazon.es\/dp\/B08X2FQ9QM?tag=amazon087683-21&amp;th=1\" target=\"_blank\" rel=\"nofollow noopener\">Amazon Essentials Herren Fleecejogginghose, Gebrochenes Wei\u00df, M<\/a><\/td>\n<td>26\u20ac<\/td>\n<td>6\u20ac<\/td>\n<\/tr>\n<tr>\n<td>MARKETPLACES<\/td>\n<td><a class=\"ljoptimizer\" href=\"https:\/\/www.amazon.es\/dp\/B098TJ797N?tag=amazon087683-21&amp;th=1\" target=\"_blank\" rel=\"nofollow noopener\">KIMERA Mt 3000, K-Surf, Filo da Pesca Unisex Adulto, Viola Chiaro, 0.22<\/a><\/td>\n<td>25\u20ac<\/td>\n<td>6\u20ac<\/td>\n<\/tr>\n<tr>\n<td>MARKETPLACES<\/td>\n<td><a class=\"ljoptimizer\" href=\"https:\/\/www.amazon.es\/dp\/B08618LN9P?tag=amazon087683-21&amp;th=1\" target=\"_blank\" rel=\"nofollow noopener\">Amazon Essentials Herren Wasserfeste, isolierte Schneehose, Blau Tarnmuster, XXL<\/a><\/td>\n<td>24\u20ac<\/td>\n<td>6\u20ac<\/td>\n<\/tr>\n<tr>\n<td>MARKETPLACES<\/td>\n<td><a class=\"ljoptimizer\" href=\"https:\/\/www.amazon.es\/dp\/B094RD495G?tag=amazon087683-21&amp;th=1\" target=\"_blank\" rel=\"nofollow noopener\">Jack &amp; Jones Jjiglenn Jjoriginal Na 031 Noos Jeans, Blu Denim, 28W \/ 30L Uomo<\/a><\/td>\n<td>24\u20ac<\/td>\n<td>6\u20ac<\/td>\n<\/tr>\n<tr>\n<td>MARKETPLACES<\/td>\n<td><a class=\"ljoptimizer\" href=\"https:\/\/www.amazon.es\/dp\/B08K3DVL44?tag=amazon087683-21&amp;th=1\" target=\"_blank\" rel=\"nofollow noopener\">SlimpleStudio Gafas a Prueba de Viento para Deportes de Invierno,Gafas para Casco, Espejo de Viento, Jinete, Gafas de Carreras, Gafas de esqu\u00ed, Gafas de Motocicleta<\/a><\/td>\n<td>23\u20ac<\/td>\n<td>6\u20ac<\/td>\n<\/tr>\n<tr>\n<td>MARKETPLACES<\/td>\n<td><a class=\"ljoptimizer\" href=\"https:\/\/www.amazon.es\/dp\/B08K3DVL44?tag=amazon087683-21&amp;th=1\" target=\"_blank\" rel=\"nofollow noopener\">SlimpleStudio Gafas a Prueba de Viento para Deportes de Invierno,Gafas para Casco, Espejo de Viento, Jinete, Gafas de Carreras, Gafas de esqu\u00ed, Gafas de Motocicleta<\/a><\/td>\n<td>23\u20ac<\/td>\n<td>6\u20ac<\/td>\n<\/tr>\n<tr>\n<td>MARKETPLACES<\/td>\n<td><a class=\"ljoptimizer\" href=\"https:\/\/www.amazon.es\/dp\/B07N4K8V3N?tag=amazon087683-21&amp;th=1\" target=\"_blank\" rel=\"nofollow noopener\">MYSANITY &#8211; Reggiseno Allattamento Supporto Extra Coppa D &#8211; Bianco, 5<\/a><\/td>\n<td>22\u20ac<\/td>\n<td>6\u20ac<\/td>\n<\/tr>\n<tr>\n<td>MARKETPLACES<\/td>\n<td><a class=\"ljoptimizer\" href=\"https:\/\/www.amazon.es\/dp\/B07V1P3FKK?tag=amazon087683-21&amp;th=1\" target=\"_blank\" rel=\"nofollow noopener\">Iris &amp; Lilly Damen Tanga-Unterw\u00e4sche Baumwolle und Spitze, 7er-Pack, Schwarz\/Tiefblau\/Grau Meliert, 36<\/a><\/td>\n<td>21\u20ac<\/td>\n<td>5\u20ac<\/td>\n<\/tr>\n<tr>\n<td>MARKETPLACES<\/td>\n<td><a class=\"ljoptimizer\" href=\"https:\/\/www.amazon.es\/dp\/B07B9KMYXJ?tag=amazon087683-21&amp;th=1\" target=\"_blank\" rel=\"nofollow noopener\">MISEMIYA &#8211; Chaquetas Chef Uniforme COCINERA MARMINT\u00d3N SOLLASTRE GUISANDERO ADOBADOR Salsero- Ref.8441 &#8211; XL, Negro<\/a><\/td>\n<td>19\u20ac<\/td>\n<td>5\u20ac<\/td>\n<\/tr>\n<tr>\n<td>MARKETPLACES<\/td>\n<td><a class=\"ljoptimizer\" href=\"https:\/\/www.amazon.es\/dp\/B09PNN3MBK?tag=amazon087683-21&amp;th=1\" target=\"_blank\" rel=\"nofollow noopener\">HEYU Grazioso portachiavi a forma di albero della vita, con strass, Verde oliva<\/a><\/td>\n<td>18\u20ac<\/td>\n<td>4\u20ac<\/td>\n<\/tr>\n<tr>\n<td>MARKETPLACES<\/td>\n<td><a class=\"ljoptimizer\" href=\"https:\/\/www.amazon.es\/dp\/B078HFSP3W?tag=amazon087683-21&amp;th=1\" target=\"_blank\" rel=\"nofollow noopener\">Iris &amp; Lilly Brasiliana in Cotone Donna, Pacco da 5, Bianco, 40<\/a><\/td>\n<td>16\u20ac<\/td>\n<td>4\u20ac<\/td>\n<\/tr>\n<tr>\n<td>MARKETPLACES<\/td>\n<td><a class=\"ljoptimizer\" href=\"https:\/\/www.amazon.es\/dp\/B07KSXPYWG?tag=amazon087683-21&amp;th=1\" target=\"_blank\" rel=\"nofollow noopener\">adidas Adilette Aqua, Infradito Unisex &#8211; Bambini e ragazzi, Core Black Ftwr White Core Black, 38 EU<\/a><\/td>\n<td>16\u20ac<\/td>\n<td>4\u20ac<\/td>\n<\/tr>\n<tr>\n<td>MARKETPLACES<\/td>\n<td><a class=\"ljoptimizer\" href=\"https:\/\/www.amazon.es\/dp\/B09WH8CPX1?tag=amazon087683-21&amp;th=1\" target=\"_blank\" rel=\"nofollow noopener\">NAME IT NMFBIBI DNMBTORAS 2729 Jogger Pant Jeans, Medium Blue Denim, 104 Ragazze<\/a><\/td>\n<td>16\u20ac<\/td>\n<td>4\u20ac<\/td>\n<\/tr>\n<tr>\n<td>MARKETPLACES<\/td>\n<td><a class=\"ljoptimizer\" href=\"https:\/\/www.amazon.es\/dp\/B07H5FM6FT?tag=amazon087683-21&amp;th=1\" target=\"_blank\" rel=\"nofollow noopener\">JM Occhiali da Lettura e Presbiopia. Resistenti e Confortevoli con un Design Unico. Per Donna e Uomo. +1.5 [Confezione di 4 &#8211; Colori Misti]<\/a><\/td>\n<td>13\u20ac<\/td>\n<td>3\u20ac<\/td>\n<\/tr>\n<\/tbody>\n<\/table>\n","protected":false},"excerpt":{"rendered":"<p>Caja de Deporte sin revisar procedente de devoluciones de marketplaces<\/p>\n<ul>\n<li>N\u00famero de productos: 42<\/li>\n<li>Valor aproximado: 1733.00<\/li>\n<li>Porcentaje que se paga: 21% + IVA<\/li>\n<li>Tiempo de entrega estimado: 3 a 7 d\u00edas<\/li>\n<\/ul>\n<p>*Los precios incluyen IVA<\/p>\n","protected":false},"featured_media":121929,"template":"","meta":{"site-sidebar-layout":"default","site-content-layout":"","ast-site-content-layout":"default","site-content-style":"default","site-sidebar-style":"default","ast-global-header-display":"","ast-banner-title-visibility":"","ast-main-header-display":"","ast-hfb-above-header-display":"","ast-hfb-below-header-display":"","ast-hfb-mobile-header-display":"","site-post-title":"","ast-breadcrumbs-content":"","ast-featured-img":"","footer-sml-layout":"","ast-disable-related-posts":"","theme-transparent-header-meta":"default","adv-header-id-meta":"","stick-header-meta":"","header-above-stick-meta":"","header-main-stick-meta":"","header-below-stick-meta":"","astra-migrate-meta-layouts":"set","ast-page-background-enabled":"default","ast-page-background-meta":{"desktop":{"background-color":"var(--ast-global-color-4)","background-image":"","background-repeat":"repeat","background-position":"center center","background-size":"auto","background-attachment":"scroll","background-type":"","background-media":"","overlay-type":"","overlay-color":"","overlay-opacity":"","overlay-gradient":""},"tablet":{"background-color":"","background-image":"","background-repeat":"repeat","background-position":"center center","background-size":"auto","background-attachment":"scroll","background-type":"","background-media":"","overlay-type":"","overlay-color":"","overlay-opacity":"","overlay-gradient":""},"mobile":{"background-color":"","background-image":"","background-repeat":"repeat","background-position":"center center","background-size":"auto","background-attachment":"scroll","background-type":"","background-media":"","overlay-type":"","overlay-color":"","overlay-opacity":"","overlay-gradient":""}},"ast-content-background-meta":{"desktop":{"background-color":"var(--ast-global-color-5)","background-image":"","background-repeat":"repeat","background-position":"center center","background-size":"auto","background-attachment":"scroll","background-type":"","background-media":"","overlay-type":"","overlay-color":"","overlay-opacity":"","overlay-gradient":""},"tablet":{"background-color":"var(--ast-global-color-5)","background-image":"","background-repeat":"repeat","background-position":"center center","background-size":"auto","background-attachment":"scroll","background-type":"","background-media":"","overlay-type":"","overlay-color":"","overlay-opacity":"","overlay-gradient":""},"mobile":{"background-color":"var(--ast-global-color-5)","background-image":"","background-repeat":"repeat","background-position":"center center","background-size":"auto","background-attachment":"scroll","background-type":"","background-media":"","overlay-type":"","overlay-color":"","overlay-opacity":"","overlay-gradient":""}}},"product_brand":[],"product_cat":[49,53],"product_tag":[],"class_list":{"0":"post-121771","1":"product","2":"type-product","3":"status-publish","4":"has-post-thumbnail","6":"product_cat-cajas","7":"product_cat-deporte","8":"product_shipping_class-caja","9":"desktop-align-left","10":"tablet-align-left","11":"mobile-align-left","13":"first","14":"instock","15":"sale","16":"downloadable","17":"taxable","18":"shipping-taxable","19":"purchasable","20":"product-type-simple"},"yoast_head":"<!-- This site is optimized with the Yoast SEO plugin v27.2 - https:\/\/yoast.com\/product\/yoast-seo-wordpress\/ -->\n<title>Caja de Deporte [42 productos] (sp280490381) - Comprardevoluciones - Tu tienda de Devoluciones de Amazon<\/title>\n<meta name=\"robots\" content=\"noindex, follow\" \/>\n<meta property=\"og:locale\" content=\"pt_PT\" \/>\n<meta property=\"og:type\" content=\"article\" \/>\n<meta property=\"og:title\" content=\"Caja de Deporte [42 productos] (sp280490381) - Comprardevoluciones - Tu tienda de Devoluciones de Amazon\" \/>\n<meta property=\"og:description\" content=\"Caja de Deporte sin revisar procedente de devoluciones de marketplaces   N\u00famero de productos: 42  Valor aproximado: 1733.00  Porcentaje que se paga: 21% + IVA  Tiempo de entrega estimado: 3 a 7 d\u00edas  *Los precios incluyen IVA\" \/>\n<meta property=\"og:url\" content=\"https:\/\/comprardevoluciones.com\/producto\/sp280490381\/\" \/>\n<meta property=\"og:site_name\" content=\"Comprardevoluciones - Tu tienda de Devoluciones de Amazon\" \/>\n<meta property=\"article:modified_time\" content=\"2025-09-15T09:03:16+00:00\" \/>\n<meta property=\"og:image\" content=\"https:\/\/comprardevoluciones.com\/wp-content\/uploads\/2025\/05\/sp280490381.jpg\" \/>\n\t<meta property=\"og:image:width\" content=\"700\" \/>\n\t<meta property=\"og:image:height\" content=\"700\" \/>\n\t<meta property=\"og:image:type\" content=\"image\/jpeg\" \/>\n<meta name=\"twitter:card\" content=\"summary_large_image\" \/>\n<meta name=\"twitter:label1\" content=\"Tempo estimado de leitura\" \/>\n\t<meta name=\"twitter:data1\" content=\"4 minutos\" \/>\n<script type=\"application\/ld+json\" class=\"yoast-schema-graph\">{\"@context\":\"https:\/\/schema.org\",\"@graph\":[{\"@type\":\"WebPage\",\"@id\":\"https:\/\/comprardevoluciones.com\/producto\/sp280490381\/\",\"url\":\"https:\/\/comprardevoluciones.com\/producto\/sp280490381\/\",\"name\":\"Caja de Deporte [42 productos] (sp280490381) - Comprardevoluciones - Tu tienda de Devoluciones de Amazon\",\"isPartOf\":{\"@id\":\"https:\/\/comprardevoluciones.com\/#website\"},\"primaryImageOfPage\":{\"@id\":\"https:\/\/comprardevoluciones.com\/producto\/sp280490381\/#primaryimage\"},\"image\":{\"@id\":\"https:\/\/comprardevoluciones.com\/producto\/sp280490381\/#primaryimage\"},\"thumbnailUrl\":\"https:\/\/comprardevoluciones.com\/wp-content\/uploads\/2025\/05\/sp280490381.jpg\",\"datePublished\":\"2025-09-15T09:02:49+00:00\",\"dateModified\":\"2025-09-15T09:03:16+00:00\",\"breadcrumb\":{\"@id\":\"https:\/\/comprardevoluciones.com\/producto\/sp280490381\/#breadcrumb\"},\"inLanguage\":\"pt-PT\",\"potentialAction\":[{\"@type\":\"ReadAction\",\"target\":[\"https:\/\/comprardevoluciones.com\/producto\/sp280490381\/\"]}]},{\"@type\":\"ImageObject\",\"inLanguage\":\"pt-PT\",\"@id\":\"https:\/\/comprardevoluciones.com\/producto\/sp280490381\/#primaryimage\",\"url\":\"https:\/\/comprardevoluciones.com\/wp-content\/uploads\/2025\/05\/sp280490381.jpg\",\"contentUrl\":\"https:\/\/comprardevoluciones.com\/wp-content\/uploads\/2025\/05\/sp280490381.jpg\",\"width\":700,\"height\":700},{\"@type\":\"BreadcrumbList\",\"@id\":\"https:\/\/comprardevoluciones.com\/producto\/sp280490381\/#breadcrumb\",\"itemListElement\":[{\"@type\":\"ListItem\",\"position\":1,\"name\":\"Portada\",\"item\":\"https:\/\/comprardevoluciones.com\/\"},{\"@type\":\"ListItem\",\"position\":2,\"name\":\"Loja\",\"item\":\"https:\/\/comprardevoluciones.com\/tienda\/\"},{\"@type\":\"ListItem\",\"position\":3,\"name\":\"Caja de Deporte [42 productos] (sp280490381)\"}]},{\"@type\":\"WebSite\",\"@id\":\"https:\/\/comprardevoluciones.com\/#website\",\"url\":\"https:\/\/comprardevoluciones.com\/\",\"name\":\"Comprardevoluciones - Tu tienda de Devoluciones de Amazon\",\"description\":\"Consigue Stock en buen estado a un precio imbatible\",\"potentialAction\":[{\"@type\":\"SearchAction\",\"target\":{\"@type\":\"EntryPoint\",\"urlTemplate\":\"https:\/\/comprardevoluciones.com\/?s={search_term_string}\"},\"query-input\":{\"@type\":\"PropertyValueSpecification\",\"valueRequired\":true,\"valueName\":\"search_term_string\"}}],\"inLanguage\":\"pt-PT\"}]}<\/script>\n<!-- \/ Yoast SEO plugin. -->","yoast_head_json":{"title":"Caja de Deporte [42 productos] (sp280490381) - Comprardevoluciones - Tu tienda de Devoluciones de Amazon","robots":{"index":"noindex","follow":"follow"},"og_locale":"pt_PT","og_type":"article","og_title":"Caja de Deporte [42 productos] (sp280490381) - Comprardevoluciones - Tu tienda de Devoluciones de Amazon","og_description":"Caja de Deporte sin revisar procedente de devoluciones de marketplaces   N\u00famero de productos: 42  Valor aproximado: 1733.00  Porcentaje que se paga: 21% + IVA  Tiempo de entrega estimado: 3 a 7 d\u00edas  *Los precios incluyen IVA","og_url":"https:\/\/comprardevoluciones.com\/producto\/sp280490381\/","og_site_name":"Comprardevoluciones - Tu tienda de Devoluciones de Amazon","article_modified_time":"2025-09-15T09:03:16+00:00","og_image":[{"width":700,"height":700,"url":"https:\/\/comprardevoluciones.com\/wp-content\/uploads\/2025\/05\/sp280490381.jpg","type":"image\/jpeg"}],"twitter_card":"summary_large_image","twitter_misc":{"Tempo estimado de leitura":"4 minutos"},"schema":{"@context":"https:\/\/schema.org","@graph":[{"@type":"WebPage","@id":"https:\/\/comprardevoluciones.com\/producto\/sp280490381\/","url":"https:\/\/comprardevoluciones.com\/producto\/sp280490381\/","name":"Caja de Deporte [42 productos] (sp280490381) - Comprardevoluciones - Tu tienda de Devoluciones de Amazon","isPartOf":{"@id":"https:\/\/comprardevoluciones.com\/#website"},"primaryImageOfPage":{"@id":"https:\/\/comprardevoluciones.com\/producto\/sp280490381\/#primaryimage"},"image":{"@id":"https:\/\/comprardevoluciones.com\/producto\/sp280490381\/#primaryimage"},"thumbnailUrl":"https:\/\/comprardevoluciones.com\/wp-content\/uploads\/2025\/05\/sp280490381.jpg","datePublished":"2025-09-15T09:02:49+00:00","dateModified":"2025-09-15T09:03:16+00:00","breadcrumb":{"@id":"https:\/\/comprardevoluciones.com\/producto\/sp280490381\/#breadcrumb"},"inLanguage":"pt-PT","potentialAction":[{"@type":"ReadAction","target":["https:\/\/comprardevoluciones.com\/producto\/sp280490381\/"]}]},{"@type":"ImageObject","inLanguage":"pt-PT","@id":"https:\/\/comprardevoluciones.com\/producto\/sp280490381\/#primaryimage","url":"https:\/\/comprardevoluciones.com\/wp-content\/uploads\/2025\/05\/sp280490381.jpg","contentUrl":"https:\/\/comprardevoluciones.com\/wp-content\/uploads\/2025\/05\/sp280490381.jpg","width":700,"height":700},{"@type":"BreadcrumbList","@id":"https:\/\/comprardevoluciones.com\/producto\/sp280490381\/#breadcrumb","itemListElement":[{"@type":"ListItem","position":1,"name":"Portada","item":"https:\/\/comprardevoluciones.com\/"},{"@type":"ListItem","position":2,"name":"Loja","item":"https:\/\/comprardevoluciones.com\/tienda\/"},{"@type":"ListItem","position":3,"name":"Caja de Deporte [42 productos] (sp280490381)"}]},{"@type":"WebSite","@id":"https:\/\/comprardevoluciones.com\/#website","url":"https:\/\/comprardevoluciones.com\/","name":"Comprardevoluciones - Tu tienda de Devoluciones de Amazon","description":"Consigue Stock en buen estado a un precio imbatible","potentialAction":[{"@type":"SearchAction","target":{"@type":"EntryPoint","urlTemplate":"https:\/\/comprardevoluciones.com\/?s={search_term_string}"},"query-input":{"@type":"PropertyValueSpecification","valueRequired":true,"valueName":"search_term_string"}}],"inLanguage":"pt-PT"}]}},"_links":{"self":[{"href":"https:\/\/comprardevoluciones.com\/pt-pt\/wp-json\/wp\/v2\/product\/121771","targetHints":{"allow":["GET"]}}],"collection":[{"href":"https:\/\/comprardevoluciones.com\/pt-pt\/wp-json\/wp\/v2\/product"}],"about":[{"href":"https:\/\/comprardevoluciones.com\/pt-pt\/wp-json\/wp\/v2\/types\/product"}],"wp:featuredmedia":[{"embeddable":true,"href":"https:\/\/comprardevoluciones.com\/pt-pt\/wp-json\/wp\/v2\/media\/121929"}],"wp:attachment":[{"href":"https:\/\/comprardevoluciones.com\/pt-pt\/wp-json\/wp\/v2\/media?parent=121771"}],"wp:term":[{"taxonomy":"product_brand","embeddable":true,"href":"https:\/\/comprardevoluciones.com\/pt-pt\/wp-json\/wp\/v2\/product_brand?post=121771"},{"taxonomy":"product_cat","embeddable":true,"href":"https:\/\/comprardevoluciones.com\/pt-pt\/wp-json\/wp\/v2\/product_cat?post=121771"},{"taxonomy":"product_tag","embeddable":true,"href":"https:\/\/comprardevoluciones.com\/pt-pt\/wp-json\/wp\/v2\/product_tag?post=121771"}],"curies":[{"name":"wp","href":"https:\/\/api.w.org\/{rel}","templated":true}]}}