{"id":147409,"date":"2026-05-01T10:00:24","date_gmt":"2026-05-01T09:00:24","guid":{"rendered":"https:\/\/comprardevoluciones.com\/?post_type=product&#038;p=147409"},"modified":"2026-04-30T17:02:59","modified_gmt":"2026-04-30T16:02:59","slug":"spilv13nhzy","status":"publish","type":"product","link":"https:\/\/comprardevoluciones.com\/pt-pt\/producto\/spilv13nhzy\/","title":{"rendered":"Caja de Deporte y Ropa [38 productos] (spIlV13nhzy)"},"content":{"rendered":"<p>Descripci\u00f3n y valor aproximados<\/p>\n<table>\n<tbody>\n<tr>\n<td><strong>FUENTE<\/strong><\/td>\n<td><strong>PRODUCTO<\/strong><\/td>\n<td><strong>VALOR (\u20ac)<\/strong><\/td>\n<td><strong>PAGAS (\u20ac)<\/strong><\/td>\n<\/tr>\n<tr>\n<td>MARKETPLACES<\/td>\n<td><a class=\"ljoptimizer\" href=\"https:\/\/www.amazon.es\/dp\/B0D9YK9K8N?tag=amazon087683-21&amp;th=1\" target=\"_blank\" rel=\"nofollow noopener\">POC Kortal Race MIPS Fahrradhelm &#8211; Maximierter Schutz und exzellente Bel\u00fcftung f\u00fcr anspruchsvolle Trail- und Enduro-Enthusiasten, MIPS-Schutz, RECCO-Reflektor<\/a><\/td>\n<td>188 \u20ac<\/td>\n<td>47 \u20ac<\/td>\n<\/tr>\n<tr>\n<td>MARKETPLACES<\/td>\n<td><a class=\"ljoptimizer\" href=\"https:\/\/www.amazon.es\/dp\/B0D3J5ZBTB?tag=amazon087683-21&amp;th=1\" target=\"_blank\" rel=\"nofollow noopener\">Tommy Jeans Mom Jean Uhr TPR Ai4185 Dw0dw21389 Vaqueros, Mezclilla (Negro Mezclilla), 28W \/ 28L para Mujer<\/a><\/td>\n<td>65 \u20ac<\/td>\n<td>16 \u20ac<\/td>\n<\/tr>\n<tr>\n<td>MARKETPLACES<\/td>\n<td><a class=\"ljoptimizer\" href=\"https:\/\/www.amazon.es\/dp\/B08R1366PB?tag=amazon087683-21&amp;th=1\" target=\"_blank\" rel=\"nofollow noopener\">Roxy Femme Essentials Combinaison De Soleil, Noir, XL EU<\/a><\/td>\n<td>55 \u20ac<\/td>\n<td>14 \u20ac<\/td>\n<\/tr>\n<tr>\n<td>MARKETPLACES<\/td>\n<td><a class=\"ljoptimizer\" href=\"https:\/\/www.amazon.es\/dp\/B0DJ2SWJ7J?tag=amazon087683-21&amp;th=1\" target=\"_blank\" rel=\"nofollow noopener\">REFRESH &#8211; Sandalia Mujer Camel &#8211; Calzado C\u00f3modo y Vers\u00e1til &#8211; Moda casual &#8211; Modelo 17278001 (Talla 40)<\/a><\/td>\n<td>43 \u20ac<\/td>\n<td>11 \u20ac<\/td>\n<\/tr>\n<tr>\n<td>MARKETPLACES<\/td>\n<td><a class=\"ljoptimizer\" href=\"https:\/\/www.amazon.es\/dp\/B0CVL3CZ2N?tag=amazon087683-21&amp;th=1\" target=\"_blank\" rel=\"nofollow noopener\">givova Pantalones Terry Band, Unisex Adulto, Negro<\/a><\/td>\n<td>39 \u20ac<\/td>\n<td>10 \u20ac<\/td>\n<\/tr>\n<tr>\n<td>MARKETPLACES<\/td>\n<td><a class=\"ljoptimizer\" href=\"https:\/\/www.amazon.es\/dp\/B0CP5QNSSX?tag=amazon087683-21&amp;th=1\" target=\"_blank\" rel=\"nofollow noopener\">Reusch Attrakt Freegel Silver Junior Guantes de Portero para ni\u00f1os con Evolution Negative Cut y excelente Agarre, 7.5<\/a><\/td>\n<td>35 \u20ac<\/td>\n<td>9 \u20ac<\/td>\n<\/tr>\n<tr>\n<td>MARKETPLACES<\/td>\n<td><a class=\"ljoptimizer\" href=\"https:\/\/www.amazon.es\/dp\/B07LH37K3Y?tag=amazon087683-21&amp;th=1\" target=\"_blank\" rel=\"nofollow noopener\">Intex 64765 &#8211; Materasso Gonfiabile Classic Downy Matrimoniale, Due Cuscini e Pompa Manuale, PVC, Blu, 152x203x25 cm<\/a><\/td>\n<td>32 \u20ac<\/td>\n<td>8 \u20ac<\/td>\n<\/tr>\n<tr>\n<td>MARKETPLACES<\/td>\n<td><a class=\"ljoptimizer\" href=\"https:\/\/www.amazon.es\/dp\/B0DX233MJ8?tag=amazon087683-21&amp;th=1\" target=\"_blank\" rel=\"nofollow noopener\">Amazon Essentials Damen Hochelastische Flare-Jeans Hoher Bund, Dunkler Schatten, 46<\/a><\/td>\n<td>32 \u20ac<\/td>\n<td>8 \u20ac<\/td>\n<\/tr>\n<tr>\n<td>MARKETPLACES<\/td>\n<td><a class=\"ljoptimizer\" href=\"https:\/\/www.amazon.es\/dp\/B0DX25Z4K6?tag=amazon087683-21&amp;th=1\" target=\"_blank\" rel=\"nofollow noopener\">Amazon Essentials Herren Slim-Fit-Jeans, Helles EIS, 32W \/ 30L<\/a><\/td>\n<td>30 \u20ac<\/td>\n<td>8 \u20ac<\/td>\n<\/tr>\n<tr>\n<td>MARKETPLACES<\/td>\n<td><a class=\"ljoptimizer\" href=\"https:\/\/www.amazon.es\/dp\/B094DQG731?tag=amazon087683-21&amp;th=1\" target=\"_blank\" rel=\"nofollow noopener\">Speedo Women&#8217;s Eco Endurance+ Medalist Swimsuit| Athletic Fit | Classic Design| Recycled Fabric | Chlorine Resistant | Extra Flexibility, Fed Red, 42<\/a><\/td>\n<td>30 \u20ac<\/td>\n<td>8 \u20ac<\/td>\n<\/tr>\n<tr>\n<td>MARKETPLACES<\/td>\n<td><a class=\"ljoptimizer\" href=\"https:\/\/www.amazon.es\/dp\/B07RMM2N3J?tag=amazon087683-21&amp;th=1\" target=\"_blank\" rel=\"nofollow noopener\">Amazon Essentials Damen Schmale Jeans Mit Geradem Schnitt und Mittelhohem Bund &#8211; Auslaufmodell, Dunkle Waschung, 36 Lang<\/a><\/td>\n<td>30 \u20ac<\/td>\n<td>7 \u20ac<\/td>\n<\/tr>\n<tr>\n<td>MARKETPLACES<\/td>\n<td><a class=\"ljoptimizer\" href=\"https:\/\/www.amazon.es\/dp\/B07BN7D3GG?tag=amazon087683-21&amp;th=1\" target=\"_blank\" rel=\"nofollow noopener\">Amazon Essentials Herren Verstaubare, Leichte, Wasserabweisende Pufferjacke (Erh\u00e4ltlich In Big &amp; Tall), Ziegelrot, S<\/a><\/td>\n<td>29 \u20ac<\/td>\n<td>7 \u20ac<\/td>\n<\/tr>\n<tr>\n<td>MARKETPLACES<\/td>\n<td><a class=\"ljoptimizer\" href=\"https:\/\/www.amazon.es\/dp\/B0BXS8WKVP?tag=amazon087683-21&amp;th=1\" target=\"_blank\" rel=\"nofollow noopener\">Gyakeog Mochila Bandolera Cruzada Hombre Impermeable 9.7&#8243; USB &#8211; Bolso Pr\u00e1ctico para Viaje, Deporte, Oficina y Universidad &#8211; Negro<\/a><\/td>\n<td>27 \u20ac<\/td>\n<td>7 \u20ac<\/td>\n<\/tr>\n<tr>\n<td>MARKETPLACES<\/td>\n<td><a class=\"ljoptimizer\" href=\"https:\/\/www.amazon.es\/dp\/B07BJKY763?tag=amazon087683-21&amp;th=1\" target=\"_blank\" rel=\"nofollow noopener\">Amazon Essentials Herren Athletic-Fit-Stretchjeans &#8211; Auslauffarben, Leicht Ausgesp\u00fclt, 32W \/ 30L<\/a><\/td>\n<td>25 \u20ac<\/td>\n<td>6 \u20ac<\/td>\n<\/tr>\n<tr>\n<td>MARKETPLACES<\/td>\n<td><a class=\"ljoptimizer\" href=\"https:\/\/www.amazon.es\/dp\/B0BJDGFBXW?tag=amazon087683-21&amp;th=1\" target=\"_blank\" rel=\"nofollow noopener\">Amazon Essentials Herren Lang\u00e4rmliges T-Shirt In \u00dcbergro\u00dfer Passform Aus Bio-Baumwolle, Schwarz, XXL<\/a><\/td>\n<td>24 \u20ac<\/td>\n<td>6 \u20ac<\/td>\n<\/tr>\n<tr>\n<td>MARKETPLACES<\/td>\n<td><a class=\"ljoptimizer\" href=\"https:\/\/www.amazon.es\/dp\/B0BJDDV3LX?tag=amazon087683-21&amp;th=1\" target=\"_blank\" rel=\"nofollow noopener\">Amazon Essentials Herren Lang\u00e4rmliges T-Shirt In \u00dcbergro\u00dfer Passform Aus Bio-Baumwolle, Salbeigr\u00fcn, XXL<\/a><\/td>\n<td>24 \u20ac<\/td>\n<td>6 \u20ac<\/td>\n<\/tr>\n<tr>\n<td>MARKETPLACES<\/td>\n<td><a class=\"ljoptimizer\" href=\"https:\/\/www.amazon.es\/dp\/B09G4NRSSX?tag=amazon087683-21&amp;th=1\" target=\"_blank\" rel=\"nofollow noopener\">ENDURA Mesh Clickfast II Culote para Hombre, Negro, L<\/a><\/td>\n<td>24 \u20ac<\/td>\n<td>6 \u20ac<\/td>\n<\/tr>\n<tr>\n<td>MARKETPLACES<\/td>\n<td><a class=\"ljoptimizer\" href=\"https:\/\/www.amazon.es\/dp\/B08CSKT71M?tag=amazon087683-21&amp;th=1\" target=\"_blank\" rel=\"nofollow noopener\">Amazon Essentials Damen Ballerinas Belice Zum Hineinschl\u00fcpfen, Schwarz Mikro Wildleder, 42 EU Weit<\/a><\/td>\n<td>23 \u20ac<\/td>\n<td>6 \u20ac<\/td>\n<\/tr>\n<tr>\n<td>MARKETPLACES<\/td>\n<td><a class=\"ljoptimizer\" href=\"https:\/\/www.amazon.es\/dp\/B002SNA81S?tag=amazon087683-21&amp;th=1\" target=\"_blank\" rel=\"nofollow noopener\">Crocs Unisex Erwachsene Crocband Flip Flip, White, 45\/46 EU<\/a><\/td>\n<td>21 \u20ac<\/td>\n<td>5 \u20ac<\/td>\n<\/tr>\n<tr>\n<td>MARKETPLACES<\/td>\n<td><a class=\"ljoptimizer\" href=\"https:\/\/www.amazon.es\/dp\/B075JV9DQY?tag=amazon087683-21&amp;th=1\" target=\"_blank\" rel=\"nofollow noopener\">Amazon Essentials Herren Fleece-Jogginghose mit offenem Saum (erh\u00e4ltlich in \u00dcbergr\u00f6\u00dfen), Marineblau, L<\/a><\/td>\n<td>21 \u20ac<\/td>\n<td>5 \u20ac<\/td>\n<\/tr>\n<tr>\n<td>MARKETPLACES<\/td>\n<td><a class=\"ljoptimizer\" href=\"https:\/\/www.amazon.es\/dp\/B08N57KZMW?tag=amazon087683-21&amp;th=1\" target=\"_blank\" rel=\"nofollow noopener\">TaylorMade Stratus Soft &#8211; Guante de Golf para Hombre, Color Blanco, Talla S<\/a><\/td>\n<td>20 \u20ac<\/td>\n<td>5 \u20ac<\/td>\n<\/tr>\n<tr>\n<td>MARKETPLACES<\/td>\n<td><a class=\"ljoptimizer\" href=\"https:\/\/www.amazon.es\/dp\/B01ERRIVI4?tag=amazon087683-21&amp;th=1\" target=\"_blank\" rel=\"nofollow noopener\">Joma Sweatshirt \u00e0 manches longues pour hommes &#8211; 6XS &#8211; 3XL &#8211; Faraon<\/a><\/td>\n<td>20 \u20ac<\/td>\n<td>5 \u20ac<\/td>\n<\/tr>\n<tr>\n<td>MARKETPLACES<\/td>\n<td><a class=\"ljoptimizer\" href=\"https:\/\/www.amazon.es\/dp\/B09T3NFJ1F?tag=amazon087683-21&amp;th=1\" target=\"_blank\" rel=\"nofollow noopener\">adidas Damen Entrada 22 Training Pants, Black, S Tall<\/a><\/td>\n<td>20 \u20ac<\/td>\n<td>5 \u20ac<\/td>\n<\/tr>\n<tr>\n<td>MARKETPLACES<\/td>\n<td><a class=\"ljoptimizer\" href=\"https:\/\/www.amazon.es\/dp\/B093LXC5SN?tag=amazon087683-21&amp;th=1\" target=\"_blank\" rel=\"nofollow noopener\">Amazon Essentials Herren 5-Pocket-Stretch-Twillhose, Schlanke Passform, Gold, 28W \/ 29L<\/a><\/td>\n<td>20 \u20ac<\/td>\n<td>5 \u20ac<\/td>\n<\/tr>\n<tr>\n<td>MARKETPLACES<\/td>\n<td><a class=\"ljoptimizer\" href=\"https:\/\/www.amazon.es\/dp\/B0DP1DW9C6?tag=amazon087683-21&amp;th=1\" target=\"_blank\" rel=\"nofollow noopener\">XTI 143888, Zapatillas Mujer, Beige, 38 EU<\/a><\/td>\n<td>20 \u20ac<\/td>\n<td>5 \u20ac<\/td>\n<\/tr>\n<tr>\n<td>MARKETPLACES<\/td>\n<td><a class=\"ljoptimizer\" href=\"https:\/\/www.amazon.es\/dp\/B0F7SL6K4R?tag=amazon087683-21&amp;th=1\" target=\"_blank\" rel=\"nofollow noopener\">Amazon Essentials Herren-Unterhemd aus superweichem Modal, lang\u00e4rmelig, Wei\u00df, Gr\u00f6\u00dfe XL<\/a><\/td>\n<td>19 \u20ac<\/td>\n<td>5 \u20ac<\/td>\n<\/tr>\n<tr>\n<td>MARKETPLACES<\/td>\n<td><a class=\"ljoptimizer\" href=\"https:\/\/www.amazon.es\/dp\/B09R9LXQNX?tag=amazon087683-21&amp;th=1\" target=\"_blank\" rel=\"nofollow noopener\">Amazon Essentials Disney | Marvel | Star Wars Herren Schlafanzug-Schlaf-Sets Flanell, Marvel Thor &#8211; Mens, XS<\/a><\/td>\n<td>15 \u20ac<\/td>\n<td>4 \u20ac<\/td>\n<\/tr>\n<tr>\n<td>MARKETPLACES<\/td>\n<td><a class=\"ljoptimizer\" href=\"https:\/\/www.amazon.es\/dp\/B0F4RVXD1Z?tag=amazon087683-21&amp;th=1\" target=\"_blank\" rel=\"nofollow noopener\">safta Real Madrid 3D &#8211; Zaino per asilo 3D, adattabile al carrello, facile da pulire, ideale per bambini di diverse et\u00e0, comodo e versatile, qualit\u00e0 e resistenza, 22 x 10 x 27 cm, Nero, M, Casual<\/a><\/td>\n<td>15 \u20ac<\/td>\n<td>4 \u20ac<\/td>\n<\/tr>\n<tr>\n<td>MARKETPLACES<\/td>\n<td><a class=\"ljoptimizer\" href=\"https:\/\/www.amazon.es\/dp\/B0DSHX2Q3D?tag=amazon087683-21&amp;th=1\" target=\"_blank\" rel=\"nofollow noopener\">Inateck Ri\u00f1onera Bloqueo RFID, Bolsa de Cintura Fashion con Correa Ajustable, Bolsa Crossbody Resistente al Agua para Hombres y Mujeres, Bandolera Sling Multifuncional para Viajes, Paseos, Ciclismo<\/a><\/td>\n<td>15 \u20ac<\/td>\n<td>4 \u20ac<\/td>\n<\/tr>\n<tr>\n<td>MARKETPLACES<\/td>\n<td><a class=\"ljoptimizer\" href=\"https:\/\/www.amazon.es\/dp\/B07FKP159K?tag=amazon087683-21&amp;th=1\" target=\"_blank\" rel=\"nofollow noopener\">Joma Hombre Pantalon Largo Deportivo, Marino, M<\/a><\/td>\n<td>14 \u20ac<\/td>\n<td>4 \u20ac<\/td>\n<\/tr>\n<tr>\n<td>MARKETPLACES<\/td>\n<td><a class=\"ljoptimizer\" href=\"https:\/\/www.amazon.es\/dp\/B079RKXPKJ?tag=amazon087683-21&amp;th=1\" target=\"_blank\" rel=\"nofollow noopener\">Asioka 82\/10 Sudadera, Unisex Adulto, Azul Marino, XL<\/a><\/td>\n<td>14 \u20ac<\/td>\n<td>3 \u20ac<\/td>\n<\/tr>\n<tr>\n<td>MARKETPLACES<\/td>\n<td><a class=\"ljoptimizer\" href=\"https:\/\/www.amazon.es\/dp\/B078MV7JHK?tag=amazon087683-21&amp;th=1\" target=\"_blank\" rel=\"nofollow noopener\">Super Sparrow BX-17oz-Orchid Trinkflasche &#8211; Tritan Wasserflasche &#8211; 500ml &#8211; BPA-frei &#8211; Ideale Sportflasche &#8211; Sport, Wasser, Fahrrad, Fitness, Uni, Outdoor &#8211; Leicht, Nachhaltig<\/a><\/td>\n<td>13 \u20ac<\/td>\n<td>3 \u20ac<\/td>\n<\/tr>\n<tr>\n<td>MARKETPLACES<\/td>\n<td><a class=\"ljoptimizer\" href=\"https:\/\/www.amazon.es\/dp\/B0CPDFCX2H?tag=amazon087683-21&amp;th=1\" target=\"_blank\" rel=\"nofollow noopener\">Pendientes de tuerca de plata de ley para mujeres y ni\u00f1as, aretes de tuerca de plata con circonita c\u00fabica ovalada, aretes de diamante sint\u00e9tico en forma de girasol, regalos de joyer\u00eda para cumplea\u00f1os<\/a><\/td>\n<td>13 \u20ac<\/td>\n<td>3 \u20ac<\/td>\n<\/tr>\n<tr>\n<td>MARKETPLACES<\/td>\n<td><a class=\"ljoptimizer\" href=\"https:\/\/www.amazon.es\/dp\/B07JN6PDSB?tag=amazon087683-21&amp;th=1\" target=\"_blank\" rel=\"nofollow noopener\">Amazon Essentials Damen Jogginghose Mit Geradem Bein Und Kordelzug F\u00fcr Damen, Fleece \u2013 (In \u00dcbergr\u00f6\u00dfe Erh\u00e4ltlich), Dunkelgrau Meliert, XL<\/a><\/td>\n<td>12 \u20ac<\/td>\n<td>3 \u20ac<\/td>\n<\/tr>\n<tr>\n<td>MARKETPLACES<\/td>\n<td><a class=\"ljoptimizer\" href=\"https:\/\/www.amazon.es\/dp\/B0B42GJP74?tag=amazon087683-21&amp;th=1\" target=\"_blank\" rel=\"nofollow noopener\">adidas Unisex Kids Milano 23 Socks, White \/ Black, 7-8 Years<\/a><\/td>\n<td>10 \u20ac<\/td>\n<td>3 \u20ac<\/td>\n<\/tr>\n<tr>\n<td>MARKETPLACES<\/td>\n<td><a class=\"ljoptimizer\" href=\"https:\/\/www.amazon.es\/dp\/B00LBUZU3K?tag=amazon087683-21&amp;th=1\" target=\"_blank\" rel=\"nofollow noopener\">Joma Combi M\/C, T-Shirt Hombre, Negro, XXL<\/a><\/td>\n<td>9 \u20ac<\/td>\n<td>2 \u20ac<\/td>\n<\/tr>\n<tr>\n<td>MARKETPLACES<\/td>\n<td><a class=\"ljoptimizer\" href=\"https:\/\/www.amazon.es\/dp\/B00LBUZU3K?tag=amazon087683-21&amp;th=1\" target=\"_blank\" rel=\"nofollow noopener\">Joma Combi M\/C, T-Shirt Hombre, Negro, XXL<\/a><\/td>\n<td>9 \u20ac<\/td>\n<td>2 \u20ac<\/td>\n<\/tr>\n<tr>\n<td>MARKETPLACES<\/td>\n<td><a class=\"ljoptimizer\" href=\"https:\/\/www.amazon.es\/dp\/B079NXXCB6?tag=amazon087683-21&amp;th=1\" target=\"_blank\" rel=\"nofollow noopener\">Asioka 130\/16 Camiseta Deportiva, Unisex Adulto, Verde, XL<\/a><\/td>\n<td>4 \u20ac<\/td>\n<td>1 \u20ac<\/td>\n<\/tr>\n<\/tbody>\n<\/table>\n","protected":false},"excerpt":{"rendered":"<p>Caja de Deporte y Ropa sin revisar procedente de devoluciones de marketplaces<\/p>\n<ul>\n<li>N\u00famero de productos: 38<\/li>\n<li>Valor aproximado: 1059.00<\/li>\n<li>Porcentaje que se paga: 21% + IVA<\/li>\n<li>Tiempo de entrega estimado: 3 a 7 d\u00edas<\/li>\n<\/ul>\n<p>*Los precios incluyen IVA<\/p>\n","protected":false},"featured_media":147851,"template":"","meta":{"site-sidebar-layout":"default","site-content-layout":"","ast-site-content-layout":"default","site-content-style":"default","site-sidebar-style":"default","ast-global-header-display":"","ast-banner-title-visibility":"","ast-main-header-display":"","ast-hfb-above-header-display":"","ast-hfb-below-header-display":"","ast-hfb-mobile-header-display":"","site-post-title":"","ast-breadcrumbs-content":"","ast-featured-img":"","footer-sml-layout":"","ast-disable-related-posts":"","theme-transparent-header-meta":"default","adv-header-id-meta":"","stick-header-meta":"","header-above-stick-meta":"","header-main-stick-meta":"","header-below-stick-meta":"","astra-migrate-meta-layouts":"set","ast-page-background-enabled":"default","ast-page-background-meta":{"desktop":{"background-color":"var(--ast-global-color-4)","background-image":"","background-repeat":"repeat","background-position":"center center","background-size":"auto","background-attachment":"scroll","background-type":"","background-media":"","overlay-type":"","overlay-color":"","overlay-opacity":"","overlay-gradient":""},"tablet":{"background-color":"","background-image":"","background-repeat":"repeat","background-position":"center center","background-size":"auto","background-attachment":"scroll","background-type":"","background-media":"","overlay-type":"","overlay-color":"","overlay-opacity":"","overlay-gradient":""},"mobile":{"background-color":"","background-image":"","background-repeat":"repeat","background-position":"center center","background-size":"auto","background-attachment":"scroll","background-type":"","background-media":"","overlay-type":"","overlay-color":"","overlay-opacity":"","overlay-gradient":""}},"ast-content-background-meta":{"desktop":{"background-color":"var(--ast-global-color-5)","background-image":"","background-repeat":"repeat","background-position":"center center","background-size":"auto","background-attachment":"scroll","background-type":"","background-media":"","overlay-type":"","overlay-color":"","overlay-opacity":"","overlay-gradient":""},"tablet":{"background-color":"var(--ast-global-color-5)","background-image":"","background-repeat":"repeat","background-position":"center center","background-size":"auto","background-attachment":"scroll","background-type":"","background-media":"","overlay-type":"","overlay-color":"","overlay-opacity":"","overlay-gradient":""},"mobile":{"background-color":"var(--ast-global-color-5)","background-image":"","background-repeat":"repeat","background-position":"center center","background-size":"auto","background-attachment":"scroll","background-type":"","background-media":"","overlay-type":"","overlay-color":"","overlay-opacity":"","overlay-gradient":""}}},"product_brand":[],"product_cat":[49,53],"product_tag":[],"class_list":{"0":"post-147409","1":"product","2":"type-product","3":"status-publish","4":"has-post-thumbnail","6":"product_cat-cajas","7":"product_cat-deporte","8":"product_shipping_class-caja","9":"desktop-align-left","10":"tablet-align-left","11":"mobile-align-left","13":"first","14":"instock","15":"sale","16":"downloadable","17":"taxable","18":"shipping-taxable","19":"purchasable","20":"product-type-simple"},"yoast_head":"<!-- This site is optimized with the Yoast SEO plugin v27.5 - https:\/\/yoast.com\/product\/yoast-seo-wordpress\/ -->\n<title>Caja de Deporte y Ropa [38 productos] (spIlV13nhzy) - Comprardevoluciones - Tu tienda de Devoluciones de Amazon<\/title>\n<meta name=\"robots\" content=\"noindex, follow\" \/>\n<meta property=\"og:locale\" content=\"pt_PT\" \/>\n<meta property=\"og:type\" content=\"article\" \/>\n<meta property=\"og:title\" content=\"Caja de Deporte y Ropa [38 productos] (spIlV13nhzy) - Comprardevoluciones - Tu tienda de Devoluciones de Amazon\" \/>\n<meta property=\"og:description\" content=\"Caja de Deporte y Ropa sin revisar procedente de devoluciones de marketplaces   N\u00famero de productos: 38  Valor aproximado: 1059.00  Porcentaje que se paga: 21% + IVA  Tiempo de entrega estimado: 3 a 7 d\u00edas  *Los precios incluyen IVA\" \/>\n<meta property=\"og:url\" content=\"https:\/\/comprardevoluciones.com\/producto\/spilv13nhzy\/\" \/>\n<meta property=\"og:site_name\" content=\"Comprardevoluciones - Tu tienda de Devoluciones de Amazon\" \/>\n<meta property=\"og:image\" content=\"https:\/\/comprardevoluciones.com\/wp-content\/uploads\/2025\/11\/spIlV13nhzy.jpg\" \/>\n\t<meta property=\"og:image:width\" content=\"700\" \/>\n\t<meta property=\"og:image:height\" content=\"700\" \/>\n\t<meta property=\"og:image:type\" content=\"image\/jpeg\" \/>\n<meta name=\"twitter:card\" content=\"summary_large_image\" \/>\n<meta name=\"twitter:label1\" content=\"Tempo estimado de leitura\" \/>\n\t<meta name=\"twitter:data1\" content=\"4 minutos\" \/>\n<script type=\"application\/ld+json\" class=\"yoast-schema-graph\">{\"@context\":\"https:\\\/\\\/schema.org\",\"@graph\":[{\"@type\":\"WebPage\",\"@id\":\"https:\\\/\\\/comprardevoluciones.com\\\/producto\\\/spilv13nhzy\\\/\",\"url\":\"https:\\\/\\\/comprardevoluciones.com\\\/producto\\\/spilv13nhzy\\\/\",\"name\":\"Caja de Deporte y Ropa [38 productos] (spIlV13nhzy) - Comprardevoluciones - Tu tienda de Devoluciones de Amazon\",\"isPartOf\":{\"@id\":\"https:\\\/\\\/comprardevoluciones.com\\\/#website\"},\"primaryImageOfPage\":{\"@id\":\"https:\\\/\\\/comprardevoluciones.com\\\/producto\\\/spilv13nhzy\\\/#primaryimage\"},\"image\":{\"@id\":\"https:\\\/\\\/comprardevoluciones.com\\\/producto\\\/spilv13nhzy\\\/#primaryimage\"},\"thumbnailUrl\":\"https:\\\/\\\/comprardevoluciones.com\\\/wp-content\\\/uploads\\\/2025\\\/11\\\/spIlV13nhzy.jpg\",\"datePublished\":\"2026-05-01T09:00:24+00:00\",\"breadcrumb\":{\"@id\":\"https:\\\/\\\/comprardevoluciones.com\\\/producto\\\/spilv13nhzy\\\/#breadcrumb\"},\"inLanguage\":\"pt-PT\",\"potentialAction\":[{\"@type\":\"ReadAction\",\"target\":[\"https:\\\/\\\/comprardevoluciones.com\\\/producto\\\/spilv13nhzy\\\/\"]}]},{\"@type\":\"ImageObject\",\"inLanguage\":\"pt-PT\",\"@id\":\"https:\\\/\\\/comprardevoluciones.com\\\/producto\\\/spilv13nhzy\\\/#primaryimage\",\"url\":\"https:\\\/\\\/comprardevoluciones.com\\\/wp-content\\\/uploads\\\/2025\\\/11\\\/spIlV13nhzy.jpg\",\"contentUrl\":\"https:\\\/\\\/comprardevoluciones.com\\\/wp-content\\\/uploads\\\/2025\\\/11\\\/spIlV13nhzy.jpg\",\"width\":700,\"height\":700},{\"@type\":\"BreadcrumbList\",\"@id\":\"https:\\\/\\\/comprardevoluciones.com\\\/producto\\\/spilv13nhzy\\\/#breadcrumb\",\"itemListElement\":[{\"@type\":\"ListItem\",\"position\":1,\"name\":\"Portada\",\"item\":\"https:\\\/\\\/comprardevoluciones.com\\\/\"},{\"@type\":\"ListItem\",\"position\":2,\"name\":\"Loja\",\"item\":\"https:\\\/\\\/comprardevoluciones.com\\\/tienda\\\/\"},{\"@type\":\"ListItem\",\"position\":3,\"name\":\"Caja de Deporte y Ropa [38 productos] (spIlV13nhzy)\"}]},{\"@type\":\"WebSite\",\"@id\":\"https:\\\/\\\/comprardevoluciones.com\\\/#website\",\"url\":\"https:\\\/\\\/comprardevoluciones.com\\\/\",\"name\":\"Comprardevoluciones - Tu tienda de Devoluciones de Amazon\",\"description\":\"Consigue Stock en buen estado a un precio imbatible\",\"potentialAction\":[{\"@type\":\"SearchAction\",\"target\":{\"@type\":\"EntryPoint\",\"urlTemplate\":\"https:\\\/\\\/comprardevoluciones.com\\\/?s={search_term_string}\"},\"query-input\":{\"@type\":\"PropertyValueSpecification\",\"valueRequired\":true,\"valueName\":\"search_term_string\"}}],\"inLanguage\":\"pt-PT\"}]}<\/script>\n<!-- \/ Yoast SEO plugin. -->","yoast_head_json":{"title":"Caja de Deporte y Ropa [38 productos] (spIlV13nhzy) - Comprardevoluciones - Tu tienda de Devoluciones de Amazon","robots":{"index":"noindex","follow":"follow"},"og_locale":"pt_PT","og_type":"article","og_title":"Caja de Deporte y Ropa [38 productos] (spIlV13nhzy) - Comprardevoluciones - Tu tienda de Devoluciones de Amazon","og_description":"Caja de Deporte y Ropa sin revisar procedente de devoluciones de marketplaces   N\u00famero de productos: 38  Valor aproximado: 1059.00  Porcentaje que se paga: 21% + IVA  Tiempo de entrega estimado: 3 a 7 d\u00edas  *Los precios incluyen IVA","og_url":"https:\/\/comprardevoluciones.com\/producto\/spilv13nhzy\/","og_site_name":"Comprardevoluciones - Tu tienda de Devoluciones de Amazon","og_image":[{"width":700,"height":700,"url":"https:\/\/comprardevoluciones.com\/wp-content\/uploads\/2025\/11\/spIlV13nhzy.jpg","type":"image\/jpeg"}],"twitter_card":"summary_large_image","twitter_misc":{"Tempo estimado de leitura":"4 minutos"},"schema":{"@context":"https:\/\/schema.org","@graph":[{"@type":"WebPage","@id":"https:\/\/comprardevoluciones.com\/producto\/spilv13nhzy\/","url":"https:\/\/comprardevoluciones.com\/producto\/spilv13nhzy\/","name":"Caja de Deporte y Ropa [38 productos] (spIlV13nhzy) - Comprardevoluciones - Tu tienda de Devoluciones de Amazon","isPartOf":{"@id":"https:\/\/comprardevoluciones.com\/#website"},"primaryImageOfPage":{"@id":"https:\/\/comprardevoluciones.com\/producto\/spilv13nhzy\/#primaryimage"},"image":{"@id":"https:\/\/comprardevoluciones.com\/producto\/spilv13nhzy\/#primaryimage"},"thumbnailUrl":"https:\/\/comprardevoluciones.com\/wp-content\/uploads\/2025\/11\/spIlV13nhzy.jpg","datePublished":"2026-05-01T09:00:24+00:00","breadcrumb":{"@id":"https:\/\/comprardevoluciones.com\/producto\/spilv13nhzy\/#breadcrumb"},"inLanguage":"pt-PT","potentialAction":[{"@type":"ReadAction","target":["https:\/\/comprardevoluciones.com\/producto\/spilv13nhzy\/"]}]},{"@type":"ImageObject","inLanguage":"pt-PT","@id":"https:\/\/comprardevoluciones.com\/producto\/spilv13nhzy\/#primaryimage","url":"https:\/\/comprardevoluciones.com\/wp-content\/uploads\/2025\/11\/spIlV13nhzy.jpg","contentUrl":"https:\/\/comprardevoluciones.com\/wp-content\/uploads\/2025\/11\/spIlV13nhzy.jpg","width":700,"height":700},{"@type":"BreadcrumbList","@id":"https:\/\/comprardevoluciones.com\/producto\/spilv13nhzy\/#breadcrumb","itemListElement":[{"@type":"ListItem","position":1,"name":"Portada","item":"https:\/\/comprardevoluciones.com\/"},{"@type":"ListItem","position":2,"name":"Loja","item":"https:\/\/comprardevoluciones.com\/tienda\/"},{"@type":"ListItem","position":3,"name":"Caja de Deporte y Ropa [38 productos] (spIlV13nhzy)"}]},{"@type":"WebSite","@id":"https:\/\/comprardevoluciones.com\/#website","url":"https:\/\/comprardevoluciones.com\/","name":"Comprardevoluciones - Tu tienda de Devoluciones de Amazon","description":"Consigue Stock en buen estado a un precio imbatible","potentialAction":[{"@type":"SearchAction","target":{"@type":"EntryPoint","urlTemplate":"https:\/\/comprardevoluciones.com\/?s={search_term_string}"},"query-input":{"@type":"PropertyValueSpecification","valueRequired":true,"valueName":"search_term_string"}}],"inLanguage":"pt-PT"}]}},"_links":{"self":[{"href":"https:\/\/comprardevoluciones.com\/pt-pt\/wp-json\/wp\/v2\/product\/147409","targetHints":{"allow":["GET"]}}],"collection":[{"href":"https:\/\/comprardevoluciones.com\/pt-pt\/wp-json\/wp\/v2\/product"}],"about":[{"href":"https:\/\/comprardevoluciones.com\/pt-pt\/wp-json\/wp\/v2\/types\/product"}],"wp:featuredmedia":[{"embeddable":true,"href":"https:\/\/comprardevoluciones.com\/pt-pt\/wp-json\/wp\/v2\/media\/147851"}],"wp:attachment":[{"href":"https:\/\/comprardevoluciones.com\/pt-pt\/wp-json\/wp\/v2\/media?parent=147409"}],"wp:term":[{"taxonomy":"product_brand","embeddable":true,"href":"https:\/\/comprardevoluciones.com\/pt-pt\/wp-json\/wp\/v2\/product_brand?post=147409"},{"taxonomy":"product_cat","embeddable":true,"href":"https:\/\/comprardevoluciones.com\/pt-pt\/wp-json\/wp\/v2\/product_cat?post=147409"},{"taxonomy":"product_tag","embeddable":true,"href":"https:\/\/comprardevoluciones.com\/pt-pt\/wp-json\/wp\/v2\/product_tag?post=147409"}],"curies":[{"name":"wp","href":"https:\/\/api.w.org\/{rel}","templated":true}]}}