{"id":154558,"date":"2026-03-23T11:00:38","date_gmt":"2026-03-23T10:00:38","guid":{"rendered":"https:\/\/comprardevoluciones.com\/?post_type=product&#038;p=154558"},"modified":"2026-03-23T10:44:22","modified_gmt":"2026-03-23T09:44:22","slug":"spw83p8880c","status":"publish","type":"product","link":"https:\/\/comprardevoluciones.com\/pt-pt\/producto\/spw83p8880c\/","title":{"rendered":"Caja de Mascota [23 productos] (spW83P8880c)"},"content":{"rendered":"<p>Descripci\u00f3n y valor aproximados<\/p>\n<table>\n<tbody>\n<tr>\n<td><strong>FUENTE<\/strong><\/td>\n<td><strong>PRODUCTO<\/strong><\/td>\n<td><strong>VALOR (\u20ac)<\/strong><\/td>\n<td><strong>PAGAS (\u20ac)<\/strong><\/td>\n<\/tr>\n<tr>\n<td>MARKETPLACES<\/td>\n<td><a class=\"ljoptimizer\" href=\"https:\/\/www.amazon.es\/dp\/B0CSFYDC75?tag=amazon087683-21&amp;th=1\" target=\"_blank\" rel=\"nofollow noopener\">Philips Water Filtro de jarra + 12 cartuchos de filtro de repuesto, Filtraci\u00f3n Avanzada, flujo r\u00e1pido, temporizador electr\u00f3nico, filtra CLORO, CAL, metales pesados y MICROPL\u00c1STICOS, capacidad 2,6 L<\/a><\/td>\n<td>70 \u20ac<\/td>\n<td>14 \u20ac<\/td>\n<\/tr>\n<tr>\n<td>MARKETPLACES<\/td>\n<td><a class=\"ljoptimizer\" href=\"https:\/\/www.amazon.es\/dp\/B0DPZVMF8H?tag=amazon087683-21&amp;th=1\" target=\"_blank\" rel=\"nofollow noopener\">EHEYCIGA Cama Ortopedica y Viscoelastica para Perros Medianos 76x51x16.5 cm, Memory Foam Sofa para Perros Lavable, Cama Gato Suave, Marr\u00f3n<\/a><\/td>\n<td>38 \u20ac<\/td>\n<td>8 \u20ac<\/td>\n<\/tr>\n<tr>\n<td>MARKETPLACES<\/td>\n<td><a class=\"ljoptimizer\" href=\"https:\/\/www.amazon.es\/dp\/B08M3LJGM3?tag=amazon087683-21&amp;th=1\" target=\"_blank\" rel=\"nofollow noopener\">Pizuna Sabana Bajera 180&#215;210 Ajustable Algodon Blanco,Tejido Satinado de Lujo 100% algod\u00f3n de Fibra Larga de 400 Hilos Sabana Bajera 180 para colchones de hasta 40 cm de Grosor &#8211; 1 Pieza<\/a><\/td>\n<td>30 \u20ac<\/td>\n<td>6 \u20ac<\/td>\n<\/tr>\n<tr>\n<td>MARKETPLACES<\/td>\n<td><a class=\"ljoptimizer\" href=\"https:\/\/www.amazon.es\/dp\/B0CMGGY4C8?tag=amazon087683-21&amp;th=1\" target=\"_blank\" rel=\"nofollow noopener\">Feandrea Cama para Perros, Sof\u00e1 Cama para Mascotas, Alfombra Extra\u00edble y Reversible, Bordes Elevados, Base Antideslizante, Talla L, 85 x 65 x 21 cm, Azul Carb\u00f3n y Azul P\u00e1lido PGW004Q01<\/a><\/td>\n<td>29 \u20ac<\/td>\n<td>6 \u20ac<\/td>\n<\/tr>\n<tr>\n<td>MARKETPLACES<\/td>\n<td><a class=\"ljoptimizer\" href=\"https:\/\/www.amazon.es\/dp\/B0DZ6PQ3MT?tag=amazon087683-21&amp;th=1\" target=\"_blank\" rel=\"nofollow noopener\">Todocama &#8211; Manta de Algod\u00f3n Extrasuave con Dise\u00f1o Rayas, Colcha Multiusos Four Seasons para Sof\u00e1, Cama, Funda Decorativa y Manta Fular (Beige Arena, 230x240cm).<\/a><\/td>\n<td>27 \u20ac<\/td>\n<td>6 \u20ac<\/td>\n<\/tr>\n<tr>\n<td>MARKETPLACES<\/td>\n<td><a class=\"ljoptimizer\" href=\"https:\/\/www.amazon.es\/dp\/B0D9YH9S78?tag=amazon087683-21&amp;th=1\" target=\"_blank\" rel=\"nofollow noopener\">HEYWEAN Chaqueta Impermeable para Perros Grandes, Chaqueta Reflectante con Forro Polar Suave, Abrigo c\u00e1lido para Mascotas, Interior y Exterior, Camping, Senderismo<\/a><\/td>\n<td>22 \u20ac<\/td>\n<td>4 \u20ac<\/td>\n<\/tr>\n<tr>\n<td>MARKETPLACES<\/td>\n<td><a class=\"ljoptimizer\" href=\"https:\/\/www.amazon.es\/dp\/B0BMG6SLL7?tag=amazon087683-21&amp;th=1\" target=\"_blank\" rel=\"nofollow noopener\">Todocama \u2013 Funda n\u00f3rdica de Microfibra para edred\u00f3n de Tacto Extra Suave. (Beig &#8211; Cama 135\/140\/150-220x220cm).<\/a><\/td>\n<td>18 \u20ac<\/td>\n<td>4 \u20ac<\/td>\n<\/tr>\n<tr>\n<td>MARKETPLACES<\/td>\n<td><a class=\"ljoptimizer\" href=\"https:\/\/www.amazon.es\/dp\/B0754HFH1M?tag=amazon087683-21&amp;th=1\" target=\"_blank\" rel=\"nofollow noopener\">Alpina Verres \u00e0 Vin Rouge &#8211; Lot de 6 &#8211; 53cl &#8211; R\u00e9sistant au Lave-Vaisselle &#8211; Cadeau pour le Vin<\/a><\/td>\n<td>18 \u20ac<\/td>\n<td>4 \u20ac<\/td>\n<\/tr>\n<tr>\n<td>MARKETPLACES<\/td>\n<td><a class=\"ljoptimizer\" href=\"https:\/\/www.amazon.es\/dp\/B07PDN95VZ?tag=amazon087683-21&amp;th=1\" target=\"_blank\" rel=\"nofollow noopener\">BONNYCO Nachtlicht Kinder Fernbedienung und Ber\u00fchrungssensor 16 Farben. Kaninchen Nachtlicht Baby mit Timer, Nachttischlampe Kinder Silikon BPA-Frei. Nachtlampe Kinderzimmer, Geschenke Baby<\/a><\/td>\n<td>18 \u20ac<\/td>\n<td>4 \u20ac<\/td>\n<\/tr>\n<tr>\n<td>MARKETPLACES<\/td>\n<td><a class=\"ljoptimizer\" href=\"https:\/\/www.amazon.es\/dp\/B09PG82Q6D?tag=amazon087683-21&amp;th=1\" target=\"_blank\" rel=\"nofollow noopener\">Joytoy 22853 Game of Thrones Keramik Drachenei 3D Tasse, 320ml Kapazit\u00e4t<\/a><\/td>\n<td>18 \u20ac<\/td>\n<td>4 \u20ac<\/td>\n<\/tr>\n<tr>\n<td>MARKETPLACES<\/td>\n<td><a class=\"ljoptimizer\" href=\"https:\/\/www.amazon.es\/dp\/B0FMNP2G7Y?tag=amazon087683-21&amp;th=1\" target=\"_blank\" rel=\"nofollow noopener\">Collares de Recuperaci\u00f3n para Perros, Collar Isabelino Hinchable, Collar Isabelino Perro Grande, Ajustable Hinchable de Mascota, para Previene Infecci\u00f3n por Ara\u00f1azos y Picaduras, Gris<\/a><\/td>\n<td>17 \u20ac<\/td>\n<td>3 \u20ac<\/td>\n<\/tr>\n<tr>\n<td>MARKETPLACES<\/td>\n<td><a class=\"ljoptimizer\" href=\"https:\/\/www.amazon.es\/dp\/B0D69CKHCW?tag=amazon087683-21&amp;th=1\" target=\"_blank\" rel=\"nofollow noopener\">Ystyle Funda Asiento Sofa Ajustable, Impermeable Funda Sofa Cojin Separado, Antideslizante, Universal, Lavable, Protector de Muebles para Perros y Mascotas (Chaise Longue, Verde Claro)<\/a><\/td>\n<td>16 \u20ac<\/td>\n<td>3 \u20ac<\/td>\n<\/tr>\n<tr>\n<td>MARKETPLACES<\/td>\n<td><a class=\"ljoptimizer\" href=\"https:\/\/www.amazon.es\/dp\/B087K3NVML?tag=amazon087683-21&amp;th=1\" target=\"_blank\" rel=\"nofollow noopener\">WENKO Capacit\u00e0: 0.25 l, Plastica, 7.5 x 12.5 x 9 cm, Petrolio<\/a><\/td>\n<td>15 \u20ac<\/td>\n<td>3 \u20ac<\/td>\n<\/tr>\n<tr>\n<td>MARKETPLACES<\/td>\n<td><a class=\"ljoptimizer\" href=\"https:\/\/www.amazon.es\/dp\/B072F9TK99?tag=amazon087683-21&amp;th=1\" target=\"_blank\" rel=\"nofollow noopener\">Amazon Basics Hundewindel f\u00fcr R\u00fcden, Einwegwindeln, Gr\u00f6\u00dfe M, Wei\u00df, 30 St\u00fcck<\/a><\/td>\n<td>15 \u20ac<\/td>\n<td>3 \u20ac<\/td>\n<\/tr>\n<tr>\n<td>MARKETPLACES<\/td>\n<td><a class=\"ljoptimizer\" href=\"https:\/\/www.amazon.es\/dp\/B09GYH4V1X?tag=amazon087683-21&amp;th=1\" target=\"_blank\" rel=\"nofollow noopener\">niffgaff Escurreplatos Acero Inoxidable Cocina, Funci\u00f3n de Drenaje Autom\u00e1tico Escurridor de Platos para Fregadero, Escurre Platos Armarios, Escurreplatos Negro<\/a><\/td>\n<td>15 \u20ac<\/td>\n<td>3 \u20ac<\/td>\n<\/tr>\n<tr>\n<td>MARKETPLACES<\/td>\n<td><a class=\"ljoptimizer\" href=\"https:\/\/www.amazon.es\/dp\/B08GY7286R?tag=amazon087683-21&amp;th=1\" target=\"_blank\" rel=\"nofollow noopener\">Beper P203TFO001, Borsa acqua calda elettrica, \u200eNero, 7.5 x 25 x 16 cm<\/a><\/td>\n<td>14 \u20ac<\/td>\n<td>3 \u20ac<\/td>\n<\/tr>\n<tr>\n<td>MARKETPLACES<\/td>\n<td><a class=\"ljoptimizer\" href=\"https:\/\/www.amazon.es\/dp\/B0DR7VMX2W?tag=amazon087683-21&amp;th=1\" target=\"_blank\" rel=\"nofollow noopener\">ShowyLive &#8211; Funda de sof\u00e1 de terciopelo suave 1, 2, 3 y 4 plazas, antideslizante, fundas para sof\u00e1 y sof\u00e1 cama, fundas para cojines de sof\u00e1, protectores de sof\u00e1 contra mascotas\/ni\u00f1os\/perros &#8211; Fundas<\/a><\/td>\n<td>12 \u20ac<\/td>\n<td>2 \u20ac<\/td>\n<\/tr>\n<tr>\n<td>MARKETPLACES<\/td>\n<td><a class=\"ljoptimizer\" href=\"https:\/\/www.amazon.es\/dp\/B09X5GL8SL?tag=amazon087683-21&amp;th=1\" target=\"_blank\" rel=\"nofollow noopener\">Todocama \u2013 Juego de 2 Fundas de Almohada, Microfibra Extra Suave, hipoalerg\u00e9nicas. Juego de 2-90&#215;40 cm Blanco<\/a><\/td>\n<td>11 \u20ac<\/td>\n<td>2 \u20ac<\/td>\n<\/tr>\n<tr>\n<td>MARKETPLACES<\/td>\n<td><a class=\"ljoptimizer\" href=\"https:\/\/www.amazon.es\/dp\/B0D6KVRYCB?tag=amazon087683-21&amp;th=1\" target=\"_blank\" rel=\"nofollow noopener\">V-TAC 10x Bombillas LED E27 A60 \u2013 [M\u00e1xima Eficiencia] \u2013 8,5W (Equivalente a 60W) &#8211; 806 Lumen &#8211; Apertura del Haz de Luz 200\u00b0 &#8211; Bombilla Ahorro Energ\u00e9tico &#8211; 4000K Blanco Neutro<\/a><\/td>\n<td>10 \u20ac<\/td>\n<td>2 \u20ac<\/td>\n<\/tr>\n<tr>\n<td>MARKETPLACES<\/td>\n<td><a class=\"ljoptimizer\" href=\"https:\/\/www.amazon.es\/dp\/B000SHKLEA?tag=amazon087683-21&amp;th=1\" target=\"_blank\" rel=\"nofollow noopener\">Trixie 3539 Poulet, Latex, 47 cm<\/a><\/td>\n<td>10 \u20ac<\/td>\n<td>2 \u20ac<\/td>\n<\/tr>\n<tr>\n<td>MARKETPLACES<\/td>\n<td><a class=\"ljoptimizer\" href=\"https:\/\/www.amazon.es\/dp\/B0C294NMGG?tag=amazon087683-21&amp;th=1\" target=\"_blank\" rel=\"nofollow noopener\">Fundas de Almohada 40&#215;80 cm 100% algod\u00f3n \u2013 Abierta por un Extremo, sin Cierre Tipo sobre \u2013 Algod\u00f3n Suave 400 Hilos \u2013 Frescas y Transpirables \u2013 Certificadas Oeko-Tex \u2013 Juego de 2, Color Blanco<\/a><\/td>\n<td>10 \u20ac<\/td>\n<td>2 \u20ac<\/td>\n<\/tr>\n<tr>\n<td>MARKETPLACES<\/td>\n<td><a class=\"ljoptimizer\" href=\"https:\/\/www.amazon.es\/dp\/B07R7QXJY3?tag=amazon087683-21&amp;th=1\" target=\"_blank\" rel=\"nofollow noopener\">Biokat\u2019s sac en poly\u00e9thyl\u00e8ne XXL &#8211; Sachet \u00e0 mettre dans les toilettes du chat pour un changement hygi\u00e9nique de liti\u00e8re &#8211; 1 paquets (1 \u00e0 12 sachets)<\/a><\/td>\n<td>3 \u20ac<\/td>\n<td>1 \u20ac<\/td>\n<\/tr>\n<tr>\n<td>MARKETPLACES<\/td>\n<td><a class=\"ljoptimizer\" href=\"https:\/\/www.amazon.es\/dp\/B07R7QXJY3?tag=amazon087683-21&amp;th=1\" target=\"_blank\" rel=\"nofollow noopener\">Biokat\u2019s sac en poly\u00e9thyl\u00e8ne XXL &#8211; Sachet \u00e0 mettre dans les toilettes du chat pour un changement hygi\u00e9nique de liti\u00e8re &#8211; 1 paquets (1 \u00e0 12 sachets)<\/a><\/td>\n<td>3 \u20ac<\/td>\n<td>1 \u20ac<\/td>\n<\/tr>\n<\/tbody>\n<\/table>\n","protected":false},"excerpt":{"rendered":"<p>Caja de Mascota sin revisar procedente de devoluciones de marketplaces<\/p>\n<ul>\n<li>N\u00famero de productos: 23<\/li>\n<li>Valor aproximado: 439.00<\/li>\n<li>Porcentaje que se paga: 16% + IVA<\/li>\n<li>Tiempo de entrega estimado: 3 a 7 d\u00edas<\/li>\n<\/ul>\n<p>*Los precios incluyen IVA<\/p>\n","protected":false},"featured_media":154877,"template":"","meta":{"site-sidebar-layout":"default","site-content-layout":"","ast-site-content-layout":"default","site-content-style":"default","site-sidebar-style":"default","ast-global-header-display":"","ast-banner-title-visibility":"","ast-main-header-display":"","ast-hfb-above-header-display":"","ast-hfb-below-header-display":"","ast-hfb-mobile-header-display":"","site-post-title":"","ast-breadcrumbs-content":"","ast-featured-img":"","footer-sml-layout":"","ast-disable-related-posts":"","theme-transparent-header-meta":"default","adv-header-id-meta":"","stick-header-meta":"","header-above-stick-meta":"","header-main-stick-meta":"","header-below-stick-meta":"","astra-migrate-meta-layouts":"set","ast-page-background-enabled":"default","ast-page-background-meta":{"desktop":{"background-color":"var(--ast-global-color-4)","background-image":"","background-repeat":"repeat","background-position":"center center","background-size":"auto","background-attachment":"scroll","background-type":"","background-media":"","overlay-type":"","overlay-color":"","overlay-opacity":"","overlay-gradient":""},"tablet":{"background-color":"","background-image":"","background-repeat":"repeat","background-position":"center center","background-size":"auto","background-attachment":"scroll","background-type":"","background-media":"","overlay-type":"","overlay-color":"","overlay-opacity":"","overlay-gradient":""},"mobile":{"background-color":"","background-image":"","background-repeat":"repeat","background-position":"center center","background-size":"auto","background-attachment":"scroll","background-type":"","background-media":"","overlay-type":"","overlay-color":"","overlay-opacity":"","overlay-gradient":""}},"ast-content-background-meta":{"desktop":{"background-color":"var(--ast-global-color-5)","background-image":"","background-repeat":"repeat","background-position":"center center","background-size":"auto","background-attachment":"scroll","background-type":"","background-media":"","overlay-type":"","overlay-color":"","overlay-opacity":"","overlay-gradient":""},"tablet":{"background-color":"var(--ast-global-color-5)","background-image":"","background-repeat":"repeat","background-position":"center center","background-size":"auto","background-attachment":"scroll","background-type":"","background-media":"","overlay-type":"","overlay-color":"","overlay-opacity":"","overlay-gradient":""},"mobile":{"background-color":"var(--ast-global-color-5)","background-image":"","background-repeat":"repeat","background-position":"center center","background-size":"auto","background-attachment":"scroll","background-type":"","background-media":"","overlay-type":"","overlay-color":"","overlay-opacity":"","overlay-gradient":""}}},"product_brand":[],"product_cat":[49,55],"product_tag":[],"class_list":{"0":"post-154558","1":"product","2":"type-product","3":"status-publish","4":"has-post-thumbnail","6":"product_cat-cajas","7":"product_cat-mascotas","8":"product_shipping_class-caja","9":"desktop-align-left","10":"tablet-align-left","11":"mobile-align-left","13":"first","14":"instock","15":"sale","16":"downloadable","17":"taxable","18":"shipping-taxable","19":"purchasable","20":"product-type-simple"},"yoast_head":"<!-- This site is optimized with the Yoast SEO plugin v27.2 - https:\/\/yoast.com\/product\/yoast-seo-wordpress\/ -->\n<title>Caja de Mascota [23 productos] (spW83P8880c) - Comprardevoluciones - Tu tienda de Devoluciones de Amazon<\/title>\n<meta name=\"robots\" content=\"noindex, follow\" \/>\n<meta property=\"og:locale\" content=\"pt_PT\" \/>\n<meta property=\"og:type\" content=\"article\" \/>\n<meta property=\"og:title\" content=\"Caja de Mascota [23 productos] (spW83P8880c) - Comprardevoluciones - Tu tienda de Devoluciones de Amazon\" \/>\n<meta property=\"og:description\" content=\"Caja de Mascota sin revisar procedente de devoluciones de marketplaces   N\u00famero de productos: 23  Valor aproximado: 439.00  Porcentaje que se paga: 16% + IVA  Tiempo de entrega estimado: 3 a 7 d\u00edas  *Los precios incluyen IVA\" \/>\n<meta property=\"og:url\" content=\"https:\/\/comprardevoluciones.com\/producto\/spw83p8880c\/\" \/>\n<meta property=\"og:site_name\" content=\"Comprardevoluciones - Tu tienda de Devoluciones de Amazon\" \/>\n<meta property=\"og:image\" content=\"https:\/\/comprardevoluciones.com\/wp-content\/uploads\/2026\/01\/spW83P8880c.jpg\" \/>\n\t<meta property=\"og:image:width\" content=\"700\" \/>\n\t<meta property=\"og:image:height\" content=\"700\" \/>\n\t<meta property=\"og:image:type\" content=\"image\/jpeg\" \/>\n<meta name=\"twitter:card\" content=\"summary_large_image\" \/>\n<meta name=\"twitter:label1\" content=\"Tempo estimado de leitura\" \/>\n\t<meta name=\"twitter:data1\" content=\"3 minutos\" \/>\n<script type=\"application\/ld+json\" class=\"yoast-schema-graph\">{\"@context\":\"https:\/\/schema.org\",\"@graph\":[{\"@type\":\"WebPage\",\"@id\":\"https:\/\/comprardevoluciones.com\/producto\/spw83p8880c\/\",\"url\":\"https:\/\/comprardevoluciones.com\/producto\/spw83p8880c\/\",\"name\":\"Caja de Mascota [23 productos] (spW83P8880c) - Comprardevoluciones - Tu tienda de Devoluciones de Amazon\",\"isPartOf\":{\"@id\":\"https:\/\/comprardevoluciones.com\/#website\"},\"primaryImageOfPage\":{\"@id\":\"https:\/\/comprardevoluciones.com\/producto\/spw83p8880c\/#primaryimage\"},\"image\":{\"@id\":\"https:\/\/comprardevoluciones.com\/producto\/spw83p8880c\/#primaryimage\"},\"thumbnailUrl\":\"https:\/\/comprardevoluciones.com\/wp-content\/uploads\/2026\/01\/spW83P8880c.jpg\",\"datePublished\":\"2026-03-23T10:00:38+00:00\",\"breadcrumb\":{\"@id\":\"https:\/\/comprardevoluciones.com\/producto\/spw83p8880c\/#breadcrumb\"},\"inLanguage\":\"pt-PT\",\"potentialAction\":[{\"@type\":\"ReadAction\",\"target\":[\"https:\/\/comprardevoluciones.com\/producto\/spw83p8880c\/\"]}]},{\"@type\":\"ImageObject\",\"inLanguage\":\"pt-PT\",\"@id\":\"https:\/\/comprardevoluciones.com\/producto\/spw83p8880c\/#primaryimage\",\"url\":\"https:\/\/comprardevoluciones.com\/wp-content\/uploads\/2026\/01\/spW83P8880c.jpg\",\"contentUrl\":\"https:\/\/comprardevoluciones.com\/wp-content\/uploads\/2026\/01\/spW83P8880c.jpg\",\"width\":700,\"height\":700},{\"@type\":\"BreadcrumbList\",\"@id\":\"https:\/\/comprardevoluciones.com\/producto\/spw83p8880c\/#breadcrumb\",\"itemListElement\":[{\"@type\":\"ListItem\",\"position\":1,\"name\":\"Portada\",\"item\":\"https:\/\/comprardevoluciones.com\/\"},{\"@type\":\"ListItem\",\"position\":2,\"name\":\"Loja\",\"item\":\"https:\/\/comprardevoluciones.com\/tienda\/\"},{\"@type\":\"ListItem\",\"position\":3,\"name\":\"Caja de Mascota [23 productos] (spW83P8880c)\"}]},{\"@type\":\"WebSite\",\"@id\":\"https:\/\/comprardevoluciones.com\/#website\",\"url\":\"https:\/\/comprardevoluciones.com\/\",\"name\":\"Comprardevoluciones - Tu tienda de Devoluciones de Amazon\",\"description\":\"Consigue Stock en buen estado a un precio imbatible\",\"potentialAction\":[{\"@type\":\"SearchAction\",\"target\":{\"@type\":\"EntryPoint\",\"urlTemplate\":\"https:\/\/comprardevoluciones.com\/?s={search_term_string}\"},\"query-input\":{\"@type\":\"PropertyValueSpecification\",\"valueRequired\":true,\"valueName\":\"search_term_string\"}}],\"inLanguage\":\"pt-PT\"}]}<\/script>\n<!-- \/ Yoast SEO plugin. -->","yoast_head_json":{"title":"Caja de Mascota [23 productos] (spW83P8880c) - Comprardevoluciones - Tu tienda de Devoluciones de Amazon","robots":{"index":"noindex","follow":"follow"},"og_locale":"pt_PT","og_type":"article","og_title":"Caja de Mascota [23 productos] (spW83P8880c) - Comprardevoluciones - Tu tienda de Devoluciones de Amazon","og_description":"Caja de Mascota sin revisar procedente de devoluciones de marketplaces   N\u00famero de productos: 23  Valor aproximado: 439.00  Porcentaje que se paga: 16% + IVA  Tiempo de entrega estimado: 3 a 7 d\u00edas  *Los precios incluyen IVA","og_url":"https:\/\/comprardevoluciones.com\/producto\/spw83p8880c\/","og_site_name":"Comprardevoluciones - Tu tienda de Devoluciones de Amazon","og_image":[{"width":700,"height":700,"url":"https:\/\/comprardevoluciones.com\/wp-content\/uploads\/2026\/01\/spW83P8880c.jpg","type":"image\/jpeg"}],"twitter_card":"summary_large_image","twitter_misc":{"Tempo estimado de leitura":"3 minutos"},"schema":{"@context":"https:\/\/schema.org","@graph":[{"@type":"WebPage","@id":"https:\/\/comprardevoluciones.com\/producto\/spw83p8880c\/","url":"https:\/\/comprardevoluciones.com\/producto\/spw83p8880c\/","name":"Caja de Mascota [23 productos] (spW83P8880c) - Comprardevoluciones - Tu tienda de Devoluciones de Amazon","isPartOf":{"@id":"https:\/\/comprardevoluciones.com\/#website"},"primaryImageOfPage":{"@id":"https:\/\/comprardevoluciones.com\/producto\/spw83p8880c\/#primaryimage"},"image":{"@id":"https:\/\/comprardevoluciones.com\/producto\/spw83p8880c\/#primaryimage"},"thumbnailUrl":"https:\/\/comprardevoluciones.com\/wp-content\/uploads\/2026\/01\/spW83P8880c.jpg","datePublished":"2026-03-23T10:00:38+00:00","breadcrumb":{"@id":"https:\/\/comprardevoluciones.com\/producto\/spw83p8880c\/#breadcrumb"},"inLanguage":"pt-PT","potentialAction":[{"@type":"ReadAction","target":["https:\/\/comprardevoluciones.com\/producto\/spw83p8880c\/"]}]},{"@type":"ImageObject","inLanguage":"pt-PT","@id":"https:\/\/comprardevoluciones.com\/producto\/spw83p8880c\/#primaryimage","url":"https:\/\/comprardevoluciones.com\/wp-content\/uploads\/2026\/01\/spW83P8880c.jpg","contentUrl":"https:\/\/comprardevoluciones.com\/wp-content\/uploads\/2026\/01\/spW83P8880c.jpg","width":700,"height":700},{"@type":"BreadcrumbList","@id":"https:\/\/comprardevoluciones.com\/producto\/spw83p8880c\/#breadcrumb","itemListElement":[{"@type":"ListItem","position":1,"name":"Portada","item":"https:\/\/comprardevoluciones.com\/"},{"@type":"ListItem","position":2,"name":"Loja","item":"https:\/\/comprardevoluciones.com\/tienda\/"},{"@type":"ListItem","position":3,"name":"Caja de Mascota [23 productos] (spW83P8880c)"}]},{"@type":"WebSite","@id":"https:\/\/comprardevoluciones.com\/#website","url":"https:\/\/comprardevoluciones.com\/","name":"Comprardevoluciones - Tu tienda de Devoluciones de Amazon","description":"Consigue Stock en buen estado a un precio imbatible","potentialAction":[{"@type":"SearchAction","target":{"@type":"EntryPoint","urlTemplate":"https:\/\/comprardevoluciones.com\/?s={search_term_string}"},"query-input":{"@type":"PropertyValueSpecification","valueRequired":true,"valueName":"search_term_string"}}],"inLanguage":"pt-PT"}]}},"_links":{"self":[{"href":"https:\/\/comprardevoluciones.com\/pt-pt\/wp-json\/wp\/v2\/product\/154558","targetHints":{"allow":["GET"]}}],"collection":[{"href":"https:\/\/comprardevoluciones.com\/pt-pt\/wp-json\/wp\/v2\/product"}],"about":[{"href":"https:\/\/comprardevoluciones.com\/pt-pt\/wp-json\/wp\/v2\/types\/product"}],"wp:featuredmedia":[{"embeddable":true,"href":"https:\/\/comprardevoluciones.com\/pt-pt\/wp-json\/wp\/v2\/media\/154877"}],"wp:attachment":[{"href":"https:\/\/comprardevoluciones.com\/pt-pt\/wp-json\/wp\/v2\/media?parent=154558"}],"wp:term":[{"taxonomy":"product_brand","embeddable":true,"href":"https:\/\/comprardevoluciones.com\/pt-pt\/wp-json\/wp\/v2\/product_brand?post=154558"},{"taxonomy":"product_cat","embeddable":true,"href":"https:\/\/comprardevoluciones.com\/pt-pt\/wp-json\/wp\/v2\/product_cat?post=154558"},{"taxonomy":"product_tag","embeddable":true,"href":"https:\/\/comprardevoluciones.com\/pt-pt\/wp-json\/wp\/v2\/product_tag?post=154558"}],"curies":[{"name":"wp","href":"https:\/\/api.w.org\/{rel}","templated":true}]}}