{"id":157839,"date":"2026-04-02T16:00:20","date_gmt":"2026-04-02T15:00:20","guid":{"rendered":"https:\/\/comprardevoluciones.com\/?post_type=product&#038;p=157839"},"modified":"2026-04-04T16:09:31","modified_gmt":"2026-04-04T15:09:31","slug":"tr3031010","status":"publish","type":"product","link":"https:\/\/comprardevoluciones.com\/pt-pt\/producto\/tr3031010\/","title":{"rendered":"Pal\u00e9 de Teles ROTAS (BROKEN TVs) [11 productos] (TR3031010)"},"content":{"rendered":"<p>Descripci\u00f3n y valor: TODOS LOS PRODUCTOS DE ESTE PAL\u00c9 EST\u00c1N ROTOS, POR ESO SE VENDE TAN BARATO<\/p>\n<table>\n<tbody>\n<tr>\n<td><strong>FUENTE<\/strong><\/td>\n<td><strong>PRODUCTO<\/strong><\/td>\n<td><strong>VALOR (\u20ac)<\/strong><\/td>\n<td><strong>PAGAS (\u20ac)<\/strong><\/td>\n<\/tr>\n<tr>\n<td>MARKETPLACES<\/td>\n<td><a class=\"ljoptimizer\" href=\"https:\/\/www.amazon.es\/dp\/B0CXTPGCH9?tag=amazon087683-21&amp;th=1\" target=\"_blank\" rel=\"nofollow noopener\">Hisense 55U7NQ &#8211; Mini-LED TV, 55 Pulgadas, con Quantum Dot Colour, Modo Juego de 144Hz VRR 240 fps, Full Array Local Dimming, Procesador Hi-View Engine,Dolby Vision IQ &amp; Dolby Atmos (2024) [Clase de eficiencia energ\u00e9tica E]<\/a><\/td>\n<td>710\u20ac<\/td>\n<td>36\u20ac<\/td>\n<\/tr>\n<tr>\n<td>MARKETPLACES<\/td>\n<td><a class=\"ljoptimizer\" href=\"https:\/\/www.amazon.es\/dp\/B0D3MV8MKP?tag=amazon087683-21&amp;th=1\" target=\"_blank\" rel=\"nofollow noopener\">Philips Ambilight 55PUS8109 Smart TV 4K LED &#8211; Pantalla de 55 Pulgadas con Plataforma Titan OS, Pixel Precise Ultra HD y Sonido Dolby Atmos, Funciona con Alexa y Asistente de Google &#8211; Cromo Satinado [Clase de eficiencia energ\u00e9tica F]<\/a><\/td>\n<td>515\u20ac<\/td>\n<td>26\u20ac<\/td>\n<\/tr>\n<tr>\n<td>MARKETPLACES<\/td>\n<td><a class=\"ljoptimizer\" href=\"https:\/\/www.amazon.es\/dp\/B0DX185Q23?tag=amazon087683-21&amp;th=1\" target=\"_blank\" rel=\"nofollow noopener\">TCL 55Q6C, 55&#8221; QD-Mini LED TV, 4K HDR Premium 1000nits, Powered by Google TV (Dolby Vision IQ &amp; Atmos, Onkyo 2.1 Sound System, 144Hz Motion Clarity Pro, Voice Control) [Clase de eficiencia energ\u00e9tica F]<\/a><\/td>\n<td>489\u20ac<\/td>\n<td>24\u20ac<\/td>\n<\/tr>\n<tr>\n<td>MARKETPLACES<\/td>\n<td><a class=\"ljoptimizer\" href=\"https:\/\/www.amazon.es\/dp\/B0DX185Q23?tag=amazon087683-21&amp;th=1\" target=\"_blank\" rel=\"nofollow noopener\">TCL 55Q6C, 55&#8221; QD-Mini LED TV, 4K HDR Premium 1000nits, Powered by Google TV (Dolby Vision IQ &amp; Atmos, Onkyo 2.1 Sound System, 144Hz Motion Clarity Pro, Voice Control) [Clase de eficiencia energ\u00e9tica F]<\/a><\/td>\n<td>489\u20ac<\/td>\n<td>24\u20ac<\/td>\n<\/tr>\n<tr>\n<td>MARKETPLACES<\/td>\n<td><a class=\"ljoptimizer\" href=\"https:\/\/www.amazon.es\/dp\/B0DX185Q23?tag=amazon087683-21&amp;th=1\" target=\"_blank\" rel=\"nofollow noopener\">TCL 55Q6C, 55&#8221; QD-Mini LED TV, 4K HDR Premium 1000nits, Powered by Google TV (Dolby Vision IQ &amp; Atmos, Onkyo 2.1 Sound System, 144Hz Motion Clarity Pro, Voice Control) [Clase de eficiencia energ\u00e9tica F]<\/a><\/td>\n<td>489\u20ac<\/td>\n<td>24\u20ac<\/td>\n<\/tr>\n<tr>\n<td>MARKETPLACES<\/td>\n<td><a class=\"ljoptimizer\" href=\"https:\/\/www.amazon.es\/dp\/B0F2T1B4NL?tag=amazon087683-21&amp;th=1\" target=\"_blank\" rel=\"nofollow noopener\">Hisense 55A7Q &#8211; QLED Smart TV 55 Pulgadas, Movimientos Suaves IA, Dolby Vision, Dolby Atmos, Subwoofer Integrado, Modo Juego Plus, Modo Deportes IA, Bluetooth &amp; HDMI 2.1, Control por Voz Alexa [Clase de eficiencia energ\u00e9tica E]<\/a><\/td>\n<td>399\u20ac<\/td>\n<td>20\u20ac<\/td>\n<\/tr>\n<tr>\n<td>MARKETPLACES<\/td>\n<td><a class=\"ljoptimizer\" href=\"https:\/\/www.amazon.es\/dp\/B0F1MPWV27?tag=amazon087683-21&amp;th=1\" target=\"_blank\" rel=\"nofollow noopener\">Hisense 55E7Q &#8211; QLED Smart TV 55 Pulgadas, Dolby Vision, Dolby Atmos, Modo Juego Plus, 60Hz VRR 120 fps, Modo Deportes, Monvimiento Suave IA, Bluetooth y HDMI 2.1, Control por Voz Alexa [Clase de eficiencia energ\u00e9tica E]<\/a><\/td>\n<td>369\u20ac<\/td>\n<td>18\u20ac<\/td>\n<\/tr>\n<tr>\n<td>MARKETPLACES<\/td>\n<td><a class=\"ljoptimizer\" href=\"https:\/\/www.amazon.es\/dp\/B0F8QFPB14?tag=amazon087683-21&amp;th=1\" target=\"_blank\" rel=\"nofollow noopener\">TCL 55T69C 55\u201d QLED, Direct LED TV, 4K HDR, Smart TV Powered by Google TV (Dolby Vision &amp; Atmos, Game Master, Motion Clarity, Compatible with Google Assistant &amp; Alexa) [Clase de eficiencia energ\u00e9tica F]<\/a><\/td>\n<td>349\u20ac<\/td>\n<td>17\u20ac<\/td>\n<\/tr>\n<tr>\n<td>MARKETPLACES<\/td>\n<td><a class=\"ljoptimizer\" href=\"https:\/\/www.amazon.es\/dp\/B0DYF3NPQR?tag=amazon087683-21&amp;th=1\" target=\"_blank\" rel=\"nofollow noopener\">Toshiba 50QV3F63DG Televisor QLED Premium de 50 Pulgadas, 4K Ultra HD, HDR, Smart TV &#8211; (MEMC, Dolby Vision y Atmos, Bluetooth, Dise\u00f1o Frameless) [Clase de eficiencia energ\u00e9tica E]<\/a><\/td>\n<td>306\u20ac<\/td>\n<td>15\u20ac<\/td>\n<\/tr>\n<tr>\n<td>MARKETPLACES<\/td>\n<td><a class=\"ljoptimizer\" href=\"https:\/\/www.amazon.es\/dp\/B0FG7XCRQ2?tag=amazon087683-21&amp;th=1\" target=\"_blank\" rel=\"nofollow noopener\">Hyundai Smart TV LED 32 HTV3200A HD DVBT2-S2 E Negro Android 12.0 Mando con Acceso Directo a Apps Conexi\u00f3n Mi [Clase de eficiencia energ\u00e9tica E]<\/a><\/td>\n<td>122\u20ac<\/td>\n<td>6\u20ac<\/td>\n<\/tr>\n<tr>\n<td>MARKETPLACES<\/td>\n<td><a class=\"ljoptimizer\" href=\"https:\/\/www.amazon.es\/dp\/B0FG7XCRQ2?tag=amazon087683-21&amp;th=1\" target=\"_blank\" rel=\"nofollow noopener\">Hyundai Smart TV LED 32 HTV3200A HD DVBT2-S2 E Negro Android 12.0 Mando con Acceso Directo a Apps Conexi\u00f3n Mi [Clase de eficiencia energ\u00e9tica E]<\/a><\/td>\n<td>122\u20ac<\/td>\n<td>6\u20ac<\/td>\n<\/tr>\n<\/tbody>\n<\/table>\n","protected":false},"excerpt":{"rendered":"<p>Pal\u00e9 de productos procedentes de devoluciones de Marketplaces (TODOS LOS PRODUCTOS EST\u00c1N ROTOS):<\/p>\n<p>Pallet of products from Marketplaces returns (ALL PRODUCTS ARE BROKEN):<\/p>\n<p>Palete de produtos provenientes de devolu\u00e7\u00f5es da Marketplaces (TODOS OS PRODUTOS EST\u00c2O PARTIDOS):<\/p>\n<ul>\n<li>N\u00famero de productos: 11<\/li>\n<li>Valor aproximado: 4359.00<\/li>\n<li>Porcentaje que se paga: 4% + IVA<\/li>\n<li>Tiempo de entrega estimado: 3 a 7 d\u00edas<\/li>\n<\/ul>\n<p>*Los precios incluyen IVA<\/p>\n","protected":false},"featured_media":157979,"template":"","meta":{"site-sidebar-layout":"default","site-content-layout":"","ast-site-content-layout":"default","site-content-style":"default","site-sidebar-style":"default","ast-global-header-display":"","ast-banner-title-visibility":"","ast-main-header-display":"","ast-hfb-above-header-display":"","ast-hfb-below-header-display":"","ast-hfb-mobile-header-display":"","site-post-title":"","ast-breadcrumbs-content":"","ast-featured-img":"","footer-sml-layout":"","ast-disable-related-posts":"","theme-transparent-header-meta":"default","adv-header-id-meta":"","stick-header-meta":"","header-above-stick-meta":"","header-main-stick-meta":"","header-below-stick-meta":"","astra-migrate-meta-layouts":"set","ast-page-background-enabled":"default","ast-page-background-meta":{"desktop":{"background-color":"var(--ast-global-color-4)","background-image":"","background-repeat":"repeat","background-position":"center center","background-size":"auto","background-attachment":"scroll","background-type":"","background-media":"","overlay-type":"","overlay-color":"","overlay-opacity":"","overlay-gradient":""},"tablet":{"background-color":"","background-image":"","background-repeat":"repeat","background-position":"center center","background-size":"auto","background-attachment":"scroll","background-type":"","background-media":"","overlay-type":"","overlay-color":"","overlay-opacity":"","overlay-gradient":""},"mobile":{"background-color":"","background-image":"","background-repeat":"repeat","background-position":"center center","background-size":"auto","background-attachment":"scroll","background-type":"","background-media":"","overlay-type":"","overlay-color":"","overlay-opacity":"","overlay-gradient":""}},"ast-content-background-meta":{"desktop":{"background-color":"var(--ast-global-color-5)","background-image":"","background-repeat":"repeat","background-position":"center center","background-size":"auto","background-attachment":"scroll","background-type":"","background-media":"","overlay-type":"","overlay-color":"","overlay-opacity":"","overlay-gradient":""},"tablet":{"background-color":"var(--ast-global-color-5)","background-image":"","background-repeat":"repeat","background-position":"center center","background-size":"auto","background-attachment":"scroll","background-type":"","background-media":"","overlay-type":"","overlay-color":"","overlay-opacity":"","overlay-gradient":""},"mobile":{"background-color":"var(--ast-global-color-5)","background-image":"","background-repeat":"repeat","background-position":"center center","background-size":"auto","background-attachment":"scroll","background-type":"","background-media":"","overlay-type":"","overlay-color":"","overlay-opacity":"","overlay-gradient":""}}},"product_brand":[],"product_cat":[65,128],"product_tag":[],"class_list":{"0":"post-157839","1":"product","2":"type-product","3":"status-publish","4":"has-post-thumbnail","6":"product_cat-pales","7":"product_cat-teles-rotas","8":"product_shipping_class-pale","9":"desktop-align-left","10":"tablet-align-left","11":"mobile-align-left","13":"first","14":"outofstock","15":"sale","16":"downloadable","17":"taxable","18":"shipping-taxable","19":"purchasable","20":"product-type-simple"},"yoast_head":"<!-- This site is optimized with the Yoast SEO plugin v27.2 - https:\/\/yoast.com\/product\/yoast-seo-wordpress\/ -->\n<title>Pal\u00e9 de Teles ROTAS (BROKEN TVs) [11 productos] (TR3031010) - Comprardevoluciones - Tu tienda de Devoluciones de Amazon<\/title>\n<meta name=\"robots\" content=\"noindex, follow\" \/>\n<meta property=\"og:locale\" content=\"pt_PT\" \/>\n<meta property=\"og:type\" content=\"article\" \/>\n<meta property=\"og:title\" content=\"Pal\u00e9 de Teles ROTAS (BROKEN TVs) [11 productos] (TR3031010) - Comprardevoluciones - Tu tienda de Devoluciones de Amazon\" \/>\n<meta property=\"og:description\" content=\"Pal\u00e9 de productos procedentes de devoluciones de Marketplaces (TODOS LOS PRODUCTOS EST\u00c1N ROTOS):  Pallet of products from Marketplaces returns (ALL PRODUCTS ARE BROKEN):  Palete de produtos provenientes de devolu\u00e7\u00f5es da Marketplaces (TODOS OS PRODUTOS EST\u00c2O PARTIDOS):   N\u00famero de productos: 11  Valor aproximado: 4359.00  Porcentaje que se paga: 4% + IVA  Tiempo de entrega estimado: 3 a 7 d\u00edas  *Los precios incluyen IVA\" \/>\n<meta property=\"og:url\" content=\"https:\/\/comprardevoluciones.com\/producto\/tr3031010\/\" \/>\n<meta property=\"og:site_name\" content=\"Comprardevoluciones - Tu tienda de Devoluciones de Amazon\" \/>\n<meta property=\"article:modified_time\" content=\"2026-04-04T15:09:31+00:00\" \/>\n<meta property=\"og:image\" content=\"https:\/\/comprardevoluciones.com\/wp-content\/uploads\/2026\/01\/Teles-rotas-1-1.jpg\" \/>\n\t<meta property=\"og:image:width\" content=\"700\" \/>\n\t<meta property=\"og:image:height\" content=\"700\" \/>\n\t<meta property=\"og:image:type\" content=\"image\/jpeg\" \/>\n<meta name=\"twitter:card\" content=\"summary_large_image\" \/>\n<meta name=\"twitter:label1\" content=\"Tempo estimado de leitura\" \/>\n\t<meta name=\"twitter:data1\" content=\"3 minutos\" \/>\n<script type=\"application\/ld+json\" class=\"yoast-schema-graph\">{\"@context\":\"https:\/\/schema.org\",\"@graph\":[{\"@type\":\"WebPage\",\"@id\":\"https:\/\/comprardevoluciones.com\/producto\/tr3031010\/\",\"url\":\"https:\/\/comprardevoluciones.com\/producto\/tr3031010\/\",\"name\":\"Pal\u00e9 de Teles ROTAS (BROKEN TVs) [11 productos] (TR3031010) - Comprardevoluciones - Tu tienda de Devoluciones de Amazon\",\"isPartOf\":{\"@id\":\"https:\/\/comprardevoluciones.com\/#website\"},\"primaryImageOfPage\":{\"@id\":\"https:\/\/comprardevoluciones.com\/producto\/tr3031010\/#primaryimage\"},\"image\":{\"@id\":\"https:\/\/comprardevoluciones.com\/producto\/tr3031010\/#primaryimage\"},\"thumbnailUrl\":\"https:\/\/comprardevoluciones.com\/wp-content\/uploads\/2026\/01\/Teles-rotas-1-1.jpg\",\"datePublished\":\"2026-04-02T15:00:20+00:00\",\"dateModified\":\"2026-04-04T15:09:31+00:00\",\"breadcrumb\":{\"@id\":\"https:\/\/comprardevoluciones.com\/producto\/tr3031010\/#breadcrumb\"},\"inLanguage\":\"pt-PT\",\"potentialAction\":[{\"@type\":\"ReadAction\",\"target\":[\"https:\/\/comprardevoluciones.com\/producto\/tr3031010\/\"]}]},{\"@type\":\"ImageObject\",\"inLanguage\":\"pt-PT\",\"@id\":\"https:\/\/comprardevoluciones.com\/producto\/tr3031010\/#primaryimage\",\"url\":\"https:\/\/comprardevoluciones.com\/wp-content\/uploads\/2026\/01\/Teles-rotas-1-1.jpg\",\"contentUrl\":\"https:\/\/comprardevoluciones.com\/wp-content\/uploads\/2026\/01\/Teles-rotas-1-1.jpg\",\"width\":700,\"height\":700},{\"@type\":\"BreadcrumbList\",\"@id\":\"https:\/\/comprardevoluciones.com\/producto\/tr3031010\/#breadcrumb\",\"itemListElement\":[{\"@type\":\"ListItem\",\"position\":1,\"name\":\"Portada\",\"item\":\"https:\/\/comprardevoluciones.com\/\"},{\"@type\":\"ListItem\",\"position\":2,\"name\":\"Loja\",\"item\":\"https:\/\/comprardevoluciones.com\/tienda\/\"},{\"@type\":\"ListItem\",\"position\":3,\"name\":\"Pal\u00e9 de Teles ROTAS (BROKEN TVs) [11 productos] (TR3031010)\"}]},{\"@type\":\"WebSite\",\"@id\":\"https:\/\/comprardevoluciones.com\/#website\",\"url\":\"https:\/\/comprardevoluciones.com\/\",\"name\":\"Comprardevoluciones - Tu tienda de Devoluciones de Amazon\",\"description\":\"Consigue Stock en buen estado a un precio imbatible\",\"potentialAction\":[{\"@type\":\"SearchAction\",\"target\":{\"@type\":\"EntryPoint\",\"urlTemplate\":\"https:\/\/comprardevoluciones.com\/?s={search_term_string}\"},\"query-input\":{\"@type\":\"PropertyValueSpecification\",\"valueRequired\":true,\"valueName\":\"search_term_string\"}}],\"inLanguage\":\"pt-PT\"}]}<\/script>\n<!-- \/ Yoast SEO plugin. -->","yoast_head_json":{"title":"Pal\u00e9 de Teles ROTAS (BROKEN TVs) [11 productos] (TR3031010) - Comprardevoluciones - Tu tienda de Devoluciones de Amazon","robots":{"index":"noindex","follow":"follow"},"og_locale":"pt_PT","og_type":"article","og_title":"Pal\u00e9 de Teles ROTAS (BROKEN TVs) [11 productos] (TR3031010) - Comprardevoluciones - Tu tienda de Devoluciones de Amazon","og_description":"Pal\u00e9 de productos procedentes de devoluciones de Marketplaces (TODOS LOS PRODUCTOS EST\u00c1N ROTOS):  Pallet of products from Marketplaces returns (ALL PRODUCTS ARE BROKEN):  Palete de produtos provenientes de devolu\u00e7\u00f5es da Marketplaces (TODOS OS PRODUTOS EST\u00c2O PARTIDOS):   N\u00famero de productos: 11  Valor aproximado: 4359.00  Porcentaje que se paga: 4% + IVA  Tiempo de entrega estimado: 3 a 7 d\u00edas  *Los precios incluyen IVA","og_url":"https:\/\/comprardevoluciones.com\/producto\/tr3031010\/","og_site_name":"Comprardevoluciones - Tu tienda de Devoluciones de Amazon","article_modified_time":"2026-04-04T15:09:31+00:00","og_image":[{"width":700,"height":700,"url":"https:\/\/comprardevoluciones.com\/wp-content\/uploads\/2026\/01\/Teles-rotas-1-1.jpg","type":"image\/jpeg"}],"twitter_card":"summary_large_image","twitter_misc":{"Tempo estimado de leitura":"3 minutos"},"schema":{"@context":"https:\/\/schema.org","@graph":[{"@type":"WebPage","@id":"https:\/\/comprardevoluciones.com\/producto\/tr3031010\/","url":"https:\/\/comprardevoluciones.com\/producto\/tr3031010\/","name":"Pal\u00e9 de Teles ROTAS (BROKEN TVs) [11 productos] (TR3031010) - Comprardevoluciones - Tu tienda de Devoluciones de Amazon","isPartOf":{"@id":"https:\/\/comprardevoluciones.com\/#website"},"primaryImageOfPage":{"@id":"https:\/\/comprardevoluciones.com\/producto\/tr3031010\/#primaryimage"},"image":{"@id":"https:\/\/comprardevoluciones.com\/producto\/tr3031010\/#primaryimage"},"thumbnailUrl":"https:\/\/comprardevoluciones.com\/wp-content\/uploads\/2026\/01\/Teles-rotas-1-1.jpg","datePublished":"2026-04-02T15:00:20+00:00","dateModified":"2026-04-04T15:09:31+00:00","breadcrumb":{"@id":"https:\/\/comprardevoluciones.com\/producto\/tr3031010\/#breadcrumb"},"inLanguage":"pt-PT","potentialAction":[{"@type":"ReadAction","target":["https:\/\/comprardevoluciones.com\/producto\/tr3031010\/"]}]},{"@type":"ImageObject","inLanguage":"pt-PT","@id":"https:\/\/comprardevoluciones.com\/producto\/tr3031010\/#primaryimage","url":"https:\/\/comprardevoluciones.com\/wp-content\/uploads\/2026\/01\/Teles-rotas-1-1.jpg","contentUrl":"https:\/\/comprardevoluciones.com\/wp-content\/uploads\/2026\/01\/Teles-rotas-1-1.jpg","width":700,"height":700},{"@type":"BreadcrumbList","@id":"https:\/\/comprardevoluciones.com\/producto\/tr3031010\/#breadcrumb","itemListElement":[{"@type":"ListItem","position":1,"name":"Portada","item":"https:\/\/comprardevoluciones.com\/"},{"@type":"ListItem","position":2,"name":"Loja","item":"https:\/\/comprardevoluciones.com\/tienda\/"},{"@type":"ListItem","position":3,"name":"Pal\u00e9 de Teles ROTAS (BROKEN TVs) [11 productos] (TR3031010)"}]},{"@type":"WebSite","@id":"https:\/\/comprardevoluciones.com\/#website","url":"https:\/\/comprardevoluciones.com\/","name":"Comprardevoluciones - Tu tienda de Devoluciones de Amazon","description":"Consigue Stock en buen estado a un precio imbatible","potentialAction":[{"@type":"SearchAction","target":{"@type":"EntryPoint","urlTemplate":"https:\/\/comprardevoluciones.com\/?s={search_term_string}"},"query-input":{"@type":"PropertyValueSpecification","valueRequired":true,"valueName":"search_term_string"}}],"inLanguage":"pt-PT"}]}},"_links":{"self":[{"href":"https:\/\/comprardevoluciones.com\/pt-pt\/wp-json\/wp\/v2\/product\/157839","targetHints":{"allow":["GET"]}}],"collection":[{"href":"https:\/\/comprardevoluciones.com\/pt-pt\/wp-json\/wp\/v2\/product"}],"about":[{"href":"https:\/\/comprardevoluciones.com\/pt-pt\/wp-json\/wp\/v2\/types\/product"}],"wp:featuredmedia":[{"embeddable":true,"href":"https:\/\/comprardevoluciones.com\/pt-pt\/wp-json\/wp\/v2\/media\/157979"}],"wp:attachment":[{"href":"https:\/\/comprardevoluciones.com\/pt-pt\/wp-json\/wp\/v2\/media?parent=157839"}],"wp:term":[{"taxonomy":"product_brand","embeddable":true,"href":"https:\/\/comprardevoluciones.com\/pt-pt\/wp-json\/wp\/v2\/product_brand?post=157839"},{"taxonomy":"product_cat","embeddable":true,"href":"https:\/\/comprardevoluciones.com\/pt-pt\/wp-json\/wp\/v2\/product_cat?post=157839"},{"taxonomy":"product_tag","embeddable":true,"href":"https:\/\/comprardevoluciones.com\/pt-pt\/wp-json\/wp\/v2\/product_tag?post=157839"}],"curies":[{"name":"wp","href":"https:\/\/api.w.org\/{rel}","templated":true}]}}