{"id":160957,"date":"2026-04-10T09:59:40","date_gmt":"2026-04-10T08:59:40","guid":{"rendered":"https:\/\/comprardevoluciones.com\/?post_type=product&#038;p=160957"},"modified":"2026-04-09T23:19:29","modified_gmt":"2026-04-09T22:19:29","slug":"10223358","status":"publish","type":"product","link":"https:\/\/comprardevoluciones.com\/pt-pt\/producto\/10223358\/","title":{"rendered":"Pal\u00e9 de Electrodom\u00e9sticos [28 productos] (10223358)"},"content":{"rendered":"<p>Descripci\u00f3n y valor aproximados<\/p>\n<table>\n<tbody>\n<tr>\n<td><strong>FUENTE<\/strong><\/td>\n<td><strong>PRODUCTO<\/strong><\/td>\n<td><strong>VALOR (\u20ac)<\/strong><\/td>\n<td><strong>PAGAS (\u20ac)<\/strong><\/td>\n<\/tr>\n<tr>\n<td>MARKETPLACES<\/td>\n<td><a class=\"ljoptimizer\" href=\"https:\/\/www.amazon.es\/dp\/B01MXKH2FM?tag=amazon087683-21&amp;th=1\" target=\"_blank\" rel=\"nofollow noopener\">XIAOMI Robot Vacuum S12 &#8211; Robot Aspirador y fregasuelos con Sistema Inteligente de navegaci\u00f3n l\u00e1ser (LDS), succi\u00f3n de 4000 Pa, rutas de Limpieza en Zigzag, Blanco<\/a><\/td>\n<td>318 \u20ac<\/td>\n<td>73 \u20ac<\/td>\n<\/tr>\n<tr>\n<td>MARKETPLACES<\/td>\n<td><a class=\"ljoptimizer\" href=\"https:\/\/www.amazon.es\/dp\/B08CKZ3BQR?tag=amazon087683-21&amp;th=1\" target=\"_blank\" rel=\"nofollow noopener\">proscenic 850T Robot Aspirador y Fregasuelos, Robot Aspirador 3000Pa, Versi\u00f3n Nueva, Potente para Mascotas, Navegaci\u00f3n Inteligente,Dep\u00f3sito Mixto 2 en 1, Control por Siri, App, Alexa y Google Home<\/a><\/td>\n<td>224 \u20ac<\/td>\n<td>51 \u20ac<\/td>\n<\/tr>\n<tr>\n<td>MARKETPLACES<\/td>\n<td><a class=\"ljoptimizer\" href=\"https:\/\/www.amazon.es\/dp\/B0CDL35Y73?tag=amazon087683-21&amp;th=1\" target=\"_blank\" rel=\"nofollow noopener\">Eureka NERE10s Robot Aspirador y Fregasuelos con Vaciado autom\u00e1tico de Polvo,Aspirador Robot 4000 Pa,Autonom\u00eda 180 min,Detecci\u00f3n Obst\u00e1culos Navegaci\u00f3n LiDAR,App Control para moquetas y Suelos Duros<\/a><\/td>\n<td>219 \u20ac<\/td>\n<td>50 \u20ac<\/td>\n<\/tr>\n<tr>\n<td>MARKETPLACES<\/td>\n<td><a class=\"ljoptimizer\" href=\"https:\/\/www.amazon.es\/dp\/B0DK73GMYC?tag=amazon087683-21&amp;th=1\" target=\"_blank\" rel=\"nofollow noopener\">Mova E20 Robot Aspirador y Fregasuelos, Navegaci\u00f3n LDS, 5,000 Pa, 150mins Aspiradora y Mopa 2 en 1, Control App\/Alexa\/Google, Tecnolog\u00eda Smart Pathfinder\u2122, Ideal para Pelo de Mascotas y Alfombras<\/a><\/td>\n<td>213 \u20ac<\/td>\n<td>49 \u20ac<\/td>\n<\/tr>\n<tr>\n<td>MARKETPLACES<\/td>\n<td><a class=\"ljoptimizer\" href=\"https:\/\/www.amazon.es\/dp\/B0B8J4Z5DW?tag=amazon087683-21&amp;th=1\" target=\"_blank\" rel=\"nofollow noopener\">Moulinex Freidora de aire tambi\u00e9n grill 2 en 1, Easy Fry Grill, 6,5 L, 1830 W, 8 Programas Autom\u00e1ticos, 70% Ahorro Energ\u00e9tico, Parrilla antiadherente, Divisor Flexcook, Hasta 200\u00baC y 60 min, EZ8018<\/a><\/td>\n<td>189 \u20ac<\/td>\n<td>43 \u20ac<\/td>\n<\/tr>\n<tr>\n<td>MARKETPLACES<\/td>\n<td><a class=\"ljoptimizer\" href=\"https:\/\/www.amazon.es\/dp\/B0DHKHY5R4?tag=amazon087683-21&amp;th=1\" target=\"_blank\" rel=\"nofollow noopener\">Cecotec Robot Aspirador y Friegasuelos Conga 8490 Ultimate Ultra Power. Navegaci\u00f3n L\u00e1ser, App, Barre, Aspira, Friega y Pasa la Mopa, 7000 Pa, hasta 170 Min Autonom\u00eda, Cepillo Central de Silicona<\/a><\/td>\n<td>149 \u20ac<\/td>\n<td>34 \u20ac<\/td>\n<\/tr>\n<tr>\n<td>MARKETPLACES<\/td>\n<td><a class=\"ljoptimizer\" href=\"https:\/\/www.amazon.es\/dp\/B09HKWRWKY?tag=amazon087683-21&amp;th=1\" target=\"_blank\" rel=\"nofollow noopener\">Cecotec Chimenea El\u00e9ctrica Ready Warm 2700 Design Flames Black. 2000 W, Tama\u00f1o 26&#8243;, 2 Niveles de Potencia, Soporte de pie, Mando a Distancia, Temporizador, 25 m2<\/a><\/td>\n<td>145 \u20ac<\/td>\n<td>33 \u20ac<\/td>\n<\/tr>\n<tr>\n<td>MARKETPLACES<\/td>\n<td><a class=\"ljoptimizer\" href=\"https:\/\/www.amazon.es\/dp\/B0F99JMMC7?tag=amazon087683-21&amp;th=1\" target=\"_blank\" rel=\"nofollow noopener\">Ninja CRISPi Freidora de Aire port\u00e1til, 3,8 l, 4 en 1, fre\u00edr con Aire, Asar, Mantener Caliente y gratinar, compacta, Incluye 2 recipientes de Vidrio extra\u00edbles y Tapas, 1700 W, Salvia, FN101EUSG<\/a><\/td>\n<td>140 \u20ac<\/td>\n<td>32 \u20ac<\/td>\n<\/tr>\n<tr>\n<td>MARKETPLACES<\/td>\n<td><a class=\"ljoptimizer\" href=\"https:\/\/www.amazon.es\/dp\/B0DGL96JJZ?tag=amazon087683-21&amp;th=1\" target=\"_blank\" rel=\"nofollow noopener\">Cecotec Freidora de Aire sin Aceite &#8211; 4,5L &#8211; Plancha &#8211; Grill &#8211; Doble Resistencia &#8211; Ahumador Integrado &#8211; Air Fryer Cecofry&amp;Grill Smokin&#8217; 4500. 1900W, Temperatura Regulable 40-200\u00b0C, 10 Men\u00fas<\/a><\/td>\n<td>112 \u20ac<\/td>\n<td>26 \u20ac<\/td>\n<\/tr>\n<tr>\n<td>MARKETPLACES<\/td>\n<td><a class=\"ljoptimizer\" href=\"https:\/\/www.amazon.es\/dp\/B08VDRBH1C?tag=amazon087683-21&amp;th=1\" target=\"_blank\" rel=\"nofollow noopener\">Taurus &#8211; Aspirador escoba HS-2900, 3-in-1: escoba el\u00e9ctrica, de mano y vertical, Autonom\u00eda 50 min, Filtro EPA, Modo Eco y Turbo, Zapata con 2 cepillos intercambiables, Set accesorios, Negro<\/a><\/td>\n<td>105 \u20ac<\/td>\n<td>24 \u20ac<\/td>\n<\/tr>\n<tr>\n<td>MARKETPLACES<\/td>\n<td><a class=\"ljoptimizer\" href=\"https:\/\/www.amazon.es\/dp\/B07JK4JT7X?tag=amazon087683-21&amp;th=1\" target=\"_blank\" rel=\"nofollow noopener\">Cecotec Radiador El\u00e9ctrico Bajo Consumo Ready Warm 800 Thermal. 4 Elementos, 600 W, De pared o pie, 3 Modos, Temporizador, Mando a Distancia, Pantalla LED, Blanco<\/a><\/td>\n<td>101 \u20ac<\/td>\n<td>23 \u20ac<\/td>\n<\/tr>\n<tr>\n<td>MARKETPLACES<\/td>\n<td><a class=\"ljoptimizer\" href=\"https:\/\/www.amazon.es\/dp\/B0BPZWKXMM?tag=amazon087683-21&amp;th=1\" target=\"_blank\" rel=\"nofollow noopener\">Cecotec Estufa de Gas de Llama Azul Plegable ReadyWarm 4200 BlueFlame Foldable. 4200 W, 2 Niveles de Potencia, Encendido Piezoel\u00e9ctrico y Triple sistema de seguridad, Bombonas de hasta 15 Kg<\/a><\/td>\n<td>89 \u20ac<\/td>\n<td>20 \u20ac<\/td>\n<\/tr>\n<tr>\n<td>MARKETPLACES<\/td>\n<td><a class=\"ljoptimizer\" href=\"https:\/\/www.amazon.es\/dp\/B07KJNWTD9?tag=amazon087683-21&amp;th=1\" target=\"_blank\" rel=\"nofollow noopener\">Cecotec Microondas ProClean 5120 Inox. 700 W, Grill 800 W, Capacidad 20 L, Revestimiento Ready2Clean para mejor Limpieza, Tecnolog\u00eda 3DWave, 8 Programas, Dise\u00f1o Frontal Puerta Espejo<\/a><\/td>\n<td>88 \u20ac<\/td>\n<td>20 \u20ac<\/td>\n<\/tr>\n<tr>\n<td>MARKETPLACES<\/td>\n<td><a class=\"ljoptimizer\" href=\"https:\/\/www.amazon.es\/dp\/B08P3DKJ6X?tag=amazon087683-21&amp;th=1\" target=\"_blank\" rel=\"nofollow noopener\">Arcadia Jungle Dawn &#8211; L\u00e1mpara LED para plantas de reptiles (470 mm, 22 W)<\/a><\/td>\n<td>80 \u20ac<\/td>\n<td>18 \u20ac<\/td>\n<\/tr>\n<tr>\n<td>MARKETPLACES<\/td>\n<td><a class=\"ljoptimizer\" href=\"https:\/\/www.amazon.es\/dp\/B0BFB272XL?tag=amazon087683-21&amp;th=1\" target=\"_blank\" rel=\"nofollow noopener\">Cecotec Freidora sin Aceite de 5,5 L de Aire Caliente Cecofry Full Inox 5500 Pro. 1700 W, Diet\u00e9tica y Digital, Panel T\u00e1ctil, Acabados en Acero Inox, Tecnolog\u00eda PerfectCook, Termostato, 8 Modos<\/a><\/td>\n<td>78 \u20ac<\/td>\n<td>18 \u20ac<\/td>\n<\/tr>\n<tr>\n<td>MARKETPLACES<\/td>\n<td><a class=\"ljoptimizer\" href=\"https:\/\/www.amazon.es\/dp\/B0BPZPFNM4?tag=amazon087683-21&amp;th=1\" target=\"_blank\" rel=\"nofollow noopener\">Cecotec Freidora de Aire sin Aceite de 6 L Air Fryer con Accesorios Cecofry Bombastik 6000 Full. 1700 W, Tecnolog\u00eda PerfectCook, Temperatura y Tiempo Regulables, Control T\u00e1ctil, 12 Modos<\/a><\/td>\n<td>75 \u20ac<\/td>\n<td>17 \u20ac<\/td>\n<\/tr>\n<tr>\n<td>MARKETPLACES<\/td>\n<td><a class=\"ljoptimizer\" href=\"https:\/\/www.amazon.es\/dp\/B0BPZPFNM4?tag=amazon087683-21&amp;th=1\" target=\"_blank\" rel=\"nofollow noopener\">Cecotec Freidora de Aire sin Aceite de 6 L Air Fryer con Accesorios Cecofry Bombastik 6000 Full. 1700 W, Tecnolog\u00eda PerfectCook, Temperatura y Tiempo Regulables, Control T\u00e1ctil, 12 Modos<\/a><\/td>\n<td>75 \u20ac<\/td>\n<td>17 \u20ac<\/td>\n<\/tr>\n<tr>\n<td>MARKETPLACES<\/td>\n<td><a class=\"ljoptimizer\" href=\"https:\/\/www.amazon.es\/dp\/B07JN4TXC9?tag=amazon087683-21&amp;th=1\" target=\"_blank\" rel=\"nofollow noopener\">Cecotec Estufa de Gas Butano Ready Warm 4000 Slim Fold. 4200 W, Plegable, Cer\u00e1mica, 3 Modos, Bombonas de 15 kg, Triple sistema de seguridad, Ruedas multidireccionales, 30 m2 (Estufa)<\/a><\/td>\n<td>65 \u20ac<\/td>\n<td>15 \u20ac<\/td>\n<\/tr>\n<tr>\n<td>MARKETPLACES<\/td>\n<td><a class=\"ljoptimizer\" href=\"https:\/\/www.amazon.es\/dp\/B0BPYVZL2J?tag=amazon087683-21&amp;th=1\" target=\"_blank\" rel=\"nofollow noopener\">Cecotec Aspirador Escoba sin Cable Conga Rockstar 1500 Ray Pure. 215 W, 12 kPa, Autonom\u00cca 45 min, 3 en 1, Cepillo Mixto, Accesorios, 2 Programas, Cicl\u00dbn Paralelo, Dep\u00dbsito 500 ml<\/a><\/td>\n<td>65 \u20ac<\/td>\n<td>15 \u20ac<\/td>\n<\/tr>\n<tr>\n<td>MARKETPLACES<\/td>\n<td><a class=\"ljoptimizer\" href=\"https:\/\/www.amazon.es\/dp\/B0BPYVZL2J?tag=amazon087683-21&amp;th=1\" target=\"_blank\" rel=\"nofollow noopener\">Cecotec Aspirador Escoba sin Cable Conga Rockstar 1500 Ray Pure. 215 W, 12 kPa, Autonom\u00cca 45 min, 3 en 1, Cepillo Mixto, Accesorios, 2 Programas, Cicl\u00dbn Paralelo, Dep\u00dbsito 500 ml<\/a><\/td>\n<td>65 \u20ac<\/td>\n<td>15 \u20ac<\/td>\n<\/tr>\n<tr>\n<td>MARKETPLACES<\/td>\n<td><a class=\"ljoptimizer\" href=\"https:\/\/www.amazon.es\/dp\/B07KJXPG23?tag=amazon087683-21&amp;th=1\" target=\"_blank\" rel=\"nofollow noopener\">Cecotec ProClean 3060 Mirror Microondas con revestimiento Ready2Clean para una mejor limpieza, tecnolog\u00eda 3DWave, 700 W, 20 l, color plateado<\/a><\/td>\n<td>63 \u20ac<\/td>\n<td>14 \u20ac<\/td>\n<\/tr>\n<tr>\n<td>MARKETPLACES<\/td>\n<td><a class=\"ljoptimizer\" href=\"https:\/\/www.amazon.es\/dp\/B09HKWX4XM?tag=amazon087683-21&amp;th=1\" target=\"_blank\" rel=\"nofollow noopener\">Cecotec Radiador El\u00e9ctrico de Aceite ReadyWarm 7000 Space Black. 7 M\u00f3dulos, Bajo Consumo, 1500 W, 3 Niveles, Recogecables, Sistema de Seguridad, Ruedas, 15 m2<\/a><\/td>\n<td>62 \u20ac<\/td>\n<td>14 \u20ac<\/td>\n<\/tr>\n<tr>\n<td>MARKETPLACES<\/td>\n<td><a class=\"ljoptimizer\" href=\"https:\/\/www.amazon.es\/dp\/B09HKX1GZQ?tag=amazon087683-21&amp;th=1\" target=\"_blank\" rel=\"nofollow noopener\">Cecotec Calefactor Ba\u00f1o Cer\u00e1mico Ready Warm 10150 Smart Ceramic Pro. 2200 W, Termostato Regulable, Pantalla LED, Temporizador, Oscilaci\u00f3n, Mando a Distancia, Cobertura 22m2<\/a><\/td>\n<td>60 \u20ac<\/td>\n<td>14 \u20ac<\/td>\n<\/tr>\n<tr>\n<td>MARKETPLACES<\/td>\n<td><a class=\"ljoptimizer\" href=\"https:\/\/www.amazon.es\/dp\/B0DJ31SYL1?tag=amazon087683-21&amp;th=1\" target=\"_blank\" rel=\"nofollow noopener\">Cecotec Radiador El\u00e9ctrico de Aceite Bajo Consumo de 9 M\u00f3dulos ReadyWarm 950 Space White. 2000W, 3 Niveles de Potencia, Sistema de seguridad y Ruedas, Ideal para 20m\u00b2, Blanco<\/a><\/td>\n<td>56 \u20ac<\/td>\n<td>13 \u20ac<\/td>\n<\/tr>\n<tr>\n<td>MARKETPLACES<\/td>\n<td><a class=\"ljoptimizer\" href=\"https:\/\/www.amazon.es\/dp\/B09HKXL6BM?tag=amazon087683-21&amp;th=1\" target=\"_blank\" rel=\"nofollow noopener\">Cecotec Radiador El\u00e9ctrico de Aceite ReadyWarm 7000 Space. 7 M\u00f3dulos, Bajo Consumo, 1500 W, 3 Niveles, Recogecables, Sistema de Seguridad, Ruedas, 15 m2<\/a><\/td>\n<td>56 \u20ac<\/td>\n<td>13 \u20ac<\/td>\n<\/tr>\n<tr>\n<td>MARKETPLACES<\/td>\n<td><a class=\"ljoptimizer\" href=\"https:\/\/www.amazon.es\/dp\/B0BQ1H8LBX?tag=amazon087683-21&amp;th=1\" target=\"_blank\" rel=\"nofollow noopener\">Cecotec Aspirador de Cenizas de 20L Conga Ash 5000 Free. 1200W, Poder de Succi\u00f3n 18kPa, Tubo con Recubrimiento Met\u00e1lico, Boquilla de 38mm, F\u00e1cil Transporte Gracias a Sus Ruedas y Asa<\/a><\/td>\n<td>45 \u20ac<\/td>\n<td>10 \u20ac<\/td>\n<\/tr>\n<tr>\n<td>MARKETPLACES<\/td>\n<td><a class=\"ljoptimizer\" href=\"https:\/\/www.amazon.es\/dp\/B0CP3SCVL9?tag=amazon087683-21&amp;th=1\" target=\"_blank\" rel=\"nofollow noopener\">Ariete 4633 Freidora de aire caliente, 1400 W, capacidad 4 l, 9 programas, funci\u00f3n batida y barbacoa, temperatura hasta 200 \u00b0C, negro<\/a><\/td>\n<td>44 \u20ac<\/td>\n<td>10 \u20ac<\/td>\n<\/tr>\n<tr>\n<td>MARKETPLACES<\/td>\n<td><a class=\"ljoptimizer\" href=\"https:\/\/www.amazon.es\/dp\/B07JX66TM2?tag=amazon087683-21&amp;th=1\" target=\"_blank\" rel=\"nofollow noopener\">Cecotec Radiador El\u00e9ctrico Bajo Consumo Ready Warm 6550 Turbo Design. 2000 W, Termostato regulable, 4 Modos, Soporte de pie, Protecci\u00f3n sobrecalentamiento, 20m2<\/a><\/td>\n<td>36 \u20ac<\/td>\n<td>8 \u20ac<\/td>\n<\/tr>\n<\/tbody>\n<\/table>\n","protected":false},"excerpt":{"rendered":"<p>Pal\u00e9 de Electrodom\u00e9sticos sin revisar procedente de devoluciones de marketplaces<\/p>\n<ul>\n<li>N\u00famero de productos: 28<\/li>\n<li>Valor aproximado: 3017.00<\/li>\n<li>Porcentaje que se paga: 19% + IVA<\/li>\n<li>Tiempo de entrega estimado: 3 a 7 d\u00edas<\/li>\n<\/ul>\n<p>*Los precios incluyen IVA<\/p>\n","protected":false},"featured_media":161780,"template":"","meta":{"site-sidebar-layout":"default","site-content-layout":"","ast-site-content-layout":"default","site-content-style":"default","site-sidebar-style":"default","ast-global-header-display":"","ast-banner-title-visibility":"","ast-main-header-display":"","ast-hfb-above-header-display":"","ast-hfb-below-header-display":"","ast-hfb-mobile-header-display":"","site-post-title":"","ast-breadcrumbs-content":"","ast-featured-img":"","footer-sml-layout":"","ast-disable-related-posts":"","theme-transparent-header-meta":"default","adv-header-id-meta":"","stick-header-meta":"","header-above-stick-meta":"","header-main-stick-meta":"","header-below-stick-meta":"","astra-migrate-meta-layouts":"set","ast-page-background-enabled":"default","ast-page-background-meta":{"desktop":{"background-color":"var(--ast-global-color-4)","background-image":"","background-repeat":"repeat","background-position":"center center","background-size":"auto","background-attachment":"scroll","background-type":"","background-media":"","overlay-type":"","overlay-color":"","overlay-opacity":"","overlay-gradient":""},"tablet":{"background-color":"","background-image":"","background-repeat":"repeat","background-position":"center center","background-size":"auto","background-attachment":"scroll","background-type":"","background-media":"","overlay-type":"","overlay-color":"","overlay-opacity":"","overlay-gradient":""},"mobile":{"background-color":"","background-image":"","background-repeat":"repeat","background-position":"center center","background-size":"auto","background-attachment":"scroll","background-type":"","background-media":"","overlay-type":"","overlay-color":"","overlay-opacity":"","overlay-gradient":""}},"ast-content-background-meta":{"desktop":{"background-color":"var(--ast-global-color-5)","background-image":"","background-repeat":"repeat","background-position":"center center","background-size":"auto","background-attachment":"scroll","background-type":"","background-media":"","overlay-type":"","overlay-color":"","overlay-opacity":"","overlay-gradient":""},"tablet":{"background-color":"var(--ast-global-color-5)","background-image":"","background-repeat":"repeat","background-position":"center center","background-size":"auto","background-attachment":"scroll","background-type":"","background-media":"","overlay-type":"","overlay-color":"","overlay-opacity":"","overlay-gradient":""},"mobile":{"background-color":"var(--ast-global-color-5)","background-image":"","background-repeat":"repeat","background-position":"center center","background-size":"auto","background-attachment":"scroll","background-type":"","background-media":"","overlay-type":"","overlay-color":"","overlay-opacity":"","overlay-gradient":""}}},"product_brand":[],"product_cat":[51,65],"product_tag":[],"class_list":{"0":"post-160957","1":"product","2":"type-product","3":"status-publish","4":"has-post-thumbnail","6":"product_cat-electrodomesticos","7":"product_cat-pales","8":"product_shipping_class-pale","9":"desktop-align-left","10":"tablet-align-left","11":"mobile-align-left","13":"first","14":"instock","15":"sale","16":"downloadable","17":"taxable","18":"shipping-taxable","19":"purchasable","20":"product-type-simple"},"yoast_head":"<!-- This site is optimized with the Yoast SEO plugin v27.2 - https:\/\/yoast.com\/product\/yoast-seo-wordpress\/ -->\n<title>Pal\u00e9 de Electrodom\u00e9sticos [28 productos] (10223358) - Comprardevoluciones - Tu tienda de Devoluciones de Amazon<\/title>\n<meta name=\"robots\" content=\"noindex, follow\" \/>\n<meta property=\"og:locale\" content=\"pt_PT\" \/>\n<meta property=\"og:type\" content=\"article\" \/>\n<meta property=\"og:title\" content=\"Pal\u00e9 de Electrodom\u00e9sticos [28 productos] (10223358) - Comprardevoluciones - Tu tienda de Devoluciones de Amazon\" \/>\n<meta property=\"og:description\" content=\"Pal\u00e9 de Electrodom\u00e9sticos sin revisar procedente de devoluciones de marketplaces   N\u00famero de productos: 28  Valor aproximado: 3017.00  Porcentaje que se paga: 19% + IVA  Tiempo de entrega estimado: 3 a 7 d\u00edas  *Los precios incluyen IVA\" \/>\n<meta property=\"og:url\" content=\"https:\/\/comprardevoluciones.com\/producto\/10223358\/\" \/>\n<meta property=\"og:site_name\" content=\"Comprardevoluciones - Tu tienda de Devoluciones de Amazon\" \/>\n<meta property=\"og:image\" content=\"https:\/\/comprardevoluciones.com\/wp-content\/uploads\/2026\/02\/10223358.jpg\" \/>\n\t<meta property=\"og:image:width\" content=\"700\" \/>\n\t<meta property=\"og:image:height\" content=\"700\" \/>\n\t<meta property=\"og:image:type\" content=\"image\/jpeg\" \/>\n<meta name=\"twitter:card\" content=\"summary_large_image\" \/>\n<meta name=\"twitter:label1\" content=\"Tempo estimado de leitura\" \/>\n\t<meta name=\"twitter:data1\" content=\"5 minutos\" \/>\n<script type=\"application\/ld+json\" class=\"yoast-schema-graph\">{\"@context\":\"https:\/\/schema.org\",\"@graph\":[{\"@type\":\"WebPage\",\"@id\":\"https:\/\/comprardevoluciones.com\/producto\/10223358\/\",\"url\":\"https:\/\/comprardevoluciones.com\/producto\/10223358\/\",\"name\":\"Pal\u00e9 de Electrodom\u00e9sticos [28 productos] (10223358) - Comprardevoluciones - Tu tienda de Devoluciones de Amazon\",\"isPartOf\":{\"@id\":\"https:\/\/comprardevoluciones.com\/#website\"},\"primaryImageOfPage\":{\"@id\":\"https:\/\/comprardevoluciones.com\/producto\/10223358\/#primaryimage\"},\"image\":{\"@id\":\"https:\/\/comprardevoluciones.com\/producto\/10223358\/#primaryimage\"},\"thumbnailUrl\":\"https:\/\/comprardevoluciones.com\/wp-content\/uploads\/2026\/02\/10223358.jpg\",\"datePublished\":\"2026-04-10T08:59:40+00:00\",\"breadcrumb\":{\"@id\":\"https:\/\/comprardevoluciones.com\/producto\/10223358\/#breadcrumb\"},\"inLanguage\":\"pt-PT\",\"potentialAction\":[{\"@type\":\"ReadAction\",\"target\":[\"https:\/\/comprardevoluciones.com\/producto\/10223358\/\"]}]},{\"@type\":\"ImageObject\",\"inLanguage\":\"pt-PT\",\"@id\":\"https:\/\/comprardevoluciones.com\/producto\/10223358\/#primaryimage\",\"url\":\"https:\/\/comprardevoluciones.com\/wp-content\/uploads\/2026\/02\/10223358.jpg\",\"contentUrl\":\"https:\/\/comprardevoluciones.com\/wp-content\/uploads\/2026\/02\/10223358.jpg\",\"width\":700,\"height\":700},{\"@type\":\"BreadcrumbList\",\"@id\":\"https:\/\/comprardevoluciones.com\/producto\/10223358\/#breadcrumb\",\"itemListElement\":[{\"@type\":\"ListItem\",\"position\":1,\"name\":\"Portada\",\"item\":\"https:\/\/comprardevoluciones.com\/\"},{\"@type\":\"ListItem\",\"position\":2,\"name\":\"Loja\",\"item\":\"https:\/\/comprardevoluciones.com\/tienda\/\"},{\"@type\":\"ListItem\",\"position\":3,\"name\":\"Pal\u00e9 de Electrodom\u00e9sticos [28 productos] (10223358)\"}]},{\"@type\":\"WebSite\",\"@id\":\"https:\/\/comprardevoluciones.com\/#website\",\"url\":\"https:\/\/comprardevoluciones.com\/\",\"name\":\"Comprardevoluciones - Tu tienda de Devoluciones de Amazon\",\"description\":\"Consigue Stock en buen estado a un precio imbatible\",\"potentialAction\":[{\"@type\":\"SearchAction\",\"target\":{\"@type\":\"EntryPoint\",\"urlTemplate\":\"https:\/\/comprardevoluciones.com\/?s={search_term_string}\"},\"query-input\":{\"@type\":\"PropertyValueSpecification\",\"valueRequired\":true,\"valueName\":\"search_term_string\"}}],\"inLanguage\":\"pt-PT\"}]}<\/script>\n<!-- \/ Yoast SEO plugin. -->","yoast_head_json":{"title":"Pal\u00e9 de Electrodom\u00e9sticos [28 productos] (10223358) - Comprardevoluciones - Tu tienda de Devoluciones de Amazon","robots":{"index":"noindex","follow":"follow"},"og_locale":"pt_PT","og_type":"article","og_title":"Pal\u00e9 de Electrodom\u00e9sticos [28 productos] (10223358) - Comprardevoluciones - Tu tienda de Devoluciones de Amazon","og_description":"Pal\u00e9 de Electrodom\u00e9sticos sin revisar procedente de devoluciones de marketplaces   N\u00famero de productos: 28  Valor aproximado: 3017.00  Porcentaje que se paga: 19% + IVA  Tiempo de entrega estimado: 3 a 7 d\u00edas  *Los precios incluyen IVA","og_url":"https:\/\/comprardevoluciones.com\/producto\/10223358\/","og_site_name":"Comprardevoluciones - Tu tienda de Devoluciones de Amazon","og_image":[{"width":700,"height":700,"url":"https:\/\/comprardevoluciones.com\/wp-content\/uploads\/2026\/02\/10223358.jpg","type":"image\/jpeg"}],"twitter_card":"summary_large_image","twitter_misc":{"Tempo estimado de leitura":"5 minutos"},"schema":{"@context":"https:\/\/schema.org","@graph":[{"@type":"WebPage","@id":"https:\/\/comprardevoluciones.com\/producto\/10223358\/","url":"https:\/\/comprardevoluciones.com\/producto\/10223358\/","name":"Pal\u00e9 de Electrodom\u00e9sticos [28 productos] (10223358) - Comprardevoluciones - Tu tienda de Devoluciones de Amazon","isPartOf":{"@id":"https:\/\/comprardevoluciones.com\/#website"},"primaryImageOfPage":{"@id":"https:\/\/comprardevoluciones.com\/producto\/10223358\/#primaryimage"},"image":{"@id":"https:\/\/comprardevoluciones.com\/producto\/10223358\/#primaryimage"},"thumbnailUrl":"https:\/\/comprardevoluciones.com\/wp-content\/uploads\/2026\/02\/10223358.jpg","datePublished":"2026-04-10T08:59:40+00:00","breadcrumb":{"@id":"https:\/\/comprardevoluciones.com\/producto\/10223358\/#breadcrumb"},"inLanguage":"pt-PT","potentialAction":[{"@type":"ReadAction","target":["https:\/\/comprardevoluciones.com\/producto\/10223358\/"]}]},{"@type":"ImageObject","inLanguage":"pt-PT","@id":"https:\/\/comprardevoluciones.com\/producto\/10223358\/#primaryimage","url":"https:\/\/comprardevoluciones.com\/wp-content\/uploads\/2026\/02\/10223358.jpg","contentUrl":"https:\/\/comprardevoluciones.com\/wp-content\/uploads\/2026\/02\/10223358.jpg","width":700,"height":700},{"@type":"BreadcrumbList","@id":"https:\/\/comprardevoluciones.com\/producto\/10223358\/#breadcrumb","itemListElement":[{"@type":"ListItem","position":1,"name":"Portada","item":"https:\/\/comprardevoluciones.com\/"},{"@type":"ListItem","position":2,"name":"Loja","item":"https:\/\/comprardevoluciones.com\/tienda\/"},{"@type":"ListItem","position":3,"name":"Pal\u00e9 de Electrodom\u00e9sticos [28 productos] (10223358)"}]},{"@type":"WebSite","@id":"https:\/\/comprardevoluciones.com\/#website","url":"https:\/\/comprardevoluciones.com\/","name":"Comprardevoluciones - Tu tienda de Devoluciones de Amazon","description":"Consigue Stock en buen estado a un precio imbatible","potentialAction":[{"@type":"SearchAction","target":{"@type":"EntryPoint","urlTemplate":"https:\/\/comprardevoluciones.com\/?s={search_term_string}"},"query-input":{"@type":"PropertyValueSpecification","valueRequired":true,"valueName":"search_term_string"}}],"inLanguage":"pt-PT"}]}},"_links":{"self":[{"href":"https:\/\/comprardevoluciones.com\/pt-pt\/wp-json\/wp\/v2\/product\/160957","targetHints":{"allow":["GET"]}}],"collection":[{"href":"https:\/\/comprardevoluciones.com\/pt-pt\/wp-json\/wp\/v2\/product"}],"about":[{"href":"https:\/\/comprardevoluciones.com\/pt-pt\/wp-json\/wp\/v2\/types\/product"}],"wp:featuredmedia":[{"embeddable":true,"href":"https:\/\/comprardevoluciones.com\/pt-pt\/wp-json\/wp\/v2\/media\/161780"}],"wp:attachment":[{"href":"https:\/\/comprardevoluciones.com\/pt-pt\/wp-json\/wp\/v2\/media?parent=160957"}],"wp:term":[{"taxonomy":"product_brand","embeddable":true,"href":"https:\/\/comprardevoluciones.com\/pt-pt\/wp-json\/wp\/v2\/product_brand?post=160957"},{"taxonomy":"product_cat","embeddable":true,"href":"https:\/\/comprardevoluciones.com\/pt-pt\/wp-json\/wp\/v2\/product_cat?post=160957"},{"taxonomy":"product_tag","embeddable":true,"href":"https:\/\/comprardevoluciones.com\/pt-pt\/wp-json\/wp\/v2\/product_tag?post=160957"}],"curies":[{"name":"wp","href":"https:\/\/api.w.org\/{rel}","templated":true}]}}