{"id":165824,"date":"2026-04-01T09:30:49","date_gmt":"2026-04-01T08:30:49","guid":{"rendered":"https:\/\/comprardevoluciones.com\/?post_type=product&#038;p=165824"},"modified":"2026-04-01T10:03:01","modified_gmt":"2026-04-01T09:03:01","slug":"10221648","status":"publish","type":"product","link":"https:\/\/comprardevoluciones.com\/pt-pt\/producto\/10221648\/","title":{"rendered":"Pal\u00e9 de Herramientas [31 productos] (10221648)"},"content":{"rendered":"<p>Descripci\u00f3n y valor aproximados<\/p>\n<table>\n<tbody>\n<tr>\n<td><strong>FUENTE<\/strong><\/td>\n<td><strong>PRODUCTO<\/strong><\/td>\n<td><strong>VALOR (\u20ac)<\/strong><\/td>\n<td><strong>PAGAS (\u20ac)<\/strong><\/td>\n<\/tr>\n<tr>\n<td>MARKETPLACES<\/td>\n<td><a class=\"ljoptimizer\" href=\"https:\/\/www.amazon.es\/dp\/B0DP37Y98N?tag=amazon087683-21&amp;th=1\" target=\"_blank\" rel=\"nofollow noopener\">LS2, Modularer Motorradhelm ADVANT II SOLID Matt Black, XL<\/a><\/td>\n<td>267 \u20ac<\/td>\n<td>61 \u20ac<\/td>\n<\/tr>\n<tr>\n<td>MARKETPLACES<\/td>\n<td><a class=\"ljoptimizer\" href=\"https:\/\/www.amazon.es\/dp\/B005OUMQMG?tag=amazon087683-21&amp;th=1\" target=\"_blank\" rel=\"nofollow noopener\">HELLA 1EF 354 025-091 Scheinwerfer &#8211; Land Rover Freelander 2 (L359) &#8211; ECE &#8211; f\u00fcr Rechtsverkehr &#8211; links<\/a><\/td>\n<td>173 \u20ac<\/td>\n<td>40 \u20ac<\/td>\n<\/tr>\n<tr>\n<td>MARKETPLACES<\/td>\n<td><a class=\"ljoptimizer\" href=\"https:\/\/www.amazon.es\/dp\/B0FN6RN74D?tag=amazon087683-21&amp;th=1\" target=\"_blank\" rel=\"nofollow noopener\">VEVOR Embutidora Manual de Salchichas de 5 L, M\u00e1quina de Llenado Vertical de Carne con 2 Velocidades de R\u00e1pida\/Lenta, Acero Inoxidable Resistente, con 5 Tubos de Embutido, 490 x 300 x 660 mm<\/a><\/td>\n<td>155 \u20ac<\/td>\n<td>36 \u20ac<\/td>\n<\/tr>\n<tr>\n<td>MARKETPLACES<\/td>\n<td><a class=\"ljoptimizer\" href=\"https:\/\/www.amazon.es\/dp\/B015KIOB6U?tag=amazon087683-21&amp;th=1\" target=\"_blank\" rel=\"nofollow noopener\">Fervi S015 &#8211; Espaciador manual de pedal<\/a><\/td>\n<td>143 \u20ac<\/td>\n<td>33 \u20ac<\/td>\n<\/tr>\n<tr>\n<td>MARKETPLACES<\/td>\n<td><a class=\"ljoptimizer\" href=\"https:\/\/www.amazon.es\/dp\/B002EX4VB0?tag=amazon087683-21&amp;th=1\" target=\"_blank\" rel=\"nofollow noopener\">Bosch Sierra circular PKS 66 AF (Disco de sierra, carril gu\u00eda, caja de cart\u00f3n, 1600 vatios)<\/a><\/td>\n<td>139 \u20ac<\/td>\n<td>32 \u20ac<\/td>\n<\/tr>\n<tr>\n<td>MARKETPLACES<\/td>\n<td><a class=\"ljoptimizer\" href=\"https:\/\/www.amazon.es\/dp\/B00C1NL1DE?tag=amazon087683-21&amp;th=1\" target=\"_blank\" rel=\"nofollow noopener\">Roca Hall &#8211; Tapa y asiento para inodoro compacto con ca\u00edda amortiguada, tapadera de WC original con ajuste perfecto, recambio de tapa de v\u00e1ter resistente, blanco, A801622004<\/a><\/td>\n<td>123 \u20ac<\/td>\n<td>28 \u20ac<\/td>\n<\/tr>\n<tr>\n<td>MARKETPLACES<\/td>\n<td><a class=\"ljoptimizer\" href=\"https:\/\/www.amazon.es\/dp\/B06XTB2L21?tag=amazon087683-21&amp;th=1\" target=\"_blank\" rel=\"nofollow noopener\">Bosch Aspirador en seco y h\u00famedo AdvancedVac 20 (1200 vatios, Volumen de contenedor de 20 litros, en Caja)<\/a><\/td>\n<td>123 \u20ac<\/td>\n<td>28 \u20ac<\/td>\n<\/tr>\n<tr>\n<td>MARKETPLACES<\/td>\n<td><a class=\"ljoptimizer\" href=\"https:\/\/www.amazon.es\/dp\/B0F387B4JS?tag=amazon087683-21&amp;th=1\" target=\"_blank\" rel=\"nofollow noopener\">Sailnovo Incubadora para 24 Huevos con 4 Modos, Incubadora de Huevos con Volteo Autom\u00e1tico y Monitor de Humedad, L\u00e1mpara de Huevo, Incubadora Huevos Gallina Vista 360\u00b0 Ventana Transparente, Gris<\/a><\/td>\n<td>106 \u20ac<\/td>\n<td>24 \u20ac<\/td>\n<\/tr>\n<tr>\n<td>MARKETPLACES<\/td>\n<td><a class=\"ljoptimizer\" href=\"https:\/\/www.amazon.es\/dp\/B0FKB28QPD?tag=amazon087683-21&amp;th=1\" target=\"_blank\" rel=\"nofollow noopener\">Columna Ducha Termost\u00e1tica, YOOZENA Duchas de Ba\u00f1o Columna Extensible con Grifo, Conjunto con Grifo Lluvia 26x19cm, Alcachofa con Manguera, Cromado<\/a><\/td>\n<td>95 \u20ac<\/td>\n<td>22 \u20ac<\/td>\n<\/tr>\n<tr>\n<td>MARKETPLACES<\/td>\n<td><a class=\"ljoptimizer\" href=\"https:\/\/www.amazon.es\/dp\/B00835QBQG?tag=amazon087683-21&amp;th=1\" target=\"_blank\" rel=\"nofollow noopener\">S SUMEX Hupr230 Cadenas De Nieve &#8220;Husky Professional&#8221; 16 mm T\u00fcv. 230<\/a><\/td>\n<td>72 \u20ac<\/td>\n<td>17 \u20ac<\/td>\n<\/tr>\n<tr>\n<td>MARKETPLACES<\/td>\n<td><a class=\"ljoptimizer\" href=\"https:\/\/www.amazon.es\/dp\/B01MRR7Q0H?tag=amazon087683-21&amp;th=1\" target=\"_blank\" rel=\"nofollow noopener\">ARKITMOBEL &#8211; Lavabo polimetilmetraquilato (PMMA) &#8211; Color Blanco, 81,5 An x 13 Al x 46 Fondo, en cm &#8211; Pila Lavamanos Rectangular para Ba\u00f1o<\/a><\/td>\n<td>63 \u20ac<\/td>\n<td>14 \u20ac<\/td>\n<\/tr>\n<tr>\n<td>MARKETPLACES<\/td>\n<td><a class=\"ljoptimizer\" href=\"https:\/\/www.amazon.es\/dp\/B005DRP6BS?tag=amazon087683-21&amp;th=1\" target=\"_blank\" rel=\"nofollow noopener\">Superrollo Professional SR20110 Rohrmoto<\/a><\/td>\n<td>55 \u20ac<\/td>\n<td>13 \u20ac<\/td>\n<\/tr>\n<tr>\n<td>MARKETPLACES<\/td>\n<td><a class=\"ljoptimizer\" href=\"https:\/\/www.amazon.es\/dp\/B0CL9RVZFW?tag=amazon087683-21&amp;th=1\" target=\"_blank\" rel=\"nofollow noopener\">VEVOR Caja de Almacenamiento de Pl\u00e1stico Plegable con Tapas 3 Piezas, Cajas de Transporte Apilable 45 L con Asas, Contenedores Grandes y Resistentes para Ropa, Juguetes, Libros, Accesorios, Negro<\/a><\/td>\n<td>51 \u20ac<\/td>\n<td>12 \u20ac<\/td>\n<\/tr>\n<tr>\n<td>MARKETPLACES<\/td>\n<td><a class=\"ljoptimizer\" href=\"https:\/\/www.amazon.es\/dp\/B0B97XGRXV?tag=amazon087683-21&amp;th=1\" target=\"_blank\" rel=\"nofollow noopener\">Roca The Gap &#8211; Tapa y asiento de Supralit para inodoro de tanque bajo, tapadera de WC original con ajuste perfecto, recambio de tapa de v\u00e1ter resistente, blanco, A80147000B<\/a><\/td>\n<td>48 \u20ac<\/td>\n<td>11 \u20ac<\/td>\n<\/tr>\n<tr>\n<td>MARKETPLACES<\/td>\n<td><a class=\"ljoptimizer\" href=\"https:\/\/www.amazon.es\/dp\/B0CMHFM1S8?tag=amazon087683-21&amp;th=1\" target=\"_blank\" rel=\"nofollow noopener\">VEVOR Patas de Mesa 2 Piezas Patas de Escritorio Ajustables Cuadradas 711 mm Capacidad de Carga 454 kg de Acero S\u00f3lido Patas de Muebles con Muchos Accesorios para Hogar, Oficina, Comedor, Negro<\/a><\/td>\n<td>46 \u20ac<\/td>\n<td>11 \u20ac<\/td>\n<\/tr>\n<tr>\n<td>MARKETPLACES<\/td>\n<td><a class=\"ljoptimizer\" href=\"https:\/\/www.amazon.es\/dp\/B00W8MA8IM?tag=amazon087683-21&amp;th=1\" target=\"_blank\" rel=\"nofollow noopener\">Tork Xpress Multifold Papierhandt\u00fccher 150299 &#8211; H2 Universal Falthandt\u00fccher f\u00fcr Handtuchspender &#8211; mehrfach gefaltet, 2-lagig, wei\u00df &#8211; 20 x 237 T\u00fccher<\/a><\/td>\n<td>42 \u20ac<\/td>\n<td>10 \u20ac<\/td>\n<\/tr>\n<tr>\n<td>MARKETPLACES<\/td>\n<td><a class=\"ljoptimizer\" href=\"https:\/\/www.amazon.es\/dp\/B0FCSH8JRT?tag=amazon087683-21&amp;th=1\" target=\"_blank\" rel=\"nofollow noopener\">Auralum Columna Ducha sin Grifo con Diversor de Lat\u00f3n, Rociador Ducha \u00d825 cm Redondo, Teleducha con 4 Modos, Barra de Ducha Altura Regulable, Set Ducha Compatible con Orificios Existentes, Cromo<\/a><\/td>\n<td>40 \u20ac<\/td>\n<td>9 \u20ac<\/td>\n<\/tr>\n<tr>\n<td>MARKETPLACES<\/td>\n<td><a class=\"ljoptimizer\" href=\"https:\/\/www.amazon.es\/dp\/B002DQTAMI?tag=amazon087683-21&amp;th=1\" target=\"_blank\" rel=\"nofollow noopener\">Duravit D-Code tapa WC, asiento de inodoro de urea duroplast, tapadera wc con bisagras de acero inoxidable, tapa de wc en forma de D, tapa de inodoro blanco<\/a><\/td>\n<td>34 \u20ac<\/td>\n<td>8 \u20ac<\/td>\n<\/tr>\n<tr>\n<td>MARKETPLACES<\/td>\n<td><a class=\"ljoptimizer\" href=\"https:\/\/www.amazon.es\/dp\/B0C37R5Z6K?tag=amazon087683-21&amp;th=1\" target=\"_blank\" rel=\"nofollow noopener\">PEPE Mobility Barra Abatible Acolchada 58 cm (x1 ud), Agarraderas Ba\u00f1o para Mayores, Asidero Ba\u00f1os, Asa Seguridad WC<\/a><\/td>\n<td>33 \u20ac<\/td>\n<td>8 \u20ac<\/td>\n<\/tr>\n<tr>\n<td>MARKETPLACES<\/td>\n<td><a class=\"ljoptimizer\" href=\"https:\/\/www.amazon.es\/dp\/B075V1SLRX?tag=amazon087683-21&amp;th=1\" target=\"_blank\" rel=\"nofollow noopener\">Home Sweet Home Moderno Pantalla Bling | cilindro | 50\/50\/25cm | Blanco | Pantalla de l\u00e1mpara de tela de algod\u00f3n | para casquillo de l\u00e1mpara E27 | probado RoHS | para l\u00e1mpara colgante<\/a><\/td>\n<td>32 \u20ac<\/td>\n<td>7 \u20ac<\/td>\n<\/tr>\n<tr>\n<td>MARKETPLACES<\/td>\n<td><a class=\"ljoptimizer\" href=\"https:\/\/www.amazon.es\/dp\/B00IKEUWI8?tag=amazon087683-21&amp;th=1\" target=\"_blank\" rel=\"nofollow noopener\">Sakura SS5259 &#8211; Barrera Protectora de Coche para Perros, para Reposacabezas, Colocaci\u00f3n Sencilla en la Mayor\u00eda de Veh\u00edculos, Altura y Anchura Ajustable, sin Necesidad de Herramientas<\/a><\/td>\n<td>29 \u20ac<\/td>\n<td>7 \u20ac<\/td>\n<\/tr>\n<tr>\n<td>MARKETPLACES<\/td>\n<td><a class=\"ljoptimizer\" href=\"https:\/\/www.amazon.es\/dp\/B002522PS6?tag=amazon087683-21&amp;th=1\" target=\"_blank\" rel=\"nofollow noopener\">MANN-FILTER C 15 143\/1 Luftfilter &#8211; f\u00fcr Pkw + Transporter<\/a><\/td>\n<td>28 \u20ac<\/td>\n<td>6 \u20ac<\/td>\n<\/tr>\n<tr>\n<td>MARKETPLACES<\/td>\n<td><a class=\"ljoptimizer\" href=\"https:\/\/www.amazon.es\/dp\/B0FHB3JHWD?tag=amazon087683-21&amp;th=1\" target=\"_blank\" rel=\"nofollow noopener\">Tapa WC Universal Forma de D [LARGO], YEAUPE PRO Asiento de Inodoro de Cierre Suave con Liberaci\u00f3n R\u00e1pida para una F\u00e1cil Limpieza, Blanco, 45 x 36,1 x 5cm, Incluye plantilla de instalaci\u00f3n<\/a><\/td>\n<td>27 \u20ac<\/td>\n<td>6 \u20ac<\/td>\n<\/tr>\n<tr>\n<td>MARKETPLACES<\/td>\n<td><a class=\"ljoptimizer\" href=\"https:\/\/www.amazon.es\/dp\/B07Q417VF9?tag=amazon087683-21&amp;th=1\" target=\"_blank\" rel=\"nofollow noopener\">Kibath 324674 Barra Toallas de dise\u00f1o. Fabricado en Acero Inoxidable y Acabado en Cromo Brillo. con Dos Opciones de colocaci\u00f3n, Adhesiva o con Tornillos<\/a><\/td>\n<td>26 \u20ac<\/td>\n<td>6 \u20ac<\/td>\n<\/tr>\n<tr>\n<td>MARKETPLACES<\/td>\n<td><a class=\"ljoptimizer\" href=\"https:\/\/www.amazon.es\/dp\/B08C2BC1MY?tag=amazon087683-21&amp;th=1\" target=\"_blank\" rel=\"nofollow noopener\">ZHOL Universal 38,1 cm Lenkradbezug aus Kohlefaser, Sportdesign, atmungsaktiv, rutschfest, verschlei\u00dffest, Schwarz<\/a><\/td>\n<td>26 \u20ac<\/td>\n<td>6 \u20ac<\/td>\n<\/tr>\n<tr>\n<td>MARKETPLACES<\/td>\n<td><a class=\"ljoptimizer\" href=\"https:\/\/www.amazon.es\/dp\/B07ZHFS5M7?tag=amazon087683-21&amp;th=1\" target=\"_blank\" rel=\"nofollow noopener\">Livingwalls Jette 5 373635 &#8211; Papel pintado no tejido (0,53 m x 10,05 m), color verde<\/a><\/td>\n<td>24 \u20ac<\/td>\n<td>5 \u20ac<\/td>\n<\/tr>\n<tr>\n<td>MARKETPLACES<\/td>\n<td><a class=\"ljoptimizer\" href=\"https:\/\/www.amazon.es\/dp\/B003NDSSUK?tag=amazon087683-21&amp;th=1\" target=\"_blank\" rel=\"nofollow noopener\">Bosch Aerotwin A292S Limpiaparabrisas Frontal &#8211; Set de Escobillas de Recambio para una Mayor Seguridad en la Conducci\u00f3n, con Adaptador Premontado, 60cm\/38cm<\/a><\/td>\n<td>21 \u20ac<\/td>\n<td>5 \u20ac<\/td>\n<\/tr>\n<tr>\n<td>MARKETPLACES<\/td>\n<td><a class=\"ljoptimizer\" href=\"https:\/\/www.amazon.es\/dp\/B0D7VTR7WB?tag=amazon087683-21&amp;th=1\" target=\"_blank\" rel=\"nofollow noopener\">InnovaGoods\u00ae Toilette portable, bidet pliable, capacit\u00e9 1,5L. Ergonomique, vidange facile. Id\u00e9al pour les personnes \u00e2g\u00e9es ou \u00e0 mobilit\u00e9 r\u00e9duite.<\/a><\/td>\n<td>21 \u20ac<\/td>\n<td>5 \u20ac<\/td>\n<\/tr>\n<tr>\n<td>MARKETPLACES<\/td>\n<td><a class=\"ljoptimizer\" href=\"https:\/\/www.amazon.es\/dp\/B0039234TU?tag=amazon087683-21&amp;th=1\" target=\"_blank\" rel=\"nofollow noopener\">Bosch Aerotwin A116S &#8211; Limpiaparabrisas, Negro (2 unidades, 600 mm y 400 mm)<\/a><\/td>\n<td>21 \u20ac<\/td>\n<td>5 \u20ac<\/td>\n<\/tr>\n<tr>\n<td>MARKETPLACES<\/td>\n<td><a class=\"ljoptimizer\" href=\"https:\/\/www.amazon.es\/dp\/B01LX3Y4OD?tag=amazon087683-21&amp;th=1\" target=\"_blank\" rel=\"nofollow noopener\">DBS 01765769 Alfombrilla Alfombra negro<\/a><\/td>\n<td>15 \u20ac<\/td>\n<td>3 \u20ac<\/td>\n<\/tr>\n<tr>\n<td>MARKETPLACES<\/td>\n<td><a class=\"ljoptimizer\" href=\"https:\/\/www.amazon.es\/dp\/B002SK8O8U?tag=amazon087683-21&amp;th=1\" target=\"_blank\" rel=\"nofollow noopener\">Valeo 574110 Escobillas de Limpiaparabrisas<\/a><\/td>\n<td>5 \u20ac<\/td>\n<td>1 \u20ac<\/td>\n<\/tr>\n<\/tbody>\n<\/table>\n","protected":false},"excerpt":{"rendered":"<p>Pal\u00e9 de Herramientas sin revisar procedente de devoluciones de marketplaces<\/p>\n<ul>\n<li>N\u00famero de productos: 31<\/li>\n<li>Valor aproximado: 2083.00<\/li>\n<li>Porcentaje que se paga: 19% + IVA<\/li>\n<li>Tiempo de entrega estimado: 3 a 7 d\u00edas<\/li>\n<\/ul>\n<p>*Los precios incluyen IVA<\/p>\n","protected":false},"featured_media":166303,"template":"","meta":{"site-sidebar-layout":"default","site-content-layout":"","ast-site-content-layout":"default","site-content-style":"default","site-sidebar-style":"default","ast-global-header-display":"","ast-banner-title-visibility":"","ast-main-header-display":"","ast-hfb-above-header-display":"","ast-hfb-below-header-display":"","ast-hfb-mobile-header-display":"","site-post-title":"","ast-breadcrumbs-content":"","ast-featured-img":"","footer-sml-layout":"","ast-disable-related-posts":"","theme-transparent-header-meta":"default","adv-header-id-meta":"","stick-header-meta":"","header-above-stick-meta":"","header-main-stick-meta":"","header-below-stick-meta":"","astra-migrate-meta-layouts":"set","ast-page-background-enabled":"default","ast-page-background-meta":{"desktop":{"background-color":"var(--ast-global-color-4)","background-image":"","background-repeat":"repeat","background-position":"center center","background-size":"auto","background-attachment":"scroll","background-type":"","background-media":"","overlay-type":"","overlay-color":"","overlay-opacity":"","overlay-gradient":""},"tablet":{"background-color":"","background-image":"","background-repeat":"repeat","background-position":"center center","background-size":"auto","background-attachment":"scroll","background-type":"","background-media":"","overlay-type":"","overlay-color":"","overlay-opacity":"","overlay-gradient":""},"mobile":{"background-color":"","background-image":"","background-repeat":"repeat","background-position":"center center","background-size":"auto","background-attachment":"scroll","background-type":"","background-media":"","overlay-type":"","overlay-color":"","overlay-opacity":"","overlay-gradient":""}},"ast-content-background-meta":{"desktop":{"background-color":"var(--ast-global-color-5)","background-image":"","background-repeat":"repeat","background-position":"center center","background-size":"auto","background-attachment":"scroll","background-type":"","background-media":"","overlay-type":"","overlay-color":"","overlay-opacity":"","overlay-gradient":""},"tablet":{"background-color":"var(--ast-global-color-5)","background-image":"","background-repeat":"repeat","background-position":"center center","background-size":"auto","background-attachment":"scroll","background-type":"","background-media":"","overlay-type":"","overlay-color":"","overlay-opacity":"","overlay-gradient":""},"mobile":{"background-color":"var(--ast-global-color-5)","background-image":"","background-repeat":"repeat","background-position":"center center","background-size":"auto","background-attachment":"scroll","background-type":"","background-media":"","overlay-type":"","overlay-color":"","overlay-opacity":"","overlay-gradient":""}}},"product_brand":[],"product_cat":[42,65],"product_tag":[],"class_list":{"0":"post-165824","1":"product","2":"type-product","3":"status-publish","4":"has-post-thumbnail","6":"product_cat-herramientas","7":"product_cat-pales","8":"product_shipping_class-pale","9":"desktop-align-left","10":"tablet-align-left","11":"mobile-align-left","13":"first","14":"instock","15":"sale","16":"downloadable","17":"taxable","18":"shipping-taxable","19":"purchasable","20":"product-type-simple"},"yoast_head":"<!-- This site is optimized with the Yoast SEO plugin v27.2 - https:\/\/yoast.com\/product\/yoast-seo-wordpress\/ -->\n<title>Pal\u00e9 de Herramientas [31 productos] (10221648) - Comprardevoluciones - Tu tienda de Devoluciones de Amazon<\/title>\n<meta name=\"robots\" content=\"noindex, follow\" \/>\n<meta property=\"og:locale\" content=\"pt_PT\" \/>\n<meta property=\"og:type\" content=\"article\" \/>\n<meta property=\"og:title\" content=\"Pal\u00e9 de Herramientas [31 productos] (10221648) - Comprardevoluciones - Tu tienda de Devoluciones de Amazon\" \/>\n<meta property=\"og:description\" content=\"Pal\u00e9 de Herramientas sin revisar procedente de devoluciones de marketplaces   N\u00famero de productos: 31  Valor aproximado: 2083.00  Porcentaje que se paga: 19% + IVA  Tiempo de entrega estimado: 3 a 7 d\u00edas  *Los precios incluyen IVA\" \/>\n<meta property=\"og:url\" content=\"https:\/\/comprardevoluciones.com\/producto\/10221648\/\" \/>\n<meta property=\"og:site_name\" content=\"Comprardevoluciones - Tu tienda de Devoluciones de Amazon\" \/>\n<meta property=\"article:modified_time\" content=\"2026-04-01T09:03:01+00:00\" \/>\n<meta property=\"og:image\" content=\"https:\/\/comprardevoluciones.com\/wp-content\/uploads\/2026\/03\/10221648.jpg\" \/>\n\t<meta property=\"og:image:width\" content=\"700\" \/>\n\t<meta property=\"og:image:height\" content=\"700\" \/>\n\t<meta property=\"og:image:type\" content=\"image\/jpeg\" \/>\n<meta name=\"twitter:card\" content=\"summary_large_image\" \/>\n<meta name=\"twitter:label1\" content=\"Tempo estimado de leitura\" \/>\n\t<meta name=\"twitter:data1\" content=\"4 minutos\" \/>\n<script type=\"application\/ld+json\" class=\"yoast-schema-graph\">{\"@context\":\"https:\/\/schema.org\",\"@graph\":[{\"@type\":\"WebPage\",\"@id\":\"https:\/\/comprardevoluciones.com\/producto\/10221648\/\",\"url\":\"https:\/\/comprardevoluciones.com\/producto\/10221648\/\",\"name\":\"Pal\u00e9 de Herramientas [31 productos] (10221648) - Comprardevoluciones - Tu tienda de Devoluciones de Amazon\",\"isPartOf\":{\"@id\":\"https:\/\/comprardevoluciones.com\/#website\"},\"primaryImageOfPage\":{\"@id\":\"https:\/\/comprardevoluciones.com\/producto\/10221648\/#primaryimage\"},\"image\":{\"@id\":\"https:\/\/comprardevoluciones.com\/producto\/10221648\/#primaryimage\"},\"thumbnailUrl\":\"https:\/\/comprardevoluciones.com\/wp-content\/uploads\/2026\/03\/10221648.jpg\",\"datePublished\":\"2026-04-01T08:30:49+00:00\",\"dateModified\":\"2026-04-01T09:03:01+00:00\",\"breadcrumb\":{\"@id\":\"https:\/\/comprardevoluciones.com\/producto\/10221648\/#breadcrumb\"},\"inLanguage\":\"pt-PT\",\"potentialAction\":[{\"@type\":\"ReadAction\",\"target\":[\"https:\/\/comprardevoluciones.com\/producto\/10221648\/\"]}]},{\"@type\":\"ImageObject\",\"inLanguage\":\"pt-PT\",\"@id\":\"https:\/\/comprardevoluciones.com\/producto\/10221648\/#primaryimage\",\"url\":\"https:\/\/comprardevoluciones.com\/wp-content\/uploads\/2026\/03\/10221648.jpg\",\"contentUrl\":\"https:\/\/comprardevoluciones.com\/wp-content\/uploads\/2026\/03\/10221648.jpg\",\"width\":700,\"height\":700},{\"@type\":\"BreadcrumbList\",\"@id\":\"https:\/\/comprardevoluciones.com\/producto\/10221648\/#breadcrumb\",\"itemListElement\":[{\"@type\":\"ListItem\",\"position\":1,\"name\":\"Portada\",\"item\":\"https:\/\/comprardevoluciones.com\/\"},{\"@type\":\"ListItem\",\"position\":2,\"name\":\"Loja\",\"item\":\"https:\/\/comprardevoluciones.com\/tienda\/\"},{\"@type\":\"ListItem\",\"position\":3,\"name\":\"Pal\u00e9 de Herramientas [31 productos] (10221648)\"}]},{\"@type\":\"WebSite\",\"@id\":\"https:\/\/comprardevoluciones.com\/#website\",\"url\":\"https:\/\/comprardevoluciones.com\/\",\"name\":\"Comprardevoluciones - Tu tienda de Devoluciones de Amazon\",\"description\":\"Consigue Stock en buen estado a un precio imbatible\",\"potentialAction\":[{\"@type\":\"SearchAction\",\"target\":{\"@type\":\"EntryPoint\",\"urlTemplate\":\"https:\/\/comprardevoluciones.com\/?s={search_term_string}\"},\"query-input\":{\"@type\":\"PropertyValueSpecification\",\"valueRequired\":true,\"valueName\":\"search_term_string\"}}],\"inLanguage\":\"pt-PT\"}]}<\/script>\n<!-- \/ Yoast SEO plugin. -->","yoast_head_json":{"title":"Pal\u00e9 de Herramientas [31 productos] (10221648) - Comprardevoluciones - Tu tienda de Devoluciones de Amazon","robots":{"index":"noindex","follow":"follow"},"og_locale":"pt_PT","og_type":"article","og_title":"Pal\u00e9 de Herramientas [31 productos] (10221648) - Comprardevoluciones - Tu tienda de Devoluciones de Amazon","og_description":"Pal\u00e9 de Herramientas sin revisar procedente de devoluciones de marketplaces   N\u00famero de productos: 31  Valor aproximado: 2083.00  Porcentaje que se paga: 19% + IVA  Tiempo de entrega estimado: 3 a 7 d\u00edas  *Los precios incluyen IVA","og_url":"https:\/\/comprardevoluciones.com\/producto\/10221648\/","og_site_name":"Comprardevoluciones - Tu tienda de Devoluciones de Amazon","article_modified_time":"2026-04-01T09:03:01+00:00","og_image":[{"width":700,"height":700,"url":"https:\/\/comprardevoluciones.com\/wp-content\/uploads\/2026\/03\/10221648.jpg","type":"image\/jpeg"}],"twitter_card":"summary_large_image","twitter_misc":{"Tempo estimado de leitura":"4 minutos"},"schema":{"@context":"https:\/\/schema.org","@graph":[{"@type":"WebPage","@id":"https:\/\/comprardevoluciones.com\/producto\/10221648\/","url":"https:\/\/comprardevoluciones.com\/producto\/10221648\/","name":"Pal\u00e9 de Herramientas [31 productos] (10221648) - Comprardevoluciones - Tu tienda de Devoluciones de Amazon","isPartOf":{"@id":"https:\/\/comprardevoluciones.com\/#website"},"primaryImageOfPage":{"@id":"https:\/\/comprardevoluciones.com\/producto\/10221648\/#primaryimage"},"image":{"@id":"https:\/\/comprardevoluciones.com\/producto\/10221648\/#primaryimage"},"thumbnailUrl":"https:\/\/comprardevoluciones.com\/wp-content\/uploads\/2026\/03\/10221648.jpg","datePublished":"2026-04-01T08:30:49+00:00","dateModified":"2026-04-01T09:03:01+00:00","breadcrumb":{"@id":"https:\/\/comprardevoluciones.com\/producto\/10221648\/#breadcrumb"},"inLanguage":"pt-PT","potentialAction":[{"@type":"ReadAction","target":["https:\/\/comprardevoluciones.com\/producto\/10221648\/"]}]},{"@type":"ImageObject","inLanguage":"pt-PT","@id":"https:\/\/comprardevoluciones.com\/producto\/10221648\/#primaryimage","url":"https:\/\/comprardevoluciones.com\/wp-content\/uploads\/2026\/03\/10221648.jpg","contentUrl":"https:\/\/comprardevoluciones.com\/wp-content\/uploads\/2026\/03\/10221648.jpg","width":700,"height":700},{"@type":"BreadcrumbList","@id":"https:\/\/comprardevoluciones.com\/producto\/10221648\/#breadcrumb","itemListElement":[{"@type":"ListItem","position":1,"name":"Portada","item":"https:\/\/comprardevoluciones.com\/"},{"@type":"ListItem","position":2,"name":"Loja","item":"https:\/\/comprardevoluciones.com\/tienda\/"},{"@type":"ListItem","position":3,"name":"Pal\u00e9 de Herramientas [31 productos] (10221648)"}]},{"@type":"WebSite","@id":"https:\/\/comprardevoluciones.com\/#website","url":"https:\/\/comprardevoluciones.com\/","name":"Comprardevoluciones - Tu tienda de Devoluciones de Amazon","description":"Consigue Stock en buen estado a un precio imbatible","potentialAction":[{"@type":"SearchAction","target":{"@type":"EntryPoint","urlTemplate":"https:\/\/comprardevoluciones.com\/?s={search_term_string}"},"query-input":{"@type":"PropertyValueSpecification","valueRequired":true,"valueName":"search_term_string"}}],"inLanguage":"pt-PT"}]}},"_links":{"self":[{"href":"https:\/\/comprardevoluciones.com\/pt-pt\/wp-json\/wp\/v2\/product\/165824","targetHints":{"allow":["GET"]}}],"collection":[{"href":"https:\/\/comprardevoluciones.com\/pt-pt\/wp-json\/wp\/v2\/product"}],"about":[{"href":"https:\/\/comprardevoluciones.com\/pt-pt\/wp-json\/wp\/v2\/types\/product"}],"wp:featuredmedia":[{"embeddable":true,"href":"https:\/\/comprardevoluciones.com\/pt-pt\/wp-json\/wp\/v2\/media\/166303"}],"wp:attachment":[{"href":"https:\/\/comprardevoluciones.com\/pt-pt\/wp-json\/wp\/v2\/media?parent=165824"}],"wp:term":[{"taxonomy":"product_brand","embeddable":true,"href":"https:\/\/comprardevoluciones.com\/pt-pt\/wp-json\/wp\/v2\/product_brand?post=165824"},{"taxonomy":"product_cat","embeddable":true,"href":"https:\/\/comprardevoluciones.com\/pt-pt\/wp-json\/wp\/v2\/product_cat?post=165824"},{"taxonomy":"product_tag","embeddable":true,"href":"https:\/\/comprardevoluciones.com\/pt-pt\/wp-json\/wp\/v2\/product_tag?post=165824"}],"curies":[{"name":"wp","href":"https:\/\/api.w.org\/{rel}","templated":true}]}}