{"id":170090,"date":"2026-03-25T10:59:07","date_gmt":"2026-03-25T09:59:07","guid":{"rendered":"https:\/\/comprardevoluciones.com\/?post_type=product&#038;p=170090"},"modified":"2026-03-25T10:05:50","modified_gmt":"2026-03-25T09:05:50","slug":"sp550534429","status":"publish","type":"product","link":"https:\/\/comprardevoluciones.com\/pt-pt\/producto\/sp550534429\/","title":{"rendered":"Caja de Juguetes [24 productos] (sp550534429)"},"content":{"rendered":"<p>Descripci\u00f3n y valor aproximados<\/p>\n<table>\n<tbody>\n<tr>\n<td><strong>FUENTE<\/strong><\/td>\n<td><strong>PRODUCTO<\/strong><\/td>\n<td><strong>VALOR (\u20ac)<\/strong><\/td>\n<td><strong>PAGAS (\u20ac)<\/strong><\/td>\n<\/tr>\n<tr>\n<td>MARKETPLACES<\/td>\n<td><a class=\"ljoptimizer\" href=\"https:\/\/www.amazon.es\/dp\/B07Z6GWZPV?tag=amazon087683-21&amp;th=1\" target=\"_blank\" rel=\"nofollow noopener\">IK Multimedia iRig Stream<\/a><\/td>\n<td>95<\/td>\n<td>24<\/td>\n<\/tr>\n<tr>\n<td>MARKETPLACES<\/td>\n<td><a class=\"ljoptimizer\" href=\"https:\/\/www.amazon.es\/dp\/B098QYZXJS?tag=amazon087683-21&amp;th=1\" target=\"_blank\" rel=\"nofollow noopener\">Spin Master Jumanji Deluxe 6064248, versi\u00f3n en alem\u00e1n<\/a><\/td>\n<td>55<\/td>\n<td>14<\/td>\n<\/tr>\n<tr>\n<td>MARKETPLACES<\/td>\n<td><a class=\"ljoptimizer\" href=\"https:\/\/www.amazon.es\/dp\/B09BNW4F85?tag=amazon087683-21&amp;th=1\" target=\"_blank\" rel=\"nofollow noopener\">LEGO Creator 3-en-1 Tigre Majestuoso, Panda Rojo o Pez Carpa, Set de Animales de Juguete para Construir para Ni\u00f1os y Ni\u00f1as de 9 A\u00f1os, Juego Creativo, Idea de Regalo de Cumplea\u00f1os 31129<\/a><\/td>\n<td>45<\/td>\n<td>11<\/td>\n<\/tr>\n<tr>\n<td>MARKETPLACES<\/td>\n<td><a class=\"ljoptimizer\" href=\"https:\/\/www.amazon.es\/dp\/B0F3XYLYY1?tag=amazon087683-21&amp;th=1\" target=\"_blank\" rel=\"nofollow noopener\">Panini Clubs World Cup 2025 Stickers Bo\u00eete de 36 Pochettes<\/a><\/td>\n<td>36<\/td>\n<td>9<\/td>\n<\/tr>\n<tr>\n<td>MARKETPLACES<\/td>\n<td><a class=\"ljoptimizer\" href=\"https:\/\/www.amazon.es\/dp\/B0CMGMQ57K?tag=amazon087683-21&amp;th=1\" target=\"_blank\" rel=\"nofollow noopener\">Monster High Skulltimate Secrets Jard\u00edn misterioso Draculaura Conjunto de mu\u00f1eca y accesorios, armario con m\u00e1s de 19 sorpresas para una merienda, incluida ropa de mu\u00f1eca, HYT72<\/a><\/td>\n<td>35<\/td>\n<td>9<\/td>\n<\/tr>\n<tr>\n<td>MARKETPLACES<\/td>\n<td><a class=\"ljoptimizer\" href=\"https:\/\/www.amazon.es\/dp\/B0DPR7C2P5?tag=amazon087683-21&amp;th=1\" target=\"_blank\" rel=\"nofollow noopener\">Gamegenic &#8211; Star Wars: Unlimited Premium Tokens Pro &#8211; Enrich Gameplay with Acrylic Double-Sided Token Set, 55 Pieces Including Damage, Shield, and Modifier Counters<\/a><\/td>\n<td>35<\/td>\n<td>9<\/td>\n<\/tr>\n<tr>\n<td>MARKETPLACES<\/td>\n<td><a class=\"ljoptimizer\" href=\"https:\/\/www.amazon.es\/dp\/B081J1SSR9?tag=amazon087683-21&amp;th=1\" target=\"_blank\" rel=\"nofollow noopener\">Fast &amp; Furious 1995 Coche r\u00e9plica del Toyota Supra a Escala 1:24, Fundido a presi\u00f3n, para ni\u00f1os\/unisex.<\/a><\/td>\n<td>35<\/td>\n<td>9<\/td>\n<\/tr>\n<tr>\n<td>MARKETPLACES<\/td>\n<td><a class=\"ljoptimizer\" href=\"https:\/\/www.amazon.es\/dp\/B0F448G3P7?tag=amazon087683-21&amp;th=1\" target=\"_blank\" rel=\"nofollow noopener\">Bandai NT90996 &#8211; Tamagotchi Nano Jurassic Blue &#8211; Versi\u00f3n azul Dino Mosasaurus &#8211; Tamagotchi Animal interactivo &#8211; Peque\u00f1o formato Nano &#8211; Dinosaurio animal virtual para criar &#8211; Juguete infantil de 8 a\u00f1os<\/a><\/td>\n<td>32<\/td>\n<td>8<\/td>\n<\/tr>\n<tr>\n<td>MARKETPLACES<\/td>\n<td><a class=\"ljoptimizer\" href=\"https:\/\/www.amazon.es\/dp\/B000MWRM8Y?tag=amazon087683-21&amp;th=1\" target=\"_blank\" rel=\"nofollow noopener\">Learning Resources Juego para ensartar Las Letras min\u00fasculas del Alfabeto<\/a><\/td>\n<td>30<\/td>\n<td>8<\/td>\n<\/tr>\n<tr>\n<td>MARKETPLACES<\/td>\n<td><a class=\"ljoptimizer\" href=\"https:\/\/www.amazon.es\/dp\/B0D92CGGT2?tag=amazon087683-21&amp;th=1\" target=\"_blank\" rel=\"nofollow noopener\">Rubies Wolverine Classic Costume per ragazzi e ragazze, Jumpsuit, guanti con lame e maschera, lupo e licenza ufficiale Marvel Deadpool 3 per Carnevale, Halloween, Cosplay, feste<\/a><\/td>\n<td>25<\/td>\n<td>6<\/td>\n<\/tr>\n<tr>\n<td>MARKETPLACES<\/td>\n<td><a class=\"ljoptimizer\" href=\"https:\/\/www.amazon.es\/dp\/B08N6X4ZH3?tag=amazon087683-21&amp;th=1\" target=\"_blank\" rel=\"nofollow noopener\">Monster Jam &#8211; Coche TELEDIRIGIDO EL Toro Loco 1:24 &#8211; Coche RC Oficial Radiocontrol de 2,4 GHz 76 Metros &#8211; 6060517 &#8211; Juguetes ni\u00f1os 4 a\u00f1os +<\/a><\/td>\n<td>25<\/td>\n<td>6<\/td>\n<\/tr>\n<tr>\n<td>MARKETPLACES<\/td>\n<td><a class=\"ljoptimizer\" href=\"https:\/\/www.amazon.es\/dp\/B0CFW2CPTP?tag=amazon087683-21&amp;th=1\" target=\"_blank\" rel=\"nofollow noopener\">LEGO Friends Sterngucker-Campingfahrzeug Set mit Gel\u00e4ndewagen-Auto und Spielzeug-Teleskop, Geschenk ab 7 Jahre f\u00fcr M\u00e4dchen und Jungen, beinhaltet die Spielfiguren Nova, Aliya und einen Hund 42603<\/a><\/td>\n<td>25<\/td>\n<td>6<\/td>\n<\/tr>\n<tr>\n<td>MARKETPLACES<\/td>\n<td><a class=\"ljoptimizer\" href=\"https:\/\/www.amazon.es\/dp\/B08THY7P23?tag=amazon087683-21&amp;th=1\" target=\"_blank\" rel=\"nofollow noopener\">VTech-Baby Tambor Luces m\u00e1gicas | Juguete para beb\u00e9 +6 Meses | Biling\u00fce espa\u00f1ol-ingl\u00e9s | M\u00e1s de 100 Canciones, melod\u00edas, Frases y Sonidos | Versi\u00f3n ESP | Multicolor<\/a><\/td>\n<td>25<\/td>\n<td>6<\/td>\n<\/tr>\n<tr>\n<td>MARKETPLACES<\/td>\n<td><a class=\"ljoptimizer\" href=\"https:\/\/www.amazon.es\/dp\/B08THY7P23?tag=amazon087683-21&amp;th=1\" target=\"_blank\" rel=\"nofollow noopener\">VTech-Baby Tambor Luces m\u00e1gicas | Juguete para beb\u00e9 +6 Meses | Biling\u00fce espa\u00f1ol-ingl\u00e9s | M\u00e1s de 100 Canciones, melod\u00edas, Frases y Sonidos | Versi\u00f3n ESP | Multicolor<\/a><\/td>\n<td>25<\/td>\n<td>6<\/td>\n<\/tr>\n<tr>\n<td>MARKETPLACES<\/td>\n<td><a class=\"ljoptimizer\" href=\"https:\/\/www.amazon.es\/dp\/B0DQ64BQX5?tag=amazon087683-21&amp;th=1\" target=\"_blank\" rel=\"nofollow noopener\">National Geographic Kit de Captura de Insectos para ni\u00f1os \u2013 Set de exploraci\u00f3n con Red, h\u00e1bitat con Lupa, Pinzas y m\u00e1s<\/a><\/td>\n<td>23<\/td>\n<td>6<\/td>\n<\/tr>\n<tr>\n<td>MARKETPLACES<\/td>\n<td><a class=\"ljoptimizer\" href=\"https:\/\/www.amazon.es\/dp\/B0D45QKWPW?tag=amazon087683-21&amp;th=1\" target=\"_blank\" rel=\"nofollow noopener\">BANDAI &#8211; Tamagotchi Mascota Virtual Original Argyle Heart, Multicolor 42981, Juguete Electr\u00f3nico, \u00f3ptimo para Ni\u00f1os Mayores de 8 A\u00f1os, Vuelve tu Mascota Electronica preferida con Otros dise\u00f1os<\/a><\/td>\n<td>20<\/td>\n<td>5<\/td>\n<\/tr>\n<tr>\n<td>MARKETPLACES<\/td>\n<td><a class=\"ljoptimizer\" href=\"https:\/\/www.amazon.es\/dp\/B01LXPWCHE?tag=amazon087683-21&amp;th=1\" target=\"_blank\" rel=\"nofollow noopener\">Repos Production | Time&#8217;s Up! Party Amarillo | Un Juego para Fiestas de M\u00edmica y Palabras Tab\u00fa | A Partir de 12 A\u00f1os | De 4 a 12 Jugadores | 40 Minutos por Partida | Espa\u00f1ol<\/a><\/td>\n<td>20<\/td>\n<td>5<\/td>\n<\/tr>\n<tr>\n<td>MARKETPLACES<\/td>\n<td><a class=\"ljoptimizer\" href=\"https:\/\/www.amazon.es\/dp\/B0B6W854L4?tag=amazon087683-21&amp;th=1\" target=\"_blank\" rel=\"nofollow noopener\">VEPOWER Juguetes Robots para Ni\u00f1os, 12 en 1 Stem Kit de Montaje Rob\u00f3tico Accionamiento Dual Solar y de Bater\u00eda, Kits de Experimentos de Bricolaje para 8 a 13 A\u00f1os(190 Piezas)<\/a><\/td>\n<td>19<\/td>\n<td>5<\/td>\n<\/tr>\n<tr>\n<td>MARKETPLACES<\/td>\n<td><a class=\"ljoptimizer\" href=\"https:\/\/www.amazon.es\/dp\/B072DYJ2YL?tag=amazon087683-21&amp;th=1\" target=\"_blank\" rel=\"nofollow noopener\">John Deere Kids Tractor de luces y sonidos de 6 pulgadas, multicolor, 46656, paquete de 1<\/a><\/td>\n<td>18<\/td>\n<td>4<\/td>\n<\/tr>\n<tr>\n<td>MARKETPLACES<\/td>\n<td><a class=\"ljoptimizer\" href=\"https:\/\/www.amazon.es\/dp\/B007EVFWQ0?tag=amazon087683-21&amp;th=1\" target=\"_blank\" rel=\"nofollow noopener\">GIGAMIC Mito<\/a><\/td>\n<td>16<\/td>\n<td>4<\/td>\n<\/tr>\n<tr>\n<td>MARKETPLACES<\/td>\n<td><a class=\"ljoptimizer\" href=\"https:\/\/www.amazon.es\/dp\/B07TPRCT54?tag=amazon087683-21&amp;th=1\" target=\"_blank\" rel=\"nofollow noopener\">Bestway Tapis Glissant 3 Pistes Longueur 4.88m<\/a><\/td>\n<td>16<\/td>\n<td>4<\/td>\n<\/tr>\n<tr>\n<td>MARKETPLACES<\/td>\n<td><a class=\"ljoptimizer\" href=\"https:\/\/www.amazon.es\/dp\/B07B37TT7F?tag=amazon087683-21&amp;th=1\" target=\"_blank\" rel=\"nofollow noopener\">Goula Los 3 Cerditos: Juego de Mesa Educativo Preescolar para Ni\u00f1os a Partir de 2 A\u00f1os, Juego Infantil de 1 a 4 Jugadores con Piezas de Madera y Tablero Puzle &#8211; Juguetes Ni\u00f1os 2 A\u00f1os<\/a><\/td>\n<td>15<\/td>\n<td>4<\/td>\n<\/tr>\n<tr>\n<td>MARKETPLACES<\/td>\n<td><a class=\"ljoptimizer\" href=\"https:\/\/www.amazon.es\/dp\/B0DLCK15KH?tag=amazon087683-21&amp;th=1\" target=\"_blank\" rel=\"nofollow noopener\">Hitster Film- &amp; Serien-Soundtracks, Deutsche Erweiterung, 154 Musikkarten, Party- &amp; Kartenspiel f\u00fcr Erwachsene und Familien, 2 bis 10 Spieler, ab 16 Jahren, Deutsch (DE)<\/a><\/td>\n<td>14<\/td>\n<td>3<\/td>\n<\/tr>\n<tr>\n<td>MARKETPLACES<\/td>\n<td><a class=\"ljoptimizer\" href=\"https:\/\/www.amazon.es\/dp\/B0CFW4BSM3?tag=amazon087683-21&amp;th=1\" target=\"_blank\" rel=\"nofollow noopener\">LEGO Marvel Armadura Rob\u00f3tica de Venom vs. Miles Morales, Lucha Entre Superh\u00e9roes Articulados, Juguete de Construcci\u00f3n con Minifigura de Spider-Man, Regalo para Ni\u00f1os y Ni\u00f1as de 6 A\u00f1os o M\u00e1s 76276<\/a><\/td>\n<td>11<\/td>\n<td>3<\/td>\n<\/tr>\n<\/tbody>\n<\/table>\n","protected":false},"excerpt":{"rendered":"<p>Caja de Juguetes sin revisar procedente de devoluciones de marketplaces<\/p>\n<ul>\n<li>N\u00famero de productos: 24<\/li>\n<li>Valor aproximado: 695,00<\/li>\n<li>Porcentaje que se paga: 21% + IVA<\/li>\n<li>Tiempo de entrega estimado: 3 a 7 d\u00edas<\/li>\n<\/ul>\n<p>*Los precios incluyen IVA<\/p>\n","protected":false},"featured_media":170091,"template":"","meta":{"site-sidebar-layout":"default","site-content-layout":"","ast-site-content-layout":"default","site-content-style":"default","site-sidebar-style":"default","ast-global-header-display":"","ast-banner-title-visibility":"","ast-main-header-display":"","ast-hfb-above-header-display":"","ast-hfb-below-header-display":"","ast-hfb-mobile-header-display":"","site-post-title":"","ast-breadcrumbs-content":"","ast-featured-img":"","footer-sml-layout":"","ast-disable-related-posts":"","theme-transparent-header-meta":"default","adv-header-id-meta":"","stick-header-meta":"","header-above-stick-meta":"","header-main-stick-meta":"","header-below-stick-meta":"","astra-migrate-meta-layouts":"set","ast-page-background-enabled":"default","ast-page-background-meta":{"desktop":{"background-color":"var(--ast-global-color-4)","background-image":"","background-repeat":"repeat","background-position":"center center","background-size":"auto","background-attachment":"scroll","background-type":"","background-media":"","overlay-type":"","overlay-color":"","overlay-opacity":"","overlay-gradient":""},"tablet":{"background-color":"","background-image":"","background-repeat":"repeat","background-position":"center center","background-size":"auto","background-attachment":"scroll","background-type":"","background-media":"","overlay-type":"","overlay-color":"","overlay-opacity":"","overlay-gradient":""},"mobile":{"background-color":"","background-image":"","background-repeat":"repeat","background-position":"center center","background-size":"auto","background-attachment":"scroll","background-type":"","background-media":"","overlay-type":"","overlay-color":"","overlay-opacity":"","overlay-gradient":""}},"ast-content-background-meta":{"desktop":{"background-color":"var(--ast-global-color-5)","background-image":"","background-repeat":"repeat","background-position":"center center","background-size":"auto","background-attachment":"scroll","background-type":"","background-media":"","overlay-type":"","overlay-color":"","overlay-opacity":"","overlay-gradient":""},"tablet":{"background-color":"var(--ast-global-color-5)","background-image":"","background-repeat":"repeat","background-position":"center center","background-size":"auto","background-attachment":"scroll","background-type":"","background-media":"","overlay-type":"","overlay-color":"","overlay-opacity":"","overlay-gradient":""},"mobile":{"background-color":"var(--ast-global-color-5)","background-image":"","background-repeat":"repeat","background-position":"center center","background-size":"auto","background-attachment":"scroll","background-type":"","background-media":"","overlay-type":"","overlay-color":"","overlay-opacity":"","overlay-gradient":""}}},"product_brand":[],"product_cat":[49,45],"product_tag":[],"class_list":{"0":"post-170090","1":"product","2":"type-product","3":"status-publish","4":"has-post-thumbnail","6":"product_cat-cajas","7":"product_cat-juguetes","8":"product_shipping_class-caja","9":"desktop-align-left","10":"tablet-align-left","11":"mobile-align-left","13":"first","14":"instock","15":"sale","16":"downloadable","17":"taxable","18":"shipping-taxable","19":"purchasable","20":"product-type-simple"},"yoast_head":"<!-- This site is optimized with the Yoast SEO plugin v27.2 - https:\/\/yoast.com\/product\/yoast-seo-wordpress\/ -->\n<title>Caja de Juguetes [24 productos] (sp550534429) - Comprardevoluciones - Tu tienda de Devoluciones de Amazon<\/title>\n<meta name=\"robots\" content=\"noindex, follow\" \/>\n<meta property=\"og:locale\" content=\"pt_PT\" \/>\n<meta property=\"og:type\" content=\"article\" \/>\n<meta property=\"og:title\" content=\"Caja de Juguetes [24 productos] (sp550534429) - Comprardevoluciones - Tu tienda de Devoluciones de Amazon\" \/>\n<meta property=\"og:description\" content=\"Caja de Juguetes sin revisar procedente de devoluciones de marketplaces   N\u00famero de productos: 24  Valor aproximado: 695,00  Porcentaje que se paga: 21% + IVA  Tiempo de entrega estimado: 3 a 7 d\u00edas  *Los precios incluyen IVA\" \/>\n<meta property=\"og:url\" content=\"https:\/\/comprardevoluciones.com\/producto\/sp550534429\/\" \/>\n<meta property=\"og:site_name\" content=\"Comprardevoluciones - Tu tienda de Devoluciones de Amazon\" \/>\n<meta property=\"og:image\" content=\"https:\/\/comprardevoluciones.com\/wp-content\/uploads\/2026\/03\/Plantilla-2.jpg\" \/>\n\t<meta property=\"og:image:width\" content=\"700\" \/>\n\t<meta property=\"og:image:height\" content=\"700\" \/>\n\t<meta property=\"og:image:type\" content=\"image\/jpeg\" \/>\n<meta name=\"twitter:card\" content=\"summary_large_image\" \/>\n<meta name=\"twitter:label1\" content=\"Tempo estimado de leitura\" \/>\n\t<meta name=\"twitter:data1\" content=\"3 minutos\" \/>\n<script type=\"application\/ld+json\" class=\"yoast-schema-graph\">{\"@context\":\"https:\/\/schema.org\",\"@graph\":[{\"@type\":\"WebPage\",\"@id\":\"https:\/\/comprardevoluciones.com\/producto\/sp550534429\/\",\"url\":\"https:\/\/comprardevoluciones.com\/producto\/sp550534429\/\",\"name\":\"Caja de Juguetes [24 productos] (sp550534429) - Comprardevoluciones - Tu tienda de Devoluciones de Amazon\",\"isPartOf\":{\"@id\":\"https:\/\/comprardevoluciones.com\/#website\"},\"primaryImageOfPage\":{\"@id\":\"https:\/\/comprardevoluciones.com\/producto\/sp550534429\/#primaryimage\"},\"image\":{\"@id\":\"https:\/\/comprardevoluciones.com\/producto\/sp550534429\/#primaryimage\"},\"thumbnailUrl\":\"https:\/\/comprardevoluciones.com\/wp-content\/uploads\/2026\/03\/Plantilla-2.jpg\",\"datePublished\":\"2026-03-25T09:59:07+00:00\",\"breadcrumb\":{\"@id\":\"https:\/\/comprardevoluciones.com\/producto\/sp550534429\/#breadcrumb\"},\"inLanguage\":\"pt-PT\",\"potentialAction\":[{\"@type\":\"ReadAction\",\"target\":[\"https:\/\/comprardevoluciones.com\/producto\/sp550534429\/\"]}]},{\"@type\":\"ImageObject\",\"inLanguage\":\"pt-PT\",\"@id\":\"https:\/\/comprardevoluciones.com\/producto\/sp550534429\/#primaryimage\",\"url\":\"https:\/\/comprardevoluciones.com\/wp-content\/uploads\/2026\/03\/Plantilla-2.jpg\",\"contentUrl\":\"https:\/\/comprardevoluciones.com\/wp-content\/uploads\/2026\/03\/Plantilla-2.jpg\",\"width\":700,\"height\":700},{\"@type\":\"BreadcrumbList\",\"@id\":\"https:\/\/comprardevoluciones.com\/producto\/sp550534429\/#breadcrumb\",\"itemListElement\":[{\"@type\":\"ListItem\",\"position\":1,\"name\":\"Portada\",\"item\":\"https:\/\/comprardevoluciones.com\/\"},{\"@type\":\"ListItem\",\"position\":2,\"name\":\"Loja\",\"item\":\"https:\/\/comprardevoluciones.com\/tienda\/\"},{\"@type\":\"ListItem\",\"position\":3,\"name\":\"Caja de Juguetes [24 productos] (sp550534429)\"}]},{\"@type\":\"WebSite\",\"@id\":\"https:\/\/comprardevoluciones.com\/#website\",\"url\":\"https:\/\/comprardevoluciones.com\/\",\"name\":\"Comprardevoluciones - Tu tienda de Devoluciones de Amazon\",\"description\":\"Consigue Stock en buen estado a un precio imbatible\",\"potentialAction\":[{\"@type\":\"SearchAction\",\"target\":{\"@type\":\"EntryPoint\",\"urlTemplate\":\"https:\/\/comprardevoluciones.com\/?s={search_term_string}\"},\"query-input\":{\"@type\":\"PropertyValueSpecification\",\"valueRequired\":true,\"valueName\":\"search_term_string\"}}],\"inLanguage\":\"pt-PT\"}]}<\/script>\n<!-- \/ Yoast SEO plugin. -->","yoast_head_json":{"title":"Caja de Juguetes [24 productos] (sp550534429) - Comprardevoluciones - Tu tienda de Devoluciones de Amazon","robots":{"index":"noindex","follow":"follow"},"og_locale":"pt_PT","og_type":"article","og_title":"Caja de Juguetes [24 productos] (sp550534429) - Comprardevoluciones - Tu tienda de Devoluciones de Amazon","og_description":"Caja de Juguetes sin revisar procedente de devoluciones de marketplaces   N\u00famero de productos: 24  Valor aproximado: 695,00  Porcentaje que se paga: 21% + IVA  Tiempo de entrega estimado: 3 a 7 d\u00edas  *Los precios incluyen IVA","og_url":"https:\/\/comprardevoluciones.com\/producto\/sp550534429\/","og_site_name":"Comprardevoluciones - Tu tienda de Devoluciones de Amazon","og_image":[{"width":700,"height":700,"url":"https:\/\/comprardevoluciones.com\/wp-content\/uploads\/2026\/03\/Plantilla-2.jpg","type":"image\/jpeg"}],"twitter_card":"summary_large_image","twitter_misc":{"Tempo estimado de leitura":"3 minutos"},"schema":{"@context":"https:\/\/schema.org","@graph":[{"@type":"WebPage","@id":"https:\/\/comprardevoluciones.com\/producto\/sp550534429\/","url":"https:\/\/comprardevoluciones.com\/producto\/sp550534429\/","name":"Caja de Juguetes [24 productos] (sp550534429) - Comprardevoluciones - Tu tienda de Devoluciones de Amazon","isPartOf":{"@id":"https:\/\/comprardevoluciones.com\/#website"},"primaryImageOfPage":{"@id":"https:\/\/comprardevoluciones.com\/producto\/sp550534429\/#primaryimage"},"image":{"@id":"https:\/\/comprardevoluciones.com\/producto\/sp550534429\/#primaryimage"},"thumbnailUrl":"https:\/\/comprardevoluciones.com\/wp-content\/uploads\/2026\/03\/Plantilla-2.jpg","datePublished":"2026-03-25T09:59:07+00:00","breadcrumb":{"@id":"https:\/\/comprardevoluciones.com\/producto\/sp550534429\/#breadcrumb"},"inLanguage":"pt-PT","potentialAction":[{"@type":"ReadAction","target":["https:\/\/comprardevoluciones.com\/producto\/sp550534429\/"]}]},{"@type":"ImageObject","inLanguage":"pt-PT","@id":"https:\/\/comprardevoluciones.com\/producto\/sp550534429\/#primaryimage","url":"https:\/\/comprardevoluciones.com\/wp-content\/uploads\/2026\/03\/Plantilla-2.jpg","contentUrl":"https:\/\/comprardevoluciones.com\/wp-content\/uploads\/2026\/03\/Plantilla-2.jpg","width":700,"height":700},{"@type":"BreadcrumbList","@id":"https:\/\/comprardevoluciones.com\/producto\/sp550534429\/#breadcrumb","itemListElement":[{"@type":"ListItem","position":1,"name":"Portada","item":"https:\/\/comprardevoluciones.com\/"},{"@type":"ListItem","position":2,"name":"Loja","item":"https:\/\/comprardevoluciones.com\/tienda\/"},{"@type":"ListItem","position":3,"name":"Caja de Juguetes [24 productos] (sp550534429)"}]},{"@type":"WebSite","@id":"https:\/\/comprardevoluciones.com\/#website","url":"https:\/\/comprardevoluciones.com\/","name":"Comprardevoluciones - Tu tienda de Devoluciones de Amazon","description":"Consigue Stock en buen estado a un precio imbatible","potentialAction":[{"@type":"SearchAction","target":{"@type":"EntryPoint","urlTemplate":"https:\/\/comprardevoluciones.com\/?s={search_term_string}"},"query-input":{"@type":"PropertyValueSpecification","valueRequired":true,"valueName":"search_term_string"}}],"inLanguage":"pt-PT"}]}},"_links":{"self":[{"href":"https:\/\/comprardevoluciones.com\/pt-pt\/wp-json\/wp\/v2\/product\/170090","targetHints":{"allow":["GET"]}}],"collection":[{"href":"https:\/\/comprardevoluciones.com\/pt-pt\/wp-json\/wp\/v2\/product"}],"about":[{"href":"https:\/\/comprardevoluciones.com\/pt-pt\/wp-json\/wp\/v2\/types\/product"}],"wp:featuredmedia":[{"embeddable":true,"href":"https:\/\/comprardevoluciones.com\/pt-pt\/wp-json\/wp\/v2\/media\/170091"}],"wp:attachment":[{"href":"https:\/\/comprardevoluciones.com\/pt-pt\/wp-json\/wp\/v2\/media?parent=170090"}],"wp:term":[{"taxonomy":"product_brand","embeddable":true,"href":"https:\/\/comprardevoluciones.com\/pt-pt\/wp-json\/wp\/v2\/product_brand?post=170090"},{"taxonomy":"product_cat","embeddable":true,"href":"https:\/\/comprardevoluciones.com\/pt-pt\/wp-json\/wp\/v2\/product_cat?post=170090"},{"taxonomy":"product_tag","embeddable":true,"href":"https:\/\/comprardevoluciones.com\/pt-pt\/wp-json\/wp\/v2\/product_tag?post=170090"}],"curies":[{"name":"wp","href":"https:\/\/api.w.org\/{rel}","templated":true}]}}