{"id":171887,"date":"2026-03-25T10:59:49","date_gmt":"2026-03-25T09:59:49","guid":{"rendered":"https:\/\/comprardevoluciones.com\/?post_type=product&#038;p=171887"},"modified":"2026-03-25T10:04:41","modified_gmt":"2026-03-25T09:04:41","slug":"spl020k4nmn","status":"publish","type":"product","link":"https:\/\/comprardevoluciones.com\/pt-pt\/producto\/spl020k4nmn\/","title":{"rendered":"Caja de Electr\u00f3nica y Juguetes [35 productos] (spL020K4NmN)"},"content":{"rendered":"<p>Descripci\u00f3n y valor aproximados<\/p>\n<table>\n<tbody>\n<tr>\n<td><strong>FUENTE<\/strong><\/td>\n<td><strong>PRODUCTO<\/strong><\/td>\n<td><strong>VALOR (\u20ac)<\/strong><\/td>\n<td><strong>PAGAS (\u20ac)<\/strong><\/td>\n<\/tr>\n<tr>\n<td>MARKETPLACES<\/td>\n<td><a class=\"ljoptimizer\" href=\"https:\/\/www.amazon.es\/dp\/B0002D0B8Q?tag=amazon087683-21&amp;th=1\" target=\"_blank\" rel=\"nofollow noopener\">Seymour Duncan SHR-1B Single Coil &#8211; Pastillas de guitarra<\/a><\/td>\n<td>129 \u20ac<\/td>\n<td>31 \u20ac<\/td>\n<\/tr>\n<tr>\n<td>MARKETPLACES<\/td>\n<td><a class=\"ljoptimizer\" href=\"https:\/\/www.amazon.es\/dp\/B0C8TJ548C?tag=amazon087683-21&amp;th=1\" target=\"_blank\" rel=\"nofollow noopener\">Hasbro Furby &#8211; Furby, Juguete Interactivo de Color Coral Activado por Voz, para ni\u00f1os y ni\u00f1as a Partir de 6 a\u00f1os, 15 Accesorios de Moda, Juguetes animatr\u00f3nicos de Peluche para ni\u00f1os y ni\u00f1as<\/a><\/td>\n<td>66 \u20ac<\/td>\n<td>16 \u20ac<\/td>\n<\/tr>\n<tr>\n<td>MARKETPLACES<\/td>\n<td><a class=\"ljoptimizer\" href=\"https:\/\/www.amazon.es\/dp\/B09MFH1HYG?tag=amazon087683-21&amp;th=1\" target=\"_blank\" rel=\"nofollow noopener\">NUWIND Jack Skellington &#8211; Disfraz de Halloween para hombre, traje a rayas con pantalones, murci\u00e9lago, pajarita para adultos, accesorios de disfraz de cosplay (XL)<\/a><\/td>\n<td>64 \u20ac<\/td>\n<td>15 \u20ac<\/td>\n<\/tr>\n<tr>\n<td>MARKETPLACES<\/td>\n<td><a class=\"ljoptimizer\" href=\"https:\/\/www.amazon.es\/dp\/B0BZDSSWP2?tag=amazon087683-21&amp;th=1\" target=\"_blank\" rel=\"nofollow noopener\">SUPERTHINGS Wild Tigerbot \u00e2\u20ac\u201c Robot Tigre transformable. El Robot se transforma en un veh\u00ed\u00adculo. Incluye 1 Wild Kid y 1 Wild SuperThing exclusivos<\/a><\/td>\n<td>45 \u20ac<\/td>\n<td>11 \u20ac<\/td>\n<\/tr>\n<tr>\n<td>MARKETPLACES<\/td>\n<td><a class=\"ljoptimizer\" href=\"https:\/\/www.amazon.es\/dp\/B0BSFW985L?tag=amazon087683-21&amp;th=1\" target=\"_blank\" rel=\"nofollow noopener\">BITZEE &#8211; JUGUETE MASCOTA INTERACTIVA DIGITAL &#8211; JUEGO INTERACTIVO CON 15 ANIMALES EN SU INTERIOR &#8211; Mascotas Virtuales y Electr\u00f3nicas que Reaccio al Tacto &#8211; 6067790 &#8211; Juguetes Ni\u00f1os 5 A\u00f1os +<\/a><\/td>\n<td>40 \u20ac<\/td>\n<td>10 \u20ac<\/td>\n<\/tr>\n<tr>\n<td>MARKETPLACES<\/td>\n<td><a class=\"ljoptimizer\" href=\"https:\/\/www.amazon.es\/dp\/B0BSFW985L?tag=amazon087683-21&amp;th=1\" target=\"_blank\" rel=\"nofollow noopener\">BITZEE &#8211; JUGUETE MASCOTA INTERACTIVA DIGITAL &#8211; JUEGO INTERACTIVO CON 15 ANIMALES EN SU INTERIOR &#8211; Mascotas Virtuales y Electr\u00f3nicas que Reaccio al Tacto &#8211; 6067790 &#8211; Juguetes Ni\u00f1os 5 A\u00f1os +<\/a><\/td>\n<td>40 \u20ac<\/td>\n<td>10 \u20ac<\/td>\n<\/tr>\n<tr>\n<td>MARKETPLACES<\/td>\n<td><a class=\"ljoptimizer\" href=\"https:\/\/www.amazon.es\/dp\/B0CSND4V8T?tag=amazon087683-21&amp;th=1\" target=\"_blank\" rel=\"nofollow noopener\">BIZTEE MAGICALS &#8211; JUGUETE MASCOTA INTERACTIVA DIGITAL JUEGO INTERACTIVO CON 20 ANIMALES M\u00ed\u0081GICOS EN SU INTERIOR Mascotas Virtuales y Electr\u00f3nicas que Reaccio al Tacto 6069066 Juguetes Ni\u00f1os 5 A\u00f1os +<\/a><\/td>\n<td>40 \u20ac<\/td>\n<td>10 \u20ac<\/td>\n<\/tr>\n<tr>\n<td>MARKETPLACES<\/td>\n<td><a class=\"ljoptimizer\" href=\"https:\/\/www.amazon.es\/dp\/B00XLPH5JK?tag=amazon087683-21&amp;th=1\" target=\"_blank\" rel=\"nofollow noopener\">Dress Up America Costume Guerriero Ninja<\/a><\/td>\n<td>36 \u20ac<\/td>\n<td>9 \u20ac<\/td>\n<\/tr>\n<tr>\n<td>MARKETPLACES<\/td>\n<td><a class=\"ljoptimizer\" href=\"https:\/\/www.amazon.es\/dp\/B0BTVRK3Z3?tag=amazon087683-21&amp;th=1\" target=\"_blank\" rel=\"nofollow noopener\">fisca Avi\u00f3n teledirigido de 2.4 GHz, 2 CH F-22 RC avi\u00f3n con luz, planeador avi\u00f3n combatiente avi\u00f3n modelo de avi\u00f3n avi\u00f3n juguete al aire libre para principiantes, ni\u00f1os y adultos<\/a><\/td>\n<td>35 \u20ac<\/td>\n<td>8 \u20ac<\/td>\n<\/tr>\n<tr>\n<td>MARKETPLACES<\/td>\n<td><a class=\"ljoptimizer\" href=\"https:\/\/www.amazon.es\/dp\/B00MO6KKSK?tag=amazon087683-21&amp;th=1\" target=\"_blank\" rel=\"nofollow noopener\">Donner DT-1 Chromatic Pedal Afinador Guitarra El\u00e9ctrica, Guitar Tuner Pedal True Bypass<\/a><\/td>\n<td>32 \u20ac<\/td>\n<td>8 \u20ac<\/td>\n<\/tr>\n<tr>\n<td>MARKETPLACES<\/td>\n<td><a class=\"ljoptimizer\" href=\"https:\/\/www.amazon.es\/dp\/B0CX9HGPP3?tag=amazon087683-21&amp;th=1\" target=\"_blank\" rel=\"nofollow noopener\">Bluey Ordenador port\u00e1til Educativo Multicolor<\/a><\/td>\n<td>31 \u20ac<\/td>\n<td>7 \u20ac<\/td>\n<\/tr>\n<tr>\n<td>MARKETPLACES<\/td>\n<td><a class=\"ljoptimizer\" href=\"https:\/\/www.amazon.es\/dp\/B07WVPMVMV?tag=amazon087683-21&amp;th=1\" target=\"_blank\" rel=\"nofollow noopener\">Spooktacular Creations Scarecrow Pumpkin Bobble Head Head con m\u00e1scara de Halloween de calabaza para ni\u00f1os Rol-Playing (peque\u00f1o (5-7 a\u00f1os))<\/a><\/td>\n<td>30 \u20ac<\/td>\n<td>7 \u20ac<\/td>\n<\/tr>\n<tr>\n<td>MARKETPLACES<\/td>\n<td><a class=\"ljoptimizer\" href=\"https:\/\/www.amazon.es\/dp\/B08SHCM9FL?tag=amazon087683-21&amp;th=1\" target=\"_blank\" rel=\"nofollow noopener\">BOOMTONE Machine \u00ed\u00a0 fum\u00e9e F400 noir<\/a><\/td>\n<td>29 \u20ac<\/td>\n<td>7 \u20ac<\/td>\n<\/tr>\n<tr>\n<td>MARKETPLACES<\/td>\n<td><a class=\"ljoptimizer\" href=\"https:\/\/www.amazon.es\/dp\/B09NZL3M2F?tag=amazon087683-21&amp;th=1\" target=\"_blank\" rel=\"nofollow noopener\">Monster High Clawdeen Wolf Mu\u00f1eca articulada con Mascota y Accesorios de Moda, Juguete +4 a\u00f1os (Mattel HHK52)<\/a><\/td>\n<td>29 \u20ac<\/td>\n<td>7 \u20ac<\/td>\n<\/tr>\n<tr>\n<td>MARKETPLACES<\/td>\n<td><a class=\"ljoptimizer\" href=\"https:\/\/www.amazon.es\/dp\/B099ZXKBWH?tag=amazon087683-21&amp;th=1\" target=\"_blank\" rel=\"nofollow noopener\">Alys\u00e9e &#8211; MT25-CR-BL &#8211; Metal\u00f3fono infantil 25 notas cromadas &#8211; estuche azul<\/a><\/td>\n<td>28 \u20ac<\/td>\n<td>7 \u20ac<\/td>\n<\/tr>\n<tr>\n<td>MARKETPLACES<\/td>\n<td><a class=\"ljoptimizer\" href=\"https:\/\/www.amazon.es\/dp\/B0D6GMK2H9?tag=amazon087683-21&amp;th=1\" target=\"_blank\" rel=\"nofollow noopener\">Rubies Disfraz Catrina Skelita Rosas para mujer, Mono estampado esqueleto y diadema de flores, Licencia Oficial, D\u00ed\u00ada de los Muertos, Halloween, Fiestas<\/a><\/td>\n<td>23 \u20ac<\/td>\n<td>6 \u20ac<\/td>\n<\/tr>\n<tr>\n<td>MARKETPLACES<\/td>\n<td><a class=\"ljoptimizer\" href=\"https:\/\/www.amazon.es\/dp\/B0CCYWLVJ2?tag=amazon087683-21&amp;th=1\" target=\"_blank\" rel=\"nofollow noopener\">Rubies Disfraz Le\u00f3n para ni\u00f1os y ni\u00f1as, Jumpsuit con capucha, Oficial Rubies para Carnaval, Halloween, Cumplea\u00f1os y Fiestas<\/a><\/td>\n<td>23 \u20ac<\/td>\n<td>6 \u20ac<\/td>\n<\/tr>\n<tr>\n<td>MARKETPLACES<\/td>\n<td><a class=\"ljoptimizer\" href=\"https:\/\/www.amazon.es\/dp\/B000GZAD24?tag=amazon087683-21&amp;th=1\" target=\"_blank\" rel=\"nofollow noopener\">Learning Resources Stylo Hot Dots<\/a><\/td>\n<td>23 \u20ac<\/td>\n<td>6 \u20ac<\/td>\n<\/tr>\n<tr>\n<td>MARKETPLACES<\/td>\n<td><a class=\"ljoptimizer\" href=\"https:\/\/www.amazon.es\/dp\/B004M14I0Q?tag=amazon087683-21&amp;th=1\" target=\"_blank\" rel=\"nofollow noopener\">Meinl Percussion FJS2S-BK &#8211; Pandereta de pie, color negro<\/a><\/td>\n<td>23 \u20ac<\/td>\n<td>5 \u20ac<\/td>\n<\/tr>\n<tr>\n<td>MARKETPLACES<\/td>\n<td><a class=\"ljoptimizer\" href=\"https:\/\/www.amazon.es\/dp\/B0BL6WNM1S?tag=amazon087683-21&amp;th=1\" target=\"_blank\" rel=\"nofollow noopener\">Antsparty Disfraz unisex para adolescentes, con capucha, capa y capa de cuervo, m\u00e9dico, disfraz de cosplay para Halloween, Navidad, carnaval, fiesta (M)<\/a><\/td>\n<td>21 \u20ac<\/td>\n<td>5 \u20ac<\/td>\n<\/tr>\n<tr>\n<td>MARKETPLACES<\/td>\n<td><a class=\"ljoptimizer\" href=\"https:\/\/www.amazon.es\/dp\/B08SR87NPS?tag=amazon087683-21&amp;th=1\" target=\"_blank\" rel=\"nofollow noopener\">Tech Deck transformierendes Spiel- und Display-Rampen-Set und Tragetasche mit exklusivem Finger-Board, Spielzeug f\u00ed\u00bcr Kinder ab 6 Jahren, Dusty Rose (Transparent)<\/a><\/td>\n<td>20 \u20ac<\/td>\n<td>5 \u20ac<\/td>\n<\/tr>\n<tr>\n<td>MARKETPLACES<\/td>\n<td><a class=\"ljoptimizer\" href=\"https:\/\/www.amazon.es\/dp\/B01A7CAOGA?tag=amazon087683-21&amp;th=1\" target=\"_blank\" rel=\"nofollow noopener\">WIDMANN MILANO PARTY FASHION &#8211; Disfraz de monja, mujer de convento, cl\u00e9riga, disfraz de iglesia, carnaval<\/a><\/td>\n<td>19 \u20ac<\/td>\n<td>5 \u20ac<\/td>\n<\/tr>\n<tr>\n<td>MARKETPLACES<\/td>\n<td><a class=\"ljoptimizer\" href=\"https:\/\/www.amazon.es\/dp\/B07GSD5SHG?tag=amazon087683-21&amp;th=1\" target=\"_blank\" rel=\"nofollow noopener\">Rubies, Masque Adulte Clown Yeux Exorbit\u00e9s, Halloween<\/a><\/td>\n<td>17 \u20ac<\/td>\n<td>4 \u20ac<\/td>\n<\/tr>\n<tr>\n<td>MARKETPLACES<\/td>\n<td><a class=\"ljoptimizer\" href=\"https:\/\/www.amazon.es\/dp\/B07BF1X2GB?tag=amazon087683-21&amp;th=1\" target=\"_blank\" rel=\"nofollow noopener\">B. Whale Sprinkler<\/a><\/td>\n<td>17 \u20ac<\/td>\n<td>4 \u20ac<\/td>\n<\/tr>\n<tr>\n<td>MARKETPLACES<\/td>\n<td><a class=\"ljoptimizer\" href=\"https:\/\/www.amazon.es\/dp\/B0CY2KLPX8?tag=amazon087683-21&amp;th=1\" target=\"_blank\" rel=\"nofollow noopener\">Topps Colecci\u00f3n oficial de Stickers EURO 2024 de Topps &#8211; Mega Eco Box &#8211; Contiene 87 EURO 2024 stickers, 2 stickers paralelos m\u00e1s 1 Gold Signature Series sticker.<\/a><\/td>\n<td>15 \u20ac<\/td>\n<td>4 \u20ac<\/td>\n<\/tr>\n<tr>\n<td>MARKETPLACES<\/td>\n<td><a class=\"ljoptimizer\" href=\"https:\/\/www.amazon.es\/dp\/B0C6LB5L9L?tag=amazon087683-21&amp;th=1\" target=\"_blank\" rel=\"nofollow noopener\">Ciao- Mi\u00e9rcoles Addams vestido disfraz ni\u00f1a original Wednesday (Talla XS)<\/a><\/td>\n<td>15 \u20ac<\/td>\n<td>4 \u20ac<\/td>\n<\/tr>\n<tr>\n<td>MARKETPLACES<\/td>\n<td><a class=\"ljoptimizer\" href=\"https:\/\/www.amazon.es\/dp\/B0BYCGJ47H?tag=amazon087683-21&amp;th=1\" target=\"_blank\" rel=\"nofollow noopener\">Maquillaje para Ni\u00f1as &#8211; 57 Pcs Lavable de Maquillaje para Ni\u00f1as Juguetes,Kit de Maquillaje para Ni\u00f1o,Regalo de Princesa para Ni\u00f1as, Cumplea\u00f1os y Navidad de para Ni\u00f1as 3 &#8211; 10 A\u00f1os (Morado Claro)<\/a><\/td>\n<td>14 \u20ac<\/td>\n<td>3 \u20ac<\/td>\n<\/tr>\n<tr>\n<td>MARKETPLACES<\/td>\n<td><a class=\"ljoptimizer\" href=\"https:\/\/www.amazon.es\/dp\/B08S368Y5N?tag=amazon087683-21&amp;th=1\" target=\"_blank\" rel=\"nofollow noopener\">kinstell Jedi Uniforme con capucha Caballero Trajes Negro T\u00fanica Uniforme Completo Halloween Darth con Capucha Traje Cosplay<\/a><\/td>\n<td>13 \u20ac<\/td>\n<td>3 \u20ac<\/td>\n<\/tr>\n<tr>\n<td>MARKETPLACES<\/td>\n<td><a class=\"ljoptimizer\" href=\"https:\/\/www.amazon.es\/dp\/B01LEJD4HG?tag=amazon087683-21&amp;th=1\" target=\"_blank\" rel=\"nofollow noopener\">Funko Pop! Vinyl: Harry Potter &#8211; Bellatrix Lestrange- Figura de Vinilo Coleccionable &#8211; Idea de Regalo &#8211; Mercancia Oficial &#8211; Juguetes para Ni\u00f1os y Adultos &#8211; Movies Fans<\/a><\/td>\n<td>11 \u20ac<\/td>\n<td>3 \u20ac<\/td>\n<\/tr>\n<tr>\n<td>MARKETPLACES<\/td>\n<td><a class=\"ljoptimizer\" href=\"https:\/\/www.amazon.es\/dp\/B0CHBG6C87?tag=amazon087683-21&amp;th=1\" target=\"_blank\" rel=\"nofollow noopener\">Venditer Juguetes Montessori Ni\u00f1os Ni\u00f1a 1 2 3 A\u00f1os, Juguetes Ni\u00f1os Ni\u00f1a 1 2 3 4 5 A\u00f1os, Juegos Educativos Ni\u00f1os 1 A\u00f1os, Juguetes Magneticos de Madera, Juegos Bebes 1-5 A\u00f1o Regalos Cumplea\u00f1os Navidad<\/a><\/td>\n<td>8 \u20ac<\/td>\n<td>2 \u20ac<\/td>\n<\/tr>\n<tr>\n<td>MARKETPLACES<\/td>\n<td><a class=\"ljoptimizer\" href=\"https:\/\/www.amazon.es\/dp\/B07TJHR35K?tag=amazon087683-21&amp;th=1\" target=\"_blank\" rel=\"nofollow noopener\">Rubies M\u00e1scara Joker con pelo para adultos, Talla \u00fanica, Accesorio de disfraz para Halloween, Carnaval y Fiestas<\/a><\/td>\n<td>8 \u20ac<\/td>\n<td>2 \u20ac<\/td>\n<\/tr>\n<tr>\n<td>MARKETPLACES<\/td>\n<td><a class=\"ljoptimizer\" href=\"https:\/\/www.amazon.es\/dp\/B07NGX7LYT?tag=amazon087683-21&amp;th=1\" target=\"_blank\" rel=\"nofollow noopener\">Simba 105953381 &#8211; Glibbi Vulkan, Badewannenspielzeug, Wasser verwandelt Pulver in roten Schleim, Knisterpulver, Slime, 1 x 150 g, ab 3 Jahren<\/a><\/td>\n<td>5 \u20ac<\/td>\n<td>1 \u20ac<\/td>\n<\/tr>\n<tr>\n<td>MARKETPLACES<\/td>\n<td><a class=\"ljoptimizer\" href=\"https:\/\/www.amazon.es\/dp\/B07NGX7LYT?tag=amazon087683-21&amp;th=1\" target=\"_blank\" rel=\"nofollow noopener\">Simba 105953381 &#8211; Glibbi Vulkan, Badewannenspielzeug, Wasser verwandelt Pulver in roten Schleim, Knisterpulver, Slime, 1 x 150 g, ab 3 Jahren<\/a><\/td>\n<td>5 \u20ac<\/td>\n<td>1 \u20ac<\/td>\n<\/tr>\n<tr>\n<td>MARKETPLACES<\/td>\n<td><a class=\"ljoptimizer\" href=\"https:\/\/www.amazon.es\/dp\/B09YRJJ14X?tag=amazon087683-21&amp;th=1\" target=\"_blank\" rel=\"nofollow noopener\">Globos 35 cumplea\u00f1os hombre Mujer Plateados Negros 35 A\u00f1os Decoracion Cumplea\u00f1os hombre topper tarta cumplea\u00f1os 35 a\u00f1os Decoracion Cumplea\u00f1os 35 a\u00f1os decoraci\u00f3n Mujer globos 35 cumplea\u00f1os hombre<\/a><\/td>\n<td>3 \u20ac<\/td>\n<td>1 \u20ac<\/td>\n<\/tr>\n<tr>\n<td>MARKETPLACES<\/td>\n<td><a class=\"ljoptimizer\" href=\"https:\/\/www.amazon.es\/dp\/B019JIBMU0?tag=amazon087683-21&amp;th=1\" target=\"_blank\" rel=\"nofollow noopener\">Rubies- Sombrero Copa SombreroCopa, Color negro, Talla \u00fanica (Rubie&#8217;s H663)<\/a><\/td>\n<td>3 \u20ac<\/td>\n<td>1 \u20ac<\/td>\n<\/tr>\n<\/tbody>\n<\/table>\n","protected":false},"excerpt":{"rendered":"<p>Caja de Electr\u00f3nica y Juguetes sin revisar procedente de devoluciones de marketplaces<\/p>\n<ul>\n<li>N\u00famero de productos: 35<\/li>\n<li>Valor aproximado: 960.00<\/li>\n<li>Porcentaje que se paga: 20% + IVA<\/li>\n<li>Tiempo de entrega estimado: 3 a 7 d\u00edas<\/li>\n<\/ul>\n<p>*Los precios incluyen IVA<\/p>\n","protected":false},"featured_media":79826,"template":"","meta":{"site-sidebar-layout":"default","site-content-layout":"","ast-site-content-layout":"default","site-content-style":"default","site-sidebar-style":"default","ast-global-header-display":"","ast-banner-title-visibility":"","ast-main-header-display":"","ast-hfb-above-header-display":"","ast-hfb-below-header-display":"","ast-hfb-mobile-header-display":"","site-post-title":"","ast-breadcrumbs-content":"","ast-featured-img":"","footer-sml-layout":"","ast-disable-related-posts":"","theme-transparent-header-meta":"default","adv-header-id-meta":"","stick-header-meta":"","header-above-stick-meta":"","header-main-stick-meta":"","header-below-stick-meta":"","astra-migrate-meta-layouts":"set","ast-page-background-enabled":"default","ast-page-background-meta":{"desktop":{"background-color":"var(--ast-global-color-4)","background-image":"","background-repeat":"repeat","background-position":"center center","background-size":"auto","background-attachment":"scroll","background-type":"","background-media":"","overlay-type":"","overlay-color":"","overlay-opacity":"","overlay-gradient":""},"tablet":{"background-color":"","background-image":"","background-repeat":"repeat","background-position":"center center","background-size":"auto","background-attachment":"scroll","background-type":"","background-media":"","overlay-type":"","overlay-color":"","overlay-opacity":"","overlay-gradient":""},"mobile":{"background-color":"","background-image":"","background-repeat":"repeat","background-position":"center center","background-size":"auto","background-attachment":"scroll","background-type":"","background-media":"","overlay-type":"","overlay-color":"","overlay-opacity":"","overlay-gradient":""}},"ast-content-background-meta":{"desktop":{"background-color":"var(--ast-global-color-5)","background-image":"","background-repeat":"repeat","background-position":"center center","background-size":"auto","background-attachment":"scroll","background-type":"","background-media":"","overlay-type":"","overlay-color":"","overlay-opacity":"","overlay-gradient":""},"tablet":{"background-color":"var(--ast-global-color-5)","background-image":"","background-repeat":"repeat","background-position":"center center","background-size":"auto","background-attachment":"scroll","background-type":"","background-media":"","overlay-type":"","overlay-color":"","overlay-opacity":"","overlay-gradient":""},"mobile":{"background-color":"var(--ast-global-color-5)","background-image":"","background-repeat":"repeat","background-position":"center center","background-size":"auto","background-attachment":"scroll","background-type":"","background-media":"","overlay-type":"","overlay-color":"","overlay-opacity":"","overlay-gradient":""}}},"product_brand":[],"product_cat":[49,44,45],"product_tag":[],"class_list":{"0":"post-171887","1":"product","2":"type-product","3":"status-publish","4":"has-post-thumbnail","6":"product_cat-cajas","7":"product_cat-electronica","8":"product_cat-juguetes","9":"product_shipping_class-caja","10":"desktop-align-left","11":"tablet-align-left","12":"mobile-align-left","14":"first","15":"instock","16":"sale","17":"downloadable","18":"taxable","19":"shipping-taxable","20":"purchasable","21":"product-type-simple"},"yoast_head":"<!-- This site is optimized with the Yoast SEO plugin v27.2 - https:\/\/yoast.com\/product\/yoast-seo-wordpress\/ -->\n<title>Caja de Electr\u00f3nica y Juguetes [35 productos] (spL020K4NmN) - Comprardevoluciones - Tu tienda de Devoluciones de Amazon<\/title>\n<meta name=\"robots\" content=\"noindex, follow\" \/>\n<meta property=\"og:locale\" content=\"pt_PT\" \/>\n<meta property=\"og:type\" content=\"article\" \/>\n<meta property=\"og:title\" content=\"Caja de Electr\u00f3nica y Juguetes [35 productos] (spL020K4NmN) - Comprardevoluciones - Tu tienda de Devoluciones de Amazon\" \/>\n<meta property=\"og:description\" content=\"Caja de Electr\u00f3nica y Juguetes sin revisar procedente de devoluciones de marketplaces   N\u00famero de productos: 35  Valor aproximado: 960.00  Porcentaje que se paga: 20% + IVA  Tiempo de entrega estimado: 3 a 7 d\u00edas  *Los precios incluyen IVA\" \/>\n<meta property=\"og:url\" content=\"https:\/\/comprardevoluciones.com\/producto\/spl020k4nmn\/\" \/>\n<meta property=\"og:site_name\" content=\"Comprardevoluciones - Tu tienda de Devoluciones de Amazon\" \/>\n<meta property=\"og:image\" content=\"https:\/\/comprardevoluciones.com\/wp-content\/uploads\/2024\/11\/spL020K4NmN-3.jpg\" \/>\n\t<meta property=\"og:image:width\" content=\"700\" \/>\n\t<meta property=\"og:image:height\" content=\"700\" \/>\n\t<meta property=\"og:image:type\" content=\"image\/jpeg\" \/>\n<meta name=\"twitter:card\" content=\"summary_large_image\" \/>\n<meta name=\"twitter:label1\" content=\"Tempo estimado de leitura\" \/>\n\t<meta name=\"twitter:data1\" content=\"4 minutos\" \/>\n<script type=\"application\/ld+json\" class=\"yoast-schema-graph\">{\"@context\":\"https:\/\/schema.org\",\"@graph\":[{\"@type\":\"WebPage\",\"@id\":\"https:\/\/comprardevoluciones.com\/producto\/spl020k4nmn\/\",\"url\":\"https:\/\/comprardevoluciones.com\/producto\/spl020k4nmn\/\",\"name\":\"Caja de Electr\u00f3nica y Juguetes [35 productos] (spL020K4NmN) - Comprardevoluciones - Tu tienda de Devoluciones de Amazon\",\"isPartOf\":{\"@id\":\"https:\/\/comprardevoluciones.com\/#website\"},\"primaryImageOfPage\":{\"@id\":\"https:\/\/comprardevoluciones.com\/producto\/spl020k4nmn\/#primaryimage\"},\"image\":{\"@id\":\"https:\/\/comprardevoluciones.com\/producto\/spl020k4nmn\/#primaryimage\"},\"thumbnailUrl\":\"https:\/\/comprardevoluciones.com\/wp-content\/uploads\/2024\/11\/spL020K4NmN-3.jpg\",\"datePublished\":\"2026-03-25T09:59:49+00:00\",\"breadcrumb\":{\"@id\":\"https:\/\/comprardevoluciones.com\/producto\/spl020k4nmn\/#breadcrumb\"},\"inLanguage\":\"pt-PT\",\"potentialAction\":[{\"@type\":\"ReadAction\",\"target\":[\"https:\/\/comprardevoluciones.com\/producto\/spl020k4nmn\/\"]}]},{\"@type\":\"ImageObject\",\"inLanguage\":\"pt-PT\",\"@id\":\"https:\/\/comprardevoluciones.com\/producto\/spl020k4nmn\/#primaryimage\",\"url\":\"https:\/\/comprardevoluciones.com\/wp-content\/uploads\/2024\/11\/spL020K4NmN-3.jpg\",\"contentUrl\":\"https:\/\/comprardevoluciones.com\/wp-content\/uploads\/2024\/11\/spL020K4NmN-3.jpg\",\"width\":700,\"height\":700},{\"@type\":\"BreadcrumbList\",\"@id\":\"https:\/\/comprardevoluciones.com\/producto\/spl020k4nmn\/#breadcrumb\",\"itemListElement\":[{\"@type\":\"ListItem\",\"position\":1,\"name\":\"Portada\",\"item\":\"https:\/\/comprardevoluciones.com\/\"},{\"@type\":\"ListItem\",\"position\":2,\"name\":\"Loja\",\"item\":\"https:\/\/comprardevoluciones.com\/tienda\/\"},{\"@type\":\"ListItem\",\"position\":3,\"name\":\"Caja de Electr\u00f3nica y Juguetes [35 productos] (spL020K4NmN)\"}]},{\"@type\":\"WebSite\",\"@id\":\"https:\/\/comprardevoluciones.com\/#website\",\"url\":\"https:\/\/comprardevoluciones.com\/\",\"name\":\"Comprardevoluciones - Tu tienda de Devoluciones de Amazon\",\"description\":\"Consigue Stock en buen estado a un precio imbatible\",\"potentialAction\":[{\"@type\":\"SearchAction\",\"target\":{\"@type\":\"EntryPoint\",\"urlTemplate\":\"https:\/\/comprardevoluciones.com\/?s={search_term_string}\"},\"query-input\":{\"@type\":\"PropertyValueSpecification\",\"valueRequired\":true,\"valueName\":\"search_term_string\"}}],\"inLanguage\":\"pt-PT\"}]}<\/script>\n<!-- \/ Yoast SEO plugin. -->","yoast_head_json":{"title":"Caja de Electr\u00f3nica y Juguetes [35 productos] (spL020K4NmN) - Comprardevoluciones - Tu tienda de Devoluciones de Amazon","robots":{"index":"noindex","follow":"follow"},"og_locale":"pt_PT","og_type":"article","og_title":"Caja de Electr\u00f3nica y Juguetes [35 productos] (spL020K4NmN) - Comprardevoluciones - Tu tienda de Devoluciones de Amazon","og_description":"Caja de Electr\u00f3nica y Juguetes sin revisar procedente de devoluciones de marketplaces   N\u00famero de productos: 35  Valor aproximado: 960.00  Porcentaje que se paga: 20% + IVA  Tiempo de entrega estimado: 3 a 7 d\u00edas  *Los precios incluyen IVA","og_url":"https:\/\/comprardevoluciones.com\/producto\/spl020k4nmn\/","og_site_name":"Comprardevoluciones - Tu tienda de Devoluciones de Amazon","og_image":[{"width":700,"height":700,"url":"https:\/\/comprardevoluciones.com\/wp-content\/uploads\/2024\/11\/spL020K4NmN-3.jpg","type":"image\/jpeg"}],"twitter_card":"summary_large_image","twitter_misc":{"Tempo estimado de leitura":"4 minutos"},"schema":{"@context":"https:\/\/schema.org","@graph":[{"@type":"WebPage","@id":"https:\/\/comprardevoluciones.com\/producto\/spl020k4nmn\/","url":"https:\/\/comprardevoluciones.com\/producto\/spl020k4nmn\/","name":"Caja de Electr\u00f3nica y Juguetes [35 productos] (spL020K4NmN) - Comprardevoluciones - Tu tienda de Devoluciones de Amazon","isPartOf":{"@id":"https:\/\/comprardevoluciones.com\/#website"},"primaryImageOfPage":{"@id":"https:\/\/comprardevoluciones.com\/producto\/spl020k4nmn\/#primaryimage"},"image":{"@id":"https:\/\/comprardevoluciones.com\/producto\/spl020k4nmn\/#primaryimage"},"thumbnailUrl":"https:\/\/comprardevoluciones.com\/wp-content\/uploads\/2024\/11\/spL020K4NmN-3.jpg","datePublished":"2026-03-25T09:59:49+00:00","breadcrumb":{"@id":"https:\/\/comprardevoluciones.com\/producto\/spl020k4nmn\/#breadcrumb"},"inLanguage":"pt-PT","potentialAction":[{"@type":"ReadAction","target":["https:\/\/comprardevoluciones.com\/producto\/spl020k4nmn\/"]}]},{"@type":"ImageObject","inLanguage":"pt-PT","@id":"https:\/\/comprardevoluciones.com\/producto\/spl020k4nmn\/#primaryimage","url":"https:\/\/comprardevoluciones.com\/wp-content\/uploads\/2024\/11\/spL020K4NmN-3.jpg","contentUrl":"https:\/\/comprardevoluciones.com\/wp-content\/uploads\/2024\/11\/spL020K4NmN-3.jpg","width":700,"height":700},{"@type":"BreadcrumbList","@id":"https:\/\/comprardevoluciones.com\/producto\/spl020k4nmn\/#breadcrumb","itemListElement":[{"@type":"ListItem","position":1,"name":"Portada","item":"https:\/\/comprardevoluciones.com\/"},{"@type":"ListItem","position":2,"name":"Loja","item":"https:\/\/comprardevoluciones.com\/tienda\/"},{"@type":"ListItem","position":3,"name":"Caja de Electr\u00f3nica y Juguetes [35 productos] (spL020K4NmN)"}]},{"@type":"WebSite","@id":"https:\/\/comprardevoluciones.com\/#website","url":"https:\/\/comprardevoluciones.com\/","name":"Comprardevoluciones - Tu tienda de Devoluciones de Amazon","description":"Consigue Stock en buen estado a un precio imbatible","potentialAction":[{"@type":"SearchAction","target":{"@type":"EntryPoint","urlTemplate":"https:\/\/comprardevoluciones.com\/?s={search_term_string}"},"query-input":{"@type":"PropertyValueSpecification","valueRequired":true,"valueName":"search_term_string"}}],"inLanguage":"pt-PT"}]}},"_links":{"self":[{"href":"https:\/\/comprardevoluciones.com\/pt-pt\/wp-json\/wp\/v2\/product\/171887","targetHints":{"allow":["GET"]}}],"collection":[{"href":"https:\/\/comprardevoluciones.com\/pt-pt\/wp-json\/wp\/v2\/product"}],"about":[{"href":"https:\/\/comprardevoluciones.com\/pt-pt\/wp-json\/wp\/v2\/types\/product"}],"wp:featuredmedia":[{"embeddable":true,"href":"https:\/\/comprardevoluciones.com\/pt-pt\/wp-json\/wp\/v2\/media\/79826"}],"wp:attachment":[{"href":"https:\/\/comprardevoluciones.com\/pt-pt\/wp-json\/wp\/v2\/media?parent=171887"}],"wp:term":[{"taxonomy":"product_brand","embeddable":true,"href":"https:\/\/comprardevoluciones.com\/pt-pt\/wp-json\/wp\/v2\/product_brand?post=171887"},{"taxonomy":"product_cat","embeddable":true,"href":"https:\/\/comprardevoluciones.com\/pt-pt\/wp-json\/wp\/v2\/product_cat?post=171887"},{"taxonomy":"product_tag","embeddable":true,"href":"https:\/\/comprardevoluciones.com\/pt-pt\/wp-json\/wp\/v2\/product_tag?post=171887"}],"curies":[{"name":"wp","href":"https:\/\/api.w.org\/{rel}","templated":true}]}}