{"id":172581,"date":"2026-03-30T10:02:25","date_gmt":"2026-03-30T09:02:25","guid":{"rendered":"https:\/\/comprardevoluciones.com\/?post_type=product&#038;p=172581"},"modified":"2026-03-30T14:30:11","modified_gmt":"2026-03-30T13:30:11","slug":"spnrlhfbw18","status":"publish","type":"product","link":"https:\/\/comprardevoluciones.com\/pt-pt\/producto\/spnrlhfbw18\/","title":{"rendered":"Caja de Electr\u00f3nica [30 productos] (spNRLHFBW18)"},"content":{"rendered":"<p>Descripci\u00f3n y valor aproximados<\/p>\n<table>\n<tbody>\n<tr>\n<td><strong>FUENTE<\/strong><\/td>\n<td><strong>PRODUCTO<\/strong><\/td>\n<td><strong>VALOR (\u20ac)<\/strong><\/td>\n<td><strong>PAGAS (\u20ac)<\/strong><\/td>\n<\/tr>\n<tr>\n<td>MARKETPLACES<\/td>\n<td><a class=\"ljoptimizer\" href=\"https:\/\/www.amazon.es\/dp\/B08RK4H8TN?tag=amazon087683-21&amp;th=1\" target=\"_blank\" rel=\"nofollow noopener\">Alarm Security STARTERKIT Plus\/White 20290 AJAX<\/a><\/td>\n<td>527 \u20ac<\/td>\n<td>142 \u20ac<\/td>\n<\/tr>\n<tr>\n<td>MARKETPLACES<\/td>\n<td><a class=\"ljoptimizer\" href=\"https:\/\/www.amazon.es\/dp\/B0B2X3SL21?tag=amazon087683-21&amp;th=1\" target=\"_blank\" rel=\"nofollow noopener\">SteelSeries Apex Pro Mini teclado gaming HyperMagnetic \u2013 El teclado m\u00e1s r\u00e1pido del mundo \u2013 Accionamiento ajustable \u2013 Factor forma compacto 60 % \u2013 RGB \u2013 Teclas PBT \u2013 USB-C \u2013 Teclado inglesa (QWERTY)<\/a><\/td>\n<td>197 \u20ac<\/td>\n<td>53 \u20ac<\/td>\n<\/tr>\n<tr>\n<td>MARKETPLACES<\/td>\n<td><a class=\"ljoptimizer\" href=\"https:\/\/www.amazon.es\/dp\/B0CFVR6851?tag=amazon087683-21&amp;th=1\" target=\"_blank\" rel=\"nofollow noopener\">Vtech Genio &#8211; Ordenador de Aprendizaje XL con Pantalla LCD Grande de 7&#8243; con Acceso a Internet, Programa de Texto y Muchos contenidos educativos, para ni\u00f1os de 5 a 12 a\u00f1os, Version Alemana<\/a><\/td>\n<td>155 \u20ac<\/td>\n<td>42 \u20ac<\/td>\n<\/tr>\n<tr>\n<td>MARKETPLACES<\/td>\n<td><a class=\"ljoptimizer\" href=\"https:\/\/www.amazon.es\/dp\/B015N3QTIK?tag=amazon087683-21&amp;th=1\" target=\"_blank\" rel=\"nofollow noopener\">Parker Sonnet bol\u00edgrafo | lacado en negro con adorno dorado | punta media | en estuche de regalo<\/a><\/td>\n<td>145 \u20ac<\/td>\n<td>39 \u20ac<\/td>\n<\/tr>\n<tr>\n<td>MARKETPLACES<\/td>\n<td><a class=\"ljoptimizer\" href=\"https:\/\/www.amazon.es\/dp\/B0F2N9WTS1?tag=amazon087683-21&amp;th=1\" target=\"_blank\" rel=\"nofollow noopener\">SPC Dickens Light 2 Pro \u2013 Libro electr\u00f3nico Pantalla 6 Pulgadas t\u00e1ctil E-Ink | Brillo Ajustable y Temperatura de Color | 8GB m\u00e1s de 8000 Libros | 1 Mes autonom\u00eda | Ligero y Fino | USB-C | Azul<\/a><\/td>\n<td>104 \u20ac<\/td>\n<td>28 \u20ac<\/td>\n<\/tr>\n<tr>\n<td>MARKETPLACES<\/td>\n<td><a class=\"ljoptimizer\" href=\"https:\/\/www.amazon.es\/dp\/B07W6JPM9R?tag=amazon087683-21&amp;th=1\" target=\"_blank\" rel=\"nofollow noopener\">Logitech MX Keys S Teclado inal\u00e1mbrico, Perfil Bajo,Escritura Fluida Precisa Silenciosa, Teclas Programables,Iluminaci\u00f3n, Bluetooth, Carga USB C,para Windows, Linux, Chrome, Mac, QWERTY Espa\u00f1ol &#8211; Gris<\/a><\/td>\n<td>90 \u20ac<\/td>\n<td>24 \u20ac<\/td>\n<\/tr>\n<tr>\n<td>MARKETPLACES<\/td>\n<td><a class=\"ljoptimizer\" href=\"https:\/\/www.amazon.es\/dp\/B07SN1QQYS?tag=amazon087683-21&amp;th=1\" target=\"_blank\" rel=\"nofollow noopener\">VSDISPLAY Placa controladora para Pantalla LCD WLED EDP de 11,6&#8243; 13,3&#8243; 14&#8243; 15,6 Pulgadas 17,3&#8243; 1920&#215;1080 30 Pines<\/a><\/td>\n<td>32 \u20ac<\/td>\n<td>9 \u20ac<\/td>\n<\/tr>\n<tr>\n<td>MARKETPLACES<\/td>\n<td><a class=\"ljoptimizer\" href=\"https:\/\/www.amazon.es\/dp\/B09TFJJY3W?tag=amazon087683-21&amp;th=1\" target=\"_blank\" rel=\"nofollow noopener\">Auriculares Inalambricos, Auriculares Bluetooth 5.3 Deportivos con Gancho de la Oreja, 60H de Reproducci\u00f3n, Pantalla LED, Llamada ENC HD, Profundamente Bajo, Ajuste C\u00f3modo, IPX7 Impermeable(Negro).<\/a><\/td>\n<td>31 \u20ac<\/td>\n<td>8 \u20ac<\/td>\n<\/tr>\n<tr>\n<td>MARKETPLACES<\/td>\n<td><a class=\"ljoptimizer\" href=\"https:\/\/www.amazon.es\/dp\/B0FGNKRYYF?tag=amazon087683-21&amp;th=1\" target=\"_blank\" rel=\"nofollow noopener\">Funda Pixelsnap para Google Pixel 10 &amp; Pixel 10 Pro &#8211; Protecci\u00f3n Duradera &#8211; Protecci\u00f3n con Estilo &#8211; Obsidiana (Creado por Google)<\/a><\/td>\n<td>30 \u20ac<\/td>\n<td>8 \u20ac<\/td>\n<\/tr>\n<tr>\n<td>MARKETPLACES<\/td>\n<td><a class=\"ljoptimizer\" href=\"https:\/\/www.amazon.es\/dp\/B0F2HQKJ8K?tag=amazon087683-21&amp;th=1\" target=\"_blank\" rel=\"nofollow noopener\">JETech Funda para iPad Air 11 Pulgadas M4\/M3\/M2 (2026\/2025\/2024), iPad Air 5\/4 (2022\/2020 5.\u00aa\/4.\u00aa 10,9 Pulgadas) con Soporte para Pencil, Carcasa Slim Folio, Visualizaci\u00f3n Multi\u00e1ngulo (Negro)<\/a><\/td>\n<td>20 \u20ac<\/td>\n<td>5 \u20ac<\/td>\n<\/tr>\n<tr>\n<td>MARKETPLACES<\/td>\n<td><a class=\"ljoptimizer\" href=\"https:\/\/www.amazon.es\/dp\/B09G2SKTFM?tag=amazon087683-21&amp;th=1\" target=\"_blank\" rel=\"nofollow noopener\">EC360\u00ae Silver Soft 12W\/MK Almohadilla T\u00e9rmica (50 x 50 x 3,0 mm, Soft)<\/a><\/td>\n<td>17 \u20ac<\/td>\n<td>5 \u20ac<\/td>\n<\/tr>\n<tr>\n<td>MARKETPLACES<\/td>\n<td><a class=\"ljoptimizer\" href=\"https:\/\/www.amazon.es\/dp\/B000GAWS7W?tag=amazon087683-21&amp;th=1\" target=\"_blank\" rel=\"nofollow noopener\">Casio Reloj para Hombres de Cuarzo con Correa en Acero Inoxidable, Gris A-178WA-1<\/a><\/td>\n<td>17 \u20ac<\/td>\n<td>4 \u20ac<\/td>\n<\/tr>\n<tr>\n<td>MARKETPLACES<\/td>\n<td><a class=\"ljoptimizer\" href=\"https:\/\/www.amazon.es\/dp\/B081WT6DZ8?tag=amazon087683-21&amp;th=1\" target=\"_blank\" rel=\"nofollow noopener\">HUAWEI Pura70 (Audrey-L29CK), White without Simlock, without Branding<\/a><\/td>\n<td>15 \u20ac<\/td>\n<td>4 \u20ac<\/td>\n<\/tr>\n<tr>\n<td>MARKETPLACES<\/td>\n<td><a class=\"ljoptimizer\" href=\"https:\/\/www.amazon.es\/dp\/B0DK3L8CMC?tag=amazon087683-21&amp;th=1\" target=\"_blank\" rel=\"nofollow noopener\">NEUTYPECHIC Ethernet Splitter 1 a 2, Switch Ethernet 1000 mbps, LAN Splitter 2 Ports, Gigabit Network Splitter RJ45 con Cable de Type C para Ordenadores, Conmutadores, Descodificadores, Televisores<\/a><\/td>\n<td>15 \u20ac<\/td>\n<td>4 \u20ac<\/td>\n<\/tr>\n<tr>\n<td>MARKETPLACES<\/td>\n<td><a class=\"ljoptimizer\" href=\"https:\/\/www.amazon.es\/dp\/B0DCNSZCYT?tag=amazon087683-21&amp;th=1\" target=\"_blank\" rel=\"nofollow noopener\">UGREEN Transmisor Receptor Bluetooth 6.0 Adaptador 2 en 1 Jack 3,5mm Audio para Coche Altavoz Auriculares Amplificador M\u00f3vil PC TV<\/a><\/td>\n<td>14 \u20ac<\/td>\n<td>4 \u20ac<\/td>\n<\/tr>\n<tr>\n<td>MARKETPLACES<\/td>\n<td><a class=\"ljoptimizer\" href=\"https:\/\/www.amazon.es\/dp\/B0CG9KY235?tag=amazon087683-21&amp;th=1\" target=\"_blank\" rel=\"nofollow noopener\">POANES Estaci\u00f3n de carga para Braun Oral B IO7 IO8 IO9 IO10, cepillo de dientes el\u00e9ctrico fuente de alimentaci\u00f3n cargador magn\u00e9tico IPX7 resistente al agua<\/a><\/td>\n<td>14 \u20ac<\/td>\n<td>4 \u20ac<\/td>\n<\/tr>\n<tr>\n<td>MARKETPLACES<\/td>\n<td><a class=\"ljoptimizer\" href=\"https:\/\/www.amazon.es\/dp\/B0020KXZO6?tag=amazon087683-21&amp;th=1\" target=\"_blank\" rel=\"nofollow noopener\">Clairefontaine 2196C &#8211; Cuaderno de caligraf\u00eda (17 x 22 cm, 48 hojas, papel reciclado de 56 g), color verde<\/a><\/td>\n<td>12 \u20ac<\/td>\n<td>3 \u20ac<\/td>\n<\/tr>\n<tr>\n<td>MARKETPLACES<\/td>\n<td><a class=\"ljoptimizer\" href=\"https:\/\/www.amazon.es\/dp\/B0892JG176?tag=amazon087683-21&amp;th=1\" target=\"_blank\" rel=\"nofollow noopener\">Libros Preimpresos marca Plus Office modelo TALONARIO PLUS RECIBOS 3 DEL F\u00ba DUPLI<\/a><\/td>\n<td>12 \u20ac<\/td>\n<td>3 \u20ac<\/td>\n<\/tr>\n<tr>\n<td>MARKETPLACES<\/td>\n<td><a class=\"ljoptimizer\" href=\"https:\/\/www.amazon.es\/dp\/B0BHDC1YNN?tag=amazon087683-21&amp;th=1\" target=\"_blank\" rel=\"nofollow noopener\">OPPO &#8211; Cable USB Tipo C SuperVooc, carga ultra r\u00e1pida, 1 metro &#8211; Blanco<\/a><\/td>\n<td>9 \u20ac<\/td>\n<td>2 \u20ac<\/td>\n<\/tr>\n<tr>\n<td>MARKETPLACES<\/td>\n<td><a class=\"ljoptimizer\" href=\"https:\/\/www.amazon.es\/dp\/B09FTRF29Z?tag=amazon087683-21&amp;th=1\" target=\"_blank\" rel=\"nofollow noopener\">LeathLux Funda Compatible con Xiaomi Redmi 10 + 3 Piezas Protector de Pantalla, Carcasa Silicona Transparente Antiara\u00f1azos Antichoque Antihuellas(No Puede para Redmi Note 10)<\/a><\/td>\n<td>9 \u20ac<\/td>\n<td>2 \u20ac<\/td>\n<\/tr>\n<tr>\n<td>MARKETPLACES<\/td>\n<td><a class=\"ljoptimizer\" href=\"https:\/\/www.amazon.es\/dp\/B0CFXSDTHL?tag=amazon087683-21&amp;th=1\" target=\"_blank\" rel=\"nofollow noopener\">Dispositivo Traductor de Idiomas, 2.99in 2MP HD WiFi Smart Translator Pen Dictionary Pen, Reader Pen Scanner 134 Traducci\u00f3n de Idiomas, para Reuniones Viajes Aprendizaje<\/a><\/td>\n<td>8 \u20ac<\/td>\n<td>2 \u20ac<\/td>\n<\/tr>\n<tr>\n<td>MARKETPLACES<\/td>\n<td><a class=\"ljoptimizer\" href=\"https:\/\/www.amazon.es\/dp\/B0BQGYW388?tag=amazon087683-21&amp;th=1\" target=\"_blank\" rel=\"nofollow noopener\">XINYEXIN Funda para Samsung Galaxy A53 5G con Anillo Soporte Girar 360 Grados, Moda Suave TPU Silicona Case Cover, Antigolpes Carcasa para Samsung A53 5G &#8211; Verde Oscuro<\/a><\/td>\n<td>6 \u20ac<\/td>\n<td>2 \u20ac<\/td>\n<\/tr>\n<tr>\n<td>MARKETPLACES<\/td>\n<td><a class=\"ljoptimizer\" href=\"https:\/\/www.amazon.es\/dp\/B013JL4U34?tag=amazon087683-21&amp;th=1\" target=\"_blank\" rel=\"nofollow noopener\">Rapesco 1260 Grapas Galvanizadas Profesionales Tipo 73\/10 mm, Paquete de 2000<\/a><\/td>\n<td>5 \u20ac<\/td>\n<td>1 \u20ac<\/td>\n<\/tr>\n<tr>\n<td>MARKETPLACES<\/td>\n<td><a class=\"ljoptimizer\" href=\"https:\/\/www.amazon.es\/dp\/B0047M3J3W?tag=amazon087683-21&amp;th=1\" target=\"_blank\" rel=\"nofollow noopener\">Tombow ABT-933 Feutre pinceau \u00e0 2 pointes Orange<\/a><\/td>\n<td>3 \u20ac<\/td>\n<td>1 \u20ac<\/td>\n<\/tr>\n<tr>\n<td>MARKETPLACES<\/td>\n<td><a class=\"ljoptimizer\" href=\"https:\/\/www.amazon.es\/dp\/B0CL9W8VNB?tag=amazon087683-21&amp;th=1\" target=\"_blank\" rel=\"nofollow noopener\">Higgs Silicona Correas Compatibles con Correa Apple Watch 40mm 41mm 38mm 44mm Ultra 3\/2\/1 49mm 46mm 45mm 42mm Mujer Hombre,Pulsera Suave Silicona Deportiva para iWatch Series 11 10 9 SE 8 7 6 5 4 3 2<\/a><\/td>\n<td>2 \u20ac<\/td>\n<td>1 \u20ac<\/td>\n<\/tr>\n<tr>\n<td>MARKETPLACES<\/td>\n<td><a class=\"ljoptimizer\" href=\"https:\/\/www.amazon.es\/dp\/B098T3YP85?tag=amazon087683-21&amp;th=1\" target=\"_blank\" rel=\"nofollow noopener\">AG13 LR44 Pilas de Bot\u00f3n Alcalina Bater\u00eda de 1,5V, 10 Piezas, Sin Mercurio y Sin Plomo 357 \/ 357A \/ L1154 \/ A76 \/ GPA76 \u30103 A\u00f1os de Garant\u00eda\u3011 (lr44-10p)<\/a><\/td>\n<td>2 \u20ac<\/td>\n<td>1 \u20ac<\/td>\n<\/tr>\n<tr>\n<td>MARKETPLACES<\/td>\n<td><a class=\"ljoptimizer\" href=\"https:\/\/www.amazon.es\/dp\/B0F678TC1V?tag=amazon087683-21&amp;th=1\" target=\"_blank\" rel=\"nofollow noopener\">Cuaderno espiral a5 smart tapa blanda 80h 75gr liso con margen colores surtidos unidad<\/a><\/td>\n<td>2 \u20ac<\/td>\n<td>0 \u20ac<\/td>\n<\/tr>\n<tr>\n<td>MARKETPLACES<\/td>\n<td><a class=\"ljoptimizer\" href=\"https:\/\/www.amazon.es\/dp\/B0F678TC1V?tag=amazon087683-21&amp;th=1\" target=\"_blank\" rel=\"nofollow noopener\">Cuaderno espiral a5 smart tapa blanda 80h 75gr liso con margen colores surtidos unidad<\/a><\/td>\n<td>2 \u20ac<\/td>\n<td>0 \u20ac<\/td>\n<\/tr>\n<tr>\n<td>MARKETPLACES<\/td>\n<td><a class=\"ljoptimizer\" href=\"https:\/\/www.amazon.es\/dp\/B0F678TC1V?tag=amazon087683-21&amp;th=1\" target=\"_blank\" rel=\"nofollow noopener\">Cuaderno espiral a5 smart tapa blanda 80h 75gr liso con margen colores surtidos unidad<\/a><\/td>\n<td>2 \u20ac<\/td>\n<td>0 \u20ac<\/td>\n<\/tr>\n<tr>\n<td>MARKETPLACES<\/td>\n<td><a class=\"ljoptimizer\" href=\"https:\/\/www.amazon.es\/dp\/B06VXFDGJL?tag=amazon087683-21&amp;th=1\" target=\"_blank\" rel=\"nofollow noopener\">CABLEPELADO Adaptador de Audio Est\u00e9reo Jack 3.5mm Hembra a 2.5mm Macho | Conversor para Auriculares | 1 Unidad<\/a><\/td>\n<td>6 \u20ac<\/td>\n<td>1 \u20ac<\/td>\n<\/tr>\n<\/tbody>\n<\/table>\n","protected":false},"excerpt":{"rendered":"<p>Caja de Electr\u00f3nica sin revisar procedente de devoluciones de marketplaces<\/p>\n<ul>\n<li>N\u00famero de productos: 30<\/li>\n<li>Valor aproximado: 1503.00<\/li>\n<li>Porcentaje que se paga: 22% + IVA<\/li>\n<li>Tiempo de entrega estimado: 3 a 7 d\u00edas<\/li>\n<\/ul>\n<p>*Los precios incluyen IVA<\/p>\n","protected":false},"featured_media":172690,"template":"","meta":{"site-sidebar-layout":"default","site-content-layout":"","ast-site-content-layout":"default","site-content-style":"default","site-sidebar-style":"default","ast-global-header-display":"","ast-banner-title-visibility":"","ast-main-header-display":"","ast-hfb-above-header-display":"","ast-hfb-below-header-display":"","ast-hfb-mobile-header-display":"","site-post-title":"","ast-breadcrumbs-content":"","ast-featured-img":"","footer-sml-layout":"","ast-disable-related-posts":"","theme-transparent-header-meta":"default","adv-header-id-meta":"","stick-header-meta":"","header-above-stick-meta":"","header-main-stick-meta":"","header-below-stick-meta":"","astra-migrate-meta-layouts":"set","ast-page-background-enabled":"default","ast-page-background-meta":{"desktop":{"background-color":"var(--ast-global-color-4)","background-image":"","background-repeat":"repeat","background-position":"center center","background-size":"auto","background-attachment":"scroll","background-type":"","background-media":"","overlay-type":"","overlay-color":"","overlay-opacity":"","overlay-gradient":""},"tablet":{"background-color":"","background-image":"","background-repeat":"repeat","background-position":"center center","background-size":"auto","background-attachment":"scroll","background-type":"","background-media":"","overlay-type":"","overlay-color":"","overlay-opacity":"","overlay-gradient":""},"mobile":{"background-color":"","background-image":"","background-repeat":"repeat","background-position":"center center","background-size":"auto","background-attachment":"scroll","background-type":"","background-media":"","overlay-type":"","overlay-color":"","overlay-opacity":"","overlay-gradient":""}},"ast-content-background-meta":{"desktop":{"background-color":"var(--ast-global-color-5)","background-image":"","background-repeat":"repeat","background-position":"center center","background-size":"auto","background-attachment":"scroll","background-type":"","background-media":"","overlay-type":"","overlay-color":"","overlay-opacity":"","overlay-gradient":""},"tablet":{"background-color":"var(--ast-global-color-5)","background-image":"","background-repeat":"repeat","background-position":"center center","background-size":"auto","background-attachment":"scroll","background-type":"","background-media":"","overlay-type":"","overlay-color":"","overlay-opacity":"","overlay-gradient":""},"mobile":{"background-color":"var(--ast-global-color-5)","background-image":"","background-repeat":"repeat","background-position":"center center","background-size":"auto","background-attachment":"scroll","background-type":"","background-media":"","overlay-type":"","overlay-color":"","overlay-opacity":"","overlay-gradient":""}}},"product_brand":[],"product_cat":[49,44],"product_tag":[],"class_list":{"0":"post-172581","1":"product","2":"type-product","3":"status-publish","4":"has-post-thumbnail","6":"product_cat-cajas","7":"product_cat-electronica","8":"product_shipping_class-caja","9":"desktop-align-left","10":"tablet-align-left","11":"mobile-align-left","13":"first","14":"outofstock","15":"sale","16":"downloadable","17":"taxable","18":"shipping-taxable","19":"purchasable","20":"product-type-simple"},"yoast_head":"<!-- This site is optimized with the Yoast SEO plugin v27.2 - https:\/\/yoast.com\/product\/yoast-seo-wordpress\/ -->\n<title>Caja de Electr\u00f3nica [30 productos] (spNRLHFBW18) - Comprardevoluciones - Tu tienda de Devoluciones de Amazon<\/title>\n<meta name=\"robots\" content=\"noindex, follow\" \/>\n<meta property=\"og:locale\" content=\"pt_PT\" \/>\n<meta property=\"og:type\" content=\"article\" \/>\n<meta property=\"og:title\" content=\"Caja de Electr\u00f3nica [30 productos] (spNRLHFBW18) - Comprardevoluciones - Tu tienda de Devoluciones de Amazon\" \/>\n<meta property=\"og:description\" content=\"Caja de Electr\u00f3nica sin revisar procedente de devoluciones de marketplaces   N\u00famero de productos: 30  Valor aproximado: 1503.00  Porcentaje que se paga: 22% + IVA  Tiempo de entrega estimado: 3 a 7 d\u00edas  *Los precios incluyen IVA\" \/>\n<meta property=\"og:url\" content=\"https:\/\/comprardevoluciones.com\/producto\/spnrlhfbw18\/\" \/>\n<meta property=\"og:site_name\" content=\"Comprardevoluciones - Tu tienda de Devoluciones de Amazon\" \/>\n<meta property=\"article:modified_time\" content=\"2026-03-30T13:30:11+00:00\" \/>\n<meta property=\"og:image\" content=\"https:\/\/comprardevoluciones.com\/wp-content\/uploads\/2026\/03\/spNRLHFBW18.jpg\" \/>\n\t<meta property=\"og:image:width\" content=\"700\" \/>\n\t<meta property=\"og:image:height\" content=\"700\" \/>\n\t<meta property=\"og:image:type\" content=\"image\/jpeg\" \/>\n<meta name=\"twitter:card\" content=\"summary_large_image\" \/>\n<meta name=\"twitter:label1\" content=\"Tempo estimado de leitura\" \/>\n\t<meta name=\"twitter:data1\" content=\"4 minutos\" \/>\n<script type=\"application\/ld+json\" class=\"yoast-schema-graph\">{\"@context\":\"https:\/\/schema.org\",\"@graph\":[{\"@type\":\"WebPage\",\"@id\":\"https:\/\/comprardevoluciones.com\/producto\/spnrlhfbw18\/\",\"url\":\"https:\/\/comprardevoluciones.com\/producto\/spnrlhfbw18\/\",\"name\":\"Caja de Electr\u00f3nica [30 productos] (spNRLHFBW18) - Comprardevoluciones - Tu tienda de Devoluciones de Amazon\",\"isPartOf\":{\"@id\":\"https:\/\/comprardevoluciones.com\/#website\"},\"primaryImageOfPage\":{\"@id\":\"https:\/\/comprardevoluciones.com\/producto\/spnrlhfbw18\/#primaryimage\"},\"image\":{\"@id\":\"https:\/\/comprardevoluciones.com\/producto\/spnrlhfbw18\/#primaryimage\"},\"thumbnailUrl\":\"https:\/\/comprardevoluciones.com\/wp-content\/uploads\/2026\/03\/spNRLHFBW18.jpg\",\"datePublished\":\"2026-03-30T09:02:25+00:00\",\"dateModified\":\"2026-03-30T13:30:11+00:00\",\"breadcrumb\":{\"@id\":\"https:\/\/comprardevoluciones.com\/producto\/spnrlhfbw18\/#breadcrumb\"},\"inLanguage\":\"pt-PT\",\"potentialAction\":[{\"@type\":\"ReadAction\",\"target\":[\"https:\/\/comprardevoluciones.com\/producto\/spnrlhfbw18\/\"]}]},{\"@type\":\"ImageObject\",\"inLanguage\":\"pt-PT\",\"@id\":\"https:\/\/comprardevoluciones.com\/producto\/spnrlhfbw18\/#primaryimage\",\"url\":\"https:\/\/comprardevoluciones.com\/wp-content\/uploads\/2026\/03\/spNRLHFBW18.jpg\",\"contentUrl\":\"https:\/\/comprardevoluciones.com\/wp-content\/uploads\/2026\/03\/spNRLHFBW18.jpg\",\"width\":700,\"height\":700},{\"@type\":\"BreadcrumbList\",\"@id\":\"https:\/\/comprardevoluciones.com\/producto\/spnrlhfbw18\/#breadcrumb\",\"itemListElement\":[{\"@type\":\"ListItem\",\"position\":1,\"name\":\"Portada\",\"item\":\"https:\/\/comprardevoluciones.com\/\"},{\"@type\":\"ListItem\",\"position\":2,\"name\":\"Loja\",\"item\":\"https:\/\/comprardevoluciones.com\/tienda\/\"},{\"@type\":\"ListItem\",\"position\":3,\"name\":\"Caja de Electr\u00f3nica [30 productos] (spNRLHFBW18)\"}]},{\"@type\":\"WebSite\",\"@id\":\"https:\/\/comprardevoluciones.com\/#website\",\"url\":\"https:\/\/comprardevoluciones.com\/\",\"name\":\"Comprardevoluciones - Tu tienda de Devoluciones de Amazon\",\"description\":\"Consigue Stock en buen estado a un precio imbatible\",\"potentialAction\":[{\"@type\":\"SearchAction\",\"target\":{\"@type\":\"EntryPoint\",\"urlTemplate\":\"https:\/\/comprardevoluciones.com\/?s={search_term_string}\"},\"query-input\":{\"@type\":\"PropertyValueSpecification\",\"valueRequired\":true,\"valueName\":\"search_term_string\"}}],\"inLanguage\":\"pt-PT\"}]}<\/script>\n<!-- \/ Yoast SEO plugin. -->","yoast_head_json":{"title":"Caja de Electr\u00f3nica [30 productos] (spNRLHFBW18) - Comprardevoluciones - Tu tienda de Devoluciones de Amazon","robots":{"index":"noindex","follow":"follow"},"og_locale":"pt_PT","og_type":"article","og_title":"Caja de Electr\u00f3nica [30 productos] (spNRLHFBW18) - Comprardevoluciones - Tu tienda de Devoluciones de Amazon","og_description":"Caja de Electr\u00f3nica sin revisar procedente de devoluciones de marketplaces   N\u00famero de productos: 30  Valor aproximado: 1503.00  Porcentaje que se paga: 22% + IVA  Tiempo de entrega estimado: 3 a 7 d\u00edas  *Los precios incluyen IVA","og_url":"https:\/\/comprardevoluciones.com\/producto\/spnrlhfbw18\/","og_site_name":"Comprardevoluciones - Tu tienda de Devoluciones de Amazon","article_modified_time":"2026-03-30T13:30:11+00:00","og_image":[{"width":700,"height":700,"url":"https:\/\/comprardevoluciones.com\/wp-content\/uploads\/2026\/03\/spNRLHFBW18.jpg","type":"image\/jpeg"}],"twitter_card":"summary_large_image","twitter_misc":{"Tempo estimado de leitura":"4 minutos"},"schema":{"@context":"https:\/\/schema.org","@graph":[{"@type":"WebPage","@id":"https:\/\/comprardevoluciones.com\/producto\/spnrlhfbw18\/","url":"https:\/\/comprardevoluciones.com\/producto\/spnrlhfbw18\/","name":"Caja de Electr\u00f3nica [30 productos] (spNRLHFBW18) - Comprardevoluciones - Tu tienda de Devoluciones de Amazon","isPartOf":{"@id":"https:\/\/comprardevoluciones.com\/#website"},"primaryImageOfPage":{"@id":"https:\/\/comprardevoluciones.com\/producto\/spnrlhfbw18\/#primaryimage"},"image":{"@id":"https:\/\/comprardevoluciones.com\/producto\/spnrlhfbw18\/#primaryimage"},"thumbnailUrl":"https:\/\/comprardevoluciones.com\/wp-content\/uploads\/2026\/03\/spNRLHFBW18.jpg","datePublished":"2026-03-30T09:02:25+00:00","dateModified":"2026-03-30T13:30:11+00:00","breadcrumb":{"@id":"https:\/\/comprardevoluciones.com\/producto\/spnrlhfbw18\/#breadcrumb"},"inLanguage":"pt-PT","potentialAction":[{"@type":"ReadAction","target":["https:\/\/comprardevoluciones.com\/producto\/spnrlhfbw18\/"]}]},{"@type":"ImageObject","inLanguage":"pt-PT","@id":"https:\/\/comprardevoluciones.com\/producto\/spnrlhfbw18\/#primaryimage","url":"https:\/\/comprardevoluciones.com\/wp-content\/uploads\/2026\/03\/spNRLHFBW18.jpg","contentUrl":"https:\/\/comprardevoluciones.com\/wp-content\/uploads\/2026\/03\/spNRLHFBW18.jpg","width":700,"height":700},{"@type":"BreadcrumbList","@id":"https:\/\/comprardevoluciones.com\/producto\/spnrlhfbw18\/#breadcrumb","itemListElement":[{"@type":"ListItem","position":1,"name":"Portada","item":"https:\/\/comprardevoluciones.com\/"},{"@type":"ListItem","position":2,"name":"Loja","item":"https:\/\/comprardevoluciones.com\/tienda\/"},{"@type":"ListItem","position":3,"name":"Caja de Electr\u00f3nica [30 productos] (spNRLHFBW18)"}]},{"@type":"WebSite","@id":"https:\/\/comprardevoluciones.com\/#website","url":"https:\/\/comprardevoluciones.com\/","name":"Comprardevoluciones - Tu tienda de Devoluciones de Amazon","description":"Consigue Stock en buen estado a un precio imbatible","potentialAction":[{"@type":"SearchAction","target":{"@type":"EntryPoint","urlTemplate":"https:\/\/comprardevoluciones.com\/?s={search_term_string}"},"query-input":{"@type":"PropertyValueSpecification","valueRequired":true,"valueName":"search_term_string"}}],"inLanguage":"pt-PT"}]}},"_links":{"self":[{"href":"https:\/\/comprardevoluciones.com\/pt-pt\/wp-json\/wp\/v2\/product\/172581","targetHints":{"allow":["GET"]}}],"collection":[{"href":"https:\/\/comprardevoluciones.com\/pt-pt\/wp-json\/wp\/v2\/product"}],"about":[{"href":"https:\/\/comprardevoluciones.com\/pt-pt\/wp-json\/wp\/v2\/types\/product"}],"wp:featuredmedia":[{"embeddable":true,"href":"https:\/\/comprardevoluciones.com\/pt-pt\/wp-json\/wp\/v2\/media\/172690"}],"wp:attachment":[{"href":"https:\/\/comprardevoluciones.com\/pt-pt\/wp-json\/wp\/v2\/media?parent=172581"}],"wp:term":[{"taxonomy":"product_brand","embeddable":true,"href":"https:\/\/comprardevoluciones.com\/pt-pt\/wp-json\/wp\/v2\/product_brand?post=172581"},{"taxonomy":"product_cat","embeddable":true,"href":"https:\/\/comprardevoluciones.com\/pt-pt\/wp-json\/wp\/v2\/product_cat?post=172581"},{"taxonomy":"product_tag","embeddable":true,"href":"https:\/\/comprardevoluciones.com\/pt-pt\/wp-json\/wp\/v2\/product_tag?post=172581"}],"curies":[{"name":"wp","href":"https:\/\/api.w.org\/{rel}","templated":true}]}}