{"id":174963,"date":"2026-05-04T10:00:23","date_gmt":"2026-05-04T09:00:23","guid":{"rendered":"https:\/\/comprardevoluciones.com\/?post_type=product&#038;p=174963"},"modified":"2026-05-04T10:28:40","modified_gmt":"2026-05-04T09:28:40","slug":"spnvx1xpltc","status":"publish","type":"product","link":"https:\/\/comprardevoluciones.com\/pt-pt\/producto\/spnvx1xpltc\/","title":{"rendered":"Caja de Electr\u00f3nica [30 productos] (spNVX1XPLTC)"},"content":{"rendered":"<p>Descripci\u00f3n y valor aproximados<\/p>\n<table>\n<tbody>\n<tr>\n<td><strong>FUENTE<\/strong><\/td>\n<td><strong>PRODUCTO<\/strong><\/td>\n<td><strong>VALOR (\u20ac)<\/strong><\/td>\n<td><strong>PAGAS (\u20ac)<\/strong><\/td>\n<\/tr>\n<tr>\n<td>MARKETPLACES<\/td>\n<td><a class=\"ljoptimizer\" href=\"https:\/\/www.amazon.es\/dp\/B0BHD6N2CK?tag=amazon087683-21&amp;th=1\" target=\"_blank\" rel=\"nofollow noopener\">ASUS ROG Strix GeForce RTX 4090 OC Edition &#8211; Tarjeta Gr\u00e1fica Gaming (PCIe 4.0, 24GB GDDR6X, HDMI 2.1a, DisplayPort 1.4a)<\/a><\/td>\n<td>3.190 \u20ac<\/td>\n<td>798 \u20ac<\/td>\n<\/tr>\n<tr>\n<td>MARKETPLACES<\/td>\n<td><a class=\"ljoptimizer\" href=\"https:\/\/www.amazon.es\/dp\/B0F8KJKC9Y?tag=amazon087683-21&amp;th=1\" target=\"_blank\" rel=\"nofollow noopener\">ASUS Dual GeForce RTX 5070 12 GB GDDR7 OC Edition &#8211; Tarjeta gr\u00e1fica (PCIe 5.0, DLSS 4, HDMI 2.1b, DisplayPort 2.1b, dise\u00f1o Compacto con Doble Ventilador, Ventilador Axial-Tech, tecnolog\u00eda 0dB)<\/a><\/td>\n<td>660 \u20ac<\/td>\n<td>165 \u20ac<\/td>\n<\/tr>\n<tr>\n<td>MARKETPLACES<\/td>\n<td><a class=\"ljoptimizer\" href=\"https:\/\/www.amazon.es\/dp\/B086XDKHHL?tag=amazon087683-21&amp;th=1\" target=\"_blank\" rel=\"nofollow noopener\">LaCie d2 Professional 14TB \u2014 USB\u2011C Disco duro externo de sobremesa, para Mac y Windows \u2014 incluye Rescue Data Recovery<\/a><\/td>\n<td>494 \u20ac<\/td>\n<td>124 \u20ac<\/td>\n<\/tr>\n<tr>\n<td>MARKETPLACES<\/td>\n<td><a class=\"ljoptimizer\" href=\"https:\/\/www.amazon.es\/dp\/B0C59G53GS?tag=amazon087683-21&amp;th=1\" target=\"_blank\" rel=\"nofollow noopener\">SanDisk 2TB Extreme SSD port\u00e1til, USB-C, Memoria de estado s\u00f3lido NVMe externa, hasta 1050 MB\/s, Clasificaci\u00f3n IP65 de resistencia al agua y al polvo &#8211; Monterey<\/a><\/td>\n<td>350 \u20ac<\/td>\n<td>87 \u20ac<\/td>\n<\/tr>\n<tr>\n<td>MARKETPLACES<\/td>\n<td><a class=\"ljoptimizer\" href=\"https:\/\/www.amazon.es\/dp\/B0F2GQX1LD?tag=amazon087683-21&amp;th=1\" target=\"_blank\" rel=\"nofollow noopener\">Kr\u00fcger&amp;Matz Tablet 2 en 1 Edge 1089 Diagonal 10,1&#8243; USB3.0 HDMI 8\/256GB Windows 11 Pro KM1089S.1<\/a><\/td>\n<td>250 \u20ac<\/td>\n<td>63 \u20ac<\/td>\n<\/tr>\n<tr>\n<td>MARKETPLACES<\/td>\n<td><a class=\"ljoptimizer\" href=\"https:\/\/www.amazon.es\/dp\/B079Z3DSBK?tag=amazon087683-21&amp;th=1\" target=\"_blank\" rel=\"nofollow noopener\">Logitech G X56 H.O.T.A.S Controlador con Aceleraci\u00f3n y Palanca RGB, 6 Grados de Libertad, 4 Opciones de Resorte, 189 Controles Programables, RGB, 2 USB, Color Negro<\/a><\/td>\n<td>242 \u20ac<\/td>\n<td>60 \u20ac<\/td>\n<\/tr>\n<tr>\n<td>MARKETPLACES<\/td>\n<td><a class=\"ljoptimizer\" href=\"https:\/\/www.amazon.es\/dp\/B09J14CJ89?tag=amazon087683-21&amp;th=1\" target=\"_blank\" rel=\"nofollow noopener\">Samsung 980 PRO 2TB, hasta 7.000 MB\/s, PCIe 4.0 NVMe M.2 (2280), SSD interno con disipador para consola de videojuegos (MZ-V8P2T0)<\/a><\/td>\n<td>238 \u20ac<\/td>\n<td>60 \u20ac<\/td>\n<\/tr>\n<tr>\n<td>MARKETPLACES<\/td>\n<td><a class=\"ljoptimizer\" href=\"https:\/\/www.amazon.es\/dp\/B0FGJDPTJB?tag=amazon087683-21&amp;th=1\" target=\"_blank\" rel=\"nofollow noopener\">SPC Zeus 2 Pro &#8211; Smartphone para Mayores Compatible con App para Control y ubicaci\u00f3n remota | Modo f\u00e1cil, Botones f\u00edsicos, Iconos XXL | 6,1\u201d, Dos c\u00e1maras, 128GB | Base de Carga, bot\u00f3n SOS<\/a><\/td>\n<td>223 \u20ac<\/td>\n<td>56 \u20ac<\/td>\n<\/tr>\n<tr>\n<td>MARKETPLACES<\/td>\n<td><a class=\"ljoptimizer\" href=\"https:\/\/www.amazon.es\/dp\/B0BJ7KMJKR?tag=amazon087683-21&amp;th=1\" target=\"_blank\" rel=\"nofollow noopener\">JBL Quantum 910 Auriculares True Wireless Bluetooth, con cancelaci\u00f3n de ruido adaptable, funci\u00f3n gaming y carga, micr\u00f3fono boom incorporado, negro<\/a><\/td>\n<td>206 \u20ac<\/td>\n<td>51 \u20ac<\/td>\n<\/tr>\n<tr>\n<td>MARKETPLACES<\/td>\n<td><a class=\"ljoptimizer\" href=\"https:\/\/www.amazon.es\/dp\/B0C4TLFZSZ?tag=amazon087683-21&amp;th=1\" target=\"_blank\" rel=\"nofollow noopener\">Auriculares inal\u00e1mbricos con Noise Cancelling SONY WF-1000XM5, bluetooth, auriculares in-ear, micr\u00f3fono, hasta 24 horas de bater\u00eda, carga r\u00e1pida, IPX4, Alexa y Google Assitant, iOS y Android &#8211; Negro<\/a><\/td>\n<td>199 \u20ac<\/td>\n<td>50 \u20ac<\/td>\n<\/tr>\n<tr>\n<td>MARKETPLACES<\/td>\n<td><a class=\"ljoptimizer\" href=\"https:\/\/www.amazon.es\/dp\/B0FBWVCQL5?tag=amazon087683-21&amp;th=1\" target=\"_blank\" rel=\"nofollow noopener\">Razer Kraken Kitty V3 Pro &#8211; Auriculares inal\u00e1mbricos RGB Kitty para Juegos &#8211; Orejas de Gato reactivas para Streaming &#8211; Diafragma 40mm &#8211; Hyperspeed Wireless y Bluetooth &#8211; THX Spatial Audio | Quartz<\/a><\/td>\n<td>194 \u20ac<\/td>\n<td>48 \u20ac<\/td>\n<\/tr>\n<tr>\n<td>MARKETPLACES<\/td>\n<td><a class=\"ljoptimizer\" href=\"https:\/\/www.amazon.es\/dp\/B08CR7Z2K8?tag=amazon087683-21&amp;th=1\" target=\"_blank\" rel=\"nofollow noopener\">ASUS ROG Falchion &#8211; Teclado mec\u00e1nico inal\u00e1mbrico 65% para Juegos (68 Teclas, iluminaci\u00f3n Aura Sync, Superficie Lateral t\u00e1ctil, protecci\u00f3n de policarbonato, interruptores Cherry MX, hasta 450 Horas de<\/a><\/td>\n<td>159 \u20ac<\/td>\n<td>40 \u20ac<\/td>\n<\/tr>\n<tr>\n<td>MARKETPLACES<\/td>\n<td><a class=\"ljoptimizer\" href=\"https:\/\/www.amazon.es\/dp\/B0DBJ2CRV4?tag=amazon087683-21&amp;th=1\" target=\"_blank\" rel=\"nofollow noopener\">Nothing Ear (Open) Auriculares inalambricos Bluetooth con Tecnolog\u00eda Open Sound, Dos micr\u00f3fonos + Clear Voice por IA, 30 Horas de reproducci\u00f3n de m\u00fasica y EQ avanzado &#8211; Blanco<\/a><\/td>\n<td>145 \u20ac<\/td>\n<td>36 \u20ac<\/td>\n<\/tr>\n<tr>\n<td>MARKETPLACES<\/td>\n<td><a class=\"ljoptimizer\" href=\"https:\/\/www.amazon.es\/dp\/B0D5Z1C5TB?tag=amazon087683-21&amp;th=1\" target=\"_blank\" rel=\"nofollow noopener\">Corsair HS80 MAX Wireless Auriculares para Juegos Multiplataforma con Bluetooth \u2013 Dolby Atmos \u2013 Micr\u00f3fono de Calidad Broadcast \u2013 Compatible con iCUE \u2013 PC, Mac, PS5, PS4, Switch, M\u00f3vil \u2013 Gris Acero<\/a><\/td>\n<td>130 \u20ac<\/td>\n<td>32 \u20ac<\/td>\n<\/tr>\n<tr>\n<td>MARKETPLACES<\/td>\n<td><a class=\"ljoptimizer\" href=\"https:\/\/www.amazon.es\/dp\/B0D3KLYV6R?tag=amazon087683-21&amp;th=1\" target=\"_blank\" rel=\"nofollow noopener\">HUAWEI FreeBuds 6i, Cancelaci\u00f3n Activa de Ruido 3.0 Inteligente, Bajos Impactantes, Carga R\u00e1pida, 35 Horas de Bater\u00eda, Bluetooth 5.3, Grado de Protecci\u00f3n IP54 contra el Polvo y el Agua, Blanco<\/a><\/td>\n<td>113 \u20ac<\/td>\n<td>28 \u20ac<\/td>\n<\/tr>\n<tr>\n<td>MARKETPLACES<\/td>\n<td><a class=\"ljoptimizer\" href=\"https:\/\/www.amazon.es\/dp\/B01NAAWOGO?tag=amazon087683-21&amp;th=1\" target=\"_blank\" rel=\"nofollow noopener\">Ubiquiti &#8211; Punto de acceso WiFi (1167 Mbit\/s, IEEE 802.3af, Blanco, Pared, 46 mm, 34 mm)<\/a><\/td>\n<td>110 \u20ac<\/td>\n<td>28 \u20ac<\/td>\n<\/tr>\n<tr>\n<td>MARKETPLACES<\/td>\n<td><a class=\"ljoptimizer\" href=\"https:\/\/www.amazon.es\/dp\/B07W7MJ46M?tag=amazon087683-21&amp;th=1\" target=\"_blank\" rel=\"nofollow noopener\">Logitech G G502 X Plus Lightspeed Rat\u00f3n inal\u00e1mbrico RGB para Gaming &#8211; Rat\u00f3n \u00f3ptico con interruptores h\u00edbridos LIGHTFORCE, LIGHTSYNC RGB, Sensor Hero 25K, Compatible con PC &#8211; macOS\/Windows &#8211; Negro<\/a><\/td>\n<td>110 \u20ac<\/td>\n<td>27 \u20ac<\/td>\n<\/tr>\n<tr>\n<td>MARKETPLACES<\/td>\n<td><a class=\"ljoptimizer\" href=\"https:\/\/www.amazon.es\/dp\/B075QVMBT9?tag=amazon087683-21&amp;th=1\" target=\"_blank\" rel=\"nofollow noopener\">PreSonus Speakers<\/a><\/td>\n<td>101 \u20ac<\/td>\n<td>25 \u20ac<\/td>\n<\/tr>\n<tr>\n<td>MARKETPLACES<\/td>\n<td><a class=\"ljoptimizer\" href=\"https:\/\/www.amazon.es\/dp\/B0FKG6TDRR?tag=amazon087683-21&amp;th=1\" target=\"_blank\" rel=\"nofollow noopener\">CMF Headphone Pro &#8211; Auriculares Bluetooth de Diadema Over-Ear \u2013 hasta 100h de Bater\u00eda, Hi-Res con LDAC, Audio Espacial, con Cancelaci\u00f3n Activa de Ruido \u2013 Gris Oscuro<\/a><\/td>\n<td>97 \u20ac<\/td>\n<td>24 \u20ac<\/td>\n<\/tr>\n<tr>\n<td>MARKETPLACES<\/td>\n<td><a class=\"ljoptimizer\" href=\"https:\/\/www.amazon.es\/dp\/B07W6JPM9R?tag=amazon087683-21&amp;th=1\" target=\"_blank\" rel=\"nofollow noopener\">Logitech MX Keys S Teclado inal\u00e1mbrico, Perfil Bajo,Escritura Fluida Precisa Silenciosa, Teclas Programables,Iluminaci\u00f3n, Bluetooth, Carga USB C,para Windows, Linux, Chrome, Mac, QWERTY Espa\u00f1ol &#8211; Gris<\/a><\/td>\n<td>90 \u20ac<\/td>\n<td>22 \u20ac<\/td>\n<\/tr>\n<tr>\n<td>MARKETPLACES<\/td>\n<td><a class=\"ljoptimizer\" href=\"https:\/\/www.amazon.es\/dp\/B07W6JPM9R?tag=amazon087683-21&amp;th=1\" target=\"_blank\" rel=\"nofollow noopener\">Logitech MX Keys S Teclado inal\u00e1mbrico, Perfil Bajo,Escritura Fluida Precisa Silenciosa, Teclas Programables,Iluminaci\u00f3n, Bluetooth, Carga USB C,para Windows, Linux, Chrome, Mac, QWERTY Espa\u00f1ol &#8211; Gris<\/a><\/td>\n<td>90 \u20ac<\/td>\n<td>22 \u20ac<\/td>\n<\/tr>\n<tr>\n<td>MARKETPLACES<\/td>\n<td><a class=\"ljoptimizer\" href=\"https:\/\/www.amazon.es\/dp\/B0BJL685Q7?tag=amazon087683-21&amp;th=1\" target=\"_blank\" rel=\"nofollow noopener\">JBL Endurance Peak 3, auriculares activos inal\u00e1mbricos con resistencia al agua IP68 y hasta 50 horas de duraci\u00f3n de la bater\u00eda, en negro<\/a><\/td>\n<td>70 \u20ac<\/td>\n<td>17 \u20ac<\/td>\n<\/tr>\n<tr>\n<td>MARKETPLACES<\/td>\n<td><a class=\"ljoptimizer\" href=\"https:\/\/www.amazon.es\/dp\/B0DG2GYF6D?tag=amazon087683-21&amp;th=1\" target=\"_blank\" rel=\"nofollow noopener\">LEXIBOOK, Disney Stitch, Altavoz Bluetooth\u00ae inal\u00e1mbrico con luz y micr\u00f3fono, Efectos de luz Multicolor, Puerto para Tarjeta SD\/TF, Bater\u00eda Recargable, Azul, BTP185DZ<\/a><\/td>\n<td>60 \u20ac<\/td>\n<td>15 \u20ac<\/td>\n<\/tr>\n<tr>\n<td>MARKETPLACES<\/td>\n<td><a class=\"ljoptimizer\" href=\"https:\/\/www.amazon.es\/dp\/B0C85GVCMP?tag=amazon087683-21&amp;th=1\" target=\"_blank\" rel=\"nofollow noopener\">Philips Duo D2702B &#8211; Tel\u00e9fonos Fijos Inal\u00e1mbricos, Pantalla Retroiliminada 4,6&#8242;, Micrcotel\u00e9fono Vertical, Llamadas Manos Libres, hasta 14 Horas, Antena Optimizada, Dos tel\u00e9fonos, Negro<\/a><\/td>\n<td>50 \u20ac<\/td>\n<td>12 \u20ac<\/td>\n<\/tr>\n<tr>\n<td>MARKETPLACES<\/td>\n<td><a class=\"ljoptimizer\" href=\"https:\/\/www.amazon.es\/dp\/B0G4CT6JPW?tag=amazon087683-21&amp;th=1\" target=\"_blank\" rel=\"nofollow noopener\">SPC Fortune 2 MAX \u2013 Tel\u00e9fono m\u00f3vil para Mayores con 4G | Pantalla antirrayaduras 2,4\u201d y Teclas Grandes | Timbre 104dB y Base de Carga | Bot\u00f3n SOS, Ice y configuraci\u00f3n remota | Bater\u00eda hasta 7 D\u00edas<\/a><\/td>\n<td>48 \u20ac<\/td>\n<td>12 \u20ac<\/td>\n<\/tr>\n<tr>\n<td>MARKETPLACES<\/td>\n<td><a class=\"ljoptimizer\" href=\"https:\/\/www.amazon.es\/dp\/B0DWSSXDNC?tag=amazon087683-21&amp;th=1\" target=\"_blank\" rel=\"nofollow noopener\">ALCATEL XL685 Duo &#8211; Tel\u00e9fono Fijo inal\u00e1mbrico DECT Senior Formato XL &#8211; Pantalla gr\u00e1fica de Alta legibilidad &#8211; Teclas Grandes &#8211; Audio Boost &#8211; Manos Libres &#8211; Bloqueo de Llamadas &#8211; 2 tel\u00e9fonos &#8211; Negro<\/a><\/td>\n<td>40 \u20ac<\/td>\n<td>10 \u20ac<\/td>\n<\/tr>\n<tr>\n<td>MARKETPLACES<\/td>\n<td><a class=\"ljoptimizer\" href=\"https:\/\/www.amazon.es\/dp\/B0DB553RX3?tag=amazon087683-21&amp;th=1\" target=\"_blank\" rel=\"nofollow noopener\">Trituradora de Papel 8 Hojas, Destructora de Papel para Oficina y Hogar, Nivel de Seguridad P-4, Corte Cruzado 5\u00d714mm, Tritura Tarjetas de Cr\u00e9dito, Clips, Grapas, C261-C<\/a><\/td>\n<td>33 \u20ac<\/td>\n<td>8 \u20ac<\/td>\n<\/tr>\n<tr>\n<td>MARKETPLACES<\/td>\n<td><a class=\"ljoptimizer\" href=\"https:\/\/www.amazon.es\/dp\/B0DT9LW99L?tag=amazon087683-21&amp;th=1\" target=\"_blank\" rel=\"nofollow noopener\">Trust Vaiya Teclado Inal\u00e1mbrico Bluetooth + 2.4 GHz QWERTY Espa\u00f1ol, Teclado Bluetooth Multidispositivo Recargable con Numpad, 55% Pl\u00e1stico Reciclado, Windows iOS iPadOS macOS Android, Negro<\/a><\/td>\n<td>28 \u20ac<\/td>\n<td>7 \u20ac<\/td>\n<\/tr>\n<tr>\n<td>MARKETPLACES<\/td>\n<td><a class=\"ljoptimizer\" href=\"https:\/\/www.amazon.es\/dp\/B09TT4BQPW?tag=amazon087683-21&amp;th=1\" target=\"_blank\" rel=\"nofollow noopener\">Sony WI-C100 Auriculares Inal\u00e1mbricos &#8211; Hasta 25 Horas de Duraci\u00f3n de la Bater\u00eda, Micr\u00f3fono Incorporado para Llamadas, Compatible con Asistentes de Voz, Conectividad Bluetooth Fiable, Negro<\/a><\/td>\n<td>26 \u20ac<\/td>\n<td>6 \u20ac<\/td>\n<\/tr>\n<tr>\n<td>MARKETPLACES<\/td>\n<td><a class=\"ljoptimizer\" href=\"https:\/\/www.amazon.es\/dp\/B0DB1GSRS2?tag=amazon087683-21&amp;th=1\" target=\"_blank\" rel=\"nofollow noopener\">KHlove L17C4PB0 L17M4PB0 Laptop Bater\u00eda para Flex 6-14IKB 6-14ARR IdeaPad 530S-14ARR 530S-14IKB 530S-15IKB Yoga 530-14ARR 530-14IKB L17C4PB2 L17M4PB2 5B10Q16066 5B10Q22883 5B10Q16067 Battery 45Wh<\/a><\/td>\n<td>23 \u20ac<\/td>\n<td>6 \u20ac<\/td>\n<\/tr>\n<\/tbody>\n<\/table>\n","protected":false},"excerpt":{"rendered":"<p>Caja de Electr\u00f3nica sin revisar procedente de devoluciones de marketplaces<\/p>\n<ul>\n<li>N\u00famero de productos: 30<\/li>\n<li>Valor aproximado: 7.768 \u20ac<\/li>\n<li>Porcentaje que se paga: 21% + IVA<\/li>\n<li>Tiempo de entrega estimado: 3 a 7 d\u00edas<\/li>\n<\/ul>\n<p>*Los precios incluyen IVA<\/p>\n","protected":false},"featured_media":174824,"template":"","meta":{"site-sidebar-layout":"default","site-content-layout":"","ast-site-content-layout":"default","site-content-style":"default","site-sidebar-style":"default","ast-global-header-display":"","ast-banner-title-visibility":"","ast-main-header-display":"","ast-hfb-above-header-display":"","ast-hfb-below-header-display":"","ast-hfb-mobile-header-display":"","site-post-title":"","ast-breadcrumbs-content":"","ast-featured-img":"","footer-sml-layout":"","ast-disable-related-posts":"","theme-transparent-header-meta":"default","adv-header-id-meta":"","stick-header-meta":"","header-above-stick-meta":"","header-main-stick-meta":"","header-below-stick-meta":"","astra-migrate-meta-layouts":"set","ast-page-background-enabled":"default","ast-page-background-meta":{"desktop":{"background-color":"var(--ast-global-color-4)","background-image":"","background-repeat":"repeat","background-position":"center center","background-size":"auto","background-attachment":"scroll","background-type":"","background-media":"","overlay-type":"","overlay-color":"","overlay-opacity":"","overlay-gradient":""},"tablet":{"background-color":"","background-image":"","background-repeat":"repeat","background-position":"center center","background-size":"auto","background-attachment":"scroll","background-type":"","background-media":"","overlay-type":"","overlay-color":"","overlay-opacity":"","overlay-gradient":""},"mobile":{"background-color":"","background-image":"","background-repeat":"repeat","background-position":"center center","background-size":"auto","background-attachment":"scroll","background-type":"","background-media":"","overlay-type":"","overlay-color":"","overlay-opacity":"","overlay-gradient":""}},"ast-content-background-meta":{"desktop":{"background-color":"var(--ast-global-color-5)","background-image":"","background-repeat":"repeat","background-position":"center center","background-size":"auto","background-attachment":"scroll","background-type":"","background-media":"","overlay-type":"","overlay-color":"","overlay-opacity":"","overlay-gradient":""},"tablet":{"background-color":"var(--ast-global-color-5)","background-image":"","background-repeat":"repeat","background-position":"center center","background-size":"auto","background-attachment":"scroll","background-type":"","background-media":"","overlay-type":"","overlay-color":"","overlay-opacity":"","overlay-gradient":""},"mobile":{"background-color":"var(--ast-global-color-5)","background-image":"","background-repeat":"repeat","background-position":"center center","background-size":"auto","background-attachment":"scroll","background-type":"","background-media":"","overlay-type":"","overlay-color":"","overlay-opacity":"","overlay-gradient":""}}},"product_brand":[],"product_cat":[49,44],"product_tag":[],"class_list":{"0":"post-174963","1":"product","2":"type-product","3":"status-publish","4":"has-post-thumbnail","6":"product_cat-cajas","7":"product_cat-electronica","8":"product_shipping_class-caja","9":"desktop-align-left","10":"tablet-align-left","11":"mobile-align-left","13":"first","14":"outofstock","15":"sale","16":"downloadable","17":"taxable","18":"shipping-taxable","19":"purchasable","20":"product-type-simple"},"yoast_head":"<!-- This site is optimized with the Yoast SEO plugin v27.5 - https:\/\/yoast.com\/product\/yoast-seo-wordpress\/ -->\n<title>Caja de Electr\u00f3nica [30 productos] (spNVX1XPLTC) - Comprardevoluciones - Tu tienda de Devoluciones de Amazon<\/title>\n<meta name=\"robots\" content=\"noindex, follow\" \/>\n<meta property=\"og:locale\" content=\"pt_PT\" \/>\n<meta property=\"og:type\" content=\"article\" \/>\n<meta property=\"og:title\" content=\"Caja de Electr\u00f3nica [30 productos] (spNVX1XPLTC) - Comprardevoluciones - Tu tienda de Devoluciones de Amazon\" \/>\n<meta property=\"og:description\" content=\"Caja de Electr\u00f3nica sin revisar procedente de devoluciones de marketplaces   N\u00famero de productos: 30  Valor aproximado: 7.768 \u20ac  Porcentaje que se paga: 21% + IVA  Tiempo de entrega estimado: 3 a 7 d\u00edas  *Los precios incluyen IVA\" \/>\n<meta property=\"og:url\" content=\"https:\/\/comprardevoluciones.com\/producto\/spnvx1xpltc\/\" \/>\n<meta property=\"og:site_name\" content=\"Comprardevoluciones - Tu tienda de Devoluciones de Amazon\" \/>\n<meta property=\"article:modified_time\" content=\"2026-05-04T09:28:40+00:00\" \/>\n<meta property=\"og:image\" content=\"https:\/\/comprardevoluciones.com\/wp-content\/uploads\/2026\/03\/spNVX1XPLTC.jpg\" \/>\n\t<meta property=\"og:image:width\" content=\"700\" \/>\n\t<meta property=\"og:image:height\" content=\"700\" \/>\n\t<meta property=\"og:image:type\" content=\"image\/jpeg\" \/>\n<meta name=\"twitter:card\" content=\"summary_large_image\" \/>\n<meta name=\"twitter:label1\" content=\"Tempo estimado de leitura\" \/>\n\t<meta name=\"twitter:data1\" content=\"5 minutos\" \/>\n<script type=\"application\/ld+json\" class=\"yoast-schema-graph\">{\"@context\":\"https:\\\/\\\/schema.org\",\"@graph\":[{\"@type\":\"WebPage\",\"@id\":\"https:\\\/\\\/comprardevoluciones.com\\\/producto\\\/spnvx1xpltc\\\/\",\"url\":\"https:\\\/\\\/comprardevoluciones.com\\\/producto\\\/spnvx1xpltc\\\/\",\"name\":\"Caja de Electr\u00f3nica [30 productos] (spNVX1XPLTC) - Comprardevoluciones - Tu tienda de Devoluciones de Amazon\",\"isPartOf\":{\"@id\":\"https:\\\/\\\/comprardevoluciones.com\\\/#website\"},\"primaryImageOfPage\":{\"@id\":\"https:\\\/\\\/comprardevoluciones.com\\\/producto\\\/spnvx1xpltc\\\/#primaryimage\"},\"image\":{\"@id\":\"https:\\\/\\\/comprardevoluciones.com\\\/producto\\\/spnvx1xpltc\\\/#primaryimage\"},\"thumbnailUrl\":\"https:\\\/\\\/comprardevoluciones.com\\\/wp-content\\\/uploads\\\/2026\\\/03\\\/spNVX1XPLTC.jpg\",\"datePublished\":\"2026-05-04T09:00:23+00:00\",\"dateModified\":\"2026-05-04T09:28:40+00:00\",\"breadcrumb\":{\"@id\":\"https:\\\/\\\/comprardevoluciones.com\\\/producto\\\/spnvx1xpltc\\\/#breadcrumb\"},\"inLanguage\":\"pt-PT\",\"potentialAction\":[{\"@type\":\"ReadAction\",\"target\":[\"https:\\\/\\\/comprardevoluciones.com\\\/producto\\\/spnvx1xpltc\\\/\"]}]},{\"@type\":\"ImageObject\",\"inLanguage\":\"pt-PT\",\"@id\":\"https:\\\/\\\/comprardevoluciones.com\\\/producto\\\/spnvx1xpltc\\\/#primaryimage\",\"url\":\"https:\\\/\\\/comprardevoluciones.com\\\/wp-content\\\/uploads\\\/2026\\\/03\\\/spNVX1XPLTC.jpg\",\"contentUrl\":\"https:\\\/\\\/comprardevoluciones.com\\\/wp-content\\\/uploads\\\/2026\\\/03\\\/spNVX1XPLTC.jpg\",\"width\":700,\"height\":700},{\"@type\":\"BreadcrumbList\",\"@id\":\"https:\\\/\\\/comprardevoluciones.com\\\/producto\\\/spnvx1xpltc\\\/#breadcrumb\",\"itemListElement\":[{\"@type\":\"ListItem\",\"position\":1,\"name\":\"Portada\",\"item\":\"https:\\\/\\\/comprardevoluciones.com\\\/\"},{\"@type\":\"ListItem\",\"position\":2,\"name\":\"Loja\",\"item\":\"https:\\\/\\\/comprardevoluciones.com\\\/tienda\\\/\"},{\"@type\":\"ListItem\",\"position\":3,\"name\":\"Caja de Electr\u00f3nica [30 productos] (spNVX1XPLTC)\"}]},{\"@type\":\"WebSite\",\"@id\":\"https:\\\/\\\/comprardevoluciones.com\\\/#website\",\"url\":\"https:\\\/\\\/comprardevoluciones.com\\\/\",\"name\":\"Comprardevoluciones - Tu tienda de Devoluciones de Amazon\",\"description\":\"Consigue Stock en buen estado a un precio imbatible\",\"potentialAction\":[{\"@type\":\"SearchAction\",\"target\":{\"@type\":\"EntryPoint\",\"urlTemplate\":\"https:\\\/\\\/comprardevoluciones.com\\\/?s={search_term_string}\"},\"query-input\":{\"@type\":\"PropertyValueSpecification\",\"valueRequired\":true,\"valueName\":\"search_term_string\"}}],\"inLanguage\":\"pt-PT\"}]}<\/script>\n<!-- \/ Yoast SEO plugin. -->","yoast_head_json":{"title":"Caja de Electr\u00f3nica [30 productos] (spNVX1XPLTC) - Comprardevoluciones - Tu tienda de Devoluciones de Amazon","robots":{"index":"noindex","follow":"follow"},"og_locale":"pt_PT","og_type":"article","og_title":"Caja de Electr\u00f3nica [30 productos] (spNVX1XPLTC) - Comprardevoluciones - Tu tienda de Devoluciones de Amazon","og_description":"Caja de Electr\u00f3nica sin revisar procedente de devoluciones de marketplaces   N\u00famero de productos: 30  Valor aproximado: 7.768 \u20ac  Porcentaje que se paga: 21% + IVA  Tiempo de entrega estimado: 3 a 7 d\u00edas  *Los precios incluyen IVA","og_url":"https:\/\/comprardevoluciones.com\/producto\/spnvx1xpltc\/","og_site_name":"Comprardevoluciones - Tu tienda de Devoluciones de Amazon","article_modified_time":"2026-05-04T09:28:40+00:00","og_image":[{"width":700,"height":700,"url":"https:\/\/comprardevoluciones.com\/wp-content\/uploads\/2026\/03\/spNVX1XPLTC.jpg","type":"image\/jpeg"}],"twitter_card":"summary_large_image","twitter_misc":{"Tempo estimado de leitura":"5 minutos"},"schema":{"@context":"https:\/\/schema.org","@graph":[{"@type":"WebPage","@id":"https:\/\/comprardevoluciones.com\/producto\/spnvx1xpltc\/","url":"https:\/\/comprardevoluciones.com\/producto\/spnvx1xpltc\/","name":"Caja de Electr\u00f3nica [30 productos] (spNVX1XPLTC) - Comprardevoluciones - Tu tienda de Devoluciones de Amazon","isPartOf":{"@id":"https:\/\/comprardevoluciones.com\/#website"},"primaryImageOfPage":{"@id":"https:\/\/comprardevoluciones.com\/producto\/spnvx1xpltc\/#primaryimage"},"image":{"@id":"https:\/\/comprardevoluciones.com\/producto\/spnvx1xpltc\/#primaryimage"},"thumbnailUrl":"https:\/\/comprardevoluciones.com\/wp-content\/uploads\/2026\/03\/spNVX1XPLTC.jpg","datePublished":"2026-05-04T09:00:23+00:00","dateModified":"2026-05-04T09:28:40+00:00","breadcrumb":{"@id":"https:\/\/comprardevoluciones.com\/producto\/spnvx1xpltc\/#breadcrumb"},"inLanguage":"pt-PT","potentialAction":[{"@type":"ReadAction","target":["https:\/\/comprardevoluciones.com\/producto\/spnvx1xpltc\/"]}]},{"@type":"ImageObject","inLanguage":"pt-PT","@id":"https:\/\/comprardevoluciones.com\/producto\/spnvx1xpltc\/#primaryimage","url":"https:\/\/comprardevoluciones.com\/wp-content\/uploads\/2026\/03\/spNVX1XPLTC.jpg","contentUrl":"https:\/\/comprardevoluciones.com\/wp-content\/uploads\/2026\/03\/spNVX1XPLTC.jpg","width":700,"height":700},{"@type":"BreadcrumbList","@id":"https:\/\/comprardevoluciones.com\/producto\/spnvx1xpltc\/#breadcrumb","itemListElement":[{"@type":"ListItem","position":1,"name":"Portada","item":"https:\/\/comprardevoluciones.com\/"},{"@type":"ListItem","position":2,"name":"Loja","item":"https:\/\/comprardevoluciones.com\/tienda\/"},{"@type":"ListItem","position":3,"name":"Caja de Electr\u00f3nica [30 productos] (spNVX1XPLTC)"}]},{"@type":"WebSite","@id":"https:\/\/comprardevoluciones.com\/#website","url":"https:\/\/comprardevoluciones.com\/","name":"Comprardevoluciones - Tu tienda de Devoluciones de Amazon","description":"Consigue Stock en buen estado a un precio imbatible","potentialAction":[{"@type":"SearchAction","target":{"@type":"EntryPoint","urlTemplate":"https:\/\/comprardevoluciones.com\/?s={search_term_string}"},"query-input":{"@type":"PropertyValueSpecification","valueRequired":true,"valueName":"search_term_string"}}],"inLanguage":"pt-PT"}]}},"_links":{"self":[{"href":"https:\/\/comprardevoluciones.com\/pt-pt\/wp-json\/wp\/v2\/product\/174963","targetHints":{"allow":["GET"]}}],"collection":[{"href":"https:\/\/comprardevoluciones.com\/pt-pt\/wp-json\/wp\/v2\/product"}],"about":[{"href":"https:\/\/comprardevoluciones.com\/pt-pt\/wp-json\/wp\/v2\/types\/product"}],"wp:featuredmedia":[{"embeddable":true,"href":"https:\/\/comprardevoluciones.com\/pt-pt\/wp-json\/wp\/v2\/media\/174824"}],"wp:attachment":[{"href":"https:\/\/comprardevoluciones.com\/pt-pt\/wp-json\/wp\/v2\/media?parent=174963"}],"wp:term":[{"taxonomy":"product_brand","embeddable":true,"href":"https:\/\/comprardevoluciones.com\/pt-pt\/wp-json\/wp\/v2\/product_brand?post=174963"},{"taxonomy":"product_cat","embeddable":true,"href":"https:\/\/comprardevoluciones.com\/pt-pt\/wp-json\/wp\/v2\/product_cat?post=174963"},{"taxonomy":"product_tag","embeddable":true,"href":"https:\/\/comprardevoluciones.com\/pt-pt\/wp-json\/wp\/v2\/product_tag?post=174963"}],"curies":[{"name":"wp","href":"https:\/\/api.w.org\/{rel}","templated":true}]}}