{"id":175900,"date":"2026-04-10T10:00:13","date_gmt":"2026-04-10T09:00:13","guid":{"rendered":"https:\/\/comprardevoluciones.com\/?post_type=product&#038;p=175900"},"modified":"2026-04-09T17:12:48","modified_gmt":"2026-04-09T16:12:48","slug":"10225680","status":"publish","type":"product","link":"https:\/\/comprardevoluciones.com\/pt-pt\/producto\/10225680\/","title":{"rendered":"Pal\u00e9 de Electrodom\u00e9sticos [27 productos] (10225680)"},"content":{"rendered":"\n<p>Descripci\u00f3n y valor aproximados<\/p>\n<table>\n<tbody>\n<tr>\n<td><strong>FUENTE<\/strong><\/td>\n<td><strong>PRODUCTO<\/strong><\/td>\n<td><strong>VALOR (\u20ac)<\/strong><\/td>\n<td><strong>PAGAS (\u20ac)<\/strong><\/td>\n<\/tr>\n<tr>\n<td>MARKETPLACES<\/td>\n<td><a class=\"ljoptimizer\" href=\"https:\/\/www.amazon.es\/dp\/B09RR1C9FB?tag=amazon087683-21&amp;th=1\" target=\"_blank\" rel=\"nofollow noopener\">De&#8217;Longhi Perfetto La Specialista Arte, M\u00e1quina de Caf\u00e9 Espresso y Cappuccino con Bomba, M\u00e1quina de Caf\u00e9 en Grano, 3 Recetas Predefinidas, 8 Ajustes de Molienda, EC9155.MB, Metal\/Negro<\/a><\/td>\n<td>359 \u20ac<\/td>\n<td>90 \u20ac<\/td>\n<\/tr>\n<tr>\n<td>MARKETPLACES<\/td>\n<td><a class=\"ljoptimizer\" href=\"https:\/\/www.amazon.es\/dp\/B00OT1CO0U?tag=amazon087683-21&amp;th=1\" target=\"_blank\" rel=\"nofollow noopener\">Krups EA8150 Cafetera Autom\u00e1tica 15 Bares de Presi\u00f3n, 3 Niveles de Intensidad, Programa Autom\u00e1tico de Limpieza, Molinillo Integrado, Pantalla LCD, Ajustable de 20 ml a 220 ml, Tama\u00f1o \u00fanico<\/a><\/td>\n<td>452 \u20ac<\/td>\n<td>113 \u20ac<\/td>\n<\/tr>\n<tr>\n<td>MARKETPLACES<\/td>\n<td><a class=\"ljoptimizer\" href=\"https:\/\/www.amazon.es\/dp\/B0CCF5KCBQ?tag=amazon087683-21&amp;th=1\" target=\"_blank\" rel=\"nofollow noopener\">De\u2019Longhi Magnifica Start \u2013 Perfetto Cafetera Superautom\u00e1tica, LatteCrema Jarra de leche autom\u00e1tica, 4 Bebidas One-Touch, Controles Soft Touch, Negro y Gris (ECAM222.60.BG)<\/a><\/td>\n<td>400 \u20ac<\/td>\n<td>100 \u20ac<\/td>\n<\/tr>\n<tr>\n<td>MARKETPLACES<\/td>\n<td><a class=\"ljoptimizer\" href=\"https:\/\/www.amazon.es\/dp\/B07MMSHC4R?tag=amazon087683-21&amp;th=1\" target=\"_blank\" rel=\"nofollow noopener\">Philips Serie 2200 Cafetera Espresso Autom\u00e1tica &#8211; 2 Caf\u00e9s, Pantalla T\u00e1ctil, Espumador de Leche Cl\u00e1sico, Molinillo Cer\u00e1mico, Negro Mate (EP2220\/10)<\/a><\/td>\n<td>355 \u20ac<\/td>\n<td>89 \u20ac<\/td>\n<\/tr>\n<tr>\n<td>MARKETPLACES<\/td>\n<td><a class=\"ljoptimizer\" href=\"https:\/\/www.amazon.es\/dp\/B06WD7Z8GD?tag=amazon087683-21&amp;th=1\" target=\"_blank\" rel=\"nofollow noopener\">De&#8217;Longhi Dedica &#8211; Cafetera de Bomba de Acero Inoxidable para Caf\u00e9 Molido o Monodosis, Cafetera para Espresso y Cappuccino, Dep\u00f3sito de 1.3 Litros, Sistema Anti-goteo, EC685.R, Rojo<\/a><\/td>\n<td>215 \u20ac<\/td>\n<td>54 \u20ac<\/td>\n<\/tr>\n<tr>\n<td>MARKETPLACES<\/td>\n<td><a class=\"ljoptimizer\" href=\"https:\/\/www.amazon.es\/dp\/B07GXS35PG?tag=amazon087683-21&amp;th=1\" target=\"_blank\" rel=\"nofollow noopener\">BISSELL SpotClean ProHeat, Aspiradora de Agua Tapiceria, Lava Aspiradora con Tecnolog\u00eda HeatWave, Limpiador de Liquidos para Alfombras, Tapiceria, Sofa, Autos y M\u00e1s, Motor Potente de 330W, 36988<\/a><\/td>\n<td>204 \u20ac<\/td>\n<td>51 \u20ac<\/td>\n<\/tr>\n<tr>\n<td>MARKETPLACES<\/td>\n<td><a class=\"ljoptimizer\" href=\"https:\/\/www.amazon.es\/dp\/B0BQ1HRFMW?tag=amazon087683-21&amp;th=1\" target=\"_blank\" rel=\"nofollow noopener\">Cecotec Cafetera S\u00faperautom\u00e1tica Compacta Cumbia Cremmaet Compact Steam. 1350W, 19 Bares, Thermoblock, Plug&amp;Play, Caf\u00e9 personalizado, 5 Niveles molienda, Autolimpieza, Vaporizador<\/a><\/td>\n<td>199 \u20ac<\/td>\n<td>50 \u20ac<\/td>\n<\/tr>\n<tr>\n<td>MARKETPLACES<\/td>\n<td><a class=\"ljoptimizer\" href=\"https:\/\/www.amazon.es\/dp\/B09T3MML1D?tag=amazon087683-21&amp;th=1\" target=\"_blank\" rel=\"nofollow noopener\">Rowenta XPert 6.60 Flex, Aspiradora escoba sin cable, Con 3 funciones en 1, Autonom\u00eda de 45 minutos, Bater\u00eda de litio, Tubo flexible, F\u00e1cil acceso diferentes superficies, Color Negro\/Rojo, RH6471<\/a><\/td>\n<td>196 \u20ac<\/td>\n<td>49 \u20ac<\/td>\n<\/tr>\n<tr>\n<td>MARKETPLACES<\/td>\n<td><a class=\"ljoptimizer\" href=\"https:\/\/www.amazon.es\/dp\/B0D9PPV1YY?tag=amazon087683-21&amp;th=1\" target=\"_blank\" rel=\"nofollow noopener\">Rowenta XPert 6.60 &#8211; Aspiradora escoba vers\u00e1til sin cable, con 3 funciones en 1 multiespacios, bater\u00eda de litio, 2 velocidades, gatillo Boost, ligero y portatil, Azul oscuro RH6831<\/a><\/td>\n<td>177 \u20ac<\/td>\n<td>44 \u20ac<\/td>\n<\/tr>\n<tr>\n<td>MARKETPLACES<\/td>\n<td><a class=\"ljoptimizer\" href=\"https:\/\/www.amazon.es\/dp\/B0BPYXV2SY?tag=amazon087683-21&amp;th=1\" target=\"_blank\" rel=\"nofollow noopener\">Cecotec Limpiador Aspirador de Tapicer\u00edas y Alfombras, Aspiradora de Trineo Conga CarpetClean 10000 EasyHome. 800W, Dep\u00f3sito de Agua Limpia 3L y Agua Sucia 1,5L, Multisuperficie, Kit Accesorios<\/a><\/td>\n<td>167 \u20ac<\/td>\n<td>42 \u20ac<\/td>\n<\/tr>\n<tr>\n<td>MARKETPLACES<\/td>\n<td><a class=\"ljoptimizer\" href=\"https:\/\/www.amazon.es\/dp\/B06WGTZ874?tag=amazon087683-21&amp;th=1\" target=\"_blank\" rel=\"nofollow noopener\">De&#8217;Longhi Dedica &#8211; Cafetera de Bomba de Acero Inoxidable para Caf\u00e9 Molido o Monodosis, Cafetera para Espresso y Cappuccino, Dep\u00f3sito de 1.3 Litros, Sistema Anti-goteo, EC685.M, Metal<\/a><\/td>\n<td>158 \u20ac<\/td>\n<td>39 \u20ac<\/td>\n<\/tr>\n<tr>\n<td>MARKETPLACES<\/td>\n<td><a class=\"ljoptimizer\" href=\"https:\/\/www.amazon.es\/dp\/B06WGTZ874?tag=amazon087683-21&amp;th=1\" target=\"_blank\" rel=\"nofollow noopener\">De&#8217;Longhi Dedica &#8211; Cafetera de Bomba de Acero Inoxidable para Caf\u00e9 Molido o Monodosis, Cafetera para Espresso y Cappuccino, Dep\u00f3sito de 1.3 Litros, Sistema Anti-goteo, EC685.M, Metal<\/a><\/td>\n<td>158 \u20ac<\/td>\n<td>39 \u20ac<\/td>\n<\/tr>\n<tr>\n<td>MARKETPLACES<\/td>\n<td><a class=\"ljoptimizer\" href=\"https:\/\/www.amazon.es\/dp\/B06X3Z9MF3?tag=amazon087683-21&amp;th=1\" target=\"_blank\" rel=\"nofollow noopener\">De&#8217;Longhi Dedica &#8211; Cafetera de Bomba de Acero Inoxidable para Caf\u00e9 Molido o Monodosis, Cafetera para Espresso y Cappuccino, Dep\u00f3sito de 1.3 Litros, Sistema Anti-goteo, EC685.BK, Negro<\/a><\/td>\n<td>155 \u20ac<\/td>\n<td>39 \u20ac<\/td>\n<\/tr>\n<tr>\n<td>MARKETPLACES<\/td>\n<td><a class=\"ljoptimizer\" href=\"https:\/\/www.amazon.es\/dp\/B07JJ2TY9Q?tag=amazon087683-21&amp;th=1\" target=\"_blank\" rel=\"nofollow noopener\">Cecotec Radiador El\u00e9ctrico Bajo Consumo Ready Warm 2500 Thermal. 12 Elementos, 1800W, De pared o pie, 3 Modos, Temporizador, Mando a Distancia, Pantalla, Blanco<\/a><\/td>\n<td>149 \u20ac<\/td>\n<td>37 \u20ac<\/td>\n<\/tr>\n<tr>\n<td>MARKETPLACES<\/td>\n<td><a class=\"ljoptimizer\" href=\"https:\/\/www.amazon.es\/dp\/B07JJ2TY9Q?tag=amazon087683-21&amp;th=1\" target=\"_blank\" rel=\"nofollow noopener\">Cecotec Radiador El\u00e9ctrico Bajo Consumo Ready Warm 2500 Thermal. 12 Elementos, 1800W, De pared o pie, 3 Modos, Temporizador, Mando a Distancia, Pantalla, Blanco<\/a><\/td>\n<td>149 \u20ac<\/td>\n<td>37 \u20ac<\/td>\n<\/tr>\n<tr>\n<td>MARKETPLACES<\/td>\n<td><a class=\"ljoptimizer\" href=\"https:\/\/www.amazon.es\/dp\/B06WD7Z8GD?tag=amazon087683-21&amp;th=1\" target=\"_blank\" rel=\"nofollow noopener\">De&#8217;Longhi Dedica EC685.R Macchina Caff\u00e8 Espresso Manuale, Caff\u00e8 Polvere o Cialde E.S.E., Montalatte classico per Cappuccini, Spegnimento Automatico, Serbatoio 1L, Filtro Singolo\/Doppio, Rosso<\/a><\/td>\n<td>148 \u20ac<\/td>\n<td>37 \u20ac<\/td>\n<\/tr>\n<tr>\n<td>MARKETPLACES<\/td>\n<td><a class=\"ljoptimizer\" href=\"https:\/\/www.amazon.es\/dp\/B0DJFDTRYZ?tag=amazon087683-21&amp;th=1\" target=\"_blank\" rel=\"nofollow noopener\">Cosori Freidora de Aire Pr\u00e1ctica 6,2L con Ventana Air Fryer 1700W, Tecnolog\u00eda Rapid Air, 55% Menos Energ\u00eda, 13 Autom\u00e1ticos Modos,Uso F\u00e1cil, LED Panel T\u00e1ctil, Acero Inox Interior, Hasta 205\u00baC y 60 Min<\/a><\/td>\n<td>100 \u20ac<\/td>\n<td>25 \u20ac<\/td>\n<\/tr>\n<tr>\n<td>MARKETPLACES<\/td>\n<td><a class=\"ljoptimizer\" href=\"https:\/\/www.amazon.es\/dp\/B07YLPVNNC?tag=amazon087683-21&amp;th=1\" target=\"_blank\" rel=\"nofollow noopener\">Cecotec Cafetera Express con Man\u00f3metro Cafelizzia 790 Shiny Pro. Brazo con Doble Salida y Dos filtros, 20bares de Presi\u00f3n, Dep\u00f3sito extra\u00edble de 1,2L, 1350W, Rojo<\/a><\/td>\n<td>93 \u20ac<\/td>\n<td>23 \u20ac<\/td>\n<\/tr>\n<tr>\n<td>MARKETPLACES<\/td>\n<td><a class=\"ljoptimizer\" href=\"https:\/\/www.amazon.es\/dp\/B07YLN1KR6?tag=amazon087683-21&amp;th=1\" target=\"_blank\" rel=\"nofollow noopener\">Cecotec Cafetera Express Power Espresso 20 Tradizionale para espressos y cappuccinos, r\u00e1pido Sistema de Calentamiento por thermoblock, 20 Bares, man\u00f3metro PressurePro y vaporizador orientable<\/a><\/td>\n<td>83 \u20ac<\/td>\n<td>21 \u20ac<\/td>\n<\/tr>\n<tr>\n<td>MARKETPLACES<\/td>\n<td><a class=\"ljoptimizer\" href=\"https:\/\/www.amazon.es\/dp\/B086J978R1?tag=amazon087683-21&amp;th=1\" target=\"_blank\" rel=\"nofollow noopener\">OSTBA &#8211; Cortafiambres El\u00e9ctrico OSTBA, Maquina de Cortar Fiambre, 150W, Cuchillas de Acero Inoxidable, Sistema Protector de Manos, Sistema Extrafino de Corte para Embutido<\/a><\/td>\n<td>80 \u20ac<\/td>\n<td>20 \u20ac<\/td>\n<\/tr>\n<tr>\n<td>MARKETPLACES<\/td>\n<td><a class=\"ljoptimizer\" href=\"https:\/\/www.amazon.es\/dp\/B07HC83H94?tag=amazon087683-21&amp;th=1\" target=\"_blank\" rel=\"nofollow noopener\">Cecotec Forno a Microonde ProClean 5020, 700 W, 20 L, rivestimento Ready2Clean, tecnologia 3DWave, design effetto specchio, manico in acciaio inossidabile, 8 programmi, specchio inossidabile<\/a><\/td>\n<td>75 \u20ac<\/td>\n<td>19 \u20ac<\/td>\n<\/tr>\n<tr>\n<td>MARKETPLACES<\/td>\n<td><a class=\"ljoptimizer\" href=\"https:\/\/www.amazon.es\/dp\/B0CJLTYYQB?tag=amazon087683-21&amp;th=1\" target=\"_blank\" rel=\"nofollow noopener\">COLAZE Deshumidificador, 12L\/d\u00eda Deshumificadores de humedad, Deshumidificador El\u00e9ctrico Silencioso, Ideal para, Ba\u00f1os, Dormitorios, S\u00f3tanos, 24H Timer &amp; Drenaje Continuo<\/a><\/td>\n<td>73 \u20ac<\/td>\n<td>18 \u20ac<\/td>\n<\/tr>\n<tr>\n<td>MARKETPLACES<\/td>\n<td><a class=\"ljoptimizer\" href=\"https:\/\/www.amazon.es\/dp\/B0BFB5HJCT?tag=amazon087683-21&amp;th=1\" target=\"_blank\" rel=\"nofollow noopener\">Cecotec Freidora de Aire sin Aceite de 5,5 L Air Fryer Cecofry Full InoxBlack 5500 Pro con Accesorios. 1700 W, Diet\u00e9tica y Digital, T\u00e1ctil, Acabados en Acero Inox, 8 Modos, Pack de Accesorios<\/a><\/td>\n<td>71 \u20ac<\/td>\n<td>18 \u20ac<\/td>\n<\/tr>\n<tr>\n<td>MARKETPLACES<\/td>\n<td><a class=\"ljoptimizer\" href=\"https:\/\/www.amazon.es\/dp\/B0BGMDW4PN?tag=amazon087683-21&amp;th=1\" target=\"_blank\" rel=\"nofollow noopener\">BEL AIR HOME &#8211; Ventilador Plaf\u00f3n KABUL &#8211; Motor DC 4 Velocidades &#8211; Luz LED 72W 3000K-6000K &#8211; Rejilla Giratoria &#8211; Mando a Distancia &#8211; Ideal para Habitaciones Peque\u00f1as y Medianas, Blanco, Metal<\/a><\/td>\n<td>58 \u20ac<\/td>\n<td>14 \u20ac<\/td>\n<\/tr>\n<tr>\n<td>MARKETPLACES<\/td>\n<td><a class=\"ljoptimizer\" href=\"https:\/\/www.amazon.es\/dp\/B09HV985NF?tag=amazon087683-21&amp;th=1\" target=\"_blank\" rel=\"nofollow noopener\">Cecotec Plancha de Asar El\u00e9ctrica Tasty&amp;Grill 3000 RockWater XXL. 2400 W, Gran superficie 90x22cm, Revestimiento Piedra RockStone, Antiadherente, Termostato Regulable<\/a><\/td>\n<td>55 \u20ac<\/td>\n<td>14 \u20ac<\/td>\n<\/tr>\n<tr>\n<td>MARKETPLACES<\/td>\n<td><a class=\"ljoptimizer\" href=\"https:\/\/www.amazon.es\/dp\/B0DSQ5YWGX?tag=amazon087683-21&amp;th=1\" target=\"_blank\" rel=\"nofollow noopener\">Ariete 3919 Vintage Horno 10L para hornear o calentar alimentos, temperatura hasta 230 \u00b0C, temporizador de 60 minutos, parrilla de acero inoxidable, 800 W, doble acristalamiento, color verde<\/a><\/td>\n<td>50 \u20ac<\/td>\n<td>13 \u20ac<\/td>\n<\/tr>\n<tr>\n<td>MARKETPLACES<\/td>\n<td><a class=\"ljoptimizer\" href=\"https:\/\/www.amazon.es\/dp\/B0DFYYPDKX?tag=amazon087683-21&amp;th=1\" target=\"_blank\" rel=\"nofollow noopener\">Princess Pizza Maker &#8211; \u00d8 32 cm &#8211; Termostato regulable &#8211; Multifuncional &#8211; Incluye funci\u00f3n grill &#8211; hasta 200\u00b0C &#8211; 115007<\/a><\/td>\n<td>50 \u20ac<\/td>\n<td>12 \u20ac<\/td>\n<\/tr>\n<\/tbody>\n<\/table>\n","protected":false},"excerpt":{"rendered":"<p>Pal\u00e9 de Electrodom\u00e9sticos sin revisar procedente de devoluciones de marketplaces<\/p>\n<ul>\n<li>N\u00famero de productos: 27<\/li>\n<li>Valor aproximado: 4429.00<\/li>\n<li>Porcentaje que se paga: 21% + IVA<\/li>\n<li>Tiempo de entrega estimado: 3 a 7 d\u00edas<\/li>\n<\/ul>\n<p>  *Los precios incluyen IVA<\/p>\n","protected":false},"featured_media":175565,"template":"","meta":{"site-sidebar-layout":"default","site-content-layout":"","ast-site-content-layout":"default","site-content-style":"default","site-sidebar-style":"default","ast-global-header-display":"","ast-banner-title-visibility":"","ast-main-header-display":"","ast-hfb-above-header-display":"","ast-hfb-below-header-display":"","ast-hfb-mobile-header-display":"","site-post-title":"","ast-breadcrumbs-content":"","ast-featured-img":"","footer-sml-layout":"","ast-disable-related-posts":"","theme-transparent-header-meta":"default","adv-header-id-meta":"","stick-header-meta":"","header-above-stick-meta":"","header-main-stick-meta":"","header-below-stick-meta":"","astra-migrate-meta-layouts":"set","ast-page-background-enabled":"default","ast-page-background-meta":{"desktop":{"background-color":"var(--ast-global-color-4)","background-image":"","background-repeat":"repeat","background-position":"center center","background-size":"auto","background-attachment":"scroll","background-type":"","background-media":"","overlay-type":"","overlay-color":"","overlay-opacity":"","overlay-gradient":""},"tablet":{"background-color":"","background-image":"","background-repeat":"repeat","background-position":"center center","background-size":"auto","background-attachment":"scroll","background-type":"","background-media":"","overlay-type":"","overlay-color":"","overlay-opacity":"","overlay-gradient":""},"mobile":{"background-color":"","background-image":"","background-repeat":"repeat","background-position":"center center","background-size":"auto","background-attachment":"scroll","background-type":"","background-media":"","overlay-type":"","overlay-color":"","overlay-opacity":"","overlay-gradient":""}},"ast-content-background-meta":{"desktop":{"background-color":"var(--ast-global-color-5)","background-image":"","background-repeat":"repeat","background-position":"center center","background-size":"auto","background-attachment":"scroll","background-type":"","background-media":"","overlay-type":"","overlay-color":"","overlay-opacity":"","overlay-gradient":""},"tablet":{"background-color":"var(--ast-global-color-5)","background-image":"","background-repeat":"repeat","background-position":"center center","background-size":"auto","background-attachment":"scroll","background-type":"","background-media":"","overlay-type":"","overlay-color":"","overlay-opacity":"","overlay-gradient":""},"mobile":{"background-color":"var(--ast-global-color-5)","background-image":"","background-repeat":"repeat","background-position":"center center","background-size":"auto","background-attachment":"scroll","background-type":"","background-media":"","overlay-type":"","overlay-color":"","overlay-opacity":"","overlay-gradient":""}}},"product_brand":[],"product_cat":[51,65],"product_tag":[],"class_list":{"0":"post-175900","1":"product","2":"type-product","3":"status-publish","4":"has-post-thumbnail","6":"product_cat-electrodomesticos","7":"product_cat-pales","8":"product_shipping_class-pale","9":"desktop-align-left","10":"tablet-align-left","11":"mobile-align-left","13":"first","14":"instock","15":"sale","16":"downloadable","17":"taxable","18":"shipping-taxable","19":"purchasable","20":"product-type-simple"},"yoast_head":"<!-- This site is optimized with the Yoast SEO plugin v27.2 - https:\/\/yoast.com\/product\/yoast-seo-wordpress\/ -->\n<title>Pal\u00e9 de Electrodom\u00e9sticos [27 productos] (10225680) - Comprardevoluciones - Tu tienda de Devoluciones de Amazon<\/title>\n<meta name=\"robots\" content=\"noindex, follow\" \/>\n<meta property=\"og:locale\" content=\"pt_PT\" \/>\n<meta property=\"og:type\" content=\"article\" \/>\n<meta property=\"og:title\" content=\"Pal\u00e9 de Electrodom\u00e9sticos [27 productos] (10225680) - Comprardevoluciones - Tu tienda de Devoluciones de Amazon\" \/>\n<meta property=\"og:description\" content=\"Pal\u00e9 de Electrodom\u00e9sticos sin revisar procedente de devoluciones de marketplaces   N\u00famero de productos: 27   Valor aproximado: 4429.00   Porcentaje que se paga: 21% + IVA   Tiempo de entrega estimado: 3 a 7 d\u00edas    *Los precios incluyen IVA\" \/>\n<meta property=\"og:url\" content=\"https:\/\/comprardevoluciones.com\/producto\/10225680\/\" \/>\n<meta property=\"og:site_name\" content=\"Comprardevoluciones - Tu tienda de Devoluciones de Amazon\" \/>\n<meta property=\"og:image\" content=\"https:\/\/comprardevoluciones.com\/wp-content\/uploads\/2026\/03\/10225680.jpg\" \/>\n\t<meta property=\"og:image:width\" content=\"700\" \/>\n\t<meta property=\"og:image:height\" content=\"700\" \/>\n\t<meta property=\"og:image:type\" content=\"image\/jpeg\" \/>\n<meta name=\"twitter:card\" content=\"summary_large_image\" \/>\n<meta name=\"twitter:label1\" content=\"Tempo estimado de leitura\" \/>\n\t<meta name=\"twitter:data1\" content=\"4 minutos\" \/>\n<script type=\"application\/ld+json\" class=\"yoast-schema-graph\">{\"@context\":\"https:\/\/schema.org\",\"@graph\":[{\"@type\":\"WebPage\",\"@id\":\"https:\/\/comprardevoluciones.com\/producto\/10225680\/\",\"url\":\"https:\/\/comprardevoluciones.com\/producto\/10225680\/\",\"name\":\"Pal\u00e9 de Electrodom\u00e9sticos [27 productos] (10225680) - Comprardevoluciones - Tu tienda de Devoluciones de Amazon\",\"isPartOf\":{\"@id\":\"https:\/\/comprardevoluciones.com\/#website\"},\"primaryImageOfPage\":{\"@id\":\"https:\/\/comprardevoluciones.com\/producto\/10225680\/#primaryimage\"},\"image\":{\"@id\":\"https:\/\/comprardevoluciones.com\/producto\/10225680\/#primaryimage\"},\"thumbnailUrl\":\"https:\/\/comprardevoluciones.com\/wp-content\/uploads\/2026\/03\/10225680.jpg\",\"datePublished\":\"2026-04-10T09:00:13+00:00\",\"breadcrumb\":{\"@id\":\"https:\/\/comprardevoluciones.com\/producto\/10225680\/#breadcrumb\"},\"inLanguage\":\"pt-PT\",\"potentialAction\":[{\"@type\":\"ReadAction\",\"target\":[\"https:\/\/comprardevoluciones.com\/producto\/10225680\/\"]}]},{\"@type\":\"ImageObject\",\"inLanguage\":\"pt-PT\",\"@id\":\"https:\/\/comprardevoluciones.com\/producto\/10225680\/#primaryimage\",\"url\":\"https:\/\/comprardevoluciones.com\/wp-content\/uploads\/2026\/03\/10225680.jpg\",\"contentUrl\":\"https:\/\/comprardevoluciones.com\/wp-content\/uploads\/2026\/03\/10225680.jpg\",\"width\":700,\"height\":700},{\"@type\":\"BreadcrumbList\",\"@id\":\"https:\/\/comprardevoluciones.com\/producto\/10225680\/#breadcrumb\",\"itemListElement\":[{\"@type\":\"ListItem\",\"position\":1,\"name\":\"Portada\",\"item\":\"https:\/\/comprardevoluciones.com\/\"},{\"@type\":\"ListItem\",\"position\":2,\"name\":\"Loja\",\"item\":\"https:\/\/comprardevoluciones.com\/tienda\/\"},{\"@type\":\"ListItem\",\"position\":3,\"name\":\"Pal\u00e9 de Electrodom\u00e9sticos [27 productos] (10225680)\"}]},{\"@type\":\"WebSite\",\"@id\":\"https:\/\/comprardevoluciones.com\/#website\",\"url\":\"https:\/\/comprardevoluciones.com\/\",\"name\":\"Comprardevoluciones - Tu tienda de Devoluciones de Amazon\",\"description\":\"Consigue Stock en buen estado a un precio imbatible\",\"potentialAction\":[{\"@type\":\"SearchAction\",\"target\":{\"@type\":\"EntryPoint\",\"urlTemplate\":\"https:\/\/comprardevoluciones.com\/?s={search_term_string}\"},\"query-input\":{\"@type\":\"PropertyValueSpecification\",\"valueRequired\":true,\"valueName\":\"search_term_string\"}}],\"inLanguage\":\"pt-PT\"}]}<\/script>\n<!-- \/ Yoast SEO plugin. -->","yoast_head_json":{"title":"Pal\u00e9 de Electrodom\u00e9sticos [27 productos] (10225680) - Comprardevoluciones - Tu tienda de Devoluciones de Amazon","robots":{"index":"noindex","follow":"follow"},"og_locale":"pt_PT","og_type":"article","og_title":"Pal\u00e9 de Electrodom\u00e9sticos [27 productos] (10225680) - Comprardevoluciones - Tu tienda de Devoluciones de Amazon","og_description":"Pal\u00e9 de Electrodom\u00e9sticos sin revisar procedente de devoluciones de marketplaces   N\u00famero de productos: 27   Valor aproximado: 4429.00   Porcentaje que se paga: 21% + IVA   Tiempo de entrega estimado: 3 a 7 d\u00edas    *Los precios incluyen IVA","og_url":"https:\/\/comprardevoluciones.com\/producto\/10225680\/","og_site_name":"Comprardevoluciones - Tu tienda de Devoluciones de Amazon","og_image":[{"width":700,"height":700,"url":"https:\/\/comprardevoluciones.com\/wp-content\/uploads\/2026\/03\/10225680.jpg","type":"image\/jpeg"}],"twitter_card":"summary_large_image","twitter_misc":{"Tempo estimado de leitura":"4 minutos"},"schema":{"@context":"https:\/\/schema.org","@graph":[{"@type":"WebPage","@id":"https:\/\/comprardevoluciones.com\/producto\/10225680\/","url":"https:\/\/comprardevoluciones.com\/producto\/10225680\/","name":"Pal\u00e9 de Electrodom\u00e9sticos [27 productos] (10225680) - Comprardevoluciones - Tu tienda de Devoluciones de Amazon","isPartOf":{"@id":"https:\/\/comprardevoluciones.com\/#website"},"primaryImageOfPage":{"@id":"https:\/\/comprardevoluciones.com\/producto\/10225680\/#primaryimage"},"image":{"@id":"https:\/\/comprardevoluciones.com\/producto\/10225680\/#primaryimage"},"thumbnailUrl":"https:\/\/comprardevoluciones.com\/wp-content\/uploads\/2026\/03\/10225680.jpg","datePublished":"2026-04-10T09:00:13+00:00","breadcrumb":{"@id":"https:\/\/comprardevoluciones.com\/producto\/10225680\/#breadcrumb"},"inLanguage":"pt-PT","potentialAction":[{"@type":"ReadAction","target":["https:\/\/comprardevoluciones.com\/producto\/10225680\/"]}]},{"@type":"ImageObject","inLanguage":"pt-PT","@id":"https:\/\/comprardevoluciones.com\/producto\/10225680\/#primaryimage","url":"https:\/\/comprardevoluciones.com\/wp-content\/uploads\/2026\/03\/10225680.jpg","contentUrl":"https:\/\/comprardevoluciones.com\/wp-content\/uploads\/2026\/03\/10225680.jpg","width":700,"height":700},{"@type":"BreadcrumbList","@id":"https:\/\/comprardevoluciones.com\/producto\/10225680\/#breadcrumb","itemListElement":[{"@type":"ListItem","position":1,"name":"Portada","item":"https:\/\/comprardevoluciones.com\/"},{"@type":"ListItem","position":2,"name":"Loja","item":"https:\/\/comprardevoluciones.com\/tienda\/"},{"@type":"ListItem","position":3,"name":"Pal\u00e9 de Electrodom\u00e9sticos [27 productos] (10225680)"}]},{"@type":"WebSite","@id":"https:\/\/comprardevoluciones.com\/#website","url":"https:\/\/comprardevoluciones.com\/","name":"Comprardevoluciones - Tu tienda de Devoluciones de Amazon","description":"Consigue Stock en buen estado a un precio imbatible","potentialAction":[{"@type":"SearchAction","target":{"@type":"EntryPoint","urlTemplate":"https:\/\/comprardevoluciones.com\/?s={search_term_string}"},"query-input":{"@type":"PropertyValueSpecification","valueRequired":true,"valueName":"search_term_string"}}],"inLanguage":"pt-PT"}]}},"_links":{"self":[{"href":"https:\/\/comprardevoluciones.com\/pt-pt\/wp-json\/wp\/v2\/product\/175900","targetHints":{"allow":["GET"]}}],"collection":[{"href":"https:\/\/comprardevoluciones.com\/pt-pt\/wp-json\/wp\/v2\/product"}],"about":[{"href":"https:\/\/comprardevoluciones.com\/pt-pt\/wp-json\/wp\/v2\/types\/product"}],"wp:featuredmedia":[{"embeddable":true,"href":"https:\/\/comprardevoluciones.com\/pt-pt\/wp-json\/wp\/v2\/media\/175565"}],"wp:attachment":[{"href":"https:\/\/comprardevoluciones.com\/pt-pt\/wp-json\/wp\/v2\/media?parent=175900"}],"wp:term":[{"taxonomy":"product_brand","embeddable":true,"href":"https:\/\/comprardevoluciones.com\/pt-pt\/wp-json\/wp\/v2\/product_brand?post=175900"},{"taxonomy":"product_cat","embeddable":true,"href":"https:\/\/comprardevoluciones.com\/pt-pt\/wp-json\/wp\/v2\/product_cat?post=175900"},{"taxonomy":"product_tag","embeddable":true,"href":"https:\/\/comprardevoluciones.com\/pt-pt\/wp-json\/wp\/v2\/product_tag?post=175900"}],"curies":[{"name":"wp","href":"https:\/\/api.w.org\/{rel}","templated":true}]}}