{"id":176839,"date":"2026-04-13T10:00:10","date_gmt":"2026-04-13T09:00:10","guid":{"rendered":"https:\/\/comprardevoluciones.com\/?post_type=product&#038;p=176839"},"modified":"2026-04-13T10:21:23","modified_gmt":"2026-04-13T09:21:23","slug":"10224793","status":"publish","type":"product","link":"https:\/\/comprardevoluciones.com\/pt-pt\/producto\/10224793\/","title":{"rendered":"Pal\u00e9 de Beb\u00e9 [16 productos] (10224793)"},"content":{"rendered":"<p>Descripci\u00f3n y valor aproximados<\/p>\n<table>\n<tbody>\n<tr>\n<td><strong>FUENTE<\/strong><\/td>\n<td><strong>PRODUCTO<\/strong><\/td>\n<td><strong>VALOR (\u20ac)<\/strong><\/td>\n<td><strong>PAGAS (\u20ac)<\/strong><\/td>\n<\/tr>\n<tr>\n<td>MARKETPLACES<\/td>\n<td><a class=\"ljoptimizer\" href=\"https:\/\/www.amazon.es\/dp\/B0DJMCGDP8?tag=amazon087683-21&amp;th=1\" target=\"_blank\" rel=\"nofollow noopener\">CYBEX Gold Kinder-Autositz Solution G2 Comfort, Ab ca. 3 bis 12 Jahre (100 &#8211; 150 cm), Max. 50 kg, F\u00fcr Autos mit und ohne ISOFIX, Magic Black (Schwarz)<\/a><\/td>\n<td>149 \u20ac<\/td>\n<td>48 \u20ac<\/td>\n<\/tr>\n<tr>\n<td>MARKETPLACES<\/td>\n<td><a class=\"ljoptimizer\" href=\"https:\/\/www.amazon.es\/dp\/B0FX5HHMRD?tag=amazon087683-21&amp;th=1\" target=\"_blank\" rel=\"nofollow noopener\">KikkaBoo Silla de Paseo Ligera URBAN, Carrito Bebe Desde Nacimiento Hasta 22 kg, Plegado con Una Mano, Reclinable y Compacto, Ruedas EVA Con Suspensi\u00f3n, Manillar Ajustable, Gris Oscuro<\/a><\/td>\n<td>147 \u20ac<\/td>\n<td>47 \u20ac<\/td>\n<\/tr>\n<tr>\n<td>MARKETPLACES<\/td>\n<td><a class=\"ljoptimizer\" href=\"https:\/\/www.amazon.es\/dp\/B0CV4RLD9H?tag=amazon087683-21&amp;th=1\" target=\"_blank\" rel=\"nofollow noopener\">KikkaBoo Silla de Paseo Ligera CIELA, Carrito Beb\u00e9 Compacto hasta 22 kg, Plegado Autom\u00e1tico, Reclinable, Superligero, Tama\u00f1o Cabina Avi\u00f3n, Negro<\/a><\/td>\n<td>125 \u20ac<\/td>\n<td>40 \u20ac<\/td>\n<\/tr>\n<tr>\n<td>MARKETPLACES<\/td>\n<td><a class=\"ljoptimizer\" href=\"https:\/\/www.amazon.es\/dp\/B09N9WXQKK?tag=amazon087683-21&amp;th=1\" target=\"_blank\" rel=\"nofollow noopener\">CYBEX ISOFIX Base, Base One, Para portabeb\u00e9s Aton B2 i-Size y Aton S2 i-Size, Negro<\/a><\/td>\n<td>104 \u20ac<\/td>\n<td>33 \u20ac<\/td>\n<\/tr>\n<tr>\n<td>MARKETPLACES<\/td>\n<td><a class=\"ljoptimizer\" href=\"https:\/\/www.amazon.es\/dp\/B0DS6C4XR8?tag=amazon087683-21&amp;th=1\" target=\"_blank\" rel=\"nofollow noopener\">KikkaBoo Silla de Coche Bebe ISOFIX Grupo 1 2 3 (9-36 kg) i-FLIT, de 15 Meses a 12 A\u00f1os, Seguridad SPS, Reposacabezas Ajustable, Top Tether, 12 Posiciones Reposacabezas, Negro<\/a><\/td>\n<td>99 \u20ac<\/td>\n<td>32 \u20ac<\/td>\n<\/tr>\n<tr>\n<td>MARKETPLACES<\/td>\n<td><a class=\"ljoptimizer\" href=\"https:\/\/www.amazon.es\/dp\/B0BYP6Q1PC?tag=amazon087683-21&amp;th=1\" target=\"_blank\" rel=\"nofollow noopener\">Kinderkraft SAFETY FIX 2 I-SIZE 75-150 cm Silla coche grupo 1 2 3 isofix, Asiento ni\u00f1o coche, Arn\u00e9s interior de 5 puntos, Reposacabezas ajustar, Asiento amplio y blando, Reductor modular, Gris<\/a><\/td>\n<td>99 \u20ac<\/td>\n<td>32 \u20ac<\/td>\n<\/tr>\n<tr>\n<td>MARKETPLACES<\/td>\n<td><a class=\"ljoptimizer\" href=\"https:\/\/www.amazon.es\/dp\/B0FGDM2ZTS?tag=amazon087683-21&amp;th=1\" target=\"_blank\" rel=\"nofollow noopener\">Kinderkraft SAFETY FIX 3 PRO 76-150 cm Kindersitz 9-36 kg, Kinderautositze mit isofix, Einstellung der Kopfst\u00fctze und R\u00fcckenlehne, extra TOP TETHER, 5 punkt gurte, Grau<\/a><\/td>\n<td>99 \u20ac<\/td>\n<td>32 \u20ac<\/td>\n<\/tr>\n<tr>\n<td>MARKETPLACES<\/td>\n<td><a class=\"ljoptimizer\" href=\"https:\/\/www.amazon.es\/dp\/B0CZTLXQLX?tag=amazon087683-21&amp;th=1\" target=\"_blank\" rel=\"nofollow noopener\">LIONELO Rio &#8211; Balanc\u00edn el\u00e9ctrico para ni\u00f1os de hasta 9 kg, respaldo ajustable, balanc\u00edn de 3 velocidades, cinturones de seguridad con coj\u00edn, melod\u00edas y sonidos de la naturaleza, arco con juguete,<\/a><\/td>\n<td>80 \u20ac<\/td>\n<td>26 \u20ac<\/td>\n<\/tr>\n<tr>\n<td>MARKETPLACES<\/td>\n<td><a class=\"ljoptimizer\" href=\"https:\/\/www.amazon.es\/dp\/B0CRYMYDXV?tag=amazon087683-21&amp;th=1\" target=\"_blank\" rel=\"nofollow noopener\">Nattou Cambiador de suave espuma de PU, Cambiador lavable, Aprox. 50 x 70 cm, Softy, Beige<\/a><\/td>\n<td>70 \u20ac<\/td>\n<td>22 \u20ac<\/td>\n<\/tr>\n<tr>\n<td>MARKETPLACES<\/td>\n<td><a class=\"ljoptimizer\" href=\"https:\/\/www.amazon.es\/dp\/B0CM411MFF?tag=amazon087683-21&amp;th=1\" target=\"_blank\" rel=\"nofollow noopener\">Kinderkraft Joy 2 Cuna de Viaje 3 en 1 para Beb\u00e9 de hasta 25 kg, Plegado r\u00e1pido y f\u00e1cil, Entrada Lateral, Bolsa de Viaje, Gris<\/a><\/td>\n<td>56 \u20ac<\/td>\n<td>18 \u20ac<\/td>\n<\/tr>\n<tr>\n<td>MARKETPLACES<\/td>\n<td><a class=\"ljoptimizer\" href=\"https:\/\/www.amazon.es\/dp\/B0CKVTPWWT?tag=amazon087683-21&amp;th=1\" target=\"_blank\" rel=\"nofollow noopener\">Kinderkraft I-SPARK Silla de coche, i-Size, para beb\u00e9, Grupo 2\/3 100-150 cm, de 3,5 a 12 a\u00f1os, de 15 a 36 kg, ligera (4,5 kg), cintur\u00f3n de seguridad de 3 puntos, Protecci\u00f3n lateral, Verde<\/a><\/td>\n<td>45 \u20ac<\/td>\n<td>14 \u20ac<\/td>\n<\/tr>\n<tr>\n<td>MARKETPLACES<\/td>\n<td><a class=\"ljoptimizer\" href=\"https:\/\/www.amazon.es\/dp\/B0CKVTPWWT?tag=amazon087683-21&amp;th=1\" target=\"_blank\" rel=\"nofollow noopener\">Kinderkraft I-SPARK Silla de coche, i-Size, para beb\u00e9, Grupo 2\/3 100-150 cm, de 3,5 a 12 a\u00f1os, de 15 a 36 kg, ligera (4,5 kg), cintur\u00f3n de seguridad de 3 puntos, Protecci\u00f3n lateral, Verde<\/a><\/td>\n<td>45 \u20ac<\/td>\n<td>14 \u20ac<\/td>\n<\/tr>\n<tr>\n<td>MARKETPLACES<\/td>\n<td><a class=\"ljoptimizer\" href=\"https:\/\/www.amazon.es\/dp\/B00HESGFH8?tag=amazon087683-21&amp;th=1\" target=\"_blank\" rel=\"nofollow noopener\">Ingenuity, Hamaca Mecedora para Beb\u00e9s 3en1 Keep Cozy &#8211; Spruce, Vibraciones Relajantes, Arco de Juguetes, Arn\u00e9s de 5 Puntos, 2 Reclinaciones, Unisex, desde reci\u00e9n nacidos hasta los 18 kg<\/a><\/td>\n<td>43 \u20ac<\/td>\n<td>14 \u20ac<\/td>\n<\/tr>\n<tr>\n<td>MARKETPLACES<\/td>\n<td><a class=\"ljoptimizer\" href=\"https:\/\/www.amazon.es\/dp\/B00O50YUHA?tag=amazon087683-21&amp;th=1\" target=\"_blank\" rel=\"nofollow noopener\">Safety 1st Auto Close, Barrera Seguridad Ni\u00f1os Escalera a Presi\u00f3n, 73\u201380cm (m\u00e1x. 136cm), Valla Seguridad Infantil Autom\u00e1tica, Apertura Una Mano, Sin Tornillos (Sin Taladros), Doble Bloqueo, Blanca<\/a><\/td>\n<td>36 \u20ac<\/td>\n<td>12 \u20ac<\/td>\n<\/tr>\n<tr>\n<td>MARKETPLACES<\/td>\n<td><a class=\"ljoptimizer\" href=\"https:\/\/www.amazon.es\/dp\/B07VZ2KVR1?tag=amazon087683-21&amp;th=1\" target=\"_blank\" rel=\"nofollow noopener\">Nuby &#8211; My Real Potty &#8211; Pot b\u00e9b\u00e9 Pour Apprentissage de la Propret\u00e9 &#8211; Pot Enfant Avec Bruit de Chasse et Piles Incluses &#8211; Toilettes Enfant +18 Mois &#8211; WC B\u00e9b\u00e9 R\u00e9aliste Pour Pratiquer &#8211; Blanc<\/a><\/td>\n<td>35 \u20ac<\/td>\n<td>11 \u20ac<\/td>\n<\/tr>\n<tr>\n<td>MARKETPLACES<\/td>\n<td><a class=\"ljoptimizer\" href=\"https:\/\/www.amazon.es\/dp\/B0DK1DJFTZ?tag=amazon087683-21&amp;th=1\" target=\"_blank\" rel=\"nofollow noopener\">Asalvo Barrera de 150cm para Cama, Protecci\u00f3n Anticaidas, para Ni\u00f1os, Abatible, Bolsa Transporte, Dise\u00f1o Extra Alto, Plegable y Port\u00e1til, Fijaci\u00f3n Segura, Estrellas Beige<\/a><\/td>\n<td>28 \u20ac<\/td>\n<td>9 \u20ac<\/td>\n<\/tr>\n<\/tbody>\n<\/table>\n","protected":false},"excerpt":{"rendered":"<p>Pal\u00e9 de Beb\u00e9 sin revisar procedente de devoluciones de marketplaces<\/p>\n<ul>\n<li>N\u00famero de productos: 16<\/li>\n<li>Valor aproximado: 1260.00<\/li>\n<li>Porcentaje que se paga: 26% + IVA<\/li>\n<li>Tiempo de entrega estimado: 3 a 7 d\u00edas<\/li>\n<\/ul>\n<p>*Los precios incluyen IVA<\/p>\n","protected":false},"featured_media":176887,"template":"","meta":{"site-sidebar-layout":"default","site-content-layout":"","ast-site-content-layout":"default","site-content-style":"default","site-sidebar-style":"default","ast-global-header-display":"","ast-banner-title-visibility":"","ast-main-header-display":"","ast-hfb-above-header-display":"","ast-hfb-below-header-display":"","ast-hfb-mobile-header-display":"","site-post-title":"","ast-breadcrumbs-content":"","ast-featured-img":"","footer-sml-layout":"","ast-disable-related-posts":"","theme-transparent-header-meta":"default","adv-header-id-meta":"","stick-header-meta":"","header-above-stick-meta":"","header-main-stick-meta":"","header-below-stick-meta":"","astra-migrate-meta-layouts":"set","ast-page-background-enabled":"default","ast-page-background-meta":{"desktop":{"background-color":"var(--ast-global-color-4)","background-image":"","background-repeat":"repeat","background-position":"center center","background-size":"auto","background-attachment":"scroll","background-type":"","background-media":"","overlay-type":"","overlay-color":"","overlay-opacity":"","overlay-gradient":""},"tablet":{"background-color":"","background-image":"","background-repeat":"repeat","background-position":"center center","background-size":"auto","background-attachment":"scroll","background-type":"","background-media":"","overlay-type":"","overlay-color":"","overlay-opacity":"","overlay-gradient":""},"mobile":{"background-color":"","background-image":"","background-repeat":"repeat","background-position":"center center","background-size":"auto","background-attachment":"scroll","background-type":"","background-media":"","overlay-type":"","overlay-color":"","overlay-opacity":"","overlay-gradient":""}},"ast-content-background-meta":{"desktop":{"background-color":"var(--ast-global-color-5)","background-image":"","background-repeat":"repeat","background-position":"center center","background-size":"auto","background-attachment":"scroll","background-type":"","background-media":"","overlay-type":"","overlay-color":"","overlay-opacity":"","overlay-gradient":""},"tablet":{"background-color":"var(--ast-global-color-5)","background-image":"","background-repeat":"repeat","background-position":"center center","background-size":"auto","background-attachment":"scroll","background-type":"","background-media":"","overlay-type":"","overlay-color":"","overlay-opacity":"","overlay-gradient":""},"mobile":{"background-color":"var(--ast-global-color-5)","background-image":"","background-repeat":"repeat","background-position":"center center","background-size":"auto","background-attachment":"scroll","background-type":"","background-media":"","overlay-type":"","overlay-color":"","overlay-opacity":"","overlay-gradient":""}}},"product_brand":[],"product_cat":[52,65],"product_tag":[],"class_list":{"0":"post-176839","1":"product","2":"type-product","3":"status-publish","4":"has-post-thumbnail","6":"product_cat-bebe","7":"product_cat-pales","8":"product_shipping_class-pale","9":"desktop-align-left","10":"tablet-align-left","11":"mobile-align-left","13":"first","14":"outofstock","15":"sale","16":"downloadable","17":"taxable","18":"shipping-taxable","19":"purchasable","20":"product-type-simple"},"yoast_head":"<!-- This site is optimized with the Yoast SEO plugin v27.2 - https:\/\/yoast.com\/product\/yoast-seo-wordpress\/ -->\n<title>Pal\u00e9 de Beb\u00e9 [16 productos] (10224793) - Comprardevoluciones - Tu tienda de Devoluciones de Amazon<\/title>\n<meta name=\"robots\" content=\"noindex, follow\" \/>\n<meta property=\"og:locale\" content=\"pt_PT\" \/>\n<meta property=\"og:type\" content=\"article\" \/>\n<meta property=\"og:title\" content=\"Pal\u00e9 de Beb\u00e9 [16 productos] (10224793) - Comprardevoluciones - Tu tienda de Devoluciones de Amazon\" \/>\n<meta property=\"og:description\" content=\"Pal\u00e9 de Beb\u00e9 sin revisar procedente de devoluciones de marketplaces   N\u00famero de productos: 16  Valor aproximado: 1260.00  Porcentaje que se paga: 26% + IVA  Tiempo de entrega estimado: 3 a 7 d\u00edas  *Los precios incluyen IVA\" \/>\n<meta property=\"og:url\" content=\"https:\/\/comprardevoluciones.com\/producto\/10224793\/\" \/>\n<meta property=\"og:site_name\" content=\"Comprardevoluciones - Tu tienda de Devoluciones de Amazon\" \/>\n<meta property=\"article:modified_time\" content=\"2026-04-13T09:21:23+00:00\" \/>\n<meta property=\"og:image\" content=\"https:\/\/comprardevoluciones.com\/wp-content\/uploads\/2026\/04\/10224793.jpg\" \/>\n\t<meta property=\"og:image:width\" content=\"700\" \/>\n\t<meta property=\"og:image:height\" content=\"700\" \/>\n\t<meta property=\"og:image:type\" content=\"image\/jpeg\" \/>\n<meta name=\"twitter:card\" content=\"summary_large_image\" \/>\n<meta name=\"twitter:label1\" content=\"Tempo estimado de leitura\" \/>\n\t<meta name=\"twitter:data1\" content=\"3 minutos\" \/>\n<script type=\"application\/ld+json\" class=\"yoast-schema-graph\">{\"@context\":\"https:\/\/schema.org\",\"@graph\":[{\"@type\":\"WebPage\",\"@id\":\"https:\/\/comprardevoluciones.com\/producto\/10224793\/\",\"url\":\"https:\/\/comprardevoluciones.com\/producto\/10224793\/\",\"name\":\"Pal\u00e9 de Beb\u00e9 [16 productos] (10224793) - Comprardevoluciones - Tu tienda de Devoluciones de Amazon\",\"isPartOf\":{\"@id\":\"https:\/\/comprardevoluciones.com\/#website\"},\"primaryImageOfPage\":{\"@id\":\"https:\/\/comprardevoluciones.com\/producto\/10224793\/#primaryimage\"},\"image\":{\"@id\":\"https:\/\/comprardevoluciones.com\/producto\/10224793\/#primaryimage\"},\"thumbnailUrl\":\"https:\/\/comprardevoluciones.com\/wp-content\/uploads\/2026\/04\/10224793.jpg\",\"datePublished\":\"2026-04-13T09:00:10+00:00\",\"dateModified\":\"2026-04-13T09:21:23+00:00\",\"breadcrumb\":{\"@id\":\"https:\/\/comprardevoluciones.com\/producto\/10224793\/#breadcrumb\"},\"inLanguage\":\"pt-PT\",\"potentialAction\":[{\"@type\":\"ReadAction\",\"target\":[\"https:\/\/comprardevoluciones.com\/producto\/10224793\/\"]}]},{\"@type\":\"ImageObject\",\"inLanguage\":\"pt-PT\",\"@id\":\"https:\/\/comprardevoluciones.com\/producto\/10224793\/#primaryimage\",\"url\":\"https:\/\/comprardevoluciones.com\/wp-content\/uploads\/2026\/04\/10224793.jpg\",\"contentUrl\":\"https:\/\/comprardevoluciones.com\/wp-content\/uploads\/2026\/04\/10224793.jpg\",\"width\":700,\"height\":700},{\"@type\":\"BreadcrumbList\",\"@id\":\"https:\/\/comprardevoluciones.com\/producto\/10224793\/#breadcrumb\",\"itemListElement\":[{\"@type\":\"ListItem\",\"position\":1,\"name\":\"Portada\",\"item\":\"https:\/\/comprardevoluciones.com\/\"},{\"@type\":\"ListItem\",\"position\":2,\"name\":\"Loja\",\"item\":\"https:\/\/comprardevoluciones.com\/tienda\/\"},{\"@type\":\"ListItem\",\"position\":3,\"name\":\"Pal\u00e9 de Beb\u00e9 [16 productos] (10224793)\"}]},{\"@type\":\"WebSite\",\"@id\":\"https:\/\/comprardevoluciones.com\/#website\",\"url\":\"https:\/\/comprardevoluciones.com\/\",\"name\":\"Comprardevoluciones - Tu tienda de Devoluciones de Amazon\",\"description\":\"Consigue Stock en buen estado a un precio imbatible\",\"potentialAction\":[{\"@type\":\"SearchAction\",\"target\":{\"@type\":\"EntryPoint\",\"urlTemplate\":\"https:\/\/comprardevoluciones.com\/?s={search_term_string}\"},\"query-input\":{\"@type\":\"PropertyValueSpecification\",\"valueRequired\":true,\"valueName\":\"search_term_string\"}}],\"inLanguage\":\"pt-PT\"}]}<\/script>\n<!-- \/ Yoast SEO plugin. -->","yoast_head_json":{"title":"Pal\u00e9 de Beb\u00e9 [16 productos] (10224793) - Comprardevoluciones - Tu tienda de Devoluciones de Amazon","robots":{"index":"noindex","follow":"follow"},"og_locale":"pt_PT","og_type":"article","og_title":"Pal\u00e9 de Beb\u00e9 [16 productos] (10224793) - Comprardevoluciones - Tu tienda de Devoluciones de Amazon","og_description":"Pal\u00e9 de Beb\u00e9 sin revisar procedente de devoluciones de marketplaces   N\u00famero de productos: 16  Valor aproximado: 1260.00  Porcentaje que se paga: 26% + IVA  Tiempo de entrega estimado: 3 a 7 d\u00edas  *Los precios incluyen IVA","og_url":"https:\/\/comprardevoluciones.com\/producto\/10224793\/","og_site_name":"Comprardevoluciones - Tu tienda de Devoluciones de Amazon","article_modified_time":"2026-04-13T09:21:23+00:00","og_image":[{"width":700,"height":700,"url":"https:\/\/comprardevoluciones.com\/wp-content\/uploads\/2026\/04\/10224793.jpg","type":"image\/jpeg"}],"twitter_card":"summary_large_image","twitter_misc":{"Tempo estimado de leitura":"3 minutos"},"schema":{"@context":"https:\/\/schema.org","@graph":[{"@type":"WebPage","@id":"https:\/\/comprardevoluciones.com\/producto\/10224793\/","url":"https:\/\/comprardevoluciones.com\/producto\/10224793\/","name":"Pal\u00e9 de Beb\u00e9 [16 productos] (10224793) - Comprardevoluciones - Tu tienda de Devoluciones de Amazon","isPartOf":{"@id":"https:\/\/comprardevoluciones.com\/#website"},"primaryImageOfPage":{"@id":"https:\/\/comprardevoluciones.com\/producto\/10224793\/#primaryimage"},"image":{"@id":"https:\/\/comprardevoluciones.com\/producto\/10224793\/#primaryimage"},"thumbnailUrl":"https:\/\/comprardevoluciones.com\/wp-content\/uploads\/2026\/04\/10224793.jpg","datePublished":"2026-04-13T09:00:10+00:00","dateModified":"2026-04-13T09:21:23+00:00","breadcrumb":{"@id":"https:\/\/comprardevoluciones.com\/producto\/10224793\/#breadcrumb"},"inLanguage":"pt-PT","potentialAction":[{"@type":"ReadAction","target":["https:\/\/comprardevoluciones.com\/producto\/10224793\/"]}]},{"@type":"ImageObject","inLanguage":"pt-PT","@id":"https:\/\/comprardevoluciones.com\/producto\/10224793\/#primaryimage","url":"https:\/\/comprardevoluciones.com\/wp-content\/uploads\/2026\/04\/10224793.jpg","contentUrl":"https:\/\/comprardevoluciones.com\/wp-content\/uploads\/2026\/04\/10224793.jpg","width":700,"height":700},{"@type":"BreadcrumbList","@id":"https:\/\/comprardevoluciones.com\/producto\/10224793\/#breadcrumb","itemListElement":[{"@type":"ListItem","position":1,"name":"Portada","item":"https:\/\/comprardevoluciones.com\/"},{"@type":"ListItem","position":2,"name":"Loja","item":"https:\/\/comprardevoluciones.com\/tienda\/"},{"@type":"ListItem","position":3,"name":"Pal\u00e9 de Beb\u00e9 [16 productos] (10224793)"}]},{"@type":"WebSite","@id":"https:\/\/comprardevoluciones.com\/#website","url":"https:\/\/comprardevoluciones.com\/","name":"Comprardevoluciones - Tu tienda de Devoluciones de Amazon","description":"Consigue Stock en buen estado a un precio imbatible","potentialAction":[{"@type":"SearchAction","target":{"@type":"EntryPoint","urlTemplate":"https:\/\/comprardevoluciones.com\/?s={search_term_string}"},"query-input":{"@type":"PropertyValueSpecification","valueRequired":true,"valueName":"search_term_string"}}],"inLanguage":"pt-PT"}]}},"_links":{"self":[{"href":"https:\/\/comprardevoluciones.com\/pt-pt\/wp-json\/wp\/v2\/product\/176839","targetHints":{"allow":["GET"]}}],"collection":[{"href":"https:\/\/comprardevoluciones.com\/pt-pt\/wp-json\/wp\/v2\/product"}],"about":[{"href":"https:\/\/comprardevoluciones.com\/pt-pt\/wp-json\/wp\/v2\/types\/product"}],"wp:featuredmedia":[{"embeddable":true,"href":"https:\/\/comprardevoluciones.com\/pt-pt\/wp-json\/wp\/v2\/media\/176887"}],"wp:attachment":[{"href":"https:\/\/comprardevoluciones.com\/pt-pt\/wp-json\/wp\/v2\/media?parent=176839"}],"wp:term":[{"taxonomy":"product_brand","embeddable":true,"href":"https:\/\/comprardevoluciones.com\/pt-pt\/wp-json\/wp\/v2\/product_brand?post=176839"},{"taxonomy":"product_cat","embeddable":true,"href":"https:\/\/comprardevoluciones.com\/pt-pt\/wp-json\/wp\/v2\/product_cat?post=176839"},{"taxonomy":"product_tag","embeddable":true,"href":"https:\/\/comprardevoluciones.com\/pt-pt\/wp-json\/wp\/v2\/product_tag?post=176839"}],"curies":[{"name":"wp","href":"https:\/\/api.w.org\/{rel}","templated":true}]}}