{"id":176845,"date":"2026-04-21T10:00:25","date_gmt":"2026-04-21T09:00:25","guid":{"rendered":"https:\/\/comprardevoluciones.com\/?post_type=product&#038;p=176845"},"modified":"2026-04-21T10:17:36","modified_gmt":"2026-04-21T09:17:36","slug":"10224870","status":"publish","type":"product","link":"https:\/\/comprardevoluciones.com\/pt-pt\/producto\/10224870\/","title":{"rendered":"Pal\u00e9 de Beb\u00e9 [20 productos] (10224870)"},"content":{"rendered":"<p>Descripci\u00f3n y valor aproximados<\/p>\n<table>\n<tbody>\n<tr>\n<td><strong>FUENTE<\/strong><\/td>\n<td><strong>PRODUCTO<\/strong><\/td>\n<td><strong>VALOR (\u20ac)<\/strong><\/td>\n<td><strong>PAGAS (\u20ac)<\/strong><\/td>\n<\/tr>\n<tr>\n<td>MARKETPLACES<\/td>\n<td><a class=\"ljoptimizer\" href=\"https:\/\/www.amazon.es\/dp\/B0DJQYT2MK?tag=amazon087683-21&amp;th=1\" target=\"_blank\" rel=\"nofollow noopener\">Chicco One4Ever Lounge, Carrito Ligero y Compacto Desde 0M Hasta 4A, Dise\u00f1o Elegante, Plegable, Respaldo Reclinable, Cierre Autom\u00e1tico en 1 Movimiento, Capota Sombra y Paraguas, Max 22kg<\/a><\/td>\n<td>384 \u20ac<\/td>\n<td>123 \u20ac<\/td>\n<\/tr>\n<tr>\n<td>MARKETPLACES<\/td>\n<td><a class=\"ljoptimizer\" href=\"https:\/\/www.amazon.es\/dp\/B08J4Y9BD4?tag=amazon087683-21&amp;th=1\" target=\"_blank\" rel=\"nofollow noopener\">hauck Runner 2 Silla de Paseo Ligera hasta 22 Kilos &#8211; Carrito Beb\u00e9 Reclinable desde el Nacimiento &#8211; Carro de 3 Ruedas Neum\u00e1ticas Grandes &#8211; UV 50+ &#8211; Negro<\/a><\/td>\n<td>230 \u20ac<\/td>\n<td>74 \u20ac<\/td>\n<\/tr>\n<tr>\n<td>MARKETPLACES<\/td>\n<td><a class=\"ljoptimizer\" href=\"https:\/\/www.amazon.es\/dp\/B0DDPRML5J?tag=amazon087683-21&amp;th=1\" target=\"_blank\" rel=\"nofollow noopener\">Kinderkraft ENOCK Chaise Haute B\u00e9b\u00e9 + Transat CALMEE, en Bois Naturel, Chaise d&#8217;alimentation, \u00c9volutive, R\u00e9glable, Puericulture B\u00e9b\u00e9, Tr\u00e8s Solide, Design Universe<\/a><\/td>\n<td>139 \u20ac<\/td>\n<td>44 \u20ac<\/td>\n<\/tr>\n<tr>\n<td>MARKETPLACES<\/td>\n<td><a class=\"ljoptimizer\" href=\"https:\/\/www.amazon.es\/dp\/B075W1TXH7?tag=amazon087683-21&amp;th=1\" target=\"_blank\" rel=\"nofollow noopener\">hauck Tronas de Bebe Evolutiva Sit N Relax, Trona Bebe 0 Meses con Hamaca Beb\u00e9 Alta, Silla Bebe Comida Plegable, Highchair, Altura Regulable, Hearts\/Grey<\/a><\/td>\n<td>132 \u20ac<\/td>\n<td>42 \u20ac<\/td>\n<\/tr>\n<tr>\n<td>MARKETPLACES<\/td>\n<td><a class=\"ljoptimizer\" href=\"https:\/\/www.amazon.es\/dp\/B0FGDQ8R8J?tag=amazon087683-21&amp;th=1\" target=\"_blank\" rel=\"nofollow noopener\">Kinderkraft SAFETY FIX 3 PRO 76-150 cm Siege auto isofix, Isofix 9 \u00e0 36kg, de 15 mois \u00e0 12 ans, Syst\u00e8mes de s\u00e9curit\u00e9, L&#8217;Appui-t\u00eate r\u00e9glage, Extra TOP TETHER, Harnais \u00e0 5 points, Noir<\/a><\/td>\n<td>99 \u20ac<\/td>\n<td>32 \u20ac<\/td>\n<\/tr>\n<tr>\n<td>MARKETPLACES<\/td>\n<td><a class=\"ljoptimizer\" href=\"https:\/\/www.amazon.es\/dp\/B0DSFXMG8W?tag=amazon087683-21&amp;th=1\" target=\"_blank\" rel=\"nofollow noopener\">KikkaBoo Silla de Coche Bebe ISOFIX Grupo 1 2 3 (9-36 kg) i-FLIT, de 15 Meses a 12 A\u00f1os, Seguridad SPS, Reposacabezas Ajustable, Top Tether, 12 Posiciones Reposacabezas, Gris Oscuro<\/a><\/td>\n<td>98 \u20ac<\/td>\n<td>31 \u20ac<\/td>\n<\/tr>\n<tr>\n<td>MARKETPLACES<\/td>\n<td><a class=\"ljoptimizer\" href=\"https:\/\/www.amazon.es\/dp\/B0D9WFSHN4?tag=amazon087683-21&amp;th=1\" target=\"_blank\" rel=\"nofollow noopener\">KikkaBoo FLIP, Triciclo Evolutivo de Beb\u00e9 5 en 1, Bicicleta con o sin Pedales, Ajustable y Transformable, Beige, Desde 1 A\u00f1o Hasta 5 A\u00f1os<\/a><\/td>\n<td>90 \u20ac<\/td>\n<td>29 \u20ac<\/td>\n<\/tr>\n<tr>\n<td>MARKETPLACES<\/td>\n<td><a class=\"ljoptimizer\" href=\"https:\/\/www.amazon.es\/dp\/B0CM41TS29?tag=amazon087683-21&amp;th=1\" target=\"_blank\" rel=\"nofollow noopener\">Kinderkraft Joy 2 Cuna de Viaje 3 en 1 para Beb\u00e9 de hasta 25 kg, Plegado r\u00e1pido y f\u00e1cil, Entrada Lateral, Bolsa de Viaje, Beige<\/a><\/td>\n<td>65 \u20ac<\/td>\n<td>21 \u20ac<\/td>\n<\/tr>\n<tr>\n<td>MARKETPLACES<\/td>\n<td><a class=\"ljoptimizer\" href=\"https:\/\/www.amazon.es\/dp\/B07MPCCDM7?tag=amazon087683-21&amp;th=1\" target=\"_blank\" rel=\"nofollow noopener\">Baby Einstein, Gimansio de Actividades Musical para beb\u00e9s 4en1 Kickin&#8217; Tunes con Piano, 70+ Sonidos, 25+ min de m\u00fasica y Luces, Arco de Juego, 7 Juguetes extra\u00edbles, 4 Idiomas, Desde reci\u00e9n Nacido<\/a><\/td>\n<td>60 \u20ac<\/td>\n<td>19 \u20ac<\/td>\n<\/tr>\n<tr>\n<td>MARKETPLACES<\/td>\n<td><a class=\"ljoptimizer\" href=\"https:\/\/www.amazon.es\/dp\/B0DJTD9F8V?tag=amazon087683-21&amp;th=1\" target=\"_blank\" rel=\"nofollow noopener\">doomoo Coussin de Grossesse et Coussin d&#8217;allaitement Maxxy &#8211; Format XXL &#8211; Ultra Confortable &#8211; Coton Bio &amp; Certifi\u00e9 Oeko-Tex &amp; GOTS &#8211; Evolutif avec Petit Coussin D\u00e9tachable, Little Dots Grey<\/a><\/td>\n<td>60 \u20ac<\/td>\n<td>19 \u20ac<\/td>\n<\/tr>\n<tr>\n<td>MARKETPLACES<\/td>\n<td><a class=\"ljoptimizer\" href=\"https:\/\/www.amazon.es\/dp\/B0829K69VZ?tag=amazon087683-21&amp;th=1\" target=\"_blank\" rel=\"nofollow noopener\">kk Kinderkraft Cuna Beb\u00e9 Lovi, Mois\u00e9s, Bolsa de Transporte, Juegos, Viaje, Gris<\/a><\/td>\n<td>58 \u20ac<\/td>\n<td>19 \u20ac<\/td>\n<\/tr>\n<tr>\n<td>MARKETPLACES<\/td>\n<td><a class=\"ljoptimizer\" href=\"https:\/\/www.amazon.es\/dp\/B0829K69VZ?tag=amazon087683-21&amp;th=1\" target=\"_blank\" rel=\"nofollow noopener\">kk Kinderkraft Cuna Beb\u00e9 Lovi, Mois\u00e9s, Bolsa de Transporte, Juegos, Viaje, Gris<\/a><\/td>\n<td>58 \u20ac<\/td>\n<td>19 \u20ac<\/td>\n<\/tr>\n<tr>\n<td>MARKETPLACES<\/td>\n<td><a class=\"ljoptimizer\" href=\"https:\/\/www.amazon.es\/dp\/B0CM411MFF?tag=amazon087683-21&amp;th=1\" target=\"_blank\" rel=\"nofollow noopener\">Kinderkraft Joy 2 Cuna de Viaje 3 en 1 para Beb\u00e9 de hasta 25 kg, Plegado r\u00e1pido y f\u00e1cil, Entrada Lateral, Bolsa de Viaje, Gris<\/a><\/td>\n<td>56 \u20ac<\/td>\n<td>18 \u20ac<\/td>\n<\/tr>\n<tr>\n<td>MARKETPLACES<\/td>\n<td><a class=\"ljoptimizer\" href=\"https:\/\/www.amazon.es\/dp\/B0CT7P6S1Q?tag=amazon087683-21&amp;th=1\" target=\"_blank\" rel=\"nofollow noopener\">Hauck Open N Stop 2 Barrera Seguridad Ni\u00f1os Escalera, para Anchos de 75-80 cm, Puerta Seguridad Bebe sin Taladrar, Vallas para Perros, Cierre Manual, Metal &#8211; Negro<\/a><\/td>\n<td>43 \u20ac<\/td>\n<td>14 \u20ac<\/td>\n<\/tr>\n<tr>\n<td>MARKETPLACES<\/td>\n<td><a class=\"ljoptimizer\" href=\"https:\/\/www.amazon.es\/dp\/B00O50YUHA?tag=amazon087683-21&amp;th=1\" target=\"_blank\" rel=\"nofollow noopener\">Safety 1st Auto Close, Barrera Seguridad Ni\u00f1os Escalera a Presi\u00f3n, 73\u201380cm (m\u00e1x. 136cm), Valla Seguridad Infantil Autom\u00e1tica, Apertura Una Mano, Sin Tornillos (Sin Taladros), Doble Bloqueo, Blanca<\/a><\/td>\n<td>36 \u20ac<\/td>\n<td>12 \u20ac<\/td>\n<\/tr>\n<tr>\n<td>MARKETPLACES<\/td>\n<td><a class=\"ljoptimizer\" href=\"https:\/\/www.amazon.es\/dp\/B0BZ45RKRM?tag=amazon087683-21&amp;th=1\" target=\"_blank\" rel=\"nofollow noopener\">Kinderkraft, 2WAY Next Bicicleta sin Pedales, Bicicleta Infantil, Bici Bebe, Cuadro Bajo, Regulable, Sill\u00edn Blando, A Partir de 2 a\u00f1os hasta 35 kg, Rosa<\/a><\/td>\n<td>33 \u20ac<\/td>\n<td>11 \u20ac<\/td>\n<\/tr>\n<tr>\n<td>MARKETPLACES<\/td>\n<td><a class=\"ljoptimizer\" href=\"https:\/\/www.amazon.es\/dp\/B0C4TFKRKN?tag=amazon087683-21&amp;th=1\" target=\"_blank\" rel=\"nofollow noopener\">Jan\u00e9 Barrera de Cama Abatible 90 cm, Extra Alta y Transpirable, Plegable con Bolsa de Transporte, Gris<\/a><\/td>\n<td>30 \u20ac<\/td>\n<td>10 \u20ac<\/td>\n<\/tr>\n<tr>\n<td>MARKETPLACES<\/td>\n<td><a class=\"ljoptimizer\" href=\"https:\/\/www.amazon.es\/dp\/B0C4TFKRKN?tag=amazon087683-21&amp;th=1\" target=\"_blank\" rel=\"nofollow noopener\">Jan\u00e9 Barrera de Cama Abatible 90 cm, Extra Alta y Transpirable, Plegable con Bolsa de Transporte, Gris<\/a><\/td>\n<td>30 \u20ac<\/td>\n<td>10 \u20ac<\/td>\n<\/tr>\n<tr>\n<td>MARKETPLACES<\/td>\n<td><a class=\"ljoptimizer\" href=\"https:\/\/www.amazon.es\/dp\/B00SRB5PNQ?tag=amazon087683-21&amp;th=1\" target=\"_blank\" rel=\"nofollow noopener\">Asalvo Barrera de 150cm para Cama, Protecci\u00f3n Anticaidas, para Ni\u00f1os, Abatible, Bolsa Transporte, Dise\u00f1o Extra Alto, Plegable y Port\u00e1til, Fijaci\u00f3n Segura, Blanca<\/a><\/td>\n<td>28 \u20ac<\/td>\n<td>9 \u20ac<\/td>\n<\/tr>\n<tr>\n<td>MARKETPLACES<\/td>\n<td><a class=\"ljoptimizer\" href=\"https:\/\/www.amazon.es\/dp\/B00SRB5PNQ?tag=amazon087683-21&amp;th=1\" target=\"_blank\" rel=\"nofollow noopener\">Asalvo Barrera de 150cm para Cama, Protecci\u00f3n Anticaidas, para Ni\u00f1os, Abatible, Bolsa Transporte, Dise\u00f1o Extra Alto, Plegable y Port\u00e1til, Fijaci\u00f3n Segura, Blanca<\/a><\/td>\n<td>28 \u20ac<\/td>\n<td>9 \u20ac<\/td>\n<\/tr>\n<\/tbody>\n<\/table>\n","protected":false},"excerpt":{"rendered":"<p>Pal\u00e9 de Beb\u00e9 sin revisar procedente de devoluciones de marketplaces<\/p>\n<ul>\n<li>N\u00famero de productos: 20<\/li>\n<li>Valor aproximado: 1757.00<\/li>\n<li>Porcentaje que se paga: 26% + IVA<\/li>\n<li>Tiempo de entrega estimado: 3 a 7 d\u00edas<\/li>\n<\/ul>\n<p>*Los precios incluyen IVA<\/p>\n","protected":false},"featured_media":176913,"template":"","meta":{"site-sidebar-layout":"default","site-content-layout":"","ast-site-content-layout":"default","site-content-style":"default","site-sidebar-style":"default","ast-global-header-display":"","ast-banner-title-visibility":"","ast-main-header-display":"","ast-hfb-above-header-display":"","ast-hfb-below-header-display":"","ast-hfb-mobile-header-display":"","site-post-title":"","ast-breadcrumbs-content":"","ast-featured-img":"","footer-sml-layout":"","ast-disable-related-posts":"","theme-transparent-header-meta":"default","adv-header-id-meta":"","stick-header-meta":"","header-above-stick-meta":"","header-main-stick-meta":"","header-below-stick-meta":"","astra-migrate-meta-layouts":"set","ast-page-background-enabled":"default","ast-page-background-meta":{"desktop":{"background-color":"var(--ast-global-color-4)","background-image":"","background-repeat":"repeat","background-position":"center center","background-size":"auto","background-attachment":"scroll","background-type":"","background-media":"","overlay-type":"","overlay-color":"","overlay-opacity":"","overlay-gradient":""},"tablet":{"background-color":"","background-image":"","background-repeat":"repeat","background-position":"center center","background-size":"auto","background-attachment":"scroll","background-type":"","background-media":"","overlay-type":"","overlay-color":"","overlay-opacity":"","overlay-gradient":""},"mobile":{"background-color":"","background-image":"","background-repeat":"repeat","background-position":"center center","background-size":"auto","background-attachment":"scroll","background-type":"","background-media":"","overlay-type":"","overlay-color":"","overlay-opacity":"","overlay-gradient":""}},"ast-content-background-meta":{"desktop":{"background-color":"var(--ast-global-color-5)","background-image":"","background-repeat":"repeat","background-position":"center center","background-size":"auto","background-attachment":"scroll","background-type":"","background-media":"","overlay-type":"","overlay-color":"","overlay-opacity":"","overlay-gradient":""},"tablet":{"background-color":"var(--ast-global-color-5)","background-image":"","background-repeat":"repeat","background-position":"center center","background-size":"auto","background-attachment":"scroll","background-type":"","background-media":"","overlay-type":"","overlay-color":"","overlay-opacity":"","overlay-gradient":""},"mobile":{"background-color":"var(--ast-global-color-5)","background-image":"","background-repeat":"repeat","background-position":"center center","background-size":"auto","background-attachment":"scroll","background-type":"","background-media":"","overlay-type":"","overlay-color":"","overlay-opacity":"","overlay-gradient":""}}},"product_brand":[],"product_cat":[52,65],"product_tag":[],"class_list":{"0":"post-176845","1":"product","2":"type-product","3":"status-publish","4":"has-post-thumbnail","6":"product_cat-bebe","7":"product_cat-pales","8":"product_shipping_class-pale","9":"desktop-align-left","10":"tablet-align-left","11":"mobile-align-left","13":"first","14":"instock","15":"sale","16":"downloadable","17":"taxable","18":"shipping-taxable","19":"purchasable","20":"product-type-simple"},"yoast_head":"<!-- This site is optimized with the Yoast SEO plugin v27.2 - https:\/\/yoast.com\/product\/yoast-seo-wordpress\/ -->\n<title>Pal\u00e9 de Beb\u00e9 [20 productos] (10224870) - Comprardevoluciones - Tu tienda de Devoluciones de Amazon<\/title>\n<meta name=\"robots\" content=\"noindex, follow\" \/>\n<meta property=\"og:locale\" content=\"pt_PT\" \/>\n<meta property=\"og:type\" content=\"article\" \/>\n<meta property=\"og:title\" content=\"Pal\u00e9 de Beb\u00e9 [20 productos] (10224870) - Comprardevoluciones - Tu tienda de Devoluciones de Amazon\" \/>\n<meta property=\"og:description\" content=\"Pal\u00e9 de Beb\u00e9 sin revisar procedente de devoluciones de marketplaces   N\u00famero de productos: 20  Valor aproximado: 1757.00  Porcentaje que se paga: 26% + IVA  Tiempo de entrega estimado: 3 a 7 d\u00edas  *Los precios incluyen IVA\" \/>\n<meta property=\"og:url\" content=\"https:\/\/comprardevoluciones.com\/producto\/10224870\/\" \/>\n<meta property=\"og:site_name\" content=\"Comprardevoluciones - Tu tienda de Devoluciones de Amazon\" \/>\n<meta property=\"article:modified_time\" content=\"2026-04-21T09:17:36+00:00\" \/>\n<meta property=\"og:image\" content=\"https:\/\/comprardevoluciones.com\/wp-content\/uploads\/2026\/04\/10224870.jpg\" \/>\n\t<meta property=\"og:image:width\" content=\"700\" \/>\n\t<meta property=\"og:image:height\" content=\"700\" \/>\n\t<meta property=\"og:image:type\" content=\"image\/jpeg\" \/>\n<meta name=\"twitter:card\" content=\"summary_large_image\" \/>\n<meta name=\"twitter:label1\" content=\"Tempo estimado de leitura\" \/>\n\t<meta name=\"twitter:data1\" content=\"3 minutos\" \/>\n<script type=\"application\/ld+json\" class=\"yoast-schema-graph\">{\"@context\":\"https:\/\/schema.org\",\"@graph\":[{\"@type\":\"WebPage\",\"@id\":\"https:\/\/comprardevoluciones.com\/producto\/10224870\/\",\"url\":\"https:\/\/comprardevoluciones.com\/producto\/10224870\/\",\"name\":\"Pal\u00e9 de Beb\u00e9 [20 productos] (10224870) - Comprardevoluciones - Tu tienda de Devoluciones de Amazon\",\"isPartOf\":{\"@id\":\"https:\/\/comprardevoluciones.com\/#website\"},\"primaryImageOfPage\":{\"@id\":\"https:\/\/comprardevoluciones.com\/producto\/10224870\/#primaryimage\"},\"image\":{\"@id\":\"https:\/\/comprardevoluciones.com\/producto\/10224870\/#primaryimage\"},\"thumbnailUrl\":\"https:\/\/comprardevoluciones.com\/wp-content\/uploads\/2026\/04\/10224870.jpg\",\"datePublished\":\"2026-04-21T09:00:25+00:00\",\"dateModified\":\"2026-04-21T09:17:36+00:00\",\"breadcrumb\":{\"@id\":\"https:\/\/comprardevoluciones.com\/producto\/10224870\/#breadcrumb\"},\"inLanguage\":\"pt-PT\",\"potentialAction\":[{\"@type\":\"ReadAction\",\"target\":[\"https:\/\/comprardevoluciones.com\/producto\/10224870\/\"]}]},{\"@type\":\"ImageObject\",\"inLanguage\":\"pt-PT\",\"@id\":\"https:\/\/comprardevoluciones.com\/producto\/10224870\/#primaryimage\",\"url\":\"https:\/\/comprardevoluciones.com\/wp-content\/uploads\/2026\/04\/10224870.jpg\",\"contentUrl\":\"https:\/\/comprardevoluciones.com\/wp-content\/uploads\/2026\/04\/10224870.jpg\",\"width\":700,\"height\":700},{\"@type\":\"BreadcrumbList\",\"@id\":\"https:\/\/comprardevoluciones.com\/producto\/10224870\/#breadcrumb\",\"itemListElement\":[{\"@type\":\"ListItem\",\"position\":1,\"name\":\"Portada\",\"item\":\"https:\/\/comprardevoluciones.com\/\"},{\"@type\":\"ListItem\",\"position\":2,\"name\":\"Loja\",\"item\":\"https:\/\/comprardevoluciones.com\/tienda\/\"},{\"@type\":\"ListItem\",\"position\":3,\"name\":\"Pal\u00e9 de Beb\u00e9 [20 productos] (10224870)\"}]},{\"@type\":\"WebSite\",\"@id\":\"https:\/\/comprardevoluciones.com\/#website\",\"url\":\"https:\/\/comprardevoluciones.com\/\",\"name\":\"Comprardevoluciones - Tu tienda de Devoluciones de Amazon\",\"description\":\"Consigue Stock en buen estado a un precio imbatible\",\"potentialAction\":[{\"@type\":\"SearchAction\",\"target\":{\"@type\":\"EntryPoint\",\"urlTemplate\":\"https:\/\/comprardevoluciones.com\/?s={search_term_string}\"},\"query-input\":{\"@type\":\"PropertyValueSpecification\",\"valueRequired\":true,\"valueName\":\"search_term_string\"}}],\"inLanguage\":\"pt-PT\"}]}<\/script>\n<!-- \/ Yoast SEO plugin. -->","yoast_head_json":{"title":"Pal\u00e9 de Beb\u00e9 [20 productos] (10224870) - Comprardevoluciones - Tu tienda de Devoluciones de Amazon","robots":{"index":"noindex","follow":"follow"},"og_locale":"pt_PT","og_type":"article","og_title":"Pal\u00e9 de Beb\u00e9 [20 productos] (10224870) - Comprardevoluciones - Tu tienda de Devoluciones de Amazon","og_description":"Pal\u00e9 de Beb\u00e9 sin revisar procedente de devoluciones de marketplaces   N\u00famero de productos: 20  Valor aproximado: 1757.00  Porcentaje que se paga: 26% + IVA  Tiempo de entrega estimado: 3 a 7 d\u00edas  *Los precios incluyen IVA","og_url":"https:\/\/comprardevoluciones.com\/producto\/10224870\/","og_site_name":"Comprardevoluciones - Tu tienda de Devoluciones de Amazon","article_modified_time":"2026-04-21T09:17:36+00:00","og_image":[{"width":700,"height":700,"url":"https:\/\/comprardevoluciones.com\/wp-content\/uploads\/2026\/04\/10224870.jpg","type":"image\/jpeg"}],"twitter_card":"summary_large_image","twitter_misc":{"Tempo estimado de leitura":"3 minutos"},"schema":{"@context":"https:\/\/schema.org","@graph":[{"@type":"WebPage","@id":"https:\/\/comprardevoluciones.com\/producto\/10224870\/","url":"https:\/\/comprardevoluciones.com\/producto\/10224870\/","name":"Pal\u00e9 de Beb\u00e9 [20 productos] (10224870) - Comprardevoluciones - Tu tienda de Devoluciones de Amazon","isPartOf":{"@id":"https:\/\/comprardevoluciones.com\/#website"},"primaryImageOfPage":{"@id":"https:\/\/comprardevoluciones.com\/producto\/10224870\/#primaryimage"},"image":{"@id":"https:\/\/comprardevoluciones.com\/producto\/10224870\/#primaryimage"},"thumbnailUrl":"https:\/\/comprardevoluciones.com\/wp-content\/uploads\/2026\/04\/10224870.jpg","datePublished":"2026-04-21T09:00:25+00:00","dateModified":"2026-04-21T09:17:36+00:00","breadcrumb":{"@id":"https:\/\/comprardevoluciones.com\/producto\/10224870\/#breadcrumb"},"inLanguage":"pt-PT","potentialAction":[{"@type":"ReadAction","target":["https:\/\/comprardevoluciones.com\/producto\/10224870\/"]}]},{"@type":"ImageObject","inLanguage":"pt-PT","@id":"https:\/\/comprardevoluciones.com\/producto\/10224870\/#primaryimage","url":"https:\/\/comprardevoluciones.com\/wp-content\/uploads\/2026\/04\/10224870.jpg","contentUrl":"https:\/\/comprardevoluciones.com\/wp-content\/uploads\/2026\/04\/10224870.jpg","width":700,"height":700},{"@type":"BreadcrumbList","@id":"https:\/\/comprardevoluciones.com\/producto\/10224870\/#breadcrumb","itemListElement":[{"@type":"ListItem","position":1,"name":"Portada","item":"https:\/\/comprardevoluciones.com\/"},{"@type":"ListItem","position":2,"name":"Loja","item":"https:\/\/comprardevoluciones.com\/tienda\/"},{"@type":"ListItem","position":3,"name":"Pal\u00e9 de Beb\u00e9 [20 productos] (10224870)"}]},{"@type":"WebSite","@id":"https:\/\/comprardevoluciones.com\/#website","url":"https:\/\/comprardevoluciones.com\/","name":"Comprardevoluciones - Tu tienda de Devoluciones de Amazon","description":"Consigue Stock en buen estado a un precio imbatible","potentialAction":[{"@type":"SearchAction","target":{"@type":"EntryPoint","urlTemplate":"https:\/\/comprardevoluciones.com\/?s={search_term_string}"},"query-input":{"@type":"PropertyValueSpecification","valueRequired":true,"valueName":"search_term_string"}}],"inLanguage":"pt-PT"}]}},"_links":{"self":[{"href":"https:\/\/comprardevoluciones.com\/pt-pt\/wp-json\/wp\/v2\/product\/176845","targetHints":{"allow":["GET"]}}],"collection":[{"href":"https:\/\/comprardevoluciones.com\/pt-pt\/wp-json\/wp\/v2\/product"}],"about":[{"href":"https:\/\/comprardevoluciones.com\/pt-pt\/wp-json\/wp\/v2\/types\/product"}],"wp:featuredmedia":[{"embeddable":true,"href":"https:\/\/comprardevoluciones.com\/pt-pt\/wp-json\/wp\/v2\/media\/176913"}],"wp:attachment":[{"href":"https:\/\/comprardevoluciones.com\/pt-pt\/wp-json\/wp\/v2\/media?parent=176845"}],"wp:term":[{"taxonomy":"product_brand","embeddable":true,"href":"https:\/\/comprardevoluciones.com\/pt-pt\/wp-json\/wp\/v2\/product_brand?post=176845"},{"taxonomy":"product_cat","embeddable":true,"href":"https:\/\/comprardevoluciones.com\/pt-pt\/wp-json\/wp\/v2\/product_cat?post=176845"},{"taxonomy":"product_tag","embeddable":true,"href":"https:\/\/comprardevoluciones.com\/pt-pt\/wp-json\/wp\/v2\/product_tag?post=176845"}],"curies":[{"name":"wp","href":"https:\/\/api.w.org\/{rel}","templated":true}]}}