{"id":87553,"date":"2026-03-23T11:00:06","date_gmt":"2026-03-23T10:00:06","guid":{"rendered":"https:\/\/comprardevoluciones.com\/?post_type=product&#038;p=87553"},"modified":"2026-03-23T10:41:35","modified_gmt":"2026-03-23T09:41:35","slug":"spind12puyy","status":"publish","type":"product","link":"https:\/\/comprardevoluciones.com\/pt-pt\/producto\/spind12puyy\/","title":{"rendered":"Caja de Hogar [29 productos] (spInD12pUyy)"},"content":{"rendered":"<p>Descripci\u00f3n y valor aproximados<\/p>\n<table>\n<tbody>\n<tr>\n<td><strong>FUENTE<\/strong><\/td>\n<td><strong>PRODUCTO<\/strong><\/td>\n<td><strong>VALOR (\u20ac)<\/strong><\/td>\n<td><strong>PAGAS (\u20ac)<\/strong><\/td>\n<\/tr>\n<tr>\n<td>AMAZON<\/td>\n<td><a class=\"ljoptimizer\" href=\"https:\/\/www.amazon.es\/dp\/B0CB6D2RZS?tag=amazon087683-21&amp;th=1\" target=\"_blank\" rel=\"nofollow noopener\">DWR Edred\u00f3n 240 x 260 cm, Primavera\/Verano Relleno N\u00f3rdico de Fibra 180 gr\/m\u00c2\u00b2, 50% Reciclado Suave y Ligero (Blanco, Cama 180-240 x 260 cm)<\/a><\/td>\n<td>37 \u20ac<\/td>\n<td>7 \u20ac<\/td>\n<\/tr>\n<tr>\n<td>AMAZON<\/td>\n<td><a class=\"ljoptimizer\" href=\"https:\/\/www.amazon.es\/dp\/B005LR68DU?tag=amazon087683-21&amp;th=1\" target=\"_blank\" rel=\"nofollow noopener\">Arcos Cuchillo Jamonero con Alveolos. Hoja 250 mm. Utilizado para cortar o tallar varios tipos alimentos con precisi\u00f3n y facilidad. Serie Riviera. Color negro.<\/a><\/td>\n<td>34 \u20ac<\/td>\n<td>7 \u20ac<\/td>\n<\/tr>\n<tr>\n<td>AMAZON<\/td>\n<td><a class=\"ljoptimizer\" href=\"https:\/\/www.amazon.es\/dp\/B076H7ZYBZ?tag=amazon087683-21&amp;th=1\" target=\"_blank\" rel=\"nofollow noopener\">Martina Home Emilia &#8211; Elastischer Bezug f\u00ed\u00bcr Sofa, Marfil, 3 Pl\u00ed\u00a4tze (170 bis 220 cm)<\/a><\/td>\n<td>33 \u20ac<\/td>\n<td>7 \u20ac<\/td>\n<\/tr>\n<tr>\n<td>AMAZON<\/td>\n<td><a class=\"ljoptimizer\" href=\"https:\/\/www.amazon.es\/dp\/B07BBD68MN?tag=amazon087683-21&amp;th=1\" target=\"_blank\" rel=\"nofollow noopener\">Deco 79 CosmoLiving by Cosmopolitan Kleiner Metallabfallbeh\u00ed\u00a4lter mit lasergeschnitztem Blumenmuster, 9&#8243; x 9&#8243; x 10&#8243;, Gold<\/a><\/td>\n<td>33 \u20ac<\/td>\n<td>7 \u20ac<\/td>\n<\/tr>\n<tr>\n<td>AMAZON<\/td>\n<td><a class=\"ljoptimizer\" href=\"https:\/\/www.amazon.es\/dp\/B0C5HFVQGC?tag=amazon087683-21&amp;th=1\" target=\"_blank\" rel=\"nofollow noopener\">Carvapet Fundas Sof\u00e1s Impermeable Fundas de Sof\u00e1 Protector de Mascotas Perros Gatos Antideslizante Cubre Sof\u00e1 Protector de Muebles(Gris,4 Plaza)<\/a><\/td>\n<td>33 \u20ac<\/td>\n<td>7 \u20ac<\/td>\n<\/tr>\n<tr>\n<td>AMAZON<\/td>\n<td><a class=\"ljoptimizer\" href=\"https:\/\/www.amazon.es\/dp\/B0CBR7B6TG?tag=amazon087683-21&amp;th=1\" target=\"_blank\" rel=\"nofollow noopener\">CAHAYA Beamer St\u00ed\u00a4nder Projektor Halterung Multifunktionaler Bodenst\u00ed\u00a4nder f\u00ed\u00bcr Laptop St\u00ed\u00a4nder Projektor Kamera mit verstellbarer H\u00ed\u00b6he f\u00ed\u00bcr Outdoor-Filme, Computer CY0331-1<\/a><\/td>\n<td>30 \u20ac<\/td>\n<td>6 \u20ac<\/td>\n<\/tr>\n<tr>\n<td>AMAZON<\/td>\n<td><a class=\"ljoptimizer\" href=\"https:\/\/www.amazon.es\/dp\/B0CPPGPH7H?tag=amazon087683-21&amp;th=1\" target=\"_blank\" rel=\"nofollow noopener\">PONY DANCE Cortinas Infantiles Ni\u00f1a Cortinas Opacas de Tul Cortinas Dormitorio Juvenil Cortina de Doble Capa Cortinas Salon con Ojales Cortinas Habitacion, 2 Piezas, 132&#215;213 CM, Rosa Claro<\/a><\/td>\n<td>25 \u20ac<\/td>\n<td>5 \u20ac<\/td>\n<\/tr>\n<tr>\n<td>AMAZON<\/td>\n<td><a class=\"ljoptimizer\" href=\"https:\/\/www.amazon.es\/dp\/B006FSW1YO?tag=amazon087683-21&amp;th=1\" target=\"_blank\" rel=\"nofollow noopener\">Puckator ANGP09 Porte-Bougie Ange Debout 23 cm, Cr\u00ed\u00a8me<\/a><\/td>\n<td>24 \u20ac<\/td>\n<td>5 \u20ac<\/td>\n<\/tr>\n<tr>\n<td>AMAZON<\/td>\n<td><a class=\"ljoptimizer\" href=\"https:\/\/www.amazon.es\/dp\/B0963GWJPR?tag=amazon087683-21&amp;th=1\" target=\"_blank\" rel=\"nofollow noopener\">AIKE Dispensador de jab\u00f3n autom\u00e1tico de Acero Inoxidable, 280 ml, Recargable por USB, dispensador de jab\u00f3n de Manos sin Contacto, l\u00ed\u00adquido para ba\u00f1o y Cocina<\/a><\/td>\n<td>24 \u20ac<\/td>\n<td>5 \u20ac<\/td>\n<\/tr>\n<tr>\n<td>AMAZON<\/td>\n<td><a class=\"ljoptimizer\" href=\"https:\/\/www.amazon.es\/dp\/B0797JRDZF?tag=amazon087683-21&amp;th=1\" target=\"_blank\" rel=\"nofollow noopener\">Stof &#8211; Rideau Duo Uni 135X240 CM, Moutarde, 135 x 240 cm<\/a><\/td>\n<td>23 \u20ac<\/td>\n<td>5 \u20ac<\/td>\n<\/tr>\n<tr>\n<td>AMAZON<\/td>\n<td><a class=\"ljoptimizer\" href=\"https:\/\/www.amazon.es\/dp\/B0797JRDZF?tag=amazon087683-21&amp;th=1\" target=\"_blank\" rel=\"nofollow noopener\">Stof &#8211; Rideau Duo Uni 135X240 CM, Moutarde, 135 x 240 cm<\/a><\/td>\n<td>23 \u20ac<\/td>\n<td>5 \u20ac<\/td>\n<\/tr>\n<tr>\n<td>AMAZON<\/td>\n<td><a class=\"ljoptimizer\" href=\"https:\/\/www.amazon.es\/dp\/B08WZ2TCXN?tag=amazon087683-21&amp;th=1\" target=\"_blank\" rel=\"nofollow noopener\">Mebus 25628 Alarm Clock Analog Despertadores electr\u00f3nicos, Multicolor, \u00ed\u0161nico<\/a><\/td>\n<td>20 \u20ac<\/td>\n<td>4 \u20ac<\/td>\n<\/tr>\n<tr>\n<td>AMAZON<\/td>\n<td><a class=\"ljoptimizer\" href=\"https:\/\/www.amazon.es\/dp\/B017IUJA50?tag=amazon087683-21&amp;th=1\" target=\"_blank\" rel=\"nofollow noopener\">BEPER 90.920G Calientaplatos El\u00e9ctrico Port\u00e1til,2 Recipientes Extra\u00ed\u00adbles, Cubiertos Incluidos, 220V, Amarillo<\/a><\/td>\n<td>20 \u20ac<\/td>\n<td>4 \u20ac<\/td>\n<\/tr>\n<tr>\n<td>AMAZON<\/td>\n<td><a class=\"ljoptimizer\" href=\"https:\/\/www.amazon.es\/dp\/B09HKVQRHY?tag=amazon087683-21&amp;th=1\" target=\"_blank\" rel=\"nofollow noopener\">Draeger Paris &#8211; Calabaza de acero inoxidable para ni\u00f1o &#8211; Pirates<\/a><\/td>\n<td>20 \u20ac<\/td>\n<td>4 \u20ac<\/td>\n<\/tr>\n<tr>\n<td>AMAZON<\/td>\n<td><a class=\"ljoptimizer\" href=\"https:\/\/www.amazon.es\/dp\/B0BG7N7PKZ?tag=amazon087683-21&amp;th=1\" target=\"_blank\" rel=\"nofollow noopener\">PETKIT EVERSWEET Fuente Autom\u00e1tica para Gatos 1,85L, Bomba de Agua Inal\u00e1mbrica, Bebedero Ultra Silencioso, 35dB con Luz LED Inteligente, Unidad de Filtrado 3.00<\/a><\/td>\n<td>18 \u20ac<\/td>\n<td>4 \u20ac<\/td>\n<\/tr>\n<tr>\n<td>AMAZON<\/td>\n<td><a class=\"ljoptimizer\" href=\"https:\/\/www.amazon.es\/dp\/B0D41W39TP?tag=amazon087683-21&amp;th=1\" target=\"_blank\" rel=\"nofollow noopener\">Todocama \u00e2\u20ac\u201c Juego de S\u00e1banas de 4 Piezas &#8211; 5003 &#8211; S\u00e1bana Bajera Ajustable &#8211; Encimera &#8211; Dos Fundas de Almohada de 50x80cm. (Cama 90&#215;190\/200 cm, Azul Gris\u00e1ceo)<\/a><\/td>\n<td>17 \u20ac<\/td>\n<td>3 \u20ac<\/td>\n<\/tr>\n<tr>\n<td>AMAZON<\/td>\n<td><a class=\"ljoptimizer\" href=\"https:\/\/www.amazon.es\/dp\/B09QGLCN2P?tag=amazon087683-21&amp;th=1\" target=\"_blank\" rel=\"nofollow noopener\">Todocama \u00e2\u20ac\u201c Protector de colch\u00f3n Acolchado anti\u00e1caros con Membrana Transpirable e Impermeable y Tratamiento Sanitario. (Cama 90 x 190\/200 cm) Blanco<\/a><\/td>\n<td>16 \u20ac<\/td>\n<td>3 \u20ac<\/td>\n<\/tr>\n<tr>\n<td>AMAZON<\/td>\n<td><a class=\"ljoptimizer\" href=\"https:\/\/www.amazon.es\/dp\/B07QX6SPKD?tag=amazon087683-21&amp;th=1\" target=\"_blank\" rel=\"nofollow noopener\">Bialetti Botella t\u00e9rmica To Go con tapa de taza (doble pared), mantiene el calor durante 12 horas y el fr\u00ed\u00ado durante 24 horas, capacidad de 460 ml, gris, gris oscuro<\/a><\/td>\n<td>16 \u20ac<\/td>\n<td>3 \u20ac<\/td>\n<\/tr>\n<tr>\n<td>AMAZON<\/td>\n<td><a class=\"ljoptimizer\" href=\"https:\/\/www.amazon.es\/dp\/B07DP89WRN?tag=amazon087683-21&amp;th=1\" target=\"_blank\" rel=\"nofollow noopener\">Amago &#8211; Oreiller de C\u00e9r\u00e9ales avec Housse en Jersey, 50 x 20 cm &#8211; Argent<\/a><\/td>\n<td>15 \u20ac<\/td>\n<td>3 \u20ac<\/td>\n<\/tr>\n<tr>\n<td>AMAZON<\/td>\n<td><a class=\"ljoptimizer\" href=\"https:\/\/www.amazon.es\/dp\/B07P8WK89K?tag=amazon087683-21&amp;th=1\" target=\"_blank\" rel=\"nofollow noopener\">Villeroy &amp; Boch \u00e2\u20ac\u201c Manufacture Rock Becher L, gro\u00ed\u0178e Tasse, Doppelwandiger Becher f\u00ed\u00bcr Kaffee, Tee, Cappuccino und Hei\u00ed\u0178getr\u00ed\u00a4nke, Sp\u00ed\u00bclmaschinengeeignet, Klar<\/a><\/td>\n<td>13 \u20ac<\/td>\n<td>3 \u20ac<\/td>\n<\/tr>\n<tr>\n<td>AMAZON<\/td>\n<td><a class=\"ljoptimizer\" href=\"https:\/\/www.amazon.es\/dp\/B0CQ2VK5WR?tag=amazon087683-21&amp;th=1\" target=\"_blank\" rel=\"nofollow noopener\">Relaxdays Kerzen Deko, Set mit Dekotablett, 4 Teelichthaltern &amp; Sand, Tischdeko Wohnzimmer, Deko-Teelichter, grau\/wei\u00ed\u0178<\/a><\/td>\n<td>13 \u20ac<\/td>\n<td>3 \u20ac<\/td>\n<\/tr>\n<tr>\n<td>AMAZON<\/td>\n<td><a class=\"ljoptimizer\" href=\"https:\/\/www.amazon.es\/dp\/B091DJ7BS3?tag=amazon087683-21&amp;th=1\" target=\"_blank\" rel=\"nofollow noopener\">NeuWee Botas Protectoras para Perros, 4 Piezas Zapatos Impermeables para Perros con Correas Reflectantes, Zapatos Antideslizantes para Perros Peque\u00f1os Medianos y Grandes<\/a><\/td>\n<td>12 \u20ac<\/td>\n<td>2 \u20ac<\/td>\n<\/tr>\n<tr>\n<td>AMAZON<\/td>\n<td><a class=\"ljoptimizer\" href=\"https:\/\/www.amazon.es\/dp\/B0CHV7PSKQ?tag=amazon087683-21&amp;th=1\" target=\"_blank\" rel=\"nofollow noopener\">Homebliss Fundas Sillas de Comedor Pack 4 in Terciopelo Extensible, Fundas para Sillas El\u00e1stico Universal Ajustables,S\u00faper Suave C\u00f3modo Antiara\u00f1azos Borgo\u00f1a<\/a><\/td>\n<td>12 \u20ac<\/td>\n<td>2 \u20ac<\/td>\n<\/tr>\n<tr>\n<td>AMAZON<\/td>\n<td><a class=\"ljoptimizer\" href=\"https:\/\/www.amazon.es\/dp\/B01IVVBS7I?tag=amazon087683-21&amp;th=1\" target=\"_blank\" rel=\"nofollow noopener\">Amazon Basics 2 Unidad Juego con Funda de edred\u00f3n, en Microfibra, 135x200cm\/50x80cmx1, Azul Marino, S\u00f3lido<\/a><\/td>\n<td>12 \u20ac<\/td>\n<td>2 \u20ac<\/td>\n<\/tr>\n<tr>\n<td>AMAZON<\/td>\n<td><a class=\"ljoptimizer\" href=\"https:\/\/www.amazon.es\/dp\/B0D6BM6MQL?tag=amazon087683-21&amp;th=1\" target=\"_blank\" rel=\"nofollow noopener\">Alyvisun Salvadanaio in Legno, Salvadanaio \u00e2\u201a\u00ac5000 con Adesivi e Pennarello, Riutilizzabile Salvadanaio Conta Soldi Cash Box con Obiettivo di Risparmio e Numeri 500\u00e2\u201a\u00ac-10000\u00e2\u201a\u00ac per Bambini e Adulti<\/a><\/td>\n<td>10 \u20ac<\/td>\n<td>2 \u20ac<\/td>\n<\/tr>\n<tr>\n<td>AMAZON<\/td>\n<td><a class=\"ljoptimizer\" href=\"https:\/\/www.amazon.es\/dp\/B0DCC7XRDR?tag=amazon087683-21&amp;th=1\" target=\"_blank\" rel=\"nofollow noopener\">Hallmark Adorno Colgante de Pastel Rosa de Harry Potter, Adorno Colgante de Pastel de 11 cumplea\u00f1os, decoraci\u00f3n de \u00e1rbol, Adorno Colgante de Resina, Adorno Colgante de Navidad, Regalos para Navidad<\/a><\/td>\n<td>9 \u20ac<\/td>\n<td>2 \u20ac<\/td>\n<\/tr>\n<tr>\n<td>AMAZON<\/td>\n<td><a class=\"ljoptimizer\" href=\"https:\/\/www.amazon.es\/dp\/B08QMYX4C5?tag=amazon087683-21&amp;th=1\" target=\"_blank\" rel=\"nofollow noopener\">Luces Solares LED Exterior Jardin,2 Pack Guirnaldas Luces Exterior Solar 240LED 24M Impermeables Cadena de Luces Decoracion para Jard\u00ed\u00adn, Dormitorio, Muebles, Patio, Terraza, Balc\u00f3n, Fiestas, Bodas<\/a><\/td>\n<td>9 \u20ac<\/td>\n<td>2 \u20ac<\/td>\n<\/tr>\n<tr>\n<td>AMAZON<\/td>\n<td><a class=\"ljoptimizer\" href=\"https:\/\/www.amazon.es\/dp\/B0056ZPF5O?tag=amazon087683-21&amp;th=1\" target=\"_blank\" rel=\"nofollow noopener\">IBILI Stielkasserolle konisch 12 cm aus emailliertem Stahl in braun<\/a><\/td>\n<td>7 \u20ac<\/td>\n<td>2 \u20ac<\/td>\n<\/tr>\n<tr>\n<td>AMAZON<\/td>\n<td><a class=\"ljoptimizer\" href=\"https:\/\/www.amazon.es\/dp\/B0B6RWXXTQ?tag=amazon087683-21&amp;th=1\" target=\"_blank\" rel=\"nofollow noopener\">M Ledme &#8211; Projecteur LED Napoli 20W, 2.400 lumens, IP65 dimmable, couleur de la lumi\u00ed\u00a8re froide (6000K), \u00e9clairage ext\u00e9rieur, utilisation pour jardin, patios, parking, h\u00ed\u00b4tel, hangars, etc.<\/a><\/td>\n<td>7 \u20ac<\/td>\n<td>1 \u20ac<\/td>\n<\/tr>\n<\/tbody>\n<\/table>\n","protected":false},"excerpt":{"rendered":"<p>Caja de Hogar sin revisar procedente de Amazon Devoluciones<\/p>\n<ul>\n<li>N\u00famero de productos: 29<\/li>\n<li>Valor aproximado: 565.00<\/li>\n<li>Porcentaje que se paga: 16% + IVA<\/li>\n<li>Tiempo de entrega estimado: 3 a 7 d\u00edas<\/li>\n<\/ul>\n<p>*Los precios incluyen IVA<\/p>\n","protected":false},"featured_media":88013,"template":"","meta":{"site-sidebar-layout":"default","site-content-layout":"","ast-site-content-layout":"default","site-content-style":"default","site-sidebar-style":"default","ast-global-header-display":"","ast-banner-title-visibility":"","ast-main-header-display":"","ast-hfb-above-header-display":"","ast-hfb-below-header-display":"","ast-hfb-mobile-header-display":"","site-post-title":"","ast-breadcrumbs-content":"","ast-featured-img":"","footer-sml-layout":"","ast-disable-related-posts":"","theme-transparent-header-meta":"default","adv-header-id-meta":"","stick-header-meta":"","header-above-stick-meta":"","header-main-stick-meta":"","header-below-stick-meta":"","astra-migrate-meta-layouts":"set","ast-page-background-enabled":"default","ast-page-background-meta":{"desktop":{"background-color":"var(--ast-global-color-4)","background-image":"","background-repeat":"repeat","background-position":"center center","background-size":"auto","background-attachment":"scroll","background-type":"","background-media":"","overlay-type":"","overlay-color":"","overlay-opacity":"","overlay-gradient":""},"tablet":{"background-color":"","background-image":"","background-repeat":"repeat","background-position":"center center","background-size":"auto","background-attachment":"scroll","background-type":"","background-media":"","overlay-type":"","overlay-color":"","overlay-opacity":"","overlay-gradient":""},"mobile":{"background-color":"","background-image":"","background-repeat":"repeat","background-position":"center center","background-size":"auto","background-attachment":"scroll","background-type":"","background-media":"","overlay-type":"","overlay-color":"","overlay-opacity":"","overlay-gradient":""}},"ast-content-background-meta":{"desktop":{"background-color":"var(--ast-global-color-5)","background-image":"","background-repeat":"repeat","background-position":"center center","background-size":"auto","background-attachment":"scroll","background-type":"","background-media":"","overlay-type":"","overlay-color":"","overlay-opacity":"","overlay-gradient":""},"tablet":{"background-color":"var(--ast-global-color-5)","background-image":"","background-repeat":"repeat","background-position":"center center","background-size":"auto","background-attachment":"scroll","background-type":"","background-media":"","overlay-type":"","overlay-color":"","overlay-opacity":"","overlay-gradient":""},"mobile":{"background-color":"var(--ast-global-color-5)","background-image":"","background-repeat":"repeat","background-position":"center center","background-size":"auto","background-attachment":"scroll","background-type":"","background-media":"","overlay-type":"","overlay-color":"","overlay-opacity":"","overlay-gradient":""}}},"product_brand":[],"product_cat":[49,43],"product_tag":[],"class_list":{"0":"post-87553","1":"product","2":"type-product","3":"status-publish","4":"has-post-thumbnail","6":"product_cat-cajas","7":"product_cat-hogar","8":"desktop-align-left","9":"tablet-align-left","10":"mobile-align-left","12":"first","13":"instock","14":"sale","15":"downloadable","16":"taxable","17":"shipping-taxable","18":"purchasable","19":"product-type-simple"},"yoast_head":"<!-- This site is optimized with the Yoast SEO plugin v27.2 - https:\/\/yoast.com\/product\/yoast-seo-wordpress\/ -->\n<title>Caja de Hogar [29 productos] (spInD12pUyy) - Comprardevoluciones - Tu tienda de Devoluciones de Amazon<\/title>\n<meta name=\"robots\" content=\"noindex, follow\" \/>\n<meta property=\"og:locale\" content=\"pt_PT\" \/>\n<meta property=\"og:type\" content=\"article\" \/>\n<meta property=\"og:title\" content=\"Caja de Hogar [29 productos] (spInD12pUyy) - Comprardevoluciones - Tu tienda de Devoluciones de Amazon\" \/>\n<meta property=\"og:description\" content=\"Caja de Hogar sin revisar procedente de Amazon Devoluciones   N\u00famero de productos: 29  Valor aproximado: 565.00  Porcentaje que se paga: 16% + IVA  Tiempo de entrega estimado: 3 a 7 d\u00edas  *Los precios incluyen IVA\" \/>\n<meta property=\"og:url\" content=\"https:\/\/comprardevoluciones.com\/producto\/spind12puyy\/\" \/>\n<meta property=\"og:site_name\" content=\"Comprardevoluciones - Tu tienda de Devoluciones de Amazon\" \/>\n<meta property=\"og:image\" content=\"https:\/\/comprardevoluciones.com\/wp-content\/uploads\/2024\/12\/spInD12pUyy.jpg\" \/>\n\t<meta property=\"og:image:width\" content=\"700\" \/>\n\t<meta property=\"og:image:height\" content=\"700\" \/>\n\t<meta property=\"og:image:type\" content=\"image\/jpeg\" \/>\n<meta name=\"twitter:card\" content=\"summary_large_image\" \/>\n<meta name=\"twitter:label1\" content=\"Tempo estimado de leitura\" \/>\n\t<meta name=\"twitter:data1\" content=\"4 minutos\" \/>\n<script type=\"application\/ld+json\" class=\"yoast-schema-graph\">{\"@context\":\"https:\/\/schema.org\",\"@graph\":[{\"@type\":\"WebPage\",\"@id\":\"https:\/\/comprardevoluciones.com\/producto\/spind12puyy\/\",\"url\":\"https:\/\/comprardevoluciones.com\/producto\/spind12puyy\/\",\"name\":\"Caja de Hogar [29 productos] (spInD12pUyy) - Comprardevoluciones - Tu tienda de Devoluciones de Amazon\",\"isPartOf\":{\"@id\":\"https:\/\/comprardevoluciones.com\/#website\"},\"primaryImageOfPage\":{\"@id\":\"https:\/\/comprardevoluciones.com\/producto\/spind12puyy\/#primaryimage\"},\"image\":{\"@id\":\"https:\/\/comprardevoluciones.com\/producto\/spind12puyy\/#primaryimage\"},\"thumbnailUrl\":\"https:\/\/comprardevoluciones.com\/wp-content\/uploads\/2024\/12\/spInD12pUyy.jpg\",\"datePublished\":\"2026-03-23T10:00:06+00:00\",\"breadcrumb\":{\"@id\":\"https:\/\/comprardevoluciones.com\/producto\/spind12puyy\/#breadcrumb\"},\"inLanguage\":\"pt-PT\",\"potentialAction\":[{\"@type\":\"ReadAction\",\"target\":[\"https:\/\/comprardevoluciones.com\/producto\/spind12puyy\/\"]}]},{\"@type\":\"ImageObject\",\"inLanguage\":\"pt-PT\",\"@id\":\"https:\/\/comprardevoluciones.com\/producto\/spind12puyy\/#primaryimage\",\"url\":\"https:\/\/comprardevoluciones.com\/wp-content\/uploads\/2024\/12\/spInD12pUyy.jpg\",\"contentUrl\":\"https:\/\/comprardevoluciones.com\/wp-content\/uploads\/2024\/12\/spInD12pUyy.jpg\",\"width\":700,\"height\":700},{\"@type\":\"BreadcrumbList\",\"@id\":\"https:\/\/comprardevoluciones.com\/producto\/spind12puyy\/#breadcrumb\",\"itemListElement\":[{\"@type\":\"ListItem\",\"position\":1,\"name\":\"Portada\",\"item\":\"https:\/\/comprardevoluciones.com\/\"},{\"@type\":\"ListItem\",\"position\":2,\"name\":\"Loja\",\"item\":\"https:\/\/comprardevoluciones.com\/tienda\/\"},{\"@type\":\"ListItem\",\"position\":3,\"name\":\"Caja de Hogar [29 productos] (spInD12pUyy)\"}]},{\"@type\":\"WebSite\",\"@id\":\"https:\/\/comprardevoluciones.com\/#website\",\"url\":\"https:\/\/comprardevoluciones.com\/\",\"name\":\"Comprardevoluciones - Tu tienda de Devoluciones de Amazon\",\"description\":\"Consigue Stock en buen estado a un precio imbatible\",\"potentialAction\":[{\"@type\":\"SearchAction\",\"target\":{\"@type\":\"EntryPoint\",\"urlTemplate\":\"https:\/\/comprardevoluciones.com\/?s={search_term_string}\"},\"query-input\":{\"@type\":\"PropertyValueSpecification\",\"valueRequired\":true,\"valueName\":\"search_term_string\"}}],\"inLanguage\":\"pt-PT\"}]}<\/script>\n<!-- \/ Yoast SEO plugin. -->","yoast_head_json":{"title":"Caja de Hogar [29 productos] (spInD12pUyy) - Comprardevoluciones - Tu tienda de Devoluciones de Amazon","robots":{"index":"noindex","follow":"follow"},"og_locale":"pt_PT","og_type":"article","og_title":"Caja de Hogar [29 productos] (spInD12pUyy) - Comprardevoluciones - Tu tienda de Devoluciones de Amazon","og_description":"Caja de Hogar sin revisar procedente de Amazon Devoluciones   N\u00famero de productos: 29  Valor aproximado: 565.00  Porcentaje que se paga: 16% + IVA  Tiempo de entrega estimado: 3 a 7 d\u00edas  *Los precios incluyen IVA","og_url":"https:\/\/comprardevoluciones.com\/producto\/spind12puyy\/","og_site_name":"Comprardevoluciones - Tu tienda de Devoluciones de Amazon","og_image":[{"width":700,"height":700,"url":"https:\/\/comprardevoluciones.com\/wp-content\/uploads\/2024\/12\/spInD12pUyy.jpg","type":"image\/jpeg"}],"twitter_card":"summary_large_image","twitter_misc":{"Tempo estimado de leitura":"4 minutos"},"schema":{"@context":"https:\/\/schema.org","@graph":[{"@type":"WebPage","@id":"https:\/\/comprardevoluciones.com\/producto\/spind12puyy\/","url":"https:\/\/comprardevoluciones.com\/producto\/spind12puyy\/","name":"Caja de Hogar [29 productos] (spInD12pUyy) - Comprardevoluciones - Tu tienda de Devoluciones de Amazon","isPartOf":{"@id":"https:\/\/comprardevoluciones.com\/#website"},"primaryImageOfPage":{"@id":"https:\/\/comprardevoluciones.com\/producto\/spind12puyy\/#primaryimage"},"image":{"@id":"https:\/\/comprardevoluciones.com\/producto\/spind12puyy\/#primaryimage"},"thumbnailUrl":"https:\/\/comprardevoluciones.com\/wp-content\/uploads\/2024\/12\/spInD12pUyy.jpg","datePublished":"2026-03-23T10:00:06+00:00","breadcrumb":{"@id":"https:\/\/comprardevoluciones.com\/producto\/spind12puyy\/#breadcrumb"},"inLanguage":"pt-PT","potentialAction":[{"@type":"ReadAction","target":["https:\/\/comprardevoluciones.com\/producto\/spind12puyy\/"]}]},{"@type":"ImageObject","inLanguage":"pt-PT","@id":"https:\/\/comprardevoluciones.com\/producto\/spind12puyy\/#primaryimage","url":"https:\/\/comprardevoluciones.com\/wp-content\/uploads\/2024\/12\/spInD12pUyy.jpg","contentUrl":"https:\/\/comprardevoluciones.com\/wp-content\/uploads\/2024\/12\/spInD12pUyy.jpg","width":700,"height":700},{"@type":"BreadcrumbList","@id":"https:\/\/comprardevoluciones.com\/producto\/spind12puyy\/#breadcrumb","itemListElement":[{"@type":"ListItem","position":1,"name":"Portada","item":"https:\/\/comprardevoluciones.com\/"},{"@type":"ListItem","position":2,"name":"Loja","item":"https:\/\/comprardevoluciones.com\/tienda\/"},{"@type":"ListItem","position":3,"name":"Caja de Hogar [29 productos] (spInD12pUyy)"}]},{"@type":"WebSite","@id":"https:\/\/comprardevoluciones.com\/#website","url":"https:\/\/comprardevoluciones.com\/","name":"Comprardevoluciones - Tu tienda de Devoluciones de Amazon","description":"Consigue Stock en buen estado a un precio imbatible","potentialAction":[{"@type":"SearchAction","target":{"@type":"EntryPoint","urlTemplate":"https:\/\/comprardevoluciones.com\/?s={search_term_string}"},"query-input":{"@type":"PropertyValueSpecification","valueRequired":true,"valueName":"search_term_string"}}],"inLanguage":"pt-PT"}]}},"_links":{"self":[{"href":"https:\/\/comprardevoluciones.com\/pt-pt\/wp-json\/wp\/v2\/product\/87553","targetHints":{"allow":["GET"]}}],"collection":[{"href":"https:\/\/comprardevoluciones.com\/pt-pt\/wp-json\/wp\/v2\/product"}],"about":[{"href":"https:\/\/comprardevoluciones.com\/pt-pt\/wp-json\/wp\/v2\/types\/product"}],"wp:featuredmedia":[{"embeddable":true,"href":"https:\/\/comprardevoluciones.com\/pt-pt\/wp-json\/wp\/v2\/media\/88013"}],"wp:attachment":[{"href":"https:\/\/comprardevoluciones.com\/pt-pt\/wp-json\/wp\/v2\/media?parent=87553"}],"wp:term":[{"taxonomy":"product_brand","embeddable":true,"href":"https:\/\/comprardevoluciones.com\/pt-pt\/wp-json\/wp\/v2\/product_brand?post=87553"},{"taxonomy":"product_cat","embeddable":true,"href":"https:\/\/comprardevoluciones.com\/pt-pt\/wp-json\/wp\/v2\/product_cat?post=87553"},{"taxonomy":"product_tag","embeddable":true,"href":"https:\/\/comprardevoluciones.com\/pt-pt\/wp-json\/wp\/v2\/product_tag?post=87553"}],"curies":[{"name":"wp","href":"https:\/\/api.w.org\/{rel}","templated":true}]}}